{"id":19227,"date":"2026-05-03T14:03:12","date_gmt":"2026-05-03T14:03:12","guid":{"rendered":"https:\/\/origin.kasafik.cz\/web\/?post_type=product&#038;p=19227"},"modified":"2026-05-03T14:04:41","modified_gmt":"2026-05-03T14:04:41","slug":"stojan-na-bezobsluzny-terminal","status":"publish","type":"product","link":"https:\/\/www.kasafik.cz\/web\/produkt\/stojan-na-bezobsluzny-terminal\/","title":{"rendered":"Stojan na bezobslu\u017en\u00fd termin\u00e1l"},"content":{"rendered":"<p>D\u0159ev\u011bn\u00fd stojan pro platebn\u00ed termin\u00e1l ke k\u00e1vov\u00fdm automat\u016fm. Z\u00e1kladna z luxusn\u00edho kamene, profesion\u00e1ln\u00ed proveden\u00ed. Kompatibiln\u00ed s platebn\u00edmi termin\u00e1ly KASA PAY.<\/p>\n","protected":false},"excerpt":{"rendered":"<p>D\u0159ev\u011bn\u00fd stojan pro platebn\u00ed termin\u00e1l<\/p>\n","protected":false},"featured_media":19228,"comment_status":"closed","ping_status":"closed","template":"","meta":[],"product_brand":[],"product_cat":[218],"product_tag":[],"class_list":{"0":"post-19227","1":"product","2":"type-product","3":"status-publish","4":"has-post-thumbnail","6":"product_cat-prislusenstvi","8":"first","9":"instock","10":"taxable","11":"shipping-taxable","12":"purchasable","13":"product-type-simple"},"yoast_head":"<!-- This site is optimized with the Yoast SEO plugin v27.4 - https:\/\/yoast.com\/product\/yoast-seo-wordpress\/ -->\n<title>Stojan na bezobslu\u017en\u00fd termin\u00e1l - KASA FIK<\/title>\n<meta name=\"robots\" content=\"index, follow, max-snippet:-1, max-image-preview:large, max-video-preview:-1\" \/>\n<link rel=\"canonical\" href=\"https:\/\/www.kasafik.cz\/web\/produkt\/stojan-na-bezobsluzny-terminal\/\" \/>\n<meta property=\"og:locale\" content=\"cs_CZ\" \/>\n<meta property=\"og:type\" content=\"article\" \/>\n<meta property=\"og:title\" content=\"Stojan na bezobslu\u017en\u00fd termin\u00e1l - KASA FIK\" \/>\n<meta property=\"og:description\" content=\"D\u0159ev\u011bn\u00fd stojan pro platebn\u00ed termin\u00e1l\" \/>\n<meta property=\"og:url\" content=\"https:\/\/www.kasafik.cz\/web\/produkt\/stojan-na-bezobsluzny-terminal\/\" \/>\n<meta property=\"og:site_name\" content=\"KASA FIK\" \/>\n<meta property=\"article:modified_time\" content=\"2026-05-03T14:04:41+00:00\" \/>\n<meta property=\"og:image\" content=\"https:\/\/origin.kasafik.cz\/web\/wp-content\/uploads\/2026\/05\/unattended-stand.png\" \/>\n\t<meta property=\"og:image:width\" content=\"1526\" \/>\n\t<meta property=\"og:image:height\" content=\"1526\" \/>\n\t<meta property=\"og:image:type\" content=\"image\/png\" \/>\n<meta name=\"twitter:card\" content=\"summary_large_image\" \/>\n<meta name=\"twitter:label1\" content=\"Odhadovan\u00e1 doba \u010dten\u00ed\" \/>\n\t<meta name=\"twitter:data1\" content=\"1 minuta\" \/>\n<script type=\"application\/ld+json\" class=\"yoast-schema-graph\">{\"@context\":\"https:\\\/\\\/schema.org\",\"@graph\":[{\"@type\":\"WebPage\",\"@id\":\"https:\\\/\\\/www.kasafik.cz\\\/web\\\/produkt\\\/stojan-na-bezobsluzny-terminal\\\/\",\"url\":\"https:\\\/\\\/www.kasafik.cz\\\/web\\\/produkt\\\/stojan-na-bezobsluzny-terminal\\\/\",\"name\":\"Stojan na bezobslu\u017en\u00fd termin\u00e1l - KASA FIK\",\"isPartOf\":{\"@id\":\"https:\\\/\\\/www.kasafik.cz\\\/web\\\/#website\"},\"primaryImageOfPage\":{\"@id\":\"https:\\\/\\\/www.kasafik.cz\\\/web\\\/produkt\\\/stojan-na-bezobsluzny-terminal\\\/#primaryimage\"},\"image\":{\"@id\":\"https:\\\/\\\/www.kasafik.cz\\\/web\\\/produkt\\\/stojan-na-bezobsluzny-terminal\\\/#primaryimage\"},\"thumbnailUrl\":\"https:\\\/\\\/www.kasafik.cz\\\/web\\\/wp-content\\\/uploads\\\/2026\\\/05\\\/unattended-stand.png\",\"datePublished\":\"2026-05-03T14:03:12+00:00\",\"dateModified\":\"2026-05-03T14:04:41+00:00\",\"breadcrumb\":{\"@id\":\"https:\\\/\\\/www.kasafik.cz\\\/web\\\/produkt\\\/stojan-na-bezobsluzny-terminal\\\/#breadcrumb\"},\"inLanguage\":\"cs\",\"potentialAction\":[{\"@type\":\"ReadAction\",\"target\":[\"https:\\\/\\\/www.kasafik.cz\\\/web\\\/produkt\\\/stojan-na-bezobsluzny-terminal\\\/\"]}]},{\"@type\":\"ImageObject\",\"inLanguage\":\"cs\",\"@id\":\"https:\\\/\\\/www.kasafik.cz\\\/web\\\/produkt\\\/stojan-na-bezobsluzny-terminal\\\/#primaryimage\",\"url\":\"https:\\\/\\\/www.kasafik.cz\\\/web\\\/wp-content\\\/uploads\\\/2026\\\/05\\\/unattended-stand.png\",\"contentUrl\":\"https:\\\/\\\/www.kasafik.cz\\\/web\\\/wp-content\\\/uploads\\\/2026\\\/05\\\/unattended-stand.png\",\"width\":1526,\"height\":1526},{\"@type\":\"BreadcrumbList\",\"@id\":\"https:\\\/\\\/www.kasafik.cz\\\/web\\\/produkt\\\/stojan-na-bezobsluzny-terminal\\\/#breadcrumb\",\"itemListElement\":[{\"@type\":\"ListItem\",\"position\":1,\"name\":\"Home\",\"item\":\"https:\\\/\\\/www.kasafik.cz\\\/web\\\/cs\\\/\"},{\"@type\":\"ListItem\",\"position\":2,\"name\":\"Shop\",\"item\":\"https:\\\/\\\/www.kasafik.cz\\\/web\\\/cs\\\/shop\\\/\"},{\"@type\":\"ListItem\",\"position\":3,\"name\":\"Stojan na bezobslu\u017en\u00fd termin\u00e1l\"}]},{\"@type\":\"WebSite\",\"@id\":\"https:\\\/\\\/www.kasafik.cz\\\/web\\\/#website\",\"url\":\"https:\\\/\\\/www.kasafik.cz\\\/web\\\/\",\"name\":\"KASA FIK\",\"description\":\"\",\"potentialAction\":[{\"@type\":\"SearchAction\",\"target\":{\"@type\":\"EntryPoint\",\"urlTemplate\":\"https:\\\/\\\/www.kasafik.cz\\\/web\\\/?s={search_term_string}\"},\"query-input\":{\"@type\":\"PropertyValueSpecification\",\"valueRequired\":true,\"valueName\":\"search_term_string\"}}],\"inLanguage\":\"cs\"}]}<\/script>\n<!-- \/ Yoast SEO plugin. -->","yoast_head_json":{"title":"Stojan na bezobslu\u017en\u00fd termin\u00e1l - KASA FIK","robots":{"index":"index","follow":"follow","max-snippet":"max-snippet:-1","max-image-preview":"max-image-preview:large","max-video-preview":"max-video-preview:-1"},"canonical":"https:\/\/www.kasafik.cz\/web\/produkt\/stojan-na-bezobsluzny-terminal\/","og_locale":"cs_CZ","og_type":"article","og_title":"Stojan na bezobslu\u017en\u00fd termin\u00e1l - KASA FIK","og_description":"D\u0159ev\u011bn\u00fd stojan pro platebn\u00ed termin\u00e1l","og_url":"https:\/\/www.kasafik.cz\/web\/produkt\/stojan-na-bezobsluzny-terminal\/","og_site_name":"KASA FIK","article_modified_time":"2026-05-03T14:04:41+00:00","og_image":[{"width":1526,"height":1526,"url":"https:\/\/origin.kasafik.cz\/web\/wp-content\/uploads\/2026\/05\/unattended-stand.png","type":"image\/png"}],"twitter_card":"summary_large_image","twitter_misc":{"Odhadovan\u00e1 doba \u010dten\u00ed":"1 minuta"},"schema":{"@context":"https:\/\/schema.org","@graph":[{"@type":"WebPage","@id":"https:\/\/www.kasafik.cz\/web\/produkt\/stojan-na-bezobsluzny-terminal\/","url":"https:\/\/www.kasafik.cz\/web\/produkt\/stojan-na-bezobsluzny-terminal\/","name":"Stojan na bezobslu\u017en\u00fd termin\u00e1l - KASA FIK","isPartOf":{"@id":"https:\/\/www.kasafik.cz\/web\/#website"},"primaryImageOfPage":{"@id":"https:\/\/www.kasafik.cz\/web\/produkt\/stojan-na-bezobsluzny-terminal\/#primaryimage"},"image":{"@id":"https:\/\/www.kasafik.cz\/web\/produkt\/stojan-na-bezobsluzny-terminal\/#primaryimage"},"thumbnailUrl":"https:\/\/www.kasafik.cz\/web\/wp-content\/uploads\/2026\/05\/unattended-stand.png","datePublished":"2026-05-03T14:03:12+00:00","dateModified":"2026-05-03T14:04:41+00:00","breadcrumb":{"@id":"https:\/\/www.kasafik.cz\/web\/produkt\/stojan-na-bezobsluzny-terminal\/#breadcrumb"},"inLanguage":"cs","potentialAction":[{"@type":"ReadAction","target":["https:\/\/www.kasafik.cz\/web\/produkt\/stojan-na-bezobsluzny-terminal\/"]}]},{"@type":"ImageObject","inLanguage":"cs","@id":"https:\/\/www.kasafik.cz\/web\/produkt\/stojan-na-bezobsluzny-terminal\/#primaryimage","url":"https:\/\/www.kasafik.cz\/web\/wp-content\/uploads\/2026\/05\/unattended-stand.png","contentUrl":"https:\/\/www.kasafik.cz\/web\/wp-content\/uploads\/2026\/05\/unattended-stand.png","width":1526,"height":1526},{"@type":"BreadcrumbList","@id":"https:\/\/www.kasafik.cz\/web\/produkt\/stojan-na-bezobsluzny-terminal\/#breadcrumb","itemListElement":[{"@type":"ListItem","position":1,"name":"Home","item":"https:\/\/www.kasafik.cz\/web\/cs\/"},{"@type":"ListItem","position":2,"name":"Shop","item":"https:\/\/www.kasafik.cz\/web\/cs\/shop\/"},{"@type":"ListItem","position":3,"name":"Stojan na bezobslu\u017en\u00fd termin\u00e1l"}]},{"@type":"WebSite","@id":"https:\/\/www.kasafik.cz\/web\/#website","url":"https:\/\/www.kasafik.cz\/web\/","name":"KASA FIK","description":"","potentialAction":[{"@type":"SearchAction","target":{"@type":"EntryPoint","urlTemplate":"https:\/\/www.kasafik.cz\/web\/?s={search_term_string}"},"query-input":{"@type":"PropertyValueSpecification","valueRequired":true,"valueName":"search_term_string"}}],"inLanguage":"cs"}]}},"jetpack_sharing_enabled":true,"_links":{"self":[{"href":"https:\/\/www.kasafik.cz\/web\/wp-json\/wp\/v2\/product\/19227","targetHints":{"allow":["GET"]}}],"collection":[{"href":"https:\/\/www.kasafik.cz\/web\/wp-json\/wp\/v2\/product"}],"about":[{"href":"https:\/\/www.kasafik.cz\/web\/wp-json\/wp\/v2\/types\/product"}],"replies":[{"embeddable":true,"href":"https:\/\/www.kasafik.cz\/web\/wp-json\/wp\/v2\/comments?post=19227"}],"version-history":[{"count":2,"href":"https:\/\/www.kasafik.cz\/web\/wp-json\/wp\/v2\/product\/19227\/revisions"}],"predecessor-version":[{"id":19231,"href":"https:\/\/www.kasafik.cz\/web\/wp-json\/wp\/v2\/product\/19227\/revisions\/19231"}],"wp:featuredmedia":[{"embeddable":true,"href":"https:\/\/www.kasafik.cz\/web\/wp-json\/wp\/v2\/media\/19228"}],"wp:attachment":[{"href":"https:\/\/www.kasafik.cz\/web\/wp-json\/wp\/v2\/media?parent=19227"}],"wp:term":[{"taxonomy":"product_brand","embeddable":true,"href":"https:\/\/www.kasafik.cz\/web\/wp-json\/wp\/v2\/product_brand?post=19227"},{"taxonomy":"product_cat","embeddable":true,"href":"https:\/\/www.kasafik.cz\/web\/wp-json\/wp\/v2\/product_cat?post=19227"},{"taxonomy":"product_tag","embeddable":true,"href":"https:\/\/www.kasafik.cz\/web\/wp-json\/wp\/v2\/product_tag?post=19227"}],"curies":[{"name":"wp","href":"https:\/\/api.w.org\/{rel}","templated":true}]}}