{"id":19100,"date":"2026-03-16T07:54:31","date_gmt":"2026-03-16T07:54:31","guid":{"rendered":"https:\/\/origin.kasafik.cz\/web\/?post_type=product&#038;p=19100"},"modified":"2026-03-16T08:24:34","modified_gmt":"2026-03-16T08:24:34","slug":"obchodni-vaha-cas-er-plus-6l-lcd-displej-podsviceny","status":"publish","type":"product","link":"https:\/\/www.kasafik.cz\/web\/produkt\/obchodni-vaha-cas-er-plus-6l-lcd-displej-podsviceny\/","title":{"rendered":"Obchodn\u00ed v\u00e1ha CAS ER PLUS-6L, LCD displej podsv\u00edcen\u00fd"},"content":{"rendered":"<h2>Profesion\u00e1ln\u00ed dvourozsahov\u00e1 v\u00e1ha CAS | 6\/15 kg, 2\/5g, RS-232, akumul\u00e1tor<\/h2>\n<p class=\"ds-markdown-paragraph\">Tato univerz\u00e1ln\u00ed v\u00e1ha je ide\u00e1ln\u00edm pomocn\u00edkem pro prodejce v maloobchod\u011b i velkoobchod\u011b. D\u00edky certifikaci\u00a0<strong>ES ov\u011b\u0159en\u00ed (d\u0159\u00edve EU schv\u00e1len\u00ed)<\/strong>\u00a0je ur\u010dena k p\u0159\u00edm\u00e9mu prodeji zbo\u017e\u00ed s v\u00fdpo\u010dtem ceny \u2013 perfektn\u011b se hod\u00ed do prodejen potravin, na tr\u017ei\u0161t\u011b, do zelin\u00e1\u0159stv\u00ed \u010di \u0159eznictv\u00ed. Jej\u00ed robustn\u00ed konstrukce kombinuje odoln\u00fd plastov\u00fd skelet s hygienickou\u00a0<strong>nerezovou v\u00e1\u017en\u00ed miskou<\/strong>.<\/p>\n<p class=\"ds-markdown-paragraph\">V\u00e1hu ocen\u00edte nejen na pult\u011b, ale i na cest\u00e1ch. Krom\u011b nap\u00e1jen\u00ed ze s\u00edt\u011b 230V disponuje\u00a0<strong>vestav\u011bn\u00fdm hermetick\u00fdm akumul\u00e1torem<\/strong>, kter\u00fd zaru\u010d\u00ed nep\u0159etr\u017eit\u00fd provoz a\u017e na neuv\u011b\u0159iteln\u00fdch\u00a0<strong>140 hodin<\/strong>. Ovl\u00e1d\u00e1n\u00ed je d\u00edky kvalitn\u00ed gumov\u00e9 kl\u00e1vesnici velmi p\u0159\u00edjemn\u00e9 a p\u0159esn\u00e9. Nam\u011b\u0159en\u00e9 \u00fadaje snadno ode\u010dtete z p\u0159ehledn\u00e9ho mod\u0159e podsv\u00edcen\u00e9ho LCD displeje, p\u0159i\u010dem\u017e druh\u00fd (z\u00e1kaznick\u00fd) displej je um\u00edst\u011bn na zadn\u00ed stran\u011b v\u00e1hy pro dobrou viditelnost.<\/p>\n<h3>Hlavn\u00ed funkce a v\u00fdhody<\/h3>\n<ul>\n<li>\n<p class=\"ds-markdown-paragraph\"><strong>Chytr\u00e9 a rychl\u00e9 v\u00e1\u017een\u00ed:<\/strong>\u00a0Funkce\u00a0<strong>t\u00e1rov\u00e1n\u00ed<\/strong>\u00a0a 7 p\u0159\u00edm\u00fdch tla\u010d\u00edtek pro nejpou\u017e\u00edvan\u011bj\u0161\u00ed ceny urychl\u00ed ka\u017edodenn\u00ed prodej.<\/p>\n<\/li>\n<li>\n<p class=\"ds-markdown-paragraph\"><strong>Rozs\u00e1hl\u00e1 pam\u011b\u0165 PLU:<\/strong>\u00a0Ukl\u00e1dejte si a\u017e 199 p\u0159ednastaven\u00fdch polo\u017eek (PLU k\u00f3d\u016f) s jednotkovou cenou. Prvn\u00edch 7 polo\u017eek m\u00e1te v\u017edy po ruce na jeden stisk.<\/p>\n<\/li>\n<li>\n<p class=\"ds-markdown-paragraph\"><strong>Automatick\u00e9 vyp\u00edn\u00e1n\u00ed:<\/strong>\u00a0\u0160et\u0159ete energii d\u00edky funkci\u00a0<strong>Auto Power OFF<\/strong>\u00a0s nastaviteln\u00fdm \u010dasem vypnut\u00ed (10, 30 nebo 60 minut).<\/p>\n<\/li>\n<li>\n<p class=\"ds-markdown-paragraph\"><strong>Propojen\u00ed s pokladnou:<\/strong>\u00a0D\u00edky standardn\u00edmu rozhran\u00ed\u00a0<strong>RS-232<\/strong>\u00a0lze v\u00e1hu snadno propojit s pokladn\u00edmi syst\u00e9my (nap\u0159. Euro, QMP) nebo s PC.<\/p>\n<\/li>\n<li>\n<p class=\"ds-markdown-paragraph\"><strong>Dvourozsahov\u00e9 v\u00e1\u017een\u00ed:<\/strong>\u00a0V\u00e1ha pracuje ve dvou re\u017eimech pro maxim\u00e1ln\u00ed p\u0159esnost (6 kg s d\u00edlekem 2g \/ 15 kg s d\u00edlekem 5g).<\/p>\n<\/li>\n<\/ul>\n<h3>Technick\u00e9 parametry<\/h3>\n<ul>\n<li>\n<p class=\"ds-markdown-paragraph\"><strong>V\u00e1\u017eivost \/ D\u00edlek:<\/strong>\u00a06 kg \/ 2 g a 15 kg \/ 5 g (dvourozsahov\u00e1)<\/p>\n<\/li>\n<li>\n<p class=\"ds-markdown-paragraph\"><strong>Rozm\u011br v\u00e1\u017en\u00ed plochy:<\/strong>\u00a0305 x 220 mm (nerez)<\/p>\n<\/li>\n<li>\n<p class=\"ds-markdown-paragraph\"><strong>Displej:<\/strong>\u00a0LCD s modr\u00fdm podsv\u00edcen\u00edm (z\u00e1kaznick\u00fd displej vzadu)<\/p>\n<\/li>\n<li>\n<p class=\"ds-markdown-paragraph\"><strong>Komunikace:<\/strong>\u00a0RS-232<\/p>\n<\/li>\n<li>\n<p class=\"ds-markdown-paragraph\"><strong>Nap\u00e1jen\u00ed:<\/strong>\u00a0AC 230V (adapt\u00e9r) \/ vestav\u011bn\u00fd akumul\u00e1tor 6V (v\u00fddr\u017e a\u017e 140 hodin)<\/p>\n<\/li>\n<li>\n<p class=\"ds-markdown-paragraph\"><strong>Stupe\u0148 kryt\u00ed:<\/strong>\u00a0IP54 (odolnost v\u016f\u010di prachu a st\u0159\u00edkaj\u00edc\u00ed vod\u011b)<\/p>\n<\/li>\n<li>\n<p class=\"ds-markdown-paragraph\"><strong>Provozn\u00ed teplota:<\/strong>\u00a0-10 \u00b0C a\u017e +40 \u00b0C<\/p>\n<\/li>\n<li>\n<p class=\"ds-markdown-paragraph\"><strong>Rozm\u011bry \/ Hmotnost:<\/strong>\u00a0320 x 115 x 360 mm \/ 5 kg<\/p>\n<\/li>\n<li>\n<p class=\"ds-markdown-paragraph\"><strong>Z\u00e1ruka:<\/strong>\u00a024 m\u011bs\u00edc\u016f<\/p>\n<\/li>\n<\/ul>\n<h3>Obsah balen\u00ed<\/h3>\n<ul>\n<li>\n<p class=\"ds-markdown-paragraph\">V\u00e1ha CAS s nerezovou miskou<\/p>\n<\/li>\n<li>\n<p class=\"ds-markdown-paragraph\">Nap\u00e1jec\u00ed adapt\u00e9r<\/p>\n<\/li>\n<li>\n<p class=\"ds-markdown-paragraph\">N\u00e1vod k pou\u017eit\u00ed<\/p>\n<\/li>\n<\/ul>\n","protected":false},"excerpt":{"rendered":"<h2>Profesion\u00e1ln\u00ed dvourozsahov\u00e1 v\u00e1ha CAS | 6\/15 kg, 2\/5g, RS-232, akumul\u00e1tor<\/h2>\n<p class=\"ds-markdown-paragraph\">Tato univerz\u00e1ln\u00ed v\u00e1ha je ide\u00e1ln\u00edm pomocn\u00edkem pro prodejce v maloobchod\u011b i velkoobchod\u011b. D\u00edky certifikaci\u00a0<strong>ES ov\u011b\u0159en\u00ed (d\u0159\u00edve EU schv\u00e1len\u00ed)<\/strong>\u00a0je ur\u010dena k p\u0159\u00edm\u00e9mu prodeji zbo\u017e\u00ed s v\u00fdpo\u010dtem ceny \u2013 perfektn\u011b se hod\u00ed do prodejen potravin, na tr\u017ei\u0161t\u011b, do zelin\u00e1\u0159stv\u00ed \u010di \u0159eznictv\u00ed. Jej\u00ed robustn\u00ed konstrukce kombinuje odoln\u00fd plastov\u00fd skelet s hygienickou\u00a0<strong>nerezovou v\u00e1\u017en\u00ed miskou<\/strong>.<\/p>\n<p class=\"ds-markdown-paragraph\">V\u00e1hu ocen\u00edte nejen na pult\u011b, ale i na cest\u00e1ch. Krom\u011b nap\u00e1jen\u00ed ze s\u00edt\u011b 230V disponuje\u00a0<strong>vestav\u011bn\u00fdm hermetick\u00fdm akumul\u00e1torem<\/strong>, kter\u00fd zaru\u010d\u00ed nep\u0159etr\u017eit\u00fd provoz a\u017e na neuv\u011b\u0159iteln\u00fdch\u00a0<strong>140 hodin<\/strong>. Ovl\u00e1d\u00e1n\u00ed je d\u00edky kvalitn\u00ed gumov\u00e9 kl\u00e1vesnici velmi p\u0159\u00edjemn\u00e9 a p\u0159esn\u00e9. Nam\u011b\u0159en\u00e9 \u00fadaje snadno ode\u010dtete z p\u0159ehledn\u00e9ho mod\u0159e podsv\u00edcen\u00e9ho LCD displeje, p\u0159i\u010dem\u017e druh\u00fd (z\u00e1kaznick\u00fd) displej je um\u00edst\u011bn na zadn\u00ed stran\u011b v\u00e1hy pro dobrou viditelnost.<\/p>\n<h3>Hlavn\u00ed funkce a v\u00fdhody<\/h3>\n<ul>\n<li>\n<p class=\"ds-markdown-paragraph\"><strong>Chytr\u00e9 a rychl\u00e9 v\u00e1\u017een\u00ed:<\/strong>\u00a0Funkce\u00a0<strong>t\u00e1rov\u00e1n\u00ed<\/strong>\u00a0a 7 p\u0159\u00edm\u00fdch tla\u010d\u00edtek pro nejpou\u017e\u00edvan\u011bj\u0161\u00ed ceny urychl\u00ed ka\u017edodenn\u00ed prodej.<\/p>\n<\/li>\n<li>\n<p class=\"ds-markdown-paragraph\"><strong>Rozs\u00e1hl\u00e1 pam\u011b\u0165 PLU:<\/strong>\u00a0Ukl\u00e1dejte si a\u017e 199 p\u0159ednastaven\u00fdch polo\u017eek (PLU k\u00f3d\u016f) s jednotkovou cenou. Prvn\u00edch 7 polo\u017eek m\u00e1te v\u017edy po ruce na jeden stisk.<\/p>\n<\/li>\n<li>\n<p class=\"ds-markdown-paragraph\"><strong>Automatick\u00e9 vyp\u00edn\u00e1n\u00ed:<\/strong>\u00a0\u0160et\u0159ete energii d\u00edky funkci\u00a0<strong>Auto Power OFF<\/strong>\u00a0s nastaviteln\u00fdm \u010dasem vypnut\u00ed (10, 30 nebo 60 minut).<\/p>\n<\/li>\n<li>\n<p class=\"ds-markdown-paragraph\"><strong>Propojen\u00ed s pokladnou:<\/strong>\u00a0D\u00edky standardn\u00edmu rozhran\u00ed\u00a0<strong>RS-232<\/strong>\u00a0lze v\u00e1hu snadno propojit s pokladn\u00edmi syst\u00e9my (nap\u0159. Euro, QMP) nebo s PC.<\/p>\n<\/li>\n<li>\n<p class=\"ds-markdown-paragraph\"><strong>Dvourozsahov\u00e9 v\u00e1\u017een\u00ed:<\/strong>\u00a0V\u00e1ha pracuje ve dvou re\u017eimech pro maxim\u00e1ln\u00ed p\u0159esnost (6 kg s d\u00edlekem 2g \/ 15 kg s d\u00edlekem 5g).<\/p>\n<\/li>\n<\/ul>\n<h3>Technick\u00e9 parametry<\/h3>\n<ul>\n<li>\n<p class=\"ds-markdown-paragraph\"><strong>V\u00e1\u017eivost \/ D\u00edlek:<\/strong>\u00a06 kg \/ 2 g a 15 kg \/ 5 g (dvourozsahov\u00e1)<\/p>\n<\/li>\n<li>\n<p class=\"ds-markdown-paragraph\"><strong>Rozm\u011br v\u00e1\u017en\u00ed plochy:<\/strong>\u00a0305 x 220 mm (nerez)<\/p>\n<\/li>\n<li>\n<p class=\"ds-markdown-paragraph\"><strong>Displej:<\/strong>\u00a0LCD s modr\u00fdm podsv\u00edcen\u00edm (z\u00e1kaznick\u00fd displej vzadu)<\/p>\n<\/li>\n<li>\n<p class=\"ds-markdown-paragraph\"><strong>Komunikace:<\/strong>\u00a0RS-232<\/p>\n<\/li>\n<li>\n<p class=\"ds-markdown-paragraph\"><strong>Nap\u00e1jen\u00ed:<\/strong>\u00a0AC 230V (adapt\u00e9r) \/ vestav\u011bn\u00fd akumul\u00e1tor 6V (v\u00fddr\u017e a\u017e 140 hodin)<\/p>\n<\/li>\n<li>\n<p class=\"ds-markdown-paragraph\"><strong>Stupe\u0148 kryt\u00ed:<\/strong>\u00a0IP54 (odolnost v\u016f\u010di prachu a st\u0159\u00edkaj\u00edc\u00ed vod\u011b)<\/p>\n<\/li>\n<li>\n<p class=\"ds-markdown-paragraph\"><strong>Provozn\u00ed teplota:<\/strong>\u00a0-10 \u00b0C a\u017e +40 \u00b0C<\/p>\n<\/li>\n<li>\n<p class=\"ds-markdown-paragraph\"><strong>Rozm\u011bry \/ Hmotnost:<\/strong>\u00a0320 x 115 x 360 mm \/ 5 kg<\/p>\n<\/li>\n<li>\n<p class=\"ds-markdown-paragraph\"><strong>Z\u00e1ruka:<\/strong>\u00a024 m\u011bs\u00edc\u016f<\/p>\n<\/li>\n<\/ul>\n<h3>Obsah balen\u00ed<\/h3>\n<ul>\n<li>\n<p class=\"ds-markdown-paragraph\">V\u00e1ha CAS s nerezovou miskou<\/p>\n<\/li>\n<li>\n<p class=\"ds-markdown-paragraph\">Nap\u00e1jec\u00ed adapt\u00e9r<\/p>\n<\/li>\n<li>\n<p class=\"ds-markdown-paragraph\">N\u00e1vod k pou\u017eit\u00ed<\/p>\n<\/li>\n<\/ul>\n","protected":false},"featured_media":19103,"comment_status":"closed","ping_status":"closed","template":"","meta":[],"product_brand":[],"product_cat":[218],"product_tag":[],"class_list":{"0":"post-19100","1":"product","2":"type-product","3":"status-publish","4":"has-post-thumbnail","6":"product_cat-prislusenstvi","8":"first","9":"instock","10":"taxable","11":"shipping-taxable","12":"purchasable","13":"product-type-simple"},"yoast_head":"<!-- This site is optimized with the Yoast SEO plugin v27.4 - https:\/\/yoast.com\/product\/yoast-seo-wordpress\/ -->\n<title>Obchodn\u00ed v\u00e1ha CAS ER PLUS-6L, LCD displej podsv\u00edcen\u00fd - KASA FIK<\/title>\n<meta name=\"robots\" content=\"index, follow, max-snippet:-1, max-image-preview:large, max-video-preview:-1\" \/>\n<link rel=\"canonical\" href=\"https:\/\/www.kasafik.cz\/web\/produkt\/obchodni-vaha-cas-er-plus-6l-lcd-displej-podsviceny\/\" \/>\n<meta property=\"og:locale\" content=\"cs_CZ\" \/>\n<meta property=\"og:type\" content=\"article\" \/>\n<meta property=\"og:title\" content=\"Obchodn\u00ed v\u00e1ha CAS ER PLUS-6L, LCD displej podsv\u00edcen\u00fd - KASA FIK\" \/>\n<meta property=\"og:description\" content=\"Profesion\u00e1ln\u00ed dvourozsahov\u00e1 v\u00e1ha CAS | 6\/15 kg, 2\/5g, RS-232, akumul\u00e1tor Tato univerz\u00e1ln\u00ed v\u00e1ha je ide\u00e1ln\u00edm pomocn\u00edkem pro prodejce v maloobchod\u011b i velkoobchod\u011b. D\u00edky certifikaci\u00a0ES ov\u011b\u0159en\u00ed (d\u0159\u00edve EU schv\u00e1len\u00ed)\u00a0je ur\u010dena k p\u0159\u00edm\u00e9mu prodeji zbo\u017e\u00ed s v\u00fdpo\u010dtem ceny \u2013 perfektn\u011b se hod\u00ed do prodejen potravin, na tr\u017ei\u0161t\u011b, do zelin\u00e1\u0159stv\u00ed \u010di \u0159eznictv\u00ed. Jej\u00ed robustn\u00ed konstrukce kombinuje odoln\u00fd plastov\u00fd skelet s hygienickou\u00a0nerezovou v\u00e1\u017en\u00ed miskou. V\u00e1hu ocen\u00edte nejen na pult\u011b, ale i na cest\u00e1ch. Krom\u011b nap\u00e1jen\u00ed ze s\u00edt\u011b 230V disponuje\u00a0vestav\u011bn\u00fdm hermetick\u00fdm akumul\u00e1torem, kter\u00fd zaru\u010d\u00ed nep\u0159etr\u017eit\u00fd provoz a\u017e na neuv\u011b\u0159iteln\u00fdch\u00a0140 hodin. Ovl\u00e1d\u00e1n\u00ed je d\u00edky kvalitn\u00ed gumov\u00e9 kl\u00e1vesnici velmi p\u0159\u00edjemn\u00e9 a p\u0159esn\u00e9. Nam\u011b\u0159en\u00e9 \u00fadaje snadno ode\u010dtete z p\u0159ehledn\u00e9ho mod\u0159e podsv\u00edcen\u00e9ho LCD displeje, p\u0159i\u010dem\u017e druh\u00fd (z\u00e1kaznick\u00fd) displej je um\u00edst\u011bn na zadn\u00ed stran\u011b v\u00e1hy pro dobrou viditelnost.  Hlavn\u00ed funkce a v\u00fdhody    Chytr\u00e9 a rychl\u00e9 v\u00e1\u017een\u00ed:\u00a0Funkce\u00a0t\u00e1rov\u00e1n\u00ed\u00a0a 7 p\u0159\u00edm\u00fdch tla\u010d\u00edtek pro nejpou\u017e\u00edvan\u011bj\u0161\u00ed ceny urychl\u00ed ka\u017edodenn\u00ed prodej.    Rozs\u00e1hl\u00e1 pam\u011b\u0165 PLU:\u00a0Ukl\u00e1dejte si a\u017e 199 p\u0159ednastaven\u00fdch polo\u017eek (PLU k\u00f3d\u016f) s jednotkovou cenou. Prvn\u00edch 7 polo\u017eek m\u00e1te v\u017edy po ruce na jeden stisk.    Automatick\u00e9 vyp\u00edn\u00e1n\u00ed:\u00a0\u0160et\u0159ete energii d\u00edky funkci\u00a0Auto Power OFF\u00a0s nastaviteln\u00fdm \u010dasem vypnut\u00ed (10, 30 nebo 60 minut).    Propojen\u00ed s pokladnou:\u00a0D\u00edky standardn\u00edmu rozhran\u00ed\u00a0RS-232\u00a0lze v\u00e1hu snadno propojit s pokladn\u00edmi syst\u00e9my (nap\u0159. Euro, QMP) nebo s PC.    Dvourozsahov\u00e9 v\u00e1\u017een\u00ed:\u00a0V\u00e1ha pracuje ve dvou re\u017eimech pro maxim\u00e1ln\u00ed p\u0159esnost (6 kg s d\u00edlekem 2g \/ 15 kg s d\u00edlekem 5g).   Technick\u00e9 parametry    V\u00e1\u017eivost \/ D\u00edlek:\u00a06 kg \/ 2 g a 15 kg \/ 5 g (dvourozsahov\u00e1)    Rozm\u011br v\u00e1\u017en\u00ed plochy:\u00a0305 x 220 mm (nerez)    Displej:\u00a0LCD s modr\u00fdm podsv\u00edcen\u00edm (z\u00e1kaznick\u00fd displej vzadu)    Komunikace:\u00a0RS-232    Nap\u00e1jen\u00ed:\u00a0AC 230V (adapt\u00e9r) \/ vestav\u011bn\u00fd akumul\u00e1tor 6V (v\u00fddr\u017e a\u017e 140 hodin)    Stupe\u0148 kryt\u00ed:\u00a0IP54 (odolnost v\u016f\u010di prachu a st\u0159\u00edkaj\u00edc\u00ed vod\u011b)    Provozn\u00ed teplota:\u00a0-10 \u00b0C a\u017e +40 \u00b0C    Rozm\u011bry \/ Hmotnost:\u00a0320 x 115 x 360 mm \/ 5 kg    Z\u00e1ruka:\u00a024 m\u011bs\u00edc\u016f   Obsah balen\u00ed    V\u00e1ha CAS s nerezovou miskou    Nap\u00e1jec\u00ed adapt\u00e9r    N\u00e1vod k pou\u017eit\u00ed\" \/>\n<meta property=\"og:url\" content=\"https:\/\/www.kasafik.cz\/web\/produkt\/obchodni-vaha-cas-er-plus-6l-lcd-displej-podsviceny\/\" \/>\n<meta property=\"og:site_name\" content=\"KASA FIK\" \/>\n<meta property=\"article:modified_time\" content=\"2026-03-16T08:24:34+00:00\" \/>\n<meta property=\"og:image\" content=\"https:\/\/www.kasafik.cz\/web\/wp-content\/uploads\/2026\/03\/0.77278200_1556091402.jpg\" \/>\n\t<meta property=\"og:image:width\" content=\"700\" \/>\n\t<meta property=\"og:image:height\" content=\"700\" \/>\n\t<meta property=\"og:image:type\" content=\"image\/jpeg\" \/>\n<meta name=\"twitter:card\" content=\"summary_large_image\" \/>\n<meta name=\"twitter:label1\" content=\"Odhadovan\u00e1 doba \u010dten\u00ed\" \/>\n\t<meta name=\"twitter:data1\" content=\"2 minuty\" \/>\n<script type=\"application\/ld+json\" class=\"yoast-schema-graph\">{\"@context\":\"https:\\\/\\\/schema.org\",\"@graph\":[{\"@type\":\"WebPage\",\"@id\":\"https:\\\/\\\/www.kasafik.cz\\\/web\\\/produkt\\\/obchodni-vaha-cas-er-plus-6l-lcd-displej-podsviceny\\\/\",\"url\":\"https:\\\/\\\/www.kasafik.cz\\\/web\\\/produkt\\\/obchodni-vaha-cas-er-plus-6l-lcd-displej-podsviceny\\\/\",\"name\":\"Obchodn\u00ed v\u00e1ha CAS ER PLUS-6L, LCD displej podsv\u00edcen\u00fd - KASA FIK\",\"isPartOf\":{\"@id\":\"https:\\\/\\\/www.kasafik.cz\\\/web\\\/#website\"},\"primaryImageOfPage\":{\"@id\":\"https:\\\/\\\/www.kasafik.cz\\\/web\\\/produkt\\\/obchodni-vaha-cas-er-plus-6l-lcd-displej-podsviceny\\\/#primaryimage\"},\"image\":{\"@id\":\"https:\\\/\\\/www.kasafik.cz\\\/web\\\/produkt\\\/obchodni-vaha-cas-er-plus-6l-lcd-displej-podsviceny\\\/#primaryimage\"},\"thumbnailUrl\":\"https:\\\/\\\/www.kasafik.cz\\\/web\\\/wp-content\\\/uploads\\\/2026\\\/03\\\/0.77278200_1556091402.jpg\",\"datePublished\":\"2026-03-16T07:54:31+00:00\",\"dateModified\":\"2026-03-16T08:24:34+00:00\",\"breadcrumb\":{\"@id\":\"https:\\\/\\\/www.kasafik.cz\\\/web\\\/produkt\\\/obchodni-vaha-cas-er-plus-6l-lcd-displej-podsviceny\\\/#breadcrumb\"},\"inLanguage\":\"cs\",\"potentialAction\":[{\"@type\":\"ReadAction\",\"target\":[\"https:\\\/\\\/www.kasafik.cz\\\/web\\\/produkt\\\/obchodni-vaha-cas-er-plus-6l-lcd-displej-podsviceny\\\/\"]}]},{\"@type\":\"ImageObject\",\"inLanguage\":\"cs\",\"@id\":\"https:\\\/\\\/www.kasafik.cz\\\/web\\\/produkt\\\/obchodni-vaha-cas-er-plus-6l-lcd-displej-podsviceny\\\/#primaryimage\",\"url\":\"https:\\\/\\\/www.kasafik.cz\\\/web\\\/wp-content\\\/uploads\\\/2026\\\/03\\\/0.77278200_1556091402.jpg\",\"contentUrl\":\"https:\\\/\\\/www.kasafik.cz\\\/web\\\/wp-content\\\/uploads\\\/2026\\\/03\\\/0.77278200_1556091402.jpg\",\"width\":700,\"height\":700},{\"@type\":\"BreadcrumbList\",\"@id\":\"https:\\\/\\\/www.kasafik.cz\\\/web\\\/produkt\\\/obchodni-vaha-cas-er-plus-6l-lcd-displej-podsviceny\\\/#breadcrumb\",\"itemListElement\":[{\"@type\":\"ListItem\",\"position\":1,\"name\":\"Home\",\"item\":\"https:\\\/\\\/origin.kasafik.cz\\\/web\\\/cs\\\/\"},{\"@type\":\"ListItem\",\"position\":2,\"name\":\"Shop\",\"item\":\"https:\\\/\\\/www.kasafik.cz\\\/web\\\/cs\\\/shop\\\/\"},{\"@type\":\"ListItem\",\"position\":3,\"name\":\"Obchodn\u00ed v\u00e1ha CAS ER PLUS-6L, LCD displej podsv\u00edcen\u00fd\"}]},{\"@type\":\"WebSite\",\"@id\":\"https:\\\/\\\/www.kasafik.cz\\\/web\\\/#website\",\"url\":\"https:\\\/\\\/www.kasafik.cz\\\/web\\\/\",\"name\":\"KASA FIK\",\"description\":\"\",\"potentialAction\":[{\"@type\":\"SearchAction\",\"target\":{\"@type\":\"EntryPoint\",\"urlTemplate\":\"https:\\\/\\\/www.kasafik.cz\\\/web\\\/?s={search_term_string}\"},\"query-input\":{\"@type\":\"PropertyValueSpecification\",\"valueRequired\":true,\"valueName\":\"search_term_string\"}}],\"inLanguage\":\"cs\"}]}<\/script>\n<!-- \/ Yoast SEO plugin. -->","yoast_head_json":{"title":"Obchodn\u00ed v\u00e1ha CAS ER PLUS-6L, LCD displej podsv\u00edcen\u00fd - KASA FIK","robots":{"index":"index","follow":"follow","max-snippet":"max-snippet:-1","max-image-preview":"max-image-preview:large","max-video-preview":"max-video-preview:-1"},"canonical":"https:\/\/www.kasafik.cz\/web\/produkt\/obchodni-vaha-cas-er-plus-6l-lcd-displej-podsviceny\/","og_locale":"cs_CZ","og_type":"article","og_title":"Obchodn\u00ed v\u00e1ha CAS ER PLUS-6L, LCD displej podsv\u00edcen\u00fd - KASA FIK","og_description":"Profesion\u00e1ln\u00ed dvourozsahov\u00e1 v\u00e1ha CAS | 6\/15 kg, 2\/5g, RS-232, akumul\u00e1tor Tato univerz\u00e1ln\u00ed v\u00e1ha je ide\u00e1ln\u00edm pomocn\u00edkem pro prodejce v maloobchod\u011b i velkoobchod\u011b. D\u00edky certifikaci\u00a0ES ov\u011b\u0159en\u00ed (d\u0159\u00edve EU schv\u00e1len\u00ed)\u00a0je ur\u010dena k p\u0159\u00edm\u00e9mu prodeji zbo\u017e\u00ed s v\u00fdpo\u010dtem ceny \u2013 perfektn\u011b se hod\u00ed do prodejen potravin, na tr\u017ei\u0161t\u011b, do zelin\u00e1\u0159stv\u00ed \u010di \u0159eznictv\u00ed. Jej\u00ed robustn\u00ed konstrukce kombinuje odoln\u00fd plastov\u00fd skelet s hygienickou\u00a0nerezovou v\u00e1\u017en\u00ed miskou. V\u00e1hu ocen\u00edte nejen na pult\u011b, ale i na cest\u00e1ch. Krom\u011b nap\u00e1jen\u00ed ze s\u00edt\u011b 230V disponuje\u00a0vestav\u011bn\u00fdm hermetick\u00fdm akumul\u00e1torem, kter\u00fd zaru\u010d\u00ed nep\u0159etr\u017eit\u00fd provoz a\u017e na neuv\u011b\u0159iteln\u00fdch\u00a0140 hodin. Ovl\u00e1d\u00e1n\u00ed je d\u00edky kvalitn\u00ed gumov\u00e9 kl\u00e1vesnici velmi p\u0159\u00edjemn\u00e9 a p\u0159esn\u00e9. Nam\u011b\u0159en\u00e9 \u00fadaje snadno ode\u010dtete z p\u0159ehledn\u00e9ho mod\u0159e podsv\u00edcen\u00e9ho LCD displeje, p\u0159i\u010dem\u017e druh\u00fd (z\u00e1kaznick\u00fd) displej je um\u00edst\u011bn na zadn\u00ed stran\u011b v\u00e1hy pro dobrou viditelnost.  Hlavn\u00ed funkce a v\u00fdhody    Chytr\u00e9 a rychl\u00e9 v\u00e1\u017een\u00ed:\u00a0Funkce\u00a0t\u00e1rov\u00e1n\u00ed\u00a0a 7 p\u0159\u00edm\u00fdch tla\u010d\u00edtek pro nejpou\u017e\u00edvan\u011bj\u0161\u00ed ceny urychl\u00ed ka\u017edodenn\u00ed prodej.    Rozs\u00e1hl\u00e1 pam\u011b\u0165 PLU:\u00a0Ukl\u00e1dejte si a\u017e 199 p\u0159ednastaven\u00fdch polo\u017eek (PLU k\u00f3d\u016f) s jednotkovou cenou. Prvn\u00edch 7 polo\u017eek m\u00e1te v\u017edy po ruce na jeden stisk.    Automatick\u00e9 vyp\u00edn\u00e1n\u00ed:\u00a0\u0160et\u0159ete energii d\u00edky funkci\u00a0Auto Power OFF\u00a0s nastaviteln\u00fdm \u010dasem vypnut\u00ed (10, 30 nebo 60 minut).    Propojen\u00ed s pokladnou:\u00a0D\u00edky standardn\u00edmu rozhran\u00ed\u00a0RS-232\u00a0lze v\u00e1hu snadno propojit s pokladn\u00edmi syst\u00e9my (nap\u0159. Euro, QMP) nebo s PC.    Dvourozsahov\u00e9 v\u00e1\u017een\u00ed:\u00a0V\u00e1ha pracuje ve dvou re\u017eimech pro maxim\u00e1ln\u00ed p\u0159esnost (6 kg s d\u00edlekem 2g \/ 15 kg s d\u00edlekem 5g).   Technick\u00e9 parametry    V\u00e1\u017eivost \/ D\u00edlek:\u00a06 kg \/ 2 g a 15 kg \/ 5 g (dvourozsahov\u00e1)    Rozm\u011br v\u00e1\u017en\u00ed plochy:\u00a0305 x 220 mm (nerez)    Displej:\u00a0LCD s modr\u00fdm podsv\u00edcen\u00edm (z\u00e1kaznick\u00fd displej vzadu)    Komunikace:\u00a0RS-232    Nap\u00e1jen\u00ed:\u00a0AC 230V (adapt\u00e9r) \/ vestav\u011bn\u00fd akumul\u00e1tor 6V (v\u00fddr\u017e a\u017e 140 hodin)    Stupe\u0148 kryt\u00ed:\u00a0IP54 (odolnost v\u016f\u010di prachu a st\u0159\u00edkaj\u00edc\u00ed vod\u011b)    Provozn\u00ed teplota:\u00a0-10 \u00b0C a\u017e +40 \u00b0C    Rozm\u011bry \/ Hmotnost:\u00a0320 x 115 x 360 mm \/ 5 kg    Z\u00e1ruka:\u00a024 m\u011bs\u00edc\u016f   Obsah balen\u00ed    V\u00e1ha CAS s nerezovou miskou    Nap\u00e1jec\u00ed adapt\u00e9r    N\u00e1vod k pou\u017eit\u00ed","og_url":"https:\/\/www.kasafik.cz\/web\/produkt\/obchodni-vaha-cas-er-plus-6l-lcd-displej-podsviceny\/","og_site_name":"KASA FIK","article_modified_time":"2026-03-16T08:24:34+00:00","og_image":[{"width":700,"height":700,"url":"https:\/\/www.kasafik.cz\/web\/wp-content\/uploads\/2026\/03\/0.77278200_1556091402.jpg","type":"image\/jpeg"}],"twitter_card":"summary_large_image","twitter_misc":{"Odhadovan\u00e1 doba \u010dten\u00ed":"2 minuty"},"schema":{"@context":"https:\/\/schema.org","@graph":[{"@type":"WebPage","@id":"https:\/\/www.kasafik.cz\/web\/produkt\/obchodni-vaha-cas-er-plus-6l-lcd-displej-podsviceny\/","url":"https:\/\/www.kasafik.cz\/web\/produkt\/obchodni-vaha-cas-er-plus-6l-lcd-displej-podsviceny\/","name":"Obchodn\u00ed v\u00e1ha CAS ER PLUS-6L, LCD displej podsv\u00edcen\u00fd - KASA FIK","isPartOf":{"@id":"https:\/\/www.kasafik.cz\/web\/#website"},"primaryImageOfPage":{"@id":"https:\/\/www.kasafik.cz\/web\/produkt\/obchodni-vaha-cas-er-plus-6l-lcd-displej-podsviceny\/#primaryimage"},"image":{"@id":"https:\/\/www.kasafik.cz\/web\/produkt\/obchodni-vaha-cas-er-plus-6l-lcd-displej-podsviceny\/#primaryimage"},"thumbnailUrl":"https:\/\/www.kasafik.cz\/web\/wp-content\/uploads\/2026\/03\/0.77278200_1556091402.jpg","datePublished":"2026-03-16T07:54:31+00:00","dateModified":"2026-03-16T08:24:34+00:00","breadcrumb":{"@id":"https:\/\/www.kasafik.cz\/web\/produkt\/obchodni-vaha-cas-er-plus-6l-lcd-displej-podsviceny\/#breadcrumb"},"inLanguage":"cs","potentialAction":[{"@type":"ReadAction","target":["https:\/\/www.kasafik.cz\/web\/produkt\/obchodni-vaha-cas-er-plus-6l-lcd-displej-podsviceny\/"]}]},{"@type":"ImageObject","inLanguage":"cs","@id":"https:\/\/www.kasafik.cz\/web\/produkt\/obchodni-vaha-cas-er-plus-6l-lcd-displej-podsviceny\/#primaryimage","url":"https:\/\/www.kasafik.cz\/web\/wp-content\/uploads\/2026\/03\/0.77278200_1556091402.jpg","contentUrl":"https:\/\/www.kasafik.cz\/web\/wp-content\/uploads\/2026\/03\/0.77278200_1556091402.jpg","width":700,"height":700},{"@type":"BreadcrumbList","@id":"https:\/\/www.kasafik.cz\/web\/produkt\/obchodni-vaha-cas-er-plus-6l-lcd-displej-podsviceny\/#breadcrumb","itemListElement":[{"@type":"ListItem","position":1,"name":"Home","item":"https:\/\/origin.kasafik.cz\/web\/cs\/"},{"@type":"ListItem","position":2,"name":"Shop","item":"https:\/\/www.kasafik.cz\/web\/cs\/shop\/"},{"@type":"ListItem","position":3,"name":"Obchodn\u00ed v\u00e1ha CAS ER PLUS-6L, LCD displej podsv\u00edcen\u00fd"}]},{"@type":"WebSite","@id":"https:\/\/www.kasafik.cz\/web\/#website","url":"https:\/\/www.kasafik.cz\/web\/","name":"KASA FIK","description":"","potentialAction":[{"@type":"SearchAction","target":{"@type":"EntryPoint","urlTemplate":"https:\/\/www.kasafik.cz\/web\/?s={search_term_string}"},"query-input":{"@type":"PropertyValueSpecification","valueRequired":true,"valueName":"search_term_string"}}],"inLanguage":"cs"}]}},"jetpack_sharing_enabled":true,"_links":{"self":[{"href":"https:\/\/www.kasafik.cz\/web\/wp-json\/wp\/v2\/product\/19100","targetHints":{"allow":["GET"]}}],"collection":[{"href":"https:\/\/www.kasafik.cz\/web\/wp-json\/wp\/v2\/product"}],"about":[{"href":"https:\/\/www.kasafik.cz\/web\/wp-json\/wp\/v2\/types\/product"}],"replies":[{"embeddable":true,"href":"https:\/\/www.kasafik.cz\/web\/wp-json\/wp\/v2\/comments?post=19100"}],"version-history":[{"count":3,"href":"https:\/\/www.kasafik.cz\/web\/wp-json\/wp\/v2\/product\/19100\/revisions"}],"predecessor-version":[{"id":19106,"href":"https:\/\/www.kasafik.cz\/web\/wp-json\/wp\/v2\/product\/19100\/revisions\/19106"}],"wp:featuredmedia":[{"embeddable":true,"href":"https:\/\/www.kasafik.cz\/web\/wp-json\/wp\/v2\/media\/19103"}],"wp:attachment":[{"href":"https:\/\/www.kasafik.cz\/web\/wp-json\/wp\/v2\/media?parent=19100"}],"wp:term":[{"taxonomy":"product_brand","embeddable":true,"href":"https:\/\/www.kasafik.cz\/web\/wp-json\/wp\/v2\/product_brand?post=19100"},{"taxonomy":"product_cat","embeddable":true,"href":"https:\/\/www.kasafik.cz\/web\/wp-json\/wp\/v2\/product_cat?post=19100"},{"taxonomy":"product_tag","embeddable":true,"href":"https:\/\/www.kasafik.cz\/web\/wp-json\/wp\/v2\/product_tag?post=19100"}],"curies":[{"name":"wp","href":"https:\/\/api.w.org\/{rel}","templated":true}]}}