{"id":18843,"date":"2026-01-28T11:46:35","date_gmt":"2026-01-28T11:46:35","guid":{"rendered":"https:\/\/origin.kasafik.cz\/web\/?post_type=product&#038;p=18843"},"modified":"2026-01-28T12:41:25","modified_gmt":"2026-01-28T12:41:25","slug":"cashino-ptp-ii-58mm-bluetooth-tiskarna","status":"publish","type":"product","link":"https:\/\/www.kasafik.cz\/web\/produkt\/cashino-ptp-ii-58mm-bluetooth-tiskarna\/","title":{"rendered":"Cashino PTP-II 58mm Bluetooth Tisk\u00e1rna"},"content":{"rendered":"<p>Za\u0159\u00edzen\u00ed je d\u00edky sv\u00fdm kompaktn\u00edm rozm\u011br\u016fm a bateriov\u00e9mu provozu vhodn\u00e9 pro <strong>st\u00e1nkov\u00fd prodej, men\u0161\u00ed provozovny \u010di taxik\u00e1\u0159e.<\/strong><br \/>\nD\u00edky rozhran\u00ed Bluetooth a USB dok\u00e1\u017ee komunikovat s va\u0161im mobiln\u00edm telefonem, tabletem \u010di notebookem.<\/p>\n<p><strong>Kl\u00ed\u010dov\u00e9 vlastnosti mobiln\u00ed tisk\u00e1rny\u00a0Cashino PTP-II<\/strong><\/p>\n<ul>\n<li>P\u0159\u00edm\u00fd term\u00e1ln\u00ed tisk s rychlost\u00ed tisku a\u017e 80 mm\/s<\/li>\n<li>\u0160\u00ed\u0159ka tisku 48 mm na rolku 58 mm s pr\u016fm\u011brem 40 mm<\/li>\n<li>Akumul\u00e1tor 2000 mAh s v\u00fddr\u017e\u00ed a\u017e 8 hodin<\/li>\n<li>Podpora pou\u017e\u00edvan\u00fdch textov\u00fdch a grafick\u00fdch standard\u016f<\/li>\n<li>Komunika\u010dn\u00ed rozhran\u00ed Bluetooth, USB a RS232<\/li>\n<li>Podpora syst\u00e9m\u016f Android, iOS, Windows 7, Windows 8, Windows 10<\/li>\n<li>Indik\u00e1tor doch\u00e1zej\u00edc\u00edho pap\u00edru<\/li>\n<li>Praktick\u00e9 ko\u017een\u00e9 pouzdro<\/li>\n<\/ul>\n<p><strong><br \/>\nVysok\u00e1 v\u00fddr\u017e baterie &#8211; 2000mAh<\/strong><\/p>\n<p>Term\u00e1ln\u00ed technologie tisku p\u0159in\u00e1\u0161\u00ed oproti standardn\u00edm tisk\u00e1rn\u00e1m s pap\u00edrovou rolkou opravdu rychl\u00fd a kvalitn\u00ed tisk. Termokotou\u010dky jednodu\u0161e zalo\u017e\u00edte a m\u016f\u017eete ihned tisknout.<br \/>\nDob\u00edjec\u00ed baterie vydr\u017e\u00ed na jedno nabit\u00ed a\u017e 8 hodin nep\u0159etr\u017eit\u00e9ho tisku.<\/p>\n","protected":false},"excerpt":{"rendered":"<p>Cashino PTP je p\u0159enosn\u00e1 termotisk\u00e1rna pro mobiln\u00ed tvo\u0159en\u00ed \u00fa\u010dtenek, \u0161t\u00edtk\u016f a etiket.<\/p>\n","protected":false},"featured_media":18848,"comment_status":"closed","ping_status":"closed","template":"","meta":[],"product_brand":[],"product_cat":[218,256],"product_tag":[],"class_list":{"0":"post-18843","1":"product","2":"type-product","3":"status-publish","4":"has-post-thumbnail","6":"product_cat-prislusenstvi","7":"product_cat-printers","9":"first","10":"instock","11":"taxable","12":"shipping-taxable","13":"purchasable","14":"product-type-simple"},"yoast_head":"<!-- This site is optimized with the Yoast SEO plugin v27.4 - https:\/\/yoast.com\/product\/yoast-seo-wordpress\/ -->\n<title>Cashino PTP-II 58mm Bluetooth Tisk\u00e1rna - KASA FIK<\/title>\n<meta name=\"robots\" content=\"index, follow, max-snippet:-1, max-image-preview:large, max-video-preview:-1\" \/>\n<link rel=\"canonical\" href=\"https:\/\/www.kasafik.cz\/web\/produkt\/cashino-ptp-ii-58mm-bluetooth-tiskarna\/\" \/>\n<meta property=\"og:locale\" content=\"cs_CZ\" \/>\n<meta property=\"og:type\" content=\"article\" \/>\n<meta property=\"og:title\" content=\"Cashino PTP-II 58mm Bluetooth Tisk\u00e1rna - KASA FIK\" \/>\n<meta property=\"og:description\" content=\"Cashino PTP je p\u0159enosn\u00e1 termotisk\u00e1rna pro mobiln\u00ed tvo\u0159en\u00ed \u00fa\u010dtenek, \u0161t\u00edtk\u016f a etiket.\" \/>\n<meta property=\"og:url\" content=\"https:\/\/www.kasafik.cz\/web\/produkt\/cashino-ptp-ii-58mm-bluetooth-tiskarna\/\" \/>\n<meta property=\"og:site_name\" content=\"KASA FIK\" \/>\n<meta property=\"article:modified_time\" content=\"2026-01-28T12:41:25+00:00\" \/>\n<meta property=\"og:image\" content=\"https:\/\/www.kasafik.cz\/web\/wp-content\/uploads\/2026\/01\/114246c1f0a30317d4ba8a3b6a91eab1.webp\" \/>\n\t<meta property=\"og:image:width\" content=\"1024\" \/>\n\t<meta property=\"og:image:height\" content=\"1005\" \/>\n\t<meta property=\"og:image:type\" content=\"image\/webp\" \/>\n<meta name=\"twitter:card\" content=\"summary_large_image\" \/>\n<meta name=\"twitter:label1\" content=\"Odhadovan\u00e1 doba \u010dten\u00ed\" \/>\n\t<meta name=\"twitter:data1\" content=\"1 minuta\" \/>\n<script type=\"application\/ld+json\" class=\"yoast-schema-graph\">{\"@context\":\"https:\\\/\\\/schema.org\",\"@graph\":[{\"@type\":\"WebPage\",\"@id\":\"https:\\\/\\\/www.kasafik.cz\\\/web\\\/produkt\\\/cashino-ptp-ii-58mm-bluetooth-tiskarna\\\/\",\"url\":\"https:\\\/\\\/www.kasafik.cz\\\/web\\\/produkt\\\/cashino-ptp-ii-58mm-bluetooth-tiskarna\\\/\",\"name\":\"Cashino PTP-II 58mm Bluetooth Tisk\u00e1rna - KASA FIK\",\"isPartOf\":{\"@id\":\"https:\\\/\\\/www.kasafik.cz\\\/web\\\/#website\"},\"primaryImageOfPage\":{\"@id\":\"https:\\\/\\\/www.kasafik.cz\\\/web\\\/produkt\\\/cashino-ptp-ii-58mm-bluetooth-tiskarna\\\/#primaryimage\"},\"image\":{\"@id\":\"https:\\\/\\\/www.kasafik.cz\\\/web\\\/produkt\\\/cashino-ptp-ii-58mm-bluetooth-tiskarna\\\/#primaryimage\"},\"thumbnailUrl\":\"https:\\\/\\\/www.kasafik.cz\\\/web\\\/wp-content\\\/uploads\\\/2026\\\/01\\\/114246c1f0a30317d4ba8a3b6a91eab1.webp\",\"datePublished\":\"2026-01-28T11:46:35+00:00\",\"dateModified\":\"2026-01-28T12:41:25+00:00\",\"breadcrumb\":{\"@id\":\"https:\\\/\\\/www.kasafik.cz\\\/web\\\/produkt\\\/cashino-ptp-ii-58mm-bluetooth-tiskarna\\\/#breadcrumb\"},\"inLanguage\":\"cs\",\"potentialAction\":[{\"@type\":\"ReadAction\",\"target\":[\"https:\\\/\\\/www.kasafik.cz\\\/web\\\/produkt\\\/cashino-ptp-ii-58mm-bluetooth-tiskarna\\\/\"]}]},{\"@type\":\"ImageObject\",\"inLanguage\":\"cs\",\"@id\":\"https:\\\/\\\/www.kasafik.cz\\\/web\\\/produkt\\\/cashino-ptp-ii-58mm-bluetooth-tiskarna\\\/#primaryimage\",\"url\":\"https:\\\/\\\/www.kasafik.cz\\\/web\\\/wp-content\\\/uploads\\\/2026\\\/01\\\/114246c1f0a30317d4ba8a3b6a91eab1.webp\",\"contentUrl\":\"https:\\\/\\\/www.kasafik.cz\\\/web\\\/wp-content\\\/uploads\\\/2026\\\/01\\\/114246c1f0a30317d4ba8a3b6a91eab1.webp\",\"width\":1024,\"height\":1005},{\"@type\":\"BreadcrumbList\",\"@id\":\"https:\\\/\\\/www.kasafik.cz\\\/web\\\/produkt\\\/cashino-ptp-ii-58mm-bluetooth-tiskarna\\\/#breadcrumb\",\"itemListElement\":[{\"@type\":\"ListItem\",\"position\":1,\"name\":\"Home\",\"item\":\"https:\\\/\\\/origin.kasafik.cz\\\/web\\\/cs\\\/\"},{\"@type\":\"ListItem\",\"position\":2,\"name\":\"Shop\",\"item\":\"https:\\\/\\\/www.kasafik.cz\\\/web\\\/cs\\\/shop\\\/\"},{\"@type\":\"ListItem\",\"position\":3,\"name\":\"Cashino PTP-II 58mm Bluetooth Tisk\u00e1rna\"}]},{\"@type\":\"WebSite\",\"@id\":\"https:\\\/\\\/www.kasafik.cz\\\/web\\\/#website\",\"url\":\"https:\\\/\\\/www.kasafik.cz\\\/web\\\/\",\"name\":\"KASA FIK\",\"description\":\"\",\"potentialAction\":[{\"@type\":\"SearchAction\",\"target\":{\"@type\":\"EntryPoint\",\"urlTemplate\":\"https:\\\/\\\/www.kasafik.cz\\\/web\\\/?s={search_term_string}\"},\"query-input\":{\"@type\":\"PropertyValueSpecification\",\"valueRequired\":true,\"valueName\":\"search_term_string\"}}],\"inLanguage\":\"cs\"}]}<\/script>\n<!-- \/ Yoast SEO plugin. -->","yoast_head_json":{"title":"Cashino PTP-II 58mm Bluetooth Tisk\u00e1rna - KASA FIK","robots":{"index":"index","follow":"follow","max-snippet":"max-snippet:-1","max-image-preview":"max-image-preview:large","max-video-preview":"max-video-preview:-1"},"canonical":"https:\/\/www.kasafik.cz\/web\/produkt\/cashino-ptp-ii-58mm-bluetooth-tiskarna\/","og_locale":"cs_CZ","og_type":"article","og_title":"Cashino PTP-II 58mm Bluetooth Tisk\u00e1rna - KASA FIK","og_description":"Cashino PTP je p\u0159enosn\u00e1 termotisk\u00e1rna pro mobiln\u00ed tvo\u0159en\u00ed \u00fa\u010dtenek, \u0161t\u00edtk\u016f a etiket.","og_url":"https:\/\/www.kasafik.cz\/web\/produkt\/cashino-ptp-ii-58mm-bluetooth-tiskarna\/","og_site_name":"KASA FIK","article_modified_time":"2026-01-28T12:41:25+00:00","og_image":[{"width":1024,"height":1005,"url":"https:\/\/www.kasafik.cz\/web\/wp-content\/uploads\/2026\/01\/114246c1f0a30317d4ba8a3b6a91eab1.webp","type":"image\/webp"}],"twitter_card":"summary_large_image","twitter_misc":{"Odhadovan\u00e1 doba \u010dten\u00ed":"1 minuta"},"schema":{"@context":"https:\/\/schema.org","@graph":[{"@type":"WebPage","@id":"https:\/\/www.kasafik.cz\/web\/produkt\/cashino-ptp-ii-58mm-bluetooth-tiskarna\/","url":"https:\/\/www.kasafik.cz\/web\/produkt\/cashino-ptp-ii-58mm-bluetooth-tiskarna\/","name":"Cashino PTP-II 58mm Bluetooth Tisk\u00e1rna - KASA FIK","isPartOf":{"@id":"https:\/\/www.kasafik.cz\/web\/#website"},"primaryImageOfPage":{"@id":"https:\/\/www.kasafik.cz\/web\/produkt\/cashino-ptp-ii-58mm-bluetooth-tiskarna\/#primaryimage"},"image":{"@id":"https:\/\/www.kasafik.cz\/web\/produkt\/cashino-ptp-ii-58mm-bluetooth-tiskarna\/#primaryimage"},"thumbnailUrl":"https:\/\/www.kasafik.cz\/web\/wp-content\/uploads\/2026\/01\/114246c1f0a30317d4ba8a3b6a91eab1.webp","datePublished":"2026-01-28T11:46:35+00:00","dateModified":"2026-01-28T12:41:25+00:00","breadcrumb":{"@id":"https:\/\/www.kasafik.cz\/web\/produkt\/cashino-ptp-ii-58mm-bluetooth-tiskarna\/#breadcrumb"},"inLanguage":"cs","potentialAction":[{"@type":"ReadAction","target":["https:\/\/www.kasafik.cz\/web\/produkt\/cashino-ptp-ii-58mm-bluetooth-tiskarna\/"]}]},{"@type":"ImageObject","inLanguage":"cs","@id":"https:\/\/www.kasafik.cz\/web\/produkt\/cashino-ptp-ii-58mm-bluetooth-tiskarna\/#primaryimage","url":"https:\/\/www.kasafik.cz\/web\/wp-content\/uploads\/2026\/01\/114246c1f0a30317d4ba8a3b6a91eab1.webp","contentUrl":"https:\/\/www.kasafik.cz\/web\/wp-content\/uploads\/2026\/01\/114246c1f0a30317d4ba8a3b6a91eab1.webp","width":1024,"height":1005},{"@type":"BreadcrumbList","@id":"https:\/\/www.kasafik.cz\/web\/produkt\/cashino-ptp-ii-58mm-bluetooth-tiskarna\/#breadcrumb","itemListElement":[{"@type":"ListItem","position":1,"name":"Home","item":"https:\/\/origin.kasafik.cz\/web\/cs\/"},{"@type":"ListItem","position":2,"name":"Shop","item":"https:\/\/www.kasafik.cz\/web\/cs\/shop\/"},{"@type":"ListItem","position":3,"name":"Cashino PTP-II 58mm Bluetooth Tisk\u00e1rna"}]},{"@type":"WebSite","@id":"https:\/\/www.kasafik.cz\/web\/#website","url":"https:\/\/www.kasafik.cz\/web\/","name":"KASA FIK","description":"","potentialAction":[{"@type":"SearchAction","target":{"@type":"EntryPoint","urlTemplate":"https:\/\/www.kasafik.cz\/web\/?s={search_term_string}"},"query-input":{"@type":"PropertyValueSpecification","valueRequired":true,"valueName":"search_term_string"}}],"inLanguage":"cs"}]}},"jetpack_sharing_enabled":true,"_links":{"self":[{"href":"https:\/\/www.kasafik.cz\/web\/wp-json\/wp\/v2\/product\/18843","targetHints":{"allow":["GET"]}}],"collection":[{"href":"https:\/\/www.kasafik.cz\/web\/wp-json\/wp\/v2\/product"}],"about":[{"href":"https:\/\/www.kasafik.cz\/web\/wp-json\/wp\/v2\/types\/product"}],"replies":[{"embeddable":true,"href":"https:\/\/www.kasafik.cz\/web\/wp-json\/wp\/v2\/comments?post=18843"}],"version-history":[{"count":2,"href":"https:\/\/www.kasafik.cz\/web\/wp-json\/wp\/v2\/product\/18843\/revisions"}],"predecessor-version":[{"id":18847,"href":"https:\/\/www.kasafik.cz\/web\/wp-json\/wp\/v2\/product\/18843\/revisions\/18847"}],"wp:featuredmedia":[{"embeddable":true,"href":"https:\/\/www.kasafik.cz\/web\/wp-json\/wp\/v2\/media\/18848"}],"wp:attachment":[{"href":"https:\/\/www.kasafik.cz\/web\/wp-json\/wp\/v2\/media?parent=18843"}],"wp:term":[{"taxonomy":"product_brand","embeddable":true,"href":"https:\/\/www.kasafik.cz\/web\/wp-json\/wp\/v2\/product_brand?post=18843"},{"taxonomy":"product_cat","embeddable":true,"href":"https:\/\/www.kasafik.cz\/web\/wp-json\/wp\/v2\/product_cat?post=18843"},{"taxonomy":"product_tag","embeddable":true,"href":"https:\/\/www.kasafik.cz\/web\/wp-json\/wp\/v2\/product_tag?post=18843"}],"curies":[{"name":"wp","href":"https:\/\/api.w.org\/{rel}","templated":true}]}}