{"id":17616,"date":"2025-03-24T08:54:39","date_gmt":"2025-03-24T08:54:39","guid":{"rendered":"https:\/\/origin.kasafik.cz\/web\/?post_type=product&#038;p=17616"},"modified":"2026-03-09T10:32:33","modified_gmt":"2026-03-09T10:32:33","slug":"kasa-fik-hit-156-2025","status":"publish","type":"product","link":"https:\/\/www.kasafik.cz\/web\/produkt\/kasa-fik-hit-156-2025\/","title":{"rendered":"KASA FIK HIT 15&#8217;6"},"content":{"rendered":"<div style=\"float: right;width: 50%\">\n<div style=\"width: 640px;\" class=\"wp-video\"><video class=\"wp-video-shortcode\" id=\"video-17616-1\" width=\"640\" height=\"360\" loop autoplay preload=\"auto\" controls=\"controls\"><source type=\"video\/mp4\" src=\"\/web\/wp-content\/uploads\/2025\/03\/kasafik-15-rotate.mp4?_=1\" \/><a href=\"\/web\/wp-content\/uploads\/2025\/03\/kasafik-15-rotate.mp4\">\/web\/wp-content\/uploads\/2025\/03\/kasafik-15-rotate.mp4<\/a><\/video><\/div>\n<\/div>\n<p>Hled\u00e1te pokladnu, kter\u00e1 je spolehliv\u00e1, rychl\u00e1 a intuitivn\u00ed, a z\u00e1rove\u0148 skv\u011ble vypad\u00e1? Pak je KASA FIK HIT 15,6&#8243; ide\u00e1ln\u00edm \u0159e\u0161en\u00edm pro V\u00e1\u0161 obchod, restauraci, bistro nebo poskytovatele slu\u017eeb! S touto modern\u00ed pokladnou z\u00edsk\u00e1te efektivn\u00ed n\u00e1stroj pro usnadn\u011bn\u00ed ka\u017edodenn\u00edho provozu.<\/p>\n<p><strong>Hlavn\u00ed Vlastnosti a V\u00fdhody, kter\u00e9 ocen\u00edte:<\/strong><\/p>\n<ul>\n<li><strong>Velk\u00fd a p\u0159ehledn\u00fd 15,6&#8243; dotykov\u00fd displej:<\/strong>\u00a0Snadn\u00e9 a rychl\u00e9 markov\u00e1n\u00ed polo\u017eek a p\u0159ehledn\u00e9 zobrazen\u00ed pro obsluhu i z\u00e1kazn\u00edka. Kontrastn\u00ed displej zaru\u010duje v\u00fdbornou \u010ditelnost i v n\u00e1ro\u010dn\u00fdch sv\u011bteln\u00fdch podm\u00ednk\u00e1ch.<\/li>\n<li><strong>V\u00fdkonn\u00fd Hardware:<\/strong>\u00a0Rychl\u00fd procesor a dostatek pam\u011bti pro plynul\u00fd chod i p\u0159i n\u00e1ro\u010dn\u011bj\u0161\u00edm provozu. Android syst\u00e9m zaji\u0161\u0165uje stabilitu a kompatibilitu s modern\u00edmi aplikacemi.<\/li>\n<li><strong>Intuitivn\u00ed Software s v\u00edce ne\u017e 100 funkcemi:<\/strong>\u00a0Jednoduch\u00e9 a rychl\u00e9 nastaven\u00ed, snadn\u00e9 markov\u00e1n\u00ed, uz\u00e1v\u011brky, p\u0159ehledy tr\u017eeb a spoustu dal\u0161\u00edch funkc\u00ed pro efektivn\u00ed spr\u00e1vu Va\u0161eho podnik\u00e1n\u00ed. Licence STANDARD nebo PREMIUM dle Va\u0161ich pot\u0159eb.<\/li>\n<li><strong>Rychl\u00e1 pokladn\u00ed tisk\u00e1rna 80mm s automatickou \u0159eza\u010dkou:<\/strong>\u00a0Kvalitn\u00ed tisk \u00fa\u010dtenek s automatick\u00fdm odst\u0159ihem pro rychl\u00e9 a profesion\u00e1ln\u00ed odbaven\u00ed z\u00e1kazn\u00edk\u016f. P\u0159ipojen\u00ed p\u0159es USB.<\/li>\n<li><strong>Z\u00e1kaznick\u00fd Displej:<\/strong>\u00a0Velk\u00fd z\u00e1kaznick\u00fd displej pro jasn\u00e9 zobrazen\u00ed polo\u017eek a cen pro z\u00e1kazn\u00edka.<\/li>\n<li><strong>Odoln\u00e9 a elegantn\u00ed proveden\u00ed:<\/strong>\u00a0Robustn\u00ed hlin\u00edkov\u00e9 t\u011blo zaru\u010duje dlouhou \u017eivotnost.<\/li>\n<\/ul>\n<p><strong>Pro koho je Pokladna KASA FIK HIT ur\u010dena?<\/strong><\/p>\n<p>Tato pokladna je ide\u00e1ln\u00ed pro:<\/p>\n<ul>\n<li><strong>Restaurace a bistra:<\/strong>\u00a0D\u00edky intuitivn\u00edmu ovl\u00e1d\u00e1n\u00ed a praktick\u00fdm funkc\u00edm pro obsluhu stol\u016f a rychl\u00e9 odbaven\u00ed z\u00e1kazn\u00edk\u016f.<\/li>\n<li><strong>Maloobchodn\u00ed prodejny a obch\u016fdky:<\/strong>\u00a0Pro rychl\u00e9 a efektivn\u00ed markov\u00e1n\u00ed zbo\u017e\u00ed a spr\u00e1vu skladov\u00fdch z\u00e1sob.<\/li>\n<li><strong>Poskytovatele slu\u017eeb:<\/strong>\u00a0Pro jednoduch\u00e9 fakturov\u00e1n\u00ed a spr\u00e1vu z\u00e1kazn\u00edk\u016f.<\/li>\n<\/ul>\n<p><strong>N\u00e1\u0161 software nab\u00edz\u00ed:<\/strong><\/p>\n<ul>\n<li><strong>Snadn\u00e9 a rychl\u00e9 nastaven\u00ed:<\/strong>\u00a0B\u011bhem chvilky si pokladnu nastav\u00edte dle sv\u00fdch pot\u0159eb.<\/li>\n<li><strong>Intuitivn\u00ed ovl\u00e1d\u00e1n\u00ed:<\/strong>\u00a0\u017d\u00e1dn\u00e9 slo\u017eit\u00e9 postupy, v\u0161e je navr\u017eeno pro maxim\u00e1ln\u00ed u\u017eivatelskou p\u0159\u00edv\u011btivost.<\/li>\n<li><strong>P\u0159izp\u016fsobitelnost:<\/strong>\u00a0Software si m\u016f\u017eete p\u0159izp\u016fsobit specifick\u00fdm pot\u0159eb\u00e1m Va\u0161eho podnik\u00e1n\u00ed.<\/li>\n<li><strong>Kvalitn\u00ed z\u00e1kaznick\u00e1 podpora:<\/strong>\u00a0Jsme V\u00e1m k dispozici s radou i pomoc\u00ed.<\/li>\n<\/ul>\n<p><strong>Technick\u00e9 specifikace:<\/strong><\/p>\n<ul>\n<li><strong>Displej:<\/strong>\u00a015,6&#8243; dotykov\u00fd<\/li>\n<li><strong>T\u011blo:<\/strong>\u00a0Hlin\u00edkov\u00e9 proveden\u00ed<\/li>\n<li><strong>Tisk\u00e1rna:<\/strong>\u00a080mm term\u00e1ln\u00ed s \u0159eza\u010dkou (USB)<\/li>\n<li><strong>Z\u00e1ruka:<\/strong>\u00a024 m\u011bs\u00edc\u016f<\/li>\n<\/ul>\n<p><strong>Dopl\u0148kov\u00e9 slu\u017eby a mo\u017enosti:<\/strong><\/p>\n<ul>\n<li>Pro aktivn\u00ed p\u0159edplatitele nab\u00edz\u00edme okam\u017eitou v\u00fdm\u011bnu a servis v p\u0159\u00edpad\u011b probl\u00e9m\u016f.<\/li>\n<\/ul>\n","protected":false},"excerpt":{"rendered":"<p>P\u0159edstaven\u00e1 stoln\u00ed pokladna KASA FIK HIT 15,6&#8243;, modelov\u00fd rok 2025 je stabiln\u00ed a pohodln\u00e1 volba pro maloobchod, men\u0161\u00ed obch\u016fdky a slu\u017eby. S velk\u00fdm 15.6&#8243; displejem je ide\u00e1ln\u00ed pro rychlou reakci na po\u017eadavky z\u00e1kazn\u00edk\u016f. KASA FIK 15 je skv\u011blou volbou pro restaurace nebo bistra d\u00edky sv\u00fdm praktick\u00fdm funkcemi a p\u0159ehledn\u00e9 obsluze, kter\u00e9 zjednodu\u0161uj\u00ed ka\u017edodenn\u00ed chod podniku.<\/p>\n","protected":false},"featured_media":18369,"comment_status":"closed","ping_status":"closed","template":"","meta":[],"product_brand":[],"product_cat":[282,231],"product_tag":[280,271],"class_list":{"0":"post-17616","1":"product","2":"type-product","3":"status-publish","4":"has-post-thumbnail","6":"product_cat-akcni-sety","7":"product_cat-pokladni-sety","8":"product_tag-alza","9":"product_tag-novinka-2025","11":"first","12":"instock","13":"sale","14":"taxable","15":"shipping-taxable","16":"purchasable","17":"product-type-variable","18":"has-default-attributes"},"yoast_head":"<!-- This site is optimized with the Yoast SEO plugin v27.4 - https:\/\/yoast.com\/product\/yoast-seo-wordpress\/ -->\n<title>KASA FIK HIT 15&#039;6 - KASA FIK<\/title>\n<meta name=\"robots\" content=\"index, follow, max-snippet:-1, max-image-preview:large, max-video-preview:-1\" \/>\n<link rel=\"canonical\" href=\"https:\/\/www.kasafik.cz\/web\/produkt\/kasa-fik-hit-156-2025\/\" \/>\n<meta property=\"og:locale\" content=\"cs_CZ\" \/>\n<meta property=\"og:type\" content=\"article\" \/>\n<meta property=\"og:title\" content=\"KASA FIK HIT 15&#039;6 - KASA FIK\" \/>\n<meta property=\"og:description\" content=\"P\u0159edstaven\u00e1 stoln\u00ed pokladna KASA FIK HIT 15,6&quot;, modelov\u00fd rok 2025 je stabiln\u00ed a pohodln\u00e1 volba pro maloobchod, men\u0161\u00ed obch\u016fdky a slu\u017eby. S velk\u00fdm 15.6&quot; displejem je ide\u00e1ln\u00ed pro rychlou reakci na po\u017eadavky z\u00e1kazn\u00edk\u016f. KASA FIK 15 je skv\u011blou volbou pro restaurace nebo bistra d\u00edky sv\u00fdm praktick\u00fdm funkcemi a p\u0159ehledn\u00e9 obsluze, kter\u00e9 zjednodu\u0161uj\u00ed ka\u017edodenn\u00ed chod podniku.\" \/>\n<meta property=\"og:url\" content=\"https:\/\/www.kasafik.cz\/web\/produkt\/kasa-fik-hit-156-2025\/\" \/>\n<meta property=\"og:site_name\" content=\"KASA FIK\" \/>\n<meta property=\"article:modified_time\" content=\"2026-03-09T10:32:33+00:00\" \/>\n<meta property=\"og:image\" content=\"https:\/\/www.kasafik.cz\/web\/wp-content\/uploads\/2025\/03\/kasafik-15-printer-set.png\" \/>\n\t<meta property=\"og:image:width\" content=\"761\" \/>\n\t<meta property=\"og:image:height\" content=\"761\" \/>\n\t<meta property=\"og:image:type\" content=\"image\/png\" \/>\n<meta name=\"twitter:card\" content=\"summary_large_image\" \/>\n<meta name=\"twitter:label1\" content=\"Odhadovan\u00e1 doba \u010dten\u00ed\" \/>\n\t<meta name=\"twitter:data1\" content=\"2 minuty\" \/>\n<script type=\"application\/ld+json\" class=\"yoast-schema-graph\">{\"@context\":\"https:\\\/\\\/schema.org\",\"@graph\":[{\"@type\":\"WebPage\",\"@id\":\"https:\\\/\\\/www.kasafik.cz\\\/web\\\/produkt\\\/kasa-fik-hit-156-2025\\\/\",\"url\":\"https:\\\/\\\/www.kasafik.cz\\\/web\\\/produkt\\\/kasa-fik-hit-156-2025\\\/\",\"name\":\"KASA FIK HIT 15'6 - KASA FIK\",\"isPartOf\":{\"@id\":\"https:\\\/\\\/www.kasafik.cz\\\/web\\\/#website\"},\"primaryImageOfPage\":{\"@id\":\"https:\\\/\\\/www.kasafik.cz\\\/web\\\/produkt\\\/kasa-fik-hit-156-2025\\\/#primaryimage\"},\"image\":{\"@id\":\"https:\\\/\\\/www.kasafik.cz\\\/web\\\/produkt\\\/kasa-fik-hit-156-2025\\\/#primaryimage\"},\"thumbnailUrl\":\"https:\\\/\\\/www.kasafik.cz\\\/web\\\/wp-content\\\/uploads\\\/2025\\\/03\\\/kasafik-15-printer-set.png\",\"datePublished\":\"2025-03-24T08:54:39+00:00\",\"dateModified\":\"2026-03-09T10:32:33+00:00\",\"breadcrumb\":{\"@id\":\"https:\\\/\\\/www.kasafik.cz\\\/web\\\/produkt\\\/kasa-fik-hit-156-2025\\\/#breadcrumb\"},\"inLanguage\":\"cs\",\"potentialAction\":[{\"@type\":\"ReadAction\",\"target\":[\"https:\\\/\\\/www.kasafik.cz\\\/web\\\/produkt\\\/kasa-fik-hit-156-2025\\\/\"]}]},{\"@type\":\"ImageObject\",\"inLanguage\":\"cs\",\"@id\":\"https:\\\/\\\/www.kasafik.cz\\\/web\\\/produkt\\\/kasa-fik-hit-156-2025\\\/#primaryimage\",\"url\":\"https:\\\/\\\/www.kasafik.cz\\\/web\\\/wp-content\\\/uploads\\\/2025\\\/03\\\/kasafik-15-printer-set.png\",\"contentUrl\":\"https:\\\/\\\/www.kasafik.cz\\\/web\\\/wp-content\\\/uploads\\\/2025\\\/03\\\/kasafik-15-printer-set.png\",\"width\":761,\"height\":761},{\"@type\":\"BreadcrumbList\",\"@id\":\"https:\\\/\\\/www.kasafik.cz\\\/web\\\/produkt\\\/kasa-fik-hit-156-2025\\\/#breadcrumb\",\"itemListElement\":[{\"@type\":\"ListItem\",\"position\":1,\"name\":\"Home\",\"item\":\"https:\\\/\\\/www.kasafik.cz\\\/web\\\/cs\\\/\"},{\"@type\":\"ListItem\",\"position\":2,\"name\":\"Shop\",\"item\":\"https:\\\/\\\/www.kasafik.cz\\\/web\\\/cs\\\/shop\\\/\"},{\"@type\":\"ListItem\",\"position\":3,\"name\":\"KASA FIK HIT 15&#8217;6\"}]},{\"@type\":\"WebSite\",\"@id\":\"https:\\\/\\\/www.kasafik.cz\\\/web\\\/#website\",\"url\":\"https:\\\/\\\/www.kasafik.cz\\\/web\\\/\",\"name\":\"KASA FIK\",\"description\":\"\",\"potentialAction\":[{\"@type\":\"SearchAction\",\"target\":{\"@type\":\"EntryPoint\",\"urlTemplate\":\"https:\\\/\\\/www.kasafik.cz\\\/web\\\/?s={search_term_string}\"},\"query-input\":{\"@type\":\"PropertyValueSpecification\",\"valueRequired\":true,\"valueName\":\"search_term_string\"}}],\"inLanguage\":\"cs\"}]}<\/script>\n<!-- \/ Yoast SEO plugin. -->","yoast_head_json":{"title":"KASA FIK HIT 15'6 - KASA FIK","robots":{"index":"index","follow":"follow","max-snippet":"max-snippet:-1","max-image-preview":"max-image-preview:large","max-video-preview":"max-video-preview:-1"},"canonical":"https:\/\/www.kasafik.cz\/web\/produkt\/kasa-fik-hit-156-2025\/","og_locale":"cs_CZ","og_type":"article","og_title":"KASA FIK HIT 15'6 - KASA FIK","og_description":"P\u0159edstaven\u00e1 stoln\u00ed pokladna KASA FIK HIT 15,6\", modelov\u00fd rok 2025 je stabiln\u00ed a pohodln\u00e1 volba pro maloobchod, men\u0161\u00ed obch\u016fdky a slu\u017eby. S velk\u00fdm 15.6\" displejem je ide\u00e1ln\u00ed pro rychlou reakci na po\u017eadavky z\u00e1kazn\u00edk\u016f. KASA FIK 15 je skv\u011blou volbou pro restaurace nebo bistra d\u00edky sv\u00fdm praktick\u00fdm funkcemi a p\u0159ehledn\u00e9 obsluze, kter\u00e9 zjednodu\u0161uj\u00ed ka\u017edodenn\u00ed chod podniku.","og_url":"https:\/\/www.kasafik.cz\/web\/produkt\/kasa-fik-hit-156-2025\/","og_site_name":"KASA FIK","article_modified_time":"2026-03-09T10:32:33+00:00","og_image":[{"width":761,"height":761,"url":"https:\/\/www.kasafik.cz\/web\/wp-content\/uploads\/2025\/03\/kasafik-15-printer-set.png","type":"image\/png"}],"twitter_card":"summary_large_image","twitter_misc":{"Odhadovan\u00e1 doba \u010dten\u00ed":"2 minuty"},"schema":{"@context":"https:\/\/schema.org","@graph":[{"@type":"WebPage","@id":"https:\/\/www.kasafik.cz\/web\/produkt\/kasa-fik-hit-156-2025\/","url":"https:\/\/www.kasafik.cz\/web\/produkt\/kasa-fik-hit-156-2025\/","name":"KASA FIK HIT 15'6 - KASA FIK","isPartOf":{"@id":"https:\/\/www.kasafik.cz\/web\/#website"},"primaryImageOfPage":{"@id":"https:\/\/www.kasafik.cz\/web\/produkt\/kasa-fik-hit-156-2025\/#primaryimage"},"image":{"@id":"https:\/\/www.kasafik.cz\/web\/produkt\/kasa-fik-hit-156-2025\/#primaryimage"},"thumbnailUrl":"https:\/\/www.kasafik.cz\/web\/wp-content\/uploads\/2025\/03\/kasafik-15-printer-set.png","datePublished":"2025-03-24T08:54:39+00:00","dateModified":"2026-03-09T10:32:33+00:00","breadcrumb":{"@id":"https:\/\/www.kasafik.cz\/web\/produkt\/kasa-fik-hit-156-2025\/#breadcrumb"},"inLanguage":"cs","potentialAction":[{"@type":"ReadAction","target":["https:\/\/www.kasafik.cz\/web\/produkt\/kasa-fik-hit-156-2025\/"]}]},{"@type":"ImageObject","inLanguage":"cs","@id":"https:\/\/www.kasafik.cz\/web\/produkt\/kasa-fik-hit-156-2025\/#primaryimage","url":"https:\/\/www.kasafik.cz\/web\/wp-content\/uploads\/2025\/03\/kasafik-15-printer-set.png","contentUrl":"https:\/\/www.kasafik.cz\/web\/wp-content\/uploads\/2025\/03\/kasafik-15-printer-set.png","width":761,"height":761},{"@type":"BreadcrumbList","@id":"https:\/\/www.kasafik.cz\/web\/produkt\/kasa-fik-hit-156-2025\/#breadcrumb","itemListElement":[{"@type":"ListItem","position":1,"name":"Home","item":"https:\/\/www.kasafik.cz\/web\/cs\/"},{"@type":"ListItem","position":2,"name":"Shop","item":"https:\/\/www.kasafik.cz\/web\/cs\/shop\/"},{"@type":"ListItem","position":3,"name":"KASA FIK HIT 15&#8217;6"}]},{"@type":"WebSite","@id":"https:\/\/www.kasafik.cz\/web\/#website","url":"https:\/\/www.kasafik.cz\/web\/","name":"KASA FIK","description":"","potentialAction":[{"@type":"SearchAction","target":{"@type":"EntryPoint","urlTemplate":"https:\/\/www.kasafik.cz\/web\/?s={search_term_string}"},"query-input":{"@type":"PropertyValueSpecification","valueRequired":true,"valueName":"search_term_string"}}],"inLanguage":"cs"}]}},"jetpack_sharing_enabled":true,"_links":{"self":[{"href":"https:\/\/www.kasafik.cz\/web\/wp-json\/wp\/v2\/product\/17616","targetHints":{"allow":["GET"]}}],"collection":[{"href":"https:\/\/www.kasafik.cz\/web\/wp-json\/wp\/v2\/product"}],"about":[{"href":"https:\/\/www.kasafik.cz\/web\/wp-json\/wp\/v2\/types\/product"}],"replies":[{"embeddable":true,"href":"https:\/\/www.kasafik.cz\/web\/wp-json\/wp\/v2\/comments?post=17616"}],"version-history":[{"count":15,"href":"https:\/\/www.kasafik.cz\/web\/wp-json\/wp\/v2\/product\/17616\/revisions"}],"predecessor-version":[{"id":18915,"href":"https:\/\/www.kasafik.cz\/web\/wp-json\/wp\/v2\/product\/17616\/revisions\/18915"}],"wp:featuredmedia":[{"embeddable":true,"href":"https:\/\/www.kasafik.cz\/web\/wp-json\/wp\/v2\/media\/18369"}],"wp:attachment":[{"href":"https:\/\/www.kasafik.cz\/web\/wp-json\/wp\/v2\/media?parent=17616"}],"wp:term":[{"taxonomy":"product_brand","embeddable":true,"href":"https:\/\/www.kasafik.cz\/web\/wp-json\/wp\/v2\/product_brand?post=17616"},{"taxonomy":"product_cat","embeddable":true,"href":"https:\/\/www.kasafik.cz\/web\/wp-json\/wp\/v2\/product_cat?post=17616"},{"taxonomy":"product_tag","embeddable":true,"href":"https:\/\/www.kasafik.cz\/web\/wp-json\/wp\/v2\/product_tag?post=17616"}],"curies":[{"name":"wp","href":"https:\/\/api.w.org\/{rel}","templated":true}]}}