{"id":17496,"date":"2025-01-13T19:07:45","date_gmt":"2025-01-13T19:07:45","guid":{"rendered":"https:\/\/origin.kasafik.cz\/web\/?post_type=product&#038;p=17496"},"modified":"2025-09-09T15:29:30","modified_gmt":"2025-09-09T15:29:30","slug":"menicka-na-mince-a-bankovky-akceptor","status":"publish","type":"product","link":"https:\/\/www.kasafik.cz\/web\/produkt\/menicka-na-mince-a-bankovky-akceptor\/","title":{"rendered":"M\u011bni\u010dka na mince a bankovky, akceptor"},"content":{"rendered":"<p><strong>P\u0159ij\u00edma\u010d bankovek a m\u011bni\u010d minc\u00ed<\/strong><\/p>\n<p><a href=\"\/web\/wp-content\/uploads\/2025\/01\/cashbox-6.jpeg\"><img fetchpriority=\"high\" decoding=\"async\" class=\" wp-image-18476 alignright\" src=\"\/web\/wp-content\/uploads\/2025\/01\/cashbox-6-747x1024.jpeg\" alt=\"\" width=\"453\" height=\"621\" srcset=\"https:\/\/www.kasafik.cz\/web\/wp-content\/uploads\/2025\/01\/cashbox-6-747x1024.jpeg 747w, https:\/\/www.kasafik.cz\/web\/wp-content\/uploads\/2025\/01\/cashbox-6-219x300.jpeg 219w, https:\/\/www.kasafik.cz\/web\/wp-content\/uploads\/2025\/01\/cashbox-6-768x1052.jpeg 768w, https:\/\/www.kasafik.cz\/web\/wp-content\/uploads\/2025\/01\/cashbox-6-600x822.jpeg 600w, https:\/\/www.kasafik.cz\/web\/wp-content\/uploads\/2025\/01\/cashbox-6.jpeg 864w\" sizes=\"(max-width: 453px) 100vw, 453px\" \/><\/a><\/p>\n<p>Objevte \u0161pi\u010dkovou technologii v oblasti automatizovan\u00fdch platebn\u00edch syst\u00e9m\u016f s na\u0161\u00edm p\u0159ij\u00edma\u010dem bankovek a m\u011bni\u010dem minc\u00ed. Tento p\u0159\u00edstroj je ide\u00e1ln\u00ed pro r\u016fzn\u00e9 komer\u010dn\u00ed aplikace, v\u010detn\u011b prodejn\u00edch automat\u016f, parkovac\u00edch automat\u016f, samoobslu\u017en\u00fdch kiosk\u016f a dal\u0161\u00edch.<\/p>\n<p>Voliteln\u011b, na\u0161e za\u0159\u00edzen\u00ed pro <strong>recyklaci bankovek<\/strong> je certifikov\u00e1no \u010ceskou N\u00e1rodn\u00ed Bankou, co\u017e potvrzuje jeho kvalitu a spolehlivost. Tento syst\u00e9m kombinuje pokro\u010dil\u00e9 technologie Smart Coin System a Akceptor Bankovek, kter\u00e9 zaji\u0161\u0165uj\u00ed efektivn\u00ed a rychl\u00e9 zpracov\u00e1n\u00ed hotovostn\u00edch transakc\u00ed.<\/p>\n<h3>Smart Coin System<\/h3>\n<p>Smart Coin System je vybaven revolu\u010dn\u00edm Smart Hopperem a hromadn\u00fd valid\u00e1torem, kter\u00e9 umo\u017e\u0148uj\u00ed bleskov\u011b rychl\u00e9 p\u0159ijet\u00ed a rozpozn\u00e1n\u00ed nerozt\u0159\u00edd\u011bn\u00fdch minc\u00ed. P\u0159\u00edstroj dok\u00e1\u017ee zpracovat a\u017e 12 minc\u00ed za sekundu, co\u017e z n\u011bj \u010din\u00ed ide\u00e1ln\u00ed volbu pro obchodn\u00ed, bankovn\u00ed a z\u00e1bavn\u00ed sektor. Pracuje s mincemi o pr\u016fm\u011bru 18 &#8211; 28,5 mm a tlou\u0161\u0165ce 1,65 &#8211; 3,2 mm. Nap\u00e1jen\u00ed je zaji\u0161t\u011bno na 24V a pro komunikaci podporuje protokoly SSP a ccTalk. Inteligentn\u00ed design umo\u017e\u0148uje jednoduchou mont\u00e1\u017e a demont\u00e1\u017e, a v\u00fdrobce poskytuje bezplatn\u00e9 aktualizace FW a SW po celou dobu podpory produktu. P\u0159i objedn\u00e1n\u00ed je t\u0159eba specifikovat m\u011bnu, pro kterou bude hopper pou\u017e\u00edv\u00e1n, aby mohl b\u00fdt osazen odpov\u00eddaj\u00edc\u00ed kotou\u010d pro dan\u00e9 mince.<\/p>\n<h3>Akceptor Bankovek &#8211; bez vracen\u00ed<\/h3>\n<p>P\u0159ij\u00edm\u00e1 bankovky bez mo\u017enosti vr\u00e1cen\u00ed bankovek &#8211; vrac\u00ed pouze mince. Ide\u00e1ln\u00ed pro m\u011bni\u010dky a m\u00edsta, kde doch\u00e1z\u00ed p\u0159edev\u0161\u00edm k akumulaci hotovosti.<\/p>\n<h3>Akceptor Bankovek &#8211; s vracen\u00edm bankovek (recyklace)<\/h3>\n<p>N\u00e1\u0161 akceptor je voliteln\u011b dovybaven automatem na zpracov\u00e1n\u00ed a recyklaci bankovek.\u00a0 Pomoc\u00ed \u010dty\u0159 recykla\u010dn\u00edch kazetet, z nich\u017e ka\u017ed\u00e1 m\u00e1 kapacitu na 30 bankovek. Nav\u00edc je k dispozici voliteln\u00e1 dopl\u0148ovac\u00ed kazeta s kapacitou a\u017e 300 bankovek, kterou lze pou\u017e\u00edt jako p\u00e1tou recykla\u010dn\u00ed kazetu. Takto lze dos\u00e1hnout celkov\u00e9 kapacity recyklace a\u017e 420 bankovek. Tento syst\u00e9m zaji\u0161\u0165uje efektivn\u00ed zpracov\u00e1n\u00ed a recyklaci bankovek v r\u016fzn\u00fdch aplikac\u00edch.<\/p>\n<p>S na\u0161\u00edm certifikovan\u00fdm p\u0159ij\u00edma\u010dem bankovek a m\u011bni\u010dem minc\u00ed z\u00edsk\u00e1te spolehliv\u00e9 a efektivn\u00ed \u0159e\u0161en\u00ed pro v\u0161echny va\u0161e hotovostn\u00ed operace. Pro v\u00edce informac\u00ed a specifikaci p\u0159izp\u016fsobenou va\u0161im pot\u0159eb\u00e1m n\u00e1s nev\u00e1hejte kontaktovat.<\/p>\n<h3>Ide\u00e1ln\u00ed dopl\u0148ek k samoobslu\u017en\u00fdm kiosk\u016fm<\/h3>\n<p>Dopl\u0148te samoobslu\u017en\u00fd kiosk o akceptor hotovosti, kter\u00fd recykluje bankovky i mince. Mo\u017enost propojen\u00edm s na\u0161imi KASA FIK KIOSK syst\u00e9my, nebo mo\u017en\u00e9 pou\u017eit\u00ed samostatn\u011b. Voliteln\u011b lze doplnit o platebn\u00ed termin\u00e1l a pou\u017e\u00edt za\u0159\u00edzen\u00ed jako jedno unifikovan\u00e9 \u0159e\u0161en\u00ed.<\/p>\n<p><strong>Kl\u00ed\u010dov\u00e9 vlastnosti:<\/strong><\/p>\n<ul>\n<li><strong>Vysok\u00e1 spolehlivost a p\u0159esnost:<\/strong>\u00a0D\u00edky pokro\u010dil\u00fdm senzor\u016fm a algoritm\u016fm rozpozn\u00e1v\u00e1n\u00ed je zaji\u0161t\u011bno rychl\u00e9 a p\u0159esn\u00e9 zpracov\u00e1n\u00ed bankovek i minc\u00ed.<\/li>\n<li><strong>\u0160irok\u00e1 kompatibilita:<\/strong>\u00a0Podporuje \u0161irokou \u0161k\u00e1lu m\u011bn a je snadno p\u0159izp\u016fsobiteln\u00fd pro r\u016fzn\u00e9 n\u00e1rodn\u00ed standardy.<\/li>\n<li><strong>Jednoduch\u00e1 \u00fadr\u017eba:<\/strong>\u00a0Modul\u00e1rn\u00ed design umo\u017e\u0148uje snadnou \u00fadr\u017ebu a rychlou v\u00fdm\u011bnu sou\u010d\u00e1st\u00ed, co\u017e minimalizuje \u010dasov\u00e9 prostoje.<\/li>\n<li><strong>Bezpe\u010dnost na prvn\u00edm m\u00edst\u011b:<\/strong>\u00a0Vestav\u011bn\u00e9 bezpe\u010dnostn\u00ed funkce chr\u00e1n\u00ed proti podvodn\u00fdm transakc\u00edm a neopr\u00e1vn\u011bn\u00e9 manipulaci.<\/li>\n<li><strong>U\u017eivatelsky p\u0159\u00edv\u011btiv\u00e9 rozhran\u00ed:<\/strong>\u00a0Intuitivn\u00ed ovl\u00e1dac\u00ed panel a snadno \u010diteln\u00fd displej zaji\u0161\u0165uj\u00ed bezprobl\u00e9mov\u00e9 pou\u017e\u00edv\u00e1n\u00ed pro obsluhu i z\u00e1kazn\u00edky.<\/li>\n<li><strong>Certifikace<\/strong> \u010ceskou N\u00e1rodn\u00ed Bankou pro recyklaci bankovek a minc\u00ed<\/li>\n<\/ul>\n<p><strong>Technick\u00e9 specifikace:<\/strong><\/p>\n<ul>\n<li><strong>Nap\u00e1jen\u00ed:<\/strong>\u00a012V DC nebo 24V DC<\/li>\n<li><strong>Rychlost zpracov\u00e1n\u00ed bankovek:<\/strong>\u00a0A\u017e 1 bankovka za sekundu<\/li>\n<li><strong>Kapacita minc\u00ed:<\/strong>\u00a0A\u017e 1500 minc\u00ed r\u016fzn\u00fdch nomin\u00e1ln\u00edch hodnot<\/li>\n<li><strong>Komunikace:<\/strong>\u00a0Podpora protokol\u016f MDB, ccTalk, a dal\u0161\u00edch standardn\u00edch rozhran\u00ed<\/li>\n<\/ul>\n<p>Zvy\u0161te efektivitu a pohodl\u00ed ve sv\u00e9m podnik\u00e1n\u00ed s na\u0161\u00edm pokro\u010dil\u00fdm p\u0159ij\u00edma\u010dem bankovek a m\u011bni\u010dem minc\u00ed. Kontaktujte n\u00e1s pro v\u00edce informac\u00ed a objevte, jak na\u0161e \u0159e\u0161en\u00ed m\u016f\u017ee p\u0159isp\u011bt k zlep\u0161en\u00ed va\u0161ich slu\u017eeb.<\/p>\n","protected":false},"excerpt":{"rendered":"<p>P\u0159ij\u00edma\u010d bankovek a m\u011bni\u010d minc\u00ed Objevte \u0161pi\u010dkovou technologii v oblasti automatizovan\u00fdch platebn\u00edch syst\u00e9m\u016f s na\u0161\u00edm p\u0159ij\u00edma\u010dem bankovek a m\u011bni\u010dem minc\u00ed. Tento p\u0159\u00edstroj je ide\u00e1ln\u00ed pro r\u016fzn\u00e9 komer\u010dn\u00ed aplikace, v\u010detn\u011b prodejn\u00edch automat\u016f, parkovac\u00edch automat\u016f, samoobslu\u017en\u00fdch kiosk\u016f a dal\u0161\u00edch. Voliteln\u011b, na\u0161e za\u0159\u00edzen\u00ed pro recyklaci bankovek je certifikov\u00e1no \u010ceskou N\u00e1rodn\u00ed Bankou, co\u017e potvrzuje jeho kvalitu a spolehlivost. Tento [&hellip;]<\/p>\n","protected":false},"featured_media":18471,"comment_status":"closed","ping_status":"closed","template":"","meta":[],"product_brand":[],"product_cat":[218],"product_tag":[],"class_list":{"0":"post-17496","1":"product","2":"type-product","3":"status-publish","4":"has-post-thumbnail","6":"product_cat-prislusenstvi","8":"first","9":"instock","10":"taxable","11":"shipping-taxable","12":"purchasable","13":"product-type-variable"},"yoast_head":"<!-- This site is optimized with the Yoast SEO plugin v27.4 - https:\/\/yoast.com\/product\/yoast-seo-wordpress\/ -->\n<title>M\u011bni\u010dka na mince a bankovky, akceptor - KASA FIK<\/title>\n<meta name=\"robots\" content=\"index, follow, max-snippet:-1, max-image-preview:large, max-video-preview:-1\" \/>\n<link rel=\"canonical\" href=\"https:\/\/www.kasafik.cz\/web\/produkt\/menicka-na-mince-a-bankovky-akceptor\/\" \/>\n<meta property=\"og:locale\" content=\"cs_CZ\" \/>\n<meta property=\"og:type\" content=\"article\" \/>\n<meta property=\"og:title\" content=\"M\u011bni\u010dka na mince a bankovky, akceptor - KASA FIK\" \/>\n<meta property=\"og:description\" content=\"P\u0159ij\u00edma\u010d bankovek a m\u011bni\u010d minc\u00ed Objevte \u0161pi\u010dkovou technologii v oblasti automatizovan\u00fdch platebn\u00edch syst\u00e9m\u016f s na\u0161\u00edm p\u0159ij\u00edma\u010dem bankovek a m\u011bni\u010dem minc\u00ed. Tento p\u0159\u00edstroj je ide\u00e1ln\u00ed pro r\u016fzn\u00e9 komer\u010dn\u00ed aplikace, v\u010detn\u011b prodejn\u00edch automat\u016f, parkovac\u00edch automat\u016f, samoobslu\u017en\u00fdch kiosk\u016f a dal\u0161\u00edch. Voliteln\u011b, na\u0161e za\u0159\u00edzen\u00ed pro recyklaci bankovek je certifikov\u00e1no \u010ceskou N\u00e1rodn\u00ed Bankou, co\u017e potvrzuje jeho kvalitu a spolehlivost. Tento [&hellip;]\" \/>\n<meta property=\"og:url\" content=\"https:\/\/www.kasafik.cz\/web\/produkt\/menicka-na-mince-a-bankovky-akceptor\/\" \/>\n<meta property=\"og:site_name\" content=\"KASA FIK\" \/>\n<meta property=\"article:modified_time\" content=\"2025-09-09T15:29:30+00:00\" \/>\n<meta property=\"og:image\" content=\"https:\/\/www.kasafik.cz\/web\/wp-content\/uploads\/2025\/01\/cashbox-kasa-pay.jpeg\" \/>\n\t<meta property=\"og:image:width\" content=\"745\" \/>\n\t<meta property=\"og:image:height\" content=\"745\" \/>\n\t<meta property=\"og:image:type\" content=\"image\/jpeg\" \/>\n<meta name=\"twitter:card\" content=\"summary_large_image\" \/>\n<meta name=\"twitter:label1\" content=\"Odhadovan\u00e1 doba \u010dten\u00ed\" \/>\n\t<meta name=\"twitter:data1\" content=\"4 minuty\" \/>\n<script type=\"application\/ld+json\" class=\"yoast-schema-graph\">{\"@context\":\"https:\\\/\\\/schema.org\",\"@graph\":[{\"@type\":\"WebPage\",\"@id\":\"https:\\\/\\\/www.kasafik.cz\\\/web\\\/produkt\\\/menicka-na-mince-a-bankovky-akceptor\\\/\",\"url\":\"https:\\\/\\\/www.kasafik.cz\\\/web\\\/produkt\\\/menicka-na-mince-a-bankovky-akceptor\\\/\",\"name\":\"M\u011bni\u010dka na mince a bankovky, akceptor - KASA FIK\",\"isPartOf\":{\"@id\":\"https:\\\/\\\/www.kasafik.cz\\\/web\\\/#website\"},\"primaryImageOfPage\":{\"@id\":\"https:\\\/\\\/www.kasafik.cz\\\/web\\\/produkt\\\/menicka-na-mince-a-bankovky-akceptor\\\/#primaryimage\"},\"image\":{\"@id\":\"https:\\\/\\\/www.kasafik.cz\\\/web\\\/produkt\\\/menicka-na-mince-a-bankovky-akceptor\\\/#primaryimage\"},\"thumbnailUrl\":\"https:\\\/\\\/www.kasafik.cz\\\/web\\\/wp-content\\\/uploads\\\/2025\\\/01\\\/cashbox-kasa-pay.jpeg\",\"datePublished\":\"2025-01-13T19:07:45+00:00\",\"dateModified\":\"2025-09-09T15:29:30+00:00\",\"breadcrumb\":{\"@id\":\"https:\\\/\\\/www.kasafik.cz\\\/web\\\/produkt\\\/menicka-na-mince-a-bankovky-akceptor\\\/#breadcrumb\"},\"inLanguage\":\"cs\",\"potentialAction\":[{\"@type\":\"ReadAction\",\"target\":[\"https:\\\/\\\/www.kasafik.cz\\\/web\\\/produkt\\\/menicka-na-mince-a-bankovky-akceptor\\\/\"]}]},{\"@type\":\"ImageObject\",\"inLanguage\":\"cs\",\"@id\":\"https:\\\/\\\/www.kasafik.cz\\\/web\\\/produkt\\\/menicka-na-mince-a-bankovky-akceptor\\\/#primaryimage\",\"url\":\"https:\\\/\\\/www.kasafik.cz\\\/web\\\/wp-content\\\/uploads\\\/2025\\\/01\\\/cashbox-kasa-pay.jpeg\",\"contentUrl\":\"https:\\\/\\\/www.kasafik.cz\\\/web\\\/wp-content\\\/uploads\\\/2025\\\/01\\\/cashbox-kasa-pay.jpeg\",\"width\":745,\"height\":745},{\"@type\":\"BreadcrumbList\",\"@id\":\"https:\\\/\\\/www.kasafik.cz\\\/web\\\/produkt\\\/menicka-na-mince-a-bankovky-akceptor\\\/#breadcrumb\",\"itemListElement\":[{\"@type\":\"ListItem\",\"position\":1,\"name\":\"Home\",\"item\":\"https:\\\/\\\/origin.kasafik.cz\\\/web\\\/cs\\\/\"},{\"@type\":\"ListItem\",\"position\":2,\"name\":\"Shop\",\"item\":\"https:\\\/\\\/www.kasafik.cz\\\/web\\\/cs\\\/shop\\\/\"},{\"@type\":\"ListItem\",\"position\":3,\"name\":\"M\u011bni\u010dka na mince a bankovky, akceptor\"}]},{\"@type\":\"WebSite\",\"@id\":\"https:\\\/\\\/www.kasafik.cz\\\/web\\\/#website\",\"url\":\"https:\\\/\\\/www.kasafik.cz\\\/web\\\/\",\"name\":\"KASA FIK\",\"description\":\"\",\"potentialAction\":[{\"@type\":\"SearchAction\",\"target\":{\"@type\":\"EntryPoint\",\"urlTemplate\":\"https:\\\/\\\/www.kasafik.cz\\\/web\\\/?s={search_term_string}\"},\"query-input\":{\"@type\":\"PropertyValueSpecification\",\"valueRequired\":true,\"valueName\":\"search_term_string\"}}],\"inLanguage\":\"cs\"}]}<\/script>\n<!-- \/ Yoast SEO plugin. -->","yoast_head_json":{"title":"M\u011bni\u010dka na mince a bankovky, akceptor - KASA FIK","robots":{"index":"index","follow":"follow","max-snippet":"max-snippet:-1","max-image-preview":"max-image-preview:large","max-video-preview":"max-video-preview:-1"},"canonical":"https:\/\/www.kasafik.cz\/web\/produkt\/menicka-na-mince-a-bankovky-akceptor\/","og_locale":"cs_CZ","og_type":"article","og_title":"M\u011bni\u010dka na mince a bankovky, akceptor - KASA FIK","og_description":"P\u0159ij\u00edma\u010d bankovek a m\u011bni\u010d minc\u00ed Objevte \u0161pi\u010dkovou technologii v oblasti automatizovan\u00fdch platebn\u00edch syst\u00e9m\u016f s na\u0161\u00edm p\u0159ij\u00edma\u010dem bankovek a m\u011bni\u010dem minc\u00ed. Tento p\u0159\u00edstroj je ide\u00e1ln\u00ed pro r\u016fzn\u00e9 komer\u010dn\u00ed aplikace, v\u010detn\u011b prodejn\u00edch automat\u016f, parkovac\u00edch automat\u016f, samoobslu\u017en\u00fdch kiosk\u016f a dal\u0161\u00edch. Voliteln\u011b, na\u0161e za\u0159\u00edzen\u00ed pro recyklaci bankovek je certifikov\u00e1no \u010ceskou N\u00e1rodn\u00ed Bankou, co\u017e potvrzuje jeho kvalitu a spolehlivost. Tento [&hellip;]","og_url":"https:\/\/www.kasafik.cz\/web\/produkt\/menicka-na-mince-a-bankovky-akceptor\/","og_site_name":"KASA FIK","article_modified_time":"2025-09-09T15:29:30+00:00","og_image":[{"width":745,"height":745,"url":"https:\/\/www.kasafik.cz\/web\/wp-content\/uploads\/2025\/01\/cashbox-kasa-pay.jpeg","type":"image\/jpeg"}],"twitter_card":"summary_large_image","twitter_misc":{"Odhadovan\u00e1 doba \u010dten\u00ed":"4 minuty"},"schema":{"@context":"https:\/\/schema.org","@graph":[{"@type":"WebPage","@id":"https:\/\/www.kasafik.cz\/web\/produkt\/menicka-na-mince-a-bankovky-akceptor\/","url":"https:\/\/www.kasafik.cz\/web\/produkt\/menicka-na-mince-a-bankovky-akceptor\/","name":"M\u011bni\u010dka na mince a bankovky, akceptor - KASA FIK","isPartOf":{"@id":"https:\/\/www.kasafik.cz\/web\/#website"},"primaryImageOfPage":{"@id":"https:\/\/www.kasafik.cz\/web\/produkt\/menicka-na-mince-a-bankovky-akceptor\/#primaryimage"},"image":{"@id":"https:\/\/www.kasafik.cz\/web\/produkt\/menicka-na-mince-a-bankovky-akceptor\/#primaryimage"},"thumbnailUrl":"https:\/\/www.kasafik.cz\/web\/wp-content\/uploads\/2025\/01\/cashbox-kasa-pay.jpeg","datePublished":"2025-01-13T19:07:45+00:00","dateModified":"2025-09-09T15:29:30+00:00","breadcrumb":{"@id":"https:\/\/www.kasafik.cz\/web\/produkt\/menicka-na-mince-a-bankovky-akceptor\/#breadcrumb"},"inLanguage":"cs","potentialAction":[{"@type":"ReadAction","target":["https:\/\/www.kasafik.cz\/web\/produkt\/menicka-na-mince-a-bankovky-akceptor\/"]}]},{"@type":"ImageObject","inLanguage":"cs","@id":"https:\/\/www.kasafik.cz\/web\/produkt\/menicka-na-mince-a-bankovky-akceptor\/#primaryimage","url":"https:\/\/www.kasafik.cz\/web\/wp-content\/uploads\/2025\/01\/cashbox-kasa-pay.jpeg","contentUrl":"https:\/\/www.kasafik.cz\/web\/wp-content\/uploads\/2025\/01\/cashbox-kasa-pay.jpeg","width":745,"height":745},{"@type":"BreadcrumbList","@id":"https:\/\/www.kasafik.cz\/web\/produkt\/menicka-na-mince-a-bankovky-akceptor\/#breadcrumb","itemListElement":[{"@type":"ListItem","position":1,"name":"Home","item":"https:\/\/origin.kasafik.cz\/web\/cs\/"},{"@type":"ListItem","position":2,"name":"Shop","item":"https:\/\/www.kasafik.cz\/web\/cs\/shop\/"},{"@type":"ListItem","position":3,"name":"M\u011bni\u010dka na mince a bankovky, akceptor"}]},{"@type":"WebSite","@id":"https:\/\/www.kasafik.cz\/web\/#website","url":"https:\/\/www.kasafik.cz\/web\/","name":"KASA FIK","description":"","potentialAction":[{"@type":"SearchAction","target":{"@type":"EntryPoint","urlTemplate":"https:\/\/www.kasafik.cz\/web\/?s={search_term_string}"},"query-input":{"@type":"PropertyValueSpecification","valueRequired":true,"valueName":"search_term_string"}}],"inLanguage":"cs"}]}},"jetpack_sharing_enabled":true,"_links":{"self":[{"href":"https:\/\/www.kasafik.cz\/web\/wp-json\/wp\/v2\/product\/17496","targetHints":{"allow":["GET"]}}],"collection":[{"href":"https:\/\/www.kasafik.cz\/web\/wp-json\/wp\/v2\/product"}],"about":[{"href":"https:\/\/www.kasafik.cz\/web\/wp-json\/wp\/v2\/types\/product"}],"replies":[{"embeddable":true,"href":"https:\/\/www.kasafik.cz\/web\/wp-json\/wp\/v2\/comments?post=17496"}],"version-history":[{"count":7,"href":"https:\/\/www.kasafik.cz\/web\/wp-json\/wp\/v2\/product\/17496\/revisions"}],"predecessor-version":[{"id":18492,"href":"https:\/\/www.kasafik.cz\/web\/wp-json\/wp\/v2\/product\/17496\/revisions\/18492"}],"wp:featuredmedia":[{"embeddable":true,"href":"https:\/\/www.kasafik.cz\/web\/wp-json\/wp\/v2\/media\/18471"}],"wp:attachment":[{"href":"https:\/\/www.kasafik.cz\/web\/wp-json\/wp\/v2\/media?parent=17496"}],"wp:term":[{"taxonomy":"product_brand","embeddable":true,"href":"https:\/\/www.kasafik.cz\/web\/wp-json\/wp\/v2\/product_brand?post=17496"},{"taxonomy":"product_cat","embeddable":true,"href":"https:\/\/www.kasafik.cz\/web\/wp-json\/wp\/v2\/product_cat?post=17496"},{"taxonomy":"product_tag","embeddable":true,"href":"https:\/\/www.kasafik.cz\/web\/wp-json\/wp\/v2\/product_tag?post=17496"}],"curies":[{"name":"wp","href":"https:\/\/api.w.org\/{rel}","templated":true}]}}