{"id":17394,"date":"2024-12-02T10:27:13","date_gmt":"2024-12-02T10:27:13","guid":{"rendered":"https:\/\/origin.kasafik.cz\/web\/?post_type=product&#038;p=17394"},"modified":"2026-01-28T10:56:35","modified_gmt":"2026-01-28T10:56:35","slug":"kasa-pay-dx8000","status":"publish","type":"product","link":"https:\/\/www.kasafik.cz\/web\/produkt\/kasa-pay-dx8000\/","title":{"rendered":"KASA PAY platebn\u00ed termin\u00e1l"},"content":{"rendered":"<p>Integrovan\u00fd All-In-One platebn\u00ed termin\u00e1l s platebn\u00ed funkc\u00ed a pokladnou v jednom .<\/p>\n<h3>Platebn\u00ed termin\u00e1l:<\/h3>\n<ul>\n<li>Akceptujte platebn\u00ed karty v samoobslu\u017en\u00e9m re\u017eimu. Spole\u010dn\u011b se slu\u017ebou KASA PAY z\u00edsk\u00e1te v\u00fdhodn\u00e9 podm\u00ednky.<\/li>\n<\/ul>\n<h3>Bezpe\u010dnost a spolehlivost<\/h3>\n<ul>\n<li>\u0160ifrovan\u00fd p\u0159enos dat pro maxim\u00e1ln\u00ed ochranu osobn\u00edch a platebn\u00edch \u00fadaj\u016f.<\/li>\n<\/ul>\n<h3>Jednoduch\u00e9 pou\u017eit\u00ed<\/h3>\n<ul>\n<li>Intuitivn\u00ed u\u017eivatelsk\u00e9 rozhran\u00ed s jasn\u00fdmi pokyny na displeji.<\/li>\n<li>Rychl\u00e1 odezva a kr\u00e1tk\u00e9 \u010dekac\u00ed doby pro maxim\u00e1ln\u00ed u\u017eivatelsk\u00fd komfort.<\/li>\n<\/ul>\n<h3>Pokro\u010dil\u00e9 softwarov\u00e9 funkce<\/h3>\n<ul>\n<li>Integrace s platebn\u00ed slu\u017ebou KASA PAY pro akceptaci platebn\u00edch karet <strong>VISA\/MASTERCARD<\/strong><\/li>\n<li>Automatick\u00e9 generov\u00e1n\u00ed report\u016f a statistik pro lep\u0161\u00ed p\u0159ehled o vyu\u017e\u00edv\u00e1n\u00ed termin\u00e1lu<\/li>\n<\/ul>\n<p><strong>Platby<\/strong><\/p>\n<ul>\n<li><strong>Bezkontaktn\u00ed \u010dte\u010dka karet:<\/strong>\u00a0Podpora 14443A \/14443B<\/li>\n<li><strong>\u010cte\u010dka \u010dipov\u00fdch karet:<\/strong>\u00a0Podpora standardu ISO7816<\/li>\n<\/ul>\n<p><strong>Certifikace<\/strong><\/p>\n<ul>\n<li><strong>Elektromagnetick\u00e1:<\/strong>\u00a0Certifikov\u00e1no podle IP\/IK. CE, RoHS, FCC, GMS. EMV, PCI, PAYPASS, PAYWAVE, AMEX (voliteln\u011b)<\/li>\n<\/ul>\n","protected":false},"excerpt":{"rendered":"<p>All-in-One Platebn\u00ed Termin\u00e1l s opera\u010dn\u00edm syst\u00e9mem Android, kter\u00fd p\u0159in\u00e1\u0161\u00ed modern\u00ed \u0159e\u0161en\u00ed pro v\u0161echny va\u0161e obchodn\u00ed pot\u0159eby. Tento elegantn\u00ed a kompaktn\u00ed termin\u00e1l s 5.5 palcov\u00fdm dotykov\u00fdm displejem je navr\u017een tak, aby kombinoval funkce pokladny a platebn\u00edho termin\u00e1lu v jednom za\u0159\u00edzen\u00ed, co\u017e usnad\u0148uje a zefektiv\u0148uje procesy na prodejn\u00edm m\u00edst\u011b.<\/p>\n","protected":false},"featured_media":17554,"comment_status":"closed","ping_status":"closed","template":"","meta":[],"product_brand":[],"product_cat":[249],"product_tag":[],"class_list":{"0":"post-17394","1":"product","2":"type-product","3":"status-publish","4":"has-post-thumbnail","6":"product_cat-platebni-terminaly","8":"first","9":"instock","10":"sale","11":"taxable","12":"shipping-taxable","13":"purchasable","14":"product-type-variable","15":"has-default-attributes"},"yoast_head":"<!-- This site is optimized with the Yoast SEO plugin v27.4 - https:\/\/yoast.com\/product\/yoast-seo-wordpress\/ -->\n<title>KASA PAY platebn\u00ed termin\u00e1l - KASA FIK<\/title>\n<meta name=\"robots\" content=\"index, follow, max-snippet:-1, max-image-preview:large, max-video-preview:-1\" \/>\n<link rel=\"canonical\" href=\"https:\/\/www.kasafik.cz\/web\/produkt\/kasa-pay-dx8000\/\" \/>\n<meta property=\"og:locale\" content=\"cs_CZ\" \/>\n<meta property=\"og:type\" content=\"article\" \/>\n<meta property=\"og:title\" content=\"KASA PAY platebn\u00ed termin\u00e1l - KASA FIK\" \/>\n<meta property=\"og:description\" content=\"All-in-One Platebn\u00ed Termin\u00e1l s opera\u010dn\u00edm syst\u00e9mem Android, kter\u00fd p\u0159in\u00e1\u0161\u00ed modern\u00ed \u0159e\u0161en\u00ed pro v\u0161echny va\u0161e obchodn\u00ed pot\u0159eby. Tento elegantn\u00ed a kompaktn\u00ed termin\u00e1l s 5.5 palcov\u00fdm dotykov\u00fdm displejem je navr\u017een tak, aby kombinoval funkce pokladny a platebn\u00edho termin\u00e1lu v jednom za\u0159\u00edzen\u00ed, co\u017e usnad\u0148uje a zefektiv\u0148uje procesy na prodejn\u00edm m\u00edst\u011b.\" \/>\n<meta property=\"og:url\" content=\"https:\/\/www.kasafik.cz\/web\/produkt\/kasa-pay-dx8000\/\" \/>\n<meta property=\"og:site_name\" content=\"KASA FIK\" \/>\n<meta property=\"article:modified_time\" content=\"2026-01-28T10:56:35+00:00\" \/>\n<meta property=\"og:image\" content=\"https:\/\/www.kasafik.cz\/web\/wp-content\/uploads\/2024\/12\/kasa-pay-dx8000.png\" \/>\n\t<meta property=\"og:image:width\" content=\"1854\" \/>\n\t<meta property=\"og:image:height\" content=\"2048\" \/>\n\t<meta property=\"og:image:type\" content=\"image\/png\" \/>\n<meta name=\"twitter:card\" content=\"summary_large_image\" \/>\n<meta name=\"twitter:label1\" content=\"Odhadovan\u00e1 doba \u010dten\u00ed\" \/>\n\t<meta name=\"twitter:data1\" content=\"1 minuta\" \/>\n<script type=\"application\/ld+json\" class=\"yoast-schema-graph\">{\"@context\":\"https:\\\/\\\/schema.org\",\"@graph\":[{\"@type\":\"WebPage\",\"@id\":\"https:\\\/\\\/www.kasafik.cz\\\/web\\\/produkt\\\/kasa-pay-dx8000\\\/\",\"url\":\"https:\\\/\\\/www.kasafik.cz\\\/web\\\/produkt\\\/kasa-pay-dx8000\\\/\",\"name\":\"KASA PAY platebn\u00ed termin\u00e1l - KASA FIK\",\"isPartOf\":{\"@id\":\"https:\\\/\\\/www.kasafik.cz\\\/web\\\/#website\"},\"primaryImageOfPage\":{\"@id\":\"https:\\\/\\\/www.kasafik.cz\\\/web\\\/produkt\\\/kasa-pay-dx8000\\\/#primaryimage\"},\"image\":{\"@id\":\"https:\\\/\\\/www.kasafik.cz\\\/web\\\/produkt\\\/kasa-pay-dx8000\\\/#primaryimage\"},\"thumbnailUrl\":\"https:\\\/\\\/www.kasafik.cz\\\/web\\\/wp-content\\\/uploads\\\/2024\\\/12\\\/kasa-pay-dx8000.png\",\"datePublished\":\"2024-12-02T10:27:13+00:00\",\"dateModified\":\"2026-01-28T10:56:35+00:00\",\"breadcrumb\":{\"@id\":\"https:\\\/\\\/www.kasafik.cz\\\/web\\\/produkt\\\/kasa-pay-dx8000\\\/#breadcrumb\"},\"inLanguage\":\"cs\",\"potentialAction\":[{\"@type\":\"ReadAction\",\"target\":[\"https:\\\/\\\/www.kasafik.cz\\\/web\\\/produkt\\\/kasa-pay-dx8000\\\/\"]}]},{\"@type\":\"ImageObject\",\"inLanguage\":\"cs\",\"@id\":\"https:\\\/\\\/www.kasafik.cz\\\/web\\\/produkt\\\/kasa-pay-dx8000\\\/#primaryimage\",\"url\":\"https:\\\/\\\/www.kasafik.cz\\\/web\\\/wp-content\\\/uploads\\\/2024\\\/12\\\/kasa-pay-dx8000.png\",\"contentUrl\":\"https:\\\/\\\/www.kasafik.cz\\\/web\\\/wp-content\\\/uploads\\\/2024\\\/12\\\/kasa-pay-dx8000.png\",\"width\":1854,\"height\":2048},{\"@type\":\"BreadcrumbList\",\"@id\":\"https:\\\/\\\/www.kasafik.cz\\\/web\\\/produkt\\\/kasa-pay-dx8000\\\/#breadcrumb\",\"itemListElement\":[{\"@type\":\"ListItem\",\"position\":1,\"name\":\"Home\",\"item\":\"https:\\\/\\\/origin.kasafik.cz\\\/web\\\/cs\\\/\"},{\"@type\":\"ListItem\",\"position\":2,\"name\":\"Shop\",\"item\":\"https:\\\/\\\/www.kasafik.cz\\\/web\\\/cs\\\/shop\\\/\"},{\"@type\":\"ListItem\",\"position\":3,\"name\":\"KASA PAY platebn\u00ed termin\u00e1l\"}]},{\"@type\":\"WebSite\",\"@id\":\"https:\\\/\\\/www.kasafik.cz\\\/web\\\/#website\",\"url\":\"https:\\\/\\\/www.kasafik.cz\\\/web\\\/\",\"name\":\"KASA FIK\",\"description\":\"\",\"potentialAction\":[{\"@type\":\"SearchAction\",\"target\":{\"@type\":\"EntryPoint\",\"urlTemplate\":\"https:\\\/\\\/www.kasafik.cz\\\/web\\\/?s={search_term_string}\"},\"query-input\":{\"@type\":\"PropertyValueSpecification\",\"valueRequired\":true,\"valueName\":\"search_term_string\"}}],\"inLanguage\":\"cs\"}]}<\/script>\n<!-- \/ Yoast SEO plugin. -->","yoast_head_json":{"title":"KASA PAY platebn\u00ed termin\u00e1l - KASA FIK","robots":{"index":"index","follow":"follow","max-snippet":"max-snippet:-1","max-image-preview":"max-image-preview:large","max-video-preview":"max-video-preview:-1"},"canonical":"https:\/\/www.kasafik.cz\/web\/produkt\/kasa-pay-dx8000\/","og_locale":"cs_CZ","og_type":"article","og_title":"KASA PAY platebn\u00ed termin\u00e1l - KASA FIK","og_description":"All-in-One Platebn\u00ed Termin\u00e1l s opera\u010dn\u00edm syst\u00e9mem Android, kter\u00fd p\u0159in\u00e1\u0161\u00ed modern\u00ed \u0159e\u0161en\u00ed pro v\u0161echny va\u0161e obchodn\u00ed pot\u0159eby. Tento elegantn\u00ed a kompaktn\u00ed termin\u00e1l s 5.5 palcov\u00fdm dotykov\u00fdm displejem je navr\u017een tak, aby kombinoval funkce pokladny a platebn\u00edho termin\u00e1lu v jednom za\u0159\u00edzen\u00ed, co\u017e usnad\u0148uje a zefektiv\u0148uje procesy na prodejn\u00edm m\u00edst\u011b.","og_url":"https:\/\/www.kasafik.cz\/web\/produkt\/kasa-pay-dx8000\/","og_site_name":"KASA FIK","article_modified_time":"2026-01-28T10:56:35+00:00","og_image":[{"width":1854,"height":2048,"url":"https:\/\/www.kasafik.cz\/web\/wp-content\/uploads\/2024\/12\/kasa-pay-dx8000.png","type":"image\/png"}],"twitter_card":"summary_large_image","twitter_misc":{"Odhadovan\u00e1 doba \u010dten\u00ed":"1 minuta"},"schema":{"@context":"https:\/\/schema.org","@graph":[{"@type":"WebPage","@id":"https:\/\/www.kasafik.cz\/web\/produkt\/kasa-pay-dx8000\/","url":"https:\/\/www.kasafik.cz\/web\/produkt\/kasa-pay-dx8000\/","name":"KASA PAY platebn\u00ed termin\u00e1l - KASA FIK","isPartOf":{"@id":"https:\/\/www.kasafik.cz\/web\/#website"},"primaryImageOfPage":{"@id":"https:\/\/www.kasafik.cz\/web\/produkt\/kasa-pay-dx8000\/#primaryimage"},"image":{"@id":"https:\/\/www.kasafik.cz\/web\/produkt\/kasa-pay-dx8000\/#primaryimage"},"thumbnailUrl":"https:\/\/www.kasafik.cz\/web\/wp-content\/uploads\/2024\/12\/kasa-pay-dx8000.png","datePublished":"2024-12-02T10:27:13+00:00","dateModified":"2026-01-28T10:56:35+00:00","breadcrumb":{"@id":"https:\/\/www.kasafik.cz\/web\/produkt\/kasa-pay-dx8000\/#breadcrumb"},"inLanguage":"cs","potentialAction":[{"@type":"ReadAction","target":["https:\/\/www.kasafik.cz\/web\/produkt\/kasa-pay-dx8000\/"]}]},{"@type":"ImageObject","inLanguage":"cs","@id":"https:\/\/www.kasafik.cz\/web\/produkt\/kasa-pay-dx8000\/#primaryimage","url":"https:\/\/www.kasafik.cz\/web\/wp-content\/uploads\/2024\/12\/kasa-pay-dx8000.png","contentUrl":"https:\/\/www.kasafik.cz\/web\/wp-content\/uploads\/2024\/12\/kasa-pay-dx8000.png","width":1854,"height":2048},{"@type":"BreadcrumbList","@id":"https:\/\/www.kasafik.cz\/web\/produkt\/kasa-pay-dx8000\/#breadcrumb","itemListElement":[{"@type":"ListItem","position":1,"name":"Home","item":"https:\/\/origin.kasafik.cz\/web\/cs\/"},{"@type":"ListItem","position":2,"name":"Shop","item":"https:\/\/www.kasafik.cz\/web\/cs\/shop\/"},{"@type":"ListItem","position":3,"name":"KASA PAY platebn\u00ed termin\u00e1l"}]},{"@type":"WebSite","@id":"https:\/\/www.kasafik.cz\/web\/#website","url":"https:\/\/www.kasafik.cz\/web\/","name":"KASA FIK","description":"","potentialAction":[{"@type":"SearchAction","target":{"@type":"EntryPoint","urlTemplate":"https:\/\/www.kasafik.cz\/web\/?s={search_term_string}"},"query-input":{"@type":"PropertyValueSpecification","valueRequired":true,"valueName":"search_term_string"}}],"inLanguage":"cs"}]}},"jetpack_sharing_enabled":true,"_links":{"self":[{"href":"https:\/\/www.kasafik.cz\/web\/wp-json\/wp\/v2\/product\/17394","targetHints":{"allow":["GET"]}}],"collection":[{"href":"https:\/\/www.kasafik.cz\/web\/wp-json\/wp\/v2\/product"}],"about":[{"href":"https:\/\/www.kasafik.cz\/web\/wp-json\/wp\/v2\/types\/product"}],"replies":[{"embeddable":true,"href":"https:\/\/www.kasafik.cz\/web\/wp-json\/wp\/v2\/comments?post=17394"}],"version-history":[{"count":4,"href":"https:\/\/www.kasafik.cz\/web\/wp-json\/wp\/v2\/product\/17394\/revisions"}],"predecessor-version":[{"id":18842,"href":"https:\/\/www.kasafik.cz\/web\/wp-json\/wp\/v2\/product\/17394\/revisions\/18842"}],"wp:featuredmedia":[{"embeddable":true,"href":"https:\/\/www.kasafik.cz\/web\/wp-json\/wp\/v2\/media\/17554"}],"wp:attachment":[{"href":"https:\/\/www.kasafik.cz\/web\/wp-json\/wp\/v2\/media?parent=17394"}],"wp:term":[{"taxonomy":"product_brand","embeddable":true,"href":"https:\/\/www.kasafik.cz\/web\/wp-json\/wp\/v2\/product_brand?post=17394"},{"taxonomy":"product_cat","embeddable":true,"href":"https:\/\/www.kasafik.cz\/web\/wp-json\/wp\/v2\/product_cat?post=17394"},{"taxonomy":"product_tag","embeddable":true,"href":"https:\/\/www.kasafik.cz\/web\/wp-json\/wp\/v2\/product_tag?post=17394"}],"curies":[{"name":"wp","href":"https:\/\/api.w.org\/{rel}","templated":true}]}}