{"id":17147,"date":"2024-08-11T13:47:19","date_gmt":"2024-08-11T13:47:19","guid":{"rendered":"https:\/\/origin.kasafik.cz\/web\/?post_type=product&#038;p=17147"},"modified":"2026-05-01T08:51:47","modified_gmt":"2026-05-01T08:51:47","slug":"kasa-pay-cm30","status":"publish","type":"product","link":"https:\/\/www.kasafik.cz\/web\/produkt\/kasa-pay-cm30\/","title":{"rendered":"Samoobslu\u017en\u00fd termin\u00e1l KASA PAY CM30"},"content":{"rendered":"<h3>Platebn\u00ed termin\u00e1l:<\/h3>\n<ul>\n<li>Akceptujte platebn\u00ed karty v samoobslu\u017en\u00e9m re\u017eimu. Spole\u010dn\u011b se slu\u017ebou KASA PAY z\u00edsk\u00e1te v\u00fdhodn\u00e9 podm\u00ednky.<\/li>\n<\/ul>\n<h3>V\u00edce zp\u016fsob\u016f ov\u011b\u0159en\u00ed identity:<\/h3>\n<p>Ov\u011b\u0159te identitu z\u00e1kazn\u00edka p\u0159ed prodejem nebo vstupem do zabezpe\u010den\u00e9ho provozu. Lze pou\u017e\u00edt samostatn\u011b nebo ve spojen\u00ed s Kioskem.<\/p>\n<ul>\n<li><strong>Platebn\u00ed karty:<\/strong>\u00a0Podporuje v\u0161echny hlavn\u00ed typy platebn\u00edch karet (Visa, MasterCard, atd.).<\/li>\n<li><strong>Kl\u00ed\u010dov\u00e9 NFC z\u00e1kaznick\u00e9 karty a kl\u00ed\u010denky:<\/strong>\u00a0Kompatibilita s b\u011b\u017en\u011b pou\u017e\u00edvan\u00fdmi kl\u00ed\u010dov\u00fdmi kartami pro snadn\u00fd p\u0159\u00edstup.<\/li>\n<li><strong>N\u00e1rodn\u00ed identifika\u010dn\u00ed pr\u016fkazy eDoklady (ob\u010dansk\u00e9 pr\u016fkazy):<\/strong>\u00a0Rychl\u00e9 a bezpe\u010dn\u00e9 skenov\u00e1n\u00ed ID pro ov\u011b\u0159en\u00ed identity.<\/li>\n<li><strong>PIN k\u00f3dy:<\/strong> Mo\u017enost zad\u00e1n\u00ed PIN k\u00f3du pro jednor\u00e1zov\u00fd p\u0159\u00edstup.<\/li>\n<li><strong>ISIC<\/strong>: \u010cte\u010dka karty studenta ISIC<\/li>\n<\/ul>\n<p><a href=\"\/web\/wp-content\/uploads\/2024\/08\/cm30-edoklady.png\"><img fetchpriority=\"high\" decoding=\"async\" class=\"alignright wp-image-17154\" src=\"\/web\/wp-content\/uploads\/2024\/08\/cm30-edoklady.png\" alt=\"\" width=\"437\" height=\"577\" srcset=\"https:\/\/www.kasafik.cz\/web\/wp-content\/uploads\/2024\/08\/cm30-edoklady.png 720w, https:\/\/www.kasafik.cz\/web\/wp-content\/uploads\/2024\/08\/cm30-edoklady-600x792.png 600w, https:\/\/www.kasafik.cz\/web\/wp-content\/uploads\/2024\/08\/cm30-edoklady-227x300.png 227w\" sizes=\"(max-width: 437px) 100vw, 437px\" \/><\/a><\/p>\n<p>&nbsp;<\/p>\n<h3>Bezpe\u010dnost a spolehlivost<\/h3>\n<ul>\n<li>\u0160ifrovan\u00fd p\u0159enos dat pro maxim\u00e1ln\u00ed ochranu osobn\u00edch a platebn\u00edch \u00fadaj\u016f.<\/li>\n<li>Odoln\u00e1 konstrukce zaru\u010duj\u00edc\u00ed dlouhou \u017eivotnost a spolehliv\u00fd provoz i v n\u00e1ro\u010dn\u00fdch podm\u00ednk\u00e1ch.<\/li>\n<\/ul>\n<h3>Jednoduch\u00e9 pou\u017eit\u00ed<\/h3>\n<ul>\n<li>Intuitivn\u00ed u\u017eivatelsk\u00e9 rozhran\u00ed s jasn\u00fdmi pokyny na displeji.<\/li>\n<li>Rychl\u00e1 odezva a kr\u00e1tk\u00e9 \u010dekac\u00ed doby pro maxim\u00e1ln\u00ed u\u017eivatelsk\u00fd komfort.<\/li>\n<\/ul>\n<h3>Pokro\u010dil\u00e9 softwarov\u00e9 funkce<\/h3>\n<ul>\n<li>Integrace s platebn\u00ed slu\u017ebou KASA PAY pro akceptaci platebn\u00edch karet VISA\/MASTERCARD<\/li>\n<li>Syst\u00e9my spr\u00e1vy p\u0159\u00edstupu do objektu<\/li>\n<li>Mo\u017enost vzd\u00e1len\u00e9 spr\u00e1vy a aktualizac\u00ed softwaru<\/li>\n<li>Automatick\u00e9 generov\u00e1n\u00ed report\u016f a statistik pro lep\u0161\u00ed p\u0159ehled o vyu\u017e\u00edv\u00e1n\u00ed termin\u00e1lu<\/li>\n<li>\u010cte\u010dka pro ov\u011b\u0159en\u00ed a kontrolu v\u011bku ob\u010dansk\u00fdch pr\u016fkaz\u016f (\u010cte\u010dka pro ov\u011b\u0159ov\u00e1n\u00ed v\u011bku z\u00e1kazn\u00edk\u016f, Ov\u011b\u0159en\u00ed v\u011bku u v\u00fddejn\u00edch automat\u016f)<\/li>\n<\/ul>\n<h3>Mo\u017enosti vyu\u017eit\u00ed za\u0159\u00edzen\u00ed<\/h3>\n<ul>\n<li><strong>Samoobslu\u017en\u00e9 my\u010dky: <\/strong>Poskytuje z\u00e1kazn\u00edk\u016fm rychlou a bezprobl\u00e9movou mo\u017enost platby a p\u0159\u00edstupu k myc\u00edm slu\u017eb\u00e1m bez nutnosti obsluhy.<\/li>\n<li><strong>Samoobslu\u017en\u00e9 obchody: <\/strong>Umo\u017e\u0148uje z\u00e1kazn\u00edk\u016fm bezpe\u010dn\u011b vstoupit do obchodu a prov\u00e1d\u011bt platby za n\u00e1kup pomoc\u00ed r\u016fzn\u00fdch metod autentizace.<\/li>\n<li><strong>V\u00fddejn\u00ed automaty: <\/strong>Ide\u00e1ln\u00ed pro v\u00fddejn\u00ed automaty na potraviny, n\u00e1poje nebo dal\u0161\u00ed produkty, kde je vy\u017eadov\u00e1na rychl\u00e1 a bezpe\u010dn\u00e1 platba.<\/li>\n<li><strong>Prodejn\u00ed automaty: <\/strong>Umo\u017e\u0148uje z\u00e1kazn\u00edk\u016fm nakupovat produkty z automat\u016f s vyu\u017eit\u00edm platebn\u00edch karet, kl\u00ed\u010dov\u00fdch karet nebo PIN k\u00f3d\u016f. Prodej tab\u00e1kov\u00fdch v\u00fdrobk\u016f a alkoholu s ov\u011b\u0159en\u00edm v\u011bku pomoc\u00ed eDoklady nebo skenem ob\u010dansk\u00e9ho pr\u016fkazu.<\/li>\n<li><strong>Fitness centra: <\/strong>Poskytuje \u010dlen\u016fm rychl\u00fd a bezpe\u010dn\u00fd p\u0159\u00edstup do fitness centra a mo\u017enost platby za r\u016fzn\u00e9 slu\u017eby.<\/li>\n<li><strong>Parkovac\u00ed automaty: <\/strong>Zaji\u0161\u0165uje jednoduchou a bezpe\u010dnou platbu za parkov\u00e1n\u00ed pomoc\u00ed platebn\u00edch karet nebo dal\u0161\u00edch autentiza\u010dn\u00edch metod.<\/li>\n<li><strong>Vstupn\u00ed syst\u00e9my do budov: <\/strong>Umo\u017e\u0148uje kontrolovan\u00fd p\u0159\u00edstup do administrativn\u00edch budov, kancel\u00e1\u0159sk\u00fdch komplex\u016f nebo jin\u00fdch zabezpe\u010den\u00fdch prostor.<\/li>\n<li><strong>Samoobslu\u017en\u00e9 restaurace: <\/strong>Umo\u017e\u0148uje z\u00e1kazn\u00edk\u016fm objedn\u00e1vat a platit za j\u00eddlo bez nutnosti interakce s obsluhou.<\/li>\n<li><strong>P\u016fj\u010dovny kol a sk\u00fatr\u016f: <\/strong>Poskytuje rychlou a bezpe\u010dnou autentizaci a platbu za p\u016fj\u010den\u00ed kol nebo sk\u00fatr\u016f.<\/li>\n<li><strong>Vstupn\u00ed turnikety na stadionech a v z\u00e1bavn\u00edch parc\u00edch: <\/strong>Zaji\u0161\u0165uje rychl\u00fd a bezpe\u010dn\u00fd p\u0159\u00edstup n\u00e1v\u0161t\u011bvn\u00edk\u016f na stadion nebo do z\u00e1bavn\u00edho parku pomoc\u00ed r\u016fzn\u00fdch metod autentizace.<\/li>\n<\/ul>\n<h3>Flexibilita a \u0161k\u00e1lovatelnost<\/h3>\n<ul>\n<li style=\"list-style-type: none;\">\n<ul>\n<li>Snadn\u00e1 instalace a konfigurace podle pot\u0159eb va\u0161eho podniku<a href=\"\/web\/wp-content\/uploads\/2024\/08\/cm30-f1.jpg\"><img decoding=\"async\" class=\"wp-image-17153 alignright\" src=\"\/web\/wp-content\/uploads\/2024\/08\/cm30-f1.jpg\" alt=\"\" width=\"273\" height=\"409\" srcset=\"https:\/\/www.kasafik.cz\/web\/wp-content\/uploads\/2024\/08\/cm30-f1.jpg 522w, https:\/\/www.kasafik.cz\/web\/wp-content\/uploads\/2024\/08\/cm30-f1-200x300.jpg 200w\" sizes=\"(max-width: 273px) 100vw, 273px\" \/><\/a><\/li>\n<li>Mo\u017enost roz\u0161\u00ed\u0159en\u00ed o dal\u0161\u00ed moduly a funkce podle budouc\u00edch po\u017eadavk\u016f (kamera, \u010dte\u010dka ob\u010dansk\u00fdch pr\u016fkaz\u016f, atd&#8230;)<\/li>\n<\/ul>\n<\/li>\n<\/ul>\n<h3 class=\"ds-markdown-paragraph\">Platby pro EV nab\u00edjen\u00ed \u2013 kompletn\u00ed \u0159e\u0161en\u00ed pro samoobslu\u017en\u00e9 dob\u00edjec\u00ed stanice<\/h3>\n<p class=\"ds-markdown-paragraph\">N\u00e1\u0161 platebn\u00ed termin\u00e1l KASA PAY p\u0159edstavuje ide\u00e1ln\u00ed \u0159e\u0161en\u00ed pro spr\u00e1vu a zpoplatn\u011bn\u00ed ve\u0159ejn\u00fdch i priv\u00e1tn\u00edch dob\u00edjec\u00edch stanic pro elektromobily (EV). D\u00edky podpo\u0159e protokolu\u00a0<strong>OCPP 2.0.1<\/strong>\u00a0se termin\u00e1l bezprobl\u00e9mov\u011b integruje s wallboxy a nab\u00edjec\u00edmi stanicemi r\u016fzn\u00fdch v\u00fdrobc\u016f, co\u017e v\u00e1m umo\u017e\u0148uje nab\u00edzet spolehlivou samoobslu\u017enou platbu bez nutnosti obsluhy. Termin\u00e1l akceptuje v\u0161echny hlavn\u00ed platebn\u00ed karty (Visa, MasterCard) prost\u0159ednictv\u00edm bezkontaktn\u00ed \u010dte\u010dky a z\u00e1rove\u0148 podporuje autentizaci pomoc\u00ed\u00a0<strong>NFC karet, kl\u00ed\u010denek nebo PIN k\u00f3d\u016f<\/strong>\u00a0\u2013 ide\u00e1ln\u00ed pro spr\u00e1vu p\u0159\u00edstupu k nab\u00edjec\u00edm m\u00edst\u016fm pro firemn\u00ed vozov\u00e9 parky, bytov\u00e9 domy \u010di ve\u0159ejn\u00e9 nab\u00edje\u010dky. D\u00edky flexibiln\u00ed konektivit\u011b (4G, Ethernet, WiFi) a mo\u017enosti vzd\u00e1len\u00e9 spr\u00e1vy z\u00edsk\u00e1te plnou kontrolu nad nab\u00edjen\u00edm v\u010detn\u011b automatick\u00e9ho generov\u00e1n\u00ed report\u016f a statistik. A\u0165 u\u017e provozujete nab\u00edjec\u00ed hub, hotelov\u00e9 stanice nebo \u0159e\u0161\u00edte p\u0159\u00edstup k dob\u00edjen\u00ed v r\u00e1mci bytov\u00e9ho komplexu, n\u00e1\u0161 termin\u00e1l v\u00e1m poskytne bezpe\u010dn\u00e9, odoln\u00e9 a u\u017eivatelsky p\u0159\u00edv\u011btiv\u00e9 platebn\u00ed a autentiza\u010dn\u00ed rozhran\u00ed pln\u011b p\u0159ipraven\u00e9 na budoucnost elektromobility.<\/p>\n<h3>Specifikace<\/h3>\n<ul>\n<li><strong>OS:<\/strong>\u00a0Safedroid OS (zalo\u017een\u00fd na Android 11.0)<\/li>\n<li><strong>CPU:<\/strong>\u00a0Quad-Core ARM Cortex-A53 2.0GHz<\/li>\n<li><strong>ROM:<\/strong>\u00a032GB ROM EMMC<\/li>\n<li><strong>RAM:<\/strong>\u00a02GB RAM LPDDR<\/li>\n<li><strong>Displej:<\/strong>\u00a05,0 palcov\u00fd TFT IPS LCD, rozli\u0161en\u00ed 1280*720<\/li>\n<li><strong>Panel:<\/strong>\u00a0Ultra citliv\u00fd kapacitn\u00ed dotykov\u00fd displej, kter\u00fd funguje i s rukavicemi a mokr\u00fdmi prsty<\/li>\n<li><strong>Rozm\u011bry:<\/strong>\u00a0152<em>93<\/em>41mm<\/li>\n<li><strong>Hmotnost:<\/strong>\u00a0418g<\/li>\n<li><strong>Kl\u00e1vesy:<\/strong>\u00a02x fyzick\u00e9 kl\u00e1vesy<\/li>\n<li><strong>Vstup:<\/strong> Angli\u010dtina, \u010ce\u0161tina &#8211; podpora ru\u010dn\u00edho psan\u00ed a softwarov\u00e9 kl\u00e1vesnice<\/li>\n<\/ul>\n<p><strong>Rozhran\u00ed<\/strong><\/p>\n<ul>\n<li><strong>Slot na Micro SD kartu:<\/strong>\u00a01 ks<\/li>\n<li><strong>Slot na SIM kartu:<\/strong>\u00a02 ks Micro SIM<\/li>\n<li><strong>Slot na PSAM kartu:<\/strong>\u00a04 ks, odpov\u00edd\u00e1 standardu ISO7816<\/li>\n<li><strong>Porty pro perif\u00e9rie:<\/strong>\u00a01<em>RS232, 1<\/em>LAN 100Mbps, 1<em>USB Type A USB2.0 HOST, 1<\/em>USB Type C USB2.0, 1 MDB Master, 2xSMA extern\u00ed ant\u00e9na<\/li>\n<\/ul>\n<p><strong>Nap\u00e1jen\u00ed<\/strong><\/p>\n<ul>\n<li><strong>DC:<\/strong>\u00a012V-48V DC (p\u0159es MDB Slave \/ RS232)<\/li>\n<\/ul>\n<p><strong>R\u00e1diov\u00e1 komunikace<\/strong><\/p>\n<ul>\n<li><strong>WiFi:<\/strong>\u00a0IEEE 802.11 a\/b\/g\/n\/ac, podpora 2.4GHz a 5GHz<\/li>\n<li><strong>Bluetooth:<\/strong>\u00a0BT 5.0 a star\u0161\u00ed<\/li>\n<li><strong>Satelitn\u00ed polohov\u00e1n\u00ed:<\/strong>\u00a0Podpora GPS(A-GPS)\/ Bei-Dou\/ Glonass nebo Galileo<\/li>\n<li><strong>4G:<\/strong>\u00a0Evropsk\u00e1 verze (v\u00fdchoz\u00ed): FDD-LTE: B1\/B3\/B7\/B8\/B20\/B28, TDD-LTE: B38\/B40\/B41. Glob\u00e1ln\u00ed verze (voliteln\u00e1): FDD-LTE: B1\/B2\/B3\/B4\/B5\/B7\/B8\/B12\/B17\/B20\/B28, TDD-LTE: B38\/B40\/B41<\/li>\n<li><strong>3G:<\/strong>\u00a0Evropsk\u00e1 verze (v\u00fdchoz\u00ed): WCDMA: B1\/B8. Glob\u00e1ln\u00ed verze (voliteln\u00e1): WCDMA: B1\/B2\/B4\/B5\/B8<\/li>\n<li><strong>2G:<\/strong>\u00a0Evropsk\u00e1 verze (v\u00fdchoz\u00ed): GSM\/GPRS\/EDGE: 900\/1800MHz. Glob\u00e1ln\u00ed verze (voliteln\u00e1): GSM\/GPRS\/EDGE: 850\/900\/1800\/1900MHz<\/li>\n<\/ul>\n<p><strong>Prost\u0159ed\u00ed<\/strong><\/p>\n<ul>\n<li><strong>Provozn\u00ed teplota:<\/strong>\u00a0-20\u00b0C a\u017e 60\u00b0C<\/li>\n<li><strong>Skladovac\u00ed teplota:<\/strong>\u00a0-30\u00b0C a\u017e 70\u00b0C<\/li>\n<li><strong>Vlhkost:<\/strong>\u00a05% a\u017e 95% relativn\u00ed vlhkosti, nekondenzuj\u00edc\u00ed<\/li>\n<\/ul>\n<p><strong>Platby<\/strong><\/p>\n<ul>\n<li><strong>Bezkontaktn\u00ed \u010dte\u010dka karet:<\/strong>\u00a0Podpora 14443A \/14443B<\/li>\n<li><strong>\u010cte\u010dka \u010dipov\u00fdch karet:<\/strong>\u00a0Podpora standardu ISO7816<\/li>\n<\/ul>\n<p><strong>Certifikace<\/strong><\/p>\n<ul>\n<li><strong>Elektromagnetick\u00e1:<\/strong>\u00a0Certifikov\u00e1no podle IP\/IK. CE, RoHS, FCC, GMS. EMV, PCI, PAYPASS, PAYWAVE, AMEX (voliteln\u011b)<\/li>\n<\/ul>\n<p><strong>Roz\u0161\u00ed\u0159en\u00ed a perif\u00e9rie<\/strong><\/p>\n<ul>\n<li><strong>P\u0159edn\u00ed kamera:<\/strong>\u00a05MP<\/li>\n<li><strong>Audio:<\/strong>\u00a0Reproduktor, mikrofon, bzu\u010d\u00e1k<\/li>\n<li><strong>Protokoly<\/strong>\n<ul>\n<li>MDB 3 (Master i Slave)<\/li>\n<li>OCPP 2.0.1<\/li>\n<\/ul>\n<\/li>\n<\/ul>\n<p><img decoding=\"async\" width=\"1024\" height=\"969\" class=\"alignright wp-image-17213\" style=\"max-width: 485px;\" src=\"\/web\/wp-content\/uploads\/2024\/08\/REX-Royal-S300-1024x969.png\" alt=\"\" srcset=\"https:\/\/www.kasafik.cz\/web\/wp-content\/uploads\/2024\/08\/REX-Royal-S300-1024x969.png 1024w, https:\/\/www.kasafik.cz\/web\/wp-content\/uploads\/2024\/08\/REX-Royal-S300-600x568.png 600w, https:\/\/www.kasafik.cz\/web\/wp-content\/uploads\/2024\/08\/REX-Royal-S300-300x284.png 300w, https:\/\/www.kasafik.cz\/web\/wp-content\/uploads\/2024\/08\/REX-Royal-S300-768x727.png 768w, https:\/\/www.kasafik.cz\/web\/wp-content\/uploads\/2024\/08\/REX-Royal-S300.png 1240w\" sizes=\"(max-width: 1024px) 100vw, 1024px\" \/><br \/>\n<strong>Fyzick\u00e1 ochrana<\/strong><\/p>\n<ul>\n<li><strong>Certifikace IP\/IK:<\/strong>\u00a0IP54, IK08<\/li>\n<\/ul>\n<p><strong>Kompatibilita MDB rozhran\u00ed<\/strong><br \/>\nPlatebn\u00ed za\u0159\u00edzen\u00ed je pln\u011b kompatibiln\u00ed s protokolem MDB a umo\u017e\u0148uje komunikaci s bezobslu\u017en\u00fdmi automaty. Kontaktujte na\u0161e integra\u010dn\u00ed experty s dotazem na konkr\u00e9tn\u00ed podporu nebo zap\u016fj\u010den\u00ed termin\u00e1lu k otestov\u00e1n\u00ed s konkr\u00e9tn\u00edm automatem.<\/p>\n<ul>\n<li>K\u00e1vovar <a href=\"https:\/\/www.rex-royal.com\/en\/1186\/S300_20.htm\">REX-ROYAL S 300<\/a><\/li>\n<li>K\u00e1vovary v\u00fdrobce <a href=\"https:\/\/www.bianchivending.com\/en\/\">Bianchi Vending<\/a> LEI 400<\/li>\n<li><a href=\"https:\/\/www.tcnvending.com\/\">TCN Vending Machines<\/a><\/li>\n<li>Jettino Vending<\/li>\n<li style=\"display: none;\">Kompletn\u00ed sortiment v\u00fdrobce Jetinno Vending<\/li>\n<\/ul>\n<h3>Partnerst\u00ed s AGFoods<\/h3>\n<div><img decoding=\"async\" class=\"alignleft wp-image-18538\" src=\"\/web\/wp-content\/uploads\/2024\/08\/Screenshot-from-2025-09-16-13-52-27.png\" alt=\"AGFoods Logo\" width=\"72\" \/><\/div>\n<p>AGFoods je p\u0159edn\u00ed poskytovatel samoobslu\u017en\u00fdch v\u00fddejn\u00edch automat\u016f v segmentu Horeca. Platebn\u00ed termin\u00e1ly KASA PAY jsou pln\u011b integrov\u00e1ny a otestov\u00e1ny s automaty dod\u00e1van\u00fdmi AGFoods. Vyu\u017eijte spolehliv\u00e9ho spojen\u00ed zna\u010dek a prod\u00e1vejte bezhotovostn\u011b bez nutnosti obsluhy.<\/p>\n","protected":false},"excerpt":{"rendered":"<p>Vylep\u0161ete sv\u00e9 samoobslu\u017en\u00e9 slu\u017eby s na\u0161\u00edm modern\u00edm unattended termin\u00e1lem, kter\u00fd nab\u00edz\u00ed \u0161irokou \u0161k\u00e1lu funkc\u00ed pro pohodln\u00e9 a bezpe\u010dn\u00e9 pou\u017e\u00edv\u00e1n\u00ed. Tento termin\u00e1l je ide\u00e1ln\u00ed pro bezobslu\u017en\u00e9 prodejny, fitness centra, kancel\u00e1\u0159sk\u00e9 budovy a dal\u0161\u00ed m\u00edsta, kde je vy\u017eadov\u00e1na rychl\u00e1 a spolehliv\u00e1 autentizace a platba.<\/p>\n","protected":false},"featured_media":17144,"comment_status":"closed","ping_status":"closed","template":"","meta":[],"product_brand":[],"product_cat":[249],"product_tag":[],"class_list":{"0":"post-17147","1":"product","2":"type-product","3":"status-publish","4":"has-post-thumbnail","6":"product_cat-platebni-terminaly","8":"first","9":"instock","10":"taxable","11":"shipping-taxable","12":"purchasable","13":"product-type-simple"},"yoast_head":"<!-- This site is optimized with the Yoast SEO plugin v27.4 - https:\/\/yoast.com\/product\/yoast-seo-wordpress\/ -->\n<title>Samoobslu\u017en\u00fd termin\u00e1l KASA PAY CM30 - KASA FIK<\/title>\n<meta name=\"robots\" content=\"index, follow, max-snippet:-1, max-image-preview:large, max-video-preview:-1\" \/>\n<link rel=\"canonical\" href=\"https:\/\/www.kasafik.cz\/web\/produkt\/kasa-pay-cm30\/\" \/>\n<meta property=\"og:locale\" content=\"cs_CZ\" \/>\n<meta property=\"og:type\" content=\"article\" \/>\n<meta property=\"og:title\" content=\"Samoobslu\u017en\u00fd termin\u00e1l KASA PAY CM30 - KASA FIK\" \/>\n<meta property=\"og:description\" content=\"Vylep\u0161ete sv\u00e9 samoobslu\u017en\u00e9 slu\u017eby s na\u0161\u00edm modern\u00edm unattended termin\u00e1lem, kter\u00fd nab\u00edz\u00ed \u0161irokou \u0161k\u00e1lu funkc\u00ed pro pohodln\u00e9 a bezpe\u010dn\u00e9 pou\u017e\u00edv\u00e1n\u00ed. Tento termin\u00e1l je ide\u00e1ln\u00ed pro bezobslu\u017en\u00e9 prodejny, fitness centra, kancel\u00e1\u0159sk\u00e9 budovy a dal\u0161\u00ed m\u00edsta, kde je vy\u017eadov\u00e1na rychl\u00e1 a spolehliv\u00e1 autentizace a platba.\" \/>\n<meta property=\"og:url\" content=\"https:\/\/www.kasafik.cz\/web\/produkt\/kasa-pay-cm30\/\" \/>\n<meta property=\"og:site_name\" content=\"KASA FIK\" \/>\n<meta property=\"article:modified_time\" content=\"2026-05-01T08:51:47+00:00\" \/>\n<meta property=\"og:image\" content=\"https:\/\/www.kasafik.cz\/web\/wp-content\/uploads\/2024\/08\/unattended-cm30.jpg\" \/>\n\t<meta property=\"og:image:width\" content=\"892\" \/>\n\t<meta property=\"og:image:height\" content=\"892\" \/>\n\t<meta property=\"og:image:type\" content=\"image\/jpeg\" \/>\n<meta name=\"twitter:card\" content=\"summary_large_image\" \/>\n<meta name=\"twitter:label1\" content=\"Odhadovan\u00e1 doba \u010dten\u00ed\" \/>\n\t<meta name=\"twitter:data1\" content=\"6 minut\" \/>\n<script type=\"application\/ld+json\" class=\"yoast-schema-graph\">{\"@context\":\"https:\\\/\\\/schema.org\",\"@graph\":[{\"@type\":\"WebPage\",\"@id\":\"https:\\\/\\\/www.kasafik.cz\\\/web\\\/produkt\\\/kasa-pay-cm30\\\/\",\"url\":\"https:\\\/\\\/www.kasafik.cz\\\/web\\\/produkt\\\/kasa-pay-cm30\\\/\",\"name\":\"Samoobslu\u017en\u00fd termin\u00e1l KASA PAY CM30 - KASA FIK\",\"isPartOf\":{\"@id\":\"https:\\\/\\\/www.kasafik.cz\\\/web\\\/#website\"},\"primaryImageOfPage\":{\"@id\":\"https:\\\/\\\/www.kasafik.cz\\\/web\\\/produkt\\\/kasa-pay-cm30\\\/#primaryimage\"},\"image\":{\"@id\":\"https:\\\/\\\/www.kasafik.cz\\\/web\\\/produkt\\\/kasa-pay-cm30\\\/#primaryimage\"},\"thumbnailUrl\":\"https:\\\/\\\/www.kasafik.cz\\\/web\\\/wp-content\\\/uploads\\\/2024\\\/08\\\/unattended-cm30.jpg\",\"datePublished\":\"2024-08-11T13:47:19+00:00\",\"dateModified\":\"2026-05-01T08:51:47+00:00\",\"breadcrumb\":{\"@id\":\"https:\\\/\\\/www.kasafik.cz\\\/web\\\/produkt\\\/kasa-pay-cm30\\\/#breadcrumb\"},\"inLanguage\":\"cs\",\"potentialAction\":[{\"@type\":\"ReadAction\",\"target\":[\"https:\\\/\\\/www.kasafik.cz\\\/web\\\/produkt\\\/kasa-pay-cm30\\\/\"]}]},{\"@type\":\"ImageObject\",\"inLanguage\":\"cs\",\"@id\":\"https:\\\/\\\/www.kasafik.cz\\\/web\\\/produkt\\\/kasa-pay-cm30\\\/#primaryimage\",\"url\":\"https:\\\/\\\/www.kasafik.cz\\\/web\\\/wp-content\\\/uploads\\\/2024\\\/08\\\/unattended-cm30.jpg\",\"contentUrl\":\"https:\\\/\\\/www.kasafik.cz\\\/web\\\/wp-content\\\/uploads\\\/2024\\\/08\\\/unattended-cm30.jpg\",\"width\":892,\"height\":892},{\"@type\":\"BreadcrumbList\",\"@id\":\"https:\\\/\\\/www.kasafik.cz\\\/web\\\/produkt\\\/kasa-pay-cm30\\\/#breadcrumb\",\"itemListElement\":[{\"@type\":\"ListItem\",\"position\":1,\"name\":\"Home\",\"item\":\"https:\\\/\\\/origin.kasafik.cz\\\/web\\\/cs\\\/\"},{\"@type\":\"ListItem\",\"position\":2,\"name\":\"Shop\",\"item\":\"https:\\\/\\\/www.kasafik.cz\\\/web\\\/cs\\\/shop\\\/\"},{\"@type\":\"ListItem\",\"position\":3,\"name\":\"Samoobslu\u017en\u00fd termin\u00e1l KASA PAY CM30\"}]},{\"@type\":\"WebSite\",\"@id\":\"https:\\\/\\\/www.kasafik.cz\\\/web\\\/#website\",\"url\":\"https:\\\/\\\/www.kasafik.cz\\\/web\\\/\",\"name\":\"KASA FIK\",\"description\":\"\",\"potentialAction\":[{\"@type\":\"SearchAction\",\"target\":{\"@type\":\"EntryPoint\",\"urlTemplate\":\"https:\\\/\\\/www.kasafik.cz\\\/web\\\/?s={search_term_string}\"},\"query-input\":{\"@type\":\"PropertyValueSpecification\",\"valueRequired\":true,\"valueName\":\"search_term_string\"}}],\"inLanguage\":\"cs\"}]}<\/script>\n<!-- \/ Yoast SEO plugin. -->","yoast_head_json":{"title":"Samoobslu\u017en\u00fd termin\u00e1l KASA PAY CM30 - KASA FIK","robots":{"index":"index","follow":"follow","max-snippet":"max-snippet:-1","max-image-preview":"max-image-preview:large","max-video-preview":"max-video-preview:-1"},"canonical":"https:\/\/www.kasafik.cz\/web\/produkt\/kasa-pay-cm30\/","og_locale":"cs_CZ","og_type":"article","og_title":"Samoobslu\u017en\u00fd termin\u00e1l KASA PAY CM30 - KASA FIK","og_description":"Vylep\u0161ete sv\u00e9 samoobslu\u017en\u00e9 slu\u017eby s na\u0161\u00edm modern\u00edm unattended termin\u00e1lem, kter\u00fd nab\u00edz\u00ed \u0161irokou \u0161k\u00e1lu funkc\u00ed pro pohodln\u00e9 a bezpe\u010dn\u00e9 pou\u017e\u00edv\u00e1n\u00ed. Tento termin\u00e1l je ide\u00e1ln\u00ed pro bezobslu\u017en\u00e9 prodejny, fitness centra, kancel\u00e1\u0159sk\u00e9 budovy a dal\u0161\u00ed m\u00edsta, kde je vy\u017eadov\u00e1na rychl\u00e1 a spolehliv\u00e1 autentizace a platba.","og_url":"https:\/\/www.kasafik.cz\/web\/produkt\/kasa-pay-cm30\/","og_site_name":"KASA FIK","article_modified_time":"2026-05-01T08:51:47+00:00","og_image":[{"width":892,"height":892,"url":"https:\/\/www.kasafik.cz\/web\/wp-content\/uploads\/2024\/08\/unattended-cm30.jpg","type":"image\/jpeg"}],"twitter_card":"summary_large_image","twitter_misc":{"Odhadovan\u00e1 doba \u010dten\u00ed":"6 minut"},"schema":{"@context":"https:\/\/schema.org","@graph":[{"@type":"WebPage","@id":"https:\/\/www.kasafik.cz\/web\/produkt\/kasa-pay-cm30\/","url":"https:\/\/www.kasafik.cz\/web\/produkt\/kasa-pay-cm30\/","name":"Samoobslu\u017en\u00fd termin\u00e1l KASA PAY CM30 - KASA FIK","isPartOf":{"@id":"https:\/\/www.kasafik.cz\/web\/#website"},"primaryImageOfPage":{"@id":"https:\/\/www.kasafik.cz\/web\/produkt\/kasa-pay-cm30\/#primaryimage"},"image":{"@id":"https:\/\/www.kasafik.cz\/web\/produkt\/kasa-pay-cm30\/#primaryimage"},"thumbnailUrl":"https:\/\/www.kasafik.cz\/web\/wp-content\/uploads\/2024\/08\/unattended-cm30.jpg","datePublished":"2024-08-11T13:47:19+00:00","dateModified":"2026-05-01T08:51:47+00:00","breadcrumb":{"@id":"https:\/\/www.kasafik.cz\/web\/produkt\/kasa-pay-cm30\/#breadcrumb"},"inLanguage":"cs","potentialAction":[{"@type":"ReadAction","target":["https:\/\/www.kasafik.cz\/web\/produkt\/kasa-pay-cm30\/"]}]},{"@type":"ImageObject","inLanguage":"cs","@id":"https:\/\/www.kasafik.cz\/web\/produkt\/kasa-pay-cm30\/#primaryimage","url":"https:\/\/www.kasafik.cz\/web\/wp-content\/uploads\/2024\/08\/unattended-cm30.jpg","contentUrl":"https:\/\/www.kasafik.cz\/web\/wp-content\/uploads\/2024\/08\/unattended-cm30.jpg","width":892,"height":892},{"@type":"BreadcrumbList","@id":"https:\/\/www.kasafik.cz\/web\/produkt\/kasa-pay-cm30\/#breadcrumb","itemListElement":[{"@type":"ListItem","position":1,"name":"Home","item":"https:\/\/origin.kasafik.cz\/web\/cs\/"},{"@type":"ListItem","position":2,"name":"Shop","item":"https:\/\/www.kasafik.cz\/web\/cs\/shop\/"},{"@type":"ListItem","position":3,"name":"Samoobslu\u017en\u00fd termin\u00e1l KASA PAY CM30"}]},{"@type":"WebSite","@id":"https:\/\/www.kasafik.cz\/web\/#website","url":"https:\/\/www.kasafik.cz\/web\/","name":"KASA FIK","description":"","potentialAction":[{"@type":"SearchAction","target":{"@type":"EntryPoint","urlTemplate":"https:\/\/www.kasafik.cz\/web\/?s={search_term_string}"},"query-input":{"@type":"PropertyValueSpecification","valueRequired":true,"valueName":"search_term_string"}}],"inLanguage":"cs"}]}},"jetpack_sharing_enabled":true,"_links":{"self":[{"href":"https:\/\/www.kasafik.cz\/web\/wp-json\/wp\/v2\/product\/17147","targetHints":{"allow":["GET"]}}],"collection":[{"href":"https:\/\/www.kasafik.cz\/web\/wp-json\/wp\/v2\/product"}],"about":[{"href":"https:\/\/www.kasafik.cz\/web\/wp-json\/wp\/v2\/types\/product"}],"replies":[{"embeddable":true,"href":"https:\/\/www.kasafik.cz\/web\/wp-json\/wp\/v2\/comments?post=17147"}],"version-history":[{"count":19,"href":"https:\/\/www.kasafik.cz\/web\/wp-json\/wp\/v2\/product\/17147\/revisions"}],"predecessor-version":[{"id":19115,"href":"https:\/\/www.kasafik.cz\/web\/wp-json\/wp\/v2\/product\/17147\/revisions\/19115"}],"wp:featuredmedia":[{"embeddable":true,"href":"https:\/\/www.kasafik.cz\/web\/wp-json\/wp\/v2\/media\/17144"}],"wp:attachment":[{"href":"https:\/\/www.kasafik.cz\/web\/wp-json\/wp\/v2\/media?parent=17147"}],"wp:term":[{"taxonomy":"product_brand","embeddable":true,"href":"https:\/\/www.kasafik.cz\/web\/wp-json\/wp\/v2\/product_brand?post=17147"},{"taxonomy":"product_cat","embeddable":true,"href":"https:\/\/www.kasafik.cz\/web\/wp-json\/wp\/v2\/product_cat?post=17147"},{"taxonomy":"product_tag","embeddable":true,"href":"https:\/\/www.kasafik.cz\/web\/wp-json\/wp\/v2\/product_tag?post=17147"}],"curies":[{"name":"wp","href":"https:\/\/api.w.org\/{rel}","templated":true}]}}