{"id":15478,"date":"2024-01-23T10:52:27","date_gmt":"2024-01-23T10:52:27","guid":{"rendered":"https:\/\/origin.kasafik.cz\/web\/?post_type=product&#038;p=15478"},"modified":"2024-01-23T13:21:29","modified_gmt":"2024-01-23T13:21:29","slug":"kasa-fik-kiosk-self","status":"publish","type":"product","link":"https:\/\/www.kasafik.cz\/web\/produkt\/kasa-fik-kiosk-self\/","title":{"rendered":"KASA FIK stoln\u00ed kamerov\u00fd kiosk"},"content":{"rendered":"<p>Bazstarostn\u00fd a jedoduch\u00fd samoobslu\u017en\u00fd syst\u00e9m pro j\u00eddelny, firemn\u00ed prodejny, co-working centra. Pomoc\u00ed zabudovan\u00e9 kamery vyu\u017e\u00edv\u00e1 nau\u010den\u00fdch model\u016f a rozpozn\u00e1 jednoduch\u00fd sortiment. Za\u0159\u00edzen\u00ed je vybaveno v\u00fdkon\u00fdm CPU i grafick\u00fdm procesorem GPU pro akceleraci rozpozn\u00e1v\u00e1n\u00ed obrazu pomoc\u00ed integrovan\u00e9ho AI obrazov\u00e9ho modelu.<\/p>\n<h2>Specifikace produktu<\/h2>\n<table class=\"table table-bordered\">\n<tbody>\n<tr>\n<th>Opera\u010dn\u00ed syst\u00e9m<\/th>\n<td>Android 12<\/td>\n<\/tr>\n<tr>\n<th>Procesor<\/th>\n<td>Octa-Core 2.7GHz<\/td>\n<\/tr>\n<tr>\n<th>Pam\u011b\u0165<\/th>\n<td>\n<ul>\n<li>6GB RAM, 128GB ROM*<\/li>\n<li>8GB RAM, 128GB ROM*<\/li>\n<li>4GB RAM, 64GB ROM<\/li>\n<\/ul>\n<\/td>\n<\/tr>\n<tr>\n<th>Displej<\/th>\n<td>\n<ul>\n<li>Hlavn\u00ed displej: 15.6 palce, 1920*1080*<\/li>\n<li>Z\u00e1kaznick\u00fd displej: 15.6 palce, 1920*1080*<\/li>\n<li>Z\u00e1kaznick\u00fd displej: 10.1 palce, 1280*800*<\/li>\n<\/ul>\n<\/td>\n<\/tr>\n<tr>\n<th>NFC<\/th>\n<td>ISO14443 Type A\/B, Mifare*<\/td>\n<\/tr>\n<tr>\n<th>QR k\u00f3d skener<\/th>\n<td>Podporuje<\/td>\n<\/tr>\n<tr>\n<th>Kamera<\/th>\n<td>\n<ul>\n<li>Jednook\u00e1 kamera<\/li>\n<li>Dvouok\u00e1 kamera<\/li>\n<li>3D Depth Sensing Camera (verze s v\u00e1hami)<\/li>\n<\/ul>\n<\/td>\n<\/tr>\n<tr>\n<th>Objektov\u00e1 kamera<\/th>\n<td>\n<ul>\n<li>2MP, s dopl\u0148kov\u00fdm sv\u011btlem, pro verzi se v\u00e1hami<\/li>\n<li>2MP, s dopl\u0148kov\u00fdm sv\u011btlem, pro verzi s identifikac\u00ed pokrmu<\/li>\n<\/ul>\n<\/td>\n<\/tr>\n<tr>\n<th>Tisk\u00e1rna<\/th>\n<td>\n<ul>\n<li>\u0160\u00ed\u0159ka pap\u00edru 58mm, Pokladn\u00ed tisk\u00e1rna<\/li>\n<li>\u0160t\u00edtkov\u00e1 tisk\u00e1rna<\/li>\n<li>Podpora podnosu<\/li>\n<\/ul>\n<\/td>\n<\/tr>\n<tr>\n<th>V\u00e1hy (voliteln\u011b)<\/th>\n<td>Maxim\u00e1ln\u00ed v\u00e1\u017een\u00ed: 15kg, P\u0159esnost v\u00e1\u017een\u00ed: 2g<\/td>\n<\/tr>\n<tr>\n<th>Komunikace<\/th>\n<td>\n<ul>\n<li>WiFi\/Bluetooth\/Ethernet<\/li>\n<li>LTE\/WCDMA\/GPRS<\/li>\n<\/ul>\n<\/td>\n<\/tr>\n<tr>\n<th>Zvuk<\/th>\n<td>\n<ul>\n<li>Digit\u00e1ln\u00ed zvukov\u00fd reproduktor<\/li>\n<li>Mikrofon<\/li>\n<\/ul>\n<\/td>\n<\/tr>\n<tr>\n<th>Perifern\u00ed porty<\/th>\n<td>4 USB, 1 Micro USB, 1 RJ45<\/td>\n<\/tr>\n<tr>\n<th>Nap\u00e1jen\u00ed<\/th>\n<td>12V\/3A<\/td>\n<\/tr>\n<tr>\n<th>Ostatn\u00ed<\/th>\n<td>1 tla\u010d\u00edtko nap\u00e1jen\u00ed<\/td>\n<\/tr>\n<tr>\n<th>Rozm\u011bry (mm)<\/th>\n<td>400(L)*537(W)*710(H)<\/td>\n<\/tr>\n<tr>\n<th>Provozn\u00ed prost\u0159ed\u00ed<\/th>\n<td>\n<ul>\n<li>Provozn\u00ed teplota: -5\u2103~45\u2103<\/li>\n<li>Teplota skladov\u00e1n\u00ed: -25\u2103~60\u2103<\/li>\n<\/ul>\n<\/td>\n<\/tr>\n<\/tbody>\n<\/table>\n","protected":false},"excerpt":{"rendered":"<p>Samoobslu\u017en\u00e1 pokladna s inteligentn\u00edm AI syst\u00e9mem rozpozn\u00e1v\u00e1n\u00ed pokrm\u016f, krabi\u010dek a v\u00fdrobk\u016f. Ide\u00e1ln\u00ed pro j\u00eddelny a samoobslu\u017en\u00fd prodej.<\/p>\n","protected":false},"featured_media":15479,"comment_status":"closed","ping_status":"closed","template":"","meta":[],"product_brand":[],"product_cat":[231],"product_tag":[259],"class_list":{"0":"post-15478","1":"product","2":"type-product","3":"status-publish","4":"has-post-thumbnail","6":"product_cat-pokladni-sety","7":"product_tag-novinka-2024","9":"first","10":"instock","11":"taxable","12":"shipping-taxable","13":"purchasable","14":"product-type-variable","15":"has-default-attributes"},"yoast_head":"<!-- This site is optimized with the Yoast SEO plugin v27.4 - https:\/\/yoast.com\/product\/yoast-seo-wordpress\/ -->\n<title>KASA FIK stoln\u00ed kamerov\u00fd kiosk - KASA FIK<\/title>\n<meta name=\"robots\" content=\"index, follow, max-snippet:-1, max-image-preview:large, max-video-preview:-1\" \/>\n<link rel=\"canonical\" href=\"https:\/\/www.kasafik.cz\/web\/produkt\/kasa-fik-kiosk-self\/\" \/>\n<meta property=\"og:locale\" content=\"cs_CZ\" \/>\n<meta property=\"og:type\" content=\"article\" \/>\n<meta property=\"og:title\" content=\"KASA FIK stoln\u00ed kamerov\u00fd kiosk - KASA FIK\" \/>\n<meta property=\"og:description\" content=\"Samoobslu\u017en\u00e1 pokladna s inteligentn\u00edm AI syst\u00e9mem rozpozn\u00e1v\u00e1n\u00ed pokrm\u016f, krabi\u010dek a v\u00fdrobk\u016f. Ide\u00e1ln\u00ed pro j\u00eddelny a samoobslu\u017en\u00fd prodej.\" \/>\n<meta property=\"og:url\" content=\"https:\/\/www.kasafik.cz\/web\/produkt\/kasa-fik-kiosk-self\/\" \/>\n<meta property=\"og:site_name\" content=\"KASA FIK\" \/>\n<meta property=\"article:modified_time\" content=\"2024-01-23T13:21:29+00:00\" \/>\n<meta property=\"og:image\" content=\"https:\/\/www.kasafik.cz\/web\/wp-content\/uploads\/2024\/01\/self-service-C50-550.png\" \/>\n\t<meta property=\"og:image:width\" content=\"500\" \/>\n\t<meta property=\"og:image:height\" content=\"550\" \/>\n\t<meta property=\"og:image:type\" content=\"image\/png\" \/>\n<meta name=\"twitter:card\" content=\"summary_large_image\" \/>\n<meta name=\"twitter:label1\" content=\"Odhadovan\u00e1 doba \u010dten\u00ed\" \/>\n\t<meta name=\"twitter:data1\" content=\"2 minuty\" \/>\n<script type=\"application\/ld+json\" class=\"yoast-schema-graph\">{\"@context\":\"https:\\\/\\\/schema.org\",\"@graph\":[{\"@type\":\"WebPage\",\"@id\":\"https:\\\/\\\/www.kasafik.cz\\\/web\\\/produkt\\\/kasa-fik-kiosk-self\\\/\",\"url\":\"https:\\\/\\\/www.kasafik.cz\\\/web\\\/produkt\\\/kasa-fik-kiosk-self\\\/\",\"name\":\"KASA FIK stoln\u00ed kamerov\u00fd kiosk - KASA FIK\",\"isPartOf\":{\"@id\":\"https:\\\/\\\/www.kasafik.cz\\\/web\\\/#website\"},\"primaryImageOfPage\":{\"@id\":\"https:\\\/\\\/www.kasafik.cz\\\/web\\\/produkt\\\/kasa-fik-kiosk-self\\\/#primaryimage\"},\"image\":{\"@id\":\"https:\\\/\\\/www.kasafik.cz\\\/web\\\/produkt\\\/kasa-fik-kiosk-self\\\/#primaryimage\"},\"thumbnailUrl\":\"https:\\\/\\\/www.kasafik.cz\\\/web\\\/wp-content\\\/uploads\\\/2024\\\/01\\\/self-service-C50-550.png\",\"datePublished\":\"2024-01-23T10:52:27+00:00\",\"dateModified\":\"2024-01-23T13:21:29+00:00\",\"breadcrumb\":{\"@id\":\"https:\\\/\\\/www.kasafik.cz\\\/web\\\/produkt\\\/kasa-fik-kiosk-self\\\/#breadcrumb\"},\"inLanguage\":\"cs\",\"potentialAction\":[{\"@type\":\"ReadAction\",\"target\":[\"https:\\\/\\\/www.kasafik.cz\\\/web\\\/produkt\\\/kasa-fik-kiosk-self\\\/\"]}]},{\"@type\":\"ImageObject\",\"inLanguage\":\"cs\",\"@id\":\"https:\\\/\\\/www.kasafik.cz\\\/web\\\/produkt\\\/kasa-fik-kiosk-self\\\/#primaryimage\",\"url\":\"https:\\\/\\\/www.kasafik.cz\\\/web\\\/wp-content\\\/uploads\\\/2024\\\/01\\\/self-service-C50-550.png\",\"contentUrl\":\"https:\\\/\\\/www.kasafik.cz\\\/web\\\/wp-content\\\/uploads\\\/2024\\\/01\\\/self-service-C50-550.png\",\"width\":500,\"height\":550},{\"@type\":\"BreadcrumbList\",\"@id\":\"https:\\\/\\\/www.kasafik.cz\\\/web\\\/produkt\\\/kasa-fik-kiosk-self\\\/#breadcrumb\",\"itemListElement\":[{\"@type\":\"ListItem\",\"position\":1,\"name\":\"Home\",\"item\":\"https:\\\/\\\/origin.kasafik.cz\\\/web\\\/cs\\\/\"},{\"@type\":\"ListItem\",\"position\":2,\"name\":\"Shop\",\"item\":\"https:\\\/\\\/www.kasafik.cz\\\/web\\\/cs\\\/shop\\\/\"},{\"@type\":\"ListItem\",\"position\":3,\"name\":\"KASA FIK stoln\u00ed kamerov\u00fd kiosk\"}]},{\"@type\":\"WebSite\",\"@id\":\"https:\\\/\\\/www.kasafik.cz\\\/web\\\/#website\",\"url\":\"https:\\\/\\\/www.kasafik.cz\\\/web\\\/\",\"name\":\"KASA FIK\",\"description\":\"\",\"potentialAction\":[{\"@type\":\"SearchAction\",\"target\":{\"@type\":\"EntryPoint\",\"urlTemplate\":\"https:\\\/\\\/www.kasafik.cz\\\/web\\\/?s={search_term_string}\"},\"query-input\":{\"@type\":\"PropertyValueSpecification\",\"valueRequired\":true,\"valueName\":\"search_term_string\"}}],\"inLanguage\":\"cs\"}]}<\/script>\n<!-- \/ Yoast SEO plugin. -->","yoast_head_json":{"title":"KASA FIK stoln\u00ed kamerov\u00fd kiosk - KASA FIK","robots":{"index":"index","follow":"follow","max-snippet":"max-snippet:-1","max-image-preview":"max-image-preview:large","max-video-preview":"max-video-preview:-1"},"canonical":"https:\/\/www.kasafik.cz\/web\/produkt\/kasa-fik-kiosk-self\/","og_locale":"cs_CZ","og_type":"article","og_title":"KASA FIK stoln\u00ed kamerov\u00fd kiosk - KASA FIK","og_description":"Samoobslu\u017en\u00e1 pokladna s inteligentn\u00edm AI syst\u00e9mem rozpozn\u00e1v\u00e1n\u00ed pokrm\u016f, krabi\u010dek a v\u00fdrobk\u016f. Ide\u00e1ln\u00ed pro j\u00eddelny a samoobslu\u017en\u00fd prodej.","og_url":"https:\/\/www.kasafik.cz\/web\/produkt\/kasa-fik-kiosk-self\/","og_site_name":"KASA FIK","article_modified_time":"2024-01-23T13:21:29+00:00","og_image":[{"width":500,"height":550,"url":"https:\/\/www.kasafik.cz\/web\/wp-content\/uploads\/2024\/01\/self-service-C50-550.png","type":"image\/png"}],"twitter_card":"summary_large_image","twitter_misc":{"Odhadovan\u00e1 doba \u010dten\u00ed":"2 minuty"},"schema":{"@context":"https:\/\/schema.org","@graph":[{"@type":"WebPage","@id":"https:\/\/www.kasafik.cz\/web\/produkt\/kasa-fik-kiosk-self\/","url":"https:\/\/www.kasafik.cz\/web\/produkt\/kasa-fik-kiosk-self\/","name":"KASA FIK stoln\u00ed kamerov\u00fd kiosk - KASA FIK","isPartOf":{"@id":"https:\/\/www.kasafik.cz\/web\/#website"},"primaryImageOfPage":{"@id":"https:\/\/www.kasafik.cz\/web\/produkt\/kasa-fik-kiosk-self\/#primaryimage"},"image":{"@id":"https:\/\/www.kasafik.cz\/web\/produkt\/kasa-fik-kiosk-self\/#primaryimage"},"thumbnailUrl":"https:\/\/www.kasafik.cz\/web\/wp-content\/uploads\/2024\/01\/self-service-C50-550.png","datePublished":"2024-01-23T10:52:27+00:00","dateModified":"2024-01-23T13:21:29+00:00","breadcrumb":{"@id":"https:\/\/www.kasafik.cz\/web\/produkt\/kasa-fik-kiosk-self\/#breadcrumb"},"inLanguage":"cs","potentialAction":[{"@type":"ReadAction","target":["https:\/\/www.kasafik.cz\/web\/produkt\/kasa-fik-kiosk-self\/"]}]},{"@type":"ImageObject","inLanguage":"cs","@id":"https:\/\/www.kasafik.cz\/web\/produkt\/kasa-fik-kiosk-self\/#primaryimage","url":"https:\/\/www.kasafik.cz\/web\/wp-content\/uploads\/2024\/01\/self-service-C50-550.png","contentUrl":"https:\/\/www.kasafik.cz\/web\/wp-content\/uploads\/2024\/01\/self-service-C50-550.png","width":500,"height":550},{"@type":"BreadcrumbList","@id":"https:\/\/www.kasafik.cz\/web\/produkt\/kasa-fik-kiosk-self\/#breadcrumb","itemListElement":[{"@type":"ListItem","position":1,"name":"Home","item":"https:\/\/origin.kasafik.cz\/web\/cs\/"},{"@type":"ListItem","position":2,"name":"Shop","item":"https:\/\/www.kasafik.cz\/web\/cs\/shop\/"},{"@type":"ListItem","position":3,"name":"KASA FIK stoln\u00ed kamerov\u00fd kiosk"}]},{"@type":"WebSite","@id":"https:\/\/www.kasafik.cz\/web\/#website","url":"https:\/\/www.kasafik.cz\/web\/","name":"KASA FIK","description":"","potentialAction":[{"@type":"SearchAction","target":{"@type":"EntryPoint","urlTemplate":"https:\/\/www.kasafik.cz\/web\/?s={search_term_string}"},"query-input":{"@type":"PropertyValueSpecification","valueRequired":true,"valueName":"search_term_string"}}],"inLanguage":"cs"}]}},"jetpack_sharing_enabled":true,"_links":{"self":[{"href":"https:\/\/www.kasafik.cz\/web\/wp-json\/wp\/v2\/product\/15478","targetHints":{"allow":["GET"]}}],"collection":[{"href":"https:\/\/www.kasafik.cz\/web\/wp-json\/wp\/v2\/product"}],"about":[{"href":"https:\/\/www.kasafik.cz\/web\/wp-json\/wp\/v2\/types\/product"}],"replies":[{"embeddable":true,"href":"https:\/\/www.kasafik.cz\/web\/wp-json\/wp\/v2\/comments?post=15478"}],"version-history":[{"count":14,"href":"https:\/\/www.kasafik.cz\/web\/wp-json\/wp\/v2\/product\/15478\/revisions"}],"predecessor-version":[{"id":15499,"href":"https:\/\/www.kasafik.cz\/web\/wp-json\/wp\/v2\/product\/15478\/revisions\/15499"}],"wp:featuredmedia":[{"embeddable":true,"href":"https:\/\/www.kasafik.cz\/web\/wp-json\/wp\/v2\/media\/15479"}],"wp:attachment":[{"href":"https:\/\/www.kasafik.cz\/web\/wp-json\/wp\/v2\/media?parent=15478"}],"wp:term":[{"taxonomy":"product_brand","embeddable":true,"href":"https:\/\/www.kasafik.cz\/web\/wp-json\/wp\/v2\/product_brand?post=15478"},{"taxonomy":"product_cat","embeddable":true,"href":"https:\/\/www.kasafik.cz\/web\/wp-json\/wp\/v2\/product_cat?post=15478"},{"taxonomy":"product_tag","embeddable":true,"href":"https:\/\/www.kasafik.cz\/web\/wp-json\/wp\/v2\/product_tag?post=15478"}],"curies":[{"name":"wp","href":"https:\/\/api.w.org\/{rel}","templated":true}]}}