{"id":15274,"date":"2024-01-16T10:47:00","date_gmt":"2024-01-16T10:47:00","guid":{"rendered":"https:\/\/origin.kasafik.cz\/web\/?post_type=product&#038;p=15274"},"modified":"2026-01-28T10:59:42","modified_gmt":"2026-01-28T10:59:42","slug":"tiskarna-etiket-stitku-80mm-usb-lan","status":"publish","type":"product","link":"https:\/\/www.kasafik.cz\/web\/produkt\/tiskarna-etiket-stitku-80mm-usb-lan\/","title":{"rendered":"Tisk\u00e1rna etiket\/\u0161t\u00edtku 80mm USB\/LAN"},"content":{"rendered":"<h3>Co lze na etiket\u011b tisknout<\/h3>\n<ul>\n<li>QR k\u00f3d<\/li>\n<li>\u010c\u00e1rov\u00fd k\u00f3d<\/li>\n<li>Jak\u00fdkoliv text (v\u010d. v\u00e1hy zbo\u017e\u00ed, expiraci)<\/li>\n<\/ul>\n<h3>Jak vyu\u017e\u00edvaj\u00ed z\u00e1kazn\u00edci tisk\u00e1rnu etiket<\/h3>\n<ul>\n<li><strong>Ozna\u010dov\u00e1n\u00ed zbo\u017e\u00ed ve zlatnictv\u00ed &#8211;<\/strong> ka\u017ek\u00fd \u0161perk je ozna\u010den unik\u00e1tn\u00edm idetifika\u010dn\u00edm \u0161t\u00edtkem, naskladn\u011bn v aplikaci KASA FIK na sklad a precizn\u011b evidov\u00e1n<\/li>\n<li><strong>Evidence zbo\u017e\u00ed na skladu<\/strong> &#8211; tisk eviden\u010dn\u00edch \u0161t\u00edtk\u016f s k\u00f3dem produktu a s\u00e9riov\u00fdm \u010d\u00edslem p\u0159\u00edpadn\u011b informac\u00ed o v\u00e1ze a expiraci zbo\u017e\u00ed<\/li>\n<li><strong>Tisk \u0161t\u00edt\u016f pro p\u0159\u00edpravu n\u00e1poj\u016f v provozovn\u00e1ch Bubble tea<\/strong> &#8211; automaticky obsluha nalep\u00ed \u0161t\u00edtek na kel\u00edmek, kter\u00fd obsahuje postup s pom\u011brem ingredienc\u00ed.<\/li>\n<\/ul>\n<h3>Kompatibilita<\/h3>\n<p>Tisk\u00e1rnu lze p\u0159ipojit k pokladn\u00edmu a skladov\u00e9mu syst\u00e9mu KASA FIK s licenc\u00ed PREMIUM.<\/p>\n<p>&nbsp;<\/p>\n<table class=\"table table-bordered\">\n<tbody>\n<tr data-sourcepos=\"1:1-1:21\">\n<th data-sourcepos=\"1:1-1:11\">Vlastnost<\/th>\n<th data-sourcepos=\"1:13-1:19\">Popis<\/th>\n<\/tr>\n<tr data-sourcepos=\"3:1-3:42\">\n<td data-sourcepos=\"3:1-3:10\">Rozhran\u00ed<\/td>\n<td data-sourcepos=\"3:12-3:40\">USB \/ LAN \/ Bluetooth (voliteln\u00e9)<\/td>\n<\/tr>\n<tr data-sourcepos=\"4:1-4:68\">\n<td data-sourcepos=\"4:1-4:18\">Tiskovac\u00ed p\u0159\u00edkaz<\/td>\n<td data-sourcepos=\"4:20-4:66\"><strong>TSPL<\/strong> p\u0159\u00edkazov\u00e1 sada (CPCL\/ESC\/POS p\u0159\u00edkaz &#8211; voliteln\u00fd)<\/td>\n<\/tr>\n<tr data-sourcepos=\"5:1-5:42\">\n<td data-sourcepos=\"5:1-5:18\">Tiskovac\u00ed metoda<\/td>\n<td data-sourcepos=\"5:20-5:40\">Direct Line Thermal<\/td>\n<\/tr>\n<tr data-sourcepos=\"6:1-6:33\">\n<td data-sourcepos=\"6:1-6:20\">Tiskovac\u00ed rychlost<\/td>\n<td data-sourcepos=\"6:22-6:31\">120 mm\/s<\/td>\n<\/tr>\n<tr data-sourcepos=\"7:1-7:37\">\n<td data-sourcepos=\"7:1-7:27\">\u017divotnost tiskov\u00e9ho hlavy<\/td>\n<td data-sourcepos=\"7:29-7:35\">50 km<\/td>\n<\/tr>\n<tr data-sourcepos=\"8:1-8:35\">\n<td data-sourcepos=\"8:1-8:11\">Rozli\u0161en\u00ed<\/td>\n<td data-sourcepos=\"8:13-8:33\">203 DPI (8 bod\u016f\/mm)<\/td>\n<\/tr>\n<tr data-sourcepos=\"9:1-9:51\">\n<td data-sourcepos=\"9:1-9:13\">Intern\u00ed k\u00f3d<\/td>\n<td data-sourcepos=\"9:15-9:49\">Podporuje 11 typ\u016f velikost\u00ed p\u00edsma<\/td>\n<\/tr>\n<tr data-sourcepos=\"10:1-10:64\">\n<td data-sourcepos=\"10:1-10:21\">Tiskovac\u00ed parametry<\/td>\n<td data-sourcepos=\"10:23-10:62\">Podpora stahov\u00e1n\u00ed ochrann\u00e9 zn\u00e1mky Logo<\/td>\n<\/tr>\n<tr data-sourcepos=\"11:1-11:60\">\n<td data-sourcepos=\"11:1-11:14\">Senzor m\u00e9dia<\/td>\n<td data-sourcepos=\"11:16-11:58\">Dvojit\u00fd senzor m\u00e9dia: pr\u016fsvitn\u00fd a odrazn\u00fd<\/td>\n<\/tr>\n<tr data-sourcepos=\"12:1-12:111\">\n<td data-sourcepos=\"12:1-12:19\">Jednorozm\u011brn\u00fd k\u00f3d<\/td>\n<td data-sourcepos=\"12:21-12:109\">UPC-A \/ UPC-E \/ JAN13 (EAN13) \/ JAN8 (EAN8) \/ CODE39 \/ ITF \/ CODABAR \/ CODE93 \/ CODE128<\/td>\n<\/tr>\n<tr data-sourcepos=\"13:1-13:37\">\n<td data-sourcepos=\"13:1-13:18\">Dvourozm\u011brn\u00fd k\u00f3d<\/td>\n<td data-sourcepos=\"13:20-13:35\">QR k\u00f3d, PDF417<\/td>\n<\/tr>\n<tr data-sourcepos=\"14:1-14:103\">\n<td data-sourcepos=\"14:1-14:19\">Tiskovac\u00ed ovlada\u010d<\/td>\n<td data-sourcepos=\"14:21-14:101\">Win2003 \/ WinXP \/ Win7 \/ WIN8 \/ WIN10 \/ WIN11 \/ MAC OS; Podporuje IOS \/ <strong>Android<\/strong><\/td>\n<\/tr>\n<tr data-sourcepos=\"15:1-15:77\">\n<td data-sourcepos=\"15:1-15:18\">Nap\u00e1jec\u00ed adapt\u00e9r<\/td>\n<td data-sourcepos=\"15:20-15:75\">Vstup: AC 110 V\/220 V, 50\uff5e60 Hz; V\u00fdstup: DC 24 V\/1,5 A<\/td>\n<\/tr>\n<tr data-sourcepos=\"16:1-16:9\">\n<td data-sourcepos=\"16:1-16:7\"><strong>Pap\u00edr<\/strong><\/td>\n<\/tr>\n<tr data-sourcepos=\"17:1-17:89\">\n<td data-sourcepos=\"17:1-17:18\">Typy termopap\u00edru<\/td>\n<td data-sourcepos=\"17:20-17:87\">kontinu\u00e1ln\u00ed pap\u00edr, etiketov\u00fd pap\u00edr, slo\u017een\u00fd pap\u00edr, tabulkov\u00fd pap\u00edr<\/td>\n<\/tr>\n<tr data-sourcepos=\"18:1-18:52\">\n<td data-sourcepos=\"18:1-18:23\">Efektivn\u00ed \u0161\u00ed\u0159ka tisku<\/td>\n<td data-sourcepos=\"18:25-18:50\">20-80 mm (max. 576 bod\u016f)<\/td>\n<\/tr>\n<tr data-sourcepos=\"19:1-19:43\">\n<td data-sourcepos=\"19:1-19:33\">Maxim\u00e1ln\u00ed dostupn\u00e1 \u0161\u00ed\u0159ka pap\u00edru<\/td>\n<td data-sourcepos=\"19:35-19:41\">76 mm<\/td>\n<\/tr>\n<tr data-sourcepos=\"20:1-20:44\">\n<td data-sourcepos=\"20:1-20:27\">Pr\u016fm\u011br stohovac\u00edho pap\u00edru<\/td>\n<td data-sourcepos=\"20:29-20:42\">100 mm (MAX)<\/td>\n<\/tr>\n<tr data-sourcepos=\"21:1-21:34\">\n<td data-sourcepos=\"21:1-21:17\">Tlou\u0161\u0165ka pap\u00edru<\/td>\n<td data-sourcepos=\"21:19-21:32\">0,06-0,30 mm<\/td>\n<\/tr>\n<tr data-sourcepos=\"22:1-22:10\">\n<td data-sourcepos=\"22:1-22:8\"><strong>Balen\u00ed<\/strong><\/td>\n<\/tr>\n<tr data-sourcepos=\"23:1-23:39\">\n<td data-sourcepos=\"23:1-23:18\">Rozm\u011bry tisk\u00e1rny<\/td>\n<td data-sourcepos=\"23:20-23:37\">200x160x139.5 mm<\/td>\n<\/tr>\n<tr data-sourcepos=\"24:1-24:54\">\n<td data-sourcepos=\"24:1-24:19\">Hmotnost jednotky<\/td>\n<td data-sourcepos=\"24:21-24:52\">1,40 kg (v\u010detn\u011b p\u0159\u00edslu\u0161enstv\u00ed)<\/td>\n<\/tr>\n<tr data-sourcepos=\"25:1-25:32\">\n<td data-sourcepos=\"25:1-25:21\">Po\u010det kus\u016f v balen\u00ed<\/td>\n<td data-sourcepos=\"25:23-25:30\">8 kus\u016f<\/td>\n<\/tr>\n<tr data-sourcepos=\"26:1-26:33\">\n<td data-sourcepos=\"26:1-26:16\">Barva tisk\u00e1rny<\/td>\n<td data-sourcepos=\"26:18-26:31\">\u010cern\u00e1 \/ B\u00edl\u00e1<\/td>\n<\/tr>\n<tr data-sourcepos=\"27:1-27:36\">\n<td data-sourcepos=\"27:1-27:16\">Rozm\u011bry balen\u00ed<\/td>\n<td data-sourcepos=\"27:18-27:34\">49 x 46 x 36 cm<\/td>\n<\/tr>\n<tr data-sourcepos=\"28:1-28:27\">\n<td data-sourcepos=\"28:1-28:17\">Hmotnost brutto<\/td>\n<td data-sourcepos=\"28:19-28:25\">12 kg<\/td>\n<\/tr>\n<tr data-sourcepos=\"29:1-29:21\">\n<td data-sourcepos=\"29:1-29:19\">Provozn\u00ed podm\u00ednky<\/td>\n<\/tr>\n<tr data-sourcepos=\"30:1-30:51\">\n<td data-sourcepos=\"30:1-30:18\">Provozn\u00ed teplota<\/td>\n<td data-sourcepos=\"30:20-30:49\">+0\u00a0\u2103\u00a0~ 50\u00a0\u2103\u00a0(bez kondenzace)<\/td>\n<\/tr>\n<tr data-sourcepos=\"31:1-31:60\">\n<td data-sourcepos=\"31:1-31:26\">Provozn\u00ed vlhkost vzduchu<\/td>\n<td data-sourcepos=\"31:28-31:58\">20% ~ 85% RH (bez kondenzace)<\/td>\n<\/tr>\n<tr data-sourcepos=\"32:1-32:54\">\n<td data-sourcepos=\"32:1-32:20\">Skladovac\u00ed teplota<\/td>\n<td data-sourcepos=\"32:22-32:52\">-20\u00a0\u2103 ~ 60\u00a0\u2103\u00a0(bez kondenzace)<\/td>\n<\/tr>\n<tr data-sourcepos=\"33:1-33:61\">\n<td data-sourcepos=\"33:1-33:28\">Skladovac\u00ed vlhkost vzduchu<\/td>\n<td data-sourcepos=\"33:30-33:59\">5% ~ 95% RH (bez kondenzace)<\/td>\n<\/tr>\n<tr data-sourcepos=\"34:1-34:47\">\n<td data-sourcepos=\"34:1-34:17\">Mechanick\u00fd hluk<\/td>\n<td data-sourcepos=\"34:19-34:45\">&lt; 60 dB (A v\u00e1\u017een\u00fd RMS)<\/td>\n<\/tr>\n<tr data-sourcepos=\"35:1-35:17\">\n<td data-sourcepos=\"35:1-35:15\"><strong>Seznam balen\u00ed<\/strong><\/td>\n<\/tr>\n<tr data-sourcepos=\"36:1-36:21\">\n<td data-sourcepos=\"36:1-36:11\">USB kabel<\/td>\n<td data-sourcepos=\"36:13-36:19\">1 kus<\/td>\n<\/tr>\n<tr data-sourcepos=\"37:1-37:28\">\n<td data-sourcepos=\"37:1-37:18\">Nap\u00e1jec\u00ed adapt\u00e9r<\/td>\n<td data-sourcepos=\"37:20-37:26\">1 kus<\/td>\n<\/tr>\n<tr data-sourcepos=\"38:1-38:26\">\n<td data-sourcepos=\"38:1-38:16\">Nap\u00e1jec\u00ed kabel<\/td>\n<td data-sourcepos=\"38:18-38:24\">1 kus<\/td>\n<\/tr>\n<tr data-sourcepos=\"39:1-39:18\">\n<td data-sourcepos=\"39:1-39:8\">Manu\u00e1l<\/td>\n<td data-sourcepos=\"39:10-39:16\">1 kus<\/td>\n<\/tr>\n<\/tbody>\n<\/table>\n","protected":false},"excerpt":{"rendered":"<p>Univerz\u00e1ln\u00ed termo tisk\u00e1rna pro tisk etiket a \u0161t\u00edtk\u016f. Ide\u00e1ln\u00ed volbou pro provozy, kter\u00e9 pot\u0159ebuj\u00ed efektivn\u011b ozna\u010dovat zbo\u017e\u00ed, skenovat \u010d\u00e1rov\u00e9 k\u00f3dy a vytv\u00e1\u0159et p\u0159epravn\u00ed dokumenty. Tato tisk\u00e1rna je kompaktn\u00ed a snadno se pou\u017e\u00edv\u00e1, tak\u017ee ji lze snadno p\u0159en\u00e1\u0161et a pou\u017e\u00edvat kdekoli, je rychl\u00e1 a spolehliv\u00e1 a nab\u00edz\u00ed n\u00edzkou cenu za str\u00e1nku.<\/p>\n","protected":false},"featured_media":15275,"comment_status":"closed","ping_status":"closed","template":"","meta":[],"product_brand":[],"product_cat":[218,256],"product_tag":[],"class_list":{"0":"post-15274","1":"product","2":"type-product","3":"status-publish","4":"has-post-thumbnail","6":"product_cat-prislusenstvi","7":"product_cat-printers","9":"first","10":"instock","11":"taxable","12":"shipping-taxable","13":"purchasable","14":"product-type-simple"},"yoast_head":"<!-- This site is optimized with the Yoast SEO plugin v27.4 - https:\/\/yoast.com\/product\/yoast-seo-wordpress\/ -->\n<title>Tisk\u00e1rna etiket\/\u0161t\u00edtku 80mm USB\/LAN - KASA FIK<\/title>\n<meta name=\"robots\" content=\"index, follow, max-snippet:-1, max-image-preview:large, max-video-preview:-1\" \/>\n<link rel=\"canonical\" href=\"https:\/\/www.kasafik.cz\/web\/produkt\/tiskarna-etiket-stitku-80mm-usb-lan\/\" \/>\n<meta property=\"og:locale\" content=\"cs_CZ\" \/>\n<meta property=\"og:type\" content=\"article\" \/>\n<meta property=\"og:title\" content=\"Tisk\u00e1rna etiket\/\u0161t\u00edtku 80mm USB\/LAN - KASA FIK\" \/>\n<meta property=\"og:description\" content=\"Univerz\u00e1ln\u00ed termo tisk\u00e1rna pro tisk etiket a \u0161t\u00edtk\u016f. Ide\u00e1ln\u00ed volbou pro provozy, kter\u00e9 pot\u0159ebuj\u00ed efektivn\u011b ozna\u010dovat zbo\u017e\u00ed, skenovat \u010d\u00e1rov\u00e9 k\u00f3dy a vytv\u00e1\u0159et p\u0159epravn\u00ed dokumenty. Tato tisk\u00e1rna je kompaktn\u00ed a snadno se pou\u017e\u00edv\u00e1, tak\u017ee ji lze snadno p\u0159en\u00e1\u0161et a pou\u017e\u00edvat kdekoli, je rychl\u00e1 a spolehliv\u00e1 a nab\u00edz\u00ed n\u00edzkou cenu za str\u00e1nku.\" \/>\n<meta property=\"og:url\" content=\"https:\/\/www.kasafik.cz\/web\/produkt\/tiskarna-etiket-stitku-80mm-usb-lan\/\" \/>\n<meta property=\"og:site_name\" content=\"KASA FIK\" \/>\n<meta property=\"article:modified_time\" content=\"2026-01-28T10:59:42+00:00\" \/>\n<meta property=\"og:image\" content=\"https:\/\/www.kasafik.cz\/web\/wp-content\/uploads\/2024\/01\/8610-black-01.jpg\" \/>\n\t<meta property=\"og:image:width\" content=\"800\" \/>\n\t<meta property=\"og:image:height\" content=\"800\" \/>\n\t<meta property=\"og:image:type\" content=\"image\/jpeg\" \/>\n<meta name=\"twitter:card\" content=\"summary_large_image\" \/>\n<meta name=\"twitter:label1\" content=\"Odhadovan\u00e1 doba \u010dten\u00ed\" \/>\n\t<meta name=\"twitter:data1\" content=\"3 minuty\" \/>\n<script type=\"application\/ld+json\" class=\"yoast-schema-graph\">{\"@context\":\"https:\\\/\\\/schema.org\",\"@graph\":[{\"@type\":\"WebPage\",\"@id\":\"https:\\\/\\\/www.kasafik.cz\\\/web\\\/produkt\\\/tiskarna-etiket-stitku-80mm-usb-lan\\\/\",\"url\":\"https:\\\/\\\/www.kasafik.cz\\\/web\\\/produkt\\\/tiskarna-etiket-stitku-80mm-usb-lan\\\/\",\"name\":\"Tisk\u00e1rna etiket\\\/\u0161t\u00edtku 80mm USB\\\/LAN - KASA FIK\",\"isPartOf\":{\"@id\":\"https:\\\/\\\/www.kasafik.cz\\\/web\\\/#website\"},\"primaryImageOfPage\":{\"@id\":\"https:\\\/\\\/www.kasafik.cz\\\/web\\\/produkt\\\/tiskarna-etiket-stitku-80mm-usb-lan\\\/#primaryimage\"},\"image\":{\"@id\":\"https:\\\/\\\/www.kasafik.cz\\\/web\\\/produkt\\\/tiskarna-etiket-stitku-80mm-usb-lan\\\/#primaryimage\"},\"thumbnailUrl\":\"https:\\\/\\\/www.kasafik.cz\\\/web\\\/wp-content\\\/uploads\\\/2024\\\/01\\\/8610-black-01.jpg\",\"datePublished\":\"2024-01-16T10:47:00+00:00\",\"dateModified\":\"2026-01-28T10:59:42+00:00\",\"breadcrumb\":{\"@id\":\"https:\\\/\\\/www.kasafik.cz\\\/web\\\/produkt\\\/tiskarna-etiket-stitku-80mm-usb-lan\\\/#breadcrumb\"},\"inLanguage\":\"cs\",\"potentialAction\":[{\"@type\":\"ReadAction\",\"target\":[\"https:\\\/\\\/www.kasafik.cz\\\/web\\\/produkt\\\/tiskarna-etiket-stitku-80mm-usb-lan\\\/\"]}]},{\"@type\":\"ImageObject\",\"inLanguage\":\"cs\",\"@id\":\"https:\\\/\\\/www.kasafik.cz\\\/web\\\/produkt\\\/tiskarna-etiket-stitku-80mm-usb-lan\\\/#primaryimage\",\"url\":\"https:\\\/\\\/www.kasafik.cz\\\/web\\\/wp-content\\\/uploads\\\/2024\\\/01\\\/8610-black-01.jpg\",\"contentUrl\":\"https:\\\/\\\/www.kasafik.cz\\\/web\\\/wp-content\\\/uploads\\\/2024\\\/01\\\/8610-black-01.jpg\",\"width\":800,\"height\":800},{\"@type\":\"BreadcrumbList\",\"@id\":\"https:\\\/\\\/www.kasafik.cz\\\/web\\\/produkt\\\/tiskarna-etiket-stitku-80mm-usb-lan\\\/#breadcrumb\",\"itemListElement\":[{\"@type\":\"ListItem\",\"position\":1,\"name\":\"Home\",\"item\":\"https:\\\/\\\/origin.kasafik.cz\\\/web\\\/cs\\\/\"},{\"@type\":\"ListItem\",\"position\":2,\"name\":\"Shop\",\"item\":\"https:\\\/\\\/www.kasafik.cz\\\/web\\\/cs\\\/shop\\\/\"},{\"@type\":\"ListItem\",\"position\":3,\"name\":\"Tisk\u00e1rna etiket\\\/\u0161t\u00edtku 80mm USB\\\/LAN\"}]},{\"@type\":\"WebSite\",\"@id\":\"https:\\\/\\\/www.kasafik.cz\\\/web\\\/#website\",\"url\":\"https:\\\/\\\/www.kasafik.cz\\\/web\\\/\",\"name\":\"KASA FIK\",\"description\":\"\",\"potentialAction\":[{\"@type\":\"SearchAction\",\"target\":{\"@type\":\"EntryPoint\",\"urlTemplate\":\"https:\\\/\\\/www.kasafik.cz\\\/web\\\/?s={search_term_string}\"},\"query-input\":{\"@type\":\"PropertyValueSpecification\",\"valueRequired\":true,\"valueName\":\"search_term_string\"}}],\"inLanguage\":\"cs\"}]}<\/script>\n<!-- \/ Yoast SEO plugin. -->","yoast_head_json":{"title":"Tisk\u00e1rna etiket\/\u0161t\u00edtku 80mm USB\/LAN - KASA FIK","robots":{"index":"index","follow":"follow","max-snippet":"max-snippet:-1","max-image-preview":"max-image-preview:large","max-video-preview":"max-video-preview:-1"},"canonical":"https:\/\/www.kasafik.cz\/web\/produkt\/tiskarna-etiket-stitku-80mm-usb-lan\/","og_locale":"cs_CZ","og_type":"article","og_title":"Tisk\u00e1rna etiket\/\u0161t\u00edtku 80mm USB\/LAN - KASA FIK","og_description":"Univerz\u00e1ln\u00ed termo tisk\u00e1rna pro tisk etiket a \u0161t\u00edtk\u016f. Ide\u00e1ln\u00ed volbou pro provozy, kter\u00e9 pot\u0159ebuj\u00ed efektivn\u011b ozna\u010dovat zbo\u017e\u00ed, skenovat \u010d\u00e1rov\u00e9 k\u00f3dy a vytv\u00e1\u0159et p\u0159epravn\u00ed dokumenty. Tato tisk\u00e1rna je kompaktn\u00ed a snadno se pou\u017e\u00edv\u00e1, tak\u017ee ji lze snadno p\u0159en\u00e1\u0161et a pou\u017e\u00edvat kdekoli, je rychl\u00e1 a spolehliv\u00e1 a nab\u00edz\u00ed n\u00edzkou cenu za str\u00e1nku.","og_url":"https:\/\/www.kasafik.cz\/web\/produkt\/tiskarna-etiket-stitku-80mm-usb-lan\/","og_site_name":"KASA FIK","article_modified_time":"2026-01-28T10:59:42+00:00","og_image":[{"width":800,"height":800,"url":"https:\/\/www.kasafik.cz\/web\/wp-content\/uploads\/2024\/01\/8610-black-01.jpg","type":"image\/jpeg"}],"twitter_card":"summary_large_image","twitter_misc":{"Odhadovan\u00e1 doba \u010dten\u00ed":"3 minuty"},"schema":{"@context":"https:\/\/schema.org","@graph":[{"@type":"WebPage","@id":"https:\/\/www.kasafik.cz\/web\/produkt\/tiskarna-etiket-stitku-80mm-usb-lan\/","url":"https:\/\/www.kasafik.cz\/web\/produkt\/tiskarna-etiket-stitku-80mm-usb-lan\/","name":"Tisk\u00e1rna etiket\/\u0161t\u00edtku 80mm USB\/LAN - KASA FIK","isPartOf":{"@id":"https:\/\/www.kasafik.cz\/web\/#website"},"primaryImageOfPage":{"@id":"https:\/\/www.kasafik.cz\/web\/produkt\/tiskarna-etiket-stitku-80mm-usb-lan\/#primaryimage"},"image":{"@id":"https:\/\/www.kasafik.cz\/web\/produkt\/tiskarna-etiket-stitku-80mm-usb-lan\/#primaryimage"},"thumbnailUrl":"https:\/\/www.kasafik.cz\/web\/wp-content\/uploads\/2024\/01\/8610-black-01.jpg","datePublished":"2024-01-16T10:47:00+00:00","dateModified":"2026-01-28T10:59:42+00:00","breadcrumb":{"@id":"https:\/\/www.kasafik.cz\/web\/produkt\/tiskarna-etiket-stitku-80mm-usb-lan\/#breadcrumb"},"inLanguage":"cs","potentialAction":[{"@type":"ReadAction","target":["https:\/\/www.kasafik.cz\/web\/produkt\/tiskarna-etiket-stitku-80mm-usb-lan\/"]}]},{"@type":"ImageObject","inLanguage":"cs","@id":"https:\/\/www.kasafik.cz\/web\/produkt\/tiskarna-etiket-stitku-80mm-usb-lan\/#primaryimage","url":"https:\/\/www.kasafik.cz\/web\/wp-content\/uploads\/2024\/01\/8610-black-01.jpg","contentUrl":"https:\/\/www.kasafik.cz\/web\/wp-content\/uploads\/2024\/01\/8610-black-01.jpg","width":800,"height":800},{"@type":"BreadcrumbList","@id":"https:\/\/www.kasafik.cz\/web\/produkt\/tiskarna-etiket-stitku-80mm-usb-lan\/#breadcrumb","itemListElement":[{"@type":"ListItem","position":1,"name":"Home","item":"https:\/\/origin.kasafik.cz\/web\/cs\/"},{"@type":"ListItem","position":2,"name":"Shop","item":"https:\/\/www.kasafik.cz\/web\/cs\/shop\/"},{"@type":"ListItem","position":3,"name":"Tisk\u00e1rna etiket\/\u0161t\u00edtku 80mm USB\/LAN"}]},{"@type":"WebSite","@id":"https:\/\/www.kasafik.cz\/web\/#website","url":"https:\/\/www.kasafik.cz\/web\/","name":"KASA FIK","description":"","potentialAction":[{"@type":"SearchAction","target":{"@type":"EntryPoint","urlTemplate":"https:\/\/www.kasafik.cz\/web\/?s={search_term_string}"},"query-input":{"@type":"PropertyValueSpecification","valueRequired":true,"valueName":"search_term_string"}}],"inLanguage":"cs"}]}},"jetpack_sharing_enabled":true,"_links":{"self":[{"href":"https:\/\/www.kasafik.cz\/web\/wp-json\/wp\/v2\/product\/15274","targetHints":{"allow":["GET"]}}],"collection":[{"href":"https:\/\/www.kasafik.cz\/web\/wp-json\/wp\/v2\/product"}],"about":[{"href":"https:\/\/www.kasafik.cz\/web\/wp-json\/wp\/v2\/types\/product"}],"replies":[{"embeddable":true,"href":"https:\/\/www.kasafik.cz\/web\/wp-json\/wp\/v2\/comments?post=15274"}],"version-history":[{"count":2,"href":"https:\/\/www.kasafik.cz\/web\/wp-json\/wp\/v2\/product\/15274\/revisions"}],"predecessor-version":[{"id":18781,"href":"https:\/\/www.kasafik.cz\/web\/wp-json\/wp\/v2\/product\/15274\/revisions\/18781"}],"wp:featuredmedia":[{"embeddable":true,"href":"https:\/\/www.kasafik.cz\/web\/wp-json\/wp\/v2\/media\/15275"}],"wp:attachment":[{"href":"https:\/\/www.kasafik.cz\/web\/wp-json\/wp\/v2\/media?parent=15274"}],"wp:term":[{"taxonomy":"product_brand","embeddable":true,"href":"https:\/\/www.kasafik.cz\/web\/wp-json\/wp\/v2\/product_brand?post=15274"},{"taxonomy":"product_cat","embeddable":true,"href":"https:\/\/www.kasafik.cz\/web\/wp-json\/wp\/v2\/product_cat?post=15274"},{"taxonomy":"product_tag","embeddable":true,"href":"https:\/\/www.kasafik.cz\/web\/wp-json\/wp\/v2\/product_tag?post=15274"}],"curies":[{"name":"wp","href":"https:\/\/api.w.org\/{rel}","templated":true}]}}