{"id":15247,"date":"2024-01-15T09:59:00","date_gmt":"2024-01-15T09:59:00","guid":{"rendered":"https:\/\/origin.kasafik.cz\/web\/?post_type=product&#038;p=15247"},"modified":"2024-01-23T17:01:15","modified_gmt":"2024-01-23T17:01:15","slug":"58mm-printer","status":"publish","type":"product","link":"https:\/\/www.kasafik.cz\/web\/produkt\/58mm-printer\/","title":{"rendered":"Tisk\u00e1rna 58mm Rongta RP58"},"content":{"rendered":"<p>Pokladn\u00ed tisk\u00e1rna 58mm p\u0159ipojiteln\u00e1 k pokladn\u00e1m KASA FIK. Spolehliv\u00fd a ekonomick\u00fd tisk.<\/p>\n<table class=\"table table-bordered\">\n<tbody>\n<tr>\n<th>Parametr<\/th>\n<th>Hodnota<\/th>\n<\/tr>\n<tr>\n<td>Metoda tisku<\/td>\n<td>P\u0159\u00edm\u00fd termotisk<\/td>\n<\/tr>\n<tr>\n<td>Rychlost tisku<\/td>\n<td>Max. 100 mm\/s<\/td>\n<\/tr>\n<tr>\n<td>Rozli\u0161en\u00ed<\/td>\n<td>8 bod\u016f\/mm, 384 bod\u016f\/\u0159\u00e1dek<\/td>\n<\/tr>\n<tr>\n<td>\u0160\u00ed\u0159ka efektivn\u00edho tisku<\/td>\n<td>48 mm<\/td>\n<\/tr>\n<tr>\n<td>Tabulka znak\u016f<\/td>\n<td>GB2312, 16&#215;16 bod\u016f nebo 24&#215;24 bod\u016f<\/td>\n<\/tr>\n<tr>\n<td>Znak<\/td>\n<td>6&#215;8 bod\u016f, 8&#215;16 bod\u016f nebo 12&#215;24 bod\u016f<\/td>\n<\/tr>\n<tr>\n<td>Znak\u016f na \u0159\u00e1dek<\/td>\n<td>32<\/td>\n<\/tr>\n<tr>\n<td>Typ pap\u00edru<\/td>\n<td>Termopap\u00edr<\/td>\n<\/tr>\n<tr>\n<td>\u0160\u00ed\u0159ka pap\u00edru<\/td>\n<td>57.5 \u00b1 0.5 mm<\/td>\n<\/tr>\n<tr>\n<td>Pr\u016fm\u011br rolky pap\u00edru<\/td>\n<td>Max: 83.0 mm<\/td>\n<\/tr>\n<tr>\n<td>Vnit\u0159n\u00ed pr\u016fm\u011br rolky<\/td>\n<td>Min: 13 mm<\/td>\n<\/tr>\n<tr>\n<td>Tlou\u0161\u0165ka pap\u00edru<\/td>\n<td>0.06 a\u017e 0.07 mm<\/td>\n<\/tr>\n<tr>\n<td>Detekce vyjmut\u00ed pap\u00edru<\/td>\n<td>Podpora<\/td>\n<\/tr>\n<tr>\n<td>Z\u00e1sobov\u00e1n\u00ed pap\u00edrem<\/td>\n<td>Nahazov\u00e1n\u00ed pap\u00edru shora<\/td>\n<\/tr>\n<tr>\n<td>MCBF(MCBF)<\/td>\n<td>5 milion\u016f \u0159\u00e1dk\u016f<\/td>\n<\/tr>\n<tr>\n<td>\u017divotnost tiskov\u00e9 hlavy<\/td>\n<td>Del\u0161\u00ed ne\u017e 100 km tisku<\/td>\n<\/tr>\n<tr>\n<td>Typ \u010d\u00e1rov\u00e9ho k\u00f3du<\/td>\n<td>UPC-A, UPC-E, EAN-13, EAN-8, CODE39, ITF, CODEBAR, CODE93, CODE128, QRCODE<\/td>\n<\/tr>\n<tr>\n<td>Emulace<\/td>\n<td>ESC\/POS<\/td>\n<\/tr>\n<tr>\n<td>Ovlada\u010d<\/td>\n<td>WIN2003\/WINXP\/WIN7\/WIN8\/WIN10\/Android<\/td>\n<\/tr>\n<tr>\n<td>Port pokladn\u00ed z\u00e1suvky<\/td>\n<td>1 port<\/td>\n<\/tr>\n<tr>\n<td>Rozhran\u00ed<\/td>\n<td>USB \/ RS232<\/td>\n<\/tr>\n<tr>\n<td>Vstupn\u00ed nap\u00e1jen\u00ed<\/td>\n<td>12V, 2A<\/td>\n<\/tr>\n<tr>\n<td>Ovl\u00e1d\u00e1n\u00ed pokladn\u00ed \u0161upl\u00edku<\/td>\n<td>12V, 24V<\/td>\n<\/tr>\n<tr>\n<td>Hmotnost<\/td>\n<td>400 g (netto), 1.0 kg (brutto)<\/td>\n<\/tr>\n<tr>\n<td>Rozm\u011bry tisk\u00e1rny (\u0160xHxV)<\/td>\n<td>210 mm (D) x 135 mm (\u0160) x 126 mm (V)<\/td>\n<\/tr>\n<tr>\n<td>Pou\u017eit\u00ed<\/td>\n<td>Restaurace, Obchodn\u00ed domy, Kuchyn\u011b, Maloobchody, Specializovan\u00e9 prodejny, Supermarkety<\/td>\n<\/tr>\n<\/tbody>\n<\/table>\n","protected":false},"excerpt":{"rendered":"<p>Pokladn\u00ed tisk\u00e1rna 58mm p\u0159ipojiteln\u00e1 k pokladn\u00e1m KASA FIK. Spolehliv\u00fd a ekonomick\u00fd tisk. Parametr Hodnota Metoda tisku P\u0159\u00edm\u00fd termotisk Rychlost tisku Max. 100 mm\/s Rozli\u0161en\u00ed 8 bod\u016f\/mm, 384 bod\u016f\/\u0159\u00e1dek \u0160\u00ed\u0159ka efektivn\u00edho tisku 48 mm Tabulka znak\u016f GB2312, 16&#215;16 bod\u016f nebo 24&#215;24 bod\u016f Znak 6&#215;8 bod\u016f, 8&#215;16 bod\u016f nebo 12&#215;24 bod\u016f Znak\u016f na \u0159\u00e1dek 32 Typ pap\u00edru [&hellip;]<\/p>\n","protected":false},"featured_media":13170,"comment_status":"closed","ping_status":"closed","template":"","meta":[],"product_brand":[],"product_cat":[218,256],"product_tag":[264],"class_list":{"0":"post-15247","1":"product","2":"type-product","3":"status-publish","4":"has-post-thumbnail","6":"product_cat-prislusenstvi","7":"product_cat-printers","8":"product_tag-nejlevnejsi-tiskarna","10":"first","11":"instock","12":"taxable","13":"shipping-taxable","14":"purchasable","15":"product-type-simple"},"yoast_head":"<!-- This site is optimized with the Yoast SEO plugin v27.4 - https:\/\/yoast.com\/product\/yoast-seo-wordpress\/ -->\n<title>Tisk\u00e1rna 58mm Rongta RP58 - KASA FIK<\/title>\n<meta name=\"robots\" content=\"index, follow, max-snippet:-1, max-image-preview:large, max-video-preview:-1\" \/>\n<link rel=\"canonical\" href=\"https:\/\/www.kasafik.cz\/web\/produkt\/58mm-printer\/\" \/>\n<meta property=\"og:locale\" content=\"cs_CZ\" \/>\n<meta property=\"og:type\" content=\"article\" \/>\n<meta property=\"og:title\" content=\"Tisk\u00e1rna 58mm Rongta RP58 - KASA FIK\" \/>\n<meta property=\"og:description\" content=\"Pokladn\u00ed tisk\u00e1rna 58mm p\u0159ipojiteln\u00e1 k pokladn\u00e1m KASA FIK. Spolehliv\u00fd a ekonomick\u00fd tisk. Parametr Hodnota Metoda tisku P\u0159\u00edm\u00fd termotisk Rychlost tisku Max. 100 mm\/s Rozli\u0161en\u00ed 8 bod\u016f\/mm, 384 bod\u016f\/\u0159\u00e1dek \u0160\u00ed\u0159ka efektivn\u00edho tisku 48 mm Tabulka znak\u016f GB2312, 16&#215;16 bod\u016f nebo 24&#215;24 bod\u016f Znak 6&#215;8 bod\u016f, 8&#215;16 bod\u016f nebo 12&#215;24 bod\u016f Znak\u016f na \u0159\u00e1dek 32 Typ pap\u00edru [&hellip;]\" \/>\n<meta property=\"og:url\" content=\"https:\/\/www.kasafik.cz\/web\/produkt\/58mm-printer\/\" \/>\n<meta property=\"og:site_name\" content=\"KASA FIK\" \/>\n<meta property=\"article:modified_time\" content=\"2024-01-23T17:01:15+00:00\" \/>\n<meta property=\"og:image\" content=\"https:\/\/www.kasafik.cz\/web\/wp-content\/uploads\/2023\/07\/rp58e-u-1-500x500-1.jpg\" \/>\n\t<meta property=\"og:image:width\" content=\"500\" \/>\n\t<meta property=\"og:image:height\" content=\"500\" \/>\n\t<meta property=\"og:image:type\" content=\"image\/jpeg\" \/>\n<meta name=\"twitter:card\" content=\"summary_large_image\" \/>\n<meta name=\"twitter:label1\" content=\"Odhadovan\u00e1 doba \u010dten\u00ed\" \/>\n\t<meta name=\"twitter:data1\" content=\"2 minuty\" \/>\n<script type=\"application\/ld+json\" class=\"yoast-schema-graph\">{\"@context\":\"https:\\\/\\\/schema.org\",\"@graph\":[{\"@type\":\"WebPage\",\"@id\":\"https:\\\/\\\/www.kasafik.cz\\\/web\\\/produkt\\\/58mm-printer\\\/\",\"url\":\"https:\\\/\\\/www.kasafik.cz\\\/web\\\/produkt\\\/58mm-printer\\\/\",\"name\":\"Tisk\u00e1rna 58mm Rongta RP58 - KASA FIK\",\"isPartOf\":{\"@id\":\"https:\\\/\\\/www.kasafik.cz\\\/web\\\/#website\"},\"primaryImageOfPage\":{\"@id\":\"https:\\\/\\\/www.kasafik.cz\\\/web\\\/produkt\\\/58mm-printer\\\/#primaryimage\"},\"image\":{\"@id\":\"https:\\\/\\\/www.kasafik.cz\\\/web\\\/produkt\\\/58mm-printer\\\/#primaryimage\"},\"thumbnailUrl\":\"https:\\\/\\\/www.kasafik.cz\\\/web\\\/wp-content\\\/uploads\\\/2023\\\/07\\\/rp58e-u-1-500x500-1.jpg\",\"datePublished\":\"2024-01-15T09:59:00+00:00\",\"dateModified\":\"2024-01-23T17:01:15+00:00\",\"breadcrumb\":{\"@id\":\"https:\\\/\\\/www.kasafik.cz\\\/web\\\/produkt\\\/58mm-printer\\\/#breadcrumb\"},\"inLanguage\":\"cs\",\"potentialAction\":[{\"@type\":\"ReadAction\",\"target\":[\"https:\\\/\\\/www.kasafik.cz\\\/web\\\/produkt\\\/58mm-printer\\\/\"]}]},{\"@type\":\"ImageObject\",\"inLanguage\":\"cs\",\"@id\":\"https:\\\/\\\/www.kasafik.cz\\\/web\\\/produkt\\\/58mm-printer\\\/#primaryimage\",\"url\":\"https:\\\/\\\/www.kasafik.cz\\\/web\\\/wp-content\\\/uploads\\\/2023\\\/07\\\/rp58e-u-1-500x500-1.jpg\",\"contentUrl\":\"https:\\\/\\\/www.kasafik.cz\\\/web\\\/wp-content\\\/uploads\\\/2023\\\/07\\\/rp58e-u-1-500x500-1.jpg\",\"width\":500,\"height\":500},{\"@type\":\"BreadcrumbList\",\"@id\":\"https:\\\/\\\/www.kasafik.cz\\\/web\\\/produkt\\\/58mm-printer\\\/#breadcrumb\",\"itemListElement\":[{\"@type\":\"ListItem\",\"position\":1,\"name\":\"Home\",\"item\":\"https:\\\/\\\/origin.kasafik.cz\\\/web\\\/cs\\\/\"},{\"@type\":\"ListItem\",\"position\":2,\"name\":\"Shop\",\"item\":\"https:\\\/\\\/www.kasafik.cz\\\/web\\\/cs\\\/shop\\\/\"},{\"@type\":\"ListItem\",\"position\":3,\"name\":\"Tisk\u00e1rna 58mm Rongta RP58\"}]},{\"@type\":\"WebSite\",\"@id\":\"https:\\\/\\\/www.kasafik.cz\\\/web\\\/#website\",\"url\":\"https:\\\/\\\/www.kasafik.cz\\\/web\\\/\",\"name\":\"KASA FIK\",\"description\":\"\",\"potentialAction\":[{\"@type\":\"SearchAction\",\"target\":{\"@type\":\"EntryPoint\",\"urlTemplate\":\"https:\\\/\\\/www.kasafik.cz\\\/web\\\/?s={search_term_string}\"},\"query-input\":{\"@type\":\"PropertyValueSpecification\",\"valueRequired\":true,\"valueName\":\"search_term_string\"}}],\"inLanguage\":\"cs\"}]}<\/script>\n<!-- \/ Yoast SEO plugin. -->","yoast_head_json":{"title":"Tisk\u00e1rna 58mm Rongta RP58 - KASA FIK","robots":{"index":"index","follow":"follow","max-snippet":"max-snippet:-1","max-image-preview":"max-image-preview:large","max-video-preview":"max-video-preview:-1"},"canonical":"https:\/\/www.kasafik.cz\/web\/produkt\/58mm-printer\/","og_locale":"cs_CZ","og_type":"article","og_title":"Tisk\u00e1rna 58mm Rongta RP58 - KASA FIK","og_description":"Pokladn\u00ed tisk\u00e1rna 58mm p\u0159ipojiteln\u00e1 k pokladn\u00e1m KASA FIK. Spolehliv\u00fd a ekonomick\u00fd tisk. Parametr Hodnota Metoda tisku P\u0159\u00edm\u00fd termotisk Rychlost tisku Max. 100 mm\/s Rozli\u0161en\u00ed 8 bod\u016f\/mm, 384 bod\u016f\/\u0159\u00e1dek \u0160\u00ed\u0159ka efektivn\u00edho tisku 48 mm Tabulka znak\u016f GB2312, 16&#215;16 bod\u016f nebo 24&#215;24 bod\u016f Znak 6&#215;8 bod\u016f, 8&#215;16 bod\u016f nebo 12&#215;24 bod\u016f Znak\u016f na \u0159\u00e1dek 32 Typ pap\u00edru [&hellip;]","og_url":"https:\/\/www.kasafik.cz\/web\/produkt\/58mm-printer\/","og_site_name":"KASA FIK","article_modified_time":"2024-01-23T17:01:15+00:00","og_image":[{"width":500,"height":500,"url":"https:\/\/www.kasafik.cz\/web\/wp-content\/uploads\/2023\/07\/rp58e-u-1-500x500-1.jpg","type":"image\/jpeg"}],"twitter_card":"summary_large_image","twitter_misc":{"Odhadovan\u00e1 doba \u010dten\u00ed":"2 minuty"},"schema":{"@context":"https:\/\/schema.org","@graph":[{"@type":"WebPage","@id":"https:\/\/www.kasafik.cz\/web\/produkt\/58mm-printer\/","url":"https:\/\/www.kasafik.cz\/web\/produkt\/58mm-printer\/","name":"Tisk\u00e1rna 58mm Rongta RP58 - KASA FIK","isPartOf":{"@id":"https:\/\/www.kasafik.cz\/web\/#website"},"primaryImageOfPage":{"@id":"https:\/\/www.kasafik.cz\/web\/produkt\/58mm-printer\/#primaryimage"},"image":{"@id":"https:\/\/www.kasafik.cz\/web\/produkt\/58mm-printer\/#primaryimage"},"thumbnailUrl":"https:\/\/www.kasafik.cz\/web\/wp-content\/uploads\/2023\/07\/rp58e-u-1-500x500-1.jpg","datePublished":"2024-01-15T09:59:00+00:00","dateModified":"2024-01-23T17:01:15+00:00","breadcrumb":{"@id":"https:\/\/www.kasafik.cz\/web\/produkt\/58mm-printer\/#breadcrumb"},"inLanguage":"cs","potentialAction":[{"@type":"ReadAction","target":["https:\/\/www.kasafik.cz\/web\/produkt\/58mm-printer\/"]}]},{"@type":"ImageObject","inLanguage":"cs","@id":"https:\/\/www.kasafik.cz\/web\/produkt\/58mm-printer\/#primaryimage","url":"https:\/\/www.kasafik.cz\/web\/wp-content\/uploads\/2023\/07\/rp58e-u-1-500x500-1.jpg","contentUrl":"https:\/\/www.kasafik.cz\/web\/wp-content\/uploads\/2023\/07\/rp58e-u-1-500x500-1.jpg","width":500,"height":500},{"@type":"BreadcrumbList","@id":"https:\/\/www.kasafik.cz\/web\/produkt\/58mm-printer\/#breadcrumb","itemListElement":[{"@type":"ListItem","position":1,"name":"Home","item":"https:\/\/origin.kasafik.cz\/web\/cs\/"},{"@type":"ListItem","position":2,"name":"Shop","item":"https:\/\/www.kasafik.cz\/web\/cs\/shop\/"},{"@type":"ListItem","position":3,"name":"Tisk\u00e1rna 58mm Rongta RP58"}]},{"@type":"WebSite","@id":"https:\/\/www.kasafik.cz\/web\/#website","url":"https:\/\/www.kasafik.cz\/web\/","name":"KASA FIK","description":"","potentialAction":[{"@type":"SearchAction","target":{"@type":"EntryPoint","urlTemplate":"https:\/\/www.kasafik.cz\/web\/?s={search_term_string}"},"query-input":{"@type":"PropertyValueSpecification","valueRequired":true,"valueName":"search_term_string"}}],"inLanguage":"cs"}]}},"jetpack_sharing_enabled":true,"_links":{"self":[{"href":"https:\/\/www.kasafik.cz\/web\/wp-json\/wp\/v2\/product\/15247","targetHints":{"allow":["GET"]}}],"collection":[{"href":"https:\/\/www.kasafik.cz\/web\/wp-json\/wp\/v2\/product"}],"about":[{"href":"https:\/\/www.kasafik.cz\/web\/wp-json\/wp\/v2\/types\/product"}],"replies":[{"embeddable":true,"href":"https:\/\/www.kasafik.cz\/web\/wp-json\/wp\/v2\/comments?post=15247"}],"version-history":[{"count":3,"href":"https:\/\/www.kasafik.cz\/web\/wp-json\/wp\/v2\/product\/15247\/revisions"}],"predecessor-version":[{"id":15515,"href":"https:\/\/www.kasafik.cz\/web\/wp-json\/wp\/v2\/product\/15247\/revisions\/15515"}],"wp:featuredmedia":[{"embeddable":true,"href":"https:\/\/www.kasafik.cz\/web\/wp-json\/wp\/v2\/media\/13170"}],"wp:attachment":[{"href":"https:\/\/www.kasafik.cz\/web\/wp-json\/wp\/v2\/media?parent=15247"}],"wp:term":[{"taxonomy":"product_brand","embeddable":true,"href":"https:\/\/www.kasafik.cz\/web\/wp-json\/wp\/v2\/product_brand?post=15247"},{"taxonomy":"product_cat","embeddable":true,"href":"https:\/\/www.kasafik.cz\/web\/wp-json\/wp\/v2\/product_cat?post=15247"},{"taxonomy":"product_tag","embeddable":true,"href":"https:\/\/www.kasafik.cz\/web\/wp-json\/wp\/v2\/product_tag?post=15247"}],"curies":[{"name":"wp","href":"https:\/\/api.w.org\/{rel}","templated":true}]}}