{"id":14595,"date":"2023-12-04T10:38:00","date_gmt":"2023-12-04T10:38:00","guid":{"rendered":"https:\/\/origin.kasafik.cz\/web\/?post_type=product&#038;p=14595"},"modified":"2024-01-24T11:09:52","modified_gmt":"2024-01-24T11:09:52","slug":"kds","status":"publish","type":"product","link":"https:\/\/www.kasafik.cz\/web\/produkt\/kds\/","title":{"rendered":"Kitchen Display System (KDS) 15&#8217;6"},"content":{"rendered":"<p>KASA FIK Kitchen Display je sou\u010d\u00e1st\u00ed kompletn\u00edho objedn\u00e1vkov\u00e9ho syst\u00e9mu, kter\u00fd je integrov\u00e1n s pokladn\u00edm syst\u00e9mem KASA FIK Pokladna. Toto za\u0159\u00edzen\u00ed je navr\u017eeno tak, aby usnad\u0148ovalo obsluhu a umo\u017e\u0148ovalo efektivn\u00ed \u0159\u00edzen\u00ed p\u0159\u00edpravy pokrm\u016f v restaurac\u00edch, j\u00eddeln\u00e1ch nebo bistrech. P\u0159ipojen\u00ed p\u0159es Wifi nebo LAN zajist\u00ed spojen\u00ed s hlavn\u00edm syst\u00e9mem.<\/p>\n<p>&nbsp;<\/p>\n<p>KASA FIK Kitchen Display je kl\u00ed\u010dov\u00fdm prvkem kompletn\u00edho objedn\u00e1vkov\u00e9ho syst\u00e9mu integrovan\u00e9ho s KASA FIK Pokladnou. Toto za\u0159\u00edzen\u00ed vyu\u017e\u00edv\u00e1 modern\u00ed technologie, v\u010detn\u011b Power over Ethernet, co\u017e umo\u017e\u0148uje snadnou instalaci a 24\/7 provoz. S dotykov\u00fdm Android panel PC, vestav\u011bn\u00fdm mikrofonem a reproduktory poskytuje interaktivn\u00ed mo\u017enosti a \u0161irok\u00e9 spektrum aplikac\u00ed.<\/p>\n<h3><\/h3>\n<h3>Kl\u00ed\u010dov\u00e9 vlastnosti KASA FIK Kitchen Display<\/h3>\n<p><strong>Kompletn\u00ed objedn\u00e1vkov\u00fd syst\u00e9m<\/strong><\/p>\n<p>Za\u0159\u00edzen\u00ed je navr\u017eeno tak, aby pln\u011b integrovalo proces objedn\u00e1vek s pokladn\u00edm syst\u00e9mem. To umo\u017e\u0148uje plynul\u00fd tok informac\u00ed mezi obsluhou a kuchyn\u00ed nebo barem.<\/p>\n<p><strong>Jednoduch\u00e1 a intuitivn\u00ed obsluha<\/strong><\/p>\n<p>U\u017eivatelsk\u00e9 rozhran\u00ed je navr\u017eeno s d\u016frazem na jednoduchost a intuitivnost. To usnad\u0148uje obsluze rychl\u00e9 a efektivn\u00ed ovl\u00e1d\u00e1n\u00ed, co\u017e v kone\u010dn\u00e9m d\u016fsledku zvy\u0161uje rychlost a p\u0159esnost p\u0159i v\u00fddeji objedn\u00e1vek.<\/p>\n<p><strong>P\u0159ehledn\u00e9 zobrazen\u00ed objedn\u00e1vek<\/strong><\/p>\n<p>KASA FIK Kitchen Display poskytuje p\u0159ehledn\u00e9 zobrazen\u00ed aktu\u00e1ln\u00edch objedn\u00e1vek. Obsahuje informace o p\u0159\u00edloh\u00e1ch a om\u00e1\u010dk\u00e1ch, co\u017e usnad\u0148uje kucha\u0159\u016fm spr\u00e1vnou p\u0159\u00edpravu j\u00eddel.<\/p>\n<p><strong>Extra zobrazen\u00ed pro v\u00fdm\u011bnu p\u0159\u00edloh, storna a refundace<\/strong><\/p>\n<p>Za\u0159\u00edzen\u00ed umo\u017e\u0148uje speci\u00e1ln\u00ed zobrazen\u00ed pro manipulaci s p\u0159\u00edlohami, stornem a refundacemi. To je u\u017eite\u010dn\u00e9 pro situace, kdy je pot\u0159eba upravit nebo zru\u0161it \u010d\u00e1st objedn\u00e1vky.<\/p>\n<p><strong>Vyvol\u00e1v\u00e1n\u00ed objedn\u00e1vek<\/strong><\/p>\n<p>P\u0159\u00edmo z kuchyn\u011b nebo v\u00fddejn\u00edho ok\u00e9nka lze \u0159\u00eddit expedici pokrm\u016f a to po cel\u00fdch objedn\u00e1vk\u00e1ch ale i po individu\u00e1ln\u00edch pokrmech<\/p>\n<p>&nbsp;<\/p>\n<p>KASA FIK Kitchen Display v\u00fdrazn\u011b p\u0159isp\u00edv\u00e1 k optimalizaci provozu v kuchyni nebo baru, co\u017e zlep\u0161uje celkovou efektivitu p\u0159\u00edpravy pokrm\u016f a obsluhy.<\/p>\n<table class=\"table table-bordered\">\n<tbody>\n<tr>\n<td style=\"width: 30%;\"><strong>Design<\/strong><\/td>\n<td class=\"trow2\">Edge to edge glass<\/td>\n<\/tr>\n<tr>\n<td><strong>Diagonal<\/strong><\/td>\n<td class=\"trow1\">15.6&#8243;, 39.5cm<\/td>\n<\/tr>\n<tr>\n<td><strong>Panel<\/strong><\/td>\n<td class=\"trow2\">IPS Panel Technology, LED<\/td>\n<\/tr>\n<tr>\n<td><strong>Native resolution<\/strong><\/td>\n<td class=\"trow1\">1920 x 1080 (2 megapixel HD)<\/td>\n<\/tr>\n<tr>\n<td><strong>Aspect ratio<\/strong><\/td>\n<td class=\"trow2\">16:9<\/td>\n<\/tr>\n<tr>\n<td><strong>Panel brightness<\/strong><\/td>\n<td class=\"trow1\">450 cd\/m\u00b2<\/td>\n<\/tr>\n<tr>\n<td><strong>Brightness<\/strong><\/td>\n<td class=\"trow2\">385 cd\/m\u00b2 with touch<\/td>\n<\/tr>\n<tr>\n<td><strong>Light transmittance<\/strong><\/td>\n<td class=\"trow1\">85%<\/td>\n<\/tr>\n<tr>\n<td><strong>Static contrast<\/strong><\/td>\n<td class=\"trow2\">1000:1 with touch<\/td>\n<\/tr>\n<tr>\n<td><strong>Response time (GTG)<\/strong><\/td>\n<td class=\"trow1\">30ms<\/td>\n<\/tr>\n<tr>\n<td><strong>Viewing zone<\/strong><\/td>\n<td class=\"trow2\">horizontal\/vertical: 170\u00b0\/170\u00b0, right\/left: 85\u00b0\/85\u00b0, up\/down: 85\u00b0\/85\u00b0<\/td>\n<\/tr>\n<tr>\n<td><strong>Colour support<\/strong><\/td>\n<td class=\"trow1\">16.7mln 8bit<\/td>\n<\/tr>\n<tr>\n<td><strong>Viewable area W x H<\/strong><\/td>\n<td class=\"trow2\">344.16 x 193.59mm, 13.5 x 7.6&#8243;<\/td>\n<\/tr>\n<tr>\n<td><strong>Pixel pitch<\/strong><\/td>\n<td class=\"trow1\">0.17925mm<\/td>\n<\/tr>\n<tr>\n<td><strong>Bezel color and finish<\/strong><\/td>\n<td class=\"trow2\">black, matte<\/td>\n<\/tr>\n<tr>\n<td style=\"width: 30%;\"><strong>Integrated software<\/strong><\/td>\n<td class=\"trow2\">Android 8.1 without GMS<\/td>\n<\/tr>\n<tr>\n<td><strong>CPU<\/strong><\/td>\n<td class=\"trow1\">Rockchip RK3288, quad-core Cortex&#8211;A17 up to 1.8GHz<\/td>\n<\/tr>\n<tr>\n<td><strong>GPU<\/strong><\/td>\n<td class=\"trow2\">Quad-core cortex A17<\/td>\n<\/tr>\n<tr>\n<td><strong>Storage<\/strong><\/td>\n<td class=\"trow1\">16GB eMMC<\/td>\n<\/tr>\n<tr>\n<td><strong>Memory<\/strong><\/td>\n<td class=\"trow2\">2GB DDR3<\/td>\n<\/tr>\n<tr>\n<td><strong>WiFi<\/strong><\/td>\n<td class=\"trow1\">IEEE802.11b\/g\/n<\/td>\n<\/tr>\n<tr>\n<td><strong>Bluetooth<\/strong><\/td>\n<td class=\"trow2\">4.0<\/td>\n<\/tr>\n<tr>\n<td><strong>Extra<\/strong><\/td>\n<td class=\"trow1\">auto-rotation, microphone, SD card slot, anti-fingerprint coating<\/td>\n<\/tr>\n<tr>\n<td><strong>Max. non-stop operating time<\/strong><\/td>\n<td class=\"trow2\">24\/7<\/td>\n<\/tr>\n<tr>\n<td><strong>Glass thickness<\/strong><\/td>\n<td class=\"trow1\">1.8mm<\/td>\n<\/tr>\n<tr>\n<td><strong>Glass hardness<\/strong><\/td>\n<td class=\"trow2\">6H<\/td>\n<\/tr>\n<\/tbody>\n<\/table>\n<p><img fetchpriority=\"high\" decoding=\"async\" class=\"aligncenter size-large wp-image-14764\" src=\"https:\/\/origin.kasafik.cz\/web\/wp-content\/uploads\/2023\/12\/Kitchen-display_03-1024x480.jpg\" alt=\"\" width=\"900\" height=\"422\" srcset=\"https:\/\/www.kasafik.cz\/web\/wp-content\/uploads\/2023\/12\/Kitchen-display_03-1024x480.jpg 1024w, https:\/\/www.kasafik.cz\/web\/wp-content\/uploads\/2023\/12\/Kitchen-display_03-600x281.jpg 600w, https:\/\/www.kasafik.cz\/web\/wp-content\/uploads\/2023\/12\/Kitchen-display_03-300x141.jpg 300w, https:\/\/www.kasafik.cz\/web\/wp-content\/uploads\/2023\/12\/Kitchen-display_03-768x360.jpg 768w, https:\/\/www.kasafik.cz\/web\/wp-content\/uploads\/2023\/12\/Kitchen-display_03-1536x720.jpg 1536w, https:\/\/www.kasafik.cz\/web\/wp-content\/uploads\/2023\/12\/Kitchen-display_03-2048x960.jpg 2048w\" sizes=\"(max-width: 900px) 100vw, 900px\" \/><\/p>\n<p><img decoding=\"async\" class=\"aligncenter size-large wp-image-14763\" src=\"https:\/\/origin.kasafik.cz\/web\/wp-content\/uploads\/2023\/12\/Kitchen-display_05-1024x865.jpg\" alt=\"\" width=\"900\" height=\"760\" srcset=\"https:\/\/www.kasafik.cz\/web\/wp-content\/uploads\/2023\/12\/Kitchen-display_05-1024x865.jpg 1024w, https:\/\/www.kasafik.cz\/web\/wp-content\/uploads\/2023\/12\/Kitchen-display_05-600x507.jpg 600w, https:\/\/www.kasafik.cz\/web\/wp-content\/uploads\/2023\/12\/Kitchen-display_05-300x253.jpg 300w, https:\/\/www.kasafik.cz\/web\/wp-content\/uploads\/2023\/12\/Kitchen-display_05-768x649.jpg 768w, https:\/\/www.kasafik.cz\/web\/wp-content\/uploads\/2023\/12\/Kitchen-display_05.jpg 1248w\" sizes=\"(max-width: 900px) 100vw, 900px\" \/><\/p>\n","protected":false},"excerpt":{"rendered":"<p>KASA FIK Kitchen Display je kl\u00ed\u010dov\u00fdm prvkem kompletn\u00edho objedn\u00e1vkov\u00e9ho syst\u00e9mu, navr\u017een\u00fdm pro restaurace, j\u00eddelny a bistra. Jeho integrovan\u00e9 rozhran\u00ed s pokladn\u00edm syst\u00e9mem umo\u017e\u0148uje plynul\u00fd tok informac\u00ed mezi obsluhou a kuchyn\u00ed \u010di barem. S jednoduch\u00fdm a intuitivn\u00edm ovl\u00e1d\u00e1n\u00edm zvy\u0161uje rychlost a p\u0159esnost p\u0159i v\u00fddeji objedn\u00e1vek. P\u0159ehledn\u00e9 zobrazen\u00ed aktu\u00e1ln\u00edch objedn\u00e1vek, v\u010detn\u011b informac\u00ed o p\u0159\u00edloh\u00e1ch a om\u00e1\u010dk\u00e1ch, usnad\u0148uje kucha\u0159\u016fm optim\u00e1ln\u00ed p\u0159\u00edpravu j\u00eddel. Speci\u00e1ln\u00ed zobrazen\u00ed pro manipulaci s p\u0159\u00edlohami, stornem a refundacemi p\u0159in\u00e1\u0161\u00ed flexibilitu v \u00faprav\u011b objedn\u00e1vek. S mo\u017enost\u00ed vyvol\u00e1v\u00e1n\u00ed objedn\u00e1vek p\u0159\u00edmo z kuchyn\u011b p\u0159isp\u00edv\u00e1 k efektivit\u011b p\u0159\u00edpravy pokrm\u016f a celkov\u00e9 optimalizaci provozu.<\/p>\n","protected":false},"featured_media":14762,"comment_status":"closed","ping_status":"closed","template":"","meta":[],"product_brand":[],"product_cat":[218],"product_tag":[],"class_list":{"0":"post-14595","1":"product","2":"type-product","3":"status-publish","4":"has-post-thumbnail","6":"product_cat-prislusenstvi","8":"first","9":"instock","10":"taxable","11":"shipping-taxable","12":"purchasable","13":"product-type-simple"},"yoast_head":"<!-- This site is optimized with the Yoast SEO plugin v27.4 - https:\/\/yoast.com\/product\/yoast-seo-wordpress\/ -->\n<title>Kitchen Display System (KDS) 15&#039;6 - KASA FIK<\/title>\n<meta name=\"robots\" content=\"index, follow, max-snippet:-1, max-image-preview:large, max-video-preview:-1\" \/>\n<link rel=\"canonical\" href=\"https:\/\/www.kasafik.cz\/web\/produkt\/kds\/\" \/>\n<meta property=\"og:locale\" content=\"cs_CZ\" \/>\n<meta property=\"og:type\" content=\"article\" \/>\n<meta property=\"og:title\" content=\"Kitchen Display System (KDS) 15&#039;6 - KASA FIK\" \/>\n<meta property=\"og:description\" content=\"KASA FIK Kitchen Display je kl\u00ed\u010dov\u00fdm prvkem kompletn\u00edho objedn\u00e1vkov\u00e9ho syst\u00e9mu, navr\u017een\u00fdm pro restaurace, j\u00eddelny a bistra. Jeho integrovan\u00e9 rozhran\u00ed s pokladn\u00edm syst\u00e9mem umo\u017e\u0148uje plynul\u00fd tok informac\u00ed mezi obsluhou a kuchyn\u00ed \u010di barem. S jednoduch\u00fdm a intuitivn\u00edm ovl\u00e1d\u00e1n\u00edm zvy\u0161uje rychlost a p\u0159esnost p\u0159i v\u00fddeji objedn\u00e1vek. P\u0159ehledn\u00e9 zobrazen\u00ed aktu\u00e1ln\u00edch objedn\u00e1vek, v\u010detn\u011b informac\u00ed o p\u0159\u00edloh\u00e1ch a om\u00e1\u010dk\u00e1ch, usnad\u0148uje kucha\u0159\u016fm optim\u00e1ln\u00ed p\u0159\u00edpravu j\u00eddel. Speci\u00e1ln\u00ed zobrazen\u00ed pro manipulaci s p\u0159\u00edlohami, stornem a refundacemi p\u0159in\u00e1\u0161\u00ed flexibilitu v \u00faprav\u011b objedn\u00e1vek. S mo\u017enost\u00ed vyvol\u00e1v\u00e1n\u00ed objedn\u00e1vek p\u0159\u00edmo z kuchyn\u011b p\u0159isp\u00edv\u00e1 k efektivit\u011b p\u0159\u00edpravy pokrm\u016f a celkov\u00e9 optimalizaci provozu.\" \/>\n<meta property=\"og:url\" content=\"https:\/\/www.kasafik.cz\/web\/produkt\/kds\/\" \/>\n<meta property=\"og:site_name\" content=\"KASA FIK\" \/>\n<meta property=\"article:modified_time\" content=\"2024-01-24T11:09:52+00:00\" \/>\n<meta property=\"og:image\" content=\"https:\/\/www.kasafik.cz\/web\/wp-content\/uploads\/2023\/12\/Kitchen-display_04.jpg\" \/>\n\t<meta property=\"og:image:width\" content=\"1456\" \/>\n\t<meta property=\"og:image:height\" content=\"1006\" \/>\n\t<meta property=\"og:image:type\" content=\"image\/jpeg\" \/>\n<meta name=\"twitter:card\" content=\"summary_large_image\" \/>\n<meta name=\"twitter:label1\" content=\"Odhadovan\u00e1 doba \u010dten\u00ed\" \/>\n\t<meta name=\"twitter:data1\" content=\"3 minuty\" \/>\n<script type=\"application\/ld+json\" class=\"yoast-schema-graph\">{\"@context\":\"https:\\\/\\\/schema.org\",\"@graph\":[{\"@type\":\"WebPage\",\"@id\":\"https:\\\/\\\/www.kasafik.cz\\\/web\\\/produkt\\\/kds\\\/\",\"url\":\"https:\\\/\\\/www.kasafik.cz\\\/web\\\/produkt\\\/kds\\\/\",\"name\":\"Kitchen Display System (KDS) 15'6 - KASA FIK\",\"isPartOf\":{\"@id\":\"https:\\\/\\\/www.kasafik.cz\\\/web\\\/#website\"},\"primaryImageOfPage\":{\"@id\":\"https:\\\/\\\/www.kasafik.cz\\\/web\\\/produkt\\\/kds\\\/#primaryimage\"},\"image\":{\"@id\":\"https:\\\/\\\/www.kasafik.cz\\\/web\\\/produkt\\\/kds\\\/#primaryimage\"},\"thumbnailUrl\":\"https:\\\/\\\/www.kasafik.cz\\\/web\\\/wp-content\\\/uploads\\\/2023\\\/12\\\/Kitchen-display_04.jpg\",\"datePublished\":\"2023-12-04T10:38:00+00:00\",\"dateModified\":\"2024-01-24T11:09:52+00:00\",\"breadcrumb\":{\"@id\":\"https:\\\/\\\/www.kasafik.cz\\\/web\\\/produkt\\\/kds\\\/#breadcrumb\"},\"inLanguage\":\"cs\",\"potentialAction\":[{\"@type\":\"ReadAction\",\"target\":[\"https:\\\/\\\/www.kasafik.cz\\\/web\\\/produkt\\\/kds\\\/\"]}]},{\"@type\":\"ImageObject\",\"inLanguage\":\"cs\",\"@id\":\"https:\\\/\\\/www.kasafik.cz\\\/web\\\/produkt\\\/kds\\\/#primaryimage\",\"url\":\"https:\\\/\\\/www.kasafik.cz\\\/web\\\/wp-content\\\/uploads\\\/2023\\\/12\\\/Kitchen-display_04.jpg\",\"contentUrl\":\"https:\\\/\\\/www.kasafik.cz\\\/web\\\/wp-content\\\/uploads\\\/2023\\\/12\\\/Kitchen-display_04.jpg\",\"width\":1456,\"height\":1006},{\"@type\":\"BreadcrumbList\",\"@id\":\"https:\\\/\\\/www.kasafik.cz\\\/web\\\/produkt\\\/kds\\\/#breadcrumb\",\"itemListElement\":[{\"@type\":\"ListItem\",\"position\":1,\"name\":\"Home\",\"item\":\"https:\\\/\\\/origin.kasafik.cz\\\/web\\\/cs\\\/\"},{\"@type\":\"ListItem\",\"position\":2,\"name\":\"Shop\",\"item\":\"https:\\\/\\\/www.kasafik.cz\\\/web\\\/cs\\\/shop\\\/\"},{\"@type\":\"ListItem\",\"position\":3,\"name\":\"Kitchen Display System (KDS) 15&#8217;6\"}]},{\"@type\":\"WebSite\",\"@id\":\"https:\\\/\\\/www.kasafik.cz\\\/web\\\/#website\",\"url\":\"https:\\\/\\\/www.kasafik.cz\\\/web\\\/\",\"name\":\"KASA FIK\",\"description\":\"\",\"potentialAction\":[{\"@type\":\"SearchAction\",\"target\":{\"@type\":\"EntryPoint\",\"urlTemplate\":\"https:\\\/\\\/www.kasafik.cz\\\/web\\\/?s={search_term_string}\"},\"query-input\":{\"@type\":\"PropertyValueSpecification\",\"valueRequired\":true,\"valueName\":\"search_term_string\"}}],\"inLanguage\":\"cs\"}]}<\/script>\n<!-- \/ Yoast SEO plugin. -->","yoast_head_json":{"title":"Kitchen Display System (KDS) 15'6 - KASA FIK","robots":{"index":"index","follow":"follow","max-snippet":"max-snippet:-1","max-image-preview":"max-image-preview:large","max-video-preview":"max-video-preview:-1"},"canonical":"https:\/\/www.kasafik.cz\/web\/produkt\/kds\/","og_locale":"cs_CZ","og_type":"article","og_title":"Kitchen Display System (KDS) 15'6 - KASA FIK","og_description":"KASA FIK Kitchen Display je kl\u00ed\u010dov\u00fdm prvkem kompletn\u00edho objedn\u00e1vkov\u00e9ho syst\u00e9mu, navr\u017een\u00fdm pro restaurace, j\u00eddelny a bistra. Jeho integrovan\u00e9 rozhran\u00ed s pokladn\u00edm syst\u00e9mem umo\u017e\u0148uje plynul\u00fd tok informac\u00ed mezi obsluhou a kuchyn\u00ed \u010di barem. S jednoduch\u00fdm a intuitivn\u00edm ovl\u00e1d\u00e1n\u00edm zvy\u0161uje rychlost a p\u0159esnost p\u0159i v\u00fddeji objedn\u00e1vek. P\u0159ehledn\u00e9 zobrazen\u00ed aktu\u00e1ln\u00edch objedn\u00e1vek, v\u010detn\u011b informac\u00ed o p\u0159\u00edloh\u00e1ch a om\u00e1\u010dk\u00e1ch, usnad\u0148uje kucha\u0159\u016fm optim\u00e1ln\u00ed p\u0159\u00edpravu j\u00eddel. Speci\u00e1ln\u00ed zobrazen\u00ed pro manipulaci s p\u0159\u00edlohami, stornem a refundacemi p\u0159in\u00e1\u0161\u00ed flexibilitu v \u00faprav\u011b objedn\u00e1vek. S mo\u017enost\u00ed vyvol\u00e1v\u00e1n\u00ed objedn\u00e1vek p\u0159\u00edmo z kuchyn\u011b p\u0159isp\u00edv\u00e1 k efektivit\u011b p\u0159\u00edpravy pokrm\u016f a celkov\u00e9 optimalizaci provozu.","og_url":"https:\/\/www.kasafik.cz\/web\/produkt\/kds\/","og_site_name":"KASA FIK","article_modified_time":"2024-01-24T11:09:52+00:00","og_image":[{"width":1456,"height":1006,"url":"https:\/\/www.kasafik.cz\/web\/wp-content\/uploads\/2023\/12\/Kitchen-display_04.jpg","type":"image\/jpeg"}],"twitter_card":"summary_large_image","twitter_misc":{"Odhadovan\u00e1 doba \u010dten\u00ed":"3 minuty"},"schema":{"@context":"https:\/\/schema.org","@graph":[{"@type":"WebPage","@id":"https:\/\/www.kasafik.cz\/web\/produkt\/kds\/","url":"https:\/\/www.kasafik.cz\/web\/produkt\/kds\/","name":"Kitchen Display System (KDS) 15'6 - KASA FIK","isPartOf":{"@id":"https:\/\/www.kasafik.cz\/web\/#website"},"primaryImageOfPage":{"@id":"https:\/\/www.kasafik.cz\/web\/produkt\/kds\/#primaryimage"},"image":{"@id":"https:\/\/www.kasafik.cz\/web\/produkt\/kds\/#primaryimage"},"thumbnailUrl":"https:\/\/www.kasafik.cz\/web\/wp-content\/uploads\/2023\/12\/Kitchen-display_04.jpg","datePublished":"2023-12-04T10:38:00+00:00","dateModified":"2024-01-24T11:09:52+00:00","breadcrumb":{"@id":"https:\/\/www.kasafik.cz\/web\/produkt\/kds\/#breadcrumb"},"inLanguage":"cs","potentialAction":[{"@type":"ReadAction","target":["https:\/\/www.kasafik.cz\/web\/produkt\/kds\/"]}]},{"@type":"ImageObject","inLanguage":"cs","@id":"https:\/\/www.kasafik.cz\/web\/produkt\/kds\/#primaryimage","url":"https:\/\/www.kasafik.cz\/web\/wp-content\/uploads\/2023\/12\/Kitchen-display_04.jpg","contentUrl":"https:\/\/www.kasafik.cz\/web\/wp-content\/uploads\/2023\/12\/Kitchen-display_04.jpg","width":1456,"height":1006},{"@type":"BreadcrumbList","@id":"https:\/\/www.kasafik.cz\/web\/produkt\/kds\/#breadcrumb","itemListElement":[{"@type":"ListItem","position":1,"name":"Home","item":"https:\/\/origin.kasafik.cz\/web\/cs\/"},{"@type":"ListItem","position":2,"name":"Shop","item":"https:\/\/www.kasafik.cz\/web\/cs\/shop\/"},{"@type":"ListItem","position":3,"name":"Kitchen Display System (KDS) 15&#8217;6"}]},{"@type":"WebSite","@id":"https:\/\/www.kasafik.cz\/web\/#website","url":"https:\/\/www.kasafik.cz\/web\/","name":"KASA FIK","description":"","potentialAction":[{"@type":"SearchAction","target":{"@type":"EntryPoint","urlTemplate":"https:\/\/www.kasafik.cz\/web\/?s={search_term_string}"},"query-input":{"@type":"PropertyValueSpecification","valueRequired":true,"valueName":"search_term_string"}}],"inLanguage":"cs"}]}},"jetpack_sharing_enabled":true,"_links":{"self":[{"href":"https:\/\/www.kasafik.cz\/web\/wp-json\/wp\/v2\/product\/14595","targetHints":{"allow":["GET"]}}],"collection":[{"href":"https:\/\/www.kasafik.cz\/web\/wp-json\/wp\/v2\/product"}],"about":[{"href":"https:\/\/www.kasafik.cz\/web\/wp-json\/wp\/v2\/types\/product"}],"replies":[{"embeddable":true,"href":"https:\/\/www.kasafik.cz\/web\/wp-json\/wp\/v2\/comments?post=14595"}],"version-history":[{"count":3,"href":"https:\/\/www.kasafik.cz\/web\/wp-json\/wp\/v2\/product\/14595\/revisions"}],"predecessor-version":[{"id":15560,"href":"https:\/\/www.kasafik.cz\/web\/wp-json\/wp\/v2\/product\/14595\/revisions\/15560"}],"wp:featuredmedia":[{"embeddable":true,"href":"https:\/\/www.kasafik.cz\/web\/wp-json\/wp\/v2\/media\/14762"}],"wp:attachment":[{"href":"https:\/\/www.kasafik.cz\/web\/wp-json\/wp\/v2\/media?parent=14595"}],"wp:term":[{"taxonomy":"product_brand","embeddable":true,"href":"https:\/\/www.kasafik.cz\/web\/wp-json\/wp\/v2\/product_brand?post=14595"},{"taxonomy":"product_cat","embeddable":true,"href":"https:\/\/www.kasafik.cz\/web\/wp-json\/wp\/v2\/product_cat?post=14595"},{"taxonomy":"product_tag","embeddable":true,"href":"https:\/\/www.kasafik.cz\/web\/wp-json\/wp\/v2\/product_tag?post=14595"}],"curies":[{"name":"wp","href":"https:\/\/api.w.org\/{rel}","templated":true}]}}