{"id":14430,"date":"2023-10-13T08:29:00","date_gmt":"2023-10-13T08:29:00","guid":{"rendered":"https:\/\/origin.kasafik.cz\/web\/?post_type=product&#038;p=14430"},"modified":"2024-01-15T15:50:39","modified_gmt":"2024-01-15T15:50:39","slug":"ctecka-carovych-kodu","status":"publish","type":"product","link":"https:\/\/www.kasafik.cz\/web\/produkt\/ctecka-carovych-kodu\/","title":{"rendered":"\u010cte\u010dka \u010d\u00e1rov\u00fdch k\u00f3d\u016f"},"content":{"rendered":"<p><strong>\u010cte\u010dka \u010d\u00e1rov\u00fdch k\u00f3d\u016f VIRTUOS: Zv\u00fd\u0161te Efektivitu a P\u0159esnost ve Va\u0161em Podnik\u00e1n\u00ed<\/strong><\/p>\n<p><em>\u0160et\u0159\u00ed \u010das, minimalizuje chyby, a zrychluje operace<\/em><\/p>\n<p>\u010cte\u010dky \u010d\u00e1rov\u00fdch k\u00f3d\u016f jsou kl\u00ed\u010dov\u00fdm prvkem efektivn\u00edho podnikov\u00e9ho \u0159\u00edzen\u00ed, a VIRTUOS p\u0159in\u00e1\u0161\u00ed prvot\u0159\u00eddn\u00ed v\u00fdkon pro velk\u00e9 i mal\u00e9 podniky.<\/p>\n<p><strong>Hlavn\u00ed Vlastnosti:<\/strong><\/p>\n<ol>\n<li><strong>Rychlost a p\u0159esnost:<\/strong> VIRTUOS nab\u00edz\u00ed rychlost skenov\u00e1n\u00ed 60 k\u00f3d\u016f za sekundu, co\u017e znamen\u00e1, \u017ee z\u00edsk\u00e1te pot\u0159ebn\u00e9 informace v chv\u00edli, kdy je pot\u0159ebujete.<\/li>\n<li><strong>V\u0161esm\u011brov\u00e9 skenov\u00e1n\u00ed:<\/strong> Bez nutnosti p\u0159ilo\u017een\u00ed pod ur\u010dit\u00fdm \u00fahlem. V\u0161esm\u011brov\u00e1 \u010dte\u010dka umo\u017e\u0148uje rychl\u00e9 a p\u0159esn\u00e9 skenov\u00e1n\u00ed k\u00f3d\u016f.<\/li>\n<li><strong>Univerz\u00e1lnost:<\/strong> Schopnost sn\u00edmat 1D, 2D a QR k\u00f3dy poskytuje flexibilitu pro r\u016fzn\u00e9 typy produkt\u016f a aplikac\u00ed.<\/li>\n<li><strong>CCD Technologie:<\/strong> Miniaturn\u00ed sn\u00edma\u010de a absenci mechanick\u00fdch sou\u010d\u00e1stek zaru\u010duj\u00ed vysokou spolehlivost a minimalizuj\u00ed pot\u0159ebu \u00fadr\u017eby.<\/li>\n<li><strong>Jednoduch\u00e9 p\u0159en\u00e1\u0161en\u00ed:<\/strong> P\u0159i odebr\u00e1n\u00ed \u010dte\u010dky ze stojanu dojde ke zm\u011bn\u011b paprsku, co\u017e vede k je\u0161t\u011b p\u0159esn\u011bj\u0161\u00edmu sn\u00edm\u00e1n\u00ed k\u00f3d\u016f.<\/li>\n<\/ol>\n<p><strong>Vyu\u017eit\u00ed:<\/strong><\/p>\n<ul>\n<li><em>Velk\u00e9 Firmy:<\/em> Optimalizujte sledov\u00e1n\u00ed invent\u00e1\u0159e a procesy s rychl\u00fdm a p\u0159esn\u00fdm skenov\u00e1n\u00edm.<\/li>\n<li><em>Drobn\u00ed Podnikatel\u00e9:<\/em> Zv\u00fd\u0161te efektivitu skladov\u00e1n\u00ed a zpracov\u00e1n\u00ed objedn\u00e1vek bez zbyte\u010dn\u00e9ho \u010dasu a n\u00e1mahy.<\/li>\n<\/ul>\n<p>S \u010dte\u010dkou budete m\u00edt k dispozici spolehliv\u00e9ho pomocn\u00edka, kter\u00fd v\u00e1m umo\u017en\u00ed eliminovat chybovost a zv\u00fd\u0161it rychlost va\u0161ich ka\u017edodenn\u00edch operac\u00ed.<\/p>\n<p>&nbsp;<\/p>\n<p><strong>Odv\u011btv\u00ed, kter\u00e1 by mohla nejv\u00edce t\u011b\u017eit z rychlosti a p\u0159esnosti \u010dte\u010dky \u010d\u00e1rov\u00fdch k\u00f3d\u016f:<\/strong><\/p>\n<ol>\n<li><strong>Maloobchod:<\/strong> Rychl\u00e9 a p\u0159esn\u00e9 skenov\u00e1n\u00ed k\u00f3d\u016f m\u016f\u017ee zna\u010dn\u011b zv\u00fd\u0161it efektivitu v sledov\u00e1n\u00ed a spr\u00e1v\u011b skladu zbran\u00ed a p\u0159\u00edslu\u0161enstv\u00ed.<\/li>\n<li><strong>Farmaceutick\u00fd sektor:<\/strong> V prost\u0159ed\u00ed s vysok\u00fdm objemem a rychl\u00fdmi rotacemi z\u00e1sob m\u016f\u017ee \u010dte\u010dka urychlit sledov\u00e1n\u00ed a spr\u00e1vu l\u00e9\u010div a zaru\u010dit minim\u00e1ln\u00ed chybovost.<\/li>\n<li><strong>E-commerce a distribuce:<\/strong> P\u0159i rychl\u00e9m pohybu produkt\u016f v e-commerce a distribuci m\u016f\u017ee \u010dte\u010dka optimalizovat sledov\u00e1n\u00ed objedn\u00e1vek a minimalizovat chyby p\u0159i pln\u011bn\u00ed.<\/li>\n<li><strong>Automobilov\u00fd pr\u016fmysl:<\/strong> Rychlost a p\u0159esnost jsou kl\u00ed\u010dov\u00e9 pro spr\u00e1vu sklad\u016f n\u00e1hradn\u00edch d\u00edl\u016f a sledov\u00e1n\u00ed pohybu materi\u00e1l\u016f ve v\u00fdrobn\u00edm procesu.<\/li>\n<li><strong>Potravin\u00e1\u0159sk\u00fd pr\u016fmysl:<\/strong> Zaji\u0161\u0165uje rychl\u00e9 a bezchybn\u00e9 sledov\u00e1n\u00ed potravinov\u00fdch produkt\u016f od v\u00fdroby a\u017e po distribuci, co\u017e je kl\u00ed\u010dov\u00e9 pro dodr\u017een\u00ed p\u0159edpis\u016f a bezpe\u010dnost potravin.<\/li>\n<\/ol>\n<p>&nbsp;<\/p>\n<h2>Kl\u00ed\u010dov\u00e9 vlastnosti \u010dte\u010dky \u010d\u00e1rov\u00fdch k\u00f3d\u016f CCD \u010dte\u010dka Virtuos HT-855A, USB &#8211; \u010dern\u00e1<\/h2>\n<ul>\n<li>Ru\u010dn\u00ed \u010dte\u010dka \u010d\u00e1rov\u00fdch k\u00f3d\u016f VIRTUOS pom\u016f\u017ee urychlit a zjednodu\u0161it va\u0161i pr\u00e1ci<\/li>\n<li>Praktick\u00fd pomocn\u00edk p\u0159i na\u010d\u00edt\u00e1n\u00ed \u010d\u00e1rov\u00fdch k\u00f3d\u016f<\/li>\n<li>Sn\u00edm\u00e1n\u00ed: CCD<\/li>\n<li>P\u0159ipojen\u00ed pomoc\u00ed USB HID nebo USB VirtualPort<\/li>\n<li>Skenuje 1D, 2D a QR k\u00f3dy rychlost\u00ed 60 sken\u016f\/s<\/li>\n<li>Mo\u017enost pou\u017eit\u00ed ve stojanu i ru\u010dn\u011b<\/li>\n<li>Dr\u00e1tov\u00e1 \u010dte\u010dka \u010d\u00e1rov\u00fdch k\u00f3d\u016f VIRTUOS je ide\u00e1ln\u00ed pro na\u010d\u00edt\u00e1n\u00ed velk\u00e9ho mno\u017estv\u00ed k\u00f3d\u016f<\/li>\n<\/ul>\n","protected":false},"excerpt":{"rendered":"<p>Virtuos CCD \u010dte\u010dka Virtuos HT-855A, RS-232 &#8211; \u010dern\u00e1<\/p>\n","protected":false},"featured_media":14431,"comment_status":"closed","ping_status":"closed","template":"","meta":[],"product_brand":[],"product_cat":[218],"product_tag":[],"class_list":{"0":"post-14430","1":"product","2":"type-product","3":"status-publish","4":"has-post-thumbnail","6":"product_cat-prislusenstvi","8":"first","9":"instock","10":"taxable","11":"shipping-taxable","12":"purchasable","13":"product-type-simple"},"yoast_head":"<!-- This site is optimized with the Yoast SEO plugin v27.4 - https:\/\/yoast.com\/product\/yoast-seo-wordpress\/ -->\n<title>\u010cte\u010dka \u010d\u00e1rov\u00fdch k\u00f3d\u016f - KASA FIK<\/title>\n<meta name=\"robots\" content=\"index, follow, max-snippet:-1, max-image-preview:large, max-video-preview:-1\" \/>\n<link rel=\"canonical\" href=\"https:\/\/www.kasafik.cz\/web\/produkt\/ctecka-carovych-kodu\/\" \/>\n<meta property=\"og:locale\" content=\"cs_CZ\" \/>\n<meta property=\"og:type\" content=\"article\" \/>\n<meta property=\"og:title\" content=\"\u010cte\u010dka \u010d\u00e1rov\u00fdch k\u00f3d\u016f - KASA FIK\" \/>\n<meta property=\"og:description\" content=\"Virtuos CCD \u010dte\u010dka Virtuos HT-855A, RS-232 - \u010dern\u00e1\" \/>\n<meta property=\"og:url\" content=\"https:\/\/www.kasafik.cz\/web\/produkt\/ctecka-carovych-kodu\/\" \/>\n<meta property=\"og:site_name\" content=\"KASA FIK\" \/>\n<meta property=\"article:modified_time\" content=\"2024-01-15T15:50:39+00:00\" \/>\n<meta property=\"og:image\" content=\"https:\/\/www.kasafik.cz\/web\/wp-content\/uploads\/2023\/10\/Screenshot-from-2023-10-13-10-29-39.png\" \/>\n\t<meta property=\"og:image:width\" content=\"1026\" \/>\n\t<meta property=\"og:image:height\" content=\"993\" \/>\n\t<meta property=\"og:image:type\" content=\"image\/png\" \/>\n<meta name=\"twitter:card\" content=\"summary_large_image\" \/>\n<meta name=\"twitter:label1\" content=\"Odhadovan\u00e1 doba \u010dten\u00ed\" \/>\n\t<meta name=\"twitter:data1\" content=\"2 minuty\" \/>\n<script type=\"application\/ld+json\" class=\"yoast-schema-graph\">{\"@context\":\"https:\\\/\\\/schema.org\",\"@graph\":[{\"@type\":\"WebPage\",\"@id\":\"https:\\\/\\\/www.kasafik.cz\\\/web\\\/produkt\\\/ctecka-carovych-kodu\\\/\",\"url\":\"https:\\\/\\\/www.kasafik.cz\\\/web\\\/produkt\\\/ctecka-carovych-kodu\\\/\",\"name\":\"\u010cte\u010dka \u010d\u00e1rov\u00fdch k\u00f3d\u016f - KASA FIK\",\"isPartOf\":{\"@id\":\"https:\\\/\\\/www.kasafik.cz\\\/web\\\/#website\"},\"primaryImageOfPage\":{\"@id\":\"https:\\\/\\\/www.kasafik.cz\\\/web\\\/produkt\\\/ctecka-carovych-kodu\\\/#primaryimage\"},\"image\":{\"@id\":\"https:\\\/\\\/www.kasafik.cz\\\/web\\\/produkt\\\/ctecka-carovych-kodu\\\/#primaryimage\"},\"thumbnailUrl\":\"https:\\\/\\\/www.kasafik.cz\\\/web\\\/wp-content\\\/uploads\\\/2023\\\/10\\\/Screenshot-from-2023-10-13-10-29-39.png\",\"datePublished\":\"2023-10-13T08:29:00+00:00\",\"dateModified\":\"2024-01-15T15:50:39+00:00\",\"breadcrumb\":{\"@id\":\"https:\\\/\\\/www.kasafik.cz\\\/web\\\/produkt\\\/ctecka-carovych-kodu\\\/#breadcrumb\"},\"inLanguage\":\"cs\",\"potentialAction\":[{\"@type\":\"ReadAction\",\"target\":[\"https:\\\/\\\/www.kasafik.cz\\\/web\\\/produkt\\\/ctecka-carovych-kodu\\\/\"]}]},{\"@type\":\"ImageObject\",\"inLanguage\":\"cs\",\"@id\":\"https:\\\/\\\/www.kasafik.cz\\\/web\\\/produkt\\\/ctecka-carovych-kodu\\\/#primaryimage\",\"url\":\"https:\\\/\\\/www.kasafik.cz\\\/web\\\/wp-content\\\/uploads\\\/2023\\\/10\\\/Screenshot-from-2023-10-13-10-29-39.png\",\"contentUrl\":\"https:\\\/\\\/www.kasafik.cz\\\/web\\\/wp-content\\\/uploads\\\/2023\\\/10\\\/Screenshot-from-2023-10-13-10-29-39.png\",\"width\":1026,\"height\":993,\"caption\":\"Ctecka Virtuos\"},{\"@type\":\"BreadcrumbList\",\"@id\":\"https:\\\/\\\/www.kasafik.cz\\\/web\\\/produkt\\\/ctecka-carovych-kodu\\\/#breadcrumb\",\"itemListElement\":[{\"@type\":\"ListItem\",\"position\":1,\"name\":\"Home\",\"item\":\"https:\\\/\\\/origin.kasafik.cz\\\/web\\\/cs\\\/\"},{\"@type\":\"ListItem\",\"position\":2,\"name\":\"Shop\",\"item\":\"https:\\\/\\\/www.kasafik.cz\\\/web\\\/cs\\\/shop\\\/\"},{\"@type\":\"ListItem\",\"position\":3,\"name\":\"\u010cte\u010dka \u010d\u00e1rov\u00fdch k\u00f3d\u016f\"}]},{\"@type\":\"WebSite\",\"@id\":\"https:\\\/\\\/www.kasafik.cz\\\/web\\\/#website\",\"url\":\"https:\\\/\\\/www.kasafik.cz\\\/web\\\/\",\"name\":\"KASA FIK\",\"description\":\"\",\"potentialAction\":[{\"@type\":\"SearchAction\",\"target\":{\"@type\":\"EntryPoint\",\"urlTemplate\":\"https:\\\/\\\/www.kasafik.cz\\\/web\\\/?s={search_term_string}\"},\"query-input\":{\"@type\":\"PropertyValueSpecification\",\"valueRequired\":true,\"valueName\":\"search_term_string\"}}],\"inLanguage\":\"cs\"}]}<\/script>\n<!-- \/ Yoast SEO plugin. -->","yoast_head_json":{"title":"\u010cte\u010dka \u010d\u00e1rov\u00fdch k\u00f3d\u016f - KASA FIK","robots":{"index":"index","follow":"follow","max-snippet":"max-snippet:-1","max-image-preview":"max-image-preview:large","max-video-preview":"max-video-preview:-1"},"canonical":"https:\/\/www.kasafik.cz\/web\/produkt\/ctecka-carovych-kodu\/","og_locale":"cs_CZ","og_type":"article","og_title":"\u010cte\u010dka \u010d\u00e1rov\u00fdch k\u00f3d\u016f - KASA FIK","og_description":"Virtuos CCD \u010dte\u010dka Virtuos HT-855A, RS-232 - \u010dern\u00e1","og_url":"https:\/\/www.kasafik.cz\/web\/produkt\/ctecka-carovych-kodu\/","og_site_name":"KASA FIK","article_modified_time":"2024-01-15T15:50:39+00:00","og_image":[{"width":1026,"height":993,"url":"https:\/\/www.kasafik.cz\/web\/wp-content\/uploads\/2023\/10\/Screenshot-from-2023-10-13-10-29-39.png","type":"image\/png"}],"twitter_card":"summary_large_image","twitter_misc":{"Odhadovan\u00e1 doba \u010dten\u00ed":"2 minuty"},"schema":{"@context":"https:\/\/schema.org","@graph":[{"@type":"WebPage","@id":"https:\/\/www.kasafik.cz\/web\/produkt\/ctecka-carovych-kodu\/","url":"https:\/\/www.kasafik.cz\/web\/produkt\/ctecka-carovych-kodu\/","name":"\u010cte\u010dka \u010d\u00e1rov\u00fdch k\u00f3d\u016f - KASA FIK","isPartOf":{"@id":"https:\/\/www.kasafik.cz\/web\/#website"},"primaryImageOfPage":{"@id":"https:\/\/www.kasafik.cz\/web\/produkt\/ctecka-carovych-kodu\/#primaryimage"},"image":{"@id":"https:\/\/www.kasafik.cz\/web\/produkt\/ctecka-carovych-kodu\/#primaryimage"},"thumbnailUrl":"https:\/\/www.kasafik.cz\/web\/wp-content\/uploads\/2023\/10\/Screenshot-from-2023-10-13-10-29-39.png","datePublished":"2023-10-13T08:29:00+00:00","dateModified":"2024-01-15T15:50:39+00:00","breadcrumb":{"@id":"https:\/\/www.kasafik.cz\/web\/produkt\/ctecka-carovych-kodu\/#breadcrumb"},"inLanguage":"cs","potentialAction":[{"@type":"ReadAction","target":["https:\/\/www.kasafik.cz\/web\/produkt\/ctecka-carovych-kodu\/"]}]},{"@type":"ImageObject","inLanguage":"cs","@id":"https:\/\/www.kasafik.cz\/web\/produkt\/ctecka-carovych-kodu\/#primaryimage","url":"https:\/\/www.kasafik.cz\/web\/wp-content\/uploads\/2023\/10\/Screenshot-from-2023-10-13-10-29-39.png","contentUrl":"https:\/\/www.kasafik.cz\/web\/wp-content\/uploads\/2023\/10\/Screenshot-from-2023-10-13-10-29-39.png","width":1026,"height":993,"caption":"Ctecka Virtuos"},{"@type":"BreadcrumbList","@id":"https:\/\/www.kasafik.cz\/web\/produkt\/ctecka-carovych-kodu\/#breadcrumb","itemListElement":[{"@type":"ListItem","position":1,"name":"Home","item":"https:\/\/origin.kasafik.cz\/web\/cs\/"},{"@type":"ListItem","position":2,"name":"Shop","item":"https:\/\/www.kasafik.cz\/web\/cs\/shop\/"},{"@type":"ListItem","position":3,"name":"\u010cte\u010dka \u010d\u00e1rov\u00fdch k\u00f3d\u016f"}]},{"@type":"WebSite","@id":"https:\/\/www.kasafik.cz\/web\/#website","url":"https:\/\/www.kasafik.cz\/web\/","name":"KASA FIK","description":"","potentialAction":[{"@type":"SearchAction","target":{"@type":"EntryPoint","urlTemplate":"https:\/\/www.kasafik.cz\/web\/?s={search_term_string}"},"query-input":{"@type":"PropertyValueSpecification","valueRequired":true,"valueName":"search_term_string"}}],"inLanguage":"cs"}]}},"jetpack_sharing_enabled":true,"_links":{"self":[{"href":"https:\/\/www.kasafik.cz\/web\/wp-json\/wp\/v2\/product\/14430","targetHints":{"allow":["GET"]}}],"collection":[{"href":"https:\/\/www.kasafik.cz\/web\/wp-json\/wp\/v2\/product"}],"about":[{"href":"https:\/\/www.kasafik.cz\/web\/wp-json\/wp\/v2\/types\/product"}],"replies":[{"embeddable":true,"href":"https:\/\/www.kasafik.cz\/web\/wp-json\/wp\/v2\/comments?post=14430"}],"version-history":[{"count":1,"href":"https:\/\/www.kasafik.cz\/web\/wp-json\/wp\/v2\/product\/14430\/revisions"}],"predecessor-version":[{"id":14491,"href":"https:\/\/www.kasafik.cz\/web\/wp-json\/wp\/v2\/product\/14430\/revisions\/14491"}],"wp:featuredmedia":[{"embeddable":true,"href":"https:\/\/www.kasafik.cz\/web\/wp-json\/wp\/v2\/media\/14431"}],"wp:attachment":[{"href":"https:\/\/www.kasafik.cz\/web\/wp-json\/wp\/v2\/media?parent=14430"}],"wp:term":[{"taxonomy":"product_brand","embeddable":true,"href":"https:\/\/www.kasafik.cz\/web\/wp-json\/wp\/v2\/product_brand?post=14430"},{"taxonomy":"product_cat","embeddable":true,"href":"https:\/\/www.kasafik.cz\/web\/wp-json\/wp\/v2\/product_cat?post=14430"},{"taxonomy":"product_tag","embeddable":true,"href":"https:\/\/www.kasafik.cz\/web\/wp-json\/wp\/v2\/product_tag?post=14430"}],"curies":[{"name":"wp","href":"https:\/\/api.w.org\/{rel}","templated":true}]}}