{"id":13144,"date":"2023-06-05T07:46:52","date_gmt":"2023-06-05T07:46:52","guid":{"rendered":"https:\/\/origin.kasafik.cz\/web\/?post_type=product&#038;p=13144"},"modified":"2026-01-28T10:48:56","modified_gmt":"2026-01-28T10:48:56","slug":"sumup-solo-lite-platebni-terminal","status":"publish","type":"product","link":"https:\/\/www.kasafik.cz\/web\/produkt\/sumup-solo-lite-platebni-terminal\/","title":{"rendered":"SumUp SOLO Lite platebn\u00ed termin\u00e1l"},"content":{"rendered":"<table class=\"table\">\n<tbody>\n<tr>\n<td>\n<h3>Bezprobl\u00e9mov\u00e9 platby<\/h3>\n<p>Samostatn\u00e9 za\u0159\u00edzen\u00ed disponuje elegantn\u00edm, snadno ovladateln\u00fdm dotykov\u00fdm displejem, kter\u00fd umo\u017e\u0148uje rychl\u00e9 a bezprobl\u00e9mov\u00e9 odbaven\u00ed jak pro v\u00e1s, tak pro va\u0161e z\u00e1kazn\u00edky.<\/td>\n<td>\n<h3>V\u00fdhodn\u00e9 poplatky<\/h3>\n<p>Pla\u0165te pouze 1,95 % z ka\u017ed\u00e9 osobn\u00ed transakce. U\u017e se nikdy nebudete muset ob\u00e1vat minim\u00e1ln\u00edch \u010d\u00e1stek, p\u0159edplatn\u00e9ho ani skryt\u00fdch poplatk\u016f, kter\u00e9 by v\u00e1s mohly nep\u0159\u00edjemn\u011b p\u0159ekvapit.<\/td>\n<td>\n<h3>Pokro\u010dil\u00e9 funkce za\u0159\u00edzen\u00ed<\/h3>\n<p>SumUp Solo Lite d\u011bl\u00e1 v\u00edc ne\u017e p\u0159ij\u00edm\u00e1n\u00ed plateb \u2013 odes\u00edlejte digit\u00e1ln\u00ed \u00fa\u010dtenky, p\u0159istupujte k report\u016fm a mnohem v\u00edce p\u0159\u00edmo z \u010dte\u010dky karet.<\/td>\n<\/tr>\n<\/tbody>\n<\/table>\n<p><img fetchpriority=\"high\" decoding=\"async\" class=\"aligncenter size-full wp-image-15524\" src=\"\/web\/wp-content\/uploads\/2023\/06\/Screenshot-from-2024-01-24-09-34-40.png\" alt=\"Sumup Solo\" width=\"894\" height=\"378\" srcset=\"https:\/\/www.kasafik.cz\/web\/wp-content\/uploads\/2023\/06\/Screenshot-from-2024-01-24-09-34-40.png 894w, https:\/\/www.kasafik.cz\/web\/wp-content\/uploads\/2023\/06\/Screenshot-from-2024-01-24-09-34-40-600x254.png 600w, https:\/\/www.kasafik.cz\/web\/wp-content\/uploads\/2023\/06\/Screenshot-from-2024-01-24-09-34-40-300x127.png 300w, https:\/\/www.kasafik.cz\/web\/wp-content\/uploads\/2023\/06\/Screenshot-from-2024-01-24-09-34-40-768x325.png 768w\" sizes=\"(max-width: 894px) 100vw, 894px\" \/><\/p>\n<p>Platebn\u00ed termin\u00e1l SumUp Solo Lite lze pou\u017e\u00edvat s pokladnou KASA FIK, mobiln\u00edm telefonem, tabletem a nebo i samostatn\u011b. P\u0159ipojuje se pomoc\u00ed Bluetooth.<\/p>\n<p>P\u0159ij\u00edm\u00e1 \u010dipov\u00e9 karty a s PIN k\u00f3dem, podporuje bezkontaktn\u00ed platby, Google Pay a Apple Pay &#8211; Technologie RFID NFC &#8211; \u017e\u00e1dn\u00e9 m\u011bs\u00ed\u010dn\u00ed n\u00e1klady. Plat\u00edte pouze fixn\u00ed poplatek z transakce.<\/p>\n<h5><b>INTUITIVN\u00cd U\u017dIVATELSK\u00c9 ROZHRAN\u00cd<\/b><\/h5>\n<p>Citliv\u00e1 dotykov\u00e1 obrazovka zaji\u0161\u0165uje bezprobl\u00e9mov\u00e9 zpracov\u00e1n\u00ed plateb pro v\u00e1s a va\u0161e z\u00e1kazn\u00edky.<\/p>\n<h5><b>VEJDE\u00a0<\/b><b>DO KAPSY<\/b><\/h5>\n<p>Mal\u00fd, ale p\u011bkn\u00fd. 9 let zku\u0161enost\u00ed a rozs\u00e1hl\u00fd proces v\u00fdvoje vedly k vytvo\u0159en\u00ed na\u0161eho pln\u011b mobiln\u00edho a praktick\u00e9ho termin\u00e1lu.<\/p>\n<h5><b>PLN\u00c1 FLEXIBILITA<\/b><\/h5>\n<p>S na\u0161\u00ed \u010dte\u010dkou platebn\u00edch karet Solo Lite si m\u016f\u017eete vz\u00edt v\u0161ude s sebou \u2013 d\u00edky Wi-Fi a mobiln\u00edmu p\u0159enosu dat s vestav\u011bnou SIM kartou s neomezen\u00fdm mno\u017estv\u00edm dat.<\/p>\n<h5><b>V\u017dDY NABIT\u00c1<\/b><\/h5>\n<p>P\u0159ilo\u017een\u00e1 nab\u00edjec\u00ed stanice umo\u017e\u0148uje nab\u00edjen\u00ed Solo Lite, i kdy\u017e ho z\u00e1kazn\u00edci pou\u017e\u00edvaj\u00ed. Na jedno nabit\u00ed zvl\u00e1dne termin\u00e1l SumUp Solo Lite v\u00edce ne\u017e 1000 transakc\u00ed.<\/p>\n<h5><strong>AUTOMATICK\u00c9 AKTUALIZACE SOFTWARU<\/strong><\/h5>\n<p>D\u00edky pravideln\u00fdm automatick\u00fdm aktualizac\u00edm m\u00e1te v\u017edy p\u0159\u00edstup k nejnov\u011bj\u0161\u00edm funkc\u00edm.<\/p>\n","protected":false},"excerpt":{"rendered":"<p>Platebn\u00ed termin\u00e1l SumUp je zcela <strong>bez m\u011bs\u00ed\u010dn\u00edch poplatk\u016f<\/strong>, plat\u00edte pouze transak\u010dn\u00ed 1.95% poplatek.<\/p>\n","protected":false},"featured_media":18834,"comment_status":"closed","ping_status":"closed","template":"","meta":[],"product_brand":[],"product_cat":[249],"product_tag":[],"class_list":{"0":"post-13144","1":"product","2":"type-product","3":"status-publish","4":"has-post-thumbnail","6":"product_cat-platebni-terminaly","8":"first","9":"onbackorder","10":"sold-individually","11":"taxable","12":"shipping-taxable","13":"purchasable","14":"product-type-simple"},"yoast_head":"<!-- This site is optimized with the Yoast SEO plugin v27.4 - https:\/\/yoast.com\/product\/yoast-seo-wordpress\/ -->\n<title>SumUp SOLO Lite platebn\u00ed termin\u00e1l - KASA FIK<\/title>\n<meta name=\"robots\" content=\"index, follow, max-snippet:-1, max-image-preview:large, max-video-preview:-1\" \/>\n<link rel=\"canonical\" href=\"https:\/\/www.kasafik.cz\/web\/produkt\/sumup-solo-lite-platebni-terminal\/\" \/>\n<meta property=\"og:locale\" content=\"cs_CZ\" \/>\n<meta property=\"og:type\" content=\"article\" \/>\n<meta property=\"og:title\" content=\"SumUp SOLO Lite platebn\u00ed termin\u00e1l - KASA FIK\" \/>\n<meta property=\"og:description\" content=\"Platebn\u00ed termin\u00e1l SumUp je zcela bez m\u011bs\u00ed\u010dn\u00edch poplatk\u016f, plat\u00edte pouze transak\u010dn\u00ed 1.95% poplatek.\" \/>\n<meta property=\"og:url\" content=\"https:\/\/www.kasafik.cz\/web\/produkt\/sumup-solo-lite-platebni-terminal\/\" \/>\n<meta property=\"og:site_name\" content=\"KASA FIK\" \/>\n<meta property=\"article:modified_time\" content=\"2026-01-28T10:48:56+00:00\" \/>\n<meta property=\"og:image\" content=\"https:\/\/www.kasafik.cz\/web\/wp-content\/uploads\/2023\/06\/DOT303b-03.webp\" \/>\n\t<meta property=\"og:image:width\" content=\"640\" \/>\n\t<meta property=\"og:image:height\" content=\"640\" \/>\n\t<meta property=\"og:image:type\" content=\"image\/webp\" \/>\n<meta name=\"twitter:card\" content=\"summary_large_image\" \/>\n<meta name=\"twitter:label1\" content=\"Odhadovan\u00e1 doba \u010dten\u00ed\" \/>\n\t<meta name=\"twitter:data1\" content=\"2 minuty\" \/>\n<script type=\"application\/ld+json\" class=\"yoast-schema-graph\">{\"@context\":\"https:\\\/\\\/schema.org\",\"@graph\":[{\"@type\":\"WebPage\",\"@id\":\"https:\\\/\\\/www.kasafik.cz\\\/web\\\/produkt\\\/sumup-solo-lite-platebni-terminal\\\/\",\"url\":\"https:\\\/\\\/www.kasafik.cz\\\/web\\\/produkt\\\/sumup-solo-lite-platebni-terminal\\\/\",\"name\":\"SumUp SOLO Lite platebn\u00ed termin\u00e1l - KASA FIK\",\"isPartOf\":{\"@id\":\"https:\\\/\\\/www.kasafik.cz\\\/web\\\/#website\"},\"primaryImageOfPage\":{\"@id\":\"https:\\\/\\\/www.kasafik.cz\\\/web\\\/produkt\\\/sumup-solo-lite-platebni-terminal\\\/#primaryimage\"},\"image\":{\"@id\":\"https:\\\/\\\/www.kasafik.cz\\\/web\\\/produkt\\\/sumup-solo-lite-platebni-terminal\\\/#primaryimage\"},\"thumbnailUrl\":\"https:\\\/\\\/www.kasafik.cz\\\/web\\\/wp-content\\\/uploads\\\/2023\\\/06\\\/DOT303b-03.webp\",\"datePublished\":\"2023-06-05T07:46:52+00:00\",\"dateModified\":\"2026-01-28T10:48:56+00:00\",\"breadcrumb\":{\"@id\":\"https:\\\/\\\/www.kasafik.cz\\\/web\\\/produkt\\\/sumup-solo-lite-platebni-terminal\\\/#breadcrumb\"},\"inLanguage\":\"cs\",\"potentialAction\":[{\"@type\":\"ReadAction\",\"target\":[\"https:\\\/\\\/www.kasafik.cz\\\/web\\\/produkt\\\/sumup-solo-lite-platebni-terminal\\\/\"]}]},{\"@type\":\"ImageObject\",\"inLanguage\":\"cs\",\"@id\":\"https:\\\/\\\/www.kasafik.cz\\\/web\\\/produkt\\\/sumup-solo-lite-platebni-terminal\\\/#primaryimage\",\"url\":\"https:\\\/\\\/www.kasafik.cz\\\/web\\\/wp-content\\\/uploads\\\/2023\\\/06\\\/DOT303b-03.webp\",\"contentUrl\":\"https:\\\/\\\/www.kasafik.cz\\\/web\\\/wp-content\\\/uploads\\\/2023\\\/06\\\/DOT303b-03.webp\",\"width\":640,\"height\":640},{\"@type\":\"BreadcrumbList\",\"@id\":\"https:\\\/\\\/www.kasafik.cz\\\/web\\\/produkt\\\/sumup-solo-lite-platebni-terminal\\\/#breadcrumb\",\"itemListElement\":[{\"@type\":\"ListItem\",\"position\":1,\"name\":\"Home\",\"item\":\"https:\\\/\\\/origin.kasafik.cz\\\/web\\\/cs\\\/\"},{\"@type\":\"ListItem\",\"position\":2,\"name\":\"Shop\",\"item\":\"https:\\\/\\\/www.kasafik.cz\\\/web\\\/cs\\\/shop\\\/\"},{\"@type\":\"ListItem\",\"position\":3,\"name\":\"SumUp SOLO Lite platebn\u00ed termin\u00e1l\"}]},{\"@type\":\"WebSite\",\"@id\":\"https:\\\/\\\/www.kasafik.cz\\\/web\\\/#website\",\"url\":\"https:\\\/\\\/www.kasafik.cz\\\/web\\\/\",\"name\":\"KASA FIK\",\"description\":\"\",\"potentialAction\":[{\"@type\":\"SearchAction\",\"target\":{\"@type\":\"EntryPoint\",\"urlTemplate\":\"https:\\\/\\\/www.kasafik.cz\\\/web\\\/?s={search_term_string}\"},\"query-input\":{\"@type\":\"PropertyValueSpecification\",\"valueRequired\":true,\"valueName\":\"search_term_string\"}}],\"inLanguage\":\"cs\"}]}<\/script>\n<!-- \/ Yoast SEO plugin. -->","yoast_head_json":{"title":"SumUp SOLO Lite platebn\u00ed termin\u00e1l - KASA FIK","robots":{"index":"index","follow":"follow","max-snippet":"max-snippet:-1","max-image-preview":"max-image-preview:large","max-video-preview":"max-video-preview:-1"},"canonical":"https:\/\/www.kasafik.cz\/web\/produkt\/sumup-solo-lite-platebni-terminal\/","og_locale":"cs_CZ","og_type":"article","og_title":"SumUp SOLO Lite platebn\u00ed termin\u00e1l - KASA FIK","og_description":"Platebn\u00ed termin\u00e1l SumUp je zcela bez m\u011bs\u00ed\u010dn\u00edch poplatk\u016f, plat\u00edte pouze transak\u010dn\u00ed 1.95% poplatek.","og_url":"https:\/\/www.kasafik.cz\/web\/produkt\/sumup-solo-lite-platebni-terminal\/","og_site_name":"KASA FIK","article_modified_time":"2026-01-28T10:48:56+00:00","og_image":[{"width":640,"height":640,"url":"https:\/\/www.kasafik.cz\/web\/wp-content\/uploads\/2023\/06\/DOT303b-03.webp","type":"image\/webp"}],"twitter_card":"summary_large_image","twitter_misc":{"Odhadovan\u00e1 doba \u010dten\u00ed":"2 minuty"},"schema":{"@context":"https:\/\/schema.org","@graph":[{"@type":"WebPage","@id":"https:\/\/www.kasafik.cz\/web\/produkt\/sumup-solo-lite-platebni-terminal\/","url":"https:\/\/www.kasafik.cz\/web\/produkt\/sumup-solo-lite-platebni-terminal\/","name":"SumUp SOLO Lite platebn\u00ed termin\u00e1l - KASA FIK","isPartOf":{"@id":"https:\/\/www.kasafik.cz\/web\/#website"},"primaryImageOfPage":{"@id":"https:\/\/www.kasafik.cz\/web\/produkt\/sumup-solo-lite-platebni-terminal\/#primaryimage"},"image":{"@id":"https:\/\/www.kasafik.cz\/web\/produkt\/sumup-solo-lite-platebni-terminal\/#primaryimage"},"thumbnailUrl":"https:\/\/www.kasafik.cz\/web\/wp-content\/uploads\/2023\/06\/DOT303b-03.webp","datePublished":"2023-06-05T07:46:52+00:00","dateModified":"2026-01-28T10:48:56+00:00","breadcrumb":{"@id":"https:\/\/www.kasafik.cz\/web\/produkt\/sumup-solo-lite-platebni-terminal\/#breadcrumb"},"inLanguage":"cs","potentialAction":[{"@type":"ReadAction","target":["https:\/\/www.kasafik.cz\/web\/produkt\/sumup-solo-lite-platebni-terminal\/"]}]},{"@type":"ImageObject","inLanguage":"cs","@id":"https:\/\/www.kasafik.cz\/web\/produkt\/sumup-solo-lite-platebni-terminal\/#primaryimage","url":"https:\/\/www.kasafik.cz\/web\/wp-content\/uploads\/2023\/06\/DOT303b-03.webp","contentUrl":"https:\/\/www.kasafik.cz\/web\/wp-content\/uploads\/2023\/06\/DOT303b-03.webp","width":640,"height":640},{"@type":"BreadcrumbList","@id":"https:\/\/www.kasafik.cz\/web\/produkt\/sumup-solo-lite-platebni-terminal\/#breadcrumb","itemListElement":[{"@type":"ListItem","position":1,"name":"Home","item":"https:\/\/origin.kasafik.cz\/web\/cs\/"},{"@type":"ListItem","position":2,"name":"Shop","item":"https:\/\/www.kasafik.cz\/web\/cs\/shop\/"},{"@type":"ListItem","position":3,"name":"SumUp SOLO Lite platebn\u00ed termin\u00e1l"}]},{"@type":"WebSite","@id":"https:\/\/www.kasafik.cz\/web\/#website","url":"https:\/\/www.kasafik.cz\/web\/","name":"KASA FIK","description":"","potentialAction":[{"@type":"SearchAction","target":{"@type":"EntryPoint","urlTemplate":"https:\/\/www.kasafik.cz\/web\/?s={search_term_string}"},"query-input":{"@type":"PropertyValueSpecification","valueRequired":true,"valueName":"search_term_string"}}],"inLanguage":"cs"}]}},"jetpack_sharing_enabled":true,"_links":{"self":[{"href":"https:\/\/www.kasafik.cz\/web\/wp-json\/wp\/v2\/product\/13144","targetHints":{"allow":["GET"]}}],"collection":[{"href":"https:\/\/www.kasafik.cz\/web\/wp-json\/wp\/v2\/product"}],"about":[{"href":"https:\/\/www.kasafik.cz\/web\/wp-json\/wp\/v2\/types\/product"}],"replies":[{"embeddable":true,"href":"https:\/\/www.kasafik.cz\/web\/wp-json\/wp\/v2\/comments?post=13144"}],"version-history":[{"count":8,"href":"https:\/\/www.kasafik.cz\/web\/wp-json\/wp\/v2\/product\/13144\/revisions"}],"predecessor-version":[{"id":18833,"href":"https:\/\/www.kasafik.cz\/web\/wp-json\/wp\/v2\/product\/13144\/revisions\/18833"}],"wp:featuredmedia":[{"embeddable":true,"href":"https:\/\/www.kasafik.cz\/web\/wp-json\/wp\/v2\/media\/18834"}],"wp:attachment":[{"href":"https:\/\/www.kasafik.cz\/web\/wp-json\/wp\/v2\/media?parent=13144"}],"wp:term":[{"taxonomy":"product_brand","embeddable":true,"href":"https:\/\/www.kasafik.cz\/web\/wp-json\/wp\/v2\/product_brand?post=13144"},{"taxonomy":"product_cat","embeddable":true,"href":"https:\/\/www.kasafik.cz\/web\/wp-json\/wp\/v2\/product_cat?post=13144"},{"taxonomy":"product_tag","embeddable":true,"href":"https:\/\/www.kasafik.cz\/web\/wp-json\/wp\/v2\/product_tag?post=13144"}],"curies":[{"name":"wp","href":"https:\/\/api.w.org\/{rel}","templated":true}]}}