{"id":8928,"date":"2019-07-02T15:01:11","date_gmt":"2019-07-02T15:01:11","guid":{"rendered":"https:\/\/origin.kasafik.cz\/web\/?page_id=8928"},"modified":"2019-09-11T10:58:20","modified_gmt":"2019-09-11T10:58:20","slug":"pokladnica-vrp","status":"publish","type":"page","link":"https:\/\/www.kasafik.cz\/web\/sk\/pokladnica-vrp\/","title":{"rendered":"Pokladnica VRP"},"content":{"rendered":"<div class=\"container-fluid wideimage\" style=\"background-image: url('\/web\/wp-content\/uploads\/2019\/07\/sunmi-v1-vrp-189.jpg'); background-size: cover;\">\n<div class=\"container\">\n<div class=\"row\">\n<div class=\"col-md-7 text-center\" style=\"padding-bottom: 3em;\">\n<h1 class=\"thin\" style=\"margin-top: 1em; font-size: 48px;\">KASA FIK <strong style=\"color: black; \">VRP<\/strong><\/h1>\n<h3 class=\"thin\" style=\"color: ; border-top: 1px solid #FF3F00; padding-top: 0.5em;\">Z\u00e1kladn\u00e9 rie\u0161enie pre mal\u00e9 prev\u00e1dzky. <\/h3>\n<h4 class=\"thin\" style=\"color: black; margin-top: 2em; line-height: 140%;\">Nekupujte k\u00f3pie, origin\u00e1l je len jeden. Pokladniciam KASA FIK u\u017e ver\u00ed viac ako 25&nbsp;000 podnikate\u013eov po celom svete. Presved\u010dte sa sami! <strong>Ako jedin\u00ed na trhu ru\u010d\u00edme za kvalitu a garantujeme vr\u00e1tenie pe\u0148az\u00ed do 14 dn\u00ed!<\/strong> Objedn\u00e1vajte u na\u0161ich <a href=\"\/web\/sk\/kasa-fik-kontakt\/\">partnerov v regi\u00f3noch<\/a> alebo na na\u0161om <a href=\"https:\/\/shop.kasafik.sk\/sk\/\"> e-shope.<\/a><\/h4>\n<\/p><\/div>\n<\/p><\/div>\n<\/p><\/div>\n<\/div>\n<div class=\"container-fluid\">\n<div>\n<div class=\"container\">\n<div class=\"row\">\n<div class=\"col-md-5\"><img decoding=\"async\" class=\"img-responsive\" style=\"margin-top: 40px;\" src=\"\/web\/wp-content\/uploads\/2019\/07\/vrp3.png\" alt=\"mobiln\u00e9 pokladnice VRP\" \/><\/div>\n<div class=\"col-md-7 text-center\" style=\"padding-bottom: 2em;\">\n<h2 class=\"thin\" style=\"margin-top: 1em; margin-bottom: 0.5em; border-bottom: 1px solid gray; \">Najjednoduch\u0161ie rie\u0161enie virtu\u00e1lnej pokladnice<\/h2>\n<ul class=\"list-unstyled materialcheck text-left\" style=\"border-top: 1px solid white; padding-top: 1.2em;\">\n<li><i class=\"material-icons\">chevron_right<\/i><span>Mobiln\u00e1 pokladnica ur\u010den\u00e1 pre eKasu<\/li>\n<li><i class=\"material-icons\">chevron_right<\/i><span>Aplik\u00e1cia VRP od Finan\u010dnej spr\u00e1vy SR<\/li>\n<li><i class=\"material-icons\">chevron_right<\/i><span>Ide\u00e1lne rie\u0161enie pre prev\u00e1dzky s mal\u00fdm po\u010dtom vystaven\u00fdch dokladov<\/li>\n<li><i class=\"material-icons\">chevron_right<\/i><span>Napojenie na virtu\u00e1lnu registra\u010dn\u00fa pokladnicu <\/li>\n<li><i class=\"material-icons\">chevron_right<\/i><span>Bez komplikovan\u00fdch in\u0161tal\u00e1ci\u00ed<\/li>\n<li><i class=\"material-icons\">chevron_right<\/i><span>Do 2000 polo\u017eiek<\/li>\n<li><i class=\"material-icons\">chevron_right<\/i><span>Neobmedzen\u00e9 mno\u017estvo vydan\u00fdch dokladov<\/li>\n<li><i class=\"material-icons\">chevron_right<\/i><span>Mo\u017enos\u0165 v\u00fdberu z dvoch typov uz\u00e1vierok<\/li>\n<li><i class=\"material-icons\">chevron_right<\/i><span>Zabudovan\u00e1 58 mm term\u00e1lna tla\u010diare\u0148<\/li>\n<li><i class=\"material-icons\">chevron_right<\/i><span>Vysokokapacitn\u00e1 bat\u00e9ria a\u017e na 7 dn\u00ed<\/li>\n<li><i class=\"material-icons\">chevron_right<\/i><span>Slot pre d\u00e1tov\u00fa kartu alebo pripojenie cez Wi-Fi<\/li>\n<li><i class=\"material-icons\">chevron_right<\/i><span> <a href=\"https:\/\/www.financnasprava.sk\/_img\/pfsedit\/Dokumenty_PFS\/Elektronicka_komunikacia\/Prirucky_navody\/VRP\/2019\/2019.06.27_eKasa_VRP_MRP_prir_Android.pdf\">Podrobn\u00fd manu\u00e1l k VRP<\/a>od Finan\u010dnej spr\u00e1vy<\/li>\n<\/ul><\/div>\n<\/p><\/div>\n<\/p><\/div>\n<\/p><\/div>\n<\/div>\n<p><!--more--><\/p>\n<div class=\"container-fluid\">\n<div class=\"row\">\n<div class=\"col-md-12\">\n<h2 class=\"thin text-center\" style=\"margin-top: 1em; margin-bottom: 0.5em; \">Zariadenie <strong>VRP<\/strong> ur\u010den\u00e9 pre mal\u00e9 prev\u00e1dzky <\/h2>\n<p>         <img decoding=\"async\" class=\"aligncenter size-full wp-image-3136 img-responsive\" style=\"margin-bottom: 4em; margin-top: 3em;\" src=\"\/web\/wp-content\/uploads\/2019\/07\/kforange-features-sk2.png\" alt=\"VRP a jej funkcie\" \/>\n      <\/div>\n<\/p><\/div>\n<\/div>\n<div class=\"container-fluid\" style=\"padding-top: 2em; padding-bottom: 2em; display: none;\">\n<div class=\"row\">\n<div class=\"col-md-7 text-center\">\n<h2 class=\"thin\" style=\"margin-top: 2em; font-size: 48px;\">Roz\u0161i\u0159te <strong class=\"orange\">ORANGE<\/strong> o mPOS platby<\/h2>\n<h3 class=\"thin\" style=\"border-top: 1px solid #FF3F00; padding-top: 0.5em;\">Nejlep\u0161\u00ed podm\u00ednky na trhu pro akceptaci karet<\/h3>\n<ul class=\"list-unstyled materialcheck text-left\" style=\"border-top: 1px solid white; padding-top: 1.2em;\">\n<li style=\"list-style-type: none\">\n<ul class=\"list-unstyled materialcheck text-left\" style=\"border-top: 1px solid white; padding-top: 1.2em;\">\n<li><i class=\"material-icons orange\">chevron_right<\/i><span>Akceptujte VISA, MASTERCARD i elektronick\u00e9 stravenky<\/li>\n<li><i class=\"material-icons orange\">chevron_right<\/i><span>Zvy\u0161te atraktivitu pro sv\u00e9 z\u00e1kazn\u00edky i pr\u016fm\u011brnou \u00fatratu<\/li>\n<li><i class=\"material-icons orange\">chevron_right<\/i><span>Detailn\u00ed report a sp\u00e1rov\u00e1n\u00ed s \u00fa\u010dtenkami<\/li>\n<li><i class=\"material-icons orange\">chevron_right<\/i><span>Transak\u010dn\u00ed poplatky podle obratu od 1.4% do 2.05%<\/li>\n<li><i class=\"material-icons orange\">chevron_right<\/i><span>Zap\u016fj\u010den\u00ed mPOS termin\u00e1lu Ingenico ZDARMA<\/li>\n<\/ul>\n<\/li>\n<\/ul><\/div>\n<div class=\"col-md-5 text-center\"><img fetchpriority=\"high\" decoding=\"async\" width=\"574\" height=\"460\" class=\"aligncenter size-full wp-image-1798 img-responsive\" src=\"\/web\/wp-content\/uploads\/2016\/08\/mpos-card2.png\" alt=\"mpos-card2\" alt=\"terminal mpos\" srcset=\"https:\/\/www.kasafik.cz\/web\/wp-content\/uploads\/2016\/08\/mpos-card2.png 574w, https:\/\/www.kasafik.cz\/web\/wp-content\/uploads\/2016\/08\/mpos-card2-300x240.png 300w\" sizes=\"(max-width: 574px) 100vw, 574px\" \/><\/div>\n<\/p><\/div>\n<\/div>\n<p><!--more--><\/p>\n<div class=\"container-fluid\" style=\"background-image: url('\/web\/wp-content\/uploads\/2019\/07\/desk-rain-raining-17738-1.jpg'); background-size: 100% auto; min-height: 260px; padding-bottom: 2em;\">\n<div class=\"container\">\n<div class=\"row\">\n<div class=\"col-md-8\" style=\"color: white;\">\n<h2 class=\"thin text-center\" style=\"margin-top: 1em; margin-bottom: 0.5em; font-size: 48px; color: white;\">Pohodlne vo Va\u0161ich ruk\u00e1ch<\/h2>\n<h3 class=\"thin\" style=\"margin-top: 1em; margin-bottom: 0.5em; color: white;\">Kde je mo\u017en\u00e9 pokladnicu <strong>VRP<\/strong> pou\u017ei\u0165:<\/h3>\n<ul class=\"list-unstyled materialcheck text-left\" style=\"border-top: 1px solid white; padding-top: 1.2em;\">\n<li><i class=\"material-icons\">chevron_right<\/i><span>Mal\u00e9 prev\u00e1dzky, ktor\u00e9 maj\u00fa p\u00e1r \u00fa\u010dteniek denne<\/li>\n<li><i class=\"material-icons\">chevron_right<\/i><span>Poskytovatelia slu\u017eieb &#8211; remeseln\u00edci, kadern\u00edctvo, taxik\u00e1ri, at\u010f.<\/li>\n<li><i class=\"material-icons\">chevron_right<\/i><span>Mal\u00ed \u017eivnostn\u00edci, ktor\u00fdm sta\u010d\u00ed z\u00e1kladn\u00e9 rie\u0161enie<\/li>\n<li><i class=\"material-icons\">chevron_right<\/i><span>St\u00e1nkov\u00fd predaj a r\u00fdchle ob\u010derstvenie<\/li>\n<li><i class=\"material-icons\">chevron_right<\/i><span>Predaj v ter\u00e9ne<\/li>\n<li><i class=\"material-icons\">chevron_right<\/i><span>Pri v\u00fdbere pokladnice V\u00e1m m\u00f4\u017ee pom\u00f4c\u0165 aj <a href=\"\/web\/sk\/2019\/09\/orp-a-vrp-aky-je-rozdiel-medzi-ekasa-pokladnicami\/\">n\u00e1\u0161 \u010dl\u00e1nok na blogu<\/a>, ktor\u00fd porovn\u00e1va jednotliv\u00e9 druhy pokladn\u00edc.<\/li>\n<\/ul><\/div>\n<\/p><\/div>\n<\/p><\/div>\n<\/div>\n<p><!--more--><\/p>\n<div class=\"container-fluid\">\n<div class=\"container\">\n<div class=\"row\">\n<div class=\"col-md-6\">\n<h2 class=\"thin\" style=\"margin-top: 2em; margin-bottom: 0.5em; border-bottom: 1px solid gray;\">Nastavenie na\u0161imi lok\u00e1lnymi partnermi po celej SR<\/h2>\n<p>            Pokladnicu si m\u00f4\u017eete k\u00fapi\u0165 online a nastavi\u0165 sami alebo m\u00f4\u017eete vyu\u017ei\u0165 sie\u0165 na\u0161ich lok\u00e1lnych servisn\u00fdch partnerov po celej SR. Nastavenie odborn\u00edkom zabezpe\u010d\u00ed 100% s\u00falad so z\u00e1konom &#8211; od spr\u00e1vneho nahrania certifik\u00e1tov, importu polo\u017eiek, prev\u00e1dzky vzdialenej spr\u00e1vy, a\u017e po nastavenie \u00fa\u010dtenky pod\u013ea z\u00e1kona o ERP aj pre SOI.\n         <\/p><\/div>\n<div class=\"col-md-6\">\n<h2 class=\"thin\" style=\"margin-top: 2em; margin-bottom: 0.5em; border-bottom: 1px solid gray;\">Kde sa hod\u00ed pokladnica VRP?<\/h2>\n<p>            VRP pokladnica spln\u00ed Va\u0161u povinnos\u0165 eKasa. Hod\u00ed sa do prev\u00e1dzok, ktor\u00e9 vystavia iba nieko\u013eko kusov blo\u010dkov za de\u0148, kde nepotrebujete v\u00e4\u010d\u0161ie mno\u017estvo polo\u017eiek, ani platobn\u00fd termin\u00e1l. Najz\u00e1kladnej\u0161\u00edm rie\u0161en\u00edm je pokladnica VRP. Potrebn\u00e9 nie s\u00fa ani in\u0161tal\u00e1cie, ani servis. Iba sa pripoj\u00edte pomocou Va\u0161ich prihlasovac\u00edch \u00fadajov, ktor\u00e9 V\u00e1m zaslala Finan\u010dn\u00e1 spr\u00e1va.\n         <\/p><\/div>\n<\/p><\/div>\n<\/p><\/div>\n<\/div>\n<div class=\"container\">\n<div class=\"row\">\n<style>\n         #pricingtable li{\n         line-height: 32px;\n         }\n      <\/style>\n<div class=\"col-md-6\">\n<table id=\"pricingtable\" class=\"table\" style=\"margin-top: 2em;\">\n<tbody>\n<tr>\n<td>\n<h3>Ak\u010dn\u00e1 ponuka: KASA FIK mobiln\u00e9 zariadenie s aplik\u00e1ciou VRP<\/h3>\n<\/td>\n<\/tr>\n<tr>\n<td>\n                     <strong>Bal\u00ed\u010dek KASA FIK VRP<\/strong><\/p>\n<ul class=\"list-unstyled\">\n<li><i class=\"material-icons orange\">chevron_right<\/i><span>Pokladnica s 5.5&#8242; dotykovou obrazovkou, mobiln\u00fdm d\u00e1tov\u00fdm pripojen\u00edm, WiFi a Bluetooth<\/li>\n<li><i class=\"material-icons orange\">chevron_right<\/i><span>Bat\u00e9ria s v\u00fddr\u017eou a\u017e na 7 dn\u00ed<\/li>\n<li><i class=\"material-icons orange\">chevron_right<\/i><span>Ofici\u00e1lna pokladni\u010dn\u00e1 aplik\u00e1cia VRP od Finan\u010dnej spr\u00e1vy<\/li>\n<li><i class=\"material-icons orange\">chevron_right<\/i><span>Garancia legislat\u00edvnej pripravenosti<\/li>\n<li><i class=\"material-icons orange\">chevron_right<\/i><span>Technick\u00e1 podpora na online chate<\/li>\n<li><i class=\"material-icons orange\">chevron_right<\/i><span>Pokladni\u010dn\u00fd kot\u00fa\u010dik na za\u010diatok &#8211; a\u017e 500 \u00fa\u010dteniek<\/li>\n<li><i class=\"material-icons orange\">chevron_right<\/i><span> <a href=\"https:\/\/www.financnasprava.sk\/_img\/pfsedit\/Dokumenty_PFS\/Elektronicka_komunikacia\/Prirucky_navody\/VRP\/2019\/2019.06.27_eKasa_VRP_MRP_prir_Android.pdf\">Podrobn\u00fd manu\u00e1l k VRP<\/a>od Finan\u010dnej spr\u00e1vy <\/li>\n<\/ul>\n<\/td>\n<\/tr>\n<\/tbody>\n<\/table><\/div>\n<div class=\"col-md-6\">\n      <\/div>\n<\/p><\/div>\n<div class=\"row\">\n<div class=\"col-md-12\">\n<div class=\"text-right\">\n<h3 class=\"thin price-new\">\n<p><em>Cena bez DPH<\/em><\/p>\n<p>               <mark><strong>189 \u20ac<\/strong><\/mark><br \/>\n            <\/h3>\n<\/p><\/div>\n<\/p><\/div>\n<\/p><\/div>\n<\/div>\n<div class=\"container\">\n<div class=\"row text-center\">\n<div class=\"col-md-12 btn-group btn-group-lg\"><a class=\"btn btn-warning btn-lg line pull-right\" style=\"margin-left: 10px;\" href=\"https:\/\/shop.kasafik.sk\/sk\/pokladni%C4%8Dn%C3%A9-bal%C3%AD%C4%8Dky-a-sety\/132-kasa-fik-orange-vrp.html\">K\u00fapi\u0165 Online<\/a><a class=\"btn btn-info btn-lg line pull-right\" style=\"margin-left: 10px;\" href=\"\/web\/sk\/kasa-fik-kontakt\/\">VYH\u013dADA\u0164 POBO\u010cKU<\/a><button id=\"orange-bottom-large\" class=\"btn btn-success btn-lg line chat-online pull-right\"><i class=\"material-icons\" style=\"margin-right: 8px; font-size: 18px;\">message<\/i>ONLINE CHAT SO \u0160PECIALISTOM<\/button><\/div>\n<\/p><\/div>\n<\/div>\n","protected":false},"excerpt":{"rendered":"<p>KASA FIK VRP Z\u00e1kladn\u00e9 rie\u0161enie pre mal\u00e9 prev\u00e1dzky. Nekupujte k\u00f3pie, origin\u00e1l je len jeden. Pokladniciam KASA FIK u\u017e ver\u00ed viac ako 25&nbsp;000 podnikate\u013eov po celom svete. Presved\u010dte sa sami! Ako jedin\u00ed na trhu ru\u010d\u00edme za kvalitu a garantujeme vr\u00e1tenie pe\u0148az\u00ed do 14 dn\u00ed! Objedn\u00e1vajte u na\u0161ich partnerov v regi\u00f3noch alebo na na\u0161om e-shope. Najjednoduch\u0161ie rie\u0161enie [&hellip;]<\/p>\n","protected":false},"author":8,"featured_media":0,"parent":0,"menu_order":0,"comment_status":"closed","ping_status":"closed","template":"page-templates\/full-width-notop-margin.php","meta":{"footnotes":""},"class_list":["post-8928","page","type-page","status-publish","hentry"],"yoast_head":"<!-- This site is optimized with the Yoast SEO plugin v27.4 - https:\/\/yoast.com\/product\/yoast-seo-wordpress\/ -->\n<title>VRP pokladnica - Jednoduch\u00e9 rie\u0161enie od KASA FIK<\/title>\n<meta name=\"description\" content=\"Pokladnica VRP je ide\u00e1lnym rie\u0161en\u00edm pre mal\u00e9 prev\u00e1dzky. Mobiln\u00e9 zariadenie, 5.5&#039; dotykov\u00fd displej, zabudovan\u00e1 tla\u010diare\u0148. VRP od KASA FIK m\u00e1te len za 189\u20ac.\" \/>\n<meta name=\"robots\" content=\"index, follow, max-snippet:-1, max-image-preview:large, max-video-preview:-1\" \/>\n<link rel=\"canonical\" href=\"https:\/\/www.kasafik.cz\/web\/sk\/pokladnica-vrp\/\" \/>\n<meta property=\"og:locale\" content=\"cs_CZ\" \/>\n<meta property=\"og:type\" content=\"article\" \/>\n<meta property=\"og:title\" content=\"VRP pokladnica - Jednoduch\u00e9 rie\u0161enie od KASA FIK\" \/>\n<meta property=\"og:description\" content=\"Pokladnica VRP je ide\u00e1lnym rie\u0161en\u00edm pre mal\u00e9 prev\u00e1dzky. Mobiln\u00e9 zariadenie, 5.5&#039; dotykov\u00fd displej, zabudovan\u00e1 tla\u010diare\u0148. VRP od KASA FIK m\u00e1te len za 189\u20ac.\" \/>\n<meta property=\"og:url\" content=\"https:\/\/www.kasafik.cz\/web\/sk\/pokladnica-vrp\/\" \/>\n<meta property=\"og:site_name\" content=\"KASA FIK\" \/>\n<meta property=\"article:modified_time\" content=\"2019-09-11T10:58:20+00:00\" \/>\n<meta name=\"twitter:card\" content=\"summary_large_image\" \/>\n<meta name=\"twitter:label1\" content=\"Odhadovan\u00e1 doba \u010dten\u00ed\" \/>\n\t<meta name=\"twitter:data1\" content=\"3 minuty\" \/>\n<script type=\"application\/ld+json\" class=\"yoast-schema-graph\">{\"@context\":\"https:\\\/\\\/schema.org\",\"@graph\":[{\"@type\":\"WebPage\",\"@id\":\"https:\\\/\\\/www.kasafik.cz\\\/web\\\/sk\\\/pokladnica-vrp\\\/\",\"url\":\"https:\\\/\\\/www.kasafik.cz\\\/web\\\/sk\\\/pokladnica-vrp\\\/\",\"name\":\"VRP pokladnica - Jednoduch\u00e9 rie\u0161enie od KASA FIK\",\"isPartOf\":{\"@id\":\"https:\\\/\\\/www.kasafik.cz\\\/web\\\/#website\"},\"datePublished\":\"2019-07-02T15:01:11+00:00\",\"dateModified\":\"2019-09-11T10:58:20+00:00\",\"description\":\"Pokladnica VRP je ide\u00e1lnym rie\u0161en\u00edm pre mal\u00e9 prev\u00e1dzky. Mobiln\u00e9 zariadenie, 5.5' dotykov\u00fd displej, zabudovan\u00e1 tla\u010diare\u0148. VRP od KASA FIK m\u00e1te len za 189\u20ac.\",\"breadcrumb\":{\"@id\":\"https:\\\/\\\/www.kasafik.cz\\\/web\\\/sk\\\/pokladnica-vrp\\\/#breadcrumb\"},\"inLanguage\":\"cs\",\"potentialAction\":[{\"@type\":\"ReadAction\",\"target\":[\"https:\\\/\\\/www.kasafik.cz\\\/web\\\/sk\\\/pokladnica-vrp\\\/\"]}]},{\"@type\":\"BreadcrumbList\",\"@id\":\"https:\\\/\\\/www.kasafik.cz\\\/web\\\/sk\\\/pokladnica-vrp\\\/#breadcrumb\",\"itemListElement\":[{\"@type\":\"ListItem\",\"position\":1,\"name\":\"Home\",\"item\":\"https:\\\/\\\/origin.kasafik.cz\\\/web\\\/cs\\\/\"},{\"@type\":\"ListItem\",\"position\":2,\"name\":\"Pokladnica VRP\"}]},{\"@type\":\"WebSite\",\"@id\":\"https:\\\/\\\/www.kasafik.cz\\\/web\\\/#website\",\"url\":\"https:\\\/\\\/www.kasafik.cz\\\/web\\\/\",\"name\":\"KASA FIK\",\"description\":\"\",\"potentialAction\":[{\"@type\":\"SearchAction\",\"target\":{\"@type\":\"EntryPoint\",\"urlTemplate\":\"https:\\\/\\\/www.kasafik.cz\\\/web\\\/?s={search_term_string}\"},\"query-input\":{\"@type\":\"PropertyValueSpecification\",\"valueRequired\":true,\"valueName\":\"search_term_string\"}}],\"inLanguage\":\"cs\"}]}<\/script>\n<!-- \/ Yoast SEO plugin. -->","yoast_head_json":{"title":"VRP pokladnica - Jednoduch\u00e9 rie\u0161enie od KASA FIK","description":"Pokladnica VRP je ide\u00e1lnym rie\u0161en\u00edm pre mal\u00e9 prev\u00e1dzky. Mobiln\u00e9 zariadenie, 5.5' dotykov\u00fd displej, zabudovan\u00e1 tla\u010diare\u0148. VRP od KASA FIK m\u00e1te len za 189\u20ac.","robots":{"index":"index","follow":"follow","max-snippet":"max-snippet:-1","max-image-preview":"max-image-preview:large","max-video-preview":"max-video-preview:-1"},"canonical":"https:\/\/www.kasafik.cz\/web\/sk\/pokladnica-vrp\/","og_locale":"cs_CZ","og_type":"article","og_title":"VRP pokladnica - Jednoduch\u00e9 rie\u0161enie od KASA FIK","og_description":"Pokladnica VRP je ide\u00e1lnym rie\u0161en\u00edm pre mal\u00e9 prev\u00e1dzky. Mobiln\u00e9 zariadenie, 5.5' dotykov\u00fd displej, zabudovan\u00e1 tla\u010diare\u0148. VRP od KASA FIK m\u00e1te len za 189\u20ac.","og_url":"https:\/\/www.kasafik.cz\/web\/sk\/pokladnica-vrp\/","og_site_name":"KASA FIK","article_modified_time":"2019-09-11T10:58:20+00:00","twitter_card":"summary_large_image","twitter_misc":{"Odhadovan\u00e1 doba \u010dten\u00ed":"3 minuty"},"schema":{"@context":"https:\/\/schema.org","@graph":[{"@type":"WebPage","@id":"https:\/\/www.kasafik.cz\/web\/sk\/pokladnica-vrp\/","url":"https:\/\/www.kasafik.cz\/web\/sk\/pokladnica-vrp\/","name":"VRP pokladnica - Jednoduch\u00e9 rie\u0161enie od KASA FIK","isPartOf":{"@id":"https:\/\/www.kasafik.cz\/web\/#website"},"datePublished":"2019-07-02T15:01:11+00:00","dateModified":"2019-09-11T10:58:20+00:00","description":"Pokladnica VRP je ide\u00e1lnym rie\u0161en\u00edm pre mal\u00e9 prev\u00e1dzky. Mobiln\u00e9 zariadenie, 5.5' dotykov\u00fd displej, zabudovan\u00e1 tla\u010diare\u0148. VRP od KASA FIK m\u00e1te len za 189\u20ac.","breadcrumb":{"@id":"https:\/\/www.kasafik.cz\/web\/sk\/pokladnica-vrp\/#breadcrumb"},"inLanguage":"cs","potentialAction":[{"@type":"ReadAction","target":["https:\/\/www.kasafik.cz\/web\/sk\/pokladnica-vrp\/"]}]},{"@type":"BreadcrumbList","@id":"https:\/\/www.kasafik.cz\/web\/sk\/pokladnica-vrp\/#breadcrumb","itemListElement":[{"@type":"ListItem","position":1,"name":"Home","item":"https:\/\/origin.kasafik.cz\/web\/cs\/"},{"@type":"ListItem","position":2,"name":"Pokladnica VRP"}]},{"@type":"WebSite","@id":"https:\/\/www.kasafik.cz\/web\/#website","url":"https:\/\/www.kasafik.cz\/web\/","name":"KASA FIK","description":"","potentialAction":[{"@type":"SearchAction","target":{"@type":"EntryPoint","urlTemplate":"https:\/\/www.kasafik.cz\/web\/?s={search_term_string}"},"query-input":{"@type":"PropertyValueSpecification","valueRequired":true,"valueName":"search_term_string"}}],"inLanguage":"cs"}]}},"jetpack_sharing_enabled":true,"_links":{"self":[{"href":"https:\/\/www.kasafik.cz\/web\/wp-json\/wp\/v2\/pages\/8928","targetHints":{"allow":["GET"]}}],"collection":[{"href":"https:\/\/www.kasafik.cz\/web\/wp-json\/wp\/v2\/pages"}],"about":[{"href":"https:\/\/www.kasafik.cz\/web\/wp-json\/wp\/v2\/types\/page"}],"author":[{"embeddable":true,"href":"https:\/\/www.kasafik.cz\/web\/wp-json\/wp\/v2\/users\/8"}],"replies":[{"embeddable":true,"href":"https:\/\/www.kasafik.cz\/web\/wp-json\/wp\/v2\/comments?post=8928"}],"version-history":[{"count":15,"href":"https:\/\/www.kasafik.cz\/web\/wp-json\/wp\/v2\/pages\/8928\/revisions"}],"predecessor-version":[{"id":9438,"href":"https:\/\/www.kasafik.cz\/web\/wp-json\/wp\/v2\/pages\/8928\/revisions\/9438"}],"wp:attachment":[{"href":"https:\/\/www.kasafik.cz\/web\/wp-json\/wp\/v2\/media?parent=8928"}],"curies":[{"name":"wp","href":"https:\/\/api.w.org\/{rel}","templated":true}]}}