{"id":8693,"date":"2019-05-19T16:26:29","date_gmt":"2019-05-19T16:26:29","guid":{"rendered":"https:\/\/origin.kasafik.cz\/web\/?page_id=8693"},"modified":"2020-11-24T15:59:28","modified_gmt":"2020-11-24T15:59:28","slug":"kasa-fik-premium","status":"publish","type":"page","link":"https:\/\/www.kasafik.cz\/web\/sk\/kasa-fik-premium\/","title":{"rendered":"Funkcie KASA FIK PREMIUM"},"content":{"rendered":"<style>\n   .fboxes .fbox > div{\n   background-color: white;\n   margin: 10px;\n   padding: 30px 30px 15px;\n   min-height: 230px;\n   box-shadow: 0 4px 8px rgba(0,0,0,.12);\n   }\n.fboxo > div{\n   background-color: #F19648;\n   margin: 10px;\n   padding: 30px 30px 15px;\n   min-height: 230px;\n   box-shadow: 0 4px 8px rgba(0,0,0,.12);\n   .fboxes h4{\n   font-weight: 500;\n   }\n   .entry section.container-fluid{\n   background-color: #eaeaea;\n   padding-top: 2em;\n   padding-bottom: 2em;\n   }\n<\/style>\n<section class=\"container-fluid\" style=\"background-size: cover; background-repeat: no-repeat; background-position: right top; background-image: url(\/web\/wp-content\/uploads\/2019\/05\/kasa-fik-sk-header.png); min-height: 400px; padding-top: 120px;\">\n<div class=\"container\">\n<h1 class=\"thin text-center\">Funkcie KASA FIK PREMIUM<\/h1>\n<div class=\"row\">\n<div class=\"col-md-7 text-center\">\n<p>KASA FIK PREMIUM nie je iba software. Jedn\u00e1 se o s\u00fabor slu\u017eieb, ktor\u00e9 zjednodu\u0161ia a vylep\u0161ia Va\u0161e podnikanie. S na\u0161imi pokladnicami m\u00e1te viac \u010dasu na z\u00e1kazn\u00edka, viac inform\u00e1ci\u00ed o predaji a lep\u0161ie reagujete na dopyt. Vyu\u017eite vzdialen\u00fa spr\u00e1vu pokladn\u00edc, skladov\u00e9 hospod\u00e1rstvo, anal\u00fdzy \u010di grafick\u00fa mapu stolov. S\u00fa\u010das\u0165ou je aj elegantn\u00fd <a href=\"\/web\/sk\/platobny-terminal-sumup\/\">platobn\u00fd termin\u00e1l SumUp<\/a>. To v\u0161ak nie je v\u0161etko. <\/p>\n<\/p><\/div>\n<\/p><\/div>\n<\/p><\/div>\n<\/section>\n<section class=\"container-fluid\">\n<h2 class=\"thin text-center\" style=\"margin: 2em;\">Pr\u00e9miov\u00e1 spo\u013eahlivos\u0165<\/h2>\n<section class=\"container fboxes\" style=\"\">\n<div class=\"row\">\n<div class=\"col-md-4 fboxo\" style=\"\">\n<div>\n<h4>Na\u0161a podpora kdeko\u013evek potrebujete<\/h4>\n<p>S predplatn\u00fdm KASA FIK PREMIUM z\u00edskate priamy kontakt na technick\u00fa podporu. Na\u0161i experti maj\u00fa roky sk\u00fasenost\u00ed a vedia pokladnicu spr\u00e1vne nastavi\u0165 aj na dia\u013eku. Nikdy V\u00e1s nenech\u00e1me \u010daka\u0165.<\/p>\n<\/p><\/div>\n<\/p><\/div>\n<div class=\"col-md-4 fbox\">\n<div>\n<h4>Nov\u00e9 zariadenie do 24 hod\u00edn<\/h4>\n<p>V pr\u00edpade v\u00fdpadku zais\u0165ujeme zaslanie zariadenia do 24 hod\u00edn od nahl\u00e1senia. Vyhnete sa tak v\u00fdpadku a obnov\u00edte prev\u00e1dzku do 48 hod\u00edn, ako naria\u010fuje z\u00e1kon.<\/p>\n<\/p><\/div>\n<\/p><\/div>\n<div class=\"col-md-4 fboxo\">\n<div>\n<h4>Z\u00e1lohujete d\u00e1ta online<\/h4>\n<p>Nikdy nepr\u00eddete o d\u00e1ta. V pr\u00edpade potreby za V\u00e1m automaticky z\u00e1lohujeme a obnovujeme d\u00e1ta. Prechod na nov\u00e9 zariadenie je ot\u00e1zka min\u00fat.<\/p>\n<\/p><\/div>\n<\/p><\/div>\n<\/p><\/div>\n<\/section>\n<h2 class=\"thin text-center\" style=\"margin: 2em;\">Objedn\u00e1vajte<\/h2>\n<section class=\"container fboxes\" style=\"\">\n<div class=\"row\">\n<div class=\"col-md-4 fbox\">\n<div>\n<h4>Tla\u010dte do kuchyne<\/h4>\n<p>A nie len to. Zr\u00fdchlite svoju obsluhu vytla\u010den\u00edm objedn\u00e1vky priamo do kuchyne alebo na bar. N\u00e1sledne m\u00f4\u017eete pomocou \u010d\u00edsla vyvola\u0165 alebo obsl\u00fa\u017ei\u0165 hos\u0165a pri stole. <\/p>\n<\/p><\/div>\n<\/p><\/div>\n<div class=\"col-md-4 fboxo\">\n<div>\n<h4>Ulo\u017ete objedn\u00e1vku na mapu stolov<\/h4>\n<p>Mapa stolov V\u00e1m umo\u017e\u0148uje s objedn\u00e1vkou \u010falej pracova\u0165. Nielen v re\u0161taur\u00e1ci\u00e1ch, ale aj v ubytovac\u00edch zariadeniach m\u00f4\u017eete vies\u0165 ulo\u017een\u00e9 objedn\u00e1vky a z\u00fa\u010dtova\u0165 ich nesk\u00f4r.<\/p>\n<\/p><\/div>\n<\/p><\/div>\n<div class=\"col-md-4 fbox\">\n<div>\n<h4>\u010c\u00edta\u010dka \u010diarov\u00fdch k\u00f3dov<\/h4>\n<p>Naskenujte r\u00fdchlo pri predaji polo\u017eku pod\u013ea \u010diarov\u00e9ho k\u00f3du alebo vyu\u017eite v\u00e1hov\u00fd EAN pre v\u00fdpo\u010det ceny. R\u00fdchlo tak na\u010d\u00edtate aktu\u00e1lnu cenu aj polo\u017eku bez h\u013eadania.<\/p>\n<\/p><\/div>\n<\/p><\/div>\n<div class=\"col-md-4 fboxo\">\n<div>\n<h4>Vyvol\u00e1vajte objedn\u00e1vku pod\u013ea \u010d\u00edsla<\/h4>\n<p>Vyvolajte z\u00e1kazn\u00edka pod\u013ea \u010d\u00edsla hne\u010f, ako je jeho objedn\u00e1vka pripraven\u00e1.<\/p>\n<\/p><\/div>\n<\/p><\/div>\n<div class=\"col-md-4 fbox\">\n<div>\n<h4>Vystavte super-r\u00fdchlu objedn\u00e1vku<\/h4>\n<p>Nastavte si pokladnicu do re\u017eimu r\u00fdchleho platenia. Po stla\u010den\u00ed zaplati\u0165 sa u\u017e syst\u00e9m na ni\u010d nep\u00fdta a rovno tla\u010d\u00ed \u00fa\u010dtenku.<\/p>\n<\/p><\/div>\n<\/p><\/div>\n<div class=\"col-md-4 fboxo\">\n<div>\n<h4>Rozde\u013eujte \u00fa\u010dty<\/h4>\n<p>Ak m\u00e1te pri stole viacero z\u00e1kazn\u00edkov a ka\u017ed\u00fd z nich chce zaplati\u0165 zvl\u00e1\u0161\u0165, nie je to najmen\u0161\u00ed probl\u00e9m. \u00da\u010det jednoducho rozdel\u00edte pre ka\u017ed\u00e9ho.<\/p>\n<\/p><\/div>\n<\/p><\/div>\n<\/p><\/div>\n<\/section>\n<h2 class=\"thin text-center\" style=\"margin: 2em;\">Zjednodu\u0161ujte<\/h2>\n<section class=\"container fboxes\" style=\"\">\n<div class=\"row\">\n<div class=\"col-md-4 fbox\">\n<div>\n<h4>Zavedenie pokladnice<\/h4>\n<p>Ak si neviete poradi\u0165 s uveden\u00edm pokladnice do prev\u00e1dzky, vybav\u00edme to za V\u00e1s. V\u0161etko priprav\u00edme a nastav\u00edme a Vy u\u017e len za\u010dnete pou\u017e\u00edva\u0165.<\/p>\n<\/p><\/div>\n<\/p><\/div>\n<div class=\"col-md-4 fboxo\">\n<div>\n<h4>Vzdialen\u00e1 spr\u00e1va<\/h4>\n<p>Ak chcete ma\u0165 svoju pokladnicu pod kontrolou a spravova\u0165 ju z ak\u00e9hoko\u013evek PC, pom\u00f4\u017eeme V\u00e1m s t\u00fdm. Vzdialen\u00fa spr\u00e1vu V\u00e1m nastav\u00edme.<\/p>\n<\/p><\/div>\n<\/p><\/div>\n<div class=\"col-md-4 fbox\">\n<div>\n<h4>Rozli\u0161ujte formy platby<\/h4>\n<p>Hotovos\u0165, platobn\u00e1 karta, stravenky \u010di poukazy. To v\u0161etko Va\u0161a pokladnica zvl\u00e1dne. Vyu\u017e\u00edvajte r\u00f4zne formy platieb, uk\u00e1\u017eeme V\u00e1m ako.<\/p>\n<\/p><\/div>\n<\/p><\/div>\n<div class=\"col-md-4 fboxo\">\n<div>\n<h4>Posielajte elektronick\u00e9 doklady<\/h4>\n<p>Doklad m\u00f4\u017eete zasla\u0165 aj jedin\u00fdm klikom elektronicky. \u0160etr\u00edte pr\u00edrodu a naviac sledujete z\u00e1kazn\u00edka a jeho hist\u00f3riu n\u00e1kupov.<\/p>\n<\/p><\/div>\n<\/p><\/div>\n<div class=\"col-md-4 fbox\">\n<div>\n<h4>Napojte sa na z\u00e1kazn\u00edcke karty alebo \u010dipy<\/h4>\n<p>Prev\u00e1dzkujete bufet alebo miesto, kde \u00fa\u010dtujete z\u00e1kazn\u00edkom nesk\u00f4r? S \u010dipov\u00fdmi kartami im na\u010d\u00edtate \u00fatratu a vy\u00fa\u010dtovanie je potom jednoduch\u00e9, jednin\u00fdm klikom.<\/p>\n<\/p><\/div>\n<\/p><\/div>\n<\/p><\/div>\n<\/section>\n<h2 class=\"thin text-center\" style=\"margin: 2em;\">Zvy\u0161ujte tr\u017eby<\/h2>\n<section class=\"container fboxes\" style=\"\">\n<div class=\"row\">\n<div class=\"col-md-4 fboxo\">\n<div>\n<h4>Prepojte v\u0161etko s platobn\u00fdm termin\u00e1lom<\/h4>\n<p>Pokladnica a k nej napojen\u00fd platobn\u00fd termin\u00e1l. R\u00fdchlo a jednoducho, bez zbyto\u010dn\u00e9ho zdr\u017eiavania. Garantovan\u00e9 nav\u00fd\u0161enie tr\u017eieb. <\/p>\n<\/p><\/div>\n<\/p><\/div>\n<div class=\"col-md-4 fbox\">\n<div>\n<h4>Evidujte z\u00e1kazn\u00edkov<\/h4>\n<p>Majte preh\u013ead komu pred\u00e1vate. Ka\u017ed\u00e9ho z\u00e1kazn\u00edka evidujte v Backoffice a vyhodnocujte, ktor\u00fd je pre V\u00e1s najviac pr\u00ednosn\u00fd a \u010do nakupuje.<\/p>\n<\/p><\/div>\n<\/p><\/div>\n<div class=\"col-md-4 fboxo\">\n<div>\n<h4>Zobrazujte podobn\u00e9 polo\u017eky<\/h4>\n<p>Vyexportujte si zoznam spolo\u010dne pred\u00e1van\u00fdch polo\u017eiek a odporu\u010dte z\u00e1kazn\u00edkom ide\u00e1lne kombin\u00e1cie ku zv\u00fd\u0161eniu tr\u017eieb. D\u00e1ta s\u00fa dostupn\u00e9 z Backoffice a pravidelne aktualizovan\u00e9.<\/p>\n<\/p><\/div>\n<\/p><\/div>\n<\/p><\/div>\n<\/section>\n<h2 class=\"thin text-center\" style=\"margin: 2em;\">Majte preh\u013ead nad pokladnicou online v Backoffice<\/h2>\n<section class=\"container fboxes\" style=\"\">\n<div class=\"row\">\n<div class=\"col-md-4 fbox\">\n<div>\n<h4>Evidujte detaily o ka\u017edej \u00fa\u010dtenke<\/h4>\n<p>Na ka\u017edej \u00fa\u010dtenke uvid\u00edte d\u00e1tum, \u010das a v\u0161etky legislat\u00edvne n\u00e1le\u017eitosti. Okrem toho si na \u00fa\u010dtenku m\u00f4\u017eete prida\u0165 aj Va\u0161e logo.<\/p>\n<\/p><\/div>\n<\/p><\/div>\n<div class=\"col-md-4 fboxo\">\n<div>\n<h4>Archivujte v\u0161etky uz\u00e1vierky pre \u00fa\u010dtovn\u00edkov<\/h4>\n<p>KASA FIK PREMIUM pom\u00e1ha aj pri \u00fa\u010dtovn\u00edctve. Preh\u013eady \u010di analytiky, v\u0161etko je mo\u017en\u00e9 jednoducho exportova\u0165 a preda\u0165 Va\u0161im \u00fa\u010dtovn\u00edkom.<\/p>\n<\/p><\/div>\n<\/p><\/div>\n<div class=\"col-md-4 fbox\">\n<div>\n<h4>Zobrazujte pokro\u010dil\u00fa analytiku<\/h4>\n<p>S nami uvid\u00edte mnoho analytiky, ktor\u00e1 V\u00e1m pom\u00f4\u017ee vo Va\u0161ich \u010fal\u0161\u00edch biznis rozhodnutiach. Zist\u00edte, \u010do je pre Va\u0161e podnikanie pr\u00ednosn\u00e9 a \u010do sa V\u00e1m najlep\u0161ie vypl\u00e1ca.<\/p>\n<\/p><\/div>\n<\/p><\/div>\n<div class=\"col-md-4 fboxo\">\n<div>\n<h4>Zaist\u00edte preh\u013ead predaja pod\u013ea zamestnancov<\/h4>\n<p>Predaje V\u00e1m pom\u00f4\u017eeme zoradi\u0165 pod\u013ea Va\u0161ich zamestnancov. Uvid\u00edte, ktor\u00fd zamestnanec je najprodukt\u00edvnej\u0161\u00ed, ktor\u00fd V\u00e1m prin\u00e1\u0161a najvy\u0161\u0161ie tr\u017eby alebo ktor\u00e9 polo\u017eky pred\u00e1va.<\/p>\n<\/p><\/div>\n<\/p><\/div>\n<div class=\"col-md-4 fbox\">\n<div>\n<h4>Vyhodnocujte doch\u00e1dzku<\/h4>\n<p>Pod doh\u013eadom V\u00e1m podr\u017e\u00edme v\u0161etk\u00fdch Va\u0161ich zamestnancov. M\u00f4\u017eete napr\u00edklad jednoducho evidova\u0165 ich doch\u00e1dzku pomocou prihlasovania do syst\u00e9mu.<\/p>\n<\/p><\/div>\n<\/p><\/div>\n<div class=\"col-md-4 fboxo\">\n<div>\n<h4>Porovn\u00e1vajte Va\u0161e predaje a zobrazujte upozornenia<\/h4>\n<p>Pom\u00f4\u017eeme s Va\u0161imi strategick\u00fdmi podnikate\u013esk\u00fdmi rozhodnutiami. Uvid\u00edte, ktor\u00e9 polo\u017eky V\u00e1m prin\u00e1\u0161aj\u00fa najvy\u0161\u0161\u00ed zisk a upozorn\u00edme V\u00e1s na to. <\/p>\n<\/p><\/div>\n<\/p><\/div>\n<div class=\"col-md-4 fbox\">\n<div>\n<h4>Exportujte d\u00e1ta<\/h4>\n<p>V\u0161etky Va\u0161e \u00fadaje si jednoducho viete vyexportova\u0165 napr\u00edklad do Excelu. U\u013eah\u010dujeme V\u00e1m pr\u00e1cu s d\u00e1tami a v\u0161etka Va\u0161a snaha sa zefekt\u00edvni.<\/p>\n<\/p><\/div>\n<\/p><\/div>\n<div class=\"col-md-4 fboxo\">\n<div>\n<h4>Prepojte sa s \u00fa\u010dtovn\u00fdm programom<\/h4>\n<p>Exportovan\u00e9 d\u00e1ta sa daj\u00fa jednoducho zavies\u0165 do V\u00e1\u0161ho \u00fa\u010dtovn\u00e9ho programu. \u017diadne ru\u010dn\u00e9 prepisovanie \u010di zd\u013ahav\u00e9 evidovanie.<\/p>\n<\/p><\/div>\n<\/p><\/div>\n<div class=\"col-md-4 fbox\">\n<div>\n<h4>Mnoho \u010fal\u0161\u00edch funkci\u00ed&#8230;<\/h4>\n<p>KASA FIK PREMIUM V\u00e1m pon\u00faka mnoho \u010fal\u0161\u00edch u\u017eito\u010dn\u00fdch funkci\u00ed. Ak chcete vedie\u0165, ak\u00e9 \u010fal\u0161ie v\u00fdhody V\u00e1m PREMIUM prin\u00e1\u0161a, pozrite sa na <a href=\" \/web\/sk\/porovnanie-verzii-kasa-fik\/\">\u010fal\u0161ie funkcie<\/a>. <\/p>\n<\/p><\/div>\n<\/p><\/div>\n<\/p><\/div>\n<\/section>\n<\/section>\n","protected":false},"excerpt":{"rendered":"<p>Funkcie KASA FIK PREMIUM KASA FIK PREMIUM nie je iba software. Jedn\u00e1 se o s\u00fabor slu\u017eieb, ktor\u00e9 zjednodu\u0161ia a vylep\u0161ia Va\u0161e podnikanie. S na\u0161imi pokladnicami m\u00e1te viac \u010dasu na z\u00e1kazn\u00edka, viac inform\u00e1ci\u00ed o predaji a lep\u0161ie reagujete na dopyt. Vyu\u017eite vzdialen\u00fa spr\u00e1vu pokladn\u00edc, skladov\u00e9 hospod\u00e1rstvo, anal\u00fdzy \u010di grafick\u00fa mapu stolov. S\u00fa\u010das\u0165ou je aj elegantn\u00fd platobn\u00fd [&hellip;]<\/p>\n","protected":false},"author":1,"featured_media":0,"parent":0,"menu_order":0,"comment_status":"closed","ping_status":"closed","template":"page-templates\/full-width-notop-margin.php","meta":{"footnotes":""},"class_list":["post-8693","page","type-page","status-publish","hentry"],"yoast_head":"<!-- This site is optimized with the Yoast SEO plugin v27.4 - https:\/\/yoast.com\/product\/yoast-seo-wordpress\/ -->\n<title>KASA FIK Premium - Pr\u00e9miov\u00e9 funkcie, ktor\u00e9 vyu\u017eijete<\/title>\n<meta name=\"description\" content=\"KASA FIK PREMIUM je s\u00fabor slu\u017eieb, ktor\u00e9 zjednodu\u0161ia a vylep\u0161ia Va\u0161e podnikanie. Vzdialen\u00e1 spr\u00e1va, sklady, anal\u00fdzy, platobn\u00fd termin\u00e1l a mnoho \u010fal\u0161ieho.\" \/>\n<meta name=\"robots\" content=\"index, follow, max-snippet:-1, max-image-preview:large, max-video-preview:-1\" \/>\n<link rel=\"canonical\" href=\"https:\/\/www.kasafik.cz\/web\/sk\/kasa-fik-premium\/\" \/>\n<meta property=\"og:locale\" content=\"cs_CZ\" \/>\n<meta property=\"og:type\" content=\"article\" \/>\n<meta property=\"og:title\" content=\"KASA FIK Premium - Pr\u00e9miov\u00e9 funkcie, ktor\u00e9 vyu\u017eijete\" \/>\n<meta property=\"og:description\" content=\"KASA FIK PREMIUM je s\u00fabor slu\u017eieb, ktor\u00e9 zjednodu\u0161ia a vylep\u0161ia Va\u0161e podnikanie. Vzdialen\u00e1 spr\u00e1va, sklady, anal\u00fdzy, platobn\u00fd termin\u00e1l a mnoho \u010fal\u0161ieho.\" \/>\n<meta property=\"og:url\" content=\"https:\/\/www.kasafik.cz\/web\/sk\/kasa-fik-premium\/\" \/>\n<meta property=\"og:site_name\" content=\"KASA FIK\" \/>\n<meta property=\"article:modified_time\" content=\"2020-11-24T15:59:28+00:00\" \/>\n<meta name=\"twitter:card\" content=\"summary_large_image\" \/>\n<meta name=\"twitter:label1\" content=\"Odhadovan\u00e1 doba \u010dten\u00ed\" \/>\n\t<meta name=\"twitter:data1\" content=\"5 minut\" \/>\n<script type=\"application\/ld+json\" class=\"yoast-schema-graph\">{\"@context\":\"https:\\\/\\\/schema.org\",\"@graph\":[{\"@type\":\"WebPage\",\"@id\":\"https:\\\/\\\/www.kasafik.cz\\\/web\\\/sk\\\/kasa-fik-premium\\\/\",\"url\":\"https:\\\/\\\/www.kasafik.cz\\\/web\\\/sk\\\/kasa-fik-premium\\\/\",\"name\":\"KASA FIK Premium - Pr\u00e9miov\u00e9 funkcie, ktor\u00e9 vyu\u017eijete\",\"isPartOf\":{\"@id\":\"https:\\\/\\\/www.kasafik.cz\\\/web\\\/#website\"},\"datePublished\":\"2019-05-19T16:26:29+00:00\",\"dateModified\":\"2020-11-24T15:59:28+00:00\",\"description\":\"KASA FIK PREMIUM je s\u00fabor slu\u017eieb, ktor\u00e9 zjednodu\u0161ia a vylep\u0161ia Va\u0161e podnikanie. Vzdialen\u00e1 spr\u00e1va, sklady, anal\u00fdzy, platobn\u00fd termin\u00e1l a mnoho \u010fal\u0161ieho.\",\"breadcrumb\":{\"@id\":\"https:\\\/\\\/www.kasafik.cz\\\/web\\\/sk\\\/kasa-fik-premium\\\/#breadcrumb\"},\"inLanguage\":\"cs\",\"potentialAction\":[{\"@type\":\"ReadAction\",\"target\":[\"https:\\\/\\\/www.kasafik.cz\\\/web\\\/sk\\\/kasa-fik-premium\\\/\"]}]},{\"@type\":\"BreadcrumbList\",\"@id\":\"https:\\\/\\\/www.kasafik.cz\\\/web\\\/sk\\\/kasa-fik-premium\\\/#breadcrumb\",\"itemListElement\":[{\"@type\":\"ListItem\",\"position\":1,\"name\":\"Home\",\"item\":\"https:\\\/\\\/origin.kasafik.cz\\\/web\\\/cs\\\/\"},{\"@type\":\"ListItem\",\"position\":2,\"name\":\"Funkcie KASA FIK PREMIUM\"}]},{\"@type\":\"WebSite\",\"@id\":\"https:\\\/\\\/www.kasafik.cz\\\/web\\\/#website\",\"url\":\"https:\\\/\\\/www.kasafik.cz\\\/web\\\/\",\"name\":\"KASA FIK\",\"description\":\"\",\"potentialAction\":[{\"@type\":\"SearchAction\",\"target\":{\"@type\":\"EntryPoint\",\"urlTemplate\":\"https:\\\/\\\/www.kasafik.cz\\\/web\\\/?s={search_term_string}\"},\"query-input\":{\"@type\":\"PropertyValueSpecification\",\"valueRequired\":true,\"valueName\":\"search_term_string\"}}],\"inLanguage\":\"cs\"}]}<\/script>\n<!-- \/ Yoast SEO plugin. -->","yoast_head_json":{"title":"KASA FIK Premium - Pr\u00e9miov\u00e9 funkcie, ktor\u00e9 vyu\u017eijete","description":"KASA FIK PREMIUM je s\u00fabor slu\u017eieb, ktor\u00e9 zjednodu\u0161ia a vylep\u0161ia Va\u0161e podnikanie. Vzdialen\u00e1 spr\u00e1va, sklady, anal\u00fdzy, platobn\u00fd termin\u00e1l a mnoho \u010fal\u0161ieho.","robots":{"index":"index","follow":"follow","max-snippet":"max-snippet:-1","max-image-preview":"max-image-preview:large","max-video-preview":"max-video-preview:-1"},"canonical":"https:\/\/www.kasafik.cz\/web\/sk\/kasa-fik-premium\/","og_locale":"cs_CZ","og_type":"article","og_title":"KASA FIK Premium - Pr\u00e9miov\u00e9 funkcie, ktor\u00e9 vyu\u017eijete","og_description":"KASA FIK PREMIUM je s\u00fabor slu\u017eieb, ktor\u00e9 zjednodu\u0161ia a vylep\u0161ia Va\u0161e podnikanie. Vzdialen\u00e1 spr\u00e1va, sklady, anal\u00fdzy, platobn\u00fd termin\u00e1l a mnoho \u010fal\u0161ieho.","og_url":"https:\/\/www.kasafik.cz\/web\/sk\/kasa-fik-premium\/","og_site_name":"KASA FIK","article_modified_time":"2020-11-24T15:59:28+00:00","twitter_card":"summary_large_image","twitter_misc":{"Odhadovan\u00e1 doba \u010dten\u00ed":"5 minut"},"schema":{"@context":"https:\/\/schema.org","@graph":[{"@type":"WebPage","@id":"https:\/\/www.kasafik.cz\/web\/sk\/kasa-fik-premium\/","url":"https:\/\/www.kasafik.cz\/web\/sk\/kasa-fik-premium\/","name":"KASA FIK Premium - Pr\u00e9miov\u00e9 funkcie, ktor\u00e9 vyu\u017eijete","isPartOf":{"@id":"https:\/\/www.kasafik.cz\/web\/#website"},"datePublished":"2019-05-19T16:26:29+00:00","dateModified":"2020-11-24T15:59:28+00:00","description":"KASA FIK PREMIUM je s\u00fabor slu\u017eieb, ktor\u00e9 zjednodu\u0161ia a vylep\u0161ia Va\u0161e podnikanie. Vzdialen\u00e1 spr\u00e1va, sklady, anal\u00fdzy, platobn\u00fd termin\u00e1l a mnoho \u010fal\u0161ieho.","breadcrumb":{"@id":"https:\/\/www.kasafik.cz\/web\/sk\/kasa-fik-premium\/#breadcrumb"},"inLanguage":"cs","potentialAction":[{"@type":"ReadAction","target":["https:\/\/www.kasafik.cz\/web\/sk\/kasa-fik-premium\/"]}]},{"@type":"BreadcrumbList","@id":"https:\/\/www.kasafik.cz\/web\/sk\/kasa-fik-premium\/#breadcrumb","itemListElement":[{"@type":"ListItem","position":1,"name":"Home","item":"https:\/\/origin.kasafik.cz\/web\/cs\/"},{"@type":"ListItem","position":2,"name":"Funkcie KASA FIK PREMIUM"}]},{"@type":"WebSite","@id":"https:\/\/www.kasafik.cz\/web\/#website","url":"https:\/\/www.kasafik.cz\/web\/","name":"KASA FIK","description":"","potentialAction":[{"@type":"SearchAction","target":{"@type":"EntryPoint","urlTemplate":"https:\/\/www.kasafik.cz\/web\/?s={search_term_string}"},"query-input":{"@type":"PropertyValueSpecification","valueRequired":true,"valueName":"search_term_string"}}],"inLanguage":"cs"}]}},"jetpack_sharing_enabled":true,"_links":{"self":[{"href":"https:\/\/www.kasafik.cz\/web\/wp-json\/wp\/v2\/pages\/8693","targetHints":{"allow":["GET"]}}],"collection":[{"href":"https:\/\/www.kasafik.cz\/web\/wp-json\/wp\/v2\/pages"}],"about":[{"href":"https:\/\/www.kasafik.cz\/web\/wp-json\/wp\/v2\/types\/page"}],"author":[{"embeddable":true,"href":"https:\/\/www.kasafik.cz\/web\/wp-json\/wp\/v2\/users\/1"}],"replies":[{"embeddable":true,"href":"https:\/\/www.kasafik.cz\/web\/wp-json\/wp\/v2\/comments?post=8693"}],"version-history":[{"count":15,"href":"https:\/\/www.kasafik.cz\/web\/wp-json\/wp\/v2\/pages\/8693\/revisions"}],"predecessor-version":[{"id":11346,"href":"https:\/\/www.kasafik.cz\/web\/wp-json\/wp\/v2\/pages\/8693\/revisions\/11346"}],"wp:attachment":[{"href":"https:\/\/www.kasafik.cz\/web\/wp-json\/wp\/v2\/media?parent=8693"}],"curies":[{"name":"wp","href":"https:\/\/api.w.org\/{rel}","templated":true}]}}