{"id":8400,"date":"2019-03-04T14:22:26","date_gmt":"2019-03-04T14:22:26","guid":{"rendered":"https:\/\/origin.kasafik.cz\/web\/?page_id=8400"},"modified":"2019-12-20T13:36:25","modified_gmt":"2019-12-20T13:36:25","slug":"porovnanie-verzii-kasa-fik","status":"publish","type":"page","link":"https:\/\/www.kasafik.cz\/web\/sk\/porovnanie-verzii-kasa-fik\/","title":{"rendered":"Porovnanie verzi\u00ed KASA FIK"},"content":{"rendered":"<section class=\"container\" id=\"functable\">\n<h1 class=\"thin text-center\" style=\"margin-top: 2em; margin-bottom: 2em;\">Funkcie KASA FIK a ich porovnanie<\/h1>\n<p>Funkcie KASA FIK sa odli\u0161uj\u00fa na z\u00e1klade typu licencie. Aplik\u00e1cia je k dispoz\u00edcii v 2 verzi\u00e1ch \u0160TANDARD a <a href=\"\/web\/sk\/kasa-fik-premium\/\">PREMIUM<\/a>. Ka\u017ed\u00e9 pred\u00e1van\u00e9 zariadenie KASA FIK obsahuje v\u0161etky funkcie uveden\u00e9 v tabu\u013eke. Ako presne funguj\u00fa programy \u0160TANDARD a PREMIUM? <a href=\"https:\/\/www.kasafik.sk\/web\/sk\/2019\/11\/standard-a-premium-ktory-program-od-kasa-fik-zvolit\/?utm_medium=backlinks&#038;utm_source=kasafik.cz&#038;utm_campaign=EET+pokladny\">Dozviete sa v na\u0161om \u010dl\u00e1nku na blogu. <\/a><\/p>\n<table class=\"table table-striped table-hover\">\n<thead>\n<tr>\n<td><\/td>\n<td><strong>\u0160TANDARD<\/strong><\/td>\n<td><strong><a href=\"\/web\/sk\/kasa-fik-premium\/\">PREMIUM<\/a><\/strong><\/td>\n<\/tr>\n<\/thead>\n<tbody>\n<tr>\n<td>eKasa evidencia a napojenie na Finan\u010dn\u00fa spr\u00e1vu<\/td>\n<td>ano<\/td>\n<td>ano<\/td>\n<\/tr>\n<tr>\n<td>Hl\u00e1senie tr\u017eieb v offline re\u017eime<\/td>\n<td>ano<\/td>\n<td>ano<\/td>\n<\/tr>\n<tr>\n<td>Legislat\u00edvne aktualiz\u00e1cie eKasa<\/td>\n<td>ano<\/td>\n<td>ano<\/td>\n<\/tr>\n<tr>\n<td>Technick\u00e1 podpora lok\u00e1lnych partnerov<\/td>\n<td>ano<\/td>\n<td>ano<\/td>\n<\/tr>\n<tr>\n<td>Technick\u00e1 podpora cez e-mail a chat<\/td>\n<td>ano<\/td>\n<td>ano<\/td>\n<\/tr>\n<tr>\n<td>Technick\u00e1 podpora na telef\u00f3ne<\/td>\n<td>ne<\/td>\n<td>ano<\/td>\n<\/tr>\n<tr>\n<td>Po\u010det vystaven\u00fdch dokladov<\/td>\n<td>neobmedzene<\/td>\n<td>neobmedzene<\/td>\n<\/tr>\n<tr>\n<td>Po\u010det predajn\u00fdch polo\u017eiek<\/td>\n<td>neobmedzene<\/td>\n<td>neobmedzene<\/td>\n<\/tr>\n<tr>\n<td>Evidencia z\u00e1kazn\u00edkov<\/td>\n<td>ano<\/td>\n<td>ano<\/td>\n<\/tr>\n<tr>\n<td>Mo\u017en\u00fd po\u010det prihl\u00e1sen\u00fdch zamestnancov<\/td>\n<td>3<\/td>\n<td>neobmedzene<\/td>\n<\/tr>\n<tr>\n<td>Obmedzenie u\u017e\u00edvate\u013esk\u00fdch pr\u00e1v<\/td>\n<td>ano<\/td>\n<td>ano<\/td>\n<\/tr>\n<tr>\n<td>Doch\u00e1dzka <span class=\"edice\">ed\u00edcia 2019<\/span><\/td>\n<td>ne<\/td>\n<td>ano<\/td>\n<\/tr>\n<tr class=\"header info\">\n<td colspan=\"4\">Pokladnica<\/td>\n<\/tr>\n<tr>\n<td>Storno \u00fa\u010dteniek<\/td>\n<td>ano<\/td>\n<td>ano<\/td>\n<\/tr>\n<tr>\n<td>Hist\u00f3ria \u00fa\u010dteniek<\/td>\n<td>ano<\/td>\n<td>ano<\/td>\n<\/tr>\n<tr>\n<td>Prev\u00e1dzka pre platcov aj neplatcov DPH<\/td>\n<td>ano<\/td>\n<td>ano<\/td>\n<\/tr>\n<tr>\n<td>Nastavenie z\u013eavy na polo\u017eku alebo \u00fa\u010det<\/td>\n<td>ano<\/td>\n<td>ano<\/td>\n<\/tr>\n<tr>\n<td>Zasielanie \u00fa\u010dteniek e-mailem<\/td>\n<td>ano<\/td>\n<td>ano<\/td>\n<\/tr>\n<tr>\n<td>Evidencia pokladni\u010dn\u00fdch pr\u00edjmov a v\u00fddajov<\/td>\n<td>ano<\/td>\n<td>ano<\/td>\n<\/tr>\n<tr>\n<td>Pokladni\u010dn\u00e1 kniha<\/td>\n<td>ano<\/td>\n<td>ano<\/td>\n<\/tr>\n<tr>\n<td>Ukladanie otvoren\u00fdch objedn\u00e1vok<\/td>\n<td>ne<\/td>\n<td>ano<\/td>\n<\/tr>\n<tr>\n<td>Ve\u013ekoobchodn\u00fd re\u017eim bez DPH<\/td>\n<td>ne<\/td>\n<td>ano<\/td>\n<\/tr>\n<tr>\n<td>Nastavite\u013en\u00e9 funk\u010dn\u00e9 kl\u00e1vesy<\/td>\n<td>ne<\/td>\n<td>ano<\/td>\n<\/tr>\n<tr>\n<td>Samoobslu\u017en\u00fd predaj<\/td>\n<td>ne<\/td>\n<td>ano<\/td>\n<\/tr>\n<tr>\n<td>\u010ciarov\u00e9 k\u00f3dy a v\u00e1\u017een\u00fd EAN<\/td>\n<td>ano<\/td>\n<td>ano<\/td>\n<\/tr>\n<tr class=\"hidden\">\n<td><a href=\"\/web\/znalosti\/prodej-v-bitcoin\/\">Podpora Bitcoin QR k\u00f3du<\/a><\/td>\n<td>ano<\/td>\n<td>ano<\/td>\n<\/tr>\n<tr class=\"header info\">\n<td colspan=\"4\">eKasa<\/td>\n<\/tr>\n<tr>\n<td>Hl\u00e1senie eKasa v be\u017enom re\u017eime<\/td>\n<td>ano<\/td>\n<td>ano<\/td>\n<\/tr>\n<tr>\n<td>Certifikovan\u00e9 CHD\u00da<\/td>\n<td>ano<\/td>\n<td>ano<\/td>\n<\/tr>\n<tr>\n<td>Automatick\u00e9 odoslanie tr\u017eby<\/td>\n<td>ano<\/td>\n<td>ano<\/td>\n<\/tr>\n<tr>\n<td>Ru\u010dn\u00e1 mo\u017enos\u0165 odosla\u0165 neodoslan\u00e9 tr\u017eby<\/td>\n<td>ano<\/td>\n<td>ano<\/td>\n<\/tr>\n<tr>\n<td>Predaj v zast\u00fapen\u00ed\/poveren\u00ed<\/td>\n<td>ano<\/td>\n<td>ano<\/td>\n<\/tr>\n<tr>\n<td>Komisn\u00fd prodej<\/td>\n<td>ano<\/td>\n<td>ano<\/td>\n<\/tr>\n<tr>\n<td>Baz\u00e1rov\u00fd prodej<\/td>\n<td>ano<\/td>\n<td>ano<\/td>\n<\/tr>\n<tr>\n<td>Vratn\u00e9 obaly<\/td>\n<td>ano<\/td>\n<td>ano<\/td>\n<\/tr>\n<tr class=\"header info\">\n<td colspan=\"4\">Tisk<\/td>\n<\/tr>\n<tr>\n<td>Tla\u010d \u00fa\u010deteniek<\/td>\n<td>ano<\/td>\n<td>ano<\/td>\n<\/tr>\n<tr>\n<td>Tla\u010d storno \u00fa\u010dteniek<\/td>\n<td>ano<\/td>\n<td>ano<\/td>\n<\/tr>\n<tr>\n<td>Tla\u010d dennej uz\u00e1vierky<\/td>\n<td>ano<\/td>\n<td>ano<\/td>\n<\/tr>\n<tr>\n<td>Tla\u010d k\u00f3pie \u00fa\u010dtenky<\/td>\n<td>ano<\/td>\n<td>ano<\/td>\n<\/tr>\n<tr>\n<td>Tla\u010d loga na \u00fa\u010dtenke<\/td>\n<td>ano<\/td>\n<td>ano<\/td>\n<\/tr>\n<tr class=\"header info\">\n<td colspan=\"4\">Pr\u00e1ca s \u00fa\u010dtami<\/td>\n<\/tr>\n<tr>\n<td>Evidencie platby kartou, stravenkami, \u0161ekmi<\/td>\n<td>ano<\/td>\n<td>ano<\/td>\n<\/tr>\n<tr>\n<td>Predaj a \u010derpanie poukazov<\/td>\n<td>ne<\/td>\n<td>ano<\/td>\n<\/tr>\n<tr>\n<td>Odpisy a spotreba pri predaji<\/td>\n<td>ne<\/td>\n<td>ano<\/td>\n<\/tr>\n<tr>\n<td>Pozn\u00e1mka na \u00fa\u010dtenke<\/td>\n<td>ano<\/td>\n<td>ano<\/td>\n<\/tr>\n<tr>\n<td>Pozn\u00e1mka ku polo\u017eke<\/td>\n<td>ano<\/td>\n<td>ano<\/td>\n<\/tr>\n<tr>\n<td>R\u00fdchle pozn\u00e1mky k polo\u017eke<\/td>\n<td>ano<\/td>\n<td>ano<\/td>\n<\/tr>\n<tr>\n<td>Tr\u017eby pod\u013ea pracovn\u00fdch zmien<\/td>\n<td>ne<\/td>\n<td>ano<\/td>\n<\/tr>\n<tr>\n<td>Automatick\u00e9 zasielanie uz\u00e1vierky e-mailom<\/td>\n<td>ano<\/td>\n<td>ano<\/td>\n<\/tr>\n<tr>\n<td>Podpora predaja v cudz\u00edch men\u00e1ch<\/td>\n<td>ano<\/td>\n<td>ano<\/td>\n<\/tr>\n<tr>\n<td>Grafick\u00e1 mapa stolov<\/td>\n<td>ne<\/td>\n<td>ano<\/td>\n<\/tr>\n<tr>\n<td>Katal\u00f3gov\u00fd predaj<\/td>\n<td>ano<\/td>\n<td>ano<\/td>\n<\/tr>\n<tr class=\"header info\">\n<td colspan=\"4\">Pr\u00e1ca s d\u00e1tami<\/td>\n<\/tr>\n<tr>\n<td>Z\u00e1loha d\u00e1t do s\u00faborov<\/td>\n<td>ne<\/td>\n<td>ano<\/td>\n<\/tr>\n<tr>\n<td>Z\u00e1loha d\u00e1t online<\/td>\n<td>ne<\/td>\n<td>ano<\/td>\n<\/tr>\n<tr class=\"hidden\">\n<td>Export d\u00e1t do \u00fa\u010dtovn\u00edctva<\/td>\n<td>ano<\/td>\n<td>ano<\/td>\n<\/tr>\n<tr>\n<td>Export d\u00e1t do CSV\/Excel<\/td>\n<td>ne<\/td>\n<td>ano<\/td>\n<\/tr>\n<tr>\n<td>Prenos d\u00e1t na in\u00e9 zariadenie<\/td>\n<td>ne<\/td>\n<td>ano<\/td>\n<\/tr>\n<tr>\n<td>Vzdialen\u00e1 spr\u00e1va pokladnice<\/td>\n<td>ne<\/td>\n<td>ano<\/td>\n<\/tr>\n<tr>\n<td>Anal\u00fdzy predajov, skladov<\/td>\n<td>ne<\/td>\n<td>ano<\/td>\n<\/tr>\n<tr>\n<td>Online sledovanie pokladn\u00edc<\/td>\n<td>ne<\/td>\n<td>ano<\/td>\n<\/tr>\n<tr class=\"header info\">\n<td colspan=\"4\">Skladov\u00e9 hospod\u00e1rstvo<\/td>\n<\/tr>\n<tr>\n<td>Evidencia pohybov na sklade<\/td>\n<td>ne<\/td>\n<td>ano<\/td>\n<\/tr>\n<tr>\n<td>Naskladnenie na pokladnici<\/td>\n<td>ne<\/td>\n<td>ano<\/td>\n<\/tr>\n<tr>\n<td>Vzdialen\u00e9 naskladnenie <span class=\"edice\">ed\u00edcia 2019<\/span><\/td>\n<td>ne<\/td>\n<td>ano<\/td>\n<\/tr>\n<tr>\n<td>Zdie\u013eanie skladu medzi viacero poklad\u0148ami <span class=\"edice\">ed\u00edcia 2019<\/span><\/td>\n<td>ne<\/td>\n<td>ano<\/td>\n<\/tr>\n<tr>\n<td>Od\u0165a\u017eovanie skladov, recept\u00fary <\/td>\n<td>ne<\/td>\n<td>ano<\/td>\n<\/tr>\n<tr class=\"header info\">\n<td colspan=\"4\">Mo\u017enos\u0165 pripoji\u0165 pr\u00edslu\u0161enstvo<\/td>\n<\/tr>\n<tr>\n<td><a href=\"\/web\/sk\/platobny-terminal-sumup\/\">Bluetooth platobn\u00fd termin\u00e1l SumUp<\/a><\/td>\n<td>ano<\/td>\n<td>ano<\/td>\n<\/tr>\n<tr>\n<td>\u010c\u00edta\u010dka \u010diarov\u00fdch k\u00f3dov USB\/Bluetooth<\/td>\n<td>ano<\/td>\n<td>ano<\/td>\n<\/tr>\n<tr>\n<td>Na\u010d\u00edtanie \u010diarov\u00fdch k\u00f3dov kamerou<\/td>\n<td>ano<\/td>\n<td>ano<\/td>\n<\/tr>\n<tr>\n<td>Pokladni\u010dn\u00e1 z\u00e1suvka<\/td>\n<td>ano<\/td>\n<td>ano<\/td>\n<\/tr>\n<tr>\n<td>Tla\u010diarne USB\/Bluetooth<\/td>\n<td>ano<\/td>\n<td>ano<\/td>\n<\/tr>\n<tr>\n<td>Tla\u010diarne LAN<\/td>\n<td>ano<\/td>\n<td>ano<\/td>\n<\/tr>\n<tr>\n<td>Z\u00e1kazn\u00edcky displej<\/td>\n<td>ano<\/td>\n<td>ano<\/td>\n<\/tr>\n<tr>\n<td>Extern\u00e9 obchodn\u00e9 v\u00e1hy CAS<\/td>\n<td>ano<\/td>\n<td>ano<\/td>\n<\/tr>\n<tr>\n<td>Tla\u010d objedn\u00e1vok do kuchyne\/baru<\/td>\n<td>ne<\/td>\n<td>ano<\/td>\n<\/tr>\n<tr class=\"header info\">\n<td colspan=\"4\">Mobiln\u00fd predaj<\/td>\n<\/tr>\n<tr>\n<td>Zad\u00e1vanie polohy GPS<\/td>\n<td>ano<\/td>\n<td>ano<\/td>\n<\/tr>\n<tr>\n<td>Vzdialen\u00e1 aktualiz\u00e1cia polo\u017eiek<\/td>\n<td>ne<\/td>\n<td>ano<\/td>\n<\/tr>\n<tr>\n<td>Elektronick\u00e9 objedn\u00e1vky v ter\u00e9ne<\/td>\n<td>ne<\/td>\n<td>ano<\/td>\n<\/tr>\n<tr>\n<td>Zasielanie objedn\u00e1vok do zariadenia<\/td>\n<td>ne<\/td>\n<td>ano<\/td>\n<\/tr>\n<\/tbody>\n<\/table>\n<\/section>\n","protected":false},"excerpt":{"rendered":"<p>Funkcie KASA FIK a ich porovnanie Funkcie KASA FIK sa odli\u0161uj\u00fa na z\u00e1klade typu licencie. Aplik\u00e1cia je k dispoz\u00edcii v 2 verzi\u00e1ch \u0160TANDARD a PREMIUM. Ka\u017ed\u00e9 pred\u00e1van\u00e9 zariadenie KASA FIK obsahuje v\u0161etky funkcie uveden\u00e9 v tabu\u013eke. Ako presne funguj\u00fa programy \u0160TANDARD a PREMIUM? Dozviete sa v na\u0161om \u010dl\u00e1nku na blogu. \u0160TANDARD PREMIUM eKasa evidencia a [&hellip;]<\/p>\n","protected":false},"author":1,"featured_media":0,"parent":0,"menu_order":4,"comment_status":"closed","ping_status":"closed","template":"page-templates\/full-width.php","meta":{"footnotes":""},"class_list":["post-8400","page","type-page","status-publish","hentry"],"yoast_head":"<!-- This site is optimized with the Yoast SEO plugin v27.4 - https:\/\/yoast.com\/product\/yoast-seo-wordpress\/ -->\n<title>Funkcie KASA FIK: V\u0161etko, \u010do vyu\u017eijete pri svojom podnikan\u00ed<\/title>\n<meta name=\"description\" content=\"KASA FIK V\u00e1m pon\u00faka funkcie, ktor\u00e9 pri svojom podnikan\u00ed skuto\u010dne vyu\u017eijete. Pozrite sa na vzdialen\u00fa spr\u00e1vu, grafick\u00fa mapu stolov alebo sklady.\" \/>\n<meta name=\"robots\" content=\"noindex, nofollow\" \/>\n<meta property=\"og:locale\" content=\"cs_CZ\" \/>\n<meta property=\"og:type\" content=\"article\" \/>\n<meta property=\"og:title\" content=\"Funkcie KASA FIK: V\u0161etko, \u010do vyu\u017eijete pri svojom podnikan\u00ed\" \/>\n<meta property=\"og:description\" content=\"KASA FIK V\u00e1m pon\u00faka funkcie, ktor\u00e9 pri svojom podnikan\u00ed skuto\u010dne vyu\u017eijete. Pozrite sa na vzdialen\u00fa spr\u00e1vu, grafick\u00fa mapu stolov alebo sklady.\" \/>\n<meta property=\"og:url\" content=\"https:\/\/www.kasafik.cz\/web\/sk\/porovnanie-verzii-kasa-fik\/\" \/>\n<meta property=\"og:site_name\" content=\"KASA FIK\" \/>\n<meta property=\"article:modified_time\" content=\"2019-12-20T13:36:25+00:00\" \/>\n<meta name=\"twitter:card\" content=\"summary_large_image\" \/>\n<meta name=\"twitter:label1\" content=\"Odhadovan\u00e1 doba \u010dten\u00ed\" \/>\n\t<meta name=\"twitter:data1\" content=\"3 minuty\" \/>\n<script type=\"application\/ld+json\" class=\"yoast-schema-graph\">{\"@context\":\"https:\\\/\\\/schema.org\",\"@graph\":[{\"@type\":\"WebPage\",\"@id\":\"https:\\\/\\\/www.kasafik.cz\\\/web\\\/sk\\\/porovnanie-verzii-kasa-fik\\\/\",\"url\":\"https:\\\/\\\/www.kasafik.cz\\\/web\\\/sk\\\/porovnanie-verzii-kasa-fik\\\/\",\"name\":\"Funkcie KASA FIK: V\u0161etko, \u010do vyu\u017eijete pri svojom podnikan\u00ed\",\"isPartOf\":{\"@id\":\"https:\\\/\\\/www.kasafik.cz\\\/web\\\/#website\"},\"datePublished\":\"2019-03-04T14:22:26+00:00\",\"dateModified\":\"2019-12-20T13:36:25+00:00\",\"description\":\"KASA FIK V\u00e1m pon\u00faka funkcie, ktor\u00e9 pri svojom podnikan\u00ed skuto\u010dne vyu\u017eijete. Pozrite sa na vzdialen\u00fa spr\u00e1vu, grafick\u00fa mapu stolov alebo sklady.\",\"breadcrumb\":{\"@id\":\"https:\\\/\\\/www.kasafik.cz\\\/web\\\/sk\\\/porovnanie-verzii-kasa-fik\\\/#breadcrumb\"},\"inLanguage\":\"cs\",\"potentialAction\":[{\"@type\":\"ReadAction\",\"target\":[\"https:\\\/\\\/www.kasafik.cz\\\/web\\\/sk\\\/porovnanie-verzii-kasa-fik\\\/\"]}]},{\"@type\":\"BreadcrumbList\",\"@id\":\"https:\\\/\\\/www.kasafik.cz\\\/web\\\/sk\\\/porovnanie-verzii-kasa-fik\\\/#breadcrumb\",\"itemListElement\":[{\"@type\":\"ListItem\",\"position\":1,\"name\":\"Home\",\"item\":\"https:\\\/\\\/origin.kasafik.cz\\\/web\\\/cs\\\/\"},{\"@type\":\"ListItem\",\"position\":2,\"name\":\"Porovnanie verzi\u00ed KASA FIK\"}]},{\"@type\":\"WebSite\",\"@id\":\"https:\\\/\\\/www.kasafik.cz\\\/web\\\/#website\",\"url\":\"https:\\\/\\\/www.kasafik.cz\\\/web\\\/\",\"name\":\"KASA FIK\",\"description\":\"\",\"potentialAction\":[{\"@type\":\"SearchAction\",\"target\":{\"@type\":\"EntryPoint\",\"urlTemplate\":\"https:\\\/\\\/www.kasafik.cz\\\/web\\\/?s={search_term_string}\"},\"query-input\":{\"@type\":\"PropertyValueSpecification\",\"valueRequired\":true,\"valueName\":\"search_term_string\"}}],\"inLanguage\":\"cs\"}]}<\/script>\n<!-- \/ Yoast SEO plugin. -->","yoast_head_json":{"title":"Funkcie KASA FIK: V\u0161etko, \u010do vyu\u017eijete pri svojom podnikan\u00ed","description":"KASA FIK V\u00e1m pon\u00faka funkcie, ktor\u00e9 pri svojom podnikan\u00ed skuto\u010dne vyu\u017eijete. Pozrite sa na vzdialen\u00fa spr\u00e1vu, grafick\u00fa mapu stolov alebo sklady.","robots":{"index":"noindex","follow":"nofollow"},"og_locale":"cs_CZ","og_type":"article","og_title":"Funkcie KASA FIK: V\u0161etko, \u010do vyu\u017eijete pri svojom podnikan\u00ed","og_description":"KASA FIK V\u00e1m pon\u00faka funkcie, ktor\u00e9 pri svojom podnikan\u00ed skuto\u010dne vyu\u017eijete. Pozrite sa na vzdialen\u00fa spr\u00e1vu, grafick\u00fa mapu stolov alebo sklady.","og_url":"https:\/\/www.kasafik.cz\/web\/sk\/porovnanie-verzii-kasa-fik\/","og_site_name":"KASA FIK","article_modified_time":"2019-12-20T13:36:25+00:00","twitter_card":"summary_large_image","twitter_misc":{"Odhadovan\u00e1 doba \u010dten\u00ed":"3 minuty"},"schema":{"@context":"https:\/\/schema.org","@graph":[{"@type":"WebPage","@id":"https:\/\/www.kasafik.cz\/web\/sk\/porovnanie-verzii-kasa-fik\/","url":"https:\/\/www.kasafik.cz\/web\/sk\/porovnanie-verzii-kasa-fik\/","name":"Funkcie KASA FIK: V\u0161etko, \u010do vyu\u017eijete pri svojom podnikan\u00ed","isPartOf":{"@id":"https:\/\/www.kasafik.cz\/web\/#website"},"datePublished":"2019-03-04T14:22:26+00:00","dateModified":"2019-12-20T13:36:25+00:00","description":"KASA FIK V\u00e1m pon\u00faka funkcie, ktor\u00e9 pri svojom podnikan\u00ed skuto\u010dne vyu\u017eijete. Pozrite sa na vzdialen\u00fa spr\u00e1vu, grafick\u00fa mapu stolov alebo sklady.","breadcrumb":{"@id":"https:\/\/www.kasafik.cz\/web\/sk\/porovnanie-verzii-kasa-fik\/#breadcrumb"},"inLanguage":"cs","potentialAction":[{"@type":"ReadAction","target":["https:\/\/www.kasafik.cz\/web\/sk\/porovnanie-verzii-kasa-fik\/"]}]},{"@type":"BreadcrumbList","@id":"https:\/\/www.kasafik.cz\/web\/sk\/porovnanie-verzii-kasa-fik\/#breadcrumb","itemListElement":[{"@type":"ListItem","position":1,"name":"Home","item":"https:\/\/origin.kasafik.cz\/web\/cs\/"},{"@type":"ListItem","position":2,"name":"Porovnanie verzi\u00ed KASA FIK"}]},{"@type":"WebSite","@id":"https:\/\/www.kasafik.cz\/web\/#website","url":"https:\/\/www.kasafik.cz\/web\/","name":"KASA FIK","description":"","potentialAction":[{"@type":"SearchAction","target":{"@type":"EntryPoint","urlTemplate":"https:\/\/www.kasafik.cz\/web\/?s={search_term_string}"},"query-input":{"@type":"PropertyValueSpecification","valueRequired":true,"valueName":"search_term_string"}}],"inLanguage":"cs"}]}},"jetpack_sharing_enabled":true,"_links":{"self":[{"href":"https:\/\/www.kasafik.cz\/web\/wp-json\/wp\/v2\/pages\/8400","targetHints":{"allow":["GET"]}}],"collection":[{"href":"https:\/\/www.kasafik.cz\/web\/wp-json\/wp\/v2\/pages"}],"about":[{"href":"https:\/\/www.kasafik.cz\/web\/wp-json\/wp\/v2\/types\/page"}],"author":[{"embeddable":true,"href":"https:\/\/www.kasafik.cz\/web\/wp-json\/wp\/v2\/users\/1"}],"replies":[{"embeddable":true,"href":"https:\/\/www.kasafik.cz\/web\/wp-json\/wp\/v2\/comments?post=8400"}],"version-history":[{"count":16,"href":"https:\/\/www.kasafik.cz\/web\/wp-json\/wp\/v2\/pages\/8400\/revisions"}],"predecessor-version":[{"id":10149,"href":"https:\/\/www.kasafik.cz\/web\/wp-json\/wp\/v2\/pages\/8400\/revisions\/10149"}],"wp:attachment":[{"href":"https:\/\/www.kasafik.cz\/web\/wp-json\/wp\/v2\/media?parent=8400"}],"curies":[{"name":"wp","href":"https:\/\/api.w.org\/{rel}","templated":true}]}}