{"id":8312,"date":"2019-02-19T08:15:49","date_gmt":"2019-02-19T08:15:49","guid":{"rendered":"https:\/\/origin.kasafik.cz\/web\/?page_id=8312"},"modified":"2026-03-02T19:11:24","modified_gmt":"2026-03-02T19:11:24","slug":"o-nas","status":"publish","type":"page","link":"https:\/\/www.kasafik.cz\/web\/cs\/o-nas\/","title":{"rendered":"O n\u00e1s"},"content":{"rendered":"<div class=\"container-fluid wideimage\" style=\"background-image: url('\/web\/wp-content\/uploads\/2017\/08\/onas.jpg'); min-height: 500px; background-size: cover; background-position: left 0px top;\">\n<div class=\"container\">\n<div class=\"row\">\n<div class=\"col-md-offset-6 col-md-6 text-center\" style=\"padding-top: 60px;\">\n<h1 class=\"thin\" style=\"background-color: rgba(255,255,255,0.9); padding: 0.5em;\"><strong>O N\u00c1S<\/strong><\/h1>\n<h3 class=\"thin\" style=\"background-color: rgba(255,255,255,0.7); padding: 0.5em;\">Spole\u010dnost KASA FIK se specializuje na produkty a slu\u017eby v oblasti pokladn\u00edch syst\u00e9m\u016f, kde pat\u0159\u00edme mezi l\u00eddry na trhu. Krom\u011b toho se specializujeme i na obchodn\u00ed syst\u00e9my a mobiln\u00ed objedn\u00e1vkov\u00e9 syst\u00e9my, cashless platebn\u00ed syst\u00e9my a n\u00e1vazn\u00e9 slu\u017eby, kter\u00e9 uleh\u010duj\u00ed podnikatelem sv\u00e9 podnikan\u00ed a umo\u017e\u0148uj\u00ed m\u00edt kontrolu nad v\u0161\u00edm, co sa d\u011bje.<\/h3>\n<\/p><\/div>\n<\/p><\/div>\n<\/p><\/div>\n<\/div>\n<div class=\"container-fluid\" style=\"background-color: #dddddd; padding-top: 2em; padding-bottom: 2em;\">\n<div class=\"container\">\n<div class=\"row materialbox\">\n            <img fetchpriority=\"high\" decoding=\"async\" src=\"\/web\/wp-content\/uploads\/2018\/06\/office-kasafik-kamenickova.jpg\" alt=\"Kasa FIK s\u00eddlo firmy\" width=\"300\" height=\"225\" class=\"alignright size-medium wp-image-680\" style=\"padding: 1em;\" \/><\/p>\n<h2>N\u00e1\u0161 p\u0159\u00edb\u011bh<\/h2>\n<p>V\u0161e to za\u010dalo n\u00e1padem vytvo\u0159it jednoduch\u00e9, cenov\u011b p\u0159\u00edstupn\u00e9 a bezpe\u010dn\u00e9 \u0159e\u0161en\u00ed pro mal\u00e9 a st\u0159edn\u00ed podnikatele, kte\u0159\u00ed pot\u0159ebovali splnit povinnost hl\u00e1\u0161en\u00ed na EET pomoc\u00ed online programu. Pochopili jsme, \u017ee probl\u00e9mu \u010del\u00ed mnoho podnikatel\u016f a \u017eivnostn\u00edk\u016f a p\u0159i\u0161li jsme s \u0159e\u0161en\u00edm: KASA FIK, kter\u00fd chceme poskytovat za lidov\u00e9 ceny.<\/p>\n<p>Ji\u017e v \u010dervenci 2015 jsme uvedli jednoduchou aplikaci s p\u0159\u00edm\u00fdm zad\u00e1n\u00edm ceny a DPH sazby, kter\u00e1 se stala standardem a inspirac\u00ed pro mnoho konkurent\u016f. Kalkula\u010dka a zp\u016fsob zad\u00e1v\u00e1n\u00ed cen ovl\u00e1dl trh eTr\u017eeb. Dnes u\u017e KASA FIK nen\u00ed jen pouhou EET pokladnou. Nab\u00edz\u00edme komplexn\u00ed pokladn\u00ed syst\u00e9m pro v\u0161echny druhy podnik\u00e1n\u00ed a pro v\u0161echny podnikatele, kte\u0159\u00ed cht\u011bj\u00ed m\u00edt p\u0159ehled o sv\u00e9m podnik\u00e1n\u00ed.<\/p>\n<p>V z\u00e1\u0159\u00ed 2017 jsme nav\u00e1zali na \u00fasp\u011bch jednoduch\u00fdch \u0159e\u0161en\u00ed pro mal\u00e9 podnikatele s aplikac\u00ed eRecept pro p\u0159edepisov\u00e1n\u00ed elektronick\u00fdch recept\u016f. Pokra\u010dujeme ve filozofii jednoduch\u00fdch, \u00fa\u010delov\u00fdch a cenov\u011b p\u0159\u00edstupn\u00fdch \u0159e\u0161en\u00ed pro men\u0161\u00ed \u017eivnostn\u00edky. Dnes se o blaho na\u0161ich z\u00e1kazn\u00edk\u016f star\u00e1 8 zam\u011bstnanc\u016f, p\u0159es 130 obchodn\u00edch partner\u016f a m\u00e1me obchodn\u00ed zastoupen\u00ed v Asii i Ji\u017en\u00ed Americe. Na\u0161e programy jsou p\u0159elo\u017een\u00e9 do 7 sv\u011btov\u00fdch jazyk\u016f.<\/p>\n<\/ul>\n<h2>Historie KASA FIK<\/h2>\n<ul>\n<li> \u010cervenec 2015 &#8211; Uveden\u00ed prvn\u00ed pokladn\u00ed kalkula\u010dky na \u010desk\u00fd trh <\/li>\n<li> Kv\u011bten 2016 &#8211; Uveden\u00ed pokladn\u00ed aplikace na slovensk\u00fd trh <\/li>\n<li> Listopad 2016 &#8211; \u00dasp\u011b\u0161n\u00e9 zvl\u00e1dnut\u00ed 1. a n\u00e1sledn\u011b i 2. vlny EET v \u010cR<\/li>\n<li> Leden 2017 &#8211; 5000+ ks prodan\u00fdch pokladen <\/li>\n<li> B\u0159ezen 2017 &#8211; Dosa\u017een\u00ed miln\u00edku 25.000 sta\u017een\u00ed aplikace <\/li>\n<li> Duben 2017 &#8211; 10.000+ ks prodan\u00fdch pokladen <\/li>\n<li> Kv\u011bten 2017 &#8211; Obchodn\u00ed zastoupen\u00ed v Asii a Ji\u017en\u00ed Americe <\/li>\n<li> \u010cerven 2017 &#8211; 7 jazykov\u00fdch mutac\u00ed pokladn\u00ed aplikace <\/li>\n<li> Z\u00e1\u0159\u00ed 2017 &#8211; Uveden\u00ed aplikace eRecept pro l\u00e9ka\u0159e<\/li>\n<li> Z\u00e1\u0159\u00ed 2017 &#8211; Dosa\u017een\u00ed miln\u00edku 50.000.000 zaevidovan\u00fdch \u00fa\u010dtenek <\/li>\n<li> \u0158\u00edjen 2017 &#8211; Dosa\u017een\u00ed miln\u00edku 30.000 aktivn\u00edch u\u017eivatel\u016f <\/li>\n<li> \u0158\u00edjen 2017 &#8211; Certifikace aplikace eRecept od S\u00daKL <\/li>\n<li> Listopad 2017 &#8211; Dosa\u017een\u00ed miln\u00edku 50.000 sta\u017een\u00ed na Google Play <\/li>\n<li> Leden 2018 &#8211; 1000+ l\u00e9ka\u0159\u016f a zuba\u0159\u016f pou\u017e\u00edv\u00e1 KF eRecept <\/li>\n<li> \u00danor 2018 &#8211; 15.000+ prodan\u00fdch pokladen <\/li>\n<li> B\u0159ezen 2018 &#8211; Integrace Sumup termin\u00e1lu do pokladn\u00ed aplikace <\/li>\n<li> Kv\u011bten 2018 &#8211; Integrace \u010cSOB mpos termin\u00e1lu do pokladn\u00ed aplikace <\/li>\n<li> \u0158\u00edjen 2018 &#8211; Uveden\u00ed na trh KASA FIK KIOSK &#8211; samoobslu\u017en\u00e1 pokladna <\/li>\n<li> Leden 2019 &#8211; 1500+ l\u00e9ka\u0159\u016f a stomatolog\u016f pou\u017e\u00edv\u00e1 KASA FIK eRecept <\/li>\n<li> Kv\u011bten 2019 &#8211; Certifikace pokladen pro eKasu na Slovensku <\/li>\n<li> Srpen 2019 &#8211; KASA FIK se st\u00e1v\u00e1 integra\u010dn\u00edm partnerem SumUp pro CZ, SK<\/li>\n<li> Leden 2020 &#8211; Zah\u00e1jen\u00ed spolupr\u00e1ce se spole\u010dnost\u00ed SONET a Unicredit Bank <\/li>\n<li> Z\u00e1\u0159\u00ed 2020 &#8211; Uveden\u00ed produktu KASA FIK Android EASY na trh, kter\u00fd vznikl ve spolupr\u00e1ci se spole\u010dnost\u00ed SONET a Unicredit Bank <\/li>\n<li>\u010cervenec 2023 &#8211; Dosa\u017een miln\u00edk 100.000 sta\u017een\u00ed aplikace v Google Play<\/li>\n<li>Listopad 2023 &#8211; V\u00fdstava FOR GASTRO 2023<\/li>\n<li>Leden 2024 &#8211; Nasazen\u00ed AI um\u011bl\u00e9 inteligence pro z\u00e1kazn\u00edky pod n\u00e1zvem Gibon AI<\/li>\n<li>\u00danor 2024 &#8211; Stali jsme se ISO partnerem spole\u010dnost\u00ed VISA a MASTERCARD a roz\u0161\u00ed\u0159ili jsme slu\u017eby o nov\u00e9 platebn\u00ed \u0159e\u0161en\u00ed KASAPAY<\/li>\n<li>B\u0159ezen 2024 &#8211; Stali jsme se \u010dleny Asociace mal\u00fdch a st\u0159edn\u00edch podnik\u016f<\/li>\n<li>\u00danor 2026 &#8211; Integrace fisk\u00e1ln\u00edho \u0159e\u0161en\u00ed, spolupr\u00e1ce s Elavon, vstup na Litevsk\u00fd trh<\/li>\n<\/ul>\n<h2>Inovace<\/h2>\n<p>            KASA FIK je inovativn\u00ed firma. Na \u010desk\u00fd trh jsme uvedli n\u011bkolik novinek a py\u0161n\u00edme se n\u011bkolika prvenstv\u00edmi:<\/p>\n<ul>\n<li>Jako prvn\u00ed v lednu 2024 na \u010desk\u00e9m trhu nasazujeme z\u00e1kazn\u00edk\u016fm um\u011blou inteligenci<\/li>\n<li>Jako prvn\u00ed v l\u00e9t\u011b 2015 jsme za\u010dali nab\u00edzet mal\u00fdm podnikatel\u016fm aplikaci zdarma pro EET<\/li>\n<li>Jako prvn\u00ed v l\u00e9t\u011b 2015 jsme vytvo\u0159ili aplikaci s p\u0159\u00edm\u00fdm zad\u00e1n\u00edm ceny a n\u00e1sledn\u011b klikem na DPH<\/li>\n<li>Jako prvn\u00ed v z\u00e1\u0159\u00ed 2016 jsme uvedli na trh za\u0159\u00edzen\u00ed pod zna\u010dkou KASA FIK ORANGE, kter\u00e9 je nejprod\u00e1van\u011bj\u0161\u00ed pokladnou v \u010cR<\/li>\n<li>Jako prvn\u00ed v \u0159\u00edjnu 2016 jsme nab\u00eddli funkci Multi-I\u010c pro provoz v\u00edce subjekt\u016f na jedn\u00e9 pokladn\u011b<\/li>\n<li>Jako prvn\u00ed v z\u00e1\u0159\u00ed 2017 jsme uvedli aplikaci KASA FIK eRecept pro l\u00e9ka\u0159e na mobiln\u00ed platform\u011b a z\u00edskali certfikaci od S\u00daKL<\/li>\n<li>Jako prvn\u00ed v \u010cR jsme v listopadu 2017 dos\u00e1hli po\u010dtu 50.000 sta\u017een\u00ed aplikace na Google Play<\/li>\n<li>Jako prvn\u00ed v b\u0159eznu 2018 integrujeme p\u0159\u00edmo do aplikace mPOS termin\u00e1l SumUp v \u010cR a navazujeme exkluzivn\u00ed spolupr\u00e1ci<\/li>\n<li>Jako prvn\u00ed za\u010d\u00e1tkem roka 2020 navazujeme spolupr\u00e1ci se spole\u010dnost\u00ed SONET a Unicredit bank <\/li>\n<li>Jako prvn\u00ed nasazujeme vyvol\u00e1v\u00e1n\u00ed objedn\u00e1vek pomoc\u00ed WhatsApp v kempu Riviera Zbe\u010dno<\/li>\n<\/ul>\n<h2>Na\u0161e principy<\/h2>\n<ul>\n<li> Lid\u00e9 jsou u n\u00e1s v\u017edy na prvn\u00edm m\u00edst\u011b. Z\u00e1kazn\u00edci, obchodn\u00ed partne\u0159i a kolegov\u00e9.<\/li>\n<li> Kvalitn\u00ed software nevy\u017eaduje technickou podporu &#8211; prost\u011b funguje, ale z\u00e1kazn\u00edk\u016fm r\u00e1di pom\u016f\u017eeme. <\/li>\n<li> Specializace z n\u00e1s d\u011bl\u00e1 experty, soust\u0159ed\u00edme se jen na to co um\u00edme. <\/li>\n<li> Jsme ryze \u010desk\u00e1 firma bez zahrani\u010dn\u00edho a investi\u010dn\u00edho kapit\u00e1lu. <\/li>\n<li> Pokladny n\u00e1s bav\u00ed, chceme je zlep\u0161ovat a p\u0159ich\u00e1zet s nov\u00fdmi n\u00e1pady.<\/li>\n<\/ul>\n<h2>N\u011bkolik graf\u016f o KASA FIK<\/h2>\n<p>            <img decoding=\"async\" width=\"1080\" height=\"1376\" src=\"\/web\/wp-content\/uploads\/2024\/01\/Screenshot_20240113-161913.jpg\" alt=\"\" class=\"aligncenter size-full wp-image-14954 img-responsive\" style=\"max-width: 400px;\" srcset=\"https:\/\/www.kasafik.cz\/web\/wp-content\/uploads\/2024\/01\/Screenshot_20240113-161913.jpg 1080w, https:\/\/www.kasafik.cz\/web\/wp-content\/uploads\/2024\/01\/Screenshot_20240113-161913-600x764.jpg 600w, https:\/\/www.kasafik.cz\/web\/wp-content\/uploads\/2024\/01\/Screenshot_20240113-161913-235x300.jpg 235w, https:\/\/www.kasafik.cz\/web\/wp-content\/uploads\/2024\/01\/Screenshot_20240113-161913-804x1024.jpg 804w, https:\/\/www.kasafik.cz\/web\/wp-content\/uploads\/2024\/01\/Screenshot_20240113-161913-768x978.jpg 768w\" sizes=\"(max-width: 1080px) 100vw, 1080px\" \/><br \/>\n            <div id=\"attachment_5883\" style=\"width: 985px\" class=\"wp-caption aligncenter\"><a href=\"\/web\/wp-content\/uploads\/2017\/12\/instalace-kasafik.png\"><img decoding=\"async\" width=\"975\" height=\"456\" aria-describedby=\"caption-attachment-5883\" src=\"\/web\/wp-content\/uploads\/2017\/12\/instalace-kasafik.png\" alt=\"\" class=\"size-full wp-image-5883 img-responsive\" srcset=\"https:\/\/www.kasafik.cz\/web\/wp-content\/uploads\/2017\/12\/instalace-kasafik.png 975w, https:\/\/www.kasafik.cz\/web\/wp-content\/uploads\/2017\/12\/instalace-kasafik-600x281.png 600w, https:\/\/www.kasafik.cz\/web\/wp-content\/uploads\/2017\/12\/instalace-kasafik-300x140.png 300w, https:\/\/www.kasafik.cz\/web\/wp-content\/uploads\/2017\/12\/instalace-kasafik-768x359.png 768w\" sizes=\"(max-width: 975px) 100vw, 975px\" \/><\/a><p id=\"caption-attachment-5883\" class=\"wp-caption-text\">Po\u010det instalac\u00ed KASA FIK Pokladna<\/p><\/div> <div id=\"attachment_5885\" style=\"width: 899px\" class=\"wp-caption aligncenter\"><a href=\"\/web\/wp-content\/uploads\/2017\/12\/Screenshot-from-2017-12-01-22-40-16.png\"><img loading=\"lazy\" decoding=\"async\" width=\"889\" height=\"219\" aria-describedby=\"caption-attachment-5885\" src=\"\/web\/wp-content\/uploads\/2017\/12\/Screenshot-from-2017-12-01-22-40-16.png\" alt=\"\" class=\"size-full wp-image-5885 img-responsive\" srcset=\"https:\/\/www.kasafik.cz\/web\/wp-content\/uploads\/2017\/12\/Screenshot-from-2017-12-01-22-40-16.png 889w, https:\/\/www.kasafik.cz\/web\/wp-content\/uploads\/2017\/12\/Screenshot-from-2017-12-01-22-40-16-600x148.png 600w, https:\/\/www.kasafik.cz\/web\/wp-content\/uploads\/2017\/12\/Screenshot-from-2017-12-01-22-40-16-300x74.png 300w, https:\/\/www.kasafik.cz\/web\/wp-content\/uploads\/2017\/12\/Screenshot-from-2017-12-01-22-40-16-768x189.png 768w\" sizes=\"(max-width: 889px) 100vw, 889px\" \/><\/a><p id=\"caption-attachment-5885\" class=\"wp-caption-text\">Denn\u011b nov\u00fdch u\u017eivatel\u016f<\/p><\/div>\n        <\/div>\n<\/p><\/div>\n<\/div>\n","protected":false},"excerpt":{"rendered":"<p>O N\u00c1S Spole\u010dnost KASA FIK se specializuje na produkty a slu\u017eby v oblasti pokladn\u00edch syst\u00e9m\u016f, kde pat\u0159\u00edme mezi l\u00eddry na trhu. Krom\u011b toho se specializujeme i na obchodn\u00ed syst\u00e9my a mobiln\u00ed objedn\u00e1vkov\u00e9 syst\u00e9my, cashless platebn\u00ed syst\u00e9my a n\u00e1vazn\u00e9 slu\u017eby, kter\u00e9 uleh\u010duj\u00ed podnikatelem sv\u00e9 podnikan\u00ed a umo\u017e\u0148uj\u00ed m\u00edt kontrolu nad v\u0161\u00edm, co sa d\u011bje. N\u00e1\u0161 p\u0159\u00edb\u011bh [&hellip;]<\/p>\n","protected":false},"author":4,"featured_media":0,"parent":0,"menu_order":0,"comment_status":"closed","ping_status":"closed","template":"page-templates\/full-width-notop-margin.php","meta":{"footnotes":""},"class_list":["post-8312","page","type-page","status-publish","hentry"],"yoast_head":"<!-- This site is optimized with the Yoast SEO plugin v27.4 - https:\/\/yoast.com\/product\/yoast-seo-wordpress\/ -->\n<title>O n\u00e1s - KASA FIK<\/title>\n<meta name=\"robots\" content=\"index, follow, max-snippet:-1, max-image-preview:large, max-video-preview:-1\" \/>\n<link rel=\"canonical\" href=\"https:\/\/www.kasafik.cz\/web\/cs\/o-nas\/\" \/>\n<meta property=\"og:locale\" content=\"cs_CZ\" \/>\n<meta property=\"og:type\" content=\"article\" \/>\n<meta property=\"og:title\" content=\"O n\u00e1s - KASA FIK\" \/>\n<meta property=\"og:description\" content=\"O N\u00c1S Spole\u010dnost KASA FIK se specializuje na produkty a slu\u017eby v oblasti pokladn\u00edch syst\u00e9m\u016f, kde pat\u0159\u00edme mezi l\u00eddry na trhu. Krom\u011b toho se specializujeme i na obchodn\u00ed syst\u00e9my a mobiln\u00ed objedn\u00e1vkov\u00e9 syst\u00e9my, cashless platebn\u00ed syst\u00e9my a n\u00e1vazn\u00e9 slu\u017eby, kter\u00e9 uleh\u010duj\u00ed podnikatelem sv\u00e9 podnikan\u00ed a umo\u017e\u0148uj\u00ed m\u00edt kontrolu nad v\u0161\u00edm, co sa d\u011bje. N\u00e1\u0161 p\u0159\u00edb\u011bh [&hellip;]\" \/>\n<meta property=\"og:url\" content=\"https:\/\/www.kasafik.cz\/web\/cs\/o-nas\/\" \/>\n<meta property=\"og:site_name\" content=\"KASA FIK\" \/>\n<meta property=\"article:modified_time\" content=\"2026-03-02T19:11:24+00:00\" \/>\n<meta name=\"twitter:card\" content=\"summary_large_image\" \/>\n<meta name=\"twitter:label1\" content=\"Odhadovan\u00e1 doba \u010dten\u00ed\" \/>\n\t<meta name=\"twitter:data1\" content=\"5 minut\" \/>\n<script type=\"application\/ld+json\" class=\"yoast-schema-graph\">{\"@context\":\"https:\\\/\\\/schema.org\",\"@graph\":[{\"@type\":\"WebPage\",\"@id\":\"https:\\\/\\\/www.kasafik.cz\\\/web\\\/cs\\\/o-nas\\\/\",\"url\":\"https:\\\/\\\/www.kasafik.cz\\\/web\\\/cs\\\/o-nas\\\/\",\"name\":\"O n\u00e1s - KASA FIK\",\"isPartOf\":{\"@id\":\"https:\\\/\\\/www.kasafik.cz\\\/web\\\/#website\"},\"datePublished\":\"2019-02-19T08:15:49+00:00\",\"dateModified\":\"2026-03-02T19:11:24+00:00\",\"breadcrumb\":{\"@id\":\"https:\\\/\\\/www.kasafik.cz\\\/web\\\/cs\\\/o-nas\\\/#breadcrumb\"},\"inLanguage\":\"cs\",\"potentialAction\":[{\"@type\":\"ReadAction\",\"target\":[\"https:\\\/\\\/www.kasafik.cz\\\/web\\\/cs\\\/o-nas\\\/\"]}]},{\"@type\":\"BreadcrumbList\",\"@id\":\"https:\\\/\\\/www.kasafik.cz\\\/web\\\/cs\\\/o-nas\\\/#breadcrumb\",\"itemListElement\":[{\"@type\":\"ListItem\",\"position\":1,\"name\":\"Home\",\"item\":\"https:\\\/\\\/origin.kasafik.cz\\\/web\\\/cs\\\/\"},{\"@type\":\"ListItem\",\"position\":2,\"name\":\"O n\u00e1s\"}]},{\"@type\":\"WebSite\",\"@id\":\"https:\\\/\\\/www.kasafik.cz\\\/web\\\/#website\",\"url\":\"https:\\\/\\\/www.kasafik.cz\\\/web\\\/\",\"name\":\"KASA FIK\",\"description\":\"\",\"potentialAction\":[{\"@type\":\"SearchAction\",\"target\":{\"@type\":\"EntryPoint\",\"urlTemplate\":\"https:\\\/\\\/www.kasafik.cz\\\/web\\\/?s={search_term_string}\"},\"query-input\":{\"@type\":\"PropertyValueSpecification\",\"valueRequired\":true,\"valueName\":\"search_term_string\"}}],\"inLanguage\":\"cs\"}]}<\/script>\n<!-- \/ Yoast SEO plugin. -->","yoast_head_json":{"title":"O n\u00e1s - KASA FIK","robots":{"index":"index","follow":"follow","max-snippet":"max-snippet:-1","max-image-preview":"max-image-preview:large","max-video-preview":"max-video-preview:-1"},"canonical":"https:\/\/www.kasafik.cz\/web\/cs\/o-nas\/","og_locale":"cs_CZ","og_type":"article","og_title":"O n\u00e1s - KASA FIK","og_description":"O N\u00c1S Spole\u010dnost KASA FIK se specializuje na produkty a slu\u017eby v oblasti pokladn\u00edch syst\u00e9m\u016f, kde pat\u0159\u00edme mezi l\u00eddry na trhu. Krom\u011b toho se specializujeme i na obchodn\u00ed syst\u00e9my a mobiln\u00ed objedn\u00e1vkov\u00e9 syst\u00e9my, cashless platebn\u00ed syst\u00e9my a n\u00e1vazn\u00e9 slu\u017eby, kter\u00e9 uleh\u010duj\u00ed podnikatelem sv\u00e9 podnikan\u00ed a umo\u017e\u0148uj\u00ed m\u00edt kontrolu nad v\u0161\u00edm, co sa d\u011bje. N\u00e1\u0161 p\u0159\u00edb\u011bh [&hellip;]","og_url":"https:\/\/www.kasafik.cz\/web\/cs\/o-nas\/","og_site_name":"KASA FIK","article_modified_time":"2026-03-02T19:11:24+00:00","twitter_card":"summary_large_image","twitter_misc":{"Odhadovan\u00e1 doba \u010dten\u00ed":"5 minut"},"schema":{"@context":"https:\/\/schema.org","@graph":[{"@type":"WebPage","@id":"https:\/\/www.kasafik.cz\/web\/cs\/o-nas\/","url":"https:\/\/www.kasafik.cz\/web\/cs\/o-nas\/","name":"O n\u00e1s - KASA FIK","isPartOf":{"@id":"https:\/\/www.kasafik.cz\/web\/#website"},"datePublished":"2019-02-19T08:15:49+00:00","dateModified":"2026-03-02T19:11:24+00:00","breadcrumb":{"@id":"https:\/\/www.kasafik.cz\/web\/cs\/o-nas\/#breadcrumb"},"inLanguage":"cs","potentialAction":[{"@type":"ReadAction","target":["https:\/\/www.kasafik.cz\/web\/cs\/o-nas\/"]}]},{"@type":"BreadcrumbList","@id":"https:\/\/www.kasafik.cz\/web\/cs\/o-nas\/#breadcrumb","itemListElement":[{"@type":"ListItem","position":1,"name":"Home","item":"https:\/\/origin.kasafik.cz\/web\/cs\/"},{"@type":"ListItem","position":2,"name":"O n\u00e1s"}]},{"@type":"WebSite","@id":"https:\/\/www.kasafik.cz\/web\/#website","url":"https:\/\/www.kasafik.cz\/web\/","name":"KASA FIK","description":"","potentialAction":[{"@type":"SearchAction","target":{"@type":"EntryPoint","urlTemplate":"https:\/\/www.kasafik.cz\/web\/?s={search_term_string}"},"query-input":{"@type":"PropertyValueSpecification","valueRequired":true,"valueName":"search_term_string"}}],"inLanguage":"cs"}]}},"jetpack_sharing_enabled":true,"_links":{"self":[{"href":"https:\/\/www.kasafik.cz\/web\/wp-json\/wp\/v2\/pages\/8312","targetHints":{"allow":["GET"]}}],"collection":[{"href":"https:\/\/www.kasafik.cz\/web\/wp-json\/wp\/v2\/pages"}],"about":[{"href":"https:\/\/www.kasafik.cz\/web\/wp-json\/wp\/v2\/types\/page"}],"author":[{"embeddable":true,"href":"https:\/\/www.kasafik.cz\/web\/wp-json\/wp\/v2\/users\/4"}],"replies":[{"embeddable":true,"href":"https:\/\/www.kasafik.cz\/web\/wp-json\/wp\/v2\/comments?post=8312"}],"version-history":[{"count":15,"href":"https:\/\/www.kasafik.cz\/web\/wp-json\/wp\/v2\/pages\/8312\/revisions"}],"predecessor-version":[{"id":18931,"href":"https:\/\/www.kasafik.cz\/web\/wp-json\/wp\/v2\/pages\/8312\/revisions\/18931"}],"wp:attachment":[{"href":"https:\/\/www.kasafik.cz\/web\/wp-json\/wp\/v2\/media?parent=8312"}],"curies":[{"name":"wp","href":"https:\/\/api.w.org\/{rel}","templated":true}]}}