{"id":8238,"date":"2019-02-06T08:26:35","date_gmt":"2019-02-06T08:26:35","guid":{"rendered":"https:\/\/origin.kasafik.cz\/web\/?page_id=8238"},"modified":"2019-08-20T12:48:29","modified_gmt":"2019-08-20T12:48:29","slug":"kasa-fik-chdu","status":"publish","type":"page","link":"https:\/\/www.kasafik.cz\/web\/sk\/kasa-fik-chdu\/","title":{"rendered":"CHD\u00da &#8211; Chr\u00e1nen\u00e9 d\u00e1tov\u00e9 \u00falo\u017eisko &#8211; PPEKK"},"content":{"rendered":"<style>\n   h1, h2, h3, h4{\n   font-family: 'Roboto Slab',palatino,serif;\n   }\n<\/style>\n<div class=\"container\" style=\"margin-top: 2em;\">\n<div class=\"row\">\n<h1 class=\"text-center thin\">Chr\u00e1nen\u00e9 d\u00e1tov\u00e9 \u00falo\u017eisko: KASA FIK CHD\u00da<\/h1>\n<h2 class=\"text-center thin\">Vyv\u00edjame a pripravujeme k certifik\u00e1cii<\/h2>\n<\/div>\n<\/div>\n<hr \/>\n<div class=\"container\" style=\"margin-top: 2em;\">\n<div class=\"row\">\n<div class=\"col-md-6\">\n         <img fetchpriority=\"high\" decoding=\"async\" src=\"\/web\/wp-content\/uploads\/2019\/02\/Screenshot_1551384191-169x300.png\" alt=\"KASA FIK PPEKK eKasa\" width=\"169\" height=\"300\" class=\"aligncenter size-medium wp-image-8388\" srcset=\"https:\/\/www.kasafik.cz\/web\/wp-content\/uploads\/2019\/02\/Screenshot_1551384191-169x300.png 169w, https:\/\/www.kasafik.cz\/web\/wp-content\/uploads\/2019\/02\/Screenshot_1551384191-600x1067.png 600w, https:\/\/www.kasafik.cz\/web\/wp-content\/uploads\/2019\/02\/Screenshot_1551384191-768x1365.png 768w, https:\/\/www.kasafik.cz\/web\/wp-content\/uploads\/2019\/02\/Screenshot_1551384191-576x1024.png 576w, https:\/\/www.kasafik.cz\/web\/wp-content\/uploads\/2019\/02\/Screenshot_1551384191.png 1080w\" sizes=\"(max-width: 169px) 100vw, 169px\" \/>\n      <\/div>\n<div class=\"col-md-6\">\n<h2>KASA FIK PPEKK<\/h2>\n<p>Mobiln\u00e1 aplik\u00e1cia pre komunik\u00e1ciu s CHD\u00da a syst\u00e9mom Finan\u010dnej spr\u00e1vy. Jednoduch\u00e9 pou\u017eitie, mo\u017enos\u0165 napojenia na viacero druhov CHD\u00da.<\/p>\n<p>         Funkcie:<\/p>\n<ul style=\"margin-top: 1em;\">\n<li>Android 4.4+<\/li>\n<li>Nastavenie v\u0161etk\u00fdch potrebn\u00fdch \u00fadajov<\/li>\n<li>Automatick\u00e9 odosielanie na syst\u00e9my Finan\u010dnej spr\u00e1vy<\/li>\n<li>API pre napojenie na extern\u00e9 \u00fa\u010dtovn\u00e9 programy (Mo\u017enost zasiela\u0165 XML d\u00e1vky cez LAN)<\/li>\n<\/ul><\/div>\n<\/p><\/div>\n<\/div>\n<hr\/>\n<div class=\"container\" style=\"margin-top: 2em;\">\n<div class=\"row\">\n<div class=\"col-md-6\">\n         <img decoding=\"async\" src=\"\/web\/wp-content\/uploads\/2018\/12\/kasa-fik-sk-module.png\" alt=\"WORM SD card flash e-kasa memory Write Once, Read Many\" width=\"338\" height=\"267\" class=\"aligncenter size-full wp-image-8128\" srcset=\"https:\/\/www.kasafik.cz\/web\/wp-content\/uploads\/2018\/12\/kasa-fik-sk-module.png 338w, https:\/\/www.kasafik.cz\/web\/wp-content\/uploads\/2018\/12\/kasa-fik-sk-module-300x237.png 300w\" sizes=\"(max-width: 338px) 100vw, 338px\" \/><\/p><\/div>\n<div class=\"col-md-6\">\n<h2>KASA FIK CHD\u00da DS MicroSD<\/h2>\n<ul style=\"margin-top: 1em;\">\n<li>Chr\u00e1nen\u00e9 d\u00e1tov\u00e9 \u00falo\u017eisko vo forme MicroSD karty<\/li>\n<li>Ochrana proti vymazaniu a zmene d\u00e1t<\/li>\n<li>Vlastn\u00fd firmware<\/li>\n<li>Kapacita 8 alebo 16 GB<\/li>\n<li>\u017divotnos\u0165 archiv\u00e1cie min. 10 rokov<\/li>\n<li>Typ z\u00e1pisu WORM (Write Once, Read Many)<\/li>\n<li>Mo\u017enos\u0165 doplni\u0165 o extern\u00e9 moduly pre \u0161ifrovan\u00fa komunik\u00e1ciu medzi PPEKK a CHD\u00da<\/li>\n<\/ul><\/div>\n<\/p><\/div>\n<\/div>\n<hr \/>\n<div class=\"container\" style=\"margin-top: 2em;\">\n<div class=\"row\">\n<div class=\"col-md-6\">\n<img decoding=\"async\" src=\"\/web\/wp-content\/uploads\/2019\/02\/chdu-design.png\" alt=\"Ch\u00e1nen\u00e9 datov\u00e9 \u00falo\u017eisko KASA FIK CHD\u00da PPEKK\" class=\"aligncenter size-full wp-image-8309 img-responsive\" \/>\n<\/div>\n<div class=\"col-md-6\">\n<h2>CHD\u00da DS<\/h2>\n<p>Pripravujeme k certifik\u00e1cii KASA FIK CHD\u00da Data Storage modul. Ak chcete vyu\u017e\u00edva\u0165 pripravovan\u00fd CHD\u00da, pros\u00edm, kontaktujte n\u00e1s v\u010das, aby sme mohli zapracova\u0165 Va\u0161e pr\u00edpadn\u00e9 \u0161pecifick\u00e9 po\u017eiadavky. Poskytujeme v\u00fdvojov\u00fa podporu a dokument\u00e1ciu aj dod\u00e1vate\u013eom in\u00fdch syst\u00e9mov.\n         <\/p>\n<h4>Popis technol\u00f3gie pre KASA FIK CHD\u00da<\/h4>\n<ul style=\"margin-top: 1em;\">\n<li>ARM CPU<\/li>\n<li>Embedded Flash kapacita 8\/16 GB<\/li>\n<li>SPI rozhranie, FPC konektor<\/li>\n<li>Valid\u00e1cia firmware<\/li>\n<li>Permanentn\u00e9 zapuzdrenie<\/li>\n<li>Adres\u00e1cia d\u00e1t pomocou kl\u00fa\u010da\/indexu a\u017e 4kByte bloku<\/li>\n<li>Rozmery 41,2&#215;19,2&#215;7,6 mm (typ A) lebo 30x30x8mm (typ B)<\/li>\n<\/ul>\n<h4>Komunika\u010dn\u00e9 rozhrania<\/h4>\n<ul style=\"margin-top: 1em;\">\n<li>Nat\u00edvne SPI<\/li>\n<\/ul>\n<p>         Pomocou extension modulu:<\/p>\n<ul style=\"margin-top: 1em;\">\n<li>Bluetooth<\/li>\n<li>LAN<\/li>\n<li>Wi-Fi<\/li>\n<li>RS232<\/li>\n<\/ul><\/div>\n<\/p><\/div>\n<\/div>\n<hr\/>\n<div class=\"container\" style=\"margin-top: 2em;\">\n<div class=\"row\">\n<div class=\"col-md-6\">\n         <img decoding=\"async\" width=\"1024\" height=\"539\" src=\"\/web\/wp-content\/uploads\/2019\/02\/chdu-appliance-1024x539.jpg\" alt=\"KASA FIK CHD\u00da Chr\u00e1n\u011bn\u00e9 datov\u00e9 \u00falo\u017eisko\" class=\"aligncenter size-large wp-image-8383 img-responsive\" style=\"max-width: 400px;\" srcset=\"https:\/\/www.kasafik.cz\/web\/wp-content\/uploads\/2019\/02\/chdu-appliance-1024x539.jpg 1024w, https:\/\/www.kasafik.cz\/web\/wp-content\/uploads\/2019\/02\/chdu-appliance-600x316.jpg 600w, https:\/\/www.kasafik.cz\/web\/wp-content\/uploads\/2019\/02\/chdu-appliance-300x158.jpg 300w, https:\/\/www.kasafik.cz\/web\/wp-content\/uploads\/2019\/02\/chdu-appliance-768x404.jpg 768w, https:\/\/www.kasafik.cz\/web\/wp-content\/uploads\/2019\/02\/chdu-appliance.jpg 1785w\" sizes=\"(max-width: 1024px) 100vw, 1024px\" \/>\n      <\/div>\n<div class=\"col-md-6\">\n<h2>CHD\u00da DS Enteprise<\/h2>\n<p>Pre vy\u0165a\u017een\u00e9 pobo\u010dky a centr\u00e1ly firiem pripravujeme CHD\u00da Data Storage Enterprise s vysokou dostupnos\u0165ou a kvalitou. Dramaticky zjednodu\u0161uje nasadenie v obchodn\u00fdch re\u0165azcoch, centr\u00e1lach \u00fa\u010dtovn\u00fdch firiem aj pobo\u010dk\u00e1ch. Zabezpe\u010duje centr\u00e1lne ulo\u017eenie fi\u0161k\u00e1lnych d\u00e1t v s\u00falade s legislat\u00edvou a najvy\u0161\u0161\u00edmi po\u017eiadavkami na dostupnos\u0165.<\/p>\n<h4>Funkcie CHD\u00da DS Enterprise<\/h4>\n<ul style=\"margin-top: 1em;\">\n<li>ARM CPU<\/li>\n<li>Embedded Flash kapacita 128 GB<\/li>\n<li>Gigabit ethernet<\/li>\n<li>Valid\u00e1cia firmware<\/li>\n<li>Failover rie\u0161enie<\/li>\n<li>REST JSON API<\/li>\n<li>TLS zabezpe\u010denie<\/li>\n<li>Mont\u00e1\u017e do 19&#8242; rack pozice<\/li>\n<\/ul><\/div>\n<\/p><\/div>\n<\/div>\n<div class=\"container\" style=\"margin-top: 2em;\">\n<div class=\"row\">\n<div class=\"col-md-3 col-md-offset-3\">\n          <a class=\"btn btn-success btn-lg line\" style=\"width: 100%;\" href=\"\/web\/sk\/kasa-fik-kontakt\/\">Kontaktova\u0165 KASA FIK<\/a>\n      <\/div>\n<\/p><\/div>\n<\/div>\n","protected":false},"excerpt":{"rendered":"<p>Chr\u00e1nen\u00e9 d\u00e1tov\u00e9 \u00falo\u017eisko: KASA FIK CHD\u00da Vyv\u00edjame a pripravujeme k certifik\u00e1cii KASA FIK PPEKK Mobiln\u00e1 aplik\u00e1cia pre komunik\u00e1ciu s CHD\u00da a syst\u00e9mom Finan\u010dnej spr\u00e1vy. Jednoduch\u00e9 pou\u017eitie, mo\u017enos\u0165 napojenia na viacero druhov CHD\u00da. Funkcie: Android 4.4+ Nastavenie v\u0161etk\u00fdch potrebn\u00fdch \u00fadajov Automatick\u00e9 odosielanie na syst\u00e9my Finan\u010dnej spr\u00e1vy API pre napojenie na extern\u00e9 \u00fa\u010dtovn\u00e9 programy (Mo\u017enost zasiela\u0165 XML [&hellip;]<\/p>\n","protected":false},"author":1,"featured_media":0,"parent":0,"menu_order":0,"comment_status":"closed","ping_status":"closed","template":"page-templates\/full-width.php","meta":{"footnotes":""},"class_list":["post-8238","page","type-page","status-publish","hentry"],"yoast_head":"<!-- This site is optimized with the Yoast SEO plugin v27.4 - https:\/\/yoast.com\/product\/yoast-seo-wordpress\/ -->\n<title>KASA FIK CHD\u00da: Chr\u00e1nen\u00e9 d\u00e1tov\u00e9 \u00falo\u017eisko ur\u010den\u00e9 pre eKasu<\/title>\n<meta name=\"description\" content=\"KASA FIK je jedn\u00fdm z l\u00eddrov na trhu s eKasou. Vyv\u00edjame a pripravujeme k certifik\u00e1cii aj vlastn\u00e9 KASA FIK CHD\u00da, chr\u00e1nen\u00e9 d\u00e1tov\u00e9 \u00falo\u017eisko.\" \/>\n<meta name=\"robots\" content=\"index, follow, max-snippet:-1, max-image-preview:large, max-video-preview:-1\" \/>\n<link rel=\"canonical\" href=\"https:\/\/www.kasafik.cz\/web\/sk\/kasa-fik-chdu\/\" \/>\n<meta property=\"og:locale\" content=\"cs_CZ\" \/>\n<meta property=\"og:type\" content=\"article\" \/>\n<meta property=\"og:title\" content=\"KASA FIK CHD\u00da: Chr\u00e1nen\u00e9 d\u00e1tov\u00e9 \u00falo\u017eisko ur\u010den\u00e9 pre eKasu\" \/>\n<meta property=\"og:description\" content=\"KASA FIK je jedn\u00fdm z l\u00eddrov na trhu s eKasou. Vyv\u00edjame a pripravujeme k certifik\u00e1cii aj vlastn\u00e9 KASA FIK CHD\u00da, chr\u00e1nen\u00e9 d\u00e1tov\u00e9 \u00falo\u017eisko.\" \/>\n<meta property=\"og:url\" content=\"https:\/\/www.kasafik.cz\/web\/sk\/kasa-fik-chdu\/\" \/>\n<meta property=\"og:site_name\" content=\"KASA FIK\" \/>\n<meta property=\"article:modified_time\" content=\"2019-08-20T12:48:29+00:00\" \/>\n<meta name=\"twitter:card\" content=\"summary_large_image\" \/>\n<meta name=\"twitter:label1\" content=\"Odhadovan\u00e1 doba \u010dten\u00ed\" \/>\n\t<meta name=\"twitter:data1\" content=\"2 minuty\" \/>\n<script type=\"application\/ld+json\" class=\"yoast-schema-graph\">{\"@context\":\"https:\\\/\\\/schema.org\",\"@graph\":[{\"@type\":\"WebPage\",\"@id\":\"https:\\\/\\\/www.kasafik.cz\\\/web\\\/sk\\\/kasa-fik-chdu\\\/\",\"url\":\"https:\\\/\\\/www.kasafik.cz\\\/web\\\/sk\\\/kasa-fik-chdu\\\/\",\"name\":\"KASA FIK CHD\u00da: Chr\u00e1nen\u00e9 d\u00e1tov\u00e9 \u00falo\u017eisko ur\u010den\u00e9 pre eKasu\",\"isPartOf\":{\"@id\":\"https:\\\/\\\/www.kasafik.cz\\\/web\\\/#website\"},\"datePublished\":\"2019-02-06T08:26:35+00:00\",\"dateModified\":\"2019-08-20T12:48:29+00:00\",\"description\":\"KASA FIK je jedn\u00fdm z l\u00eddrov na trhu s eKasou. Vyv\u00edjame a pripravujeme k certifik\u00e1cii aj vlastn\u00e9 KASA FIK CHD\u00da, chr\u00e1nen\u00e9 d\u00e1tov\u00e9 \u00falo\u017eisko.\",\"breadcrumb\":{\"@id\":\"https:\\\/\\\/www.kasafik.cz\\\/web\\\/sk\\\/kasa-fik-chdu\\\/#breadcrumb\"},\"inLanguage\":\"cs\",\"potentialAction\":[{\"@type\":\"ReadAction\",\"target\":[\"https:\\\/\\\/www.kasafik.cz\\\/web\\\/sk\\\/kasa-fik-chdu\\\/\"]}]},{\"@type\":\"BreadcrumbList\",\"@id\":\"https:\\\/\\\/www.kasafik.cz\\\/web\\\/sk\\\/kasa-fik-chdu\\\/#breadcrumb\",\"itemListElement\":[{\"@type\":\"ListItem\",\"position\":1,\"name\":\"Home\",\"item\":\"https:\\\/\\\/origin.kasafik.cz\\\/web\\\/cs\\\/\"},{\"@type\":\"ListItem\",\"position\":2,\"name\":\"CHD\u00da &#8211; Chr\u00e1nen\u00e9 d\u00e1tov\u00e9 \u00falo\u017eisko &#8211; PPEKK\"}]},{\"@type\":\"WebSite\",\"@id\":\"https:\\\/\\\/www.kasafik.cz\\\/web\\\/#website\",\"url\":\"https:\\\/\\\/www.kasafik.cz\\\/web\\\/\",\"name\":\"KASA FIK\",\"description\":\"\",\"potentialAction\":[{\"@type\":\"SearchAction\",\"target\":{\"@type\":\"EntryPoint\",\"urlTemplate\":\"https:\\\/\\\/www.kasafik.cz\\\/web\\\/?s={search_term_string}\"},\"query-input\":{\"@type\":\"PropertyValueSpecification\",\"valueRequired\":true,\"valueName\":\"search_term_string\"}}],\"inLanguage\":\"cs\"}]}<\/script>\n<!-- \/ Yoast SEO plugin. -->","yoast_head_json":{"title":"KASA FIK CHD\u00da: Chr\u00e1nen\u00e9 d\u00e1tov\u00e9 \u00falo\u017eisko ur\u010den\u00e9 pre eKasu","description":"KASA FIK je jedn\u00fdm z l\u00eddrov na trhu s eKasou. Vyv\u00edjame a pripravujeme k certifik\u00e1cii aj vlastn\u00e9 KASA FIK CHD\u00da, chr\u00e1nen\u00e9 d\u00e1tov\u00e9 \u00falo\u017eisko.","robots":{"index":"index","follow":"follow","max-snippet":"max-snippet:-1","max-image-preview":"max-image-preview:large","max-video-preview":"max-video-preview:-1"},"canonical":"https:\/\/www.kasafik.cz\/web\/sk\/kasa-fik-chdu\/","og_locale":"cs_CZ","og_type":"article","og_title":"KASA FIK CHD\u00da: Chr\u00e1nen\u00e9 d\u00e1tov\u00e9 \u00falo\u017eisko ur\u010den\u00e9 pre eKasu","og_description":"KASA FIK je jedn\u00fdm z l\u00eddrov na trhu s eKasou. Vyv\u00edjame a pripravujeme k certifik\u00e1cii aj vlastn\u00e9 KASA FIK CHD\u00da, chr\u00e1nen\u00e9 d\u00e1tov\u00e9 \u00falo\u017eisko.","og_url":"https:\/\/www.kasafik.cz\/web\/sk\/kasa-fik-chdu\/","og_site_name":"KASA FIK","article_modified_time":"2019-08-20T12:48:29+00:00","twitter_card":"summary_large_image","twitter_misc":{"Odhadovan\u00e1 doba \u010dten\u00ed":"2 minuty"},"schema":{"@context":"https:\/\/schema.org","@graph":[{"@type":"WebPage","@id":"https:\/\/www.kasafik.cz\/web\/sk\/kasa-fik-chdu\/","url":"https:\/\/www.kasafik.cz\/web\/sk\/kasa-fik-chdu\/","name":"KASA FIK CHD\u00da: Chr\u00e1nen\u00e9 d\u00e1tov\u00e9 \u00falo\u017eisko ur\u010den\u00e9 pre eKasu","isPartOf":{"@id":"https:\/\/www.kasafik.cz\/web\/#website"},"datePublished":"2019-02-06T08:26:35+00:00","dateModified":"2019-08-20T12:48:29+00:00","description":"KASA FIK je jedn\u00fdm z l\u00eddrov na trhu s eKasou. Vyv\u00edjame a pripravujeme k certifik\u00e1cii aj vlastn\u00e9 KASA FIK CHD\u00da, chr\u00e1nen\u00e9 d\u00e1tov\u00e9 \u00falo\u017eisko.","breadcrumb":{"@id":"https:\/\/www.kasafik.cz\/web\/sk\/kasa-fik-chdu\/#breadcrumb"},"inLanguage":"cs","potentialAction":[{"@type":"ReadAction","target":["https:\/\/www.kasafik.cz\/web\/sk\/kasa-fik-chdu\/"]}]},{"@type":"BreadcrumbList","@id":"https:\/\/www.kasafik.cz\/web\/sk\/kasa-fik-chdu\/#breadcrumb","itemListElement":[{"@type":"ListItem","position":1,"name":"Home","item":"https:\/\/origin.kasafik.cz\/web\/cs\/"},{"@type":"ListItem","position":2,"name":"CHD\u00da &#8211; Chr\u00e1nen\u00e9 d\u00e1tov\u00e9 \u00falo\u017eisko &#8211; PPEKK"}]},{"@type":"WebSite","@id":"https:\/\/www.kasafik.cz\/web\/#website","url":"https:\/\/www.kasafik.cz\/web\/","name":"KASA FIK","description":"","potentialAction":[{"@type":"SearchAction","target":{"@type":"EntryPoint","urlTemplate":"https:\/\/www.kasafik.cz\/web\/?s={search_term_string}"},"query-input":{"@type":"PropertyValueSpecification","valueRequired":true,"valueName":"search_term_string"}}],"inLanguage":"cs"}]}},"jetpack_sharing_enabled":true,"_links":{"self":[{"href":"https:\/\/www.kasafik.cz\/web\/wp-json\/wp\/v2\/pages\/8238","targetHints":{"allow":["GET"]}}],"collection":[{"href":"https:\/\/www.kasafik.cz\/web\/wp-json\/wp\/v2\/pages"}],"about":[{"href":"https:\/\/www.kasafik.cz\/web\/wp-json\/wp\/v2\/types\/page"}],"author":[{"embeddable":true,"href":"https:\/\/www.kasafik.cz\/web\/wp-json\/wp\/v2\/users\/1"}],"replies":[{"embeddable":true,"href":"https:\/\/www.kasafik.cz\/web\/wp-json\/wp\/v2\/comments?post=8238"}],"version-history":[{"count":16,"href":"https:\/\/www.kasafik.cz\/web\/wp-json\/wp\/v2\/pages\/8238\/revisions"}],"predecessor-version":[{"id":9215,"href":"https:\/\/www.kasafik.cz\/web\/wp-json\/wp\/v2\/pages\/8238\/revisions\/9215"}],"wp:attachment":[{"href":"https:\/\/www.kasafik.cz\/web\/wp-json\/wp\/v2\/media?parent=8238"}],"curies":[{"name":"wp","href":"https:\/\/api.w.org\/{rel}","templated":true}]}}