{"id":777,"date":"2016-02-24T13:07:54","date_gmt":"2016-02-24T13:07:54","guid":{"rendered":"https:\/\/www.kasafik.cz\/web\/?page_id=777"},"modified":"2016-02-25T14:18:51","modified_gmt":"2016-02-25T14:18:51","slug":"online-services","status":"publish","type":"page","link":"https:\/\/www.kasafik.cz\/web\/cs\/online-services\/","title":{"rendered":"Online slu\u017eby"},"content":{"rendered":"<section class=\"container\">\n<div class=\"row\">\n<div class=\"col-md-4\">\n<img fetchpriority=\"high\" decoding=\"async\" width=\"220\" height=\"391\" src=\"https:\/\/www.kasafik.cz\/web\/wp-content\/uploads\/2016\/02\/virtualni-sluzby-fik.gif\" alt=\"virtualni sluzby kasa fik\"  style=\"max-width: 220px\" class=\"aligncenter size-full wp-image-791\" \/>\n<\/div>\n<div class=\"col-md-8\">\n<h1 class=\"thin\">Online slu\u017eby<\/h1>\n<p class=\"lead\">Zjednodu\u0161ujeme podnik\u00e1n\u00ed integrovan\u00fdmi slu\u017ebami<\/p>\n<p>Podnikatel\u00e9 \u010d\u00edm d\u00e1l \u010dast\u011bji pou\u017e\u00edvaj\u00ed online slu\u017eby. KASA FIK z\u00e1sadn\u011b zjednodu\u0161uje a zrychluje p\u0159\u00edstup k t\u011bmto slu\u017eb\u00e1m a integruje je p\u0159\u00edmo do jednoduch\u00e9ho rozhran\u00ed. Obsluha m\u00e1 pouze jedno m\u00edsto, co\u017e sni\u017euje chybovost, ale i zvy\u0161uje pov\u011bdomost o nov\u00fdch nab\u00eddk\u00e1ch.<\/p>\n<ul>\n<li>Slevov\u00e9 a v\u011brnostn\u00ed syst\u00e9my<\/li>\n<li>Po\u0161tovn\u00ed slu\u017eby<\/li>\n<li>Propojen\u00ed s e-shopy<\/li>\n<li><em>&#8230; a dal\u0161\u00ed<\/em><\/li>\n<\/ul>\n<h1 class=\"thin\">Virtu\u00e1ln\u00ed produkty<\/h1>\n<p class=\"lead\">Prodej p\u0159\u00edmo z pokladny<\/p>\n<p>KASA FIK je prvn\u00edm syst\u00e9mem, kter\u00fd integruje prodej virtu\u00e1ln\u00edch produkt\u016f z pokladny. Otev\u00edr\u00e1 tak nov\u00e9 mo\u017enosti roz\u0161\u00ed\u0159en\u00ed nab\u00eddky pr\u00e1v\u011b pro mal\u00e9 podnikatele.<\/p>\n<ul>\n<li>Prodej p\u0159edplacen\u00fdch karet<\/li>\n<li>Dob\u00edjen\u00ed kredit\u016f<\/li>\n<li>Prodej vstupenek<\/li>\n<li>Ov\u011b\u0159ov\u00e1n\u00ed identity<\/li>\n<li><em>&#8230; a dal\u0161\u00ed<\/em><\/li>\n<\/ul>\n<hr \/>\n<p>Jste poskytovatelem online slu\u017eeb a m\u00e1te API? R\u00e1di V\u00e1s integrujeme.<\/p>\n<div class=\"text-center\">\n<a class=\"btn btn-success btn-lg line\" href=\"..\/kontakty\/\">Napi\u0161te n\u00e1m!<\/a>\n<\/div>\n<hr \/>\n<\/div>\n<\/div>\n<div class=\"row\">\n<div class=\"col-md-12\">\n<a href=\"https:\/\/www.kasafik.cz\/web\/wp-content\/uploads\/2016\/02\/integrace-sluzby.png\" rel=\"attachment wp-att-794\"><img decoding=\"async\" width=\"924\" height=\"738\" src=\"https:\/\/www.kasafik.cz\/web\/wp-content\/uploads\/2016\/02\/integrace-sluzby.png\" alt=\"KASA FIK Virtualni sluzby\" class=\"aligncenter img-responsive size-full wp-image-794\" srcset=\"https:\/\/www.kasafik.cz\/web\/wp-content\/uploads\/2016\/02\/integrace-sluzby.png 924w, https:\/\/www.kasafik.cz\/web\/wp-content\/uploads\/2016\/02\/integrace-sluzby-600x479.png 600w, https:\/\/www.kasafik.cz\/web\/wp-content\/uploads\/2016\/02\/integrace-sluzby-300x240.png 300w, https:\/\/www.kasafik.cz\/web\/wp-content\/uploads\/2016\/02\/integrace-sluzby-768x613.png 768w\" sizes=\"(max-width: 924px) 100vw, 924px\" \/><\/a>\n<\/div>\n<\/div>\n<\/section>\n","protected":false},"excerpt":{"rendered":"<p>Online slu\u017eby Zjednodu\u0161ujeme podnik\u00e1n\u00ed integrovan\u00fdmi slu\u017ebami Podnikatel\u00e9 \u010d\u00edm d\u00e1l \u010dast\u011bji pou\u017e\u00edvaj\u00ed online slu\u017eby. KASA FIK z\u00e1sadn\u011b zjednodu\u0161uje a zrychluje p\u0159\u00edstup k t\u011bmto slu\u017eb\u00e1m a integruje je p\u0159\u00edmo do jednoduch\u00e9ho rozhran\u00ed. Obsluha m\u00e1 pouze jedno m\u00edsto, co\u017e sni\u017euje chybovost, ale i zvy\u0161uje pov\u011bdomost o nov\u00fdch nab\u00eddk\u00e1ch. Slevov\u00e9 a v\u011brnostn\u00ed syst\u00e9my Po\u0161tovn\u00ed slu\u017eby Propojen\u00ed s e-shopy &#8230; [&hellip;]<\/p>\n","protected":false},"author":1,"featured_media":0,"parent":0,"menu_order":0,"comment_status":"closed","ping_status":"closed","template":"page-templates\/full-width.php","meta":{"footnotes":""},"class_list":["post-777","page","type-page","status-publish","hentry"],"yoast_head":"<!-- This site is optimized with the Yoast SEO plugin v27.4 - https:\/\/yoast.com\/product\/yoast-seo-wordpress\/ -->\n<title>Online slu\u017eby - KASA FIK<\/title>\n<meta name=\"robots\" content=\"index, follow, max-snippet:-1, max-image-preview:large, max-video-preview:-1\" \/>\n<link rel=\"canonical\" href=\"https:\/\/www.kasafik.cz\/web\/cs\/online-services\/\" \/>\n<meta property=\"og:locale\" content=\"cs_CZ\" \/>\n<meta property=\"og:type\" content=\"article\" \/>\n<meta property=\"og:title\" content=\"Online slu\u017eby - KASA FIK\" \/>\n<meta property=\"og:description\" content=\"Online slu\u017eby Zjednodu\u0161ujeme podnik\u00e1n\u00ed integrovan\u00fdmi slu\u017ebami Podnikatel\u00e9 \u010d\u00edm d\u00e1l \u010dast\u011bji pou\u017e\u00edvaj\u00ed online slu\u017eby. KASA FIK z\u00e1sadn\u011b zjednodu\u0161uje a zrychluje p\u0159\u00edstup k t\u011bmto slu\u017eb\u00e1m a integruje je p\u0159\u00edmo do jednoduch\u00e9ho rozhran\u00ed. Obsluha m\u00e1 pouze jedno m\u00edsto, co\u017e sni\u017euje chybovost, ale i zvy\u0161uje pov\u011bdomost o nov\u00fdch nab\u00eddk\u00e1ch. Slevov\u00e9 a v\u011brnostn\u00ed syst\u00e9my Po\u0161tovn\u00ed slu\u017eby Propojen\u00ed s e-shopy &#8230; [&hellip;]\" \/>\n<meta property=\"og:url\" content=\"https:\/\/www.kasafik.cz\/web\/cs\/online-services\/\" \/>\n<meta property=\"og:site_name\" content=\"KASA FIK\" \/>\n<meta property=\"article:modified_time\" content=\"2016-02-25T14:18:51+00:00\" \/>\n<meta property=\"og:image\" content=\"https:\/\/www.kasafik.cz\/web\/wp-content\/uploads\/2016\/02\/virtualni-sluzby-fik.gif\" \/>\n<meta name=\"twitter:card\" content=\"summary_large_image\" \/>\n<meta name=\"twitter:label1\" content=\"Odhadovan\u00e1 doba \u010dten\u00ed\" \/>\n\t<meta name=\"twitter:data1\" content=\"1 minuta\" \/>\n<script type=\"application\/ld+json\" class=\"yoast-schema-graph\">{\"@context\":\"https:\\\/\\\/schema.org\",\"@graph\":[{\"@type\":\"WebPage\",\"@id\":\"https:\\\/\\\/www.kasafik.cz\\\/web\\\/cs\\\/online-services\\\/\",\"url\":\"https:\\\/\\\/www.kasafik.cz\\\/web\\\/cs\\\/online-services\\\/\",\"name\":\"Online slu\u017eby - KASA FIK\",\"isPartOf\":{\"@id\":\"https:\\\/\\\/www.kasafik.cz\\\/web\\\/#website\"},\"primaryImageOfPage\":{\"@id\":\"https:\\\/\\\/www.kasafik.cz\\\/web\\\/cs\\\/online-services\\\/#primaryimage\"},\"image\":{\"@id\":\"https:\\\/\\\/www.kasafik.cz\\\/web\\\/cs\\\/online-services\\\/#primaryimage\"},\"thumbnailUrl\":\"https:\\\/\\\/www.kasafik.cz\\\/web\\\/wp-content\\\/uploads\\\/2016\\\/02\\\/virtualni-sluzby-fik.gif\",\"datePublished\":\"2016-02-24T13:07:54+00:00\",\"dateModified\":\"2016-02-25T14:18:51+00:00\",\"breadcrumb\":{\"@id\":\"https:\\\/\\\/www.kasafik.cz\\\/web\\\/cs\\\/online-services\\\/#breadcrumb\"},\"inLanguage\":\"cs\",\"potentialAction\":[{\"@type\":\"ReadAction\",\"target\":[\"https:\\\/\\\/www.kasafik.cz\\\/web\\\/cs\\\/online-services\\\/\"]}]},{\"@type\":\"ImageObject\",\"inLanguage\":\"cs\",\"@id\":\"https:\\\/\\\/www.kasafik.cz\\\/web\\\/cs\\\/online-services\\\/#primaryimage\",\"url\":\"https:\\\/\\\/www.kasafik.cz\\\/web\\\/wp-content\\\/uploads\\\/2016\\\/02\\\/virtualni-sluzby-fik.gif\",\"contentUrl\":\"https:\\\/\\\/www.kasafik.cz\\\/web\\\/wp-content\\\/uploads\\\/2016\\\/02\\\/virtualni-sluzby-fik.gif\",\"width\":220,\"height\":391},{\"@type\":\"BreadcrumbList\",\"@id\":\"https:\\\/\\\/www.kasafik.cz\\\/web\\\/cs\\\/online-services\\\/#breadcrumb\",\"itemListElement\":[{\"@type\":\"ListItem\",\"position\":1,\"name\":\"Home\",\"item\":\"https:\\\/\\\/origin.kasafik.cz\\\/web\\\/cs\\\/\"},{\"@type\":\"ListItem\",\"position\":2,\"name\":\"Online slu\u017eby\"}]},{\"@type\":\"WebSite\",\"@id\":\"https:\\\/\\\/www.kasafik.cz\\\/web\\\/#website\",\"url\":\"https:\\\/\\\/www.kasafik.cz\\\/web\\\/\",\"name\":\"KASA FIK\",\"description\":\"\",\"potentialAction\":[{\"@type\":\"SearchAction\",\"target\":{\"@type\":\"EntryPoint\",\"urlTemplate\":\"https:\\\/\\\/www.kasafik.cz\\\/web\\\/?s={search_term_string}\"},\"query-input\":{\"@type\":\"PropertyValueSpecification\",\"valueRequired\":true,\"valueName\":\"search_term_string\"}}],\"inLanguage\":\"cs\"}]}<\/script>\n<!-- \/ Yoast SEO plugin. -->","yoast_head_json":{"title":"Online slu\u017eby - KASA FIK","robots":{"index":"index","follow":"follow","max-snippet":"max-snippet:-1","max-image-preview":"max-image-preview:large","max-video-preview":"max-video-preview:-1"},"canonical":"https:\/\/www.kasafik.cz\/web\/cs\/online-services\/","og_locale":"cs_CZ","og_type":"article","og_title":"Online slu\u017eby - KASA FIK","og_description":"Online slu\u017eby Zjednodu\u0161ujeme podnik\u00e1n\u00ed integrovan\u00fdmi slu\u017ebami Podnikatel\u00e9 \u010d\u00edm d\u00e1l \u010dast\u011bji pou\u017e\u00edvaj\u00ed online slu\u017eby. KASA FIK z\u00e1sadn\u011b zjednodu\u0161uje a zrychluje p\u0159\u00edstup k t\u011bmto slu\u017eb\u00e1m a integruje je p\u0159\u00edmo do jednoduch\u00e9ho rozhran\u00ed. Obsluha m\u00e1 pouze jedno m\u00edsto, co\u017e sni\u017euje chybovost, ale i zvy\u0161uje pov\u011bdomost o nov\u00fdch nab\u00eddk\u00e1ch. Slevov\u00e9 a v\u011brnostn\u00ed syst\u00e9my Po\u0161tovn\u00ed slu\u017eby Propojen\u00ed s e-shopy &#8230; [&hellip;]","og_url":"https:\/\/www.kasafik.cz\/web\/cs\/online-services\/","og_site_name":"KASA FIK","article_modified_time":"2016-02-25T14:18:51+00:00","og_image":[{"url":"https:\/\/www.kasafik.cz\/web\/wp-content\/uploads\/2016\/02\/virtualni-sluzby-fik.gif","type":"","width":"","height":""}],"twitter_card":"summary_large_image","twitter_misc":{"Odhadovan\u00e1 doba \u010dten\u00ed":"1 minuta"},"schema":{"@context":"https:\/\/schema.org","@graph":[{"@type":"WebPage","@id":"https:\/\/www.kasafik.cz\/web\/cs\/online-services\/","url":"https:\/\/www.kasafik.cz\/web\/cs\/online-services\/","name":"Online slu\u017eby - KASA FIK","isPartOf":{"@id":"https:\/\/www.kasafik.cz\/web\/#website"},"primaryImageOfPage":{"@id":"https:\/\/www.kasafik.cz\/web\/cs\/online-services\/#primaryimage"},"image":{"@id":"https:\/\/www.kasafik.cz\/web\/cs\/online-services\/#primaryimage"},"thumbnailUrl":"https:\/\/www.kasafik.cz\/web\/wp-content\/uploads\/2016\/02\/virtualni-sluzby-fik.gif","datePublished":"2016-02-24T13:07:54+00:00","dateModified":"2016-02-25T14:18:51+00:00","breadcrumb":{"@id":"https:\/\/www.kasafik.cz\/web\/cs\/online-services\/#breadcrumb"},"inLanguage":"cs","potentialAction":[{"@type":"ReadAction","target":["https:\/\/www.kasafik.cz\/web\/cs\/online-services\/"]}]},{"@type":"ImageObject","inLanguage":"cs","@id":"https:\/\/www.kasafik.cz\/web\/cs\/online-services\/#primaryimage","url":"https:\/\/www.kasafik.cz\/web\/wp-content\/uploads\/2016\/02\/virtualni-sluzby-fik.gif","contentUrl":"https:\/\/www.kasafik.cz\/web\/wp-content\/uploads\/2016\/02\/virtualni-sluzby-fik.gif","width":220,"height":391},{"@type":"BreadcrumbList","@id":"https:\/\/www.kasafik.cz\/web\/cs\/online-services\/#breadcrumb","itemListElement":[{"@type":"ListItem","position":1,"name":"Home","item":"https:\/\/origin.kasafik.cz\/web\/cs\/"},{"@type":"ListItem","position":2,"name":"Online slu\u017eby"}]},{"@type":"WebSite","@id":"https:\/\/www.kasafik.cz\/web\/#website","url":"https:\/\/www.kasafik.cz\/web\/","name":"KASA FIK","description":"","potentialAction":[{"@type":"SearchAction","target":{"@type":"EntryPoint","urlTemplate":"https:\/\/www.kasafik.cz\/web\/?s={search_term_string}"},"query-input":{"@type":"PropertyValueSpecification","valueRequired":true,"valueName":"search_term_string"}}],"inLanguage":"cs"}]}},"jetpack_sharing_enabled":true,"_links":{"self":[{"href":"https:\/\/www.kasafik.cz\/web\/wp-json\/wp\/v2\/pages\/777","targetHints":{"allow":["GET"]}}],"collection":[{"href":"https:\/\/www.kasafik.cz\/web\/wp-json\/wp\/v2\/pages"}],"about":[{"href":"https:\/\/www.kasafik.cz\/web\/wp-json\/wp\/v2\/types\/page"}],"author":[{"embeddable":true,"href":"https:\/\/www.kasafik.cz\/web\/wp-json\/wp\/v2\/users\/1"}],"replies":[{"embeddable":true,"href":"https:\/\/www.kasafik.cz\/web\/wp-json\/wp\/v2\/comments?post=777"}],"version-history":[{"count":9,"href":"https:\/\/www.kasafik.cz\/web\/wp-json\/wp\/v2\/pages\/777\/revisions"}],"predecessor-version":[{"id":796,"href":"https:\/\/www.kasafik.cz\/web\/wp-json\/wp\/v2\/pages\/777\/revisions\/796"}],"wp:attachment":[{"href":"https:\/\/www.kasafik.cz\/web\/wp-json\/wp\/v2\/media?parent=777"}],"curies":[{"name":"wp","href":"https:\/\/api.w.org\/{rel}","templated":true}]}}