{"id":5122,"date":"2017-08-01T21:10:06","date_gmt":"2017-08-01T21:10:06","guid":{"rendered":"https:\/\/www.kasafik.cz\/web\/?page_id=5122"},"modified":"2021-07-20T09:26:57","modified_gmt":"2021-07-20T09:26:57","slug":"erecept","status":"publish","type":"page","link":"https:\/\/www.kasafik.cz\/web\/cs\/erecept\/","title":{"rendered":"EET + eRecept + eNeschopenka"},"content":{"rendered":"<div class=\"container-fluid\" style=\"padding-top: 6em; background-image: url('\/web\/wp-content\/uploads\/2017\/09\/eRecept-lekari.jpg'); color: white; background-repeat: no-repeat;\">\n<div class=\"container\">\n<div class=\"row\">\n<div class=\"col-md-7 text-center\">\n<h1 class=\"thin\" style=\"margin-top: 2em; font-size: 48px; background-color: rgba(255,255,255,0.8); padding: 0.6em; margin-bottom: 0;\">KASA FIK pro l\u00e9ka\u0159e<\/h1>\n<h3 class=\"thin\" style=\"border-top: 2px solid black; padding-top: 0.5em; background-color: rgba(255,255,255,0.5); padding: 0.6em;\">Mobiln\u00ed \u0159e\u0161en\u00ed EET, eReceptu a eNeschopenky<\/h3>\n<div style=\"margin-top: 4em; background-color: rgba(255,255,255,0.6);\">\n               <video id=\"player\" style=\"width: 98%; height: auto; margin: 1%;\" src=\"\/d\/KASAFIK_eRecept.mp4\" autoplay=\"autoplay\" loop=\"loop\" muted=\"\" width=\"300\" height=\"150\"><\/video>\n            <\/div>\n<\/p><\/div>\n<\/p><\/div>\n<\/p><\/div>\n<\/div>\n<div class=\"container\">\n<div class=\"row\">\n<div class=\"col-md-7 text-center\" style=\"padding-bottom: 3em;\">\n<h3 class=\"thin\" style=\"margin-top: 2em; line-height: 140%;\">K dod\u00e1n\u00ed <u>ihned<\/u> v\u010d. za\u0161kolen\u00ed p\u0159\u00edmo ve Va\u0161\u00ed ordinaci.<\/h3>\n<p>KASA FIK je expert na \u0159e\u0161en\u00ed pro l\u00e9ka\u0159e, ordinace i mal\u00e9 nemocnice. V\u00edce jak 1 000 l\u00e9ka\u0159\u016f d\u016fv\u011b\u0159uje na\u0161emu syst\u00e9mu p\u0159i vystavov\u00e1n\u00ed <strong>eRecept\u016f, eNeschopenek a e-Tr\u017eeb<\/strong>. S n\u00e1mi vy\u0159e\u0161\u00edte pohodln\u011b v\u0161echny legislativn\u00ed n\u00e1le\u017eitosti a zjednodu\u0161\u00edte si pr\u00e1ci. Na\u0161i profesion\u00e1lov\u00e9 se postaraj\u00ed o bezprobl\u00e9mov\u00fd chod Va\u0161\u00ed ordinace.<\/p>\n<ul class=\"list-unstyled materialcheck text-left\" style=\"border-top: 1px solid white; padding-top: 1.2em;\">\n<li><i class=\"material-icons\">chevron_right<\/i><span>Pln\u011b mobiln\u00ed &#8211; zajist\u00edte v\u00fddej recept\u016f ve <strong>v\u00edce ordinac\u00edch i v ter\u00e9nu<\/strong><\/li>\n<li><i class=\"material-icons\">chevron_right<\/i><span><strong>Nepot\u0159ebujete po\u010d\u00edta\u010d<\/strong><\/li>\n<li><i class=\"material-icons\">chevron_right<\/i><span>Zabudovan\u00e9 mobiln\u00ed p\u0159ipojen\u00ed se SIM i WiFi<\/li>\n<li><i class=\"material-icons\">chevron_right<\/i><span>Okam\u017eit\u00fd tisk bez prodlevy<\/li>\n<li><i class=\"material-icons\">chevron_right<\/i><span>Jednodu\u0161e ovladateln\u00e1 aplikace s aktu\u00e1ln\u00edm\u00ed \u010d\u00edseln\u00edky S\u00daKL i VZP<\/li>\n<li><i class=\"material-icons\">chevron_right<\/i><span>N\u00edzkon\u00e1kladov\u00e9 \u0159e\u0161en\u00ed bez dal\u0161\u00edch investic<\/li>\n<li><i class=\"material-icons\">chevron_right<\/i><span>Dlouh\u00e1 v\u00fddr\u017e baterie, a\u017e t\u00fdden provozu bez nabit\u00ed<\/li>\n<li><i class=\"material-icons\">chevron_right<\/i><span>Odoln\u00fd materi\u00e1l a dlouh\u00e1 \u017eivotnost<\/li>\n<li><i class=\"material-icons\">chevron_right<\/i><span>Pravideln\u00e9 aktualizace a legislativn\u00ed zm\u011bny<\/li>\n<\/ul><\/div>\n<div class=\"col-md-5\" style=\"padding-top: 1em;\">\n<div><img fetchpriority=\"high\" decoding=\"async\" width=\"1024\" height=\"1024\" class=\"aligncenter size-large wp-image-5288 img-responsive\" src=\"\/web\/wp-content\/uploads\/2017\/08\/KASA-FIK-ORANGE-3-zarizeni-front-erecept-1024x1024.png\" alt=\"KASA FIK eRecept pro Lekare Aplikace ePreskripce\" srcset=\"https:\/\/www.kasafik.cz\/web\/wp-content\/uploads\/2017\/08\/KASA-FIK-ORANGE-3-zarizeni-front-erecept-1024x1024.png 1024w, https:\/\/www.kasafik.cz\/web\/wp-content\/uploads\/2017\/08\/KASA-FIK-ORANGE-3-zarizeni-front-erecept-600x600.png 600w, https:\/\/www.kasafik.cz\/web\/wp-content\/uploads\/2017\/08\/KASA-FIK-ORANGE-3-zarizeni-front-erecept-100x100.png 100w, https:\/\/www.kasafik.cz\/web\/wp-content\/uploads\/2017\/08\/KASA-FIK-ORANGE-3-zarizeni-front-erecept-150x150.png 150w, https:\/\/www.kasafik.cz\/web\/wp-content\/uploads\/2017\/08\/KASA-FIK-ORANGE-3-zarizeni-front-erecept-300x300.png 300w, https:\/\/www.kasafik.cz\/web\/wp-content\/uploads\/2017\/08\/KASA-FIK-ORANGE-3-zarizeni-front-erecept-768x768.png 768w\" sizes=\"(max-width: 1024px) 100vw, 1024px\" \/><\/div>\n<\/p><\/div>\n<\/p><\/div>\n<\/div>\n<div class=\"container-fluid\" style=\"background-image: url('\/web\/wp-content\/uploads\/2016\/07\/kasafik-tablet-home-blue-bg.jpg'); background-size: cover; padding-top: 2em; padding-bottom: 2em;\">\n<div class=\"container\">\n<div class=\"row\">\n<div class=\"col-md-5\"><img decoding=\"async\" class=\"aligncenter size-full wp-image-5274 img-responsive\" style=\"max-height: 800px;\" src=\"\/web\/wp-content\/uploads\/2017\/08\/erecept-layout-explained-white2.png\" alt=\"eRecept KASA FIK Vzor\" \/><\/div>\n<div class=\"col-md-7 text-center\" style=\"color: white;\">\n<h1 class=\"thin\" style=\"margin-top: 1em; margin-bottom: 0.5em; font-size: 48px; color: white;\">Funkce programu KASA FIK eRecept<\/h1>\n<ul class=\"list-unstyled materialcheck text-left\" style=\"border-top: 1px solid white; padding-top: 1.2em;\">\n<li><i class=\"material-icons\">chevron_right<\/i><span>Aktu\u00e1ln\u00ed datab\u00e1ze l\u00e9k\u016f a \u00fa\u010din\u00fdch l\u00e1tek<\/li>\n<li><i class=\"material-icons\">chevron_right<\/i><span>Vyhled\u00e1v\u00e1n\u00ed l\u00e9k\u016f podle n\u00e1zvu, k\u00f3du, \u00fa\u010dinn\u00e9 l\u00e1tky<\/li>\n<li><i class=\"material-icons\">chevron_right<\/i><span>Integrovan\u00e1 datab\u00e1ze pacient\u016f (kartot\u00e9ka)<\/li>\n<li><i class=\"material-icons\">chevron_right<\/i><span>Zabezpe\u010den\u00ed za\u0159\u00edzen\u00ed i aplikace proti zneu\u017eit\u00ed<\/li>\n<li><i class=\"material-icons\">chevron_right<\/i><span>Mo\u017enost provozu v\u00edce l\u00e9ka\u0159\u016f na jednom za\u0159\u00edzen\u00ed<\/li>\n<li><i class=\"material-icons\">chevron_right<\/i><span>Import a propojen\u00ed kartot\u00e9ky s Va\u0161\u00edm sou\u010dasn\u00fdm syst\u00e9mem (CSV, API)<\/li>\n<li><i class=\"material-icons\">chevron_right<\/i><span>Vystaven\u00ed eReceptu, zm\u011bny, zru\u0161en\u00ed (HVLP i IPLP)<\/li>\n<li><i class=\"material-icons\">chevron_right<\/i><span>Jednor\u00e1zov\u00e9 vystaven\u00ed eReceptu pro pacienta bez nutnosti zav\u00e1d\u011bt do kartot\u00e9ky<\/li>\n<li><i class=\"material-icons\">chevron_right<\/i><span>Tisk eReceptu na zabudovan\u00e9 tisk\u00e1rn\u011b s \u010d\u00e1rov\u00fdm a QR k\u00f3dem<\/li>\n<li><i class=\"material-icons\">chevron_right<\/i><span>Voliteln\u011b tisk v\u0161ech n\u00e1le\u017eitost\u00ed (l\u00e9k, d\u00e1vkov\u00e1n\u00ed, informace o pacientovi)<\/li>\n<li><i class=\"material-icons\">chevron_right<\/i><span>Novinka: Napojen\u00ed na <strong>eNeschopenka 2019<\/strong><\/li>\n<\/ul><\/div>\n<\/p><\/div>\n<\/p><\/div>\n<\/div>\n<div class=\"container-fluid\" style=\"padding-bottom: 3em; margin-top: 5em;\">\n<div class=\"container\">\n<div class=\"row\">\n<div class=\"col-md-6 text-center\" style=\"padding-bottom: 3em;\">\n<h3>Propojen\u00ed s PC syst\u00e9my<\/h3>\n<p>Do KASA FIK eRecept lze jednodu\u0161e naimportovat Va\u0161i kartot\u00e9ku z ji\u017e existuj\u00edc\u00edch PC program\u016f. Dopln\u011bn\u00ed Va\u0161eho programu je tak jednoduch\u00e9 a z\u00edsk\u00e1te mobiln\u00ed za\u0159\u00edzen\u00ed ke st\u00e1vaj\u00edc\u00edmu syst\u00e9mu. KASA FIK eRecept nav\u00edc um\u00ed na\u010d\u00edst v\u0161echny eRecepty z \u00falo\u017ei\u0161t\u011b S\u00daKL a tak m\u00e1te v\u0161e pohodln\u011b na jednom m\u00edst\u011b i na cest\u00e1ch.<\/p>\n<h3>Propojen\u00ed s EET Pokladnou<\/h3>\n<p>            Jedno za\u0159\u00edzen\u00ed V\u00e1m umo\u017en\u00ed nejen vystavovat eRecepty, ale i eNeschopenky a EET \u00fa\u010dtenky.\n         <\/p><\/div>\n<div class=\"col-md-6 text-center\" style=\"padding-bottom: 3em;\">\n<h3 class=\"thin\">\u010casov\u00e1 osa<\/h3>\n<table class=\"table\">\n<tbody>\n<tr>\n<td>Z\u00edsk\u00e1n\u00ed Kvalifikovan\u00e9ho certifik\u00e1tu<\/td>\n<td>1 den &#8211; 396 K\u010d<\/td>\n<\/tr>\n<tr>\n<td>Z\u00edsk\u00e1n\u00ed S\u00daKL certifik\u00e1tu<\/td>\n<td>14-21 dn\u00ed &#8211; ZDARMA<\/td>\n<\/tr>\n<tr>\n<td>Z\u00edsk\u00e1n\u00ed certifik\u00e1tu pro EET<\/td>\n<td>2 dny s datovou schr\u00e1nkou<br \/>\n                        10 dn\u00ed po\u0161tou &#8211; ZDARMA\n                     <\/td>\n<\/tr>\n<tr>\n<td>Instalace a za\u0161kolen\u00ed eRecept + eNeschopenka + EET<\/td>\n<td>1-2 hodiny<\/td>\n<\/tr>\n<\/tbody>\n<\/table>\n<h3 class=\"thin\">Cena<\/h3>\n<table class=\"table\">\n<tbody>\n<tr>\n<td>\n                        Po\u0159izovac\u00ed cena za\u0159\u00edzen\u00ed<\/p>\n<p class=\"small\">v\u010d. programu eRecept, eNeschopenka a programu EET<\/p>\n<\/td>\n<td>\n<h3 class=\"thin price-new\"><mark><strong>11 999<\/strong> K\u010d<\/mark> <small>bez DPH<\/small><\/h3>\n<\/td>\n<\/tr>\n<tr>\n<td>Aktualizace \u010d\u00edseln\u00edk\u016f<\/td>\n<td>ZDARMA<\/td>\n<\/tr>\n<tr>\n<td>Z\u0159\u00edzen\u00ed certifik\u00e1t\u016f S\u00daKL<\/td>\n<td>ZDARMA<\/td>\n<\/tr>\n<tr>\n<td>Za\u0161kolen\u00ed a instalance na m\u00edst\u011b<\/td>\n<td>\n<p class=\"small\">dle regionu a rozsahu<\/p>\n<\/td>\n<\/tr>\n<\/tbody>\n<\/table><\/div>\n<\/p><\/div>\n<div class=\"row\">\n<div class=\"col-md-6 text-center\" style=\"padding-bottom: 3em;\">\n<h1 class=\"thin\">Slu\u017eby<\/h1>\n<h3 class=\"thin\" style=\"border-top: 1px solid #006DD9; padding-top: 0.5em;\">Na\u0161i servisn\u00ed a obchodn\u00ed partne\u0159i nab\u00edzej\u00ed<\/h3>\n<ul class=\"list-unstyled materialcheck text-left\" style=\"border-top: 1px solid white; padding-top: 1.2em;\">\n<li><i class=\"material-icons\">chevron_right<\/i><span>KASA FIK poskytuje instalace a servis po cel\u00e9 \u010cR<\/li>\n<li><i class=\"material-icons\">chevron_right<\/i><span>Nej\u0161ir\u0161\u00ed s\u00ed\u0165 specialist\u016f na EET a eRecept p\u0159\u00edmo ve Va\u0161em regionu<\/li>\n<li><i class=\"material-icons\">chevron_right<\/i><span>Pom\u016f\u017eeme se z\u00edsk\u00e1n\u00edm certifikat\u016f, nastaven\u00edm a za\u0161kolen\u00edm<\/li>\n<li><i class=\"material-icons\">chevron_right<\/i><span>Naimportujeme st\u00e1vaj\u00edc\u00ed kartot\u00e9ku<\/li>\n<\/ul><\/div>\n<div class=\"col-md-6 text-center\">\n<h1 class=\"thin\">Pro\u010d KASA FIK<\/h1>\n<h3 class=\"thin\" style=\"border-top: 1px solid #006DD9; padding-top: 0.5em;\"><\/h3>\n<ul class=\"list-unstyled materialcheck text-left\" style=\"border-top: 1px solid white; padding-top: 1.2em;\">\n<li><i class=\"material-icons\">chevron_right<\/i><span>Certifikovan\u00fd software od S\u00daKL, spl\u0148uje v\u0161echny n\u00e1le\u017eitosti<\/li>\n<li><i class=\"material-icons\">chevron_right<\/i><span>Jedno \u0159e\u0161en\u00ed jak pro EET tak pro eRecept i eNeschopenku<\/li>\n<li><i class=\"material-icons\">chevron_right<\/i><span>Jednoduch\u00e1 obsluha s rychl\u00fdm tiskem bez n\u00e1klad\u016f<\/li>\n<li><i class=\"material-icons\">chevron_right<\/i><span>WiFi nebo mobiln\u00ed p\u0159ipojen\u00ed kdekoliv<\/li>\n<\/ul><\/div>\n<\/p><\/div>\n<\/p><\/div>\n<\/div>\n<div class=\"container\" style=\"margin-bottom: 3em;\">\n<h2 class=\"thin\">Nev\u00e1hejte se zeptat na\u0161ich specialist\u016f<\/h2>\n<div class=\"row\">\n<div class=\"col-md-4\"><a class=\"btn btn-primary btn-lg line\" style=\"width: 100%;\" href=\"\/web\/cs\/poptavka\/\">POPT\u00c1VKA<\/a><\/div>\n<div class=\"col-md-4\"><a class=\"btn btn-warning btn-lg line\" style=\"width: 100%;\" href=\"\/web\/cs\/kontakty\/\">NAJ\u00cdT PRODEJNU<\/a><\/div>\n<div class=\"col-md-4\"><button id=\"orange-bottom-large\" class=\"btn btn-success btn-lg line chat-online btn-default\" style=\"width: 100%;\"><i class=\"material-icons\" style=\"margin-right: 8px; font-size: 18px;\">message<\/i>ONLINE CHAT SE SPECIALISTOU<\/button><\/div>\n<\/p><\/div>\n<\/div>\n<div class=\"container hidden-xs\" style=\"padding-bottom: 3em;\">\n<div class=\"row\">\n<div class=\"col-md-12\">\n<div class=\"table-responsive\"><\/div>\n<\/p><\/div>\n<\/p><\/div>\n<\/div>\n","protected":false},"excerpt":{"rendered":"<p>KASA FIK pro l\u00e9ka\u0159e Mobiln\u00ed \u0159e\u0161en\u00ed EET, eReceptu a eNeschopenky K dod\u00e1n\u00ed ihned v\u010d. za\u0161kolen\u00ed p\u0159\u00edmo ve Va\u0161\u00ed ordinaci. KASA FIK je expert na \u0159e\u0161en\u00ed pro l\u00e9ka\u0159e, ordinace i mal\u00e9 nemocnice. V\u00edce jak 1 000 l\u00e9ka\u0159\u016f d\u016fv\u011b\u0159uje na\u0161emu syst\u00e9mu p\u0159i vystavov\u00e1n\u00ed eRecept\u016f, eNeschopenek a e-Tr\u017eeb. S n\u00e1mi vy\u0159e\u0161\u00edte pohodln\u011b v\u0161echny legislativn\u00ed n\u00e1le\u017eitosti a zjednodu\u0161\u00edte si [&hellip;]<\/p>\n","protected":false},"author":1,"featured_media":0,"parent":0,"menu_order":0,"comment_status":"closed","ping_status":"closed","template":"page-templates\/full-width-notop-margin.php","meta":{"footnotes":""},"class_list":["post-5122","page","type-page","status-publish","hentry"],"yoast_head":"<!-- This site is optimized with the Yoast SEO plugin v27.4 - https:\/\/yoast.com\/product\/yoast-seo-wordpress\/ -->\n<title>EET + eRecept + eNeschopenka - KASA FIK<\/title>\n<meta name=\"robots\" content=\"index, follow, max-snippet:-1, max-image-preview:large, max-video-preview:-1\" \/>\n<link rel=\"canonical\" href=\"https:\/\/www.kasafik.cz\/web\/cs\/erecept\/\" \/>\n<meta property=\"og:locale\" content=\"cs_CZ\" \/>\n<meta property=\"og:type\" content=\"article\" \/>\n<meta property=\"og:title\" content=\"EET + eRecept + eNeschopenka - KASA FIK\" \/>\n<meta property=\"og:description\" content=\"KASA FIK pro l\u00e9ka\u0159e Mobiln\u00ed \u0159e\u0161en\u00ed EET, eReceptu a eNeschopenky K dod\u00e1n\u00ed ihned v\u010d. za\u0161kolen\u00ed p\u0159\u00edmo ve Va\u0161\u00ed ordinaci. KASA FIK je expert na \u0159e\u0161en\u00ed pro l\u00e9ka\u0159e, ordinace i mal\u00e9 nemocnice. V\u00edce jak 1 000 l\u00e9ka\u0159\u016f d\u016fv\u011b\u0159uje na\u0161emu syst\u00e9mu p\u0159i vystavov\u00e1n\u00ed eRecept\u016f, eNeschopenek a e-Tr\u017eeb. S n\u00e1mi vy\u0159e\u0161\u00edte pohodln\u011b v\u0161echny legislativn\u00ed n\u00e1le\u017eitosti a zjednodu\u0161\u00edte si [&hellip;]\" \/>\n<meta property=\"og:url\" content=\"https:\/\/www.kasafik.cz\/web\/cs\/erecept\/\" \/>\n<meta property=\"og:site_name\" content=\"KASA FIK\" \/>\n<meta property=\"article:modified_time\" content=\"2021-07-20T09:26:57+00:00\" \/>\n<meta name=\"twitter:card\" content=\"summary_large_image\" \/>\n<meta name=\"twitter:label1\" content=\"Odhadovan\u00e1 doba \u010dten\u00ed\" \/>\n\t<meta name=\"twitter:data1\" content=\"3 minuty\" \/>\n<script type=\"application\/ld+json\" class=\"yoast-schema-graph\">{\"@context\":\"https:\\\/\\\/schema.org\",\"@graph\":[{\"@type\":\"WebPage\",\"@id\":\"https:\\\/\\\/www.kasafik.cz\\\/web\\\/cs\\\/erecept\\\/\",\"url\":\"https:\\\/\\\/www.kasafik.cz\\\/web\\\/cs\\\/erecept\\\/\",\"name\":\"EET + eRecept + eNeschopenka - KASA FIK\",\"isPartOf\":{\"@id\":\"https:\\\/\\\/www.kasafik.cz\\\/web\\\/#website\"},\"datePublished\":\"2017-08-01T21:10:06+00:00\",\"dateModified\":\"2021-07-20T09:26:57+00:00\",\"breadcrumb\":{\"@id\":\"https:\\\/\\\/www.kasafik.cz\\\/web\\\/cs\\\/erecept\\\/#breadcrumb\"},\"inLanguage\":\"cs\",\"potentialAction\":[{\"@type\":\"ReadAction\",\"target\":[\"https:\\\/\\\/www.kasafik.cz\\\/web\\\/cs\\\/erecept\\\/\"]}]},{\"@type\":\"BreadcrumbList\",\"@id\":\"https:\\\/\\\/www.kasafik.cz\\\/web\\\/cs\\\/erecept\\\/#breadcrumb\",\"itemListElement\":[{\"@type\":\"ListItem\",\"position\":1,\"name\":\"Home\",\"item\":\"https:\\\/\\\/origin.kasafik.cz\\\/web\\\/cs\\\/\"},{\"@type\":\"ListItem\",\"position\":2,\"name\":\"EET + eRecept + eNeschopenka\"}]},{\"@type\":\"WebSite\",\"@id\":\"https:\\\/\\\/www.kasafik.cz\\\/web\\\/#website\",\"url\":\"https:\\\/\\\/www.kasafik.cz\\\/web\\\/\",\"name\":\"KASA FIK\",\"description\":\"\",\"potentialAction\":[{\"@type\":\"SearchAction\",\"target\":{\"@type\":\"EntryPoint\",\"urlTemplate\":\"https:\\\/\\\/www.kasafik.cz\\\/web\\\/?s={search_term_string}\"},\"query-input\":{\"@type\":\"PropertyValueSpecification\",\"valueRequired\":true,\"valueName\":\"search_term_string\"}}],\"inLanguage\":\"cs\"}]}<\/script>\n<!-- \/ Yoast SEO plugin. -->","yoast_head_json":{"title":"EET + eRecept + eNeschopenka - KASA FIK","robots":{"index":"index","follow":"follow","max-snippet":"max-snippet:-1","max-image-preview":"max-image-preview:large","max-video-preview":"max-video-preview:-1"},"canonical":"https:\/\/www.kasafik.cz\/web\/cs\/erecept\/","og_locale":"cs_CZ","og_type":"article","og_title":"EET + eRecept + eNeschopenka - KASA FIK","og_description":"KASA FIK pro l\u00e9ka\u0159e Mobiln\u00ed \u0159e\u0161en\u00ed EET, eReceptu a eNeschopenky K dod\u00e1n\u00ed ihned v\u010d. za\u0161kolen\u00ed p\u0159\u00edmo ve Va\u0161\u00ed ordinaci. KASA FIK je expert na \u0159e\u0161en\u00ed pro l\u00e9ka\u0159e, ordinace i mal\u00e9 nemocnice. V\u00edce jak 1 000 l\u00e9ka\u0159\u016f d\u016fv\u011b\u0159uje na\u0161emu syst\u00e9mu p\u0159i vystavov\u00e1n\u00ed eRecept\u016f, eNeschopenek a e-Tr\u017eeb. S n\u00e1mi vy\u0159e\u0161\u00edte pohodln\u011b v\u0161echny legislativn\u00ed n\u00e1le\u017eitosti a zjednodu\u0161\u00edte si [&hellip;]","og_url":"https:\/\/www.kasafik.cz\/web\/cs\/erecept\/","og_site_name":"KASA FIK","article_modified_time":"2021-07-20T09:26:57+00:00","twitter_card":"summary_large_image","twitter_misc":{"Odhadovan\u00e1 doba \u010dten\u00ed":"3 minuty"},"schema":{"@context":"https:\/\/schema.org","@graph":[{"@type":"WebPage","@id":"https:\/\/www.kasafik.cz\/web\/cs\/erecept\/","url":"https:\/\/www.kasafik.cz\/web\/cs\/erecept\/","name":"EET + eRecept + eNeschopenka - KASA FIK","isPartOf":{"@id":"https:\/\/www.kasafik.cz\/web\/#website"},"datePublished":"2017-08-01T21:10:06+00:00","dateModified":"2021-07-20T09:26:57+00:00","breadcrumb":{"@id":"https:\/\/www.kasafik.cz\/web\/cs\/erecept\/#breadcrumb"},"inLanguage":"cs","potentialAction":[{"@type":"ReadAction","target":["https:\/\/www.kasafik.cz\/web\/cs\/erecept\/"]}]},{"@type":"BreadcrumbList","@id":"https:\/\/www.kasafik.cz\/web\/cs\/erecept\/#breadcrumb","itemListElement":[{"@type":"ListItem","position":1,"name":"Home","item":"https:\/\/origin.kasafik.cz\/web\/cs\/"},{"@type":"ListItem","position":2,"name":"EET + eRecept + eNeschopenka"}]},{"@type":"WebSite","@id":"https:\/\/www.kasafik.cz\/web\/#website","url":"https:\/\/www.kasafik.cz\/web\/","name":"KASA FIK","description":"","potentialAction":[{"@type":"SearchAction","target":{"@type":"EntryPoint","urlTemplate":"https:\/\/www.kasafik.cz\/web\/?s={search_term_string}"},"query-input":{"@type":"PropertyValueSpecification","valueRequired":true,"valueName":"search_term_string"}}],"inLanguage":"cs"}]}},"jetpack_sharing_enabled":true,"_links":{"self":[{"href":"https:\/\/www.kasafik.cz\/web\/wp-json\/wp\/v2\/pages\/5122","targetHints":{"allow":["GET"]}}],"collection":[{"href":"https:\/\/www.kasafik.cz\/web\/wp-json\/wp\/v2\/pages"}],"about":[{"href":"https:\/\/www.kasafik.cz\/web\/wp-json\/wp\/v2\/types\/page"}],"author":[{"embeddable":true,"href":"https:\/\/www.kasafik.cz\/web\/wp-json\/wp\/v2\/users\/1"}],"replies":[{"embeddable":true,"href":"https:\/\/www.kasafik.cz\/web\/wp-json\/wp\/v2\/comments?post=5122"}],"version-history":[{"count":16,"href":"https:\/\/www.kasafik.cz\/web\/wp-json\/wp\/v2\/pages\/5122\/revisions"}],"predecessor-version":[{"id":11716,"href":"https:\/\/www.kasafik.cz\/web\/wp-json\/wp\/v2\/pages\/5122\/revisions\/11716"}],"wp:attachment":[{"href":"https:\/\/www.kasafik.cz\/web\/wp-json\/wp\/v2\/media?parent=5122"}],"curies":[{"name":"wp","href":"https:\/\/api.w.org\/{rel}","templated":true}]}}