{"id":476,"date":"2016-01-09T21:33:35","date_gmt":"2016-01-09T21:33:35","guid":{"rendered":"https:\/\/www.kasafik.cz\/web\/?page_id=476"},"modified":"2024-03-02T11:07:41","modified_gmt":"2024-03-02T11:07:41","slug":"signup","status":"publish","type":"page","link":"https:\/\/www.kasafik.cz\/web\/cs\/signup\/","title":{"rendered":"Nov\u00fd \u00fa\u010det (cs)"},"content":{"rendered":"<div class=\"container-fluid\" style=\"background-color: #f5f5f5;\">\n<style>\n   .myheaders{\ncolor: #449d44;\n   font-weight: 500;\n   font-size: 130%;\n   margin-top: 0;\n   padding-top: 0;\n}\nh3.myheaders{\nline-height: 140%;\n}\n<\/style>\n<div class=\"container\" style=\"background-color: white; margin-top: 60px; margin-bottom: 60px;\">\n<div class=\"row\" style=\"padding: 2em;\">\n<div class=\"col-md-5\" style=\"border-right: 3px solid rgba(0,0,0,0.05);\">\n<h3 class=\"myheaders\">Za\u010dn\u011bte evidovat svoje tr\u017eby je\u0161t\u011b dnes<\/h3>\n<p><small>Po registraci si st\u00e1hn\u011bte aplikaci pro va\u0161e za\u0159\u00edzen\u00ed a m\u016f\u017eete za\u010d\u00edt \u00fa\u010dtovat ihned. Aplikace jsou k dispozici pro mobil, tablet nebo na\u0161e profesion\u00e1ln\u00ed za\u0159\u00edzen\u00ed.<\/small><\/p>\n<h3 class=\"myheaders\">Port\u00e1l technick\u00e9 podpory<\/h3>\n<p><small>Ka\u017ed\u00fd registrovan\u00fd u\u017eivatel z\u00edsk\u00e1 p\u0159\u00edstup na port\u00e1l technick\u00e9 podpory a k n\u00e1vodu na webu <a href=\"https:\/\/manual.kasafik.cz\/\">manual.kasafik.cz<\/a>. M\u016f\u017eete tak\u00e9 zaslat Va\u0161e dotazy na\u0161im expert\u016fm, kte\u0159\u00ed V\u00e1m r\u00e1di porad\u00ed. Jsme na telefonu nebo online chatu 24\/7<\/small><\/p>\n<p><img fetchpriority=\"high\" decoding=\"async\" src=\"\/web\/wp-content\/uploads\/2020\/02\/samsung-s10-printer-300x227.png\" alt=\"\" width=\"300\" height=\"227\" class=\"aligncenter size-medium wp-image-10529\" srcset=\"https:\/\/www.kasafik.cz\/web\/wp-content\/uploads\/2020\/02\/samsung-s10-printer-300x227.png 300w, https:\/\/www.kasafik.cz\/web\/wp-content\/uploads\/2020\/02\/samsung-s10-printer-600x454.png 600w, https:\/\/www.kasafik.cz\/web\/wp-content\/uploads\/2020\/02\/samsung-s10-printer-768x581.png 768w, https:\/\/www.kasafik.cz\/web\/wp-content\/uploads\/2020\/02\/samsung-s10-printer.png 964w\" sizes=\"(max-width: 300px) 100vw, 300px\" \/>\n         <\/div>\n<form class=\"form-horizontal col-md-7\" method=\"post\" id=\"signupform\">\n            <input type=\"hidden\" name=\"SOURCE\" value=\"kasafik-signup\"><input type=\"hidden\" name=\"locale\" value=\"cs\" \/><input type=\"hidden\" id=\"gclid_field\" name=\"gclid_field\" value=\"\" \/><\/p>\n<h3 class=\"myheaders\">Vytvo\u0159en\u00ed nov\u00e9ho \u00fa\u010dtu<\/h3>\n<div class=\"form-group\">\n               <label for=\"inputEmail3\" class=\"col-sm-4 control-label\">Email<\/label><\/p>\n<div class=\"col-sm-8\">\n                  <input type=\"email\" name=\"DATA[EMAIL]\" class=\"form-control\" id=\"inputEmail3\" placeholder=\"Email\" autocomplete=\"off\">\n               <\/div>\n<\/p><\/div>\n<div class=\"form-group\">\n               <label for=\"inputPass\" class=\"col-sm-4 control-label\">Heslo<\/label><\/p>\n<div class=\"col-sm-8\">\n                  <input type=\"password\" name=\"DATA[PASSWORD]\" class=\"form-control\" id=\"inputPass\" placeholder=\"Heslo\" autocomplete=\"off\">\n               <\/div>\n<\/p><\/div>\n<div class=\"form-group\">\n               <label for=\"inputPhone\" class=\"col-sm-4 control-label\">Telefon<\/label><\/p>\n<div class=\"col-sm-3\">\n                  <input type=\"text\" name=\"DATA[PHONE_PREFIX]\" class=\"form-control\" id=\"inputPhonePrefix\" placeholder=\"prefix\" value=\"+420\" >\n               <\/div>\n<div class=\"col-sm-5\">\n                  <input type=\"text\" name=\"DATA[PHONE]\" class=\"form-control\" id=\"inputPhone\" placeholder=\"Telefon\" autocomplete=\"off\">\n               <\/div>\n<\/p><\/div>\n<div class=\"form-group\">\n               <label for=\"inputName\" class=\"col-sm-4 control-label\">Jm\u00e9no<\/label><\/p>\n<div class=\"col-sm-8\">\n                  <input type=\"text\" name=\"DATA[NAME]\" class=\"form-control\" id=\"inputName\" placeholder=\"Jm\u00e9no\">\n               <\/div>\n<\/p><\/div>\n<div class=\"form-group\">\n               <label for=\"inputCompany\" class=\"col-sm-4 control-label\">I\u010cO<\/label><\/p>\n<div class=\"col-sm-4\">\n                  <input type=\"text\" name=\"DATA[ICO]\" class=\"form-control\" id=\"inputIco\" placeholder=\"I\u010cO\" maxlength=\"8\" onchange=\"watchIco(this)\">\n               <\/div>\n<div class=\"col-sm-4\">\n                  <a class=\"btn btn-primary line btn-sm\" onclick=\"loadAres('#inputCompany');\">Na\u010d\u00edst z rejst\u0159\u00edku<\/a>\n               <\/div>\n<\/p><\/div>\n<div class=\"form-group\">\n               <label for=\"inputCompany\" class=\"col-sm-4 control-label\">Firma<\/label><\/p>\n<div class=\"col-sm-8\">\n                  <input type=\"text\" name=\"DATA[COMPANY]\" class=\"form-control\" id=\"inputCompany\" placeholder=\"Firma\">\n               <\/div>\n<\/p><\/div>\n<div class=\"form-group\">\n               <label for=\"inputRegion\" class=\"col-sm-4 control-label\">Kraj<\/label><\/p>\n<div class=\"col-sm-8\">\n                  <select id=\"region\" class=\"form-control\" name=\"DATA[REGION]\"><option value=\"\">&#8211; vyberte kraj &#8211;<\/option><option value=\"CZ-PR\">Hlavn\u00ed m\u011bsto Praha<\/option><option value=\"CZ-ST\">St\u0159edo\u010desk\u00fd<\/option><option value=\"CZ-JC\">Jiho\u010desk\u00fd<\/option><option value=\"CZ-PL\">Plze\u0148sk\u00fd<\/option><option value=\"CZ-KA\">Karlovarsk\u00fd<\/option><option value=\"CZ-US\">\u00dasteck\u00fd<\/option><option value=\"CZ-LI\">Libereck\u00fd<\/option><option value=\"CZ-KR\">Kr\u00e1lov\u00e9hradeck\u00fd<\/option><option value=\"CZ-PA\">Pardubick\u00fd<\/option><option value=\"CZ-OL\">Olomouck\u00fd<\/option><option value=\"CZ-MO\">Moravskoslezsk\u00fd<\/option><option value=\"CZ-JM\">Jihomoravsk\u00fd<\/option><option value=\"CZ-ZL\">Zl\u00ednsk\u00fd<\/option><option value=\"CZ-VY\">Vyso\u010dina<\/option><\/select>\n               <\/div>\n<\/p><\/div>\n<div class=\"form-group\" style=\"font-size: 80%\">\n<div class=\"col-sm-offset-2 col-sm-10\">\n<div class=\"checkbox\">\n                     <label><br \/>\n                     <input type=\"checkbox\" style=\"width: auto; height: auto;\"> Souhlas\u00edm se <a href=\"\/web\/cs\/vop\">v\u0161eobecn\u00fdmi obchodn\u00edmi podm\u00ednkami<\/a><br \/>\n                     <\/label>\n                  <\/div>\n<\/p><\/div>\n<\/p><\/div>\n<div class=\"form-group\">\n<div class=\"col-sm-offset-4 col-sm-8\">\n                  <button type=\"button\" class=\"btn btn-success line\" onclick=\"validateSignup('#signupform');\">Odeslat<\/button>\n               <\/div>\n<\/p><\/div>\n<\/p><\/form>\n<\/p><\/div>\n<\/p><\/div>\n<\/div>\n","protected":false},"excerpt":{"rendered":"<p>Za\u010dn\u011bte evidovat svoje tr\u017eby je\u0161t\u011b dnes Po registraci si st\u00e1hn\u011bte aplikaci pro va\u0161e za\u0159\u00edzen\u00ed a m\u016f\u017eete za\u010d\u00edt \u00fa\u010dtovat ihned. Aplikace jsou k dispozici pro mobil, tablet nebo na\u0161e profesion\u00e1ln\u00ed za\u0159\u00edzen\u00ed. Port\u00e1l technick\u00e9 podpory Ka\u017ed\u00fd registrovan\u00fd u\u017eivatel z\u00edsk\u00e1 p\u0159\u00edstup na port\u00e1l technick\u00e9 podpory a k n\u00e1vodu na webu manual.kasafik.cz. M\u016f\u017eete tak\u00e9 zaslat Va\u0161e dotazy na\u0161im expert\u016fm, [&hellip;]<\/p>\n","protected":false},"author":1,"featured_media":0,"parent":0,"menu_order":0,"comment_status":"closed","ping_status":"closed","template":"page-templates\/full-width-notop-margin.php","meta":{"footnotes":""},"class_list":["post-476","page","type-page","status-publish","hentry"],"yoast_head":"<!-- This site is optimized with the Yoast SEO plugin v27.2 - https:\/\/yoast.com\/product\/yoast-seo-wordpress\/ -->\n<title>Nov\u00fd \u00fa\u010det (cs) - KASA FIK<\/title>\n<meta name=\"robots\" content=\"noindex, nofollow\" \/>\n<meta property=\"og:locale\" content=\"cs_CZ\" \/>\n<meta property=\"og:type\" content=\"article\" \/>\n<meta property=\"og:title\" content=\"Nov\u00fd \u00fa\u010det (cs) - KASA FIK\" \/>\n<meta property=\"og:description\" content=\"Za\u010dn\u011bte evidovat svoje tr\u017eby je\u0161t\u011b dnes Po registraci si st\u00e1hn\u011bte aplikaci pro va\u0161e za\u0159\u00edzen\u00ed a m\u016f\u017eete za\u010d\u00edt \u00fa\u010dtovat ihned. Aplikace jsou k dispozici pro mobil, tablet nebo na\u0161e profesion\u00e1ln\u00ed za\u0159\u00edzen\u00ed. Port\u00e1l technick\u00e9 podpory Ka\u017ed\u00fd registrovan\u00fd u\u017eivatel z\u00edsk\u00e1 p\u0159\u00edstup na port\u00e1l technick\u00e9 podpory a k n\u00e1vodu na webu manual.kasafik.cz. M\u016f\u017eete tak\u00e9 zaslat Va\u0161e dotazy na\u0161im expert\u016fm, [&hellip;]\" \/>\n<meta property=\"og:url\" content=\"https:\/\/www.kasafik.cz\/web\/cs\/signup\/\" \/>\n<meta property=\"og:site_name\" content=\"KASA FIK\" \/>\n<meta property=\"article:modified_time\" content=\"2024-03-02T11:07:41+00:00\" \/>\n<meta name=\"twitter:card\" content=\"summary_large_image\" \/>\n<meta name=\"twitter:label1\" content=\"Odhadovan\u00e1 doba \u010dten\u00ed\" \/>\n\t<meta name=\"twitter:data1\" content=\"1 minuta\" \/>\n<script type=\"application\/ld+json\" class=\"yoast-schema-graph\">{\"@context\":\"https:\/\/schema.org\",\"@graph\":[{\"@type\":\"WebPage\",\"@id\":\"https:\/\/www.kasafik.cz\/web\/cs\/signup\/\",\"url\":\"https:\/\/www.kasafik.cz\/web\/cs\/signup\/\",\"name\":\"Nov\u00fd \u00fa\u010det (cs) - KASA FIK\",\"isPartOf\":{\"@id\":\"https:\/\/www.kasafik.cz\/web\/#website\"},\"datePublished\":\"2016-01-09T21:33:35+00:00\",\"dateModified\":\"2024-03-02T11:07:41+00:00\",\"breadcrumb\":{\"@id\":\"https:\/\/www.kasafik.cz\/web\/cs\/signup\/#breadcrumb\"},\"inLanguage\":\"cs\",\"potentialAction\":[{\"@type\":\"ReadAction\",\"target\":[\"https:\/\/www.kasafik.cz\/web\/cs\/signup\/\"]}]},{\"@type\":\"BreadcrumbList\",\"@id\":\"https:\/\/www.kasafik.cz\/web\/cs\/signup\/#breadcrumb\",\"itemListElement\":[{\"@type\":\"ListItem\",\"position\":1,\"name\":\"Home\",\"item\":\"https:\/\/origin.kasafik.cz\/web\/cs\/\"},{\"@type\":\"ListItem\",\"position\":2,\"name\":\"Nov\u00fd \u00fa\u010det (cs)\"}]},{\"@type\":\"WebSite\",\"@id\":\"https:\/\/www.kasafik.cz\/web\/#website\",\"url\":\"https:\/\/www.kasafik.cz\/web\/\",\"name\":\"KASA FIK\",\"description\":\"\",\"potentialAction\":[{\"@type\":\"SearchAction\",\"target\":{\"@type\":\"EntryPoint\",\"urlTemplate\":\"https:\/\/www.kasafik.cz\/web\/?s={search_term_string}\"},\"query-input\":{\"@type\":\"PropertyValueSpecification\",\"valueRequired\":true,\"valueName\":\"search_term_string\"}}],\"inLanguage\":\"cs\"}]}<\/script>\n<!-- \/ Yoast SEO plugin. -->","yoast_head_json":{"title":"Nov\u00fd \u00fa\u010det (cs) - KASA FIK","robots":{"index":"noindex","follow":"nofollow"},"og_locale":"cs_CZ","og_type":"article","og_title":"Nov\u00fd \u00fa\u010det (cs) - KASA FIK","og_description":"Za\u010dn\u011bte evidovat svoje tr\u017eby je\u0161t\u011b dnes Po registraci si st\u00e1hn\u011bte aplikaci pro va\u0161e za\u0159\u00edzen\u00ed a m\u016f\u017eete za\u010d\u00edt \u00fa\u010dtovat ihned. Aplikace jsou k dispozici pro mobil, tablet nebo na\u0161e profesion\u00e1ln\u00ed za\u0159\u00edzen\u00ed. Port\u00e1l technick\u00e9 podpory Ka\u017ed\u00fd registrovan\u00fd u\u017eivatel z\u00edsk\u00e1 p\u0159\u00edstup na port\u00e1l technick\u00e9 podpory a k n\u00e1vodu na webu manual.kasafik.cz. M\u016f\u017eete tak\u00e9 zaslat Va\u0161e dotazy na\u0161im expert\u016fm, [&hellip;]","og_url":"https:\/\/www.kasafik.cz\/web\/cs\/signup\/","og_site_name":"KASA FIK","article_modified_time":"2024-03-02T11:07:41+00:00","twitter_card":"summary_large_image","twitter_misc":{"Odhadovan\u00e1 doba \u010dten\u00ed":"1 minuta"},"schema":{"@context":"https:\/\/schema.org","@graph":[{"@type":"WebPage","@id":"https:\/\/www.kasafik.cz\/web\/cs\/signup\/","url":"https:\/\/www.kasafik.cz\/web\/cs\/signup\/","name":"Nov\u00fd \u00fa\u010det (cs) - KASA FIK","isPartOf":{"@id":"https:\/\/www.kasafik.cz\/web\/#website"},"datePublished":"2016-01-09T21:33:35+00:00","dateModified":"2024-03-02T11:07:41+00:00","breadcrumb":{"@id":"https:\/\/www.kasafik.cz\/web\/cs\/signup\/#breadcrumb"},"inLanguage":"cs","potentialAction":[{"@type":"ReadAction","target":["https:\/\/www.kasafik.cz\/web\/cs\/signup\/"]}]},{"@type":"BreadcrumbList","@id":"https:\/\/www.kasafik.cz\/web\/cs\/signup\/#breadcrumb","itemListElement":[{"@type":"ListItem","position":1,"name":"Home","item":"https:\/\/origin.kasafik.cz\/web\/cs\/"},{"@type":"ListItem","position":2,"name":"Nov\u00fd \u00fa\u010det (cs)"}]},{"@type":"WebSite","@id":"https:\/\/www.kasafik.cz\/web\/#website","url":"https:\/\/www.kasafik.cz\/web\/","name":"KASA FIK","description":"","potentialAction":[{"@type":"SearchAction","target":{"@type":"EntryPoint","urlTemplate":"https:\/\/www.kasafik.cz\/web\/?s={search_term_string}"},"query-input":{"@type":"PropertyValueSpecification","valueRequired":true,"valueName":"search_term_string"}}],"inLanguage":"cs"}]}},"jetpack_sharing_enabled":true,"_links":{"self":[{"href":"https:\/\/www.kasafik.cz\/web\/wp-json\/wp\/v2\/pages\/476","targetHints":{"allow":["GET"]}}],"collection":[{"href":"https:\/\/www.kasafik.cz\/web\/wp-json\/wp\/v2\/pages"}],"about":[{"href":"https:\/\/www.kasafik.cz\/web\/wp-json\/wp\/v2\/types\/page"}],"author":[{"embeddable":true,"href":"https:\/\/www.kasafik.cz\/web\/wp-json\/wp\/v2\/users\/1"}],"replies":[{"embeddable":true,"href":"https:\/\/www.kasafik.cz\/web\/wp-json\/wp\/v2\/comments?post=476"}],"version-history":[{"count":15,"href":"https:\/\/www.kasafik.cz\/web\/wp-json\/wp\/v2\/pages\/476\/revisions"}],"predecessor-version":[{"id":15722,"href":"https:\/\/www.kasafik.cz\/web\/wp-json\/wp\/v2\/pages\/476\/revisions\/15722"}],"wp:attachment":[{"href":"https:\/\/www.kasafik.cz\/web\/wp-json\/wp\/v2\/media?parent=476"}],"curies":[{"name":"wp","href":"https:\/\/api.w.org\/{rel}","templated":true}]}}