{"id":4727,"date":"2017-06-02T09:33:30","date_gmt":"2017-06-02T09:33:30","guid":{"rendered":"https:\/\/www.kasafik.cz\/web\/?page_id=4727"},"modified":"2017-12-27T15:11:38","modified_gmt":"2017-12-27T15:11:38","slug":"price-list","status":"publish","type":"page","link":"https:\/\/www.kasafik.cz\/web\/en\/price-list\/","title":{"rendered":"Price list"},"content":{"rendered":"<div class=\"container-fluid\">\n<div class=\"row text-center\">\n<h1 class=\"thin\" style=\"margin-top: 2em;\">Hardware, Supplies, &#038; Equipment<\/h1>\n<h3 class=\"thin\">CASHFIX bundle packages<\/h3>\n<style>\n.table.prtbl thead h4{\nfont-weight: 300;\n}\n.table.prtbl {\n    font-family: 'Roboto', sans-serif;\n}\n.table.prtbl tbody td{\n    vertical-align: middle;\n}\n<\/style>\n<table class=\"table prtbl table-responsive table-hover\" style=\"margin-top: 3em\">\n<thead style=\"background-color: rgba(0,0,0,0.02)\">\n<tr>\n<td><\/td>\n<td>\n<h4>Aplication<\/h4>\n<h3>CLASSIC<\/h3>\n<\/td>\n<td>\n<h4>package<\/h4>\n<h3><a href=\"..\/pokladni-system-orange\/\">ORANGE<\/a><\/h3>\n<p><small>Available<\/small><\/td>\n<td>\n<h4>package<\/h4>\n<h3>HIT<\/h3>\n<p><small>Available<\/small><\/td>\n<\/tr>\n<\/thead>\n<tbody>\n<tr>\n<td><\/td>\n<td><img decoding=\"async\" src=\"\/web\/wp-content\/uploads\/2016\/08\/3d-box-kasa-fik-box-KLASIK-na-tabletu-1.png\" alt=\"3d box - kasa fik box KLASIK na tabletu\" height=\"120\" class=\"aligncenter size-full wp-image-2093\" \/><\/td>\n<td style=\"position: relative;\"><img decoding=\"async\" src=\"\/web\/wp-content\/uploads\/2016\/08\/one-plus-one.png\" alt=\"jednicka-na-trhu\" class=\"aligncenter size-full wp-image-2671\" style=\"bottom: 0; width: 70px; left: 30%; position:absolute; display: none;\" \/><img decoding=\"async\" src=\"\/web\/wp-content\/uploads\/2016\/08\/KASA-FIK-ORANGE-set-200.png\" alt=\"KASA FIK ORANGE set 200\" width=\"101\" height=\"200\" class=\"aligncenter size-full wp-image-2099\" \/><\/td>\n<td style=\"position: relative;\"><img decoding=\"async\" src=\"\/web\/wp-content\/uploads\/2016\/08\/one-plus-one.png\" alt=\"jednicka-na-trhu\" class=\"aligncenter size-full wp-image-2671\" style=\"bottom: 0; width: 70px; left: 30%; position:absolute; display: none;\" \/><img decoding=\"async\" src=\"\/web\/wp-content\/uploads\/2017\/01\/kasafik-hit-gold-black-png-300x252.png\" alt=\"\" height=\"160\" class=\"aligncenter size-medium wp-image-3401\" srcset=\"https:\/\/www.kasafik.cz\/web\/wp-content\/uploads\/2017\/01\/kasafik-hit-gold-black-png-300x252.png 300w, https:\/\/www.kasafik.cz\/web\/wp-content\/uploads\/2017\/01\/kasafik-hit-gold-black-png-600x504.png 600w, https:\/\/www.kasafik.cz\/web\/wp-content\/uploads\/2017\/01\/kasafik-hit-gold-black-png-768x645.png 768w, https:\/\/www.kasafik.cz\/web\/wp-content\/uploads\/2017\/01\/kasafik-hit-gold-black-png-1024x860.png 1024w, https:\/\/www.kasafik.cz\/web\/wp-content\/uploads\/2017\/01\/kasafik-hit-gold-black-png.png 1026w\" sizes=\"(max-width: 300px) 100vw, 300px\" \/><\/td>\n<\/tr>\n<tr>\n<td>\n<h4 class=\"thin\">Monthly fee<br \/>\n<\/h4>\n<\/td>\n<td>14,- USD<\/td>\n<td>14,- USD<\/td>\n<td>14,- USD<\/td>\n<\/tr>\n<tr>\n<td>\n<h4 class=\"thin\">Selling price<br \/><small>Application &#8211; Incl<\/small><\/h4>\n<\/td>\n<td>169,- USD<\/td>\n<td>349,- USD<\/td>\n<td><del>419,- USD<\/del><br \/>379,- USD<\/td>\n<\/tr>\n<tr>\n<td>\n<h4 class=\"thin\">License<\/h4>\n<\/td>\n<td>KLASIK<\/td>\n<td>KLASIK<\/td>\n<td>KLASIK <small>or<\/small> PLUS<\/td>\n<\/tr>\n<tr>\n<td>\n<h4 class=\"thin\"><\/h4>\n<\/td>\n<td><a href=\"..\/porovnani-verzi-kasa-fik\/\">Version comparison<\/a><\/td>\n<td>WiFi, LAN<\/td>\n<td>WiFi, LAN<\/td>\n<\/tr>\n<tr>\n<td>\n<h4 class=\"thin\">Many more<\/h4>\n<\/td>\n<td>\n<div><a class=\"btn btn-success line\" href=\"http:\/\/shop.kasafik.cz\/cs\/aplikace-a-licence\/8-kasa-fik-klasik-eet-pokladna.html\">Order<\/a><\/div>\n<\/td>\n<td colspan=\"6\">\n<div><a class=\"btn btn-success line\" href=\"\/web\/cs\/kontakty\/\">MORE INFORMATION<\/a><a class=\"btn btn-info line\" href=\"http:\/\/shop.kasafik.cz\/cs\/13-pokladni-balicky-a-sety\" xhref=\"https:\/\/www.mironet.cz\/Productlist\/showSearch?EXPS=97201165+or+97201377+or+97201289+or+97201197+or+97201458\" style=\"margin-left: 20px;\"> ONLINE SHOP<\/a><\/div>\n<\/td>\n<\/tr>\n<\/tbody>\n<\/table>\n<div class=\"col-md-12 text-center\" style=\"margin-top: 2em;\">\n<button class=\"btn btn-success btn-lg line chat-online btn-default\" onclick=\"openChat(this);\" id=\"cenik-btn-middle\"><i class=\"material-icons\" style=\"margin-right: 8px;font-size: 18px;\">message<\/i>ONLINE CHAT <\/button>\n<\/div>\n<\/div>\n<\/div>\n<div class=\"container\">\n<div class=\"row\">\n<table class=\"table\" style=\"margin-top: 2em;\">\n<tr>\n<td style=\"width: 120px; background-color: #7fb452; color: white; padding: 20px;\" class=\"text-center\"><i class=\"material-icons\" style=\"font-size: 80px;\">cloud_done<\/i><\/td>\n<td>\n<ul class=\"list-unstyled\" style=\"font-size: 20px;font-family: 'Roboto', sans-serif;\">\n<li style=\"padding: 8px;\"><i class=\"material-icons\" style=\"color: #7fb452; font-size: 20px;\">check<\/i> offline \u2013 online CASHFIX systems allows you to continue your sales work without an internet connection.<\/li>\n<li style=\"padding: 8px;\"><i class=\"material-icons\" style=\"color: #7fb452; font-size: 20px;\">check<\/i> Our online customer services chat are available for 24 hours a day, 7 days a week, via email and live chat.<\/li>\n<li style=\"padding: 8px;\"><i class=\"material-icons\" style=\"color: #7fb452; font-size: 20px;\">check<\/i> Capability to extending the new features and accessories .<\/li>\n<\/ul>\n<\/td>\n<\/tr>\n<\/table>\n<\/div>\n<\/div>\n<div class=\"container-fluid\">\n<div class=\"row text-center\">\n<h1 class=\"thin text-center\" style=\"margin-top: 2em;\">Best Price Accessories<\/h1>\n<h3 class=\"thin text-center\" style=\"margin-top: 1em;\">Quality guaranteed<\/h3>\n<table class=\"table prtbl table-responsive table-hover\" style=\"margin-top: 3em\">\n<thead style=\"background-color: rgba(0,0,0,0.02)\">\n<tr>\n<td><\/td>\n<td>\n<h4>Bluetooth Printer<\/h4>\n<h3>Rongta RT-58BU<\/h3>\n<p><small>In Stock<\/small><\/td>\n<td>\n<h4>Cashier<\/h4>\n<h3>rongga<\/h3>\n<\/td>\n<td>\n<h4>Customer Display<\/h4>\n<h3>Glancetron 8035<\/h3>\n<\/td>\n<\/tr>\n<\/thead>\n<tbody>\n<tr>\n<td style=\"min-width: 200px;\"><\/td>\n<td><img fetchpriority=\"high\" decoding=\"async\" width=\"300\" height=\"200\" src=\"\/web\/wp-content\/uploads\/2017\/01\/DSC3858-Edit-300x200.jpg\" alt=\"\" class=\"aligncenter size-medium wp-image-3127 img-responsive\" srcset=\"https:\/\/www.kasafik.cz\/web\/wp-content\/uploads\/2017\/01\/DSC3858-Edit-300x200.jpg 300w, https:\/\/www.kasafik.cz\/web\/wp-content\/uploads\/2017\/01\/DSC3858-Edit-600x400.jpg 600w, https:\/\/www.kasafik.cz\/web\/wp-content\/uploads\/2017\/01\/DSC3858-Edit-768x513.jpg 768w, https:\/\/www.kasafik.cz\/web\/wp-content\/uploads\/2017\/01\/DSC3858-Edit-1024x684.jpg 1024w, https:\/\/www.kasafik.cz\/web\/wp-content\/uploads\/2017\/01\/DSC3858-Edit.jpg 2048w\" sizes=\"(max-width: 300px) 100vw, 300px\" \/><\/td>\n<td><img decoding=\"async\" width=\"300\" height=\"149\" src=\"\/web\/wp-content\/uploads\/2017\/01\/cas-drawer-300x149.png\" alt=\"\" class=\"aligncenter size-medium wp-image-3055 img-responsive\" srcset=\"https:\/\/www.kasafik.cz\/web\/wp-content\/uploads\/2017\/01\/cas-drawer-300x149.png 300w, https:\/\/www.kasafik.cz\/web\/wp-content\/uploads\/2017\/01\/cas-drawer-600x298.png 600w, https:\/\/www.kasafik.cz\/web\/wp-content\/uploads\/2017\/01\/cas-drawer-768x381.png 768w, https:\/\/www.kasafik.cz\/web\/wp-content\/uploads\/2017\/01\/cas-drawer.png 1024w\" sizes=\"(max-width: 300px) 100vw, 300px\" \/><\/td>\n<td><img loading=\"lazy\" decoding=\"async\" width=\"265\" height=\"250\" src=\"\/web\/wp-content\/uploads\/2016\/08\/97201347.jpg\" alt=\"\" class=\"aligncenter size-full wp-image-3591 img-responsive\" \/><\/td>\n<\/tr>\n<tr>\n<td>Description<\/td>\n<td>Bluetooth-USB Printer 58mm compatible cash register, CASHFIX KLASIK application . wireless streaming printer connected with mobile phone or  tablet.<\/td>\n<td>CASHFIX HIT, PROFIK ,Desk  Screen 12&#8243;, Cash compartment and  printer easy to use. <\/td>\n<td>2 line customer USB display for CASHFIX HIT, PROFIK and Desk Screen 14&#8243; &#8218;<\/td>\n<\/tr>\n<tr>\n<td>exclude VAT<\/td>\n<td>Rp.1.199.999,-<\/td>\n<td>Rp.829.999,-<\/td>\n<td>Rp.999.999,-<\/td>\n<\/tr>\n<tr>\n<td><\/td>\n<td><a class=\"btn btn-info line\" href=\"http:\/\/shop.kasafik.cz\/cs\/prislusenstvi\/28-rongta-usbbt-tiskarna-58-mm-rp58bu.html\" style=\"margin-left: 20px;\">ONLINE SHOP<\/a><\/td>\n<td><a class=\"btn btn-info line\" href=\"http:\/\/shop.kasafik.cz\/cs\/prislusenstvi\/98-pokladni-zasuvka-405a.html\" style=\"margin-left: 20px;\">ONLINE SHOP<\/a><\/td>\n<td><a class=\"btn btn-info line\" href=\"https:\/\/www.mironet.cz\/glancetron-8035-zakaznicky-displej-lcd-usb-cerna+dp310898\/\" style=\"margin-left: 20px;\">ONLINE SHOP<\/a><\/td>\n<\/tr>\n<\/tbody>\n<\/table>\n<\/div>\n<\/div>\n<div class=\"container\">\n<div class=\"row\">\n<h1 class=\"thin text-center\" style=\"margin-top: 2em;\">Electronic Cash Register add on services<\/h1>\n<table class=\"table prtbl\" style=\"margin-top: 2em;\">\n<tbody>\n<tr>\n<td>SIM data for cash register<\/td>\n<td class=\"text-center\"><small><a href=\"http:\/\/www.gomobil.cz\/mobilni-internet\/\" target=\"_blank\">Go Mobile<\/a> 3,- USD<\/small><\/td>\n<\/tr>\n<tr>\n<td>payment terminal &#8211; credit card terminal<br \/><small><em>(only for Bank transactions)<\/em><\/small><\/td>\n<td class=\"text-center\">FREE<br \/><small>min 5,- USD <\/i><\/small><\/td>\n<\/tr>\n<tr>\n<td>\n<p>Scanner barcode with bluetooth<\/p>\n<\/td>\n<td class=\"text-center\">82,- USD<\/td>\n<\/tr>\n<tr>\n<td>\n<p><a href=\"http:\/\/shop.kasafik.cz\/cs\/prislusenstvi\/36-cashino-ptp-ii-58mm-bluetooth-mobilni-8595235809631.html\">Bluetooth Wireless printer Cashino PTP-II 58mm<\/a><\/p>\n<\/td>\n<td class=\"text-center\">97,- USD<\/td>\n<\/tr>\n<tr>\n<td>\n<p><a href=\"http:\/\/shop.kasafik.cz\/cs\/prislusenstvi\/28-rongta-usbbt-tiskarna-58-mm-rp58bu.html\">Desk cashier printer RONGTA RP58BU Bluetooth+USB<\/a><\/p>\n<\/td>\n<td class=\"text-center\">97,- USD<\/td>\n<\/tr>\n<tr>\n<td>\n<p><a href=\"http:\/\/shop.kasafik.cz\/cs\/prislusenstvi\/98-pokladni-zasuvka-405a.html\">Black cash drawer<\/a><\/p>\n<\/td>\n<td class=\"text-center\">62,-, USD<\/td>\n<\/tr>\n<tr>\n<td>\n<p>10 pcs thermal paper rolls 57\/40\/12 pro ORANGE<\/p>\n<\/td>\n<td class=\"text-center\">5,- USD<\/td>\n<\/tr>\n<tr>\n<td>\n<p>10 pcs thermal paper rolls 57\/60\/12 pro HIT and 58mm Printer<\/p>\n<\/td>\n<td class=\"text-center\">7,- USD<\/td>\n<\/tr>\n<tr>\n<td>\n<p>10 pcs thermal paper rolls 80\/70\/12<\/p>\n<\/td>\n<td class=\"text-center\">12,- USD<\/td>\n<\/tr>\n<\/tbody>\n<\/table>\n<\/div>\n<\/div>\n","protected":false},"excerpt":{"rendered":"<p>Hardware, Supplies, &#038; Equipment CASHFIX bundle packages Aplication CLASSIC package ORANGE Available package HIT Available Monthly fee 14,- USD 14,- USD 14,- USD Selling priceApplication &#8211; Incl 169,- USD 349,- USD 419,- USD379,- USD License KLASIK KLASIK KLASIK or PLUS Version comparison WiFi, LAN WiFi, LAN Many more Order MORE INFORMATION ONLINE SHOP messageONLINE CHAT [&hellip;]<\/p>\n","protected":false},"author":1,"featured_media":0,"parent":0,"menu_order":0,"comment_status":"closed","ping_status":"closed","template":"page-templates\/full-width.php","meta":{"footnotes":""},"class_list":["post-4727","page","type-page","status-publish","hentry"],"yoast_head":"<!-- This site is optimized with the Yoast SEO plugin v27.4 - https:\/\/yoast.com\/product\/yoast-seo-wordpress\/ -->\n<title>Price list - KASA FIK<\/title>\n<meta name=\"robots\" content=\"index, follow, max-snippet:-1, max-image-preview:large, max-video-preview:-1\" \/>\n<link rel=\"canonical\" href=\"https:\/\/www.kasafik.cz\/web\/en\/price-list\/\" \/>\n<meta property=\"og:locale\" content=\"cs_CZ\" \/>\n<meta property=\"og:type\" content=\"article\" \/>\n<meta property=\"og:title\" content=\"Price list - KASA FIK\" \/>\n<meta property=\"og:description\" content=\"Hardware, Supplies, &#038; Equipment CASHFIX bundle packages Aplication CLASSIC package ORANGE Available package HIT Available Monthly fee 14,- USD 14,- USD 14,- USD Selling priceApplication &#8211; Incl 169,- USD 349,- USD 419,- USD379,- USD License KLASIK KLASIK KLASIK or PLUS Version comparison WiFi, LAN WiFi, LAN Many more Order MORE INFORMATION ONLINE SHOP messageONLINE CHAT [&hellip;]\" \/>\n<meta property=\"og:url\" content=\"https:\/\/www.kasafik.cz\/web\/en\/price-list\/\" \/>\n<meta property=\"og:site_name\" content=\"KASA FIK\" \/>\n<meta property=\"article:modified_time\" content=\"2017-12-27T15:11:38+00:00\" \/>\n<meta name=\"twitter:card\" content=\"summary_large_image\" \/>\n<meta name=\"twitter:label1\" content=\"Odhadovan\u00e1 doba \u010dten\u00ed\" \/>\n\t<meta name=\"twitter:data1\" content=\"1 minuta\" \/>\n<script type=\"application\/ld+json\" class=\"yoast-schema-graph\">{\"@context\":\"https:\\\/\\\/schema.org\",\"@graph\":[{\"@type\":\"WebPage\",\"@id\":\"https:\\\/\\\/www.kasafik.cz\\\/web\\\/en\\\/price-list\\\/\",\"url\":\"https:\\\/\\\/www.kasafik.cz\\\/web\\\/en\\\/price-list\\\/\",\"name\":\"Price list - KASA FIK\",\"isPartOf\":{\"@id\":\"https:\\\/\\\/www.kasafik.cz\\\/web\\\/#website\"},\"datePublished\":\"2017-06-02T09:33:30+00:00\",\"dateModified\":\"2017-12-27T15:11:38+00:00\",\"breadcrumb\":{\"@id\":\"https:\\\/\\\/www.kasafik.cz\\\/web\\\/en\\\/price-list\\\/#breadcrumb\"},\"inLanguage\":\"cs\",\"potentialAction\":[{\"@type\":\"ReadAction\",\"target\":[\"https:\\\/\\\/www.kasafik.cz\\\/web\\\/en\\\/price-list\\\/\"]}]},{\"@type\":\"BreadcrumbList\",\"@id\":\"https:\\\/\\\/www.kasafik.cz\\\/web\\\/en\\\/price-list\\\/#breadcrumb\",\"itemListElement\":[{\"@type\":\"ListItem\",\"position\":1,\"name\":\"Home\",\"item\":\"https:\\\/\\\/origin.kasafik.cz\\\/web\\\/cs\\\/\"},{\"@type\":\"ListItem\",\"position\":2,\"name\":\"Price list\"}]},{\"@type\":\"WebSite\",\"@id\":\"https:\\\/\\\/www.kasafik.cz\\\/web\\\/#website\",\"url\":\"https:\\\/\\\/www.kasafik.cz\\\/web\\\/\",\"name\":\"KASA FIK\",\"description\":\"\",\"potentialAction\":[{\"@type\":\"SearchAction\",\"target\":{\"@type\":\"EntryPoint\",\"urlTemplate\":\"https:\\\/\\\/www.kasafik.cz\\\/web\\\/?s={search_term_string}\"},\"query-input\":{\"@type\":\"PropertyValueSpecification\",\"valueRequired\":true,\"valueName\":\"search_term_string\"}}],\"inLanguage\":\"cs\"}]}<\/script>\n<!-- \/ Yoast SEO plugin. -->","yoast_head_json":{"title":"Price list - KASA FIK","robots":{"index":"index","follow":"follow","max-snippet":"max-snippet:-1","max-image-preview":"max-image-preview:large","max-video-preview":"max-video-preview:-1"},"canonical":"https:\/\/www.kasafik.cz\/web\/en\/price-list\/","og_locale":"cs_CZ","og_type":"article","og_title":"Price list - KASA FIK","og_description":"Hardware, Supplies, &#038; Equipment CASHFIX bundle packages Aplication CLASSIC package ORANGE Available package HIT Available Monthly fee 14,- USD 14,- USD 14,- USD Selling priceApplication &#8211; Incl 169,- USD 349,- USD 419,- USD379,- USD License KLASIK KLASIK KLASIK or PLUS Version comparison WiFi, LAN WiFi, LAN Many more Order MORE INFORMATION ONLINE SHOP messageONLINE CHAT [&hellip;]","og_url":"https:\/\/www.kasafik.cz\/web\/en\/price-list\/","og_site_name":"KASA FIK","article_modified_time":"2017-12-27T15:11:38+00:00","twitter_card":"summary_large_image","twitter_misc":{"Odhadovan\u00e1 doba \u010dten\u00ed":"1 minuta"},"schema":{"@context":"https:\/\/schema.org","@graph":[{"@type":"WebPage","@id":"https:\/\/www.kasafik.cz\/web\/en\/price-list\/","url":"https:\/\/www.kasafik.cz\/web\/en\/price-list\/","name":"Price list - KASA FIK","isPartOf":{"@id":"https:\/\/www.kasafik.cz\/web\/#website"},"datePublished":"2017-06-02T09:33:30+00:00","dateModified":"2017-12-27T15:11:38+00:00","breadcrumb":{"@id":"https:\/\/www.kasafik.cz\/web\/en\/price-list\/#breadcrumb"},"inLanguage":"cs","potentialAction":[{"@type":"ReadAction","target":["https:\/\/www.kasafik.cz\/web\/en\/price-list\/"]}]},{"@type":"BreadcrumbList","@id":"https:\/\/www.kasafik.cz\/web\/en\/price-list\/#breadcrumb","itemListElement":[{"@type":"ListItem","position":1,"name":"Home","item":"https:\/\/origin.kasafik.cz\/web\/cs\/"},{"@type":"ListItem","position":2,"name":"Price list"}]},{"@type":"WebSite","@id":"https:\/\/www.kasafik.cz\/web\/#website","url":"https:\/\/www.kasafik.cz\/web\/","name":"KASA FIK","description":"","potentialAction":[{"@type":"SearchAction","target":{"@type":"EntryPoint","urlTemplate":"https:\/\/www.kasafik.cz\/web\/?s={search_term_string}"},"query-input":{"@type":"PropertyValueSpecification","valueRequired":true,"valueName":"search_term_string"}}],"inLanguage":"cs"}]}},"jetpack_sharing_enabled":true,"_links":{"self":[{"href":"https:\/\/www.kasafik.cz\/web\/wp-json\/wp\/v2\/pages\/4727","targetHints":{"allow":["GET"]}}],"collection":[{"href":"https:\/\/www.kasafik.cz\/web\/wp-json\/wp\/v2\/pages"}],"about":[{"href":"https:\/\/www.kasafik.cz\/web\/wp-json\/wp\/v2\/types\/page"}],"author":[{"embeddable":true,"href":"https:\/\/www.kasafik.cz\/web\/wp-json\/wp\/v2\/users\/1"}],"replies":[{"embeddable":true,"href":"https:\/\/www.kasafik.cz\/web\/wp-json\/wp\/v2\/comments?post=4727"}],"version-history":[{"count":3,"href":"https:\/\/www.kasafik.cz\/web\/wp-json\/wp\/v2\/pages\/4727\/revisions"}],"predecessor-version":[{"id":4804,"href":"https:\/\/www.kasafik.cz\/web\/wp-json\/wp\/v2\/pages\/4727\/revisions\/4804"}],"wp:attachment":[{"href":"https:\/\/www.kasafik.cz\/web\/wp-json\/wp\/v2\/media?parent=4727"}],"curies":[{"name":"wp","href":"https:\/\/api.w.org\/{rel}","templated":true}]}}