{"id":4665,"date":"2017-05-31T09:23:15","date_gmt":"2017-05-31T09:23:15","guid":{"rendered":"https:\/\/www.kasafik.cz\/web\/?page_id=4665"},"modified":"2017-12-27T14:57:33","modified_gmt":"2017-12-27T14:57:33","slug":"cashfix-spesial-culinary-business","status":"publish","type":"page","link":"https:\/\/www.kasafik.cz\/web\/en\/cashfix-spesial-culinary-business\/","title":{"rendered":"CASHFIX spesial culinary business"},"content":{"rendered":"<hr \/>\n<style>\n.wideimage{\nheight: 440px;\nbackground-repeat: no-repeat;\n    background-position: right top;\n  background: url(images\/bg.jpg) no-repeat right top scroll; \n  background-size: auto 440px;\n}\n.orange, ul.materialcheck i.material-icons orange{\ncolor: #FF3F00;\n}\n<\/style>\n<div class=\"container-fluid wideimage\" style=\"background-image: url(\/web\/wp-content\/uploads\/2016\/08\/bed-n-breakfast.png); height: 331px;background-size: auto 331px;\">\n<div class=\"container\">\n<div class=\"row\">\n<div class=\"col-md-7 text-center\" style=\"background-color: rgba(255,255,255,0.5); height: 331px;\">\n<h1 class=\"thin\" style=\"margin-top: 2em; font-size: 48px;\">Grow your culinary or retail business with CASHFIX<\/h1>\n<h3 class=\"thin\" style=\"border-top: 1px solid #FF3F00; padding-top: 0.5em;\">Designed to make your business more efficient and to help you better serve your customers. <\/h3>\n<h4 class=\"thin\" style=\"margin-top: 2em;\"><em><\/em><\/h4>\n<\/div>\n<\/div>\n<\/div>\n<\/div>\n<div class=\"container-fluid\" style=\"background-image: url(\/web\/wp-content\/uploads\/2016\/08\/orange_wallpaper-1024x576.jpg); background-size: cover;\">\n<div style=\"background-image: url('\/web\/wp-content\/uploads\/2016\/08\/sunmi-KASA-FIK-set-1024x998.png'); background-size: auto 460px; background-repeat: no-repeat; height: 460px;\">\n<div class=\"container\">\n<div class=\"row\">\n<div class=\"col-md-7 col-sm-offset-5 text-center\" style=\"color: white\">\n<h1 class=\"thin\" style=\"margin-top: 1em; margin-bottom: 0.5em; font-size: 48px; color: white;\">CASHFIX <strong>ORANGE<\/strong> &#8211; a reliable, modern and user-friendly cash operations solution<\/h1>\n<style>\nul.materialcheck{\n    font-size: 22px;\n    font-weight: 300;\n    font-family: 'Roboto', sans-serif;\n}\nul.materialcheck i.material-icons {\n    font-size: 32px;\n    padding-right: 6px;\n    padding-top: 2px;\n    vertical-align: text-bottom;\n    display: table-cell;\n}\nul.materialcheck span {\n    display: table-cell;\n    vertical-align: top;\n    padding-top: 2px;\n}\n<\/style>\n<ul class=\"list-unstyled materialcheck text-left\" style=\"border-top: 1px solid white; padding-top: 1.2em;\">\n<li><i class=\"material-icons\">chevron_right<\/i><span>Purposeful technology and excellent material quality<\/span><\/li>\n<li><i class=\"material-icons\">chevron_right<\/i><span>Fully integrated with CASHFIX CLASSIC application program supported 200 items products to sell<\/span>\n<li><i class=\"material-icons\">chevron_right<\/i><span>Built-in thermal printer<\/span><\/li>\n<li><i class=\"material-icons\">chevron_right<\/i><span>Charge faster and last longer<\/span><\/li>\n<li><i class=\"material-icons\">chevron_right<\/i><span>Multi-point touch screen<\/span><\/li>\n<\/li>\n<\/ul>\n<\/div>\n<\/div>\n<\/div>\n<\/div>\n<\/div>\n<p><!--more--><\/p>\n<div class=\"container-fluid\" style=\"padding-top: 2em; padding-bottom: 2em;\">\n<div class=\"row\">\n<div class=\"col-md-7 text-center\">\n<h1 class=\"thin\" style=\"margin-top: 2em; font-size: 48px;\">CASHFIX <strong> PLUS <\/strong><\/h1>\n<h3 class=\"thin\" style=\"border-top: 1px solid #FF3F00; padding-top: 0.5em;\">PLUS keep you organized and PLUS ready for anything, even during the busiest times<\/h3>\n<ul class=\"list-unstyled materialcheck text-left\" style=\"border-top: 1px solid white; padding-top: 1.2em;\">\n<li><i class=\"material-icons orange\">chevron_right<\/i><span>Organize items by category Easily navigate through product variants and modifiers<\/span><\/li>\n<li><i class=\"material-icons orange\">chevron_right<\/i><span>Menu buttons can be configured with colors and pictures<\/span><\/li>\n<li><i class=\"material-icons orange\">chevron_right<\/i><span>Forecasts ingredient usage and notifies you when it is time to reorder.<\/span>\n<li><i class=\"material-icons orange\">chevron_right<\/i><span>Offer a variety of promotions including percentage discounts<\/span><\/li>\n<li><i class=\"material-icons orange\">chevron_right<\/i><span>Ability to wirelessly print receipts<\/span><\/li>\n<li><i class=\"material-icons orange\">chevron_right<\/i><span>Realtime Inventory<\/span><\/li>\n<li><i class=\"material-icons orange\">chevron_right<\/i><span>Security Features quick and easy method for validating who is accessing and using your CASHFIX POS System<\/span><\/li>\n<li><i class=\"material-icons orange\">chevron_right<\/i><span>Realtime reporting make you easily monitor and manage your business from a remote location.<\/span><\/li>\n<\/li>\n<\/ul>\n<\/div>\n<div class=\"col-md-5 text-center\">\n<img fetchpriority=\"high\" decoding=\"async\" width=\"534\" height=\"350\" src=\"\/web\/wp-content\/uploads\/2016\/07\/kasafik-tablet-plus-top.png\" alt=\"Kasa FIK EET Pokladna PLUS pro Gastronomii\"  class=\"aligncenter size-full img-responsive wp-image-1878\" srcset=\"https:\/\/www.kasafik.cz\/web\/wp-content\/uploads\/2016\/07\/kasafik-tablet-plus-top.png 534w, https:\/\/www.kasafik.cz\/web\/wp-content\/uploads\/2016\/07\/kasafik-tablet-plus-top-300x197.png 300w\" sizes=\"(max-width: 534px) 100vw, 534px\" \/><\/p>\n<\/div>\n<\/div>\n<\/div>\n<p><!--more--><\/p>\n<div class=\"container-fluid\" style=\"background-image: url('\/web\/wp-content\/uploads\/2016\/08\/kasafik-orange-scene.jpg'); background-size: 100% auto; min-height: 260px; padding-bottom: 2em\">\n<div class=\"container\">\n<div class=\"row\">\n<div class=\"col-md-8 text-center\" style=\"color: white\">\n<h1 class=\"thin\" style=\"margin-top: 1em; margin-bottom: 0.5em; font-size: 48px; color: white;\">Easy to use, convenience &#038; accuracy in the palm of your hand<\/h1>\n<h3 class=\"thin\" style=\"margin-top: 1em; margin-bottom: 0.5em; color: white;\">The Advantages of <strong> CASHFIX ORANGE <\/strong> for your Business<\/h3>\n<ul class=\"list-unstyled materialcheck text-left\" style=\"border-top: 1px solid white; padding-top: 1.2em;\">\n<li><i class=\"material-icons\">chevron_right<\/i><span>Organize items by category Easily navigate through product variants and modifiers<\/span><\/li>\n<li><i class=\"material-icons\">chevron_right<\/i><span>Super simple to use, feature rich and cost effective solution <\/span><\/li>\n<li><i class=\"material-icons\">chevron_right<\/i><span>An intuitive touch screen to improves transaction efficiency across all types of business<\/span><\/li>\n<li><i class=\"material-icons\">chevron_right<\/i><span>Maximize your sales with quicker check processing that leads to more table turnovers and less wait time<\/span><\/li>\n<li><i class=\"material-icons\">chevron_right<\/i><span>Wi-Fi and 3G connectivity make your business will always be connected.<\/span>\n<\/li>\n<\/ul>\n<\/div>\n<\/div>\n<\/div>\n<\/div>\n<p><!--more--><\/p>\n<div class=\"container-fluid\">\n<div class=\"container\">\n<div class=\"row\">\n<div class=\"col-md-3 text-center\">\n<img decoding=\"async\" width=\"679\" height=\"546\" src=\"\/web\/wp-content\/uploads\/2016\/08\/3d-box-kasa-fik-box-ORANGE-KLASIK.png\" alt=\"3d box kasa fik box ORANGE-KLASIK\"  class=\"aligncenter size-full wp-image-1789 img-responsive\" style=\"max-height: 273px; margin-top: 3em;\" srcset=\"https:\/\/www.kasafik.cz\/web\/wp-content\/uploads\/2016\/08\/3d-box-kasa-fik-box-ORANGE-KLASIK.png 679w, https:\/\/www.kasafik.cz\/web\/wp-content\/uploads\/2016\/08\/3d-box-kasa-fik-box-ORANGE-KLASIK-600x482.png 600w, https:\/\/www.kasafik.cz\/web\/wp-content\/uploads\/2016\/08\/3d-box-kasa-fik-box-ORANGE-KLASIK-300x241.png 300w\" sizes=\"(max-width: 679px) 100vw, 679px\" \/>\n<\/div>\n<div class=\"col-md-9 text-center\" style=\"\">\n<h1 class=\"thin\" style=\"margin-top: 1em; margin-bottom: 0.5em; border-bottom: 1px solid gray;\">An Affordable Solution from <strong> CASHFIX CLASSIC <\/strong><\/h1>\n<ul class=\"col-md-6 list-unstyled materialcheck text-left\" style=\"border-top: 1px solid white; padding-top: 1.2em;\">\n<li><i class=\"material-icons orange\">done<\/i><span>Our prices are friendly and guaranteed <strong> no surprises and no hidden fee <\/strong> <\/span><\/li>\n<li><i class=\"material-icons orange\">done<\/i><span>Employee access controls<\/span><\/li>\n<li><i class=\"material-icons orange\">done<\/i><span>Print reports to screen, printer or export file (including delimited text and MS Excel)<\/span>\n<li><i class=\"material-icons orange\">done<\/i><span>Choose between sales-prices including sales-tax (VAT) or without taxes<\/span><\/li>\n<li><i class=\"material-icons orange\">done<\/i><span>Online and Offline system<\/span><\/li>\n<li><i class=\"material-icons orange\">done<\/i><span>Apply discounts to an individual item or an entire order<\/span><\/li>\n<\/li>\n<\/ul>\n<ul class=\"col-md-6 list-unstyled materialcheck text-left\" style=\"border-top: 1px solid white; padding-top: 1.2em;\">\n<li><i class=\"material-icons orange\">done<\/i><span>Synchronise your payment and sales tax information<\/span><\/li>\n<li><i class=\"material-icons orange\">done<\/i><span>Create product variations such as size, color and material<\/span><\/li>\n<li><i class=\"material-icons orange\">done<\/i><span>supported 200 items products to sell<\/span>\n<li><i class=\"material-icons orange\">done<\/i><span>Securely manage and analyze your transactions<\/span><\/li>\n<li><i class=\"material-icons orange\">done<\/i><span>Manage inventory in real-time<\/span><\/li>\n<li><i class=\"material-icons orange\">done<\/i><span>Multi-currency Point Of Sale (POS) system<\/span><\/li>\n<\/li>\n<\/ul>\n<\/div>\n<\/div>\n<\/div>\n<\/div>\n<p><!--more--><\/p>\n<p><!--more--><\/p>\n<div class=\"container\" style=\"margin-top: 1em;\">\n<h1 class=\"thin\" style=\"margin-top: 1em; margin-bottom: 0.5em; border-bottom: 1px solid gray;\">All you can wish from CASHFIX Packages<\/h1>\n<div class=\"row\">\n<div class=\"col-md-12 text-right\">\n<p>I wish for a CASHFIX POS System packages, cash register, printer, CLASSIC CASHFIX software,  no surprises and no hidden fee&#8230;.<\/p>\n<h3 class=\"thin\">CASHFIX <a href=\"\/web\/cs\/pokladni-system-orange\/\"><strong class=\"orange\">ORANGE<\/strong><\/a>: 399,- USD <small>exclude VAT<\/small><\/h3>\n<p>I wish for a CASHFIX POS System packages, cash register, printer, PLUS CASHFIX software, no monthly fee, no surprises and no hidden fee and widescreen :<\/p>\n<h3 class=\"thin\">CASHFIX 14&#8242; syst\u00e9m <a href=\"\/web\/cs\/pokladni-system-funkce\/\"><strong>PLUS<\/strong><\/a>: 639,- USD <small>exclude VAT<\/small><\/h3>\n<p style=\"margin-top: 2em;\">How about only for the software, I do have my own Mobile phone or Tablet:<\/p>\n<h3 class=\"thin\">CASHFIX <strong>CLASSIC<\/strong>: 169,- USD <small>exclude VAT<\/small><\/h3>\n<h3 class=\"thin\">CASHFIX <strong>PLUS<\/strong>: 219,- USD <small>exclude VAT<\/small><\/h3>\n<p style=\"margin-top: 2em;\">All good for me :<\/p>\n<h3 class=\"thin\">CASHFIX <a href=\"\/web\/cs\/signup\/?product=free\" target=\"_blank\"><strong>FREE<\/strong><\/a> mobile phone only: 0,- USD <small>Free TAX<\/small><\/h3>\n<p>As our valued client, we promise you\u2026<br \/>\nNO HIDDEN FEES!\n<\/p><\/div>\n<\/div>\n<div class=\"row text-center\">\n<div class=\"col-md-12 btn-group btn-group-lg col-md-offset-0 text-right\"><a class=\"btn btn-warning btn-lg line pull-right\" href=\"\/web\/id\/\" style=\"margin-left: 10px;\">more information<br \/>\n<\/a><button class=\"btn btn-success btn-lg line chat-online pull-right\" onclick=\"openChat(this);\" id=\"orange-bottom-large\"><i class=\"material-icons\" style=\"margin-right: 8px;font-size: 18px;\">message<\/i>ONLINE CHAT <\/button><a class=\"btn btn-primary pull-right btn-lg line eshop\" href=\"http:\/\/shop.kasafik.cz\/cs\/pokladni-balicky-a-sety\/21-kasa-fik-orange-klasik-3-mesice-sim-3m.html\" style=\"margin-left: 10px; display: none;\">Nakoupit v e-shopu<\/a>\n<\/div>\n<\/div>\n<\/div>\n","protected":false},"excerpt":{"rendered":"<p>Grow your culinary or retail business with CASHFIX Designed to make your business more efficient and to help you better serve your customers. CASHFIX ORANGE &#8211; a reliable, modern and user-friendly cash operations solution chevron_rightPurposeful technology and excellent material quality chevron_rightFully integrated with CASHFIX CLASSIC application program supported 200 items products to sell chevron_rightBuilt-in thermal [&hellip;]<\/p>\n","protected":false},"author":1,"featured_media":0,"parent":0,"menu_order":0,"comment_status":"closed","ping_status":"closed","template":"page-templates\/full-width.php","meta":{"footnotes":""},"class_list":["post-4665","page","type-page","status-publish","hentry"],"yoast_head":"<!-- This site is optimized with the Yoast SEO plugin v27.4 - https:\/\/yoast.com\/product\/yoast-seo-wordpress\/ -->\n<title>CASHFIX spesial culinary business - KASA FIK<\/title>\n<meta name=\"robots\" content=\"index, follow, max-snippet:-1, max-image-preview:large, max-video-preview:-1\" \/>\n<link rel=\"canonical\" href=\"https:\/\/www.kasafik.cz\/web\/en\/cashfix-spesial-culinary-business\/\" \/>\n<meta property=\"og:locale\" content=\"cs_CZ\" \/>\n<meta property=\"og:type\" content=\"article\" \/>\n<meta property=\"og:title\" content=\"CASHFIX spesial culinary business - KASA FIK\" \/>\n<meta property=\"og:description\" content=\"Grow your culinary or retail business with CASHFIX Designed to make your business more efficient and to help you better serve your customers. CASHFIX ORANGE &#8211; a reliable, modern and user-friendly cash operations solution chevron_rightPurposeful technology and excellent material quality chevron_rightFully integrated with CASHFIX CLASSIC application program supported 200 items products to sell chevron_rightBuilt-in thermal [&hellip;]\" \/>\n<meta property=\"og:url\" content=\"https:\/\/www.kasafik.cz\/web\/en\/cashfix-spesial-culinary-business\/\" \/>\n<meta property=\"og:site_name\" content=\"KASA FIK\" \/>\n<meta property=\"article:modified_time\" content=\"2017-12-27T14:57:33+00:00\" \/>\n<meta name=\"twitter:card\" content=\"summary_large_image\" \/>\n<meta name=\"twitter:label1\" content=\"Odhadovan\u00e1 doba \u010dten\u00ed\" \/>\n\t<meta name=\"twitter:data1\" content=\"2 minuty\" \/>\n<script type=\"application\/ld+json\" class=\"yoast-schema-graph\">{\"@context\":\"https:\\\/\\\/schema.org\",\"@graph\":[{\"@type\":\"WebPage\",\"@id\":\"https:\\\/\\\/www.kasafik.cz\\\/web\\\/en\\\/cashfix-spesial-culinary-business\\\/\",\"url\":\"https:\\\/\\\/www.kasafik.cz\\\/web\\\/en\\\/cashfix-spesial-culinary-business\\\/\",\"name\":\"CASHFIX spesial culinary business - KASA FIK\",\"isPartOf\":{\"@id\":\"https:\\\/\\\/www.kasafik.cz\\\/web\\\/#website\"},\"datePublished\":\"2017-05-31T09:23:15+00:00\",\"dateModified\":\"2017-12-27T14:57:33+00:00\",\"breadcrumb\":{\"@id\":\"https:\\\/\\\/www.kasafik.cz\\\/web\\\/en\\\/cashfix-spesial-culinary-business\\\/#breadcrumb\"},\"inLanguage\":\"cs\",\"potentialAction\":[{\"@type\":\"ReadAction\",\"target\":[\"https:\\\/\\\/www.kasafik.cz\\\/web\\\/en\\\/cashfix-spesial-culinary-business\\\/\"]}]},{\"@type\":\"BreadcrumbList\",\"@id\":\"https:\\\/\\\/www.kasafik.cz\\\/web\\\/en\\\/cashfix-spesial-culinary-business\\\/#breadcrumb\",\"itemListElement\":[{\"@type\":\"ListItem\",\"position\":1,\"name\":\"Home\",\"item\":\"https:\\\/\\\/origin.kasafik.cz\\\/web\\\/cs\\\/\"},{\"@type\":\"ListItem\",\"position\":2,\"name\":\"CASHFIX spesial culinary business\"}]},{\"@type\":\"WebSite\",\"@id\":\"https:\\\/\\\/www.kasafik.cz\\\/web\\\/#website\",\"url\":\"https:\\\/\\\/www.kasafik.cz\\\/web\\\/\",\"name\":\"KASA FIK\",\"description\":\"\",\"potentialAction\":[{\"@type\":\"SearchAction\",\"target\":{\"@type\":\"EntryPoint\",\"urlTemplate\":\"https:\\\/\\\/www.kasafik.cz\\\/web\\\/?s={search_term_string}\"},\"query-input\":{\"@type\":\"PropertyValueSpecification\",\"valueRequired\":true,\"valueName\":\"search_term_string\"}}],\"inLanguage\":\"cs\"}]}<\/script>\n<!-- \/ Yoast SEO plugin. -->","yoast_head_json":{"title":"CASHFIX spesial culinary business - KASA FIK","robots":{"index":"index","follow":"follow","max-snippet":"max-snippet:-1","max-image-preview":"max-image-preview:large","max-video-preview":"max-video-preview:-1"},"canonical":"https:\/\/www.kasafik.cz\/web\/en\/cashfix-spesial-culinary-business\/","og_locale":"cs_CZ","og_type":"article","og_title":"CASHFIX spesial culinary business - KASA FIK","og_description":"Grow your culinary or retail business with CASHFIX Designed to make your business more efficient and to help you better serve your customers. CASHFIX ORANGE &#8211; a reliable, modern and user-friendly cash operations solution chevron_rightPurposeful technology and excellent material quality chevron_rightFully integrated with CASHFIX CLASSIC application program supported 200 items products to sell chevron_rightBuilt-in thermal [&hellip;]","og_url":"https:\/\/www.kasafik.cz\/web\/en\/cashfix-spesial-culinary-business\/","og_site_name":"KASA FIK","article_modified_time":"2017-12-27T14:57:33+00:00","twitter_card":"summary_large_image","twitter_misc":{"Odhadovan\u00e1 doba \u010dten\u00ed":"2 minuty"},"schema":{"@context":"https:\/\/schema.org","@graph":[{"@type":"WebPage","@id":"https:\/\/www.kasafik.cz\/web\/en\/cashfix-spesial-culinary-business\/","url":"https:\/\/www.kasafik.cz\/web\/en\/cashfix-spesial-culinary-business\/","name":"CASHFIX spesial culinary business - KASA FIK","isPartOf":{"@id":"https:\/\/www.kasafik.cz\/web\/#website"},"datePublished":"2017-05-31T09:23:15+00:00","dateModified":"2017-12-27T14:57:33+00:00","breadcrumb":{"@id":"https:\/\/www.kasafik.cz\/web\/en\/cashfix-spesial-culinary-business\/#breadcrumb"},"inLanguage":"cs","potentialAction":[{"@type":"ReadAction","target":["https:\/\/www.kasafik.cz\/web\/en\/cashfix-spesial-culinary-business\/"]}]},{"@type":"BreadcrumbList","@id":"https:\/\/www.kasafik.cz\/web\/en\/cashfix-spesial-culinary-business\/#breadcrumb","itemListElement":[{"@type":"ListItem","position":1,"name":"Home","item":"https:\/\/origin.kasafik.cz\/web\/cs\/"},{"@type":"ListItem","position":2,"name":"CASHFIX spesial culinary business"}]},{"@type":"WebSite","@id":"https:\/\/www.kasafik.cz\/web\/#website","url":"https:\/\/www.kasafik.cz\/web\/","name":"KASA FIK","description":"","potentialAction":[{"@type":"SearchAction","target":{"@type":"EntryPoint","urlTemplate":"https:\/\/www.kasafik.cz\/web\/?s={search_term_string}"},"query-input":{"@type":"PropertyValueSpecification","valueRequired":true,"valueName":"search_term_string"}}],"inLanguage":"cs"}]}},"jetpack_sharing_enabled":true,"_links":{"self":[{"href":"https:\/\/www.kasafik.cz\/web\/wp-json\/wp\/v2\/pages\/4665","targetHints":{"allow":["GET"]}}],"collection":[{"href":"https:\/\/www.kasafik.cz\/web\/wp-json\/wp\/v2\/pages"}],"about":[{"href":"https:\/\/www.kasafik.cz\/web\/wp-json\/wp\/v2\/types\/page"}],"author":[{"embeddable":true,"href":"https:\/\/www.kasafik.cz\/web\/wp-json\/wp\/v2\/users\/1"}],"replies":[{"embeddable":true,"href":"https:\/\/www.kasafik.cz\/web\/wp-json\/wp\/v2\/comments?post=4665"}],"version-history":[{"count":3,"href":"https:\/\/www.kasafik.cz\/web\/wp-json\/wp\/v2\/pages\/4665\/revisions"}],"predecessor-version":[{"id":4798,"href":"https:\/\/www.kasafik.cz\/web\/wp-json\/wp\/v2\/pages\/4665\/revisions\/4798"}],"wp:attachment":[{"href":"https:\/\/www.kasafik.cz\/web\/wp-json\/wp\/v2\/media?parent=4665"}],"curies":[{"name":"wp","href":"https:\/\/api.w.org\/{rel}","templated":true}]}}