{"id":4645,"date":"2017-05-30T11:33:20","date_gmt":"2017-05-30T11:33:20","guid":{"rendered":"https:\/\/www.kasafik.cz\/web\/?page_id=4645"},"modified":"2017-12-27T14:47:41","modified_gmt":"2017-12-27T14:47:41","slug":"cash-register-cashfix-hit","status":"publish","type":"page","link":"https:\/\/www.kasafik.cz\/web\/en\/cash-register-cashfix-hit\/","title":{"rendered":"CASH REGISTER CASHFIX HIT"},"content":{"rendered":"<hr \/>\n<style>\n   .wideimage{\n   background-repeat: no-repeat;\n   background-position: right top;\n   background: url(images\/bg.jpg) no-repeat right top scroll; \n   background-size: auto 380px;\n   }\n   .red, ul.materialcheck i.material-icons red{\n   color: red;\n   }\n<\/style>\n<div class=\"container-fluid wideimage\" style=\"\">\n<div class=\"container\">\n<div class=\"row\">\n<div class=\"col-md-7 text-center\">\n<h1 class=\"thin\" style=\"margin-top: 2em; font-size: 48px;\">KASA FIK <strong class=\"red\"><span style=\"background-color: red; color: white; padding-left: 8px; padding-right: 8px; margin-left: 4px;\">HIT<\/span><\/strong><\/h1>\n<h3 class=\"thin\" style=\"border-top: 1px solid #FF3F00; padding-top: 0.5em;\">Remarkable elegant<\/h3>\n<h4 class=\"thin\" style=\"margin-top: 2em;\"><em>Admirable waterproof qualities and expertly integrate your business profitability<\/em><\/h4>\n<\/p><\/div>\n<div class=\"col-md-5\" class=\"text-center\"><img decoding=\"async\" src=\"\/web\/wp-content\/uploads\/2017\/05\/Untitled-5.png\" alt=\"\" class=\"aligncenter size-full wp-image-3388 img-responsive\" \/><\/div>\n<\/p><\/div>\n<\/p><\/div>\n<\/div>\n<div class=\"container-fluid\" style=\"background-image: url(\/web\/wp-content\/uploads\/2016\/08\/orange_wallpaper-1024x576.jpg); background-size: cover;\">\n<div class=\"row\">\n<div class=\"col-md-5 text-center\"><img decoding=\"async\" src=\"\/web\/wp-content\/uploads\/2017\/05\/HIT-black-shopPNG.png\" alt=\"KASA FIK HIT pokladna EET\" class=\"aligncenter size-large wp-image-3401 img-responsive\" style=\"max-height: 400px; margin: 30px;\" \/><\/div>\n<div class=\"col-md-7 text-center\" style=\"color: white\">\n<h1 class=\"thin\" style=\"margin-top: 1em; margin-bottom: 0.5em; font-size: 48px; color: white\">All good to grow with all in one CASHFIX cash register<\/h1>\n<style>\n            ul.materialcheck{\n            font-size: 22px;\n            font-weight: 300;\n            font-family: 'Roboto', sans-serif;\n            }\n            ul.materialcheck i.material-icons {\n            font-size: 32px;\n            padding-right: 6px;\n            padding-top: 2px;\n            vertical-align: text-bottom;\n            display: table-cell;\n            }\n            ul.materialcheck span {\n            display: table-cell;\n            vertical-align: top;\n            padding-top: 2px;\n            }\n         <\/style>\n<ul class=\"list-unstyled materialcheck text-left\" style=\"border-top: 1px solid white; padding-top: 1.2em;\">\n<li><i class=\"material-icons\">chevron_right<\/i><span>Designed for highest performance and reliability.<\/span><\/li>\n<li><i class=\"material-icons\">chevron_right<\/i><span>Just 3 seconds for printing receipts<\/span><\/li>\n<li><i class=\"material-icons\">chevron_right<\/i><span>Capability to extending the new features and accessories<\/span><\/li>\n<li><i class=\"material-icons\">chevron_right<\/i><span>Fully integrated with CASHFIX CLASSIC application program <\/span>\n<li><i class=\"material-icons\">chevron_right<\/i><span>Built-in fast thermal printer 58 mm<\/span><\/li>\n<li><i class=\"material-icons\">chevron_right<\/i><span>Connectors for integrated peripherals<\/span><\/li>\n<li><i class=\"material-icons\">chevron_right<\/i><span>IP54 waterproof <\/span><\/li>\n<\/ul><\/div>\n<\/p><\/div>\n<\/div>\n<p><!--more--><\/p>\n<div class=\"container-fluid\" style=\"background-size: 100% auto; min-height: 260px; padding-bottom: 2em\">\n<div class=\"row\">\n<h1 class=\"thin text-center\" style=\"margin-top: 1em; margin-bottom: 0.5em; font-size: 48px;\"><strong> CASHFIX HIT <\/strong>Making your sales simple is ours<\/h1>\n<div class=\"col-md-7 text-center\" style=\"padding-left: 1em;\">\n<ul class=\"list-unstyled materialcheck text-left\" style=\"border-top: 1px solid white; padding-top: 1.2em;\">\n<h3 class=\"thin\">Bundle packages<\/h3>\n<li><i class=\"material-icons\">chevron_right<\/i><span>Barcode Scanners<\/span><\/li>\n<li><i class=\"material-icons\">chevron_right<\/i><span>Cash Drawers<\/span><\/li>\n<li><i class=\"material-icons\">chevron_right<\/i><span>Customer display<\/span><\/li>\n<li><i class=\"material-icons\">chevron_right<\/i><span>Inventory Control Functions<\/span><\/li>\n<li><i class=\"material-icons\">chevron_right<\/i><span>Cloud based system<\/span><\/li>\n<h3 class=\"thin\" style=\"margin-top: 2em\">Reputable and professional<\/h3>\n<li><i class=\"material-icons\">chevron_right<\/i><span>Affiliated Service with more than 150 partners and 30 outlets<\/span><\/li>\n<li><i class=\"material-icons\">chevron_right<\/i><span>Used by more than 25000 entrepreneurs<\/span><\/li>\n<\/ul><\/div>\n<div class=\"col-md-5 text-center\">\n         <img fetchpriority=\"high\" decoding=\"async\" width=\"921\" height=\"769\" src=\"\/web\/wp-content\/uploads\/2017\/01\/front-features.fw_.png\" alt=\"KASA FIK Pokladna Funkce Android\" class=\"aligncenter size-full wp-image-3405 img-responsive\" style=\"max-height: 384px\" srcset=\"https:\/\/www.kasafik.cz\/web\/wp-content\/uploads\/2017\/01\/front-features.fw_.png 921w, https:\/\/www.kasafik.cz\/web\/wp-content\/uploads\/2017\/01\/front-features.fw_-600x501.png 600w, https:\/\/www.kasafik.cz\/web\/wp-content\/uploads\/2017\/01\/front-features.fw_-300x250.png 300w, https:\/\/www.kasafik.cz\/web\/wp-content\/uploads\/2017\/01\/front-features.fw_-768x641.png 768w\" sizes=\"(max-width: 921px) 100vw, 921px\" \/>\n      <\/div>\n<\/p><\/div>\n<\/div>\n<p><!--more--><\/p>\n<div class=\"container-fluid\">\n<div class=\"row\">\n<div class=\"col-md-6 text-center\">\n         <img decoding=\"async\" width=\"1200\" height=\"650\" src=\"\/web\/wp-content\/uploads\/2017\/01\/kasa-fik-klasik-funkce.gif\" alt=\"Aplikace EET KASA FIK\" class=\"aligncenter size-full wp-image-3410 img-responsive\" style=\"max-height: 325px; margin-top: 40px;\" \/>\n         <\/div>\n<div class=\"col-md-6 text-center\" style=\"\">\n<h1 class=\"thin\" style=\"margin-top: 1em; margin-bottom: 0.5em; border-bottom: 1px solid gray;\">An Affordable Solution from CASHFIX CLASSIC<\/h1>\n<ul class=\"col-md-6 list-unstyled materialcheck text-left\" style=\"border-top: 1px solid white; padding-top: 1.2em;\">\n<li><i class=\"material-icons orange\">done<\/i><span>Our prices are friendly and guaranteed <strong>  no surprises and no hidden fee <\/strong>  <\/span><\/li>\n<li><i class=\"material-icons orange\">done<\/i><span>Manage inventory in real-time<\/span><\/li>\n<li><i class=\"material-icons orange\">done<\/i><span>Online and Offline system<\/span>\n<li><i class=\"material-icons orange\">done<\/i><span>Apply discounts to an individual item or an entire order<\/span><\/li>\n<li><i class=\"material-icons orange\">done<\/i><span>Securely manage and analyze your transactions<\/span><\/li>\n<li><i class=\"material-icons orange\">done<\/i><span>Employee access controls<\/span><\/li>\n<\/li>\n<\/ul>\n<ul class=\"col-md-6 list-unstyled materialcheck text-left\" style=\"border-top: 1px solid white; padding-top: 1.2em;\">\n<li><i class=\"material-icons orange\">done<\/i><span>supported 200 items products to sell<\/span><\/li>\n<li><i class=\"material-icons orange\">done<\/i><span>Synchronise your payment and sales tax information<\/span><\/li>\n<li><i class=\"material-icons orange\">done<\/i><span>Create product variations such as size, color and material<\/span>\n<li><i class=\"material-icons orange\">done<\/i><span>Choose between sales-prices including sales-tax (VAT) or without taxes<\/span><\/li>\n<li><i class=\"material-icons orange\">done<\/i><span>Multi-currency Point Of Sale (POS) system<\/span><\/li>\n<li><i class=\"material-icons orange\">done<\/i><span>Print reports to screen, printer or export file (including delimited text and MS Excel).<\/span><\/li>\n<\/li>\n<\/ul><\/div>\n<\/p><\/div>\n<\/div>\n<div class=\"container\">\n<div class=\"row\">\n<style>\n         #pricingtable li{\n         line-height: 32px;\n         }\n      <\/style>\n<table class=\"table\" style=\"margin-top: 2em;\" id=\"pricingtable\">\n<tbody>\n<tr>\n<td>\n<h3>CASHFIX CLASSIC POS Systems <\/H3>\n               <\/td>\n<\/tr>\n<tr>\n<td>\n                  <strong>Every tool you need to run the business from CASHFIX HIT<\/strong><\/p>\n<ul class=\"list-unstyled\">\n<li><i class=\"material-icons orange\">chevron_right<\/i><span>9.7 &#8218;touch screen and integrated 58 mm printer<\/span><\/li>\n<li><i class=\"material-icons orange\">chevron_right<\/i><span>Internet connection via LAN or WiFi.<\/span><\/li>\n<li><i class=\"material-icons orange\">chevron_right<\/i><span>Fully integrated with <strong>CASHFIX CLASSIC<\/strong> Point Of Sale (POS) system<\/span><\/li>\n<li style=\"display: none;\"><i class=\"material-icons orange\">chevron_right<\/i><span>500 receipt printers<\/span><\/li>\n<li><i class=\"material-icons orange\">chevron_right<\/i><span>24\/7 Online Technical Support<\/span><\/li>\n<li><i class=\"material-icons orange\">chevron_right<\/i><span>Desirable connectivity and easy to integrate<\/span><\/li>\n<li><i class=\"material-icons orange\">chevron_right<\/i><span>Dozens of comprehensive detailed report options.<\/span><\/li>\n<li><i class=\"material-icons orange\">chevron_right<\/i><span>Multiple store location data management &#038; consolidation.<\/span><\/li>\n<li><i class=\"material-icons orange\">chevron_right<\/i><span>Programmable Keyboards<\/span><\/li>\n<\/ul>\n<\/td>\n<\/tr>\n<\/tbody>\n<\/table>\n<div class=\"col-md-12 text-right\">\n<h3 class=\"thin\">Price: <del>499,- USD<\/del> 379,- USD <small>exclude VAT<\/small><\/h3>\n<p>         CASHFIX CLASSIC supported 200 items products to sell<\/p>\n<h3 class=\"thin\">42,- USD <small>exclude VAT<\/small><\/h3>\n<p>         Upgrade to CASHFIX PLUS version for supported unlimited items products to sell\n      <\/p><\/div>\n<\/p><\/div>\n<div class=\"row text-center\">\n<div class=\"col-md-12 btn-group btn-group-lg\"><a class=\"btn btn-warning btn-lg line pull-right\" href=\"https:\/\/www.mironet.cz\/Productlist\/showSearch?EXPS=97201377+or+97201458\" style=\"margin-left: 10px;\">ONLINE SHOP<\/a><a class=\"btn btn-info btn-lg line pull-right\" href=\"\/web\/cs\/kontakty\/\" style=\"margin-left: 10px;\">SEARCH<\/a><button class=\"btn btn-success btn-lg line chat-online pull-right\" onclick=\"openChat(this);\" id=\"orange-bottom-large\"><i class=\"material-icons\" style=\"margin-right: 8px;font-size: 18px;\">message<\/i>ONLINE CHAT <\/button><\/div>\n<\/p><\/div>\n<div class=\"row\" style=\"margin-top: 2em;\">\n<\/ul>\n<\/p><\/div>\n<\/div>\n","protected":false},"excerpt":{"rendered":"<p>KASA FIK HIT Remarkable elegant Admirable waterproof qualities and expertly integrate your business profitability All good to grow with all in one CASHFIX cash register chevron_rightDesigned for highest performance and reliability. chevron_rightJust 3 seconds for printing receipts chevron_rightCapability to extending the new features and accessories chevron_rightFully integrated with CASHFIX CLASSIC application program chevron_rightBuilt-in fast thermal [&hellip;]<\/p>\n","protected":false},"author":1,"featured_media":0,"parent":0,"menu_order":0,"comment_status":"closed","ping_status":"closed","template":"page-templates\/full-width.php","meta":{"footnotes":""},"class_list":["post-4645","page","type-page","status-publish","hentry"],"yoast_head":"<!-- This site is optimized with the Yoast SEO plugin v27.4 - https:\/\/yoast.com\/product\/yoast-seo-wordpress\/ -->\n<title>CASH REGISTER CASHFIX HIT - KASA FIK<\/title>\n<meta name=\"robots\" content=\"index, follow, max-snippet:-1, max-image-preview:large, max-video-preview:-1\" \/>\n<link rel=\"canonical\" href=\"https:\/\/www.kasafik.cz\/web\/en\/cash-register-cashfix-hit\/\" \/>\n<meta property=\"og:locale\" content=\"cs_CZ\" \/>\n<meta property=\"og:type\" content=\"article\" \/>\n<meta property=\"og:title\" content=\"CASH REGISTER CASHFIX HIT - KASA FIK\" \/>\n<meta property=\"og:description\" content=\"KASA FIK HIT Remarkable elegant Admirable waterproof qualities and expertly integrate your business profitability All good to grow with all in one CASHFIX cash register chevron_rightDesigned for highest performance and reliability. chevron_rightJust 3 seconds for printing receipts chevron_rightCapability to extending the new features and accessories chevron_rightFully integrated with CASHFIX CLASSIC application program chevron_rightBuilt-in fast thermal [&hellip;]\" \/>\n<meta property=\"og:url\" content=\"https:\/\/www.kasafik.cz\/web\/en\/cash-register-cashfix-hit\/\" \/>\n<meta property=\"og:site_name\" content=\"KASA FIK\" \/>\n<meta property=\"article:modified_time\" content=\"2017-12-27T14:47:41+00:00\" \/>\n<meta name=\"twitter:card\" content=\"summary_large_image\" \/>\n<meta name=\"twitter:label1\" content=\"Odhadovan\u00e1 doba \u010dten\u00ed\" \/>\n\t<meta name=\"twitter:data1\" content=\"2 minuty\" \/>\n<script type=\"application\/ld+json\" class=\"yoast-schema-graph\">{\"@context\":\"https:\\\/\\\/schema.org\",\"@graph\":[{\"@type\":\"WebPage\",\"@id\":\"https:\\\/\\\/www.kasafik.cz\\\/web\\\/en\\\/cash-register-cashfix-hit\\\/\",\"url\":\"https:\\\/\\\/www.kasafik.cz\\\/web\\\/en\\\/cash-register-cashfix-hit\\\/\",\"name\":\"CASH REGISTER CASHFIX HIT - KASA FIK\",\"isPartOf\":{\"@id\":\"https:\\\/\\\/www.kasafik.cz\\\/web\\\/#website\"},\"datePublished\":\"2017-05-30T11:33:20+00:00\",\"dateModified\":\"2017-12-27T14:47:41+00:00\",\"breadcrumb\":{\"@id\":\"https:\\\/\\\/www.kasafik.cz\\\/web\\\/en\\\/cash-register-cashfix-hit\\\/#breadcrumb\"},\"inLanguage\":\"cs\",\"potentialAction\":[{\"@type\":\"ReadAction\",\"target\":[\"https:\\\/\\\/www.kasafik.cz\\\/web\\\/en\\\/cash-register-cashfix-hit\\\/\"]}]},{\"@type\":\"BreadcrumbList\",\"@id\":\"https:\\\/\\\/www.kasafik.cz\\\/web\\\/en\\\/cash-register-cashfix-hit\\\/#breadcrumb\",\"itemListElement\":[{\"@type\":\"ListItem\",\"position\":1,\"name\":\"Home\",\"item\":\"https:\\\/\\\/origin.kasafik.cz\\\/web\\\/cs\\\/\"},{\"@type\":\"ListItem\",\"position\":2,\"name\":\"CASH REGISTER CASHFIX HIT\"}]},{\"@type\":\"WebSite\",\"@id\":\"https:\\\/\\\/www.kasafik.cz\\\/web\\\/#website\",\"url\":\"https:\\\/\\\/www.kasafik.cz\\\/web\\\/\",\"name\":\"KASA FIK\",\"description\":\"\",\"potentialAction\":[{\"@type\":\"SearchAction\",\"target\":{\"@type\":\"EntryPoint\",\"urlTemplate\":\"https:\\\/\\\/www.kasafik.cz\\\/web\\\/?s={search_term_string}\"},\"query-input\":{\"@type\":\"PropertyValueSpecification\",\"valueRequired\":true,\"valueName\":\"search_term_string\"}}],\"inLanguage\":\"cs\"}]}<\/script>\n<!-- \/ Yoast SEO plugin. -->","yoast_head_json":{"title":"CASH REGISTER CASHFIX HIT - KASA FIK","robots":{"index":"index","follow":"follow","max-snippet":"max-snippet:-1","max-image-preview":"max-image-preview:large","max-video-preview":"max-video-preview:-1"},"canonical":"https:\/\/www.kasafik.cz\/web\/en\/cash-register-cashfix-hit\/","og_locale":"cs_CZ","og_type":"article","og_title":"CASH REGISTER CASHFIX HIT - KASA FIK","og_description":"KASA FIK HIT Remarkable elegant Admirable waterproof qualities and expertly integrate your business profitability All good to grow with all in one CASHFIX cash register chevron_rightDesigned for highest performance and reliability. chevron_rightJust 3 seconds for printing receipts chevron_rightCapability to extending the new features and accessories chevron_rightFully integrated with CASHFIX CLASSIC application program chevron_rightBuilt-in fast thermal [&hellip;]","og_url":"https:\/\/www.kasafik.cz\/web\/en\/cash-register-cashfix-hit\/","og_site_name":"KASA FIK","article_modified_time":"2017-12-27T14:47:41+00:00","twitter_card":"summary_large_image","twitter_misc":{"Odhadovan\u00e1 doba \u010dten\u00ed":"2 minuty"},"schema":{"@context":"https:\/\/schema.org","@graph":[{"@type":"WebPage","@id":"https:\/\/www.kasafik.cz\/web\/en\/cash-register-cashfix-hit\/","url":"https:\/\/www.kasafik.cz\/web\/en\/cash-register-cashfix-hit\/","name":"CASH REGISTER CASHFIX HIT - KASA FIK","isPartOf":{"@id":"https:\/\/www.kasafik.cz\/web\/#website"},"datePublished":"2017-05-30T11:33:20+00:00","dateModified":"2017-12-27T14:47:41+00:00","breadcrumb":{"@id":"https:\/\/www.kasafik.cz\/web\/en\/cash-register-cashfix-hit\/#breadcrumb"},"inLanguage":"cs","potentialAction":[{"@type":"ReadAction","target":["https:\/\/www.kasafik.cz\/web\/en\/cash-register-cashfix-hit\/"]}]},{"@type":"BreadcrumbList","@id":"https:\/\/www.kasafik.cz\/web\/en\/cash-register-cashfix-hit\/#breadcrumb","itemListElement":[{"@type":"ListItem","position":1,"name":"Home","item":"https:\/\/origin.kasafik.cz\/web\/cs\/"},{"@type":"ListItem","position":2,"name":"CASH REGISTER CASHFIX HIT"}]},{"@type":"WebSite","@id":"https:\/\/www.kasafik.cz\/web\/#website","url":"https:\/\/www.kasafik.cz\/web\/","name":"KASA FIK","description":"","potentialAction":[{"@type":"SearchAction","target":{"@type":"EntryPoint","urlTemplate":"https:\/\/www.kasafik.cz\/web\/?s={search_term_string}"},"query-input":{"@type":"PropertyValueSpecification","valueRequired":true,"valueName":"search_term_string"}}],"inLanguage":"cs"}]}},"jetpack_sharing_enabled":true,"_links":{"self":[{"href":"https:\/\/www.kasafik.cz\/web\/wp-json\/wp\/v2\/pages\/4645","targetHints":{"allow":["GET"]}}],"collection":[{"href":"https:\/\/www.kasafik.cz\/web\/wp-json\/wp\/v2\/pages"}],"about":[{"href":"https:\/\/www.kasafik.cz\/web\/wp-json\/wp\/v2\/types\/page"}],"author":[{"embeddable":true,"href":"https:\/\/www.kasafik.cz\/web\/wp-json\/wp\/v2\/users\/1"}],"replies":[{"embeddable":true,"href":"https:\/\/www.kasafik.cz\/web\/wp-json\/wp\/v2\/comments?post=4645"}],"version-history":[{"count":3,"href":"https:\/\/www.kasafik.cz\/web\/wp-json\/wp\/v2\/pages\/4645\/revisions"}],"predecessor-version":[{"id":6130,"href":"https:\/\/www.kasafik.cz\/web\/wp-json\/wp\/v2\/pages\/4645\/revisions\/6130"}],"wp:attachment":[{"href":"https:\/\/www.kasafik.cz\/web\/wp-json\/wp\/v2\/media?parent=4645"}],"curies":[{"name":"wp","href":"https:\/\/api.w.org\/{rel}","templated":true}]}}