{"id":4355,"date":"2017-05-24T11:29:39","date_gmt":"2017-05-24T11:29:39","guid":{"rendered":"https:\/\/www.kasafik.cz\/web\/?page_id=4355"},"modified":"2024-01-25T09:46:18","modified_gmt":"2024-01-25T09:46:18","slug":"platebni-terminal-sumup","status":"publish","type":"page","link":"https:\/\/www.kasafik.cz\/web\/cs\/platebni-terminal-sumup\/","title":{"rendered":"Platebn\u00ed termin\u00e1l SumUp"},"content":{"rendered":"<div class=\"container-fluid wideimage\" style=\"background-image: url('\/web\/wp-content\/uploads\/2021\/01\/sumup.png'); background-color: #69008c; min-height: 550px; background-size: cover;\">\n<div class=\"container\">\n<div class=\"row\">\n<div class=\"col-md-7 text-center\" style=\"padding-top: 60px;\">\n<h1 class=\"thin\" style=\"background-color: rgba(255,255,255,0.7); padding: 0.5em;\">Platebn\u00ed termin\u00e1l SumUp<\/h1>\n<h3 class=\"thin\" style=\"background-color: rgba(255,255,255,0.4); padding: 0.5em;\">Lep\u0161\u00ed zp\u016fsob p\u0159ij\u00edm\u00e1n\u00ed plateb<\/h3>\n<p><img decoding=\"async\" src=\"\/web\/wp-content\/uploads\/2019\/10\/SumUp_Endorsement_OfficialPartner-EN_White-300x38.png\" alt=\"\" width=\"300\" height=\"38\" class=\"aligncenter size-medium wp-image-9586\" style=\"margin-top: 20px;\" srcset=\"https:\/\/www.kasafik.cz\/web\/wp-content\/uploads\/2019\/10\/SumUp_Endorsement_OfficialPartner-EN_White-300x38.png 300w, https:\/\/www.kasafik.cz\/web\/wp-content\/uploads\/2019\/10\/SumUp_Endorsement_OfficialPartner-EN_White-600x76.png 600w, https:\/\/www.kasafik.cz\/web\/wp-content\/uploads\/2019\/10\/SumUp_Endorsement_OfficialPartner-EN_White-768x97.png 768w, https:\/\/www.kasafik.cz\/web\/wp-content\/uploads\/2019\/10\/SumUp_Endorsement_OfficialPartner-EN_White-1024x130.png 1024w, https:\/\/www.kasafik.cz\/web\/wp-content\/uploads\/2019\/10\/SumUp_Endorsement_OfficialPartner-EN_White.png 1880w\" sizes=\"(max-width: 300px) 100vw, 300px\" \/>\n         <\/div>\n<\/p><\/div>\n<\/p><\/div>\n<\/div>\n<style>\n   .wideimage{\n   background-repeat: no-repeat;\n   background-position: right top;\n   background: url(images\/bg.jpg) no-repeat right top scroll;\n   background-size: auto 700px;\n   }\n   .red, ul.materialcheck i.material-icons red{\n   color: red;\n   }\n<\/style>\n<div class=\"container-fluid wideimage\">\n<div class=\"container\">\n<div class=\"row\">\n<div class=\"col-md-7 text-center\">\n<h1 class=\"thin\" style=\"margin-top: 2em; font-size: 48px;\">Dokonal\u00fd partner pro va\u0161e podnik\u00e1n\u00ed<\/h1>\n<h3 class=\"thin\" style=\"border-top: 1px solid #FF3F00; padding-top: 0.5em;\">Rychl\u00e9, levn\u00e9 a bez zm\u011bny banky<\/h3>\n<h4 class=\"thin\" style=\"margin-top: 2em;\"><em>A\u0165 u\u017e podnik\u00e1te v \u010demkoliv, SumUp Air je nejjednodu\u0161\u0161\u00edm zp\u016fsobem, jak p\u0159ij\u00edmat platby kartou. SumUp je pokladnou ve va\u0161\u00ed kapse, co\u017e znamen\u00e1, \u017ee ho m\u016f\u017eete vz\u00edt kamkoliv a p\u0159ij\u00edmat platby v prodejn\u00edm st\u00e1nku na trhu nebo v kamenn\u00e9m obchod\u011b.<\/em><\/h4>\n<\/p><\/div>\n<div class=\"col-md-5\"><img decoding=\"async\" class=\"aligncenter size-full wp-image-6043 img-responsive\" src=\"\/web\/wp-content\/uploads\/2021\/07\/orangesumup2.png\" alt=\"KASA FIK ORANGE s platebn\u00edm termin\u00e1lem SumUp \" \/><\/div>\n<\/p><\/div>\n<\/p><\/div>\n<\/div>\n<div class=\"container-fluid\" style=\"background-image: url('\/web\/wp-content\/uploads\/2021\/01\/pozadie-blue.png'); background-size: cover;\">\n<div style=\"background-image: url('xxx'); background-size: auto 460px; background-repeat: no-repeat; height: 400px;\">\n<div class=\"container\">\n<div class=\"row\">\n<div class=\"col-md-7 col-sm-offset-5 text-center\" style=\"color: white;\">\n<h1 class=\"thin\" style=\"margin-top: 1em; margin-bottom: 0.5em; border-bottom: 1px solid white; color: white;\">P\u0159ij\u00edm\u00e1n\u00ed platebn\u00edch karet pro ka\u017ed\u00e9ho<\/h1>\n<ul class=\"list-unstyled materialcheck text-left\" >\n<li><i class=\"material-icons\">chevron_right<\/i><span>Nemus\u00edte m\u011bnit bankovn\u00ed \u00fa\u010det<\/li>\n<li><i class=\"material-icons\">chevron_right<\/i><span>Bez z\u00e1vazk\u016f<\/li>\n<li><i class=\"material-icons\">chevron_right<\/i><span>1.95% transak\u010dn\u00ed poplatek, 0K\u010d m\u011bs\u00ed\u010dn\u00ed poplatek<\/li>\n<li><i class=\"material-icons\">chevron_right<\/i><span>P\u0159ij\u00edm\u00e1n\u00ed karet Visa, V PAY, Mastercard, nebo Maestro<\/li>\n<li><i class=\"material-icons\">chevron_right<\/i><span>Instalace do p\u00e1r minut<\/li>\n<\/ul><\/div>\n<\/p><\/div>\n<\/p><\/div>\n<\/p><\/div>\n<\/div>\n<p><!--more--><\/p>\n<div class=\"container three-advs\">\n<div class=\"row\">\n<h1 class=\"thin text-center\" style=\"margin-top: 2em; margin-bottom: 0.5em;\">PLATEBN\u00cd TERMIN\u00c1L SumUp<\/h1>\n<div class=\"col-md-4\">\n<h2>Nejlep\u0161\u00ed ve sv\u00e9 kategorii<\/h2>\n<p>      <i>Je vybaven NFC a Bluetooth, s integrovanou Li-ion bateri\u00ed. SumUp Air nastoluje nov\u00fd standard v oblasti mobiln\u00edch platebn\u00edch termin\u00e1l\u016f.<\/i><\/p>\n<ul class=\"list-unstyled materialcheck\">\n<li><i class=\"material-icons\">chevron_right<\/i><span>OLED displej<\/li>\n<li><i class=\"material-icons\">chevron_right<\/i><span>Ant\u00e9na NFC pro bezkontaktn\u00ed karty<\/li>\n<li><i class=\"material-icons\">chevron_right<\/i><span>\u010cte\u010dka EMV \u010dip\u016f<\/li>\n<li><i class=\"material-icons\">chevron_right<\/i><span>Kapacitn\u00ed kl\u00e1vesnice<\/li>\n<\/ul><\/div>\n<div class=\"col-md-4\"><a href=\"\/web\/wp-content\/uploads\/2018\/05\/sumup.jpg\"><img decoding=\"async\" class=\"aligncenter size-full wp-image-6054 img-responsive\" src=\"\/web\/wp-content\/uploads\/2018\/05\/sumup.jpg\" alt=\"\" \/><\/a><\/div>\n<div class=\"col-md-4\">\n<h2>Navr\u017een a vyroben spole\u010dnost\u00ed SumUp v Berl\u00edn\u011b<\/h2>\n<ul class=\"list-unstyled materialcheck\">\n<li><i class=\"material-icons\">chevron_right<\/i><span>Nab\u00edjec\u00ed baterie (v\u00edce ne\u017e 500 transakc\u00ed)<\/li>\n<li><i class=\"material-icons\">chevron_right<\/i><span>Atraktivn\u00ed a odoln\u00fd design<\/li>\n<li><i class=\"material-icons\">chevron_right<\/i><span>Nab\u00edjen\u00ed p\u0159es Micro-USB<\/li>\n<li><i class=\"material-icons\">chevron_right<\/i><span>Jednoduch\u00e1 a rychl\u00e1 obsluha<\/li>\n<\/ul>\n<div class=\"text-right\">\n<h3 class=\"thin price-new\">\n<p><em>Jednor\u00e1zov\u00e1 cena bez poplatk\u016f<\/em><\/p>\n<p>            <span class=\"discount\">akce<\/span><mark><strong>699<\/strong> K\u010d<\/mark> <small>bez DPH<\/small><br \/>\n         <\/h3>\n<\/p><\/div>\n<\/p><\/div>\n<\/div>\n","protected":false},"excerpt":{"rendered":"<p>Platebn\u00ed termin\u00e1l SumUp Lep\u0161\u00ed zp\u016fsob p\u0159ij\u00edm\u00e1n\u00ed plateb Dokonal\u00fd partner pro va\u0161e podnik\u00e1n\u00ed Rychl\u00e9, levn\u00e9 a bez zm\u011bny banky A\u0165 u\u017e podnik\u00e1te v \u010demkoliv, SumUp Air je nejjednodu\u0161\u0161\u00edm zp\u016fsobem, jak p\u0159ij\u00edmat platby kartou. SumUp je pokladnou ve va\u0161\u00ed kapse, co\u017e znamen\u00e1, \u017ee ho m\u016f\u017eete vz\u00edt kamkoliv a p\u0159ij\u00edmat platby v prodejn\u00edm st\u00e1nku na trhu nebo v [&hellip;]<\/p>\n","protected":false},"author":1,"featured_media":0,"parent":0,"menu_order":0,"comment_status":"closed","ping_status":"closed","template":"page-templates\/full-width-notop-margin.php","meta":{"footnotes":""},"class_list":["post-4355","page","type-page","status-publish","hentry"],"yoast_head":"<!-- This site is optimized with the Yoast SEO plugin v27.4 - https:\/\/yoast.com\/product\/yoast-seo-wordpress\/ -->\n<title>Platebn\u00ed termin\u00e1l SumUp bez m\u011bs\u00ed\u010dn\u00edch pau\u0161\u00e1l\u016f - KASA FIK<\/title>\n<meta name=\"description\" content=\"Jednoduch\u00fd a elegantn\u00ed. Takov\u00fd je platebn\u00ed termin\u00e1l Sumup. N\u00edzk\u00e1 cena 499 K\u010d, bez m\u011bs\u00ed\u010dn\u00edch pau\u0161\u00e1l\u016f a pen\u00edze p\u0159\u00edmo na V\u00e1\u0161 \u00fa\u010det.\" \/>\n<meta name=\"robots\" content=\"index, follow, max-snippet:-1, max-image-preview:large, max-video-preview:-1\" \/>\n<link rel=\"canonical\" href=\"https:\/\/www.kasafik.cz\/web\/cs\/platebni-terminal-sumup\/\" \/>\n<meta property=\"og:locale\" content=\"cs_CZ\" \/>\n<meta property=\"og:type\" content=\"article\" \/>\n<meta property=\"og:title\" content=\"Platebn\u00ed termin\u00e1l SumUp bez m\u011bs\u00ed\u010dn\u00edch pau\u0161\u00e1l\u016f - KASA FIK\" \/>\n<meta property=\"og:description\" content=\"Jednoduch\u00fd a elegantn\u00ed. Takov\u00fd je platebn\u00ed termin\u00e1l Sumup. N\u00edzk\u00e1 cena 499 K\u010d, bez m\u011bs\u00ed\u010dn\u00edch pau\u0161\u00e1l\u016f a pen\u00edze p\u0159\u00edmo na V\u00e1\u0161 \u00fa\u010det.\" \/>\n<meta property=\"og:url\" content=\"https:\/\/www.kasafik.cz\/web\/cs\/platebni-terminal-sumup\/\" \/>\n<meta property=\"og:site_name\" content=\"KASA FIK\" \/>\n<meta property=\"article:modified_time\" content=\"2024-01-25T09:46:18+00:00\" \/>\n<meta name=\"twitter:card\" content=\"summary_large_image\" \/>\n<meta name=\"twitter:label1\" content=\"Odhadovan\u00e1 doba \u010dten\u00ed\" \/>\n\t<meta name=\"twitter:data1\" content=\"2 minuty\" \/>\n<script type=\"application\/ld+json\" class=\"yoast-schema-graph\">{\"@context\":\"https:\\\/\\\/schema.org\",\"@graph\":[{\"@type\":\"WebPage\",\"@id\":\"https:\\\/\\\/www.kasafik.cz\\\/web\\\/cs\\\/platebni-terminal-sumup\\\/\",\"url\":\"https:\\\/\\\/www.kasafik.cz\\\/web\\\/cs\\\/platebni-terminal-sumup\\\/\",\"name\":\"Platebn\u00ed termin\u00e1l SumUp bez m\u011bs\u00ed\u010dn\u00edch pau\u0161\u00e1l\u016f - KASA FIK\",\"isPartOf\":{\"@id\":\"https:\\\/\\\/www.kasafik.cz\\\/web\\\/#website\"},\"datePublished\":\"2017-05-24T11:29:39+00:00\",\"dateModified\":\"2024-01-25T09:46:18+00:00\",\"description\":\"Jednoduch\u00fd a elegantn\u00ed. Takov\u00fd je platebn\u00ed termin\u00e1l Sumup. N\u00edzk\u00e1 cena 499 K\u010d, bez m\u011bs\u00ed\u010dn\u00edch pau\u0161\u00e1l\u016f a pen\u00edze p\u0159\u00edmo na V\u00e1\u0161 \u00fa\u010det.\",\"breadcrumb\":{\"@id\":\"https:\\\/\\\/www.kasafik.cz\\\/web\\\/cs\\\/platebni-terminal-sumup\\\/#breadcrumb\"},\"inLanguage\":\"cs\",\"potentialAction\":[{\"@type\":\"ReadAction\",\"target\":[\"https:\\\/\\\/www.kasafik.cz\\\/web\\\/cs\\\/platebni-terminal-sumup\\\/\"]}]},{\"@type\":\"BreadcrumbList\",\"@id\":\"https:\\\/\\\/www.kasafik.cz\\\/web\\\/cs\\\/platebni-terminal-sumup\\\/#breadcrumb\",\"itemListElement\":[{\"@type\":\"ListItem\",\"position\":1,\"name\":\"Home\",\"item\":\"https:\\\/\\\/origin.kasafik.cz\\\/web\\\/cs\\\/\"},{\"@type\":\"ListItem\",\"position\":2,\"name\":\"Platebn\u00ed termin\u00e1l SumUp\"}]},{\"@type\":\"WebSite\",\"@id\":\"https:\\\/\\\/www.kasafik.cz\\\/web\\\/#website\",\"url\":\"https:\\\/\\\/www.kasafik.cz\\\/web\\\/\",\"name\":\"KASA FIK\",\"description\":\"\",\"potentialAction\":[{\"@type\":\"SearchAction\",\"target\":{\"@type\":\"EntryPoint\",\"urlTemplate\":\"https:\\\/\\\/www.kasafik.cz\\\/web\\\/?s={search_term_string}\"},\"query-input\":{\"@type\":\"PropertyValueSpecification\",\"valueRequired\":true,\"valueName\":\"search_term_string\"}}],\"inLanguage\":\"cs\"}]}<\/script>\n<!-- \/ Yoast SEO plugin. -->","yoast_head_json":{"title":"Platebn\u00ed termin\u00e1l SumUp bez m\u011bs\u00ed\u010dn\u00edch pau\u0161\u00e1l\u016f - KASA FIK","description":"Jednoduch\u00fd a elegantn\u00ed. Takov\u00fd je platebn\u00ed termin\u00e1l Sumup. N\u00edzk\u00e1 cena 499 K\u010d, bez m\u011bs\u00ed\u010dn\u00edch pau\u0161\u00e1l\u016f a pen\u00edze p\u0159\u00edmo na V\u00e1\u0161 \u00fa\u010det.","robots":{"index":"index","follow":"follow","max-snippet":"max-snippet:-1","max-image-preview":"max-image-preview:large","max-video-preview":"max-video-preview:-1"},"canonical":"https:\/\/www.kasafik.cz\/web\/cs\/platebni-terminal-sumup\/","og_locale":"cs_CZ","og_type":"article","og_title":"Platebn\u00ed termin\u00e1l SumUp bez m\u011bs\u00ed\u010dn\u00edch pau\u0161\u00e1l\u016f - KASA FIK","og_description":"Jednoduch\u00fd a elegantn\u00ed. Takov\u00fd je platebn\u00ed termin\u00e1l Sumup. N\u00edzk\u00e1 cena 499 K\u010d, bez m\u011bs\u00ed\u010dn\u00edch pau\u0161\u00e1l\u016f a pen\u00edze p\u0159\u00edmo na V\u00e1\u0161 \u00fa\u010det.","og_url":"https:\/\/www.kasafik.cz\/web\/cs\/platebni-terminal-sumup\/","og_site_name":"KASA FIK","article_modified_time":"2024-01-25T09:46:18+00:00","twitter_card":"summary_large_image","twitter_misc":{"Odhadovan\u00e1 doba \u010dten\u00ed":"2 minuty"},"schema":{"@context":"https:\/\/schema.org","@graph":[{"@type":"WebPage","@id":"https:\/\/www.kasafik.cz\/web\/cs\/platebni-terminal-sumup\/","url":"https:\/\/www.kasafik.cz\/web\/cs\/platebni-terminal-sumup\/","name":"Platebn\u00ed termin\u00e1l SumUp bez m\u011bs\u00ed\u010dn\u00edch pau\u0161\u00e1l\u016f - KASA FIK","isPartOf":{"@id":"https:\/\/www.kasafik.cz\/web\/#website"},"datePublished":"2017-05-24T11:29:39+00:00","dateModified":"2024-01-25T09:46:18+00:00","description":"Jednoduch\u00fd a elegantn\u00ed. Takov\u00fd je platebn\u00ed termin\u00e1l Sumup. N\u00edzk\u00e1 cena 499 K\u010d, bez m\u011bs\u00ed\u010dn\u00edch pau\u0161\u00e1l\u016f a pen\u00edze p\u0159\u00edmo na V\u00e1\u0161 \u00fa\u010det.","breadcrumb":{"@id":"https:\/\/www.kasafik.cz\/web\/cs\/platebni-terminal-sumup\/#breadcrumb"},"inLanguage":"cs","potentialAction":[{"@type":"ReadAction","target":["https:\/\/www.kasafik.cz\/web\/cs\/platebni-terminal-sumup\/"]}]},{"@type":"BreadcrumbList","@id":"https:\/\/www.kasafik.cz\/web\/cs\/platebni-terminal-sumup\/#breadcrumb","itemListElement":[{"@type":"ListItem","position":1,"name":"Home","item":"https:\/\/origin.kasafik.cz\/web\/cs\/"},{"@type":"ListItem","position":2,"name":"Platebn\u00ed termin\u00e1l SumUp"}]},{"@type":"WebSite","@id":"https:\/\/www.kasafik.cz\/web\/#website","url":"https:\/\/www.kasafik.cz\/web\/","name":"KASA FIK","description":"","potentialAction":[{"@type":"SearchAction","target":{"@type":"EntryPoint","urlTemplate":"https:\/\/www.kasafik.cz\/web\/?s={search_term_string}"},"query-input":{"@type":"PropertyValueSpecification","valueRequired":true,"valueName":"search_term_string"}}],"inLanguage":"cs"}]}},"jetpack_sharing_enabled":true,"_links":{"self":[{"href":"https:\/\/www.kasafik.cz\/web\/wp-json\/wp\/v2\/pages\/4355","targetHints":{"allow":["GET"]}}],"collection":[{"href":"https:\/\/www.kasafik.cz\/web\/wp-json\/wp\/v2\/pages"}],"about":[{"href":"https:\/\/www.kasafik.cz\/web\/wp-json\/wp\/v2\/types\/page"}],"author":[{"embeddable":true,"href":"https:\/\/www.kasafik.cz\/web\/wp-json\/wp\/v2\/users\/1"}],"replies":[{"embeddable":true,"href":"https:\/\/www.kasafik.cz\/web\/wp-json\/wp\/v2\/comments?post=4355"}],"version-history":[{"count":17,"href":"https:\/\/www.kasafik.cz\/web\/wp-json\/wp\/v2\/pages\/4355\/revisions"}],"predecessor-version":[{"id":9591,"href":"https:\/\/www.kasafik.cz\/web\/wp-json\/wp\/v2\/pages\/4355\/revisions\/9591"}],"wp:attachment":[{"href":"https:\/\/www.kasafik.cz\/web\/wp-json\/wp\/v2\/media?parent=4355"}],"curies":[{"name":"wp","href":"https:\/\/api.w.org\/{rel}","templated":true}]}}