{"id":429,"date":"2016-01-09T20:34:42","date_gmt":"2016-01-09T20:34:42","guid":{"rendered":"https:\/\/www.kasafik.cz\/web\/?page_id=429"},"modified":"2025-09-02T07:52:00","modified_gmt":"2025-09-02T07:52:00","slug":"kariera_old","status":"publish","type":"page","link":"https:\/\/www.kasafik.cz\/web\/cs\/kariera_old\/","title":{"rendered":"Kari\u00e9ra_old"},"content":{"rendered":"<div class=\"container-fluid\" style=\"background-image: url('\/web\/wp-content\/uploads\/2017\/08\/Kariera-new.jpg'); min-height: 500px; color: white; padding-top: 120px;\">\n<div class=\"container\">\n<div class=\"row\">\n<div class=\"col-md-12\">\n<h1 class=\"thin\"><span style=\"background-color: rgba(255,255,255,0.7);color: black; padding: 0.4em;\">Hled\u00e1me nov\u00e9 kolegy\/kolegyn\u011b do na\u0161eho t\u00fdmu<\/span><\/h1>\n<p style=\"background-color: rgba(255,255,255,0.6);color: black; padding: 0.4em;\">V\u00edtejte v KASA FIK. Jsme inov\u00e1to\u0159i v softwarov\u00fdch \u0159e\u0161en\u00edch pro mal\u00e9 a st\u0159edn\u00ed firmy. Jsme mal\u00e1 firma s glob\u00e1ln\u00edmi ambicemi prod\u00e1vat na\u0161e \u0159e\u0161en\u00ed do v\u0161ech kout\u016f sv\u011bta.<br \/>\n               Nev\u00e1hejte a pod\u00edvejte se na sou\u010dasn\u00e9 otev\u0159en\u00e9 pozice. Mo\u017en\u00e1, \u017ee hled\u00e1me pr\u00e1v\u011b V\u00e1s.\n            <\/p>\n<\/p><\/div>\n<\/p><\/div>\n<\/p><\/div>\n<\/div>\n<\/div>\n<\/div>\n<div class=\"container\">\n<div class=\"row\">\n<h1 class=\"thin text-center\" style=\"margin-top: 2em; margin-bottom: 2em;\">P\u00e1r d\u016fvod\u016f, pro\u010d se p\u0159idat k n\u00e1m<\/h1>\n<div class=\"row\">\n<div class=\"col-md-3 text-center\">\n            <strong>Svoboda v pr\u00e1ci<\/strong><\/p>\n<p>Uzn\u00e1v\u00e1me principy svobody v pr\u00e1ci &#8211; s t\u00edmto p\u0159\u00edstupem dokazujeme, \u017ee i p\u0159es na\u0161e neform\u00e1ln\u00ed vztahy a prost\u0159ed\u00ed dok\u00e1\u017eeme odv\u00e1d\u011bt skv\u011blou pr\u00e1ci a jsou za n\u00e1mi vid\u011bt v\u00fdsledky.<\/p>\n<\/p><\/div>\n<div class=\"col-md-3 text-center\">\n            <strong>5 t\u00fddn\u016f dovolen\u00e9<\/strong><\/p>\n<p>4 t\u00fddny jsou jasn\u00e9. U n\u00e1s m\u00e1te je\u0161t\u011b jeden t\u00fdden placen\u00e9 dovolen\u00e9 nav\u00edc.<\/p>\n<\/p><\/div>\n<\/p><\/div>\n<div class=\"row\">\n<div class= \"col-md-3 text-center\"><strong>Stravenky<\/strong><br \/>\n            A\u0165 u\u017e na ob\u011bd, nebo na n\u00e1kup, vhod p\u0159ijdou v\u017edycky.\n         <\/div>\n<div class=\"col-md-3 text-center\">\n            <strong>Z\u00e1bava<\/strong><\/p>\n<p>R\u00e1di se bav\u00edme, sportujeme nebo se jen tak sejdeme i po pr\u00e1ci. R\u00e1di se bav\u00edme i na spole\u010dn\u00fdch teambuildingov\u00fdch akc\u00edch.<\/p>\n<\/p><\/div>\n<div class=\"col-md-3 text-center\">\n            <strong>Home office &#038; sick days<\/strong><\/p>\n<p>Pro n\u00e1s to nejsou nezn\u00e1m\u00e1 slova. Kv\u016fli kr\u00e1tkodob\u00e9 nevolnosti nemus\u00edte hned b\u011b\u017eet pro neschopenku.<\/p>\n<\/p><\/div>\n<div class=\"col-md-3 text-center\">\n            <strong>Cestov\u00e1n\u00ed<\/strong><\/p>\n<p>Pokud r\u00e1di cestujete, u n\u00e1s budete m\u00edt mo\u017enost. Na konference, v\u00fdstavy, veletrhy a podobn\u00e9 akce jezd\u00edme \u010dasto. A to nejen po \u010cesk\u00e9 republice.<\/p>\n<\/p><\/div>\n<\/p><\/div>\n<\/p><\/div>\n<\/div>\n<div class=\"container-fluid\" style=\"background-color: #DDDDDD;\">\n<h1 class=\"thin text-center\" style=\"margin-top: 2em; margin-bottom: 2em;\">Aktu\u00e1ln\u011b otev\u0159en\u00e9 pozice<\/h1>\n<div class=\"container\">\n<div class=\"row\">\n<h3>Javascript v\u00fdvoj\u00e1\u0159<\/h3>\n<p>Co byste m\u011bli zn\u00e1t: jQuery, Angular, min. 2 roky praxe &#8211; <i>Typescript a NodeJS v\u00fdhodou<\/i> &#8211; Povedete online z\u00e1kaznick\u00e9 aplikace a backoffice prim\u00e1rn\u011b ur\u010den\u00fd pro browser.<\/p>\n<h3>Android v\u00fdvoj\u00e1\u0159<\/h3>\n<p>Co byste m\u011bli zn\u00e1t: Android SDK, zku\u0161enosti s propojen\u00edm s HW v\u00fdhodou, min. 1 rok praxe. Va\u0161\u00edm \u00fakolem bude pod\u00edlet se na v\u00fdvoji Android aplikace pro B2B s napojen\u00edm na online slu\u017eby a Cloud infrastrukturu.<\/p>\n<h3>Grafik<\/h3>\n<p>Co byste m\u011bli zn\u00e1t: Photoshop, Illustrator &#8211; Budete se pod\u00edlet na tvorb\u011b identity na\u0161ich produkt\u016f, produkovat materi\u00e1ly pro partnery, obchodn\u00ed z\u00e1stupce a online kampan\u011b.<\/p>\n<h3>Specialista technick\u00e9 podpory \/ \u0160kolitel<\/h3>\n<p>Co byste m\u011bli zn\u00e1t: zku\u0161enosti s Android za\u0159\u00edzen\u00edmi, Adobe produkty &#8211; praxe v oboru v\u00edt\u00e1na, dobr\u00e9 komunika\u010dn\u00ed schopnosti a zap\u00e1len\u00ed pro nov\u00e9 technologie &#8211; Va\u0161\u00edm \u00fakolem bude podpora a \u0161kolen\u00ed na\u0161ich prodejn\u00edch partner\u016f, testovan\u00ed a kontrola kvality produktu, tvorba dokumentace a manu\u00e1l\u016f a spr\u00e1va port\u00e1lu tech. podpory.<\/p>\n<h3>Mana\u017eer\/ka expanze &#8211; pol\u0161tina<\/h3>\n<p>Co byste m\u011bli m\u00edt: zku\u0161enosti s B2B segmentem, znalost pol\u0161tiny. Budete se pod\u00edlet na expanzi na polsk\u00fd trh, tvo\u0159it strategii a starat se o partnery v Polsku.<\/p>\n<h3>V\u00fdvoj\u00e1\u0159 C<\/h3>\n<p>V\u00fdvoj software pro hardware za\u0159\u00edzen\u00ed. Lokalita Brno nebo i extern\u011b po \u010cR.<\/p>\n<h1 class=\"thin text-center\" style=\"margin-top: 2em;\">Technologie<\/h1>\n<p>N\u00e1\u0161 technologick\u00fd profil naleznete na <a href=\"https:\/\/stackshare.io\/kasa-fik-sro\">Stackshare.com<\/a>. V\u0161e d\u011bl\u00e1me v Cloudu, Backend je kompletn\u011b serveless v nodejs na AWS. Aplikace jsou napsan\u00e9 v Jav\u011b na Androidu a Javascriptu Angular. V datab\u00e1z\u00edch m\u00e1me p\u0159es 400GB dat o kter\u00e9 se star\u00e1me.<\/p>\n<\/p><\/div>\n<\/p><\/div>\n<\/div>\n<div class=\"container\">\n<div class=\"row\">\n<h1 class=\"thin text-center\" style=\"margin-top: 2em\">Zaujala V\u00e1s n\u011bjak\u00e1 pozice?<\/h1>\n<p>      Nev\u00e1hejte a napi\u0161te n\u00e1m n\u011bco o sob\u011b. Co um\u00edte, na \u010dem jste pracovali (ide\u00e1ln\u011b p\u0159idejte i odkazy, uk\u00e1zky k\u00f3du nebo jin\u00e9 uk\u00e1zky), co V\u00e1s bav\u00ed. Nem\u00e1me pr\u00e1v\u011b vypsanou pozici, kter\u00e1 by V\u00e1s zaujala? V\u016fbec nevad\u00ed. Pokud si mysl\u00edte, \u017ee m\u016f\u017eete b\u00fdt p\u0159\u00ednosem pro na\u0161i firmu, napi\u0161te n\u00e1m. Na\u0161e kolegy m\u00e1 na starosti <strong>Kl\u00e1ra Jandov\u00e1, mail: klara@kasafik.cz | +420 530 33 50 60<\/strong><\/p>\n<p><div class=\"row\">\n      <\/div>\n<\/p><\/div>\n<\/div>\n","protected":false},"excerpt":{"rendered":"<p>Hled\u00e1me nov\u00e9 kolegy\/kolegyn\u011b do na\u0161eho t\u00fdmu V\u00edtejte v KASA FIK. Jsme inov\u00e1to\u0159i v softwarov\u00fdch \u0159e\u0161en\u00edch pro mal\u00e9 a st\u0159edn\u00ed firmy. Jsme mal\u00e1 firma s glob\u00e1ln\u00edmi ambicemi prod\u00e1vat na\u0161e \u0159e\u0161en\u00ed do v\u0161ech kout\u016f sv\u011bta. Nev\u00e1hejte a pod\u00edvejte se na sou\u010dasn\u00e9 otev\u0159en\u00e9 pozice. Mo\u017en\u00e1, \u017ee hled\u00e1me pr\u00e1v\u011b V\u00e1s. P\u00e1r d\u016fvod\u016f, pro\u010d se p\u0159idat k n\u00e1m Svoboda v [&hellip;]<\/p>\n","protected":false},"author":1,"featured_media":0,"parent":0,"menu_order":0,"comment_status":"closed","ping_status":"closed","template":"page-templates\/full-width.php","meta":{"footnotes":""},"class_list":["post-429","page","type-page","status-publish","hentry"],"yoast_head":"<!-- This site is optimized with the Yoast SEO plugin v27.4 - https:\/\/yoast.com\/product\/yoast-seo-wordpress\/ -->\n<title>Kari\u00e9ra_old - KASA FIK<\/title>\n<meta name=\"description\" content=\"P\u0159idejte se k n\u00e1m do KASA FIK! Aktu\u00e1lne m\u00e1me otev\u0159eno n\u011bkolik pozic\u00ed. Hled\u00e1me v\u00fdvoj\u00e1\u0159e, grafiky a ka\u017ed\u00e9ho, kdo n\u00e1m m\u00e1 co p\u0159in\u00e9st.\" \/>\n<meta name=\"robots\" content=\"index, follow, max-snippet:-1, max-image-preview:large, max-video-preview:-1\" \/>\n<link rel=\"canonical\" href=\"https:\/\/www.kasafik.cz\/web\/cs\/kariera_old\/\" \/>\n<meta property=\"og:locale\" content=\"cs_CZ\" \/>\n<meta property=\"og:type\" content=\"article\" \/>\n<meta property=\"og:title\" content=\"Kari\u00e9ra_old - KASA FIK\" \/>\n<meta property=\"og:description\" content=\"P\u0159idejte se k n\u00e1m do KASA FIK! Aktu\u00e1lne m\u00e1me otev\u0159eno n\u011bkolik pozic\u00ed. Hled\u00e1me v\u00fdvoj\u00e1\u0159e, grafiky a ka\u017ed\u00e9ho, kdo n\u00e1m m\u00e1 co p\u0159in\u00e9st.\" \/>\n<meta property=\"og:url\" content=\"https:\/\/www.kasafik.cz\/web\/cs\/kariera_old\/\" \/>\n<meta property=\"og:site_name\" content=\"KASA FIK\" \/>\n<meta property=\"article:modified_time\" content=\"2025-09-02T07:52:00+00:00\" \/>\n<meta name=\"twitter:card\" content=\"summary_large_image\" \/>\n<meta name=\"twitter:label1\" content=\"Odhadovan\u00e1 doba \u010dten\u00ed\" \/>\n\t<meta name=\"twitter:data1\" content=\"3 minuty\" \/>\n<script type=\"application\/ld+json\" class=\"yoast-schema-graph\">{\"@context\":\"https:\\\/\\\/schema.org\",\"@graph\":[{\"@type\":\"WebPage\",\"@id\":\"https:\\\/\\\/www.kasafik.cz\\\/web\\\/cs\\\/kariera_old\\\/\",\"url\":\"https:\\\/\\\/www.kasafik.cz\\\/web\\\/cs\\\/kariera_old\\\/\",\"name\":\"Kari\u00e9ra_old - KASA FIK\",\"isPartOf\":{\"@id\":\"https:\\\/\\\/www.kasafik.cz\\\/web\\\/#website\"},\"datePublished\":\"2016-01-09T20:34:42+00:00\",\"dateModified\":\"2025-09-02T07:52:00+00:00\",\"description\":\"P\u0159idejte se k n\u00e1m do KASA FIK! Aktu\u00e1lne m\u00e1me otev\u0159eno n\u011bkolik pozic\u00ed. Hled\u00e1me v\u00fdvoj\u00e1\u0159e, grafiky a ka\u017ed\u00e9ho, kdo n\u00e1m m\u00e1 co p\u0159in\u00e9st.\",\"breadcrumb\":{\"@id\":\"https:\\\/\\\/www.kasafik.cz\\\/web\\\/cs\\\/kariera_old\\\/#breadcrumb\"},\"inLanguage\":\"cs\",\"potentialAction\":[{\"@type\":\"ReadAction\",\"target\":[\"https:\\\/\\\/www.kasafik.cz\\\/web\\\/cs\\\/kariera_old\\\/\"]}]},{\"@type\":\"BreadcrumbList\",\"@id\":\"https:\\\/\\\/www.kasafik.cz\\\/web\\\/cs\\\/kariera_old\\\/#breadcrumb\",\"itemListElement\":[{\"@type\":\"ListItem\",\"position\":1,\"name\":\"Home\",\"item\":\"https:\\\/\\\/origin.kasafik.cz\\\/web\\\/cs\\\/\"},{\"@type\":\"ListItem\",\"position\":2,\"name\":\"Kari\u00e9ra_old\"}]},{\"@type\":\"WebSite\",\"@id\":\"https:\\\/\\\/www.kasafik.cz\\\/web\\\/#website\",\"url\":\"https:\\\/\\\/www.kasafik.cz\\\/web\\\/\",\"name\":\"KASA FIK\",\"description\":\"\",\"potentialAction\":[{\"@type\":\"SearchAction\",\"target\":{\"@type\":\"EntryPoint\",\"urlTemplate\":\"https:\\\/\\\/www.kasafik.cz\\\/web\\\/?s={search_term_string}\"},\"query-input\":{\"@type\":\"PropertyValueSpecification\",\"valueRequired\":true,\"valueName\":\"search_term_string\"}}],\"inLanguage\":\"cs\"}]}<\/script>\n<!-- \/ Yoast SEO plugin. -->","yoast_head_json":{"title":"Kari\u00e9ra_old - KASA FIK","description":"P\u0159idejte se k n\u00e1m do KASA FIK! Aktu\u00e1lne m\u00e1me otev\u0159eno n\u011bkolik pozic\u00ed. Hled\u00e1me v\u00fdvoj\u00e1\u0159e, grafiky a ka\u017ed\u00e9ho, kdo n\u00e1m m\u00e1 co p\u0159in\u00e9st.","robots":{"index":"index","follow":"follow","max-snippet":"max-snippet:-1","max-image-preview":"max-image-preview:large","max-video-preview":"max-video-preview:-1"},"canonical":"https:\/\/www.kasafik.cz\/web\/cs\/kariera_old\/","og_locale":"cs_CZ","og_type":"article","og_title":"Kari\u00e9ra_old - KASA FIK","og_description":"P\u0159idejte se k n\u00e1m do KASA FIK! Aktu\u00e1lne m\u00e1me otev\u0159eno n\u011bkolik pozic\u00ed. Hled\u00e1me v\u00fdvoj\u00e1\u0159e, grafiky a ka\u017ed\u00e9ho, kdo n\u00e1m m\u00e1 co p\u0159in\u00e9st.","og_url":"https:\/\/www.kasafik.cz\/web\/cs\/kariera_old\/","og_site_name":"KASA FIK","article_modified_time":"2025-09-02T07:52:00+00:00","twitter_card":"summary_large_image","twitter_misc":{"Odhadovan\u00e1 doba \u010dten\u00ed":"3 minuty"},"schema":{"@context":"https:\/\/schema.org","@graph":[{"@type":"WebPage","@id":"https:\/\/www.kasafik.cz\/web\/cs\/kariera_old\/","url":"https:\/\/www.kasafik.cz\/web\/cs\/kariera_old\/","name":"Kari\u00e9ra_old - KASA FIK","isPartOf":{"@id":"https:\/\/www.kasafik.cz\/web\/#website"},"datePublished":"2016-01-09T20:34:42+00:00","dateModified":"2025-09-02T07:52:00+00:00","description":"P\u0159idejte se k n\u00e1m do KASA FIK! Aktu\u00e1lne m\u00e1me otev\u0159eno n\u011bkolik pozic\u00ed. Hled\u00e1me v\u00fdvoj\u00e1\u0159e, grafiky a ka\u017ed\u00e9ho, kdo n\u00e1m m\u00e1 co p\u0159in\u00e9st.","breadcrumb":{"@id":"https:\/\/www.kasafik.cz\/web\/cs\/kariera_old\/#breadcrumb"},"inLanguage":"cs","potentialAction":[{"@type":"ReadAction","target":["https:\/\/www.kasafik.cz\/web\/cs\/kariera_old\/"]}]},{"@type":"BreadcrumbList","@id":"https:\/\/www.kasafik.cz\/web\/cs\/kariera_old\/#breadcrumb","itemListElement":[{"@type":"ListItem","position":1,"name":"Home","item":"https:\/\/origin.kasafik.cz\/web\/cs\/"},{"@type":"ListItem","position":2,"name":"Kari\u00e9ra_old"}]},{"@type":"WebSite","@id":"https:\/\/www.kasafik.cz\/web\/#website","url":"https:\/\/www.kasafik.cz\/web\/","name":"KASA FIK","description":"","potentialAction":[{"@type":"SearchAction","target":{"@type":"EntryPoint","urlTemplate":"https:\/\/www.kasafik.cz\/web\/?s={search_term_string}"},"query-input":{"@type":"PropertyValueSpecification","valueRequired":true,"valueName":"search_term_string"}}],"inLanguage":"cs"}]}},"jetpack_sharing_enabled":true,"_links":{"self":[{"href":"https:\/\/www.kasafik.cz\/web\/wp-json\/wp\/v2\/pages\/429","targetHints":{"allow":["GET"]}}],"collection":[{"href":"https:\/\/www.kasafik.cz\/web\/wp-json\/wp\/v2\/pages"}],"about":[{"href":"https:\/\/www.kasafik.cz\/web\/wp-json\/wp\/v2\/types\/page"}],"author":[{"embeddable":true,"href":"https:\/\/www.kasafik.cz\/web\/wp-json\/wp\/v2\/users\/1"}],"replies":[{"embeddable":true,"href":"https:\/\/www.kasafik.cz\/web\/wp-json\/wp\/v2\/comments?post=429"}],"version-history":[{"count":13,"href":"https:\/\/www.kasafik.cz\/web\/wp-json\/wp\/v2\/pages\/429\/revisions"}],"predecessor-version":[{"id":18438,"href":"https:\/\/www.kasafik.cz\/web\/wp-json\/wp\/v2\/pages\/429\/revisions\/18438"}],"wp:attachment":[{"href":"https:\/\/www.kasafik.cz\/web\/wp-json\/wp\/v2\/media?parent=429"}],"curies":[{"name":"wp","href":"https:\/\/api.w.org\/{rel}","templated":true}]}}