{"id":3876,"date":"2017-04-12T18:04:18","date_gmt":"2017-04-12T18:04:18","guid":{"rendered":"https:\/\/www.kasafik.cz\/web\/?page_id=3876"},"modified":"2024-01-13T08:58:25","modified_gmt":"2024-01-13T08:58:25","slug":"pronajem","status":"publish","type":"page","link":"https:\/\/www.kasafik.cz\/web\/cs\/pronajem\/","title":{"rendered":"Pron\u00e1jem a p\u016fj\u010dovna &#8211; pokladny, digital signage, panely, platebn\u00ed termin\u00e1ly"},"content":{"rendered":"\t\t<div data-elementor-type=\"wp-page\" data-elementor-id=\"3876\" class=\"elementor elementor-3876\" data-elementor-post-type=\"page\">\n\t\t\t\t<div class=\"elementor-element elementor-element-1dc1842 e-flex e-con-boxed e-con e-parent\" data-id=\"1dc1842\" data-element_type=\"container\" data-e-type=\"container\">\n\t\t\t\t\t<div class=\"e-con-inner\">\n\t\t\t\t<div class=\"elementor-element elementor-element-82b640f elementor-widget elementor-widget-heading\" data-id=\"82b640f\" data-element_type=\"widget\" data-e-type=\"widget\" data-widget_type=\"heading.default\">\n\t\t\t\t<div class=\"elementor-widget-container\">\n\t\t\t\t\t<h1 class=\"elementor-heading-title elementor-size-default\">Pron\u00e1jem pokladen a vybaven\u00ed<\/h1>\t\t\t\t<\/div>\n\t\t\t\t<\/div>\n\t\t\t\t\t<\/div>\n\t\t\t\t<\/div>\n\t\t<div class=\"elementor-element elementor-element-065cdc1 e-flex e-con-boxed e-con e-parent\" data-id=\"065cdc1\" data-element_type=\"container\" data-e-type=\"container\">\n\t\t\t\t\t<div class=\"e-con-inner\">\n\t\t<div class=\"elementor-element elementor-element-3dd4040 e-con-full e-flex e-con e-child\" data-id=\"3dd4040\" data-element_type=\"container\" data-e-type=\"container\">\n\t\t\t\t<div class=\"elementor-element elementor-element-1371705 elementor-widget elementor-widget-text-editor\" data-id=\"1371705\" data-element_type=\"widget\" data-e-type=\"widget\" data-widget_type=\"text-editor.default\">\n\t\t\t\t<div class=\"elementor-widget-container\">\n\t\t\t\t\t\t\t\t\t<h2>V\u00fdhody<\/h2>\n<ul class=\" style=\">\n \t<li>Postar\u00e1me se kompletn\u011b o nastaven\u00ed a zprovozn\u011bn\u00ed za\u0159\u00edzen\u00ed<\/li>\n \t<li>Zaji\u0161\u0165ujeme \u0161kolen\u00ed person\u00e1lu, servis a podporu<\/li>\n \t<li>Poskytneme n\u00e1hradn\u00ed za\u0159\u00edzen\u00ed pro p\u0159\u00edpad nouze<\/li>\n \t<li>P\u0159i vr\u00e1cen\u00ed zaz\u00e1lohujeme data, pro p\u0159\u00edpadn\u00e9 n\u00e1sledn\u00e9 pou\u017eit\u00ed<\/li>\n \t<li>Poskytujeme i v\u011bt\u0161\u00ed mno\u017estv\u00ed za\u0159\u00edzen\u00ed pro akce, koncerty, apod.<\/li>\n<\/ul>\t\t\t\t\t\t\t\t<\/div>\n\t\t\t\t<\/div>\n\t\t\t\t<\/div>\n\t\t<div class=\"elementor-element elementor-element-0a87866 e-con-full e-flex e-con e-child\" data-id=\"0a87866\" data-element_type=\"container\" data-e-type=\"container\">\n\t\t\t\t<\/div>\n\t\t\t\t\t<\/div>\n\t\t\t\t<\/div>\n\t\t<div class=\"elementor-element elementor-element-607cbad9 e-con-full e-flex e-con e-parent\" data-id=\"607cbad9\" data-element_type=\"container\" data-e-type=\"container\" data-settings=\"{&quot;background_background&quot;:&quot;classic&quot;}\">\n\t\t\t\t<div class=\"elementor-element elementor-element-555b3c24 animated-slow elementor-invisible elementor-widget elementor-widget-heading\" data-id=\"555b3c24\" data-element_type=\"widget\" data-e-type=\"widget\" data-settings=\"{&quot;_animation&quot;:&quot;slideInUp&quot;}\" data-widget_type=\"heading.default\">\n\t\t\t\t<div class=\"elementor-widget-container\">\n\t\t\t\t\t<h2 class=\"elementor-heading-title elementor-size-default\">V\u00edce mo\u017enost\u00ed se zap\u016fj\u010den\u00fdmi za\u0159\u00edzen\u00edmi<\/h2>\t\t\t\t<\/div>\n\t\t\t\t<\/div>\n\t\t\t\t<div class=\"elementor-element elementor-element-69774ebd animated-slow elementor-invisible elementor-widget elementor-widget-heading\" data-id=\"69774ebd\" data-element_type=\"widget\" data-e-type=\"widget\" data-settings=\"{&quot;_animation&quot;:&quot;slideInUp&quot;}\" data-widget_type=\"heading.default\">\n\t\t\t\t<div class=\"elementor-widget-container\">\n\t\t\t\t\t<h2 class=\"elementor-heading-title elementor-size-default\">p\u016fj\u010dovna<\/h2>\t\t\t\t<\/div>\n\t\t\t\t<\/div>\n\t\t<div class=\"elementor-element elementor-element-17707d7e e-con-full e-flex e-con e-child\" data-id=\"17707d7e\" data-element_type=\"container\" data-e-type=\"container\">\n\t\t<div class=\"elementor-element elementor-element-2f62f0ea e-con-full e-flex e-con e-child\" data-id=\"2f62f0ea\" data-element_type=\"container\" data-e-type=\"container\">\n\t\t\t\t<div class=\"elementor-element elementor-element-5dda13b0 elementor-cta--valign-middle elementor-widget__width-inherit elementor-widget-tablet__width-inherit elementor-widget-mobile__width-inherit elementor-cta--skin-classic elementor-animated-content elementor-bg-transform elementor-bg-transform-zoom-in elementor-widget elementor-widget-call-to-action\" data-id=\"5dda13b0\" data-element_type=\"widget\" data-e-type=\"widget\" data-widget_type=\"call-to-action.default\">\n\t\t\t\t<div class=\"elementor-widget-container\">\n\t\t\t\t\t\t\t<div class=\"elementor-cta\">\n\t\t\t\t\t<div class=\"elementor-cta__bg-wrapper\">\n\t\t\t\t<div class=\"elementor-cta__bg elementor-bg\" style=\"background-image: url(https:\/\/www.kasafik.cz\/web\/wp-content\/uploads\/2022\/02\/animation-scene.white_-963x1024.png);\" role=\"img\" aria-label=\"animation scene.white\"><\/div>\n\t\t\t\t<div class=\"elementor-cta__bg-overlay\"><\/div>\n\t\t\t<\/div>\n\t\t\t\t\t\t\t\t<\/div>\n\t\t\t\t\t\t<\/div>\n\t\t\t\t<\/div>\n\t\t<div class=\"elementor-element elementor-element-1a1e1f6d e-flex e-con-boxed e-con e-child\" data-id=\"1a1e1f6d\" data-element_type=\"container\" data-e-type=\"container\">\n\t\t\t\t\t<div class=\"e-con-inner\">\n\t\t\t\t<div class=\"elementor-element elementor-element-63f3baa0 elementor-widget elementor-widget-heading\" data-id=\"63f3baa0\" data-element_type=\"widget\" data-e-type=\"widget\" data-widget_type=\"heading.default\">\n\t\t\t\t<div class=\"elementor-widget-container\">\n\t\t\t\t\t<span class=\"elementor-heading-title elementor-size-default\">mobiln\u00ed pokladny<\/span>\t\t\t\t<\/div>\n\t\t\t\t<\/div>\n\t\t\t\t<div class=\"elementor-element elementor-element-221c0e5 elementor-widget elementor-widget-heading\" data-id=\"221c0e5\" data-element_type=\"widget\" data-e-type=\"widget\" data-widget_type=\"heading.default\">\n\t\t\t\t<div class=\"elementor-widget-container\">\n\t\t\t\t\t<span class=\"elementor-heading-title elementor-size-default\">Jednoduch\u00fd prodej v ruce<\/span>\t\t\t\t<\/div>\n\t\t\t\t<\/div>\n\t\t\t\t\t<\/div>\n\t\t\t\t<\/div>\n\t\t\t\t<\/div>\n\t\t<div class=\"elementor-element elementor-element-57866d e-con-full e-flex e-con e-child\" data-id=\"57866d\" data-element_type=\"container\" data-e-type=\"container\">\n\t\t\t\t<div class=\"elementor-element elementor-element-4765a008 elementor-cta--valign-middle elementor-widget__width-inherit elementor-widget-tablet__width-inherit elementor-widget-mobile__width-inherit elementor-cta--skin-classic elementor-animated-content elementor-bg-transform elementor-bg-transform-zoom-in elementor-widget elementor-widget-call-to-action\" data-id=\"4765a008\" data-element_type=\"widget\" data-e-type=\"widget\" data-widget_type=\"call-to-action.default\">\n\t\t\t\t<div class=\"elementor-widget-container\">\n\t\t\t\t\t\t\t<div class=\"elementor-cta\">\n\t\t\t\t\t<div class=\"elementor-cta__bg-wrapper\">\n\t\t\t\t<div class=\"elementor-cta__bg elementor-bg\" style=\"background-image: url(https:\/\/www.kasafik.cz\/web\/wp-content\/uploads\/2023\/03\/hit-15-white.jpg);\" role=\"img\" aria-label=\"hit-15-white\"><\/div>\n\t\t\t\t<div class=\"elementor-cta__bg-overlay\"><\/div>\n\t\t\t<\/div>\n\t\t\t\t\t\t\t\t<\/div>\n\t\t\t\t\t\t<\/div>\n\t\t\t\t<\/div>\n\t\t<div class=\"elementor-element elementor-element-64ba85f3 e-flex e-con-boxed e-con e-child\" data-id=\"64ba85f3\" data-element_type=\"container\" data-e-type=\"container\">\n\t\t\t\t\t<div class=\"e-con-inner\">\n\t\t\t\t<div class=\"elementor-element elementor-element-326aa5d8 elementor-widget elementor-widget-heading\" data-id=\"326aa5d8\" data-element_type=\"widget\" data-e-type=\"widget\" data-widget_type=\"heading.default\">\n\t\t\t\t<div class=\"elementor-widget-container\">\n\t\t\t\t\t<span class=\"elementor-heading-title elementor-size-default\">Stoln\u00ed pokladny<\/span>\t\t\t\t<\/div>\n\t\t\t\t<\/div>\n\t\t\t\t<div class=\"elementor-element elementor-element-6533a997 elementor-widget elementor-widget-heading\" data-id=\"6533a997\" data-element_type=\"widget\" data-e-type=\"widget\" data-widget_type=\"heading.default\">\n\t\t\t\t<div class=\"elementor-widget-container\">\n\t\t\t\t\t<span class=\"elementor-heading-title elementor-size-default\">Kr\u00e1tkodob\u00fd i dlouhodob\u00fd pron\u00e1jem<\/span>\t\t\t\t<\/div>\n\t\t\t\t<\/div>\n\t\t\t\t\t<\/div>\n\t\t\t\t<\/div>\n\t\t\t\t<\/div>\n\t\t<div class=\"elementor-element elementor-element-7f5d163f e-con-full e-flex e-con e-child\" data-id=\"7f5d163f\" data-element_type=\"container\" data-e-type=\"container\">\n\t\t\t\t<div class=\"elementor-element elementor-element-5470246d elementor-cta--valign-middle elementor-cta--skin-classic elementor-animated-content elementor-bg-transform elementor-bg-transform-zoom-in elementor-widget elementor-widget-call-to-action\" data-id=\"5470246d\" data-element_type=\"widget\" data-e-type=\"widget\" data-widget_type=\"call-to-action.default\">\n\t\t\t\t<div class=\"elementor-widget-container\">\n\t\t\t\t\t\t\t<div class=\"elementor-cta\">\n\t\t\t\t\t<div class=\"elementor-cta__bg-wrapper\">\n\t\t\t\t<div class=\"elementor-cta__bg elementor-bg\" style=\"background-image: url(https:\/\/www.kasafik.cz\/web\/wp-content\/uploads\/2023\/06\/Screenshot-60.png);\" role=\"img\" aria-label=\"Sumup Solo\"><\/div>\n\t\t\t\t<div class=\"elementor-cta__bg-overlay\"><\/div>\n\t\t\t<\/div>\n\t\t\t\t\t\t\t\t<\/div>\n\t\t\t\t\t\t<\/div>\n\t\t\t\t<\/div>\n\t\t<div class=\"elementor-element elementor-element-5b36633f e-flex e-con-boxed e-con e-child\" data-id=\"5b36633f\" data-element_type=\"container\" data-e-type=\"container\">\n\t\t\t\t\t<div class=\"e-con-inner\">\n\t\t\t\t<div class=\"elementor-element elementor-element-19112d4e elementor-widget elementor-widget-heading\" data-id=\"19112d4e\" data-element_type=\"widget\" data-e-type=\"widget\" data-widget_type=\"heading.default\">\n\t\t\t\t<div class=\"elementor-widget-container\">\n\t\t\t\t\t<span class=\"elementor-heading-title elementor-size-default\">Platebn\u00ed termin\u00e1ly<\/span>\t\t\t\t<\/div>\n\t\t\t\t<\/div>\n\t\t\t\t<div class=\"elementor-element elementor-element-2ecd7111 elementor-widget elementor-widget-heading\" data-id=\"2ecd7111\" data-element_type=\"widget\" data-e-type=\"widget\" data-widget_type=\"heading.default\">\n\t\t\t\t<div class=\"elementor-widget-container\">\n\t\t\t\t\t<span class=\"elementor-heading-title elementor-size-default\">Zvy\u0161ujeme tr\u017eby se spolehliv\u00fdmi platbami<\/span>\t\t\t\t<\/div>\n\t\t\t\t<\/div>\n\t\t\t\t\t<\/div>\n\t\t\t\t<\/div>\n\t\t\t\t<\/div>\n\t\t\t\t<\/div>\n\t\t\t\t<\/div>\n\t\t<div class=\"elementor-element elementor-element-0a3e173 e-con-full e-flex e-con e-parent\" data-id=\"0a3e173\" data-element_type=\"container\" data-e-type=\"container\" data-settings=\"{&quot;background_background&quot;:&quot;classic&quot;}\">\n\t\t<div class=\"elementor-element elementor-element-14c117e e-con-full e-flex e-con e-child\" data-id=\"14c117e\" data-element_type=\"container\" data-e-type=\"container\" data-settings=\"{&quot;background_background&quot;:&quot;classic&quot;}\">\n\t\t<div class=\"elementor-element elementor-element-f6679a4 e-con-full e-flex e-con e-child\" data-id=\"f6679a4\" data-element_type=\"container\" data-e-type=\"container\" data-settings=\"{&quot;background_background&quot;:&quot;classic&quot;}\">\n\t\t\t\t<div class=\"elementor-element elementor-element-c178824 elementor-cta--valign-middle elementor-widget__width-inherit elementor-widget-tablet__width-inherit elementor-widget-mobile__width-inherit elementor-cta--skin-classic elementor-animated-content elementor-bg-transform elementor-bg-transform-zoom-in elementor-widget elementor-widget-call-to-action\" data-id=\"c178824\" data-element_type=\"widget\" data-e-type=\"widget\" data-widget_type=\"call-to-action.default\">\n\t\t\t\t<div class=\"elementor-widget-container\">\n\t\t\t\t\t\t\t<div class=\"elementor-cta\">\n\t\t\t\t\t<div class=\"elementor-cta__bg-wrapper\">\n\t\t\t\t<div class=\"elementor-cta__bg elementor-bg\" style=\"background-image: url(https:\/\/www.kasafik.cz\/web\/wp-content\/uploads\/2024\/01\/Starlink-Dishy-and-Router-1536x979-1-1024x653.jpg);\" role=\"img\" aria-label=\"Starlink-Dishy-and-Router-1536x979\"><\/div>\n\t\t\t\t<div class=\"elementor-cta__bg-overlay\"><\/div>\n\t\t\t<\/div>\n\t\t\t\t\t\t\t\t<\/div>\n\t\t\t\t\t\t<\/div>\n\t\t\t\t<\/div>\n\t\t<div class=\"elementor-element elementor-element-22c87a2 e-flex e-con-boxed e-con e-child\" data-id=\"22c87a2\" data-element_type=\"container\" data-e-type=\"container\">\n\t\t\t\t\t<div class=\"e-con-inner\">\n\t\t\t\t<div class=\"elementor-element elementor-element-8b95aed elementor-widget elementor-widget-heading\" data-id=\"8b95aed\" data-element_type=\"widget\" data-e-type=\"widget\" data-widget_type=\"heading.default\">\n\t\t\t\t<div class=\"elementor-widget-container\">\n\t\t\t\t\t<span class=\"elementor-heading-title elementor-size-default\">STARLINK p\u0159ipojen\u00ed<\/span>\t\t\t\t<\/div>\n\t\t\t\t<\/div>\n\t\t\t\t<div class=\"elementor-element elementor-element-fddb36a elementor-widget elementor-widget-heading\" data-id=\"fddb36a\" data-element_type=\"widget\" data-e-type=\"widget\" data-widget_type=\"heading.default\">\n\t\t\t\t<div class=\"elementor-widget-container\">\n\t\t\t\t\t<span class=\"elementor-heading-title elementor-size-default\">P\u0159ipojte se spolehliv\u011b kdekoliv bez ru\u0161en\u00ed<\/span>\t\t\t\t<\/div>\n\t\t\t\t<\/div>\n\t\t\t\t\t<\/div>\n\t\t\t\t<\/div>\n\t\t\t\t<\/div>\n\t\t<div class=\"elementor-element elementor-element-59548c5 e-con-full e-flex e-con e-child\" data-id=\"59548c5\" data-element_type=\"container\" data-e-type=\"container\">\n\t\t\t\t<div class=\"elementor-element elementor-element-11e4896 elementor-cta--valign-middle elementor-widget__width-inherit elementor-widget-tablet__width-inherit elementor-widget-mobile__width-inherit elementor-cta--skin-classic elementor-animated-content elementor-bg-transform elementor-bg-transform-zoom-in elementor-widget elementor-widget-call-to-action\" data-id=\"11e4896\" data-element_type=\"widget\" data-e-type=\"widget\" data-widget_type=\"call-to-action.default\">\n\t\t\t\t<div class=\"elementor-widget-container\">\n\t\t\t\t\t\t\t<div class=\"elementor-cta\">\n\t\t\t\t\t<div class=\"elementor-cta__bg-wrapper\">\n\t\t\t\t<div class=\"elementor-cta__bg elementor-bg\" style=\"background-image: url(https:\/\/www.kasafik.cz\/web\/wp-content\/uploads\/2024\/01\/Screenshot-from-2024-01-13-09-30-17.png);\" role=\"img\" aria-label=\"Screenshot from 2024-01-13 09-30-17\"><\/div>\n\t\t\t\t<div class=\"elementor-cta__bg-overlay\"><\/div>\n\t\t\t<\/div>\n\t\t\t\t\t\t\t\t<\/div>\n\t\t\t\t\t\t<\/div>\n\t\t\t\t<\/div>\n\t\t<div class=\"elementor-element elementor-element-02b4e49 e-flex e-con-boxed e-con e-child\" data-id=\"02b4e49\" data-element_type=\"container\" data-e-type=\"container\">\n\t\t\t\t\t<div class=\"e-con-inner\">\n\t\t\t\t<div class=\"elementor-element elementor-element-a15d896 elementor-widget elementor-widget-heading\" data-id=\"a15d896\" data-element_type=\"widget\" data-e-type=\"widget\" data-widget_type=\"heading.default\">\n\t\t\t\t<div class=\"elementor-widget-container\">\n\t\t\t\t\t<span class=\"elementor-heading-title elementor-size-default\">KIOSKY<\/span>\t\t\t\t<\/div>\n\t\t\t\t<\/div>\n\t\t\t\t<div class=\"elementor-element elementor-element-dfcd2ef elementor-widget elementor-widget-heading\" data-id=\"dfcd2ef\" data-element_type=\"widget\" data-e-type=\"widget\" data-widget_type=\"heading.default\">\n\t\t\t\t<div class=\"elementor-widget-container\">\n\t\t\t\t\t<span class=\"elementor-heading-title elementor-size-default\">Pro hromadn\u00e9 akce<\/span>\t\t\t\t<\/div>\n\t\t\t\t<\/div>\n\t\t\t\t\t<\/div>\n\t\t\t\t<\/div>\n\t\t\t\t<\/div>\n\t\t<div class=\"elementor-element elementor-element-6e1eba2 e-con-full e-flex e-con e-child\" data-id=\"6e1eba2\" data-element_type=\"container\" data-e-type=\"container\">\n\t\t\t\t<div class=\"elementor-element elementor-element-6bd261b elementor-cta--valign-middle elementor-widget__width-inherit elementor-widget-tablet__width-inherit elementor-widget-mobile__width-inherit elementor-cta--skin-classic elementor-animated-content elementor-bg-transform elementor-bg-transform-zoom-in elementor-widget elementor-widget-call-to-action\" data-id=\"6bd261b\" data-element_type=\"widget\" data-e-type=\"widget\" data-widget_type=\"call-to-action.default\">\n\t\t\t\t<div class=\"elementor-widget-container\">\n\t\t\t\t\t\t\t<div class=\"elementor-cta\">\n\t\t\t\t\t<div class=\"elementor-cta__bg-wrapper\">\n\t\t\t\t<div class=\"elementor-cta__bg elementor-bg\" style=\"background-image: url(https:\/\/www.kasafik.cz\/web\/wp-content\/uploads\/2023\/12\/Screenshot-from-2023-12-20-07-35-01.png);\" role=\"img\" aria-label=\"Screenshot from 2023-12-20 07-35-01\"><\/div>\n\t\t\t\t<div class=\"elementor-cta__bg-overlay\"><\/div>\n\t\t\t<\/div>\n\t\t\t\t\t\t\t\t<\/div>\n\t\t\t\t\t\t<\/div>\n\t\t\t\t<\/div>\n\t\t<div class=\"elementor-element elementor-element-344a006 e-flex e-con-boxed e-con e-child\" data-id=\"344a006\" data-element_type=\"container\" data-e-type=\"container\" data-settings=\"{&quot;background_background&quot;:&quot;classic&quot;}\">\n\t\t\t\t\t<div class=\"e-con-inner\">\n\t\t\t\t<div class=\"elementor-element elementor-element-df077f0 elementor-widget elementor-widget-heading\" data-id=\"df077f0\" data-element_type=\"widget\" data-e-type=\"widget\" data-widget_type=\"heading.default\">\n\t\t\t\t<div class=\"elementor-widget-container\">\n\t\t\t\t\t<span class=\"elementor-heading-title elementor-size-default\">REKLAMN\u00ed panely<\/span>\t\t\t\t<\/div>\n\t\t\t\t<\/div>\n\t\t\t\t<div class=\"elementor-element elementor-element-02cc71d elementor-widget elementor-widget-heading\" data-id=\"02cc71d\" data-element_type=\"widget\" data-e-type=\"widget\" data-widget_type=\"heading.default\">\n\t\t\t\t<div class=\"elementor-widget-container\">\n\t\t\t\t\t<span class=\"elementor-heading-title elementor-size-default\">55 palc\u016f se stojanem<\/span>\t\t\t\t<\/div>\n\t\t\t\t<\/div>\n\t\t\t\t\t<\/div>\n\t\t\t\t<\/div>\n\t\t\t\t<\/div>\n\t\t\t\t<\/div>\n\t\t\t\t<\/div>\n\t\t\t\t<\/div>\n\t\t","protected":false},"excerpt":{"rendered":"<p>Pron\u00e1jem pokladen a vybaven\u00ed V\u00fdhody Postar\u00e1me se kompletn\u011b o nastaven\u00ed a zprovozn\u011bn\u00ed za\u0159\u00edzen\u00ed Zaji\u0161\u0165ujeme \u0161kolen\u00ed person\u00e1lu, servis a podporu Poskytneme n\u00e1hradn\u00ed za\u0159\u00edzen\u00ed pro p\u0159\u00edpad nouze P\u0159i vr\u00e1cen\u00ed zaz\u00e1lohujeme data, pro p\u0159\u00edpadn\u00e9 n\u00e1sledn\u00e9 pou\u017eit\u00ed Poskytujeme i v\u011bt\u0161\u00ed mno\u017estv\u00ed za\u0159\u00edzen\u00ed pro akce, koncerty, apod. V\u00edce mo\u017enost\u00ed se zap\u016fj\u010den\u00fdmi za\u0159\u00edzen\u00edmi p\u016fj\u010dovna mobiln\u00ed pokladny Jednoduch\u00fd prodej v ruce Stoln\u00ed [&hellip;]<\/p>\n","protected":false},"author":1,"featured_media":0,"parent":0,"menu_order":0,"comment_status":"closed","ping_status":"closed","template":"page-templates\/full-width.php","meta":{"footnotes":""},"class_list":["post-3876","page","type-page","status-publish","hentry"],"yoast_head":"<!-- This site is optimized with the Yoast SEO plugin v27.2 - https:\/\/yoast.com\/product\/yoast-seo-wordpress\/ -->\n<title>Pron\u00e1jem a p\u016fj\u010dovna - pokladny, digital signage, panely, platebn\u00ed termin\u00e1ly - KASA FIK<\/title>\n<meta name=\"robots\" content=\"index, follow, max-snippet:-1, max-image-preview:large, max-video-preview:-1\" \/>\n<link rel=\"canonical\" href=\"https:\/\/www.kasafik.cz\/web\/cs\/pronajem\/\" \/>\n<meta property=\"og:locale\" content=\"cs_CZ\" \/>\n<meta property=\"og:type\" content=\"article\" \/>\n<meta property=\"og:title\" content=\"Pron\u00e1jem a p\u016fj\u010dovna - pokladny, digital signage, panely, platebn\u00ed termin\u00e1ly - KASA FIK\" \/>\n<meta property=\"og:description\" content=\"Pron\u00e1jem pokladen a vybaven\u00ed V\u00fdhody Postar\u00e1me se kompletn\u011b o nastaven\u00ed a zprovozn\u011bn\u00ed za\u0159\u00edzen\u00ed Zaji\u0161\u0165ujeme \u0161kolen\u00ed person\u00e1lu, servis a podporu Poskytneme n\u00e1hradn\u00ed za\u0159\u00edzen\u00ed pro p\u0159\u00edpad nouze P\u0159i vr\u00e1cen\u00ed zaz\u00e1lohujeme data, pro p\u0159\u00edpadn\u00e9 n\u00e1sledn\u00e9 pou\u017eit\u00ed Poskytujeme i v\u011bt\u0161\u00ed mno\u017estv\u00ed za\u0159\u00edzen\u00ed pro akce, koncerty, apod. V\u00edce mo\u017enost\u00ed se zap\u016fj\u010den\u00fdmi za\u0159\u00edzen\u00edmi p\u016fj\u010dovna mobiln\u00ed pokladny Jednoduch\u00fd prodej v ruce Stoln\u00ed [&hellip;]\" \/>\n<meta property=\"og:url\" content=\"https:\/\/www.kasafik.cz\/web\/cs\/pronajem\/\" \/>\n<meta property=\"og:site_name\" content=\"KASA FIK\" \/>\n<meta property=\"article:modified_time\" content=\"2024-01-13T08:58:25+00:00\" \/>\n<meta name=\"twitter:card\" content=\"summary_large_image\" \/>\n<meta name=\"twitter:label1\" content=\"Odhadovan\u00e1 doba \u010dten\u00ed\" \/>\n\t<meta name=\"twitter:data1\" content=\"1 minuta\" \/>\n<script type=\"application\/ld+json\" class=\"yoast-schema-graph\">{\"@context\":\"https:\/\/schema.org\",\"@graph\":[{\"@type\":\"WebPage\",\"@id\":\"https:\/\/www.kasafik.cz\/web\/cs\/pronajem\/\",\"url\":\"https:\/\/www.kasafik.cz\/web\/cs\/pronajem\/\",\"name\":\"Pron\u00e1jem a p\u016fj\u010dovna - pokladny, digital signage, panely, platebn\u00ed termin\u00e1ly - KASA FIK\",\"isPartOf\":{\"@id\":\"https:\/\/www.kasafik.cz\/web\/#website\"},\"datePublished\":\"2017-04-12T18:04:18+00:00\",\"dateModified\":\"2024-01-13T08:58:25+00:00\",\"breadcrumb\":{\"@id\":\"https:\/\/www.kasafik.cz\/web\/cs\/pronajem\/#breadcrumb\"},\"inLanguage\":\"cs\",\"potentialAction\":[{\"@type\":\"ReadAction\",\"target\":[\"https:\/\/www.kasafik.cz\/web\/cs\/pronajem\/\"]}]},{\"@type\":\"BreadcrumbList\",\"@id\":\"https:\/\/www.kasafik.cz\/web\/cs\/pronajem\/#breadcrumb\",\"itemListElement\":[{\"@type\":\"ListItem\",\"position\":1,\"name\":\"Home\",\"item\":\"https:\/\/origin.kasafik.cz\/web\/cs\/\"},{\"@type\":\"ListItem\",\"position\":2,\"name\":\"Pron\u00e1jem a p\u016fj\u010dovna &#8211; pokladny, digital signage, panely, platebn\u00ed termin\u00e1ly\"}]},{\"@type\":\"WebSite\",\"@id\":\"https:\/\/www.kasafik.cz\/web\/#website\",\"url\":\"https:\/\/www.kasafik.cz\/web\/\",\"name\":\"KASA FIK\",\"description\":\"\",\"potentialAction\":[{\"@type\":\"SearchAction\",\"target\":{\"@type\":\"EntryPoint\",\"urlTemplate\":\"https:\/\/www.kasafik.cz\/web\/?s={search_term_string}\"},\"query-input\":{\"@type\":\"PropertyValueSpecification\",\"valueRequired\":true,\"valueName\":\"search_term_string\"}}],\"inLanguage\":\"cs\"}]}<\/script>\n<!-- \/ Yoast SEO plugin. -->","yoast_head_json":{"title":"Pron\u00e1jem a p\u016fj\u010dovna - pokladny, digital signage, panely, platebn\u00ed termin\u00e1ly - KASA FIK","robots":{"index":"index","follow":"follow","max-snippet":"max-snippet:-1","max-image-preview":"max-image-preview:large","max-video-preview":"max-video-preview:-1"},"canonical":"https:\/\/www.kasafik.cz\/web\/cs\/pronajem\/","og_locale":"cs_CZ","og_type":"article","og_title":"Pron\u00e1jem a p\u016fj\u010dovna - pokladny, digital signage, panely, platebn\u00ed termin\u00e1ly - KASA FIK","og_description":"Pron\u00e1jem pokladen a vybaven\u00ed V\u00fdhody Postar\u00e1me se kompletn\u011b o nastaven\u00ed a zprovozn\u011bn\u00ed za\u0159\u00edzen\u00ed Zaji\u0161\u0165ujeme \u0161kolen\u00ed person\u00e1lu, servis a podporu Poskytneme n\u00e1hradn\u00ed za\u0159\u00edzen\u00ed pro p\u0159\u00edpad nouze P\u0159i vr\u00e1cen\u00ed zaz\u00e1lohujeme data, pro p\u0159\u00edpadn\u00e9 n\u00e1sledn\u00e9 pou\u017eit\u00ed Poskytujeme i v\u011bt\u0161\u00ed mno\u017estv\u00ed za\u0159\u00edzen\u00ed pro akce, koncerty, apod. V\u00edce mo\u017enost\u00ed se zap\u016fj\u010den\u00fdmi za\u0159\u00edzen\u00edmi p\u016fj\u010dovna mobiln\u00ed pokladny Jednoduch\u00fd prodej v ruce Stoln\u00ed [&hellip;]","og_url":"https:\/\/www.kasafik.cz\/web\/cs\/pronajem\/","og_site_name":"KASA FIK","article_modified_time":"2024-01-13T08:58:25+00:00","twitter_card":"summary_large_image","twitter_misc":{"Odhadovan\u00e1 doba \u010dten\u00ed":"1 minuta"},"schema":{"@context":"https:\/\/schema.org","@graph":[{"@type":"WebPage","@id":"https:\/\/www.kasafik.cz\/web\/cs\/pronajem\/","url":"https:\/\/www.kasafik.cz\/web\/cs\/pronajem\/","name":"Pron\u00e1jem a p\u016fj\u010dovna - pokladny, digital signage, panely, platebn\u00ed termin\u00e1ly - KASA FIK","isPartOf":{"@id":"https:\/\/www.kasafik.cz\/web\/#website"},"datePublished":"2017-04-12T18:04:18+00:00","dateModified":"2024-01-13T08:58:25+00:00","breadcrumb":{"@id":"https:\/\/www.kasafik.cz\/web\/cs\/pronajem\/#breadcrumb"},"inLanguage":"cs","potentialAction":[{"@type":"ReadAction","target":["https:\/\/www.kasafik.cz\/web\/cs\/pronajem\/"]}]},{"@type":"BreadcrumbList","@id":"https:\/\/www.kasafik.cz\/web\/cs\/pronajem\/#breadcrumb","itemListElement":[{"@type":"ListItem","position":1,"name":"Home","item":"https:\/\/origin.kasafik.cz\/web\/cs\/"},{"@type":"ListItem","position":2,"name":"Pron\u00e1jem a p\u016fj\u010dovna &#8211; pokladny, digital signage, panely, platebn\u00ed termin\u00e1ly"}]},{"@type":"WebSite","@id":"https:\/\/www.kasafik.cz\/web\/#website","url":"https:\/\/www.kasafik.cz\/web\/","name":"KASA FIK","description":"","potentialAction":[{"@type":"SearchAction","target":{"@type":"EntryPoint","urlTemplate":"https:\/\/www.kasafik.cz\/web\/?s={search_term_string}"},"query-input":{"@type":"PropertyValueSpecification","valueRequired":true,"valueName":"search_term_string"}}],"inLanguage":"cs"}]}},"jetpack_sharing_enabled":true,"_links":{"self":[{"href":"https:\/\/www.kasafik.cz\/web\/wp-json\/wp\/v2\/pages\/3876","targetHints":{"allow":["GET"]}}],"collection":[{"href":"https:\/\/www.kasafik.cz\/web\/wp-json\/wp\/v2\/pages"}],"about":[{"href":"https:\/\/www.kasafik.cz\/web\/wp-json\/wp\/v2\/types\/page"}],"author":[{"embeddable":true,"href":"https:\/\/www.kasafik.cz\/web\/wp-json\/wp\/v2\/users\/1"}],"replies":[{"embeddable":true,"href":"https:\/\/www.kasafik.cz\/web\/wp-json\/wp\/v2\/comments?post=3876"}],"version-history":[{"count":16,"href":"https:\/\/www.kasafik.cz\/web\/wp-json\/wp\/v2\/pages\/3876\/revisions"}],"predecessor-version":[{"id":14799,"href":"https:\/\/www.kasafik.cz\/web\/wp-json\/wp\/v2\/pages\/3876\/revisions\/14799"}],"wp:attachment":[{"href":"https:\/\/www.kasafik.cz\/web\/wp-json\/wp\/v2\/media?parent=3876"}],"curies":[{"name":"wp","href":"https:\/\/api.w.org\/{rel}","templated":true}]}}