{"id":17840,"date":"2025-07-07T11:04:30","date_gmt":"2025-07-07T11:04:30","guid":{"rendered":"https:\/\/origin.kasafik.cz\/web\/?page_id=17840"},"modified":"2026-02-06T14:56:38","modified_gmt":"2026-02-06T14:56:38","slug":"kariera","status":"publish","type":"page","link":"https:\/\/www.kasafik.cz\/web\/cs\/kariera\/","title":{"rendered":"Kari\u00e9ra"},"content":{"rendered":"\t\t<div data-elementor-type=\"wp-page\" data-elementor-id=\"17840\" class=\"elementor elementor-17840\" data-elementor-post-type=\"page\">\n\t\t\t\t<div class=\"elementor-element elementor-element-a854f11 e-flex e-con-boxed e-con e-parent\" data-id=\"a854f11\" data-element_type=\"container\" data-e-type=\"container\">\n\t\t\t\t\t<div class=\"e-con-inner\">\n\t\t\t\t\t\t\t<h1 \n\t\tdata-interaction-id=\"e92e7f6\" \n\t\tclass=\"e-heading-base\" \n\t\t \n\t\t\n\t\t\t>\n\t\n\t\t\tKari\u00e9ra\n\t\t<\/h1>\n\t\t\t\t\t\t\t<h3 \n\t\tdata-interaction-id=\"c03a0f4\" \n\t\tclass=\"e-heading-base\" \n\t\t \n\t\t\n\t\t\t>\n\t\n\t\t\tP\u0159idejte se k na\u0161emu t\u00fdmu!\n\t\t<\/h3>\n\t\t\t\t\t<\/div>\n\t\t\t\t<\/div>\n\t\t<div class=\"elementor-element elementor-element-2f8f6694 e-flex e-con-boxed e-con e-parent\" data-id=\"2f8f6694\" data-element_type=\"container\" data-e-type=\"container\">\n\t\t\t\t\t<div class=\"e-con-inner\">\n\t\t\t\t<div class=\"elementor-element elementor-element-1571a36b elementor-widget elementor-widget-text-editor\" data-id=\"1571a36b\" data-element_type=\"widget\" data-e-type=\"widget\" data-widget_type=\"text-editor.default\">\n\t\t\t\t<div class=\"elementor-widget-container\">\n\t\t\t\t\t\t\t\t\t<section>\n<h2>Aktu\u00e1ln\u00ed inzer\u00e1ty<\/h2>\n<div style=\"text-decoration: none; color: inherit; background: white; padding: 15px; border-left: 5px solid #E53935; margin-bottom: 15px;\">\n<h3>Obchodn\u00ed z\u00e1stupce<\/h3>\nHled\u00e1me komunikativn\u00edho obchodn\u00edho z\u00e1stupce, kter\u00fd m\u00e1 zku\u0161enosti s prodejem a z\u00e1kaznick\u00fdm servisem\n\n<\/div>\n<div style=\"text-decoration: none; color: inherit; background: white; padding: 15px; border-left: 5px solid #E53935; margin-bottom: 15px;\">\n<h3>Technik \/ Specialista pokladn\u00edch syst\u00e9m\u016f<\/h3>\nHled\u00e1me technicky zdatn\u00e9ho specialistu pokladn\u00edch syst\u00e9m\u016f, kter\u00fd m\u00e1 zku\u0161enosti s instalac\u00ed a podporou pokladn\u00edch za\u0159\u00edzen\u00ed\n\n<\/div>\n<div style=\"text-decoration: none; color: inherit; background: white; padding: 15px; border-left: 5px solid #E53935;\">\n<h3>Specialista podpory z\u00e1kazn\u00edk\u016f<\/h3>\nHled\u00e1me spolehliv\u00e9ho specialistu podpory z\u00e1kazn\u00edk\u016f pro region Ostrava, kter\u00fd m\u00e1 zku\u0161enosti s \u0159e\u0161en\u00edm dotaz\u016f a probl\u00e9m\u016f klient\u016f\n\n<\/div>\n<\/section><section>\n\n<h2>Nena\u0161li jste vhodnou pozici?<\/h2>\nZaujali jsme v\u00e1s, ale nena\u0161li jste vhodnou pozici? Napi\u0161te n\u00e1m \u2013 ozveme se zp\u011bt!\n<div>\n<div class=\"wpcf7 no-js\" id=\"wpcf7-f18070-o1\" lang=\"cs-CZ\" dir=\"ltr\" data-wpcf7-id=\"18070\">\n<div class=\"screen-reader-response\"><p role=\"status\" aria-live=\"polite\" aria-atomic=\"true\"><\/p> <ul><\/ul><\/div>\n<form action=\"\/web\/wp-json\/wp\/v2\/pages\/17840#wpcf7-f18070-o1\" method=\"post\" class=\"wpcf7-form init\" aria-label=\"Kontaktn\u00ed formul\u00e1\u0159\" novalidate=\"novalidate\" data-status=\"init\">\n<fieldset class=\"hidden-fields-container\"><input type=\"hidden\" name=\"_wpcf7\" value=\"18070\" \/><input type=\"hidden\" name=\"_wpcf7_version\" value=\"6.1.5\" \/><input type=\"hidden\" name=\"_wpcf7_locale\" value=\"cs_CZ\" \/><input type=\"hidden\" name=\"_wpcf7_unit_tag\" value=\"wpcf7-f18070-o1\" \/><input type=\"hidden\" name=\"_wpcf7_container_post\" value=\"0\" \/><input type=\"hidden\" name=\"_wpcf7_posted_data_hash\" value=\"\" \/>\n<\/fieldset>\n<p><label> Va\u0161e jm\u00e9no<br \/>\n<span class=\"wpcf7-form-control-wrap\" data-name=\"your-name\"><input size=\"40\" maxlength=\"400\" class=\"wpcf7-form-control wpcf7-text wpcf7-validates-as-required\" autocomplete=\"name\" aria-required=\"true\" aria-invalid=\"false\" placeholder=\"Zadejte sv\u00e9 jm\u00e9no\" value=\"\" type=\"text\" name=\"your-name\" \/><\/span> <\/label>\n<\/p>\n<p><label> V\u00e1\u0161 e-mail<br \/>\n<span class=\"wpcf7-form-control-wrap\" data-name=\"your-email\"><input size=\"40\" maxlength=\"400\" class=\"wpcf7-form-control wpcf7-email wpcf7-validates-as-required wpcf7-text wpcf7-validates-as-email\" autocomplete=\"email\" aria-required=\"true\" aria-invalid=\"false\" placeholder=\"Zadejte sv\u016fj e-mail\" value=\"\" type=\"email\" name=\"your-email\" \/><\/span> <\/label>\n<\/p>\n<p><label> Va\u0161e zpr\u00e1va<br \/>\n<span class=\"wpcf7-form-control-wrap\" data-name=\"your-message\"><textarea cols=\"40\" rows=\"10\" maxlength=\"2000\" class=\"wpcf7-form-control wpcf7-textarea wpcf7-validates-as-required\" aria-required=\"true\" aria-invalid=\"false\" placeholder=\"Napi\u0161te n\u00e1m, pro\u010d jste pro n\u00e1s ten prav\u00fd\" name=\"your-message\"><\/textarea><\/span> <\/label>\n<\/p>\n<p><input class=\"wpcf7-form-control wpcf7-submit has-spinner\" type=\"submit\" value=\"Odeslat\" \/>\n<\/p><div class=\"wpcf7-response-output\" aria-hidden=\"true\"><\/div>\n<\/form>\n<\/div>\n<\/div>\n<\/section>\t\t\t\t\t\t\t\t<\/div>\n\t\t\t\t<\/div>\n\t\t\t\t\t<\/div>\n\t\t\t\t<\/div>\n\t\t\t\t<\/div>\n\t\t","protected":false},"excerpt":{"rendered":"<p>Kari\u00e9ra P\u0159idejte se k na\u0161emu t\u00fdmu! Aktu\u00e1ln\u00ed inzer\u00e1ty Obchodn\u00ed z\u00e1stupce Hled\u00e1me komunikativn\u00edho obchodn\u00edho z\u00e1stupce, kter\u00fd m\u00e1 zku\u0161enosti s prodejem a z\u00e1kaznick\u00fdm servisem Technik \/ Specialista pokladn\u00edch syst\u00e9m\u016f Hled\u00e1me technicky zdatn\u00e9ho specialistu pokladn\u00edch syst\u00e9m\u016f, kter\u00fd m\u00e1 zku\u0161enosti s instalac\u00ed a podporou pokladn\u00edch za\u0159\u00edzen\u00ed Specialista podpory z\u00e1kazn\u00edk\u016f Hled\u00e1me spolehliv\u00e9ho specialistu podpory z\u00e1kazn\u00edk\u016f pro region Ostrava, kter\u00fd m\u00e1 [&hellip;]<\/p>\n","protected":false},"author":70,"featured_media":0,"parent":0,"menu_order":0,"comment_status":"closed","ping_status":"closed","template":"page-templates\/full-width.php","meta":{"footnotes":""},"class_list":["post-17840","page","type-page","status-publish","hentry"],"yoast_head":"<!-- This site is optimized with the Yoast SEO plugin v27.2 - https:\/\/yoast.com\/product\/yoast-seo-wordpress\/ -->\n<title>Kari\u00e9ra - KASA FIK<\/title>\n<meta name=\"robots\" content=\"index, follow, max-snippet:-1, max-image-preview:large, max-video-preview:-1\" \/>\n<link rel=\"canonical\" href=\"https:\/\/www.kasafik.cz\/web\/cs\/kariera\/\" \/>\n<meta property=\"og:locale\" content=\"cs_CZ\" \/>\n<meta property=\"og:type\" content=\"article\" \/>\n<meta property=\"og:title\" content=\"Kari\u00e9ra - KASA FIK\" \/>\n<meta property=\"og:description\" content=\"Kari\u00e9ra P\u0159idejte se k na\u0161emu t\u00fdmu! Aktu\u00e1ln\u00ed inzer\u00e1ty Obchodn\u00ed z\u00e1stupce Hled\u00e1me komunikativn\u00edho obchodn\u00edho z\u00e1stupce, kter\u00fd m\u00e1 zku\u0161enosti s prodejem a z\u00e1kaznick\u00fdm servisem Technik \/ Specialista pokladn\u00edch syst\u00e9m\u016f Hled\u00e1me technicky zdatn\u00e9ho specialistu pokladn\u00edch syst\u00e9m\u016f, kter\u00fd m\u00e1 zku\u0161enosti s instalac\u00ed a podporou pokladn\u00edch za\u0159\u00edzen\u00ed Specialista podpory z\u00e1kazn\u00edk\u016f Hled\u00e1me spolehliv\u00e9ho specialistu podpory z\u00e1kazn\u00edk\u016f pro region Ostrava, kter\u00fd m\u00e1 [&hellip;]\" \/>\n<meta property=\"og:url\" content=\"https:\/\/www.kasafik.cz\/web\/cs\/kariera\/\" \/>\n<meta property=\"og:site_name\" content=\"KASA FIK\" \/>\n<meta property=\"article:modified_time\" content=\"2026-02-06T14:56:38+00:00\" \/>\n<meta name=\"twitter:card\" content=\"summary_large_image\" \/>\n<meta name=\"twitter:label1\" content=\"Odhadovan\u00e1 doba \u010dten\u00ed\" \/>\n\t<meta name=\"twitter:data1\" content=\"1 minuta\" \/>\n<script type=\"application\/ld+json\" class=\"yoast-schema-graph\">{\"@context\":\"https:\/\/schema.org\",\"@graph\":[{\"@type\":\"WebPage\",\"@id\":\"https:\/\/www.kasafik.cz\/web\/cs\/kariera\/\",\"url\":\"https:\/\/www.kasafik.cz\/web\/cs\/kariera\/\",\"name\":\"Kari\u00e9ra - KASA FIK\",\"isPartOf\":{\"@id\":\"https:\/\/www.kasafik.cz\/web\/#website\"},\"datePublished\":\"2025-07-07T11:04:30+00:00\",\"dateModified\":\"2026-02-06T14:56:38+00:00\",\"breadcrumb\":{\"@id\":\"https:\/\/www.kasafik.cz\/web\/cs\/kariera\/#breadcrumb\"},\"inLanguage\":\"cs\",\"potentialAction\":[{\"@type\":\"ReadAction\",\"target\":[\"https:\/\/www.kasafik.cz\/web\/cs\/kariera\/\"]}]},{\"@type\":\"BreadcrumbList\",\"@id\":\"https:\/\/www.kasafik.cz\/web\/cs\/kariera\/#breadcrumb\",\"itemListElement\":[{\"@type\":\"ListItem\",\"position\":1,\"name\":\"Home\",\"item\":\"https:\/\/origin.kasafik.cz\/web\/cs\/\"},{\"@type\":\"ListItem\",\"position\":2,\"name\":\"Kari\u00e9ra\"}]},{\"@type\":\"WebSite\",\"@id\":\"https:\/\/www.kasafik.cz\/web\/#website\",\"url\":\"https:\/\/www.kasafik.cz\/web\/\",\"name\":\"KASA FIK\",\"description\":\"\",\"potentialAction\":[{\"@type\":\"SearchAction\",\"target\":{\"@type\":\"EntryPoint\",\"urlTemplate\":\"https:\/\/www.kasafik.cz\/web\/?s={search_term_string}\"},\"query-input\":{\"@type\":\"PropertyValueSpecification\",\"valueRequired\":true,\"valueName\":\"search_term_string\"}}],\"inLanguage\":\"cs\"}]}<\/script>\n<!-- \/ Yoast SEO plugin. -->","yoast_head_json":{"title":"Kari\u00e9ra - KASA FIK","robots":{"index":"index","follow":"follow","max-snippet":"max-snippet:-1","max-image-preview":"max-image-preview:large","max-video-preview":"max-video-preview:-1"},"canonical":"https:\/\/www.kasafik.cz\/web\/cs\/kariera\/","og_locale":"cs_CZ","og_type":"article","og_title":"Kari\u00e9ra - KASA FIK","og_description":"Kari\u00e9ra P\u0159idejte se k na\u0161emu t\u00fdmu! Aktu\u00e1ln\u00ed inzer\u00e1ty Obchodn\u00ed z\u00e1stupce Hled\u00e1me komunikativn\u00edho obchodn\u00edho z\u00e1stupce, kter\u00fd m\u00e1 zku\u0161enosti s prodejem a z\u00e1kaznick\u00fdm servisem Technik \/ Specialista pokladn\u00edch syst\u00e9m\u016f Hled\u00e1me technicky zdatn\u00e9ho specialistu pokladn\u00edch syst\u00e9m\u016f, kter\u00fd m\u00e1 zku\u0161enosti s instalac\u00ed a podporou pokladn\u00edch za\u0159\u00edzen\u00ed Specialista podpory z\u00e1kazn\u00edk\u016f Hled\u00e1me spolehliv\u00e9ho specialistu podpory z\u00e1kazn\u00edk\u016f pro region Ostrava, kter\u00fd m\u00e1 [&hellip;]","og_url":"https:\/\/www.kasafik.cz\/web\/cs\/kariera\/","og_site_name":"KASA FIK","article_modified_time":"2026-02-06T14:56:38+00:00","twitter_card":"summary_large_image","twitter_misc":{"Odhadovan\u00e1 doba \u010dten\u00ed":"1 minuta"},"schema":{"@context":"https:\/\/schema.org","@graph":[{"@type":"WebPage","@id":"https:\/\/www.kasafik.cz\/web\/cs\/kariera\/","url":"https:\/\/www.kasafik.cz\/web\/cs\/kariera\/","name":"Kari\u00e9ra - KASA FIK","isPartOf":{"@id":"https:\/\/www.kasafik.cz\/web\/#website"},"datePublished":"2025-07-07T11:04:30+00:00","dateModified":"2026-02-06T14:56:38+00:00","breadcrumb":{"@id":"https:\/\/www.kasafik.cz\/web\/cs\/kariera\/#breadcrumb"},"inLanguage":"cs","potentialAction":[{"@type":"ReadAction","target":["https:\/\/www.kasafik.cz\/web\/cs\/kariera\/"]}]},{"@type":"BreadcrumbList","@id":"https:\/\/www.kasafik.cz\/web\/cs\/kariera\/#breadcrumb","itemListElement":[{"@type":"ListItem","position":1,"name":"Home","item":"https:\/\/origin.kasafik.cz\/web\/cs\/"},{"@type":"ListItem","position":2,"name":"Kari\u00e9ra"}]},{"@type":"WebSite","@id":"https:\/\/www.kasafik.cz\/web\/#website","url":"https:\/\/www.kasafik.cz\/web\/","name":"KASA FIK","description":"","potentialAction":[{"@type":"SearchAction","target":{"@type":"EntryPoint","urlTemplate":"https:\/\/www.kasafik.cz\/web\/?s={search_term_string}"},"query-input":{"@type":"PropertyValueSpecification","valueRequired":true,"valueName":"search_term_string"}}],"inLanguage":"cs"}]}},"jetpack_sharing_enabled":true,"_links":{"self":[{"href":"https:\/\/www.kasafik.cz\/web\/wp-json\/wp\/v2\/pages\/17840","targetHints":{"allow":["GET"]}}],"collection":[{"href":"https:\/\/www.kasafik.cz\/web\/wp-json\/wp\/v2\/pages"}],"about":[{"href":"https:\/\/www.kasafik.cz\/web\/wp-json\/wp\/v2\/types\/page"}],"author":[{"embeddable":true,"href":"https:\/\/www.kasafik.cz\/web\/wp-json\/wp\/v2\/users\/70"}],"replies":[{"embeddable":true,"href":"https:\/\/www.kasafik.cz\/web\/wp-json\/wp\/v2\/comments?post=17840"}],"version-history":[{"count":15,"href":"https:\/\/www.kasafik.cz\/web\/wp-json\/wp\/v2\/pages\/17840\/revisions"}],"predecessor-version":[{"id":18908,"href":"https:\/\/www.kasafik.cz\/web\/wp-json\/wp\/v2\/pages\/17840\/revisions\/18908"}],"wp:attachment":[{"href":"https:\/\/www.kasafik.cz\/web\/wp-json\/wp\/v2\/media?parent=17840"}],"curies":[{"name":"wp","href":"https:\/\/api.w.org\/{rel}","templated":true}]}}