{"id":1711,"date":"2016-08-10T20:56:38","date_gmt":"2016-08-10T20:56:38","guid":{"rendered":"https:\/\/www.kasafik.cz\/web\/?page_id=1711"},"modified":"2024-01-25T10:06:47","modified_gmt":"2024-01-25T10:06:47","slug":"pokladni-system-orange","status":"publish","type":"page","link":"https:\/\/www.kasafik.cz\/web\/cs\/pokladni-system-orange\/","title":{"rendered":"ORANGE &#8211; Mobiln\u00ed pokladna pro eTr\u017eby"},"content":{"rendered":"<div class=\"container-fluid wideimage\" style=\"background-image: url('\/web\/wp-content\/uploads\/2020\/09\/kasa-fik-sk-header-1024x360-1.png'); background-size: cover;\">\n<div class=\"container\">\n<div class=\"row\">\n<div class=\"col-md-7 text-center\" style=\"padding-bottom: 3em;\">\n<h1 class=\"thin\" style=\"margin-top: 1em; font-size: 48px;\">KASA FIK <strong class=\"orange\">ORANGE 4G<\/strong><\/h1>\n<h3 class=\"thin\" style=\"border-top: 1px solid #FF3F00; padding-top: 0.5em;\">Jednoduch\u00e1, p\u0159ehledn\u00e1 a spolehliv\u00e1 pokladna. Neomezen\u011b polo\u017eek, PLU a prodej na skupiny.<\/h3>\n<h4 class=\"thin\" style=\"margin-top: 2em; line-height: 140%;\"><em>Nekupujte kopie, origin\u00e1l je jen jeden. Programu KASA FIK ji\u017e v\u011b\u0159\u00ed v\u00edce jak 25 000 podnikatel\u016f. P\u0159esv\u011bd\u010dte se sami. Jako jedin\u00ed na trhu ru\u010d\u00edme za kvalitu a garantujeme vr\u00e1cen\u00ed pen\u011bz do 14 dn\u016f!<\/em><\/h4>\n<\/p><\/div>\n<div class=\"col-md-5\" style=\"padding-top: 1em;\"><img decoding=\"async\" class=\"aligncenter size-full wp-image-2646 img-responsive\" style=\"max-height: 300px;\" src=\"\/web\/wp-content\/uploads\/2019\/12\/orange-4g.png\" alt=\"orange-3-devices-web\" \/><\/div>\n<\/p><\/div>\n<\/p><\/div>\n<\/div>\n<div class=\"container-fluid\">\n<div>\n<div class=\"container\">\n<div class=\"row\">\n<div class=\"col-md-5\"><img decoding=\"async\" class=\"img-responsive\" style=\"margin-top: 30px;\" src=\"\/web\/wp-content\/uploads\/2021\/07\/orangesumup2.png\" \/><\/div>\n<div class=\"col-md-7 text-center\" style=\"padding-bottom: 2em;\">\n<h1 class=\"thin\" style=\"margin-top: 1em; margin-bottom: 0.5em; border-bottom: 1px solid gray; \">V\u0161e co pot\u0159ebujete v jednom<\/h1>\n<p>               KASA FIK ORANGE 4G je spolehliv\u00fd termin\u00e1l z <strong>nejkvalitn\u011bj\u0161\u00edch materi\u00e1l\u016f<\/strong>. Jednoduch\u00e9 zprozovn\u011bn\u00ed a provoz bez dal\u0161\u00edch n\u00e1klad\u016f. Pokladny KASA FIK jsou ide\u00e1ln\u00ed pro \u0159emesln\u00edky, provozovatele slu\u017eeb, obchody, vina\u0159e, restaurace i rychl\u00e9 ob\u010derstven\u00ed. <strong>S n\u00e1mi m\u016f\u017eete v\u017edy po\u010d\u00edtat.<\/strong><\/p>\n<p>Nejprod\u00e1van\u011bj\u0161\u00ed termin\u00e1l se <strong>zabudovanou 58mm termo tisk\u00e1rnou, vysokokapacitn\u00ed bateri\u00ed a nab\u00edjec\u00ed z\u00e1kladnou<\/strong>. P\u0159ipojit m\u016f\u017eete i mnoho p\u0159\u00edslusenstv\u00ed, jako je nap\u0159. platebn\u00ed termin\u00e1l SumUp.<\/p>\n<p><strong>Z\u00e1ruka 2 roky.<\/strong><\/p>\n<p>&nbsp;<br \/>\n<a class=\"btn btn-success btn-lg square\"  href=\"\/web\/product\/kasa-fik-orange-4g\/\">Koupit<\/a>\n            <\/div>\n<\/p><\/div>\n<\/p><\/div>\n<\/p><\/div>\n<\/div>\n<div class=\"container-fluid\" style=\"padding-top: 2em; padding-bottom: 2em; display: none;\">\n<div class=\"row\">\n<div class=\"col-md-7 text-center\">\n<h1 class=\"thin\" style=\"margin-top: 2em; font-size: 48px;\">Roz\u0161i\u0159te <strong class=\"orange\">ORANGE 4G<\/strong> o mPOS platby<\/h1>\n<h3 class=\"thin\" style=\"border-top: 1px solid #FF3F00; padding-top: 0.5em;\">Nejlep\u0161\u00ed podm\u00ednky na trhu pro akceptaci karet<\/h3>\n<ul class=\"list-unstyled materialcheck text-left\" style=\"border-top: 1px solid white; padding-top: 1.2em;\">\n<li style=\"list-style-type: none\">\n<ul class=\"list-unstyled materialcheck text-left\" style=\"border-top: 1px solid white; padding-top: 1.2em;\">\n<li><i class=\"material-icons orange\">chevron_right<\/i><span>Akceptujte VISA, MASTERCARD i elektronick\u00e9 stravenky<\/li>\n<li><i class=\"material-icons orange\">chevron_right<\/i><span>Zvy\u0161te atraktivitu pro sv\u00e9 z\u00e1kazn\u00edky i pr\u016fm\u011brnou \u00fatratu<\/li>\n<li><i class=\"material-icons orange\">chevron_right<\/i><span>Detailn\u00ed report a sp\u00e1rov\u00e1n\u00ed s \u00fa\u010dtenkami<\/li>\n<li><i class=\"material-icons orange\">chevron_right<\/i><span>Transak\u010dn\u00ed poplatky podle obratu od 1.4% do 2.05%<\/li>\n<li><i class=\"material-icons orange\">chevron_right<\/i><span>Zap\u016fj\u010den\u00ed mPOS termin\u00e1lu Ingenico ZDARMA<\/li>\n<\/ul>\n<\/li>\n<\/ul>\n<h3 class=\"thin text-right\">p\u0159\u00edplatek (platba bance): 150 K\u010d\/m\u011bs\u00edc<\/h3>\n<\/p><\/div>\n<div class=\"col-md-5 text-center\"><img fetchpriority=\"high\" decoding=\"async\" width=\"574\" height=\"460\" class=\"aligncenter size-full wp-image-1798 img-responsive\" src=\"\/web\/wp-content\/uploads\/2016\/08\/mpos-card2.png\" alt=\"mpos-card2\" srcset=\"https:\/\/www.kasafik.cz\/web\/wp-content\/uploads\/2016\/08\/mpos-card2.png 574w, https:\/\/www.kasafik.cz\/web\/wp-content\/uploads\/2016\/08\/mpos-card2-300x240.png 300w\" sizes=\"(max-width: 574px) 100vw, 574px\" \/><\/div>\n<\/p><\/div>\n<\/div>\n<p><!--more--><\/p>\n<div class=\"container-fluid\" style=\"background-image: url('\/web\/wp-content\/uploads\/2020\/09\/kasafik-V2-blurry.jpg'); background-size: 100% auto; min-height: 260px; padding-bottom: 2em;\">\n<div class=\"container\">\n<div class=\"row\">\n<div class=\"col-md-8 text-center\" style=\"color: white;\">\n<h1 class=\"thin\" style=\"margin-top: 1em; margin-bottom: 0.5em; font-size: 48px; color: white;\">Pohodln\u011b ve Va\u0161ich rukou<\/h1>\n<h3 class=\"thin\" style=\"margin-top: 1em; margin-bottom: 0.5em; color: white;\">Kde lze <strong>ORANGE 4G<\/strong> pou\u017e\u00edt:<\/h3>\n<ul class=\"list-unstyled materialcheck text-left\" style=\"border-top: 1px solid white; padding-top: 1.2em;\">\n<li><i class=\"material-icons\">chevron_right<\/i><span>Obchody s prodejem korunou i PLU<\/li>\n<li><i class=\"material-icons\">chevron_right<\/i><span>Poskytovatele slu\u017eeb a \u0159emeseln\u00edci<\/li>\n<li><i class=\"material-icons\">chevron_right<\/i><span>St\u00e1nkov\u00fd prodej pro rychl\u00fd prodej s tis\u00edci \u00fa\u010dtenkami<\/li>\n<li><i class=\"material-icons\">chevron_right<\/i><span>Dopl\u0148ek ke st\u00e1vaj\u00edc\u00ed pokladn\u011b<\/li>\n<li><i class=\"material-icons\">chevron_right<\/i><span>Rodinn\u00e9 penziony pro spolehlivou funkci<\/li>\n<li><i class=\"material-icons\">chevron_right<\/i><span>Obchodn\u00ed z\u00e1stupci v ter\u00e9nu s centr\u00e1ln\u00ed spr\u00e1vou<\/li>\n<li><i class=\"material-icons\">chevron_right<\/i><span>Velkoobchody s prodejem bez DPH a cenov\u00fdmi hladinami<\/li>\n<\/ul><\/div>\n<\/p><\/div>\n<\/p><\/div>\n<\/div>\n<p><!--more--><\/p>\n<div class=\"container\" style=\"margin-bottom: 4em\" \"margin-top: 4em;\">\n<div class=\"row\">\n<h1 class=\"thin text-center\" style=\"margin-bottom: 1em;\" \"margin-top: 2em;\"><u>Plno funkc\u00ed s ov\u011b\u0159enou aplikac\u00ed KASA FIK<\/u><\/h1>\n<div class=\"col-md-4\">\n<ul class=\"list-unstyled materialcheck\">\n<li><i class=\"material-icons\">chevron_right<\/i><span>Evidence tr\u017eeb v hotovosti i kartou<\/li>\n<li><i class=\"material-icons\">chevron_right<\/i><span>Vystaven\u00ed faktury<\/li>\n<li><i class=\"material-icons\">chevron_right<\/i><span>Historie tr\u017eeb, \u00fa\u010dtenek, faktur<\/li>\n<li><i class=\"material-icons\">chevron_right<\/i><span>Pro pl\u00e1tce i nepl\u00e1tce DPH<\/li>\n<li><i class=\"material-icons\">chevron_right<\/i><span>Tisk \u00fa\u010dtenek s logem<\/li>\n<li><i class=\"material-icons\">chevron_right<\/i><span>Storno a refundace<\/span><\/li>\n<\/ul><\/div>\n<div class=\"col-md-4\">\n<ul class=\"list-unstyled materialcheck\">\n<li><i class=\"material-icons\">chevron_right<\/i><span>Telefonick\u00e1 podpora<\/span><\/li>\n<li><i class=\"material-icons\">chevron_right<\/i><span>Z\u00e1lohov\u00e1n\u00ed a export dat<\/li>\n<li><i class=\"material-icons\">chevron_right<\/i><span>Aktualizace p\u0159i zm\u011bn\u011b legislativy zdarma<\/li>\n<li><i class=\"material-icons\">chevron_right<\/i><span>Neomezen\u011b \u00fa\u010dtenek<\/span><\/li>\n<li><i class=\"material-icons\">chevron_right<\/i><span>Neomezen\u011b polo\u017eek v cen\u00edku<\/span><\/li>\n<li><i class=\"material-icons\">chevron_right<\/i><span>Neomezen\u011b z\u00e1kazn\u00edk\u016f v datab\u00e1zi<\/span><\/li>\n<li><i class=\"material-icons\">chevron_right<\/i><span>Evidence pokladn\u00edch p\u0159\u00edjm\u016f a v\u00fddaj\u016f a stavu pokladny<\/span><\/li>\n<\/ul><\/div>\n<div class=\"col-md-4\">\n<ul class=\"list-unstyled materialcheck\">\n<li><i class=\"material-icons\">chevron_right<\/i><span>Sm\u011bny, denn\u00ed i m\u011bs\u00ed\u010dn\u00ed p\u0159ehledy, uz\u00e1v\u011brky<\/span><\/li>\n<li><i class=\"material-icons\">chevron_right<\/i><span>Podpora ciz\u00edch m\u011bn EUR\/bar<\/span><\/li>\n<li><i class=\"material-icons\">chevron_right<\/i><span>Prodej pomoc\u00ed produktov\u00fdch skupin, zaveden\u00fdch polo\u017eek nebo i jako kalkula\u010dka<\/li>\n<li><i class=\"material-icons\">chevron_right<\/i><span><a href=\"\/web\/cs\/porovnani-verzi-kasa-fik\/\">a mnoho dal\u0161\u00edch funkc\u00ed<\/a><\/span><\/li>\n<\/ul><\/div>\n<\/div>\n<div class hidden=\"row\">\n<div class=\"col-md-6\">\n<h1 class=\"thin\" style=\"margin-top: 2em; margin-bottom: 0.5em; border-bottom: 1px solid gray;\">Zprovozn\u011bn\u00ed na\u0161imi lok\u00e1ln\u00edmi partnery po cel\u00e9 \u010cR<\/h1>\n<p>            Pokladnu si m\u016f\u017eete <a href=\"\/web\/product\/kasa-fik-orange-4g\/\">koupit online<\/a> a nastavit sami nebo m\u016f\u017eete vyu\u017e\u00edt s\u00edt\u011b na\u0161ich lok\u00e1ln\u00edch servisn\u00edch partner\u016f po cel\u00e9 \u010cR. Nastaven\u00ed odborn\u00edkem zajist\u00ed 100% soulad se z\u00e1konem &#8211; od spr\u00e1vn\u00e9ho nahr\u00e1n\u00ed certifik\u00e1t\u016f, importu polo\u017eek, zprozovn\u011bn\u00ed vzd\u00e1len\u00e9 spr\u00e1vy a\u017e po nastaven\u00ed \u00fa\u010dtenky podle z\u00e1kona i pro \u010cOI.\n         <\/div>\n<div class=\"col-md-6\">\n<h1 class=\"thin\" style=\"margin-top: 2em; margin-bottom: 0.5em; border-bottom: 1px solid gray;\">Pro\u010d \u0159emeseln\u00edci pou\u017e\u00edvaj\u00ed termin\u00e1l ORANGE?<\/h1>\n<p>            Termin\u00e1l spolehliv\u011b nahrad\u00ed starou pokladnu. Nab\u00edz\u00ed neomezen\u011b polo\u017eek v z\u00e1kladu, nav\u00edc s prodejem na skupiny nebo jen zad\u00e1n\u00edm \u010d\u00e1stky m\u016f\u017eete rychle odbavit z\u00e1kazn\u00edky b\u011bhem p\u00e1r vte\u0159in. \u00da\u010dtenky lze pohodln\u011b stornovat, tisknout kopie, zas\u00edlat emailem nebo uz\u00e1v\u011brky pos\u00edlat emailem \u00fa\u010detn\u00ed. D\u00edky ORANGE pozn\u00e1te, jak jednodu\u0161e pokladna funguje.\n         <\/p><\/div>\n<\/p><\/div>\n<\/p><\/div>\n<\/div>\n<div class=\"container\" style=\"background-size: 100% auto; min-height: 260px; padding-bottom: 2em;\">\n<div class=\"row\">\n<div class=\"col-md-7 text-center\" style=\"padding-left: 1em;\">\n<h1 class=\"thin\"style=\"margin-top: 1em; margin-bottom: 0.5em; \"><span style=\"border-bottom: 1px solid grey\">Bal\u00ed\u010dek KASA FIK ORANGE obsahuje:<\/span><\/h1>\n<ul class=\"list-unstyled materialcheck text-left\" style=\"border-top: 1px solid white; padding-top: 1.2em;\">\n<li style=\"list-style-type: none;\">\n<ul class=\"list-unstyled materialcheck text-left\" style=\"border-top: 1px solid white; padding-top: 1em;\">\n<li><i class=\"material-icons orange\">chevron_right<\/i><span>Pokladn\u00ed termin\u00e1l s 5.5\u2032 dotykovou obrazovkou, mobiln\u00edm datov\u00fdm p\u0159ipojen\u00edm, WiFi, Bluetooth<\/li>\n<li><i class=\"material-icons orange\">chevron_right<\/i><span>Dob\u00edjec\u00ed z\u00e1kladna<\/li>\n<li><i class=\"material-icons orange\">chevron_right<\/i><span>Origin\u00e1ln\u00ed pokladn\u00ed aplikace KASA FIK <strong>STANDARD<\/strong> nebo <strong>PREMIUM<\/strong><\/li>\n<li><i class=\"material-icons orange\">chevron_right<\/i><span>Roz\u0161\u00ed\u0159en\u00ed o mno\u017estv\u00ed p\u0159\u00edslu\u0161enstv\u00ed v\u010detne platebn\u00edho termin\u00e1lu SumUp<\/li>\n<li><i class=\"material-icons orange\">chevron_right<\/i><span>Grance celo\u017eivotn\u00ed legislativn\u00ed p\u0159ipravenosti zdarma (zm\u011bny DPH apod.)<\/li>\n<li><i class=\"material-icons orange\">chevron_right<\/i><span><strong>Technick\u00e1 podpora<\/strong> online<\/li>\n<li><i class=\"material-icons orange\">chevron_right<\/i><span>Pokladn\u00ed kotou\u010dek na za\u010d\u00e1tek pro v\u00edce jak 500 \u00fa\u010dtenek<\/li>\n<li><i class=\"material-icons orange\">chevron_right<\/i><span>Podrobn\u00fd manu\u00e1l v elektronick\u00e9 form\u011b a na webu<\/li>\n<\/ul>\n<\/li>\n<\/ul><\/div>\n<div class=\"col-md-5 text-right\"><img decoding=\"async\" class=\"aligncenter size-full wp-image-3405 img-responsive\" style=\"max-height: 384px;\" src=\"\/web\/wp-content\/uploads\/2020\/02\/anim-white-740x400-1.gif\"\/><\/div>\n<\/p><\/div>\n<\/div>\n<p><!--more--><\/p>\n<div class=\"container\">\n<div class=\"row\">\n<style>\n      #pricingtable li{\n      line-height: 32px;\n      }\n   <\/style>\n<div class=\"container\">\n<div class=\"row\">\n<style>\n         #pricingtable li{\n         line-height: 32px;\n         }\n      <\/style>\n<table id=\"pricingtable\" class=\"table\" style=\"margin-top: 0.5em;\">\n<tbody>\n<tr>\n<td>\n<h3>Roz\u0161i\u0159te KASA FIK ORANGE 4G o p\u0159\u00edslu\u0161enstv\u00ed:<\/h3>\n<\/td>\n<\/tr>\n<tr>\n<td>\n<ul class=\"list-unstyled\">\n<li><i class=\"material-icons\">chevron_right<\/i><span>Platebn\u00ed termin\u00e1l SumUp<\/li>\n<li><i class=\"material-icons\">chevron_right<\/i><span>\u010cte\u010dka \u010d\u00e1rov\u00fdch k\u00f3d\u016f<\/li>\n<li><i class=\"material-icons\">chevron_right<\/i><span>Nab\u00edje\u010dka do auta 12V<\/li>\n<\/ul>\n<\/td>\n<\/tr>\n<\/tbody>\n<\/table>\n<div class=\"text-right hidden\">\n<h3 class=\"thin price-new\">\n<p><em>Jednor\u00e1zov\u00e1 cena bez poplatk\u016f<\/em><\/p>\n<p>            <mark><strong>7 999<\/strong> K\u010d<\/mark> <small>bez DPH<\/small><br \/>\n         <\/h3>\n<\/p><\/div>\n<\/p><\/div>\n<\/div>\n","protected":false},"excerpt":{"rendered":"<p>KASA FIK ORANGE 4G Jednoduch\u00e1, p\u0159ehledn\u00e1 a spolehliv\u00e1 pokladna. Neomezen\u011b polo\u017eek, PLU a prodej na skupiny. Nekupujte kopie, origin\u00e1l je jen jeden. Programu KASA FIK ji\u017e v\u011b\u0159\u00ed v\u00edce jak 25 000 podnikatel\u016f. P\u0159esv\u011bd\u010dte se sami. Jako jedin\u00ed na trhu ru\u010d\u00edme za kvalitu a garantujeme vr\u00e1cen\u00ed pen\u011bz do 14 dn\u016f! V\u0161e co pot\u0159ebujete v jednom KASA [&hellip;]<\/p>\n","protected":false},"author":1,"featured_media":0,"parent":0,"menu_order":0,"comment_status":"closed","ping_status":"closed","template":"page-templates\/full-width-notop-margin.php","meta":{"footnotes":""},"class_list":["post-1711","page","type-page","status-publish","hentry"],"yoast_head":"<!-- This site is optimized with the Yoast SEO plugin v27.4 - https:\/\/yoast.com\/product\/yoast-seo-wordpress\/ -->\n<title>Jednoduch\u00e1 mobiln\u00ed pokladna KASA FIK ORANGE<\/title>\n<meta name=\"description\" content=\"Nejpou\u017e\u00edvan\u011bj\u0161\u00ed mobiln\u00ed pokladna ORANGE je skv\u011bl\u00e1 volba pro v\u0161echny mal\u00e9 i velk\u00e9 podnikatele, kte\u0159\u00ed cht\u011bj\u00ed m\u00edt kontrolu nad sv\u00fdm podnik\u00e1n\u00edm.\" \/>\n<meta name=\"robots\" content=\"index, follow, max-snippet:-1, max-image-preview:large, max-video-preview:-1\" \/>\n<link rel=\"canonical\" href=\"https:\/\/www.kasafik.cz\/web\/cs\/pokladni-system-orange\/\" \/>\n<meta property=\"og:locale\" content=\"cs_CZ\" \/>\n<meta property=\"og:type\" content=\"article\" \/>\n<meta property=\"og:title\" content=\"Jednoduch\u00e1 mobiln\u00ed pokladna KASA FIK ORANGE\" \/>\n<meta property=\"og:description\" content=\"Nejpou\u017e\u00edvan\u011bj\u0161\u00ed mobiln\u00ed pokladna ORANGE je skv\u011bl\u00e1 volba pro v\u0161echny mal\u00e9 i velk\u00e9 podnikatele, kte\u0159\u00ed cht\u011bj\u00ed m\u00edt kontrolu nad sv\u00fdm podnik\u00e1n\u00edm.\" \/>\n<meta property=\"og:url\" content=\"https:\/\/www.kasafik.cz\/web\/cs\/pokladni-system-orange\/\" \/>\n<meta property=\"og:site_name\" content=\"KASA FIK\" \/>\n<meta property=\"article:modified_time\" content=\"2024-01-25T10:06:47+00:00\" \/>\n<meta name=\"twitter:card\" content=\"summary_large_image\" \/>\n<meta name=\"twitter:label1\" content=\"Odhadovan\u00e1 doba \u010dten\u00ed\" \/>\n\t<meta name=\"twitter:data1\" content=\"4 minuty\" \/>\n<script type=\"application\/ld+json\" class=\"yoast-schema-graph\">{\"@context\":\"https:\\\/\\\/schema.org\",\"@graph\":[{\"@type\":\"WebPage\",\"@id\":\"https:\\\/\\\/www.kasafik.cz\\\/web\\\/cs\\\/pokladni-system-orange\\\/\",\"url\":\"https:\\\/\\\/www.kasafik.cz\\\/web\\\/cs\\\/pokladni-system-orange\\\/\",\"name\":\"Jednoduch\u00e1 mobiln\u00ed pokladna KASA FIK ORANGE\",\"isPartOf\":{\"@id\":\"https:\\\/\\\/www.kasafik.cz\\\/web\\\/#website\"},\"datePublished\":\"2016-08-10T20:56:38+00:00\",\"dateModified\":\"2024-01-25T10:06:47+00:00\",\"description\":\"Nejpou\u017e\u00edvan\u011bj\u0161\u00ed mobiln\u00ed pokladna ORANGE je skv\u011bl\u00e1 volba pro v\u0161echny mal\u00e9 i velk\u00e9 podnikatele, kte\u0159\u00ed cht\u011bj\u00ed m\u00edt kontrolu nad sv\u00fdm podnik\u00e1n\u00edm.\",\"breadcrumb\":{\"@id\":\"https:\\\/\\\/www.kasafik.cz\\\/web\\\/cs\\\/pokladni-system-orange\\\/#breadcrumb\"},\"inLanguage\":\"cs\",\"potentialAction\":[{\"@type\":\"ReadAction\",\"target\":[\"https:\\\/\\\/www.kasafik.cz\\\/web\\\/cs\\\/pokladni-system-orange\\\/\"]}]},{\"@type\":\"BreadcrumbList\",\"@id\":\"https:\\\/\\\/www.kasafik.cz\\\/web\\\/cs\\\/pokladni-system-orange\\\/#breadcrumb\",\"itemListElement\":[{\"@type\":\"ListItem\",\"position\":1,\"name\":\"Home\",\"item\":\"https:\\\/\\\/origin.kasafik.cz\\\/web\\\/cs\\\/\"},{\"@type\":\"ListItem\",\"position\":2,\"name\":\"ORANGE &#8211; Mobiln\u00ed pokladna pro eTr\u017eby\"}]},{\"@type\":\"WebSite\",\"@id\":\"https:\\\/\\\/www.kasafik.cz\\\/web\\\/#website\",\"url\":\"https:\\\/\\\/www.kasafik.cz\\\/web\\\/\",\"name\":\"KASA FIK\",\"description\":\"\",\"potentialAction\":[{\"@type\":\"SearchAction\",\"target\":{\"@type\":\"EntryPoint\",\"urlTemplate\":\"https:\\\/\\\/www.kasafik.cz\\\/web\\\/?s={search_term_string}\"},\"query-input\":{\"@type\":\"PropertyValueSpecification\",\"valueRequired\":true,\"valueName\":\"search_term_string\"}}],\"inLanguage\":\"cs\"}]}<\/script>\n<!-- \/ Yoast SEO plugin. -->","yoast_head_json":{"title":"Jednoduch\u00e1 mobiln\u00ed pokladna KASA FIK ORANGE","description":"Nejpou\u017e\u00edvan\u011bj\u0161\u00ed mobiln\u00ed pokladna ORANGE je skv\u011bl\u00e1 volba pro v\u0161echny mal\u00e9 i velk\u00e9 podnikatele, kte\u0159\u00ed cht\u011bj\u00ed m\u00edt kontrolu nad sv\u00fdm podnik\u00e1n\u00edm.","robots":{"index":"index","follow":"follow","max-snippet":"max-snippet:-1","max-image-preview":"max-image-preview:large","max-video-preview":"max-video-preview:-1"},"canonical":"https:\/\/www.kasafik.cz\/web\/cs\/pokladni-system-orange\/","og_locale":"cs_CZ","og_type":"article","og_title":"Jednoduch\u00e1 mobiln\u00ed pokladna KASA FIK ORANGE","og_description":"Nejpou\u017e\u00edvan\u011bj\u0161\u00ed mobiln\u00ed pokladna ORANGE je skv\u011bl\u00e1 volba pro v\u0161echny mal\u00e9 i velk\u00e9 podnikatele, kte\u0159\u00ed cht\u011bj\u00ed m\u00edt kontrolu nad sv\u00fdm podnik\u00e1n\u00edm.","og_url":"https:\/\/www.kasafik.cz\/web\/cs\/pokladni-system-orange\/","og_site_name":"KASA FIK","article_modified_time":"2024-01-25T10:06:47+00:00","twitter_card":"summary_large_image","twitter_misc":{"Odhadovan\u00e1 doba \u010dten\u00ed":"4 minuty"},"schema":{"@context":"https:\/\/schema.org","@graph":[{"@type":"WebPage","@id":"https:\/\/www.kasafik.cz\/web\/cs\/pokladni-system-orange\/","url":"https:\/\/www.kasafik.cz\/web\/cs\/pokladni-system-orange\/","name":"Jednoduch\u00e1 mobiln\u00ed pokladna KASA FIK ORANGE","isPartOf":{"@id":"https:\/\/www.kasafik.cz\/web\/#website"},"datePublished":"2016-08-10T20:56:38+00:00","dateModified":"2024-01-25T10:06:47+00:00","description":"Nejpou\u017e\u00edvan\u011bj\u0161\u00ed mobiln\u00ed pokladna ORANGE je skv\u011bl\u00e1 volba pro v\u0161echny mal\u00e9 i velk\u00e9 podnikatele, kte\u0159\u00ed cht\u011bj\u00ed m\u00edt kontrolu nad sv\u00fdm podnik\u00e1n\u00edm.","breadcrumb":{"@id":"https:\/\/www.kasafik.cz\/web\/cs\/pokladni-system-orange\/#breadcrumb"},"inLanguage":"cs","potentialAction":[{"@type":"ReadAction","target":["https:\/\/www.kasafik.cz\/web\/cs\/pokladni-system-orange\/"]}]},{"@type":"BreadcrumbList","@id":"https:\/\/www.kasafik.cz\/web\/cs\/pokladni-system-orange\/#breadcrumb","itemListElement":[{"@type":"ListItem","position":1,"name":"Home","item":"https:\/\/origin.kasafik.cz\/web\/cs\/"},{"@type":"ListItem","position":2,"name":"ORANGE &#8211; Mobiln\u00ed pokladna pro eTr\u017eby"}]},{"@type":"WebSite","@id":"https:\/\/www.kasafik.cz\/web\/#website","url":"https:\/\/www.kasafik.cz\/web\/","name":"KASA FIK","description":"","potentialAction":[{"@type":"SearchAction","target":{"@type":"EntryPoint","urlTemplate":"https:\/\/www.kasafik.cz\/web\/?s={search_term_string}"},"query-input":{"@type":"PropertyValueSpecification","valueRequired":true,"valueName":"search_term_string"}}],"inLanguage":"cs"}]}},"jetpack_sharing_enabled":true,"_links":{"self":[{"href":"https:\/\/www.kasafik.cz\/web\/wp-json\/wp\/v2\/pages\/1711","targetHints":{"allow":["GET"]}}],"collection":[{"href":"https:\/\/www.kasafik.cz\/web\/wp-json\/wp\/v2\/pages"}],"about":[{"href":"https:\/\/www.kasafik.cz\/web\/wp-json\/wp\/v2\/types\/page"}],"author":[{"embeddable":true,"href":"https:\/\/www.kasafik.cz\/web\/wp-json\/wp\/v2\/users\/1"}],"replies":[{"embeddable":true,"href":"https:\/\/www.kasafik.cz\/web\/wp-json\/wp\/v2\/comments?post=1711"}],"version-history":[{"count":15,"href":"https:\/\/www.kasafik.cz\/web\/wp-json\/wp\/v2\/pages\/1711\/revisions"}],"predecessor-version":[{"id":13151,"href":"https:\/\/www.kasafik.cz\/web\/wp-json\/wp\/v2\/pages\/1711\/revisions\/13151"}],"wp:attachment":[{"href":"https:\/\/www.kasafik.cz\/web\/wp-json\/wp\/v2\/media?parent=1711"}],"curies":[{"name":"wp","href":"https:\/\/api.w.org\/{rel}","templated":true}]}}