{"id":1519,"date":"2016-07-26T18:14:53","date_gmt":"2016-07-26T18:14:53","guid":{"rendered":"https:\/\/www.kasafik.cz\/web\/?page_id=1519"},"modified":"2023-08-25T08:17:10","modified_gmt":"2023-08-25T08:17:10","slug":"accessories","status":"publish","type":"page","link":"https:\/\/www.kasafik.cz\/web\/cs\/accessories\/","title":{"rendered":"Tisk\u00e1rny a p\u0159\u00edslu\u0161enstv\u00ed pro pokladny"},"content":{"rendered":"<style>\n   #accs .content {\n   box-shadow: 0 4px 8px rgba(0,0,0,.12);\n   background-color: white;\n   margin: 8px 3px;\n   padding: 30px 20px 10px 20px;\n   min-height: 300px;d\n   }\n   #accs .content .price{\n   text-align: right;\n   }\n   #accs .content .btn{\n   margin-top: 4px;\n   }\n<\/style>\n<div class=\"container-fluid\" style=\"background-color: #DDDDDD; padding-bottom:2em; color: #444444;\">\n<div id=\"accs\" class=\"container\">\n<h1 class=\"thin text-center\" style=\"margin: 2em 0;\">Profesion\u00e1ln\u00ed \u0159e\u0161en\u00ed a p\u0159\u00edslu\u0161enstv\u00ed<\/h1>\n<div class=\"row\">\n<div class=\"col-md-6 prd\">\n<div class=\"content\">\n               <img decoding=\"async\" src=\"\/web\/wp-content\/uploads\/2021\/11\/Titulne-obrazky-e-shop-kasy.png\" alt=\"KAS FIK Orange 4G\" style=\"max-height: 300px;\" class=\"aligncenter img-responsive size-medium wp-image-2839\" \/><\/p>\n<h3>Mobiln\u00ed pokladna ORANGE 4G<\/h3>\n<p>Pokladn\u00ed za\u0159\u00edzen\u00ed se zabudovanou 58 mm tisk\u00e1rnou, Bluetooth, p\u0159ipojen\u00ed WiFi nebo SIM karta. Dob\u00edjec\u00ed z\u00e1kladna zdarma.<\/p>\n<div class=\"row\"><a href=\"https:\/\/shop.kasafik.cz\/pokladni-balicky-a-sety\/142-96-kasa-fik-orange-4g.html#\/47-verze_software-premium_na_1_m%C4%9Bs%C3%ADc_799_k%C4%8D\" class=\"btn btn-success btn-square line col-xs-12\" target=\"_blank\" rel=\"noopener noreferrer\">KOUPIT 6 689,- K\u010d<\/a><\/div>\n<\/p><\/div>\n<div class=\"col-md-6 prd\">\n<div class=\"content\">\n               <img decoding=\"async\" src=\"\/web\/wp-content\/uploads\/2021\/11\/hit12.png\" alt=\"KAS FIK Orange 4G\" style=\"max-height: 300px;\" class=\"aligncenter img-responsive size-medium wp-image-2839\" \/><\/p>\n<h3>Stoln\u00ed pokladna HIT 12 se z\u00e1kaznick\u00fdm displejem<\/h3>\n<p>Kompletn\u00ed pokladn\u00ed za\u0159\u00edzen\u00ed s 12&#8243; displejem a zabudovanou 58 mm tisk\u00e1rnou, z\u00e1kaznick\u00fdm displejem. Bluetooth, p\u0159ipojen\u00ed WiFi nebo LAN.<\/p>\n<div class=\"row\"><a href=\"https:\/\/shop.kasafik.cz\/pokladni-balicky-a-sety\/128-88-pokladna-kasa-fik-hit-12.html#\/47-verze_software-premium_na_1_m%C4%9Bs%C3%ADc_799_k%C4%8D\" class=\"btn btn-success btn-square line col-xs-12\" target=\"_blank\" rel=\"noopener noreferrer\">KOUPIT 13 798,- K\u010d<\/a><\/div>\n<\/p><\/div>\n<\/p><\/div>\n<div class=\"col-md-6 prd\">\n<div class=\"content\">\n               <img decoding=\"async\" src=\"\/web\/wp-content\/uploads\/2021\/11\/sumup.png\" alt=\"Jednoduch\u00fd a elegantn\u00ed platebn\u00ed termin\u00e1l SumUp\" style=\"max-height: 300px;\" class=\"aligncenter img-responsive size-medium wp-image-2839\" \/><\/p>\n<h3>Platebn\u00ed termin\u00e1l SumUp<\/h3>\n<p>Jednoduch\u00fd a elegantn\u00ed platebn\u00ed termin\u00e1l. P\u0159ipojen\u00ed bluetooth, komunikuje s aplikac\u00ed KASA FIK. Registrace online, bez pap\u00edrova\u010dek, bez m\u011bs\u00ed\u010dn\u00edch pau\u0161\u00e1l\u016f.<\/p>\n<div class=\"row\"><a href=\"https:\/\/shop.kasafik.cz\/prislusenstvi\/117-sumup-termin%C3%A1l-platebni.html\" class=\"btn btn-success btn-square line col-xs-12\" target=\"_blank\" rel=\"noopener noreferrer\">KOUPIT 699,- K\u010d<\/a><\/div>\n<\/p><\/div>\n<\/p><\/div>\n<div class=\"col-md-6 prd\">\n<div class=\"content\" style=\"display: none;\">\n               <img fetchpriority=\"high\" decoding=\"async\" width=\"300\" height=\"300\" src=\"https:\/\/www.kasafik.cz\/web\/wp-content\/uploads\/2016\/07\/rongta-usbbt-tiskarna-58-mm-rp58bu-1-300x300.jpg\" alt=\"rongta-usbbt-tiskarna-58-mm-rp58bu-1\" style=\"max-height: 300px;\" class=\"aligncenter img-responsive size-medium wp-image-2839\" srcset=\"https:\/\/www.kasafik.cz\/web\/wp-content\/uploads\/2016\/07\/rongta-usbbt-tiskarna-58-mm-rp58bu-1-300x300.jpg 300w, https:\/\/www.kasafik.cz\/web\/wp-content\/uploads\/2016\/07\/rongta-usbbt-tiskarna-58-mm-rp58bu-1-600x600.jpg 600w, https:\/\/www.kasafik.cz\/web\/wp-content\/uploads\/2016\/07\/rongta-usbbt-tiskarna-58-mm-rp58bu-1-100x100.jpg 100w, https:\/\/www.kasafik.cz\/web\/wp-content\/uploads\/2016\/07\/rongta-usbbt-tiskarna-58-mm-rp58bu-1-150x150.jpg 150w, https:\/\/www.kasafik.cz\/web\/wp-content\/uploads\/2016\/07\/rongta-usbbt-tiskarna-58-mm-rp58bu-1-768x768.jpg 768w, https:\/\/www.kasafik.cz\/web\/wp-content\/uploads\/2016\/07\/rongta-usbbt-tiskarna-58-mm-rp58bu-1.jpg 800w\" sizes=\"(max-width: 300px) 100vw, 300px\" \/><\/p>\n<h3>Tisk\u00e1rna Rongta RP58BU Bluetooth<\/h3>\n<p>Pokladn\u00ed tisk\u00e1rna term\u00e1ln\u00ed, \u0161\u00ed\u0159ka pap\u00edru 58mm, 120mm\/s, Bluetooth, USB, zdroj<\/p>\n<div class=\"row\"><a href=\"https:\/\/shop.kasafik.cz\/prislusenstvi\/28-rongta-usbbt-tiskarna-58-mm-rp58bu.html\" class=\"btn btn-success btn-square line col-xs-12\" target=\"_blank\" rel=\"noopener noreferrer\">KOUPIT 2 199,- K\u010d<\/a><\/div>\n<\/p><\/div>\n<\/p><\/div>\n<div class=\"col-md-6 prd\">\n<div class=\"content\">\n               <img decoding=\"async\" width=\"540\" height=\"500\" src=\"https:\/\/www.kasafik.cz\/web\/wp-content\/uploads\/2016\/07\/casino-printer.png\" alt=\"casino-printer\" class=\"aligncenter img-responsive size-full wp-image-1598\"  style=\"max-height: 200px;\" srcset=\"https:\/\/www.kasafik.cz\/web\/wp-content\/uploads\/2016\/07\/casino-printer.png 540w, https:\/\/www.kasafik.cz\/web\/wp-content\/uploads\/2016\/07\/casino-printer-300x278.png 300w\" sizes=\"(max-width: 540px) 100vw, 540px\" \/><\/p>\n<h3>Cashino PTP-II Bluetooth<\/h3>\n<p>Mobiln\u00ed tisk\u00e1rna 58mm, p\u0159\u00edm\u00fd term\u00e1ln\u00ed tisk, rychlost tisku a\u017e 80mm\/s, maxim\u00e1ln\u00ed pr\u016fm\u011br rolky 40mm, akumul\u00e1tor 2000mAh, v\u00fddr\u017e a\u017e 8 hodin na jedno nabit\u00ed, USB, Bluetooth, zdarma ko\u017een\u00e9 pouzdro<\/p>\n<div class=\"row\"><img decoding=\"async\" width=\"195\" height=\"66\" src=\"https:\/\/www.kasafik.cz\/web\/wp-content\/uploads\/2016\/07\/alza-logo.png\" alt=\"alza-logo\" class=\"aligncenter size-full wp-image-1530 col-xs-4\"  style=\"display: none;\" \/><a href=\"https:\/\/shop.kasafik.cz\/prislusenstvi\/36-cashino-ptp-ii-58mm-bluetooth-mobilni-8595235809631.html\" class=\"btn btn-success btn-square line col-xs-12\" target=\"_blank\" rel=\"noopener noreferrer\">KOUPIT 1 799,- K\u010d<\/a><\/div>\n<\/p><\/div>\n<\/p><\/div>\n<div class=\"col-md-6 prd\">\n<div class=\"content\" style=\"display: none;\">\n               <img loading=\"lazy\" decoding=\"async\" width=\"355\" height=\"355\" src=\"https:\/\/www.kasafik.cz\/web\/wp-content\/uploads\/2016\/07\/xprinter-58bt.jpg\" alt=\"Xprinter XP-T58-K Bluetooth EET\" class=\"aligncenter size-full wp-image-1562 img-responsive\" style=\"max-height: 200px;\" srcset=\"https:\/\/www.kasafik.cz\/web\/wp-content\/uploads\/2016\/07\/xprinter-58bt.jpg 355w, https:\/\/www.kasafik.cz\/web\/wp-content\/uploads\/2016\/07\/xprinter-58bt-100x100.jpg 100w, https:\/\/www.kasafik.cz\/web\/wp-content\/uploads\/2016\/07\/xprinter-58bt-150x150.jpg 150w, https:\/\/www.kasafik.cz\/web\/wp-content\/uploads\/2016\/07\/xprinter-58bt-300x300.jpg 300w\" sizes=\"(max-width: 355px) 100vw, 355px\" \/><\/p>\n<h3>Xprinter XP-T58-K Bluetooth<\/h3>\n<p>Pokladn\u00ed tisk\u00e1rna 58mm, p\u0159\u00edm\u00fd term\u00e1ln\u00ed tisk, rychlost tisku 120mm\/s, maxim\u00e1ln\u00ed pr\u016fm\u011br rolky 60mm, USB, Bluetooth<\/p>\n<div class=\"row\"><img loading=\"lazy\" decoding=\"async\" width=\"195\" height=\"66\" src=\"https:\/\/www.kasafik.cz\/web\/wp-content\/uploads\/2016\/07\/alza-logo.png\" alt=\"alza-logo\" class=\"aligncenter size-full wp-image-1530 col-xs-4\" style=\"display:none;\" \/><a href=\"http:\/\/shop.kasafik.cz\/cs\/prislusenstvi\/80-pokladn%C3%AD-tisk%C3%A1rna-xprinter-xp-t58-k-58mm-usbbluetooth.html\" class=\"btn btn-success btn-square line col-xs-12\" target=\"_blank\" rel=\"noopener noreferrer\">KOUPIT 2 148,- K\u010d<\/a><\/div>\n<\/p><\/div>\n<\/p><\/div>\n<\/p><\/div>\n<\/p><\/div>\n<\/div>\n","protected":false},"excerpt":{"rendered":"<p>Profesion\u00e1ln\u00ed \u0159e\u0161en\u00ed a p\u0159\u00edslu\u0161enstv\u00ed Mobiln\u00ed pokladna ORANGE 4G Pokladn\u00ed za\u0159\u00edzen\u00ed se zabudovanou 58 mm tisk\u00e1rnou, Bluetooth, p\u0159ipojen\u00ed WiFi nebo SIM karta. Dob\u00edjec\u00ed z\u00e1kladna zdarma. KOUPIT 6 689,- K\u010d Stoln\u00ed pokladna HIT 12 se z\u00e1kaznick\u00fdm displejem Kompletn\u00ed pokladn\u00ed za\u0159\u00edzen\u00ed s 12&#8243; displejem a zabudovanou 58 mm tisk\u00e1rnou, z\u00e1kaznick\u00fdm displejem. Bluetooth, p\u0159ipojen\u00ed WiFi nebo LAN. KOUPIT 13 [&hellip;]<\/p>\n","protected":false},"author":1,"featured_media":0,"parent":0,"menu_order":0,"comment_status":"closed","ping_status":"closed","template":"page-templates\/full-width.php","meta":{"footnotes":""},"class_list":["post-1519","page","type-page","status-publish","hentry"],"yoast_head":"<!-- This site is optimized with the Yoast SEO plugin v27.2 - https:\/\/yoast.com\/product\/yoast-seo-wordpress\/ -->\n<title>Tisk\u00e1rny a p\u0159\u00edslu\u0161enstv\u00ed pro pokladny - KASA FIK<\/title>\n<meta name=\"robots\" content=\"index, follow, max-snippet:-1, max-image-preview:large, max-video-preview:-1\" \/>\n<link rel=\"canonical\" href=\"https:\/\/www.kasafik.cz\/web\/cs\/accessories\/\" \/>\n<meta property=\"og:locale\" content=\"cs_CZ\" \/>\n<meta property=\"og:type\" content=\"article\" \/>\n<meta property=\"og:title\" content=\"Tisk\u00e1rny a p\u0159\u00edslu\u0161enstv\u00ed pro pokladny - KASA FIK\" \/>\n<meta property=\"og:description\" content=\"Profesion\u00e1ln\u00ed \u0159e\u0161en\u00ed a p\u0159\u00edslu\u0161enstv\u00ed Mobiln\u00ed pokladna ORANGE 4G Pokladn\u00ed za\u0159\u00edzen\u00ed se zabudovanou 58 mm tisk\u00e1rnou, Bluetooth, p\u0159ipojen\u00ed WiFi nebo SIM karta. Dob\u00edjec\u00ed z\u00e1kladna zdarma. KOUPIT 6 689,- K\u010d Stoln\u00ed pokladna HIT 12 se z\u00e1kaznick\u00fdm displejem Kompletn\u00ed pokladn\u00ed za\u0159\u00edzen\u00ed s 12&#8243; displejem a zabudovanou 58 mm tisk\u00e1rnou, z\u00e1kaznick\u00fdm displejem. Bluetooth, p\u0159ipojen\u00ed WiFi nebo LAN. KOUPIT 13 [&hellip;]\" \/>\n<meta property=\"og:url\" content=\"https:\/\/www.kasafik.cz\/web\/cs\/accessories\/\" \/>\n<meta property=\"og:site_name\" content=\"KASA FIK\" \/>\n<meta property=\"article:modified_time\" content=\"2023-08-25T08:17:10+00:00\" \/>\n<meta property=\"og:image\" content=\"https:\/\/www.kasafik.cz\/web\/wp-content\/uploads\/2016\/07\/rongta-usbbt-tiskarna-58-mm-rp58bu-1-300x300.jpg\" \/>\n<meta name=\"twitter:card\" content=\"summary_large_image\" \/>\n<meta name=\"twitter:label1\" content=\"Odhadovan\u00e1 doba \u010dten\u00ed\" \/>\n\t<meta name=\"twitter:data1\" content=\"3 minuty\" \/>\n<script type=\"application\/ld+json\" class=\"yoast-schema-graph\">{\"@context\":\"https:\/\/schema.org\",\"@graph\":[{\"@type\":\"WebPage\",\"@id\":\"https:\/\/www.kasafik.cz\/web\/cs\/accessories\/\",\"url\":\"https:\/\/www.kasafik.cz\/web\/cs\/accessories\/\",\"name\":\"Tisk\u00e1rny a p\u0159\u00edslu\u0161enstv\u00ed pro pokladny - KASA FIK\",\"isPartOf\":{\"@id\":\"https:\/\/www.kasafik.cz\/web\/#website\"},\"primaryImageOfPage\":{\"@id\":\"https:\/\/www.kasafik.cz\/web\/cs\/accessories\/#primaryimage\"},\"image\":{\"@id\":\"https:\/\/www.kasafik.cz\/web\/cs\/accessories\/#primaryimage\"},\"thumbnailUrl\":\"https:\/\/www.kasafik.cz\/web\/wp-content\/uploads\/2016\/07\/rongta-usbbt-tiskarna-58-mm-rp58bu-1-300x300.jpg\",\"datePublished\":\"2016-07-26T18:14:53+00:00\",\"dateModified\":\"2023-08-25T08:17:10+00:00\",\"breadcrumb\":{\"@id\":\"https:\/\/www.kasafik.cz\/web\/cs\/accessories\/#breadcrumb\"},\"inLanguage\":\"cs\",\"potentialAction\":[{\"@type\":\"ReadAction\",\"target\":[\"https:\/\/www.kasafik.cz\/web\/cs\/accessories\/\"]}]},{\"@type\":\"ImageObject\",\"inLanguage\":\"cs\",\"@id\":\"https:\/\/www.kasafik.cz\/web\/cs\/accessories\/#primaryimage\",\"url\":\"https:\/\/www.kasafik.cz\/web\/wp-content\/uploads\/2016\/07\/rongta-usbbt-tiskarna-58-mm-rp58bu-1.jpg\",\"contentUrl\":\"https:\/\/www.kasafik.cz\/web\/wp-content\/uploads\/2016\/07\/rongta-usbbt-tiskarna-58-mm-rp58bu-1.jpg\",\"width\":800,\"height\":800},{\"@type\":\"BreadcrumbList\",\"@id\":\"https:\/\/www.kasafik.cz\/web\/cs\/accessories\/#breadcrumb\",\"itemListElement\":[{\"@type\":\"ListItem\",\"position\":1,\"name\":\"Home\",\"item\":\"https:\/\/origin.kasafik.cz\/web\/cs\/\"},{\"@type\":\"ListItem\",\"position\":2,\"name\":\"Tisk\u00e1rny a p\u0159\u00edslu\u0161enstv\u00ed pro pokladny\"}]},{\"@type\":\"WebSite\",\"@id\":\"https:\/\/www.kasafik.cz\/web\/#website\",\"url\":\"https:\/\/www.kasafik.cz\/web\/\",\"name\":\"KASA FIK\",\"description\":\"\",\"potentialAction\":[{\"@type\":\"SearchAction\",\"target\":{\"@type\":\"EntryPoint\",\"urlTemplate\":\"https:\/\/www.kasafik.cz\/web\/?s={search_term_string}\"},\"query-input\":{\"@type\":\"PropertyValueSpecification\",\"valueRequired\":true,\"valueName\":\"search_term_string\"}}],\"inLanguage\":\"cs\"}]}<\/script>\n<!-- \/ Yoast SEO plugin. -->","yoast_head_json":{"title":"Tisk\u00e1rny a p\u0159\u00edslu\u0161enstv\u00ed pro pokladny - KASA FIK","robots":{"index":"index","follow":"follow","max-snippet":"max-snippet:-1","max-image-preview":"max-image-preview:large","max-video-preview":"max-video-preview:-1"},"canonical":"https:\/\/www.kasafik.cz\/web\/cs\/accessories\/","og_locale":"cs_CZ","og_type":"article","og_title":"Tisk\u00e1rny a p\u0159\u00edslu\u0161enstv\u00ed pro pokladny - KASA FIK","og_description":"Profesion\u00e1ln\u00ed \u0159e\u0161en\u00ed a p\u0159\u00edslu\u0161enstv\u00ed Mobiln\u00ed pokladna ORANGE 4G Pokladn\u00ed za\u0159\u00edzen\u00ed se zabudovanou 58 mm tisk\u00e1rnou, Bluetooth, p\u0159ipojen\u00ed WiFi nebo SIM karta. Dob\u00edjec\u00ed z\u00e1kladna zdarma. KOUPIT 6 689,- K\u010d Stoln\u00ed pokladna HIT 12 se z\u00e1kaznick\u00fdm displejem Kompletn\u00ed pokladn\u00ed za\u0159\u00edzen\u00ed s 12&#8243; displejem a zabudovanou 58 mm tisk\u00e1rnou, z\u00e1kaznick\u00fdm displejem. Bluetooth, p\u0159ipojen\u00ed WiFi nebo LAN. KOUPIT 13 [&hellip;]","og_url":"https:\/\/www.kasafik.cz\/web\/cs\/accessories\/","og_site_name":"KASA FIK","article_modified_time":"2023-08-25T08:17:10+00:00","og_image":[{"url":"https:\/\/www.kasafik.cz\/web\/wp-content\/uploads\/2016\/07\/rongta-usbbt-tiskarna-58-mm-rp58bu-1-300x300.jpg","type":"","width":"","height":""}],"twitter_card":"summary_large_image","twitter_misc":{"Odhadovan\u00e1 doba \u010dten\u00ed":"3 minuty"},"schema":{"@context":"https:\/\/schema.org","@graph":[{"@type":"WebPage","@id":"https:\/\/www.kasafik.cz\/web\/cs\/accessories\/","url":"https:\/\/www.kasafik.cz\/web\/cs\/accessories\/","name":"Tisk\u00e1rny a p\u0159\u00edslu\u0161enstv\u00ed pro pokladny - KASA FIK","isPartOf":{"@id":"https:\/\/www.kasafik.cz\/web\/#website"},"primaryImageOfPage":{"@id":"https:\/\/www.kasafik.cz\/web\/cs\/accessories\/#primaryimage"},"image":{"@id":"https:\/\/www.kasafik.cz\/web\/cs\/accessories\/#primaryimage"},"thumbnailUrl":"https:\/\/www.kasafik.cz\/web\/wp-content\/uploads\/2016\/07\/rongta-usbbt-tiskarna-58-mm-rp58bu-1-300x300.jpg","datePublished":"2016-07-26T18:14:53+00:00","dateModified":"2023-08-25T08:17:10+00:00","breadcrumb":{"@id":"https:\/\/www.kasafik.cz\/web\/cs\/accessories\/#breadcrumb"},"inLanguage":"cs","potentialAction":[{"@type":"ReadAction","target":["https:\/\/www.kasafik.cz\/web\/cs\/accessories\/"]}]},{"@type":"ImageObject","inLanguage":"cs","@id":"https:\/\/www.kasafik.cz\/web\/cs\/accessories\/#primaryimage","url":"https:\/\/www.kasafik.cz\/web\/wp-content\/uploads\/2016\/07\/rongta-usbbt-tiskarna-58-mm-rp58bu-1.jpg","contentUrl":"https:\/\/www.kasafik.cz\/web\/wp-content\/uploads\/2016\/07\/rongta-usbbt-tiskarna-58-mm-rp58bu-1.jpg","width":800,"height":800},{"@type":"BreadcrumbList","@id":"https:\/\/www.kasafik.cz\/web\/cs\/accessories\/#breadcrumb","itemListElement":[{"@type":"ListItem","position":1,"name":"Home","item":"https:\/\/origin.kasafik.cz\/web\/cs\/"},{"@type":"ListItem","position":2,"name":"Tisk\u00e1rny a p\u0159\u00edslu\u0161enstv\u00ed pro pokladny"}]},{"@type":"WebSite","@id":"https:\/\/www.kasafik.cz\/web\/#website","url":"https:\/\/www.kasafik.cz\/web\/","name":"KASA FIK","description":"","potentialAction":[{"@type":"SearchAction","target":{"@type":"EntryPoint","urlTemplate":"https:\/\/www.kasafik.cz\/web\/?s={search_term_string}"},"query-input":{"@type":"PropertyValueSpecification","valueRequired":true,"valueName":"search_term_string"}}],"inLanguage":"cs"}]}},"jetpack_sharing_enabled":true,"_links":{"self":[{"href":"https:\/\/www.kasafik.cz\/web\/wp-json\/wp\/v2\/pages\/1519","targetHints":{"allow":["GET"]}}],"collection":[{"href":"https:\/\/www.kasafik.cz\/web\/wp-json\/wp\/v2\/pages"}],"about":[{"href":"https:\/\/www.kasafik.cz\/web\/wp-json\/wp\/v2\/types\/page"}],"author":[{"embeddable":true,"href":"https:\/\/www.kasafik.cz\/web\/wp-json\/wp\/v2\/users\/1"}],"replies":[{"embeddable":true,"href":"https:\/\/www.kasafik.cz\/web\/wp-json\/wp\/v2\/comments?post=1519"}],"version-history":[{"count":15,"href":"https:\/\/www.kasafik.cz\/web\/wp-json\/wp\/v2\/pages\/1519\/revisions"}],"predecessor-version":[{"id":13210,"href":"https:\/\/www.kasafik.cz\/web\/wp-json\/wp\/v2\/pages\/1519\/revisions\/13210"}],"wp:attachment":[{"href":"https:\/\/www.kasafik.cz\/web\/wp-json\/wp\/v2\/media?parent=1519"}],"curies":[{"name":"wp","href":"https:\/\/api.w.org\/{rel}","templated":true}]}}