{"id":14847,"date":"2024-01-13T13:16:56","date_gmt":"2024-01-13T13:16:56","guid":{"rendered":"https:\/\/origin.kasafik.cz\/web\/?page_id=14847"},"modified":"2024-01-25T09:38:00","modified_gmt":"2024-01-25T09:38:00","slug":"gibon-ai","status":"publish","type":"page","link":"https:\/\/www.kasafik.cz\/web\/cs\/gibon-ai\/","title":{"rendered":"Gibon AI"},"content":{"rendered":"\t\t<div data-elementor-type=\"wp-page\" data-elementor-id=\"14847\" class=\"elementor elementor-14847\" data-elementor-post-type=\"page\">\n\t\t\t\t<div class=\"elementor-element elementor-element-375c423 e-flex e-con-boxed e-con e-parent\" data-id=\"375c423\" data-element_type=\"container\" data-e-type=\"container\">\n\t\t\t\t\t<div class=\"e-con-inner\">\n\t\t\t\t<div class=\"elementor-element elementor-element-7b255a4c elementor-widget elementor-widget-text-editor\" data-id=\"7b255a4c\" data-element_type=\"widget\" data-e-type=\"widget\" data-widget_type=\"text-editor.default\">\n\t\t\t\t<div class=\"elementor-widget-container\">\n\t\t\t\t\t\t\t\t\t<h4>P\u0159edstavujeme V\u00e1m AI budoucnost od <b>KASA FIK<\/b><\/h4><h1>Inteligentn\u00ed Cvi\u010den\u00fd Gibon <b>AI<\/b><\/h1>\t\t\t\t\t\t\t\t<\/div>\n\t\t\t\t<\/div>\n\t\t<div class=\"elementor-element elementor-element-c3b778b e-con-full e-flex e-con e-child\" data-id=\"c3b778b\" data-element_type=\"container\" data-e-type=\"container\">\n\t\t<div class=\"elementor-element elementor-element-b6692b8 e-con-full e-flex e-con e-child\" data-id=\"b6692b8\" data-element_type=\"container\" data-e-type=\"container\">\n\t\t\t\t<div class=\"elementor-element elementor-element-78362c7 elementor-widget elementor-widget-text-editor\" data-id=\"78362c7\" data-element_type=\"widget\" data-e-type=\"widget\" data-widget_type=\"text-editor.default\">\n\t\t\t\t<div class=\"elementor-widget-container\">\n\t\t\t\t\t\t\t\t\t<p><strong>V\u00edtejte v \u00e9\u0159e inovac\u00ed a v\u00fdkonnosti s Cvi\u010den\u00fdm Gibonem!<\/strong>\u00a0\u2013 revolu\u010dn\u00edho n\u00e1stroje um\u011bl\u00e9 inteligence, kter\u00fd poskytuje pohled do budoucnosti v oblasti pokladny, \u00fa\u010detnictv\u00ed a dan\u00ed. Tento \u0161ikovn\u00fd gibon byl trp\u011bliv\u011b tr\u00e9nov\u00e1n na obchodn\u00edch datech, aby v\u00e1m usnadnil pr\u00e1ci a odhalil skryt\u00e9 p\u0159\u00edle\u017eitosti ve va\u0161em podnik\u00e1n\u00ed.<\/p><p>S jeho pomoc\u00ed m\u016f\u017eete o\u010dek\u00e1vat efektivitu, p\u0159esnost a objevov\u00e1n\u00ed nov\u00fdch mo\u017enost\u00ed, kter\u00e9 posunou va\u0161e podnik\u00e1n\u00ed na novou \u00farove\u0148.<\/p><p>\u00a0<\/p><p>Hledejte\u00a0<span style=\"font-weight: bold;\">magick\u00e9<\/span>\u00a0tla\u010d\u00edtko v Backoffice &#8211; ji\u017e brzy i ve Va\u0161\u00ed aktualizovan\u00e9 pokladn\u011b.<\/p>\t\t\t\t\t\t\t\t<\/div>\n\t\t\t\t<\/div>\n\t\t\t\t<\/div>\n\t\t<div class=\"elementor-element elementor-element-9595745 e-flex e-con-boxed e-con e-child\" data-id=\"9595745\" data-element_type=\"container\" data-e-type=\"container\">\n\t\t\t\t\t<div class=\"e-con-inner\">\n\t\t\t\t<div class=\"elementor-element elementor-element-a832ced elementor-widget elementor-widget-image\" data-id=\"a832ced\" data-element_type=\"widget\" data-e-type=\"widget\" data-widget_type=\"image.default\">\n\t\t\t\t<div class=\"elementor-widget-container\">\n\t\t\t\t\t\t\t\t\t\t\t\t\t\t\t<img fetchpriority=\"high\" decoding=\"async\" width=\"300\" height=\"300\" src=\"https:\/\/origin.kasafik.cz\/web\/wp-content\/uploads\/2024\/01\/gibbon-ai.png\" class=\"attachment-large size-large wp-image-14869\" alt=\"\" srcset=\"https:\/\/origin.kasafik.cz\/web\/wp-content\/uploads\/2024\/01\/gibbon-ai.png 300w, https:\/\/origin.kasafik.cz\/web\/wp-content\/uploads\/2024\/01\/gibbon-ai-100x100.png 100w, https:\/\/origin.kasafik.cz\/web\/wp-content\/uploads\/2024\/01\/gibbon-ai-150x150.png 150w\" sizes=\"(max-width: 300px) 100vw, 300px\" \/>\t\t\t\t\t\t\t\t\t\t\t\t\t\t\t<\/div>\n\t\t\t\t<\/div>\n\t\t\t\t\t<\/div>\n\t\t\t\t<\/div>\n\t\t\t\t<\/div>\n\t\t<div class=\"elementor-element elementor-element-34902f9 e-con-full e-flex e-con e-child\" data-id=\"34902f9\" data-element_type=\"container\" data-e-type=\"container\">\n\t\t\t\t<div class=\"elementor-element elementor-element-376bbde elementor-widget elementor-widget-image\" data-id=\"376bbde\" data-element_type=\"widget\" data-e-type=\"widget\" data-widget_type=\"image.default\">\n\t\t\t\t<div class=\"elementor-widget-container\">\n\t\t\t\t\t\t\t\t\t\t\t\t\t\t\t<img decoding=\"async\" width=\"209\" height=\"89\" src=\"https:\/\/origin.kasafik.cz\/web\/wp-content\/uploads\/2024\/01\/gibon-ai-button.png\" class=\"attachment-large size-large wp-image-14897\" alt=\"\" \/>\t\t\t\t\t\t\t\t\t\t\t\t\t\t\t<\/div>\n\t\t\t\t<\/div>\n\t\t\t\t<\/div>\n\t\t\t\t\t<\/div>\n\t\t\t\t<\/div>\n\t\t<div class=\"elementor-element elementor-element-1a8c991 e-flex e-con-boxed e-con e-parent\" data-id=\"1a8c991\" data-element_type=\"container\" data-e-type=\"container\">\n\t\t\t\t\t<div class=\"e-con-inner\">\n\t\t<div class=\"elementor-element elementor-element-8dd3ae6 e-con-full e-flex e-con e-child\" data-id=\"8dd3ae6\" data-element_type=\"container\" data-e-type=\"container\">\n\t\t<div class=\"elementor-element elementor-element-27c8678 e-flex e-con-boxed e-con e-child\" data-id=\"27c8678\" data-element_type=\"container\" data-e-type=\"container\">\n\t\t\t\t\t<div class=\"e-con-inner\">\n\t\t\t\t<div class=\"elementor-element elementor-element-c743ab8 elementor-widget elementor-widget-heading\" data-id=\"c743ab8\" data-element_type=\"widget\" data-e-type=\"widget\" data-widget_type=\"heading.default\">\n\t\t\t\t<div class=\"elementor-widget-container\">\n\t\t\t\t\t<h2 class=\"elementor-heading-title elementor-size-default\">Pr\u00e1ce s polo\u017ekami<\/h2>\t\t\t\t<\/div>\n\t\t\t\t<\/div>\n\t\t\t\t<div class=\"elementor-element elementor-element-1b3b12d elementor-widget elementor-widget-text-editor\" data-id=\"1b3b12d\" data-element_type=\"widget\" data-e-type=\"widget\" data-widget_type=\"text-editor.default\">\n\t\t\t\t<div class=\"elementor-widget-container\">\n\t\t\t\t\t\t\t\t\t<p><span style=\"white-space-collapse: preserve;\">Gibon AI na\u010dte polo\u017eky, kategorie, pochop\u00ed smysl co prod\u00e1v\u00e1te a navrhne doporu\u010den\u00ed jak l\u00e9pe kategorizovat polo\u017eky.<\/span><\/p><p><span style=\"white-space-collapse: preserve;\">C\u00edlem je vytvo\u0159it logick\u00e9 a intuitivn\u00ed kategorie a podkategorie, kter\u00e9 usnadn\u00ed orientaci v cen\u00edku a zrychl\u00ed v\u00fdb\u011br produkt\u016f pro person\u00e1l i z\u00e1kazn\u00edky. <\/span><\/p><p><span style=\"white-space-collapse: preserve;\">Pro spr\u00e1vnou funkci doporu\u010dujeme m\u00edt alespo\u0148 20 polo\u017eek v cen\u00edku a n\u011bkolik kategori\u00ed. Maxim\u00e1ln\u00ed limit, kter\u00fd lze zpracovavat je 900 polo\u017eek.<\/span><\/p>\t\t\t\t\t\t\t\t<\/div>\n\t\t\t\t<\/div>\n\t\t\t\t\t<\/div>\n\t\t\t\t<\/div>\n\t\t\t\t<\/div>\n\t\t\t\t<div class=\"elementor-element elementor-element-c69f433 elementor-widget elementor-widget-image\" data-id=\"c69f433\" data-element_type=\"widget\" data-e-type=\"widget\" data-widget_type=\"image.default\">\n\t\t\t\t<div class=\"elementor-widget-container\">\n\t\t\t\t\t\t\t\t\t\t\t\t\t\t\t\t<a href=\"https:\/\/origin.kasafik.cz\/web\/wp-content\/uploads\/2024\/01\/gibon-ai-polozky.png\" data-elementor-open-lightbox=\"yes\" data-elementor-lightbox-title=\"gibon-ai-polozky\" data-e-action-hash=\"#elementor-action%3Aaction%3Dlightbox%26settings%3DeyJpZCI6MTQ4NDQsInVybCI6Imh0dHBzOlwvXC9vcmlnaW4ua2FzYWZpay5jelwvd2ViXC93cC1jb250ZW50XC91cGxvYWRzXC8yMDI0XC8wMVwvZ2lib24tYWktcG9sb3preS5wbmcifQ%3D%3D\">\n\t\t\t\t\t\t\t<img decoding=\"async\" width=\"900\" height=\"599\" src=\"https:\/\/origin.kasafik.cz\/web\/wp-content\/uploads\/2024\/01\/gibon-ai-polozky-1024x681.png\" class=\"attachment-large size-large wp-image-14844\" alt=\"\" srcset=\"https:\/\/origin.kasafik.cz\/web\/wp-content\/uploads\/2024\/01\/gibon-ai-polozky-1024x681.png 1024w, https:\/\/origin.kasafik.cz\/web\/wp-content\/uploads\/2024\/01\/gibon-ai-polozky-600x399.png 600w, https:\/\/origin.kasafik.cz\/web\/wp-content\/uploads\/2024\/01\/gibon-ai-polozky-300x200.png 300w, https:\/\/origin.kasafik.cz\/web\/wp-content\/uploads\/2024\/01\/gibon-ai-polozky-768x511.png 768w, https:\/\/origin.kasafik.cz\/web\/wp-content\/uploads\/2024\/01\/gibon-ai-polozky.png 1036w\" sizes=\"(max-width: 900px) 100vw, 900px\" \/>\t\t\t\t\t\t\t\t<\/a>\n\t\t\t\t\t\t\t\t\t\t\t\t\t\t\t<\/div>\n\t\t\t\t<\/div>\n\t\t\t\t\t<\/div>\n\t\t\t\t<\/div>\n\t\t<div class=\"elementor-element elementor-element-eabb047 e-flex e-con-boxed e-con e-parent\" data-id=\"eabb047\" data-element_type=\"container\" data-e-type=\"container\">\n\t\t\t\t\t<div class=\"e-con-inner\">\n\t\t\t\t<div class=\"elementor-element elementor-element-e1bd357 elementor-widget elementor-widget-image\" data-id=\"e1bd357\" data-element_type=\"widget\" data-e-type=\"widget\" data-widget_type=\"image.default\">\n\t\t\t\t<div class=\"elementor-widget-container\">\n\t\t\t\t\t\t\t\t\t\t\t\t\t\t\t\t<a href=\"https:\/\/origin.kasafik.cz\/web\/wp-content\/uploads\/2024\/01\/gibon-ai-polozky-image.png\" data-elementor-open-lightbox=\"yes\" data-elementor-lightbox-title=\"gibon-ai-polozky-image\" data-e-action-hash=\"#elementor-action%3Aaction%3Dlightbox%26settings%3DeyJpZCI6MTQ4NTAsInVybCI6Imh0dHBzOlwvXC9vcmlnaW4ua2FzYWZpay5jelwvd2ViXC93cC1jb250ZW50XC91cGxvYWRzXC8yMDI0XC8wMVwvZ2lib24tYWktcG9sb3preS1pbWFnZS5wbmcifQ%3D%3D\">\n\t\t\t\t\t\t\t<img loading=\"lazy\" decoding=\"async\" width=\"900\" height=\"638\" src=\"https:\/\/origin.kasafik.cz\/web\/wp-content\/uploads\/2024\/01\/gibon-ai-polozky-image-1024x726.png\" class=\"attachment-large size-large wp-image-14850\" alt=\"\" srcset=\"https:\/\/origin.kasafik.cz\/web\/wp-content\/uploads\/2024\/01\/gibon-ai-polozky-image-1024x726.png 1024w, https:\/\/origin.kasafik.cz\/web\/wp-content\/uploads\/2024\/01\/gibon-ai-polozky-image-600x426.png 600w, https:\/\/origin.kasafik.cz\/web\/wp-content\/uploads\/2024\/01\/gibon-ai-polozky-image-300x213.png 300w, https:\/\/origin.kasafik.cz\/web\/wp-content\/uploads\/2024\/01\/gibon-ai-polozky-image-768x545.png 768w, https:\/\/origin.kasafik.cz\/web\/wp-content\/uploads\/2024\/01\/gibon-ai-polozky-image.png 1049w\" sizes=\"(max-width: 900px) 100vw, 900px\" \/>\t\t\t\t\t\t\t\t<\/a>\n\t\t\t\t\t\t\t\t\t\t\t\t\t\t\t<\/div>\n\t\t\t\t<\/div>\n\t\t<div class=\"elementor-element elementor-element-615dd0b e-con-full e-flex e-con e-child\" data-id=\"615dd0b\" data-element_type=\"container\" data-e-type=\"container\">\n\t\t<div class=\"elementor-element elementor-element-44f22f9 e-flex e-con-boxed e-con e-child\" data-id=\"44f22f9\" data-element_type=\"container\" data-e-type=\"container\">\n\t\t\t\t\t<div class=\"e-con-inner\">\n\t\t\t\t<div class=\"elementor-element elementor-element-0a7bd25 elementor-widget elementor-widget-heading\" data-id=\"0a7bd25\" data-element_type=\"widget\" data-e-type=\"widget\" data-widget_type=\"heading.default\">\n\t\t\t\t<div class=\"elementor-widget-container\">\n\t\t\t\t\t<h2 class=\"elementor-heading-title elementor-size-default\">Generov\u00e1n\u00ed obr\u00e1zk\u016f<\/h2>\t\t\t\t<\/div>\n\t\t\t\t<\/div>\n\t\t\t\t<div class=\"elementor-element elementor-element-50af403 elementor-widget elementor-widget-text-editor\" data-id=\"50af403\" data-element_type=\"widget\" data-e-type=\"widget\" data-widget_type=\"text-editor.default\">\n\t\t\t\t<div class=\"elementor-widget-container\">\n\t\t\t\t\t\t\t\t\t<p><span style=\"white-space-collapse: preserve;\">Gibon AI v\u00e1m vytvo\u0159\u00ed atraktivn\u00ed fotografie bez pot\u0159eby plati fotografa nebo vyu\u017e\u00edvat foto-banky. Sta\u010d\u00ed kliknout na magick\u00e9 tla\u010d\u00edtko Generovat pomoc\u00ed AI a za p\u00e1r sekund m\u00e1te obr\u00e1zek. Obr\u00e1zky maj\u00ed volnou licenci, tzn. m\u016f\u017eete je pou\u017e\u00edt bez strachu z placen\u00ed licen\u010dn\u00edch pr\u00e1v.<\/span><\/p><p><span style=\"white-space-collapse: preserve;\">Prompt m\u016f\u017eete nav\u00edc m\u016f\u017eete sami opravit a vylep\u0161it tak, aby vyhovoval stylu kter\u00fd preferujete.<\/span><\/p>\t\t\t\t\t\t\t\t<\/div>\n\t\t\t\t<\/div>\n\t\t\t\t\t<\/div>\n\t\t\t\t<\/div>\n\t\t\t\t<\/div>\n\t\t\t\t\t<\/div>\n\t\t\t\t<\/div>\n\t\t<div class=\"elementor-element elementor-element-09460b8 e-flex e-con-boxed e-con e-parent\" data-id=\"09460b8\" data-element_type=\"container\" data-e-type=\"container\">\n\t\t\t\t\t<div class=\"e-con-inner\">\n\t\t<div class=\"elementor-element elementor-element-9e2528c e-con-full e-flex e-con e-child\" data-id=\"9e2528c\" data-element_type=\"container\" data-e-type=\"container\">\n\t\t<div class=\"elementor-element elementor-element-79b961d e-flex e-con-boxed e-con e-child\" data-id=\"79b961d\" data-element_type=\"container\" data-e-type=\"container\">\n\t\t\t\t\t<div class=\"e-con-inner\">\n\t\t\t\t<div class=\"elementor-element elementor-element-8b9ff4d elementor-widget elementor-widget-heading\" data-id=\"8b9ff4d\" data-element_type=\"widget\" data-e-type=\"widget\" data-widget_type=\"heading.default\">\n\t\t\t\t<div class=\"elementor-widget-container\">\n\t\t\t\t\t<h2 class=\"elementor-heading-title elementor-size-default\">T\u00fddn\u011b p\u0159ehledn\u00fd email<\/h2>\t\t\t\t<\/div>\n\t\t\t\t<\/div>\n\t\t\t\t<div class=\"elementor-element elementor-element-aac6d8b elementor-widget elementor-widget-text-editor\" data-id=\"aac6d8b\" data-element_type=\"widget\" data-e-type=\"widget\" data-widget_type=\"text-editor.default\">\n\t\t\t\t<div class=\"elementor-widget-container\">\n\t\t\t\t\t\t\t\t\t<p><span style=\"white-space-collapse: preserve;\">Na\u0161i z\u00e1kazn\u00edci jsou ji\u017e zvykl\u00ed na zas\u00edl\u00e1n\u00ed p\u0159ehled\u016f prodeje emailem. Surov\u00e1 data ale neukazuj\u00ed cel\u00fd obr\u00e1zek. Proto Gibon AI provede automaticky anal\u00fdzu na konci t\u00fddne a po\u0161le V\u00e1m emailem p\u0159ehledn\u00e9 shrnut\u00ed. <\/span><\/p><p><span style=\"white-space-collapse: preserve;\">T\u0159eba objev\u00edte nov\u00e9 skryt\u00e9 mo\u017enosti, kter\u00e9 v tabulk\u00e1ch a grafech nejsou na prvn\u00ed pohled vid\u011bt.<\/span><\/p><p><span style=\"white-space-collapse: preserve;\">\u00a0<\/span><\/p><p><span style=\"white-space-collapse: preserve; font-size: 80%;\"><i>* Funkce zas\u00edl\u00e1n\u00ed emailem je postupn\u011b nastavov\u00e1na u vybran\u00fdch z\u00e1kazn\u00edk\u016f. Postupn\u011b pl\u00e1nujeme nasazen\u00ed v\u0161em s p\u0159\u00edstupem do Backoffice.<\/i><\/span><\/p>\t\t\t\t\t\t\t\t<\/div>\n\t\t\t\t<\/div>\n\t\t\t\t\t<\/div>\n\t\t\t\t<\/div>\n\t\t\t\t<\/div>\n\t\t\t\t<div class=\"elementor-element elementor-element-6dd4269 elementor-widget elementor-widget-image\" data-id=\"6dd4269\" data-element_type=\"widget\" data-e-type=\"widget\" data-widget_type=\"image.default\">\n\t\t\t\t<div class=\"elementor-widget-container\">\n\t\t\t\t\t\t\t\t\t\t\t\t\t\t\t<img decoding=\"async\" width=\"900\" height=\"599\" src=\"https:\/\/origin.kasafik.cz\/web\/wp-content\/uploads\/2024\/01\/gibon-ai-polozky-1024x681.png\" class=\"attachment-large size-large wp-image-14844\" alt=\"\" srcset=\"https:\/\/origin.kasafik.cz\/web\/wp-content\/uploads\/2024\/01\/gibon-ai-polozky-1024x681.png 1024w, https:\/\/origin.kasafik.cz\/web\/wp-content\/uploads\/2024\/01\/gibon-ai-polozky-600x399.png 600w, https:\/\/origin.kasafik.cz\/web\/wp-content\/uploads\/2024\/01\/gibon-ai-polozky-300x200.png 300w, https:\/\/origin.kasafik.cz\/web\/wp-content\/uploads\/2024\/01\/gibon-ai-polozky-768x511.png 768w, https:\/\/origin.kasafik.cz\/web\/wp-content\/uploads\/2024\/01\/gibon-ai-polozky.png 1036w\" sizes=\"(max-width: 900px) 100vw, 900px\" \/>\t\t\t\t\t\t\t\t\t\t\t\t\t\t\t<\/div>\n\t\t\t\t<\/div>\n\t\t\t\t\t<\/div>\n\t\t\t\t<\/div>\n\t\t\t\t<\/div>\n\t\t","protected":false},"excerpt":{"rendered":"<p>P\u0159edstavujeme V\u00e1m AI budoucnost od KASA FIK Inteligentn\u00ed Cvi\u010den\u00fd Gibon AI V\u00edtejte v \u00e9\u0159e inovac\u00ed a v\u00fdkonnosti s Cvi\u010den\u00fdm Gibonem!\u00a0\u2013 revolu\u010dn\u00edho n\u00e1stroje um\u011bl\u00e9 inteligence, kter\u00fd poskytuje pohled do budoucnosti v oblasti pokladny, \u00fa\u010detnictv\u00ed a dan\u00ed. Tento \u0161ikovn\u00fd gibon byl trp\u011bliv\u011b tr\u00e9nov\u00e1n na obchodn\u00edch datech, aby v\u00e1m usnadnil pr\u00e1ci a odhalil skryt\u00e9 p\u0159\u00edle\u017eitosti ve va\u0161em podnik\u00e1n\u00ed. [&hellip;]<\/p>\n","protected":false},"author":1,"featured_media":0,"parent":0,"menu_order":0,"comment_status":"closed","ping_status":"closed","template":"page-templates\/full-width-notop-margin.php","meta":{"footnotes":""},"class_list":["post-14847","page","type-page","status-publish","hentry"],"yoast_head":"<!-- This site is optimized with the Yoast SEO plugin v27.4 - https:\/\/yoast.com\/product\/yoast-seo-wordpress\/ -->\n<title>Gibon AI - KASA FIK<\/title>\n<meta name=\"robots\" content=\"index, follow, max-snippet:-1, max-image-preview:large, max-video-preview:-1\" \/>\n<link rel=\"canonical\" href=\"https:\/\/www.kasafik.cz\/web\/cs\/gibon-ai\/\" \/>\n<meta property=\"og:locale\" content=\"cs_CZ\" \/>\n<meta property=\"og:type\" content=\"article\" \/>\n<meta property=\"og:title\" content=\"Gibon AI - KASA FIK\" \/>\n<meta property=\"og:description\" content=\"P\u0159edstavujeme V\u00e1m AI budoucnost od KASA FIK Inteligentn\u00ed Cvi\u010den\u00fd Gibon AI V\u00edtejte v \u00e9\u0159e inovac\u00ed a v\u00fdkonnosti s Cvi\u010den\u00fdm Gibonem!\u00a0\u2013 revolu\u010dn\u00edho n\u00e1stroje um\u011bl\u00e9 inteligence, kter\u00fd poskytuje pohled do budoucnosti v oblasti pokladny, \u00fa\u010detnictv\u00ed a dan\u00ed. Tento \u0161ikovn\u00fd gibon byl trp\u011bliv\u011b tr\u00e9nov\u00e1n na obchodn\u00edch datech, aby v\u00e1m usnadnil pr\u00e1ci a odhalil skryt\u00e9 p\u0159\u00edle\u017eitosti ve va\u0161em podnik\u00e1n\u00ed. [&hellip;]\" \/>\n<meta property=\"og:url\" content=\"https:\/\/www.kasafik.cz\/web\/cs\/gibon-ai\/\" \/>\n<meta property=\"og:site_name\" content=\"KASA FIK\" \/>\n<meta property=\"article:modified_time\" content=\"2024-01-25T09:38:00+00:00\" \/>\n<meta name=\"twitter:card\" content=\"summary_large_image\" \/>\n<meta name=\"twitter:label1\" content=\"Odhadovan\u00e1 doba \u010dten\u00ed\" \/>\n\t<meta name=\"twitter:data1\" content=\"3 minuty\" \/>\n<script type=\"application\/ld+json\" class=\"yoast-schema-graph\">{\"@context\":\"https:\\\/\\\/schema.org\",\"@graph\":[{\"@type\":\"WebPage\",\"@id\":\"https:\\\/\\\/www.kasafik.cz\\\/web\\\/cs\\\/gibon-ai\\\/\",\"url\":\"https:\\\/\\\/www.kasafik.cz\\\/web\\\/cs\\\/gibon-ai\\\/\",\"name\":\"Gibon AI - KASA FIK\",\"isPartOf\":{\"@id\":\"https:\\\/\\\/www.kasafik.cz\\\/web\\\/#website\"},\"datePublished\":\"2024-01-13T13:16:56+00:00\",\"dateModified\":\"2024-01-25T09:38:00+00:00\",\"breadcrumb\":{\"@id\":\"https:\\\/\\\/www.kasafik.cz\\\/web\\\/cs\\\/gibon-ai\\\/#breadcrumb\"},\"inLanguage\":\"cs\",\"potentialAction\":[{\"@type\":\"ReadAction\",\"target\":[\"https:\\\/\\\/www.kasafik.cz\\\/web\\\/cs\\\/gibon-ai\\\/\"]}]},{\"@type\":\"BreadcrumbList\",\"@id\":\"https:\\\/\\\/www.kasafik.cz\\\/web\\\/cs\\\/gibon-ai\\\/#breadcrumb\",\"itemListElement\":[{\"@type\":\"ListItem\",\"position\":1,\"name\":\"Home\",\"item\":\"https:\\\/\\\/origin.kasafik.cz\\\/web\\\/cs\\\/\"},{\"@type\":\"ListItem\",\"position\":2,\"name\":\"Gibon AI\"}]},{\"@type\":\"WebSite\",\"@id\":\"https:\\\/\\\/www.kasafik.cz\\\/web\\\/#website\",\"url\":\"https:\\\/\\\/www.kasafik.cz\\\/web\\\/\",\"name\":\"KASA FIK\",\"description\":\"\",\"potentialAction\":[{\"@type\":\"SearchAction\",\"target\":{\"@type\":\"EntryPoint\",\"urlTemplate\":\"https:\\\/\\\/www.kasafik.cz\\\/web\\\/?s={search_term_string}\"},\"query-input\":{\"@type\":\"PropertyValueSpecification\",\"valueRequired\":true,\"valueName\":\"search_term_string\"}}],\"inLanguage\":\"cs\"}]}<\/script>\n<!-- \/ Yoast SEO plugin. -->","yoast_head_json":{"title":"Gibon AI - KASA FIK","robots":{"index":"index","follow":"follow","max-snippet":"max-snippet:-1","max-image-preview":"max-image-preview:large","max-video-preview":"max-video-preview:-1"},"canonical":"https:\/\/www.kasafik.cz\/web\/cs\/gibon-ai\/","og_locale":"cs_CZ","og_type":"article","og_title":"Gibon AI - KASA FIK","og_description":"P\u0159edstavujeme V\u00e1m AI budoucnost od KASA FIK Inteligentn\u00ed Cvi\u010den\u00fd Gibon AI V\u00edtejte v \u00e9\u0159e inovac\u00ed a v\u00fdkonnosti s Cvi\u010den\u00fdm Gibonem!\u00a0\u2013 revolu\u010dn\u00edho n\u00e1stroje um\u011bl\u00e9 inteligence, kter\u00fd poskytuje pohled do budoucnosti v oblasti pokladny, \u00fa\u010detnictv\u00ed a dan\u00ed. Tento \u0161ikovn\u00fd gibon byl trp\u011bliv\u011b tr\u00e9nov\u00e1n na obchodn\u00edch datech, aby v\u00e1m usnadnil pr\u00e1ci a odhalil skryt\u00e9 p\u0159\u00edle\u017eitosti ve va\u0161em podnik\u00e1n\u00ed. [&hellip;]","og_url":"https:\/\/www.kasafik.cz\/web\/cs\/gibon-ai\/","og_site_name":"KASA FIK","article_modified_time":"2024-01-25T09:38:00+00:00","twitter_card":"summary_large_image","twitter_misc":{"Odhadovan\u00e1 doba \u010dten\u00ed":"3 minuty"},"schema":{"@context":"https:\/\/schema.org","@graph":[{"@type":"WebPage","@id":"https:\/\/www.kasafik.cz\/web\/cs\/gibon-ai\/","url":"https:\/\/www.kasafik.cz\/web\/cs\/gibon-ai\/","name":"Gibon AI - KASA FIK","isPartOf":{"@id":"https:\/\/www.kasafik.cz\/web\/#website"},"datePublished":"2024-01-13T13:16:56+00:00","dateModified":"2024-01-25T09:38:00+00:00","breadcrumb":{"@id":"https:\/\/www.kasafik.cz\/web\/cs\/gibon-ai\/#breadcrumb"},"inLanguage":"cs","potentialAction":[{"@type":"ReadAction","target":["https:\/\/www.kasafik.cz\/web\/cs\/gibon-ai\/"]}]},{"@type":"BreadcrumbList","@id":"https:\/\/www.kasafik.cz\/web\/cs\/gibon-ai\/#breadcrumb","itemListElement":[{"@type":"ListItem","position":1,"name":"Home","item":"https:\/\/origin.kasafik.cz\/web\/cs\/"},{"@type":"ListItem","position":2,"name":"Gibon AI"}]},{"@type":"WebSite","@id":"https:\/\/www.kasafik.cz\/web\/#website","url":"https:\/\/www.kasafik.cz\/web\/","name":"KASA FIK","description":"","potentialAction":[{"@type":"SearchAction","target":{"@type":"EntryPoint","urlTemplate":"https:\/\/www.kasafik.cz\/web\/?s={search_term_string}"},"query-input":{"@type":"PropertyValueSpecification","valueRequired":true,"valueName":"search_term_string"}}],"inLanguage":"cs"}]}},"jetpack_sharing_enabled":true,"_links":{"self":[{"href":"https:\/\/www.kasafik.cz\/web\/wp-json\/wp\/v2\/pages\/14847","targetHints":{"allow":["GET"]}}],"collection":[{"href":"https:\/\/www.kasafik.cz\/web\/wp-json\/wp\/v2\/pages"}],"about":[{"href":"https:\/\/www.kasafik.cz\/web\/wp-json\/wp\/v2\/types\/page"}],"author":[{"embeddable":true,"href":"https:\/\/www.kasafik.cz\/web\/wp-json\/wp\/v2\/users\/1"}],"replies":[{"embeddable":true,"href":"https:\/\/www.kasafik.cz\/web\/wp-json\/wp\/v2\/comments?post=14847"}],"version-history":[{"count":15,"href":"https:\/\/www.kasafik.cz\/web\/wp-json\/wp\/v2\/pages\/14847\/revisions"}],"predecessor-version":[{"id":15594,"href":"https:\/\/www.kasafik.cz\/web\/wp-json\/wp\/v2\/pages\/14847\/revisions\/15594"}],"wp:attachment":[{"href":"https:\/\/www.kasafik.cz\/web\/wp-json\/wp\/v2\/media?parent=14847"}],"curies":[{"name":"wp","href":"https:\/\/api.w.org\/{rel}","templated":true}]}}