{"id":1393,"date":"2016-07-22T09:45:38","date_gmt":"2016-07-22T09:45:38","guid":{"rendered":"https:\/\/www.kasafik.cz\/web\/?page_id=1393"},"modified":"2025-09-14T09:38:12","modified_gmt":"2025-09-14T09:38:12","slug":"homepage-cs-blue-area-top","status":"publish","type":"page","link":"https:\/\/www.kasafik.cz\/web\/cs\/homepage-cs\/homepage-cs-blue-area-top\/","title":{"rendered":"homepage &#8211; cs &#8211; Horni oranzove"},"content":{"rendered":"<section id=\"btfe\" class=\"container-fluid hp two text-white orange-bg bg-hidden-xs\" style=\"background-size: contain; background-repeat: no-repeat; background-position: right center; background-image: url(\/web\/wp-content\/uploads\/2023\/10\/KF-home2023.jpg); background-color: #e94c07; padding-top: 100px; border: 0;\">\n<div class=\"container\">\n<div class=\"row\">\n<div class=\"col-md-7\">\n<h1 style=\"font-family: Nunito; font-weight: 800\" class=\"orange\">Nejmodern\u011bj\u0161\u00ed pokladn\u00ed a <a href=\"\/web\/cs\/samoobsluzne-objednaci-systemy-kiosky\/\">kioskov\u00fd syst\u00e9m<\/a> pro v\u00e1\u0161 \u00fasp\u011bch<\/h1>\n<h3>V\u00e1\u0161 spolehliv\u00fd partner pro efektivn\u011bj\u0161\u00ed a ziskov\u011bj\u0161\u00ed podnik\u00e1n\u00ed<\/h3>\n<div class=\"row\" style=\"margin-top: 40px;\">\n<div class =\"col-md-12\">\n<ul class=\"list-unstyled materialcheck\">\n<li><i class=\"material-icons\">chevron_right<\/i> <span>Pokladn\u00ed syst\u00e9m s online vzd\u00e1lenou spr\u00e1vou<\/span><\/li>\n<li><i class=\"material-icons\">chevron_right<\/i> <span>Propojen\u00fd samoobslu\u017en\u00fd objedn\u00e1vkov\u00fd <a href=\"\/web\/cs\/samoobsluzne-objednaci-systemy-kiosky\/\">kiosk<\/a> a vyvol\u00e1vac\u00ed syst\u00e9m<\/span><\/li>\n<li><i class=\"material-icons\">chevron_right<\/i> <span>Kompletn\u00ed za\u0161kolen\u00ed a garance spokojenosti<\/span><\/li>\n<li><i class=\"material-icons\">chevron_right<\/i> <span>Prodlou\u017een\u00e1 z\u00e1ruka 2 roky + 14 denn\u00ed garance vr\u00e1cen\u00ed pen\u011bz<\/span><\/li>\n<li><i class=\"material-icons\">chevron_right<\/i> <span><a href=\"\/web\/cs\/platebni-terminal\/\">V\u00fdhodn\u00e9 platebn\u00ed termin\u00e1ly<\/a> &#8211; Z\u00edskejte lep\u0161\u00ed podm\u00ednky ne\u017e u banky.<\/span><\/li>\n<li><i class=\"material-icons\">chevron_right<\/i> <span><a href=\"\/web\/cs\/gibon-ai\">AI asistent<\/a> um\u011bl\u00e1 inteligence<\/span><\/li>\n<\/ul><\/div>\n<\/p><\/div>\n<\/p><\/div>\n<\/p><\/div>\n<\/p><\/div>\n<\/section>\n","protected":false},"excerpt":{"rendered":"<p>Nejmodern\u011bj\u0161\u00ed pokladn\u00ed a kioskov\u00fd syst\u00e9m pro v\u00e1\u0161 \u00fasp\u011bch V\u00e1\u0161 spolehliv\u00fd partner pro efektivn\u011bj\u0161\u00ed a ziskov\u011bj\u0161\u00ed podnik\u00e1n\u00ed chevron_right Pokladn\u00ed syst\u00e9m s online vzd\u00e1lenou spr\u00e1vou chevron_right Propojen\u00fd samoobslu\u017en\u00fd objedn\u00e1vkov\u00fd kiosk a vyvol\u00e1vac\u00ed syst\u00e9m chevron_right Kompletn\u00ed za\u0161kolen\u00ed a garance spokojenosti chevron_right Prodlou\u017een\u00e1 z\u00e1ruka 2 roky + 14 denn\u00ed garance vr\u00e1cen\u00ed pen\u011bz chevron_right V\u00fdhodn\u00e9 platebn\u00ed termin\u00e1ly &#8211; Z\u00edskejte lep\u0161\u00ed [&hellip;]<\/p>\n","protected":false},"author":1,"featured_media":0,"parent":18,"menu_order":4,"comment_status":"closed","ping_status":"closed","template":"page-templates\/full-width-notop-margin.php","meta":{"footnotes":""},"class_list":["post-1393","page","type-page","status-publish","hentry"],"yoast_head":"<!-- This site is optimized with the Yoast SEO plugin v27.4 - https:\/\/yoast.com\/product\/yoast-seo-wordpress\/ -->\n<title>homepage - cs - Horni oranzove - KASA FIK<\/title>\n<meta name=\"robots\" content=\"index, follow, max-snippet:-1, max-image-preview:large, max-video-preview:-1\" \/>\n<link rel=\"canonical\" href=\"https:\/\/www.kasafik.cz\/web\/cs\/homepage-cs\/homepage-cs-blue-area-top\/\" \/>\n<meta property=\"og:locale\" content=\"cs_CZ\" \/>\n<meta property=\"og:type\" content=\"article\" \/>\n<meta property=\"og:title\" content=\"homepage - cs - Horni oranzove - KASA FIK\" \/>\n<meta property=\"og:description\" content=\"Nejmodern\u011bj\u0161\u00ed pokladn\u00ed a kioskov\u00fd syst\u00e9m pro v\u00e1\u0161 \u00fasp\u011bch V\u00e1\u0161 spolehliv\u00fd partner pro efektivn\u011bj\u0161\u00ed a ziskov\u011bj\u0161\u00ed podnik\u00e1n\u00ed chevron_right Pokladn\u00ed syst\u00e9m s online vzd\u00e1lenou spr\u00e1vou chevron_right Propojen\u00fd samoobslu\u017en\u00fd objedn\u00e1vkov\u00fd kiosk a vyvol\u00e1vac\u00ed syst\u00e9m chevron_right Kompletn\u00ed za\u0161kolen\u00ed a garance spokojenosti chevron_right Prodlou\u017een\u00e1 z\u00e1ruka 2 roky + 14 denn\u00ed garance vr\u00e1cen\u00ed pen\u011bz chevron_right V\u00fdhodn\u00e9 platebn\u00ed termin\u00e1ly &#8211; Z\u00edskejte lep\u0161\u00ed [&hellip;]\" \/>\n<meta property=\"og:url\" content=\"https:\/\/www.kasafik.cz\/web\/cs\/homepage-cs\/homepage-cs-blue-area-top\/\" \/>\n<meta property=\"og:site_name\" content=\"KASA FIK\" \/>\n<meta property=\"article:modified_time\" content=\"2025-09-14T09:38:12+00:00\" \/>\n<meta name=\"twitter:card\" content=\"summary_large_image\" \/>\n<meta name=\"twitter:label1\" content=\"Odhadovan\u00e1 doba \u010dten\u00ed\" \/>\n\t<meta name=\"twitter:data1\" content=\"1 minuta\" \/>\n<script type=\"application\/ld+json\" class=\"yoast-schema-graph\">{\"@context\":\"https:\\\/\\\/schema.org\",\"@graph\":[{\"@type\":\"WebPage\",\"@id\":\"https:\\\/\\\/www.kasafik.cz\\\/web\\\/cs\\\/homepage-cs\\\/homepage-cs-blue-area-top\\\/\",\"url\":\"https:\\\/\\\/www.kasafik.cz\\\/web\\\/cs\\\/homepage-cs\\\/homepage-cs-blue-area-top\\\/\",\"name\":\"homepage - cs - Horni oranzove - KASA FIK\",\"isPartOf\":{\"@id\":\"https:\\\/\\\/www.kasafik.cz\\\/web\\\/#website\"},\"datePublished\":\"2016-07-22T09:45:38+00:00\",\"dateModified\":\"2025-09-14T09:38:12+00:00\",\"breadcrumb\":{\"@id\":\"https:\\\/\\\/www.kasafik.cz\\\/web\\\/cs\\\/homepage-cs\\\/homepage-cs-blue-area-top\\\/#breadcrumb\"},\"inLanguage\":\"cs\",\"potentialAction\":[{\"@type\":\"ReadAction\",\"target\":[\"https:\\\/\\\/www.kasafik.cz\\\/web\\\/cs\\\/homepage-cs\\\/homepage-cs-blue-area-top\\\/\"]}]},{\"@type\":\"BreadcrumbList\",\"@id\":\"https:\\\/\\\/www.kasafik.cz\\\/web\\\/cs\\\/homepage-cs\\\/homepage-cs-blue-area-top\\\/#breadcrumb\",\"itemListElement\":[{\"@type\":\"ListItem\",\"position\":1,\"name\":\"Home\",\"item\":\"https:\\\/\\\/origin.kasafik.cz\\\/web\\\/cs\\\/\"},{\"@type\":\"ListItem\",\"position\":2,\"name\":\"Pokladn\u00ed syst\u00e9m a samoobslu\u017en\u00e9 platebn\u00ed kiosky\",\"item\":\"https:\\\/\\\/origin.kasafik.cz\\\/web\\\/cs\\\/\"},{\"@type\":\"ListItem\",\"position\":3,\"name\":\"homepage &#8211; cs &#8211; Horni oranzove\"}]},{\"@type\":\"WebSite\",\"@id\":\"https:\\\/\\\/www.kasafik.cz\\\/web\\\/#website\",\"url\":\"https:\\\/\\\/www.kasafik.cz\\\/web\\\/\",\"name\":\"KASA FIK\",\"description\":\"\",\"potentialAction\":[{\"@type\":\"SearchAction\",\"target\":{\"@type\":\"EntryPoint\",\"urlTemplate\":\"https:\\\/\\\/www.kasafik.cz\\\/web\\\/?s={search_term_string}\"},\"query-input\":{\"@type\":\"PropertyValueSpecification\",\"valueRequired\":true,\"valueName\":\"search_term_string\"}}],\"inLanguage\":\"cs\"}]}<\/script>\n<!-- \/ Yoast SEO plugin. -->","yoast_head_json":{"title":"homepage - cs - Horni oranzove - KASA FIK","robots":{"index":"index","follow":"follow","max-snippet":"max-snippet:-1","max-image-preview":"max-image-preview:large","max-video-preview":"max-video-preview:-1"},"canonical":"https:\/\/www.kasafik.cz\/web\/cs\/homepage-cs\/homepage-cs-blue-area-top\/","og_locale":"cs_CZ","og_type":"article","og_title":"homepage - cs - Horni oranzove - KASA FIK","og_description":"Nejmodern\u011bj\u0161\u00ed pokladn\u00ed a kioskov\u00fd syst\u00e9m pro v\u00e1\u0161 \u00fasp\u011bch V\u00e1\u0161 spolehliv\u00fd partner pro efektivn\u011bj\u0161\u00ed a ziskov\u011bj\u0161\u00ed podnik\u00e1n\u00ed chevron_right Pokladn\u00ed syst\u00e9m s online vzd\u00e1lenou spr\u00e1vou chevron_right Propojen\u00fd samoobslu\u017en\u00fd objedn\u00e1vkov\u00fd kiosk a vyvol\u00e1vac\u00ed syst\u00e9m chevron_right Kompletn\u00ed za\u0161kolen\u00ed a garance spokojenosti chevron_right Prodlou\u017een\u00e1 z\u00e1ruka 2 roky + 14 denn\u00ed garance vr\u00e1cen\u00ed pen\u011bz chevron_right V\u00fdhodn\u00e9 platebn\u00ed termin\u00e1ly &#8211; Z\u00edskejte lep\u0161\u00ed [&hellip;]","og_url":"https:\/\/www.kasafik.cz\/web\/cs\/homepage-cs\/homepage-cs-blue-area-top\/","og_site_name":"KASA FIK","article_modified_time":"2025-09-14T09:38:12+00:00","twitter_card":"summary_large_image","twitter_misc":{"Odhadovan\u00e1 doba \u010dten\u00ed":"1 minuta"},"schema":{"@context":"https:\/\/schema.org","@graph":[{"@type":"WebPage","@id":"https:\/\/www.kasafik.cz\/web\/cs\/homepage-cs\/homepage-cs-blue-area-top\/","url":"https:\/\/www.kasafik.cz\/web\/cs\/homepage-cs\/homepage-cs-blue-area-top\/","name":"homepage - cs - Horni oranzove - KASA FIK","isPartOf":{"@id":"https:\/\/www.kasafik.cz\/web\/#website"},"datePublished":"2016-07-22T09:45:38+00:00","dateModified":"2025-09-14T09:38:12+00:00","breadcrumb":{"@id":"https:\/\/www.kasafik.cz\/web\/cs\/homepage-cs\/homepage-cs-blue-area-top\/#breadcrumb"},"inLanguage":"cs","potentialAction":[{"@type":"ReadAction","target":["https:\/\/www.kasafik.cz\/web\/cs\/homepage-cs\/homepage-cs-blue-area-top\/"]}]},{"@type":"BreadcrumbList","@id":"https:\/\/www.kasafik.cz\/web\/cs\/homepage-cs\/homepage-cs-blue-area-top\/#breadcrumb","itemListElement":[{"@type":"ListItem","position":1,"name":"Home","item":"https:\/\/origin.kasafik.cz\/web\/cs\/"},{"@type":"ListItem","position":2,"name":"Pokladn\u00ed syst\u00e9m a samoobslu\u017en\u00e9 platebn\u00ed kiosky","item":"https:\/\/origin.kasafik.cz\/web\/cs\/"},{"@type":"ListItem","position":3,"name":"homepage &#8211; cs &#8211; Horni oranzove"}]},{"@type":"WebSite","@id":"https:\/\/www.kasafik.cz\/web\/#website","url":"https:\/\/www.kasafik.cz\/web\/","name":"KASA FIK","description":"","potentialAction":[{"@type":"SearchAction","target":{"@type":"EntryPoint","urlTemplate":"https:\/\/www.kasafik.cz\/web\/?s={search_term_string}"},"query-input":{"@type":"PropertyValueSpecification","valueRequired":true,"valueName":"search_term_string"}}],"inLanguage":"cs"}]}},"jetpack_sharing_enabled":true,"_links":{"self":[{"href":"https:\/\/www.kasafik.cz\/web\/wp-json\/wp\/v2\/pages\/1393","targetHints":{"allow":["GET"]}}],"collection":[{"href":"https:\/\/www.kasafik.cz\/web\/wp-json\/wp\/v2\/pages"}],"about":[{"href":"https:\/\/www.kasafik.cz\/web\/wp-json\/wp\/v2\/types\/page"}],"author":[{"embeddable":true,"href":"https:\/\/www.kasafik.cz\/web\/wp-json\/wp\/v2\/users\/1"}],"replies":[{"embeddable":true,"href":"https:\/\/www.kasafik.cz\/web\/wp-json\/wp\/v2\/comments?post=1393"}],"version-history":[{"count":17,"href":"https:\/\/www.kasafik.cz\/web\/wp-json\/wp\/v2\/pages\/1393\/revisions"}],"predecessor-version":[{"id":18532,"href":"https:\/\/www.kasafik.cz\/web\/wp-json\/wp\/v2\/pages\/1393\/revisions\/18532"}],"up":[{"embeddable":true,"href":"https:\/\/www.kasafik.cz\/web\/wp-json\/wp\/v2\/pages\/18"}],"wp:attachment":[{"href":"https:\/\/www.kasafik.cz\/web\/wp-json\/wp\/v2\/media?parent=1393"}],"curies":[{"name":"wp","href":"https:\/\/api.w.org\/{rel}","templated":true}]}}