{"id":1308,"date":"2016-06-26T12:09:01","date_gmt":"2016-06-26T12:09:01","guid":{"rendered":"https:\/\/www.kasafik.cz\/web\/?page_id=1308"},"modified":"2018-12-04T17:09:36","modified_gmt":"2018-12-04T17:09:36","slug":"pokladni-system-funkce-3","status":"publish","type":"page","link":"https:\/\/www.kasafik.cz\/web\/cs\/pokladni-system-plus\/pokladni-system-funkce-3\/","title":{"rendered":"Pokladni System &#8211; funkce 3 (online prehled)"},"content":{"rendered":"<div class=\"container-fluid boffice\">\n<style>\n      .boffice h3{\n      margin-top: 1em;\n      }\n      .boffice h3 i{\n      font-size: 32px;\n      color: #00B259;\n      padding-right: 8px;\n      padding-top: 2px;\n      vertical-align: text-bottom;\n      }\n   <\/style>\n<div class=\"row\">\n<div class=\"col-md-7\">\n<div style=\"background-image: url('\/web\/wp-content\/uploads\/2016\/06\/kasa-fik-online-prehled-630.jpg'); height: 630px; position: relative; left: -20px; background-size: 162% auto; background-repeat: no-repeat\"><\/div>\n<\/p><\/div>\n<div class=\"col-md-4\">\n<h1 class=\"thin text-center\" style=\"padding-top: 2em;\">Vzd\u00e1len\u00e1 spr\u00e1va online<\/h1>\n<h3 class=\"thin\"><i class=\"material-icons\">location_city<\/i>P\u0159ehled nad v\u0161emi pobo\u010dkami<\/h3>\n<p>A\u0165 ji\u017e provozujete jednu pokladnu nebo n\u00e1rodn\u00ed distribu\u010dn\u00ed s\u00ed\u0165, online vzd\u00e1len\u00e1 spr\u00e1va V\u00e1m poskyktuje okam\u017eit\u00fd p\u0159ehled co se d\u011bje na pobo\u010dk\u00e1ch. Sledujte tr\u017eby, prodejnost polo\u017eek i toky hotovosti online.<\/p>\n<h3 class=\"thin\"><i class=\"material-icons\">desktop_windows<\/i>Spr\u00e1va polo\u017eek a nastaven\u00ed pokladen<\/h3>\n<p>Z pohodl\u00ed kancel\u00e1\u0159e jednodu\u0161e spravujte v\u0161echny svoje pokladny. Vzd\u00e1len\u011b tak m\u016f\u017eete spravovat polo\u017eky, m\u011bnit ceny, DPH i p\u0159i\u0159adit obr\u00e1zky.<\/p>\n<h3 class=\"thin\"><i class=\"material-icons\">settings<\/i>Pro experty<\/h3>\n<p>Online m\u016f\u017eete exportovat data do \u00fa\u010detnictv\u00ed, hromadn\u011b m\u011bnit ceny a nastaven\u00ed, nebo importovat polo\u017eky z CSV\/Excelu.<\/p>\n<\/p><\/div>\n<\/p><\/div>\n<\/div>\n","protected":false},"excerpt":{"rendered":"<p>Vzd\u00e1len\u00e1 spr\u00e1va online location_cityP\u0159ehled nad v\u0161emi pobo\u010dkami A\u0165 ji\u017e provozujete jednu pokladnu nebo n\u00e1rodn\u00ed distribu\u010dn\u00ed s\u00ed\u0165, online vzd\u00e1len\u00e1 spr\u00e1va V\u00e1m poskyktuje okam\u017eit\u00fd p\u0159ehled co se d\u011bje na pobo\u010dk\u00e1ch. Sledujte tr\u017eby, prodejnost polo\u017eek i toky hotovosti online. desktop_windowsSpr\u00e1va polo\u017eek a nastaven\u00ed pokladen Z pohodl\u00ed kancel\u00e1\u0159e jednodu\u0161e spravujte v\u0161echny svoje pokladny. Vzd\u00e1len\u011b tak m\u016f\u017eete spravovat polo\u017eky, m\u011bnit [&hellip;]<\/p>\n","protected":false},"author":1,"featured_media":0,"parent":4401,"menu_order":2,"comment_status":"closed","ping_status":"closed","template":"page-templates\/full-width.php","meta":{"footnotes":""},"class_list":["post-1308","page","type-page","status-publish","hentry"],"yoast_head":"<!-- This site is optimized with the Yoast SEO plugin v27.4 - https:\/\/yoast.com\/product\/yoast-seo-wordpress\/ -->\n<title>Pokladni System - funkce 3 (online prehled) - KASA FIK<\/title>\n<meta name=\"robots\" content=\"index, follow, max-snippet:-1, max-image-preview:large, max-video-preview:-1\" \/>\n<link rel=\"canonical\" href=\"https:\/\/www.kasafik.cz\/web\/cs\/pokladni-system-plus\/pokladni-system-funkce-3\/\" \/>\n<meta property=\"og:locale\" content=\"cs_CZ\" \/>\n<meta property=\"og:type\" content=\"article\" \/>\n<meta property=\"og:title\" content=\"Pokladni System - funkce 3 (online prehled) - KASA FIK\" \/>\n<meta property=\"og:description\" content=\"Vzd\u00e1len\u00e1 spr\u00e1va online location_cityP\u0159ehled nad v\u0161emi pobo\u010dkami A\u0165 ji\u017e provozujete jednu pokladnu nebo n\u00e1rodn\u00ed distribu\u010dn\u00ed s\u00ed\u0165, online vzd\u00e1len\u00e1 spr\u00e1va V\u00e1m poskyktuje okam\u017eit\u00fd p\u0159ehled co se d\u011bje na pobo\u010dk\u00e1ch. Sledujte tr\u017eby, prodejnost polo\u017eek i toky hotovosti online. desktop_windowsSpr\u00e1va polo\u017eek a nastaven\u00ed pokladen Z pohodl\u00ed kancel\u00e1\u0159e jednodu\u0161e spravujte v\u0161echny svoje pokladny. Vzd\u00e1len\u011b tak m\u016f\u017eete spravovat polo\u017eky, m\u011bnit [&hellip;]\" \/>\n<meta property=\"og:url\" content=\"https:\/\/www.kasafik.cz\/web\/cs\/pokladni-system-plus\/pokladni-system-funkce-3\/\" \/>\n<meta property=\"og:site_name\" content=\"KASA FIK\" \/>\n<meta property=\"article:modified_time\" content=\"2018-12-04T17:09:36+00:00\" \/>\n<meta name=\"twitter:card\" content=\"summary_large_image\" \/>\n<meta name=\"twitter:label1\" content=\"Odhadovan\u00e1 doba \u010dten\u00ed\" \/>\n\t<meta name=\"twitter:data1\" content=\"1 minuta\" \/>\n<script type=\"application\/ld+json\" class=\"yoast-schema-graph\">{\"@context\":\"https:\\\/\\\/schema.org\",\"@graph\":[{\"@type\":\"WebPage\",\"@id\":\"https:\\\/\\\/www.kasafik.cz\\\/web\\\/cs\\\/pokladni-system-plus\\\/pokladni-system-funkce-3\\\/\",\"url\":\"https:\\\/\\\/www.kasafik.cz\\\/web\\\/cs\\\/pokladni-system-plus\\\/pokladni-system-funkce-3\\\/\",\"name\":\"Pokladni System - funkce 3 (online prehled) - KASA FIK\",\"isPartOf\":{\"@id\":\"https:\\\/\\\/www.kasafik.cz\\\/web\\\/#website\"},\"datePublished\":\"2016-06-26T12:09:01+00:00\",\"dateModified\":\"2018-12-04T17:09:36+00:00\",\"breadcrumb\":{\"@id\":\"https:\\\/\\\/www.kasafik.cz\\\/web\\\/cs\\\/pokladni-system-plus\\\/pokladni-system-funkce-3\\\/#breadcrumb\"},\"inLanguage\":\"cs\",\"potentialAction\":[{\"@type\":\"ReadAction\",\"target\":[\"https:\\\/\\\/www.kasafik.cz\\\/web\\\/cs\\\/pokladni-system-plus\\\/pokladni-system-funkce-3\\\/\"]}]},{\"@type\":\"BreadcrumbList\",\"@id\":\"https:\\\/\\\/www.kasafik.cz\\\/web\\\/cs\\\/pokladni-system-plus\\\/pokladni-system-funkce-3\\\/#breadcrumb\",\"itemListElement\":[{\"@type\":\"ListItem\",\"position\":1,\"name\":\"Home\",\"item\":\"https:\\\/\\\/origin.kasafik.cz\\\/web\\\/cs\\\/\"},{\"@type\":\"ListItem\",\"position\":2,\"name\":\"Pokladn\u00ed syst\u00e9m PLUS\",\"item\":\"https:\\\/\\\/www.kasafik.cz\\\/web\\\/cs\\\/pokladni-system-plus\\\/\"},{\"@type\":\"ListItem\",\"position\":3,\"name\":\"Pokladni System &#8211; funkce 3 (online prehled)\"}]},{\"@type\":\"WebSite\",\"@id\":\"https:\\\/\\\/www.kasafik.cz\\\/web\\\/#website\",\"url\":\"https:\\\/\\\/www.kasafik.cz\\\/web\\\/\",\"name\":\"KASA FIK\",\"description\":\"\",\"potentialAction\":[{\"@type\":\"SearchAction\",\"target\":{\"@type\":\"EntryPoint\",\"urlTemplate\":\"https:\\\/\\\/www.kasafik.cz\\\/web\\\/?s={search_term_string}\"},\"query-input\":{\"@type\":\"PropertyValueSpecification\",\"valueRequired\":true,\"valueName\":\"search_term_string\"}}],\"inLanguage\":\"cs\"}]}<\/script>\n<!-- \/ Yoast SEO plugin. -->","yoast_head_json":{"title":"Pokladni System - funkce 3 (online prehled) - KASA FIK","robots":{"index":"index","follow":"follow","max-snippet":"max-snippet:-1","max-image-preview":"max-image-preview:large","max-video-preview":"max-video-preview:-1"},"canonical":"https:\/\/www.kasafik.cz\/web\/cs\/pokladni-system-plus\/pokladni-system-funkce-3\/","og_locale":"cs_CZ","og_type":"article","og_title":"Pokladni System - funkce 3 (online prehled) - KASA FIK","og_description":"Vzd\u00e1len\u00e1 spr\u00e1va online location_cityP\u0159ehled nad v\u0161emi pobo\u010dkami A\u0165 ji\u017e provozujete jednu pokladnu nebo n\u00e1rodn\u00ed distribu\u010dn\u00ed s\u00ed\u0165, online vzd\u00e1len\u00e1 spr\u00e1va V\u00e1m poskyktuje okam\u017eit\u00fd p\u0159ehled co se d\u011bje na pobo\u010dk\u00e1ch. Sledujte tr\u017eby, prodejnost polo\u017eek i toky hotovosti online. desktop_windowsSpr\u00e1va polo\u017eek a nastaven\u00ed pokladen Z pohodl\u00ed kancel\u00e1\u0159e jednodu\u0161e spravujte v\u0161echny svoje pokladny. Vzd\u00e1len\u011b tak m\u016f\u017eete spravovat polo\u017eky, m\u011bnit [&hellip;]","og_url":"https:\/\/www.kasafik.cz\/web\/cs\/pokladni-system-plus\/pokladni-system-funkce-3\/","og_site_name":"KASA FIK","article_modified_time":"2018-12-04T17:09:36+00:00","twitter_card":"summary_large_image","twitter_misc":{"Odhadovan\u00e1 doba \u010dten\u00ed":"1 minuta"},"schema":{"@context":"https:\/\/schema.org","@graph":[{"@type":"WebPage","@id":"https:\/\/www.kasafik.cz\/web\/cs\/pokladni-system-plus\/pokladni-system-funkce-3\/","url":"https:\/\/www.kasafik.cz\/web\/cs\/pokladni-system-plus\/pokladni-system-funkce-3\/","name":"Pokladni System - funkce 3 (online prehled) - KASA FIK","isPartOf":{"@id":"https:\/\/www.kasafik.cz\/web\/#website"},"datePublished":"2016-06-26T12:09:01+00:00","dateModified":"2018-12-04T17:09:36+00:00","breadcrumb":{"@id":"https:\/\/www.kasafik.cz\/web\/cs\/pokladni-system-plus\/pokladni-system-funkce-3\/#breadcrumb"},"inLanguage":"cs","potentialAction":[{"@type":"ReadAction","target":["https:\/\/www.kasafik.cz\/web\/cs\/pokladni-system-plus\/pokladni-system-funkce-3\/"]}]},{"@type":"BreadcrumbList","@id":"https:\/\/www.kasafik.cz\/web\/cs\/pokladni-system-plus\/pokladni-system-funkce-3\/#breadcrumb","itemListElement":[{"@type":"ListItem","position":1,"name":"Home","item":"https:\/\/origin.kasafik.cz\/web\/cs\/"},{"@type":"ListItem","position":2,"name":"Pokladn\u00ed syst\u00e9m PLUS","item":"https:\/\/www.kasafik.cz\/web\/cs\/pokladni-system-plus\/"},{"@type":"ListItem","position":3,"name":"Pokladni System &#8211; funkce 3 (online prehled)"}]},{"@type":"WebSite","@id":"https:\/\/www.kasafik.cz\/web\/#website","url":"https:\/\/www.kasafik.cz\/web\/","name":"KASA FIK","description":"","potentialAction":[{"@type":"SearchAction","target":{"@type":"EntryPoint","urlTemplate":"https:\/\/www.kasafik.cz\/web\/?s={search_term_string}"},"query-input":{"@type":"PropertyValueSpecification","valueRequired":true,"valueName":"search_term_string"}}],"inLanguage":"cs"}]}},"jetpack_sharing_enabled":true,"_links":{"self":[{"href":"https:\/\/www.kasafik.cz\/web\/wp-json\/wp\/v2\/pages\/1308","targetHints":{"allow":["GET"]}}],"collection":[{"href":"https:\/\/www.kasafik.cz\/web\/wp-json\/wp\/v2\/pages"}],"about":[{"href":"https:\/\/www.kasafik.cz\/web\/wp-json\/wp\/v2\/types\/page"}],"author":[{"embeddable":true,"href":"https:\/\/www.kasafik.cz\/web\/wp-json\/wp\/v2\/users\/1"}],"replies":[{"embeddable":true,"href":"https:\/\/www.kasafik.cz\/web\/wp-json\/wp\/v2\/comments?post=1308"}],"version-history":[{"count":5,"href":"https:\/\/www.kasafik.cz\/web\/wp-json\/wp\/v2\/pages\/1308\/revisions"}],"predecessor-version":[{"id":8005,"href":"https:\/\/www.kasafik.cz\/web\/wp-json\/wp\/v2\/pages\/1308\/revisions\/8005"}],"up":[{"embeddable":true,"href":"https:\/\/www.kasafik.cz\/web\/wp-json\/wp\/v2\/pages\/4401"}],"wp:attachment":[{"href":"https:\/\/www.kasafik.cz\/web\/wp-json\/wp\/v2\/media?parent=1308"}],"curies":[{"name":"wp","href":"https:\/\/api.w.org\/{rel}","templated":true}]}}