{"id":1285,"date":"2016-06-26T07:04:19","date_gmt":"2016-06-26T07:04:19","guid":{"rendered":"https:\/\/www.kasafik.cz\/web\/?page_id=1285"},"modified":"2025-12-15T13:46:21","modified_gmt":"2025-12-15T13:46:21","slug":"poptavka","status":"publish","type":"page","link":"https:\/\/www.kasafik.cz\/web\/cs\/poptavka\/","title":{"rendered":"Popt\u00e1vka"},"content":{"rendered":"<div class=\"container-fluid poptavka-form\" style=\"background-color: #f5f5f5; padding-top: 40px;\">\n<div class=\"container\" style=\"background-color: white; box-shadow: 0 4px 8px rgba(0,0,0,.12); margin-top: 2em;\">\n<div class=\"row\" style=\"padding: 2em;\">\n<div class=\"col-md-5\" style=\"border-right: 3px solid rgba(0,0,0,0.05);\">\n<h3 class=\"myheaders thin\">Vyzkou\u0161ejte, jak V\u00e1m pom\u016f\u017ee KASA FIK ve Va\u0161em podniku<\/h3>\n<p>            Zanechte n\u00e1m sv\u016fj kontakt a my V\u00e1m vytvo\u0159\u00edme <u>bezkonkuren\u010dn\u00ed<\/u> nab\u00eddku p\u0159\u00edmo pro V\u00e1\u0161 provoz.<\/p>\n<h3 class=\"myheaders thin\">S n\u00e1mi jste v dobr\u00fdch rukou<\/h3>\n<ul class=\"list-unstyled clist\">\n<li><i class=\"material-icons\">done<\/i>Pom\u016f\u017eeme V\u00e1m s instalac\u00ed online nebo p\u0159\u00edmo u V\u00e1s. S n\u00e1mi to zvl\u00e1dnete i po telefonu. Volejte <strong>530 335 060<\/strong><\/li>\n<\/ul>\n<p>            <button id=\"btn-poptavkovy-left\" class=\"btn btn-success btn-lg line chat-online btn-default\" style=\"margin-top: 1em;  width: 100%\"><i class=\"material-icons\" style=\"margin-right: 8px; font-size: 18px;\">message<\/i>ONLINE CHAT SE SPECIALISTOU<\/button><br \/>\n            <a href=\"\/web\/cs\/demo-rezervace\/\" class=\"btn btn-primary btn-lg line chat-online btn-default\" style=\"margin-top: 1em; width: 100%\"><i class=\"material-icons\" style=\"margin-right: 8px; font-size: 18px;\">message<\/i>Napl\u00e1novat sch\u016fzku<\/a>\n         <\/div>\n<form id=\"signupform\" class=\"form-horizontal col-md-7\" method=\"post\" onsubmit=\"validateSignup(this)\">\n            <input name=\"SOURCE\" type=\"hidden\" value=\"kasafik-poptavka\" \/><input name=\"locale\" type=\"hidden\" value=\"cs\" \/><input id=\"gclid_field\" name=\"gclid_field\" type=\"hidden\" value=\"\" \/><\/p>\n<h3 class=\"myheaders text-center thin\">Z\u00edskejte v\u00edce informac\u00ed &#8211; nez\u00e1vazn\u00e1 popt\u00e1vka<\/h3>\n<div class=\"form-group\">\n               <label class=\"col-sm-4 control-label\" for=\"inputEmail3\">Email<\/label><\/p>\n<div class=\"col-sm-8\"><input id=\"inputEmail3\" class=\"sp_push_custom_data form-control\" autocomplete=\"off\" name=\"DATA[EMAIL]\" type=\"email\" placeholder=\"Email\" \/><\/div>\n<\/p><\/div>\n<div class=\"form-group\">\n               <label class=\"col-sm-4 control-label\" for=\"inputPhone\">Telefon<\/label><\/p>\n<div class=\"col-sm-3\"><input id=\"inputPhone\" class=\"form-control\" maxlength=\"4\" name=\"DATA[PHONE_PREFIX]\" type=\"text\" value=\"+420\" placeholder=\"prefix\" \/><\/div>\n<div class=\"col-sm-5\"><input id=\"inputPhone\" class=\"form-control\" autocomplete=\"off\" maxlength=\"12\" name=\"DATA[PHONE]\" type=\"text\" placeholder=\"Telefon\" \/><\/div>\n<\/p><\/div>\n<div class=\"form-group\">\n               <label class=\"col-sm-4 control-label\" for=\"inputName\">Jm\u00e9no<\/label><\/p>\n<div class=\"col-sm-8\"><input id=\"inputName\" class=\"form-control\" name=\"DATA[NAME]\" type=\"text\" placeholder=\"Jm\u00e9no\" \/><\/div>\n<\/p><\/div>\n<div class=\"form-group\" style=\"display: none;\">\n               <label class=\"col-sm-4 control-label\" for=\"inputCompany\">I\u010cO<\/label><\/p>\n<div class=\"col-sm-4\"><input id=\"inputIco\" class=\"sp_push_custom_data form-control\" name=\"DATA[ICO]\" type=\"text\" placeholder=\"I\u010cO\" \/><\/div>\n<div class=\"col-sm-4\"><a class=\"btn btn-primary line btn-sm\">Na\u010d\u00edst z rejst\u0159\u00edku<\/a><\/div>\n<\/p><\/div>\n<div class=\"form-group\">\n               <label class=\"col-sm-4 control-label\" for=\"inputCompany\">Firma<\/label><\/p>\n<div class=\"col-sm-8\"><input id=\"inputCompany\" class=\"form-control\" name=\"DATA[COMPANY]\" type=\"text\" placeholder=\"Firma\" \/><\/div>\n<\/p><\/div>\n<div class=\"form-group\">\n<div><label class=\"col-sm-4 control-label\" for=\"inputPsc\">PS\u010c<\/label><\/div>\n<div class=\"col-sm-8\"><input id=\"inputPsc\" class=\"sp_push_custom_data form-control\" name=\"DATA[ZIP]\" type=\"text\" placeholder=\"ps\u010d provozovny\" \/><\/div>\n<\/p><\/div>\n<div class=\"form-group\">\n               <label class=\"col-sm-4 control-label\" for=\"inputRegion\">Druh podniku<\/label><\/p>\n<div class=\"col-sm-8\">\n                  <select class=\"sp_push_custom_data form-control\" name=\"DATA[TXT][BUSINESS]\"><option value=\"\">&#8211; vyberte typ provozu &#8211;<\/option><optgroup label=\"Gastronomie\"><option>Rychl\u00e9 ob\u010derstven\u00ed<\/option><option>Resturace<\/option><option>Kav\u00e1rna<\/option><option>Cukr\u00e1rna<\/option><option>Vin\u00e1rna<\/option><option>Bar<\/option><\/optgroup><br \/>\n                     <optgroup label=\"L\u00e9ka\u0159i\"><option>Praktick\u00fd l\u00e9ka\u0159<\/option><option>L\u00e9ka\u0159 specialista<\/option><option>Zdravotnick\u00e9 za\u0159\u00edzen\u00ed<\/option><option>Stomatolog<\/option><\/optgroup><br \/>\n                     <optgroup label=\"Obchod\"><option>Online e-shop<\/option><option>Mal\u00fd obchod do 100m2<\/option><option>St\u0159edn\u00ed obchod 100+m2<\/option><option>Obchodn\u00ed \u0159et\u011bzec<\/option><option>Obchodn\u00ed firma<\/option><option>Velkoobchod<\/option><option>St\u00e1nkov\u00fd prodej<\/option><option>\u0158emesln\u00fd prodej<\/option><option>Jin\u00fd druh obchodu<\/option><\/optgroup><br \/>\n                     <optgroup label=\"Slu\u017eby\"><option>Kade\u0159nictv\u00ed\/pedik\u016fra apod.<\/option><option>Kosmetick\u00e9 sal\u00f3ny<\/option><option>Servis<\/option><option>Doprava<\/option><option>Fitness<\/option><option>Jin\u00fd druh slu\u017eeb<\/option><\/optgroup><br \/>\n                     <optgroup label=\"Ubytov\u00e1n\u00ed\"><option>AirBnB ubytov\u00e1n\u00ed<\/option><option>Mal\u00fd penzion\/hotel do 20 pokoj\u016f<\/option><option>St\u0159edn\u00ed hotel 20-50 pokoj\u016f<\/option><option>Velk\u00fd hotel 50+ pokoj\u016f<\/option><option>Kemp<\/option><\/optgroup><br \/>\n                     <optgroup label=\"Jin\u00e9\"><option>St\u00e1tn\u00ed spr\u00e1va<\/option><option>P\u0159\u00edsp\u011bvkov\u00e1 organizace<\/option><option>V\u00fdroba<\/option><option>Partner<\/option><option>Jin\u00e9<\/option><\/optgroup><br \/>\n                  <\/select>\n               <\/div>\n<\/p><\/div>\n<div class=\"form-group\">\n<div class=\"col-sm-offset-4 col-sm-8\">\n<div class=\"checkbox\"><label> <input name=\"DATA[PAY_TERMINAL]\" type=\"checkbox\" \/> M\u00e1m z\u00e1jem i o platebn\u00ed termin\u00e1l<\/label><\/div>\n<\/p><\/div>\n<\/p><\/div>\n<div class=\"form-group\">\n               <label class=\"col-sm-4 control-label\" for=\"inputDesc\">O co m\u00e1te z\u00e1jem<\/label><\/p>\n<div class=\"col-sm-8\"><textarea id=\"inputDesc\" class=\"form-control\" name=\"DATA[TXT][COMMENTS]\" placeholder=\"\"><\/textarea><\/div>\n<\/p><\/div>\n<div class=\"form-group\">\n<div class=\"col-sm-offset-4 col-sm-8\"><button class=\"btn btn-success line\" type=\"button\" onclick=\"validateSignupNew('#signupform','\/web\/contact-form.php');\">Odeslat<\/button><\/div>\n<\/p><\/div>\n<\/p><\/form>\n<\/p><\/div>\n<\/p><\/div>\n<\/div>\n","protected":false},"excerpt":{"rendered":"<p>Vyzkou\u0161ejte, jak V\u00e1m pom\u016f\u017ee KASA FIK ve Va\u0161em podniku Zanechte n\u00e1m sv\u016fj kontakt a my V\u00e1m vytvo\u0159\u00edme bezkonkuren\u010dn\u00ed nab\u00eddku p\u0159\u00edmo pro V\u00e1\u0161 provoz. S n\u00e1mi jste v dobr\u00fdch rukou donePom\u016f\u017eeme V\u00e1m s instalac\u00ed online nebo p\u0159\u00edmo u V\u00e1s. S n\u00e1mi to zvl\u00e1dnete i po telefonu. Volejte 530 335 060 messageONLINE CHAT SE SPECIALISTOU messageNapl\u00e1novat sch\u016fzku [&hellip;]<\/p>\n","protected":false},"author":1,"featured_media":0,"parent":0,"menu_order":0,"comment_status":"closed","ping_status":"closed","template":"page-templates\/full-width.php","meta":{"footnotes":""},"class_list":["post-1285","page","type-page","status-publish","hentry"],"yoast_head":"<!-- This site is optimized with the Yoast SEO plugin v27.4 - https:\/\/yoast.com\/product\/yoast-seo-wordpress\/ -->\n<title>Popt\u00e1vka - KASA FIK<\/title>\n<meta name=\"robots\" content=\"index, follow, max-snippet:-1, max-image-preview:large, max-video-preview:-1\" \/>\n<link rel=\"canonical\" href=\"https:\/\/www.kasafik.cz\/web\/cs\/poptavka\/\" \/>\n<meta property=\"og:locale\" content=\"cs_CZ\" \/>\n<meta property=\"og:type\" content=\"article\" \/>\n<meta property=\"og:title\" content=\"Popt\u00e1vka - KASA FIK\" \/>\n<meta property=\"og:description\" content=\"Vyzkou\u0161ejte, jak V\u00e1m pom\u016f\u017ee KASA FIK ve Va\u0161em podniku Zanechte n\u00e1m sv\u016fj kontakt a my V\u00e1m vytvo\u0159\u00edme bezkonkuren\u010dn\u00ed nab\u00eddku p\u0159\u00edmo pro V\u00e1\u0161 provoz. S n\u00e1mi jste v dobr\u00fdch rukou donePom\u016f\u017eeme V\u00e1m s instalac\u00ed online nebo p\u0159\u00edmo u V\u00e1s. S n\u00e1mi to zvl\u00e1dnete i po telefonu. Volejte 530 335 060 messageONLINE CHAT SE SPECIALISTOU messageNapl\u00e1novat sch\u016fzku [&hellip;]\" \/>\n<meta property=\"og:url\" content=\"https:\/\/www.kasafik.cz\/web\/cs\/poptavka\/\" \/>\n<meta property=\"og:site_name\" content=\"KASA FIK\" \/>\n<meta property=\"article:modified_time\" content=\"2025-12-15T13:46:21+00:00\" \/>\n<meta name=\"twitter:card\" content=\"summary_large_image\" \/>\n<meta name=\"twitter:label1\" content=\"Odhadovan\u00e1 doba \u010dten\u00ed\" \/>\n\t<meta name=\"twitter:data1\" content=\"1 minuta\" \/>\n<script type=\"application\/ld+json\" class=\"yoast-schema-graph\">{\"@context\":\"https:\\\/\\\/schema.org\",\"@graph\":[{\"@type\":\"WebPage\",\"@id\":\"https:\\\/\\\/www.kasafik.cz\\\/web\\\/cs\\\/poptavka\\\/\",\"url\":\"https:\\\/\\\/www.kasafik.cz\\\/web\\\/cs\\\/poptavka\\\/\",\"name\":\"Popt\u00e1vka - KASA FIK\",\"isPartOf\":{\"@id\":\"https:\\\/\\\/www.kasafik.cz\\\/web\\\/#website\"},\"datePublished\":\"2016-06-26T07:04:19+00:00\",\"dateModified\":\"2025-12-15T13:46:21+00:00\",\"breadcrumb\":{\"@id\":\"https:\\\/\\\/www.kasafik.cz\\\/web\\\/cs\\\/poptavka\\\/#breadcrumb\"},\"inLanguage\":\"cs\",\"potentialAction\":[{\"@type\":\"ReadAction\",\"target\":[\"https:\\\/\\\/www.kasafik.cz\\\/web\\\/cs\\\/poptavka\\\/\"]}]},{\"@type\":\"BreadcrumbList\",\"@id\":\"https:\\\/\\\/www.kasafik.cz\\\/web\\\/cs\\\/poptavka\\\/#breadcrumb\",\"itemListElement\":[{\"@type\":\"ListItem\",\"position\":1,\"name\":\"Home\",\"item\":\"https:\\\/\\\/origin.kasafik.cz\\\/web\\\/cs\\\/\"},{\"@type\":\"ListItem\",\"position\":2,\"name\":\"Popt\u00e1vka\"}]},{\"@type\":\"WebSite\",\"@id\":\"https:\\\/\\\/www.kasafik.cz\\\/web\\\/#website\",\"url\":\"https:\\\/\\\/www.kasafik.cz\\\/web\\\/\",\"name\":\"KASA FIK\",\"description\":\"\",\"potentialAction\":[{\"@type\":\"SearchAction\",\"target\":{\"@type\":\"EntryPoint\",\"urlTemplate\":\"https:\\\/\\\/www.kasafik.cz\\\/web\\\/?s={search_term_string}\"},\"query-input\":{\"@type\":\"PropertyValueSpecification\",\"valueRequired\":true,\"valueName\":\"search_term_string\"}}],\"inLanguage\":\"cs\"}]}<\/script>\n<!-- \/ Yoast SEO plugin. -->","yoast_head_json":{"title":"Popt\u00e1vka - KASA FIK","robots":{"index":"index","follow":"follow","max-snippet":"max-snippet:-1","max-image-preview":"max-image-preview:large","max-video-preview":"max-video-preview:-1"},"canonical":"https:\/\/www.kasafik.cz\/web\/cs\/poptavka\/","og_locale":"cs_CZ","og_type":"article","og_title":"Popt\u00e1vka - KASA FIK","og_description":"Vyzkou\u0161ejte, jak V\u00e1m pom\u016f\u017ee KASA FIK ve Va\u0161em podniku Zanechte n\u00e1m sv\u016fj kontakt a my V\u00e1m vytvo\u0159\u00edme bezkonkuren\u010dn\u00ed nab\u00eddku p\u0159\u00edmo pro V\u00e1\u0161 provoz. S n\u00e1mi jste v dobr\u00fdch rukou donePom\u016f\u017eeme V\u00e1m s instalac\u00ed online nebo p\u0159\u00edmo u V\u00e1s. S n\u00e1mi to zvl\u00e1dnete i po telefonu. Volejte 530 335 060 messageONLINE CHAT SE SPECIALISTOU messageNapl\u00e1novat sch\u016fzku [&hellip;]","og_url":"https:\/\/www.kasafik.cz\/web\/cs\/poptavka\/","og_site_name":"KASA FIK","article_modified_time":"2025-12-15T13:46:21+00:00","twitter_card":"summary_large_image","twitter_misc":{"Odhadovan\u00e1 doba \u010dten\u00ed":"1 minuta"},"schema":{"@context":"https:\/\/schema.org","@graph":[{"@type":"WebPage","@id":"https:\/\/www.kasafik.cz\/web\/cs\/poptavka\/","url":"https:\/\/www.kasafik.cz\/web\/cs\/poptavka\/","name":"Popt\u00e1vka - KASA FIK","isPartOf":{"@id":"https:\/\/www.kasafik.cz\/web\/#website"},"datePublished":"2016-06-26T07:04:19+00:00","dateModified":"2025-12-15T13:46:21+00:00","breadcrumb":{"@id":"https:\/\/www.kasafik.cz\/web\/cs\/poptavka\/#breadcrumb"},"inLanguage":"cs","potentialAction":[{"@type":"ReadAction","target":["https:\/\/www.kasafik.cz\/web\/cs\/poptavka\/"]}]},{"@type":"BreadcrumbList","@id":"https:\/\/www.kasafik.cz\/web\/cs\/poptavka\/#breadcrumb","itemListElement":[{"@type":"ListItem","position":1,"name":"Home","item":"https:\/\/origin.kasafik.cz\/web\/cs\/"},{"@type":"ListItem","position":2,"name":"Popt\u00e1vka"}]},{"@type":"WebSite","@id":"https:\/\/www.kasafik.cz\/web\/#website","url":"https:\/\/www.kasafik.cz\/web\/","name":"KASA FIK","description":"","potentialAction":[{"@type":"SearchAction","target":{"@type":"EntryPoint","urlTemplate":"https:\/\/www.kasafik.cz\/web\/?s={search_term_string}"},"query-input":{"@type":"PropertyValueSpecification","valueRequired":true,"valueName":"search_term_string"}}],"inLanguage":"cs"}]}},"jetpack_sharing_enabled":true,"_links":{"self":[{"href":"https:\/\/www.kasafik.cz\/web\/wp-json\/wp\/v2\/pages\/1285","targetHints":{"allow":["GET"]}}],"collection":[{"href":"https:\/\/www.kasafik.cz\/web\/wp-json\/wp\/v2\/pages"}],"about":[{"href":"https:\/\/www.kasafik.cz\/web\/wp-json\/wp\/v2\/types\/page"}],"author":[{"embeddable":true,"href":"https:\/\/www.kasafik.cz\/web\/wp-json\/wp\/v2\/users\/1"}],"replies":[{"embeddable":true,"href":"https:\/\/www.kasafik.cz\/web\/wp-json\/wp\/v2\/comments?post=1285"}],"version-history":[{"count":16,"href":"https:\/\/www.kasafik.cz\/web\/wp-json\/wp\/v2\/pages\/1285\/revisions"}],"predecessor-version":[{"id":18748,"href":"https:\/\/www.kasafik.cz\/web\/wp-json\/wp\/v2\/pages\/1285\/revisions\/18748"}],"wp:attachment":[{"href":"https:\/\/www.kasafik.cz\/web\/wp-json\/wp\/v2\/media?parent=1285"}],"curies":[{"name":"wp","href":"https:\/\/api.w.org\/{rel}","templated":true}]}}