{"id":12782,"date":"2023-03-16T15:39:11","date_gmt":"2023-03-16T15:39:11","guid":{"rendered":"https:\/\/origin.kasafik.cz\/web\/?page_id=12782"},"modified":"2023-03-16T16:08:04","modified_gmt":"2023-03-16T16:08:04","slug":"demo-rezervace","status":"publish","type":"page","link":"https:\/\/www.kasafik.cz\/web\/cs\/demo-rezervace\/","title":{"rendered":"Online rezervace prezentace"},"content":{"rendered":"\t\t<div data-elementor-type=\"wp-page\" data-elementor-id=\"12782\" class=\"elementor elementor-12782\" data-elementor-post-type=\"page\">\n\t\t\t\t\t\t<section class=\"elementor-section elementor-top-section elementor-element elementor-element-59b9e808 elementor-section-boxed elementor-section-height-default elementor-section-height-default\" data-id=\"59b9e808\" data-element_type=\"section\" data-e-type=\"section\">\n\t\t\t\t\t\t<div class=\"elementor-container elementor-column-gap-default\">\n\t\t\t\t\t<div class=\"elementor-column elementor-col-100 elementor-top-column elementor-element elementor-element-7631c469\" data-id=\"7631c469\" data-element_type=\"column\" data-e-type=\"column\">\n\t\t\t<div class=\"elementor-widget-wrap elementor-element-populated\">\n\t\t\t\t\t\t<div class=\"elementor-element elementor-element-73b48024 elementor-widget elementor-widget-text-editor\" data-id=\"73b48024\" data-element_type=\"widget\" data-e-type=\"widget\" data-widget_type=\"text-editor.default\">\n\t\t\t\t<div class=\"elementor-widget-container\">\n\t\t\t\t\t\t\t\t\t<h1 class=\"thin\">Rezervace online sch\u016fzky<\/h1><div>Rezervujte si online sch\u016fzku a prezentaci \u0159e\u0161en\u00ed pro Va\u0161i provozovnu. Expert V\u00e1s provede syst\u00e9mem a uk\u00e1\u017ee mo\u017enosti jak vyu\u017e\u00edt maxim\u00e1ln\u011b potenci\u00e1lu pokladn\u00edho a vyvol\u00e1vac\u00edho syst\u00e9mu.<\/div>\t\t\t\t\t\t\t\t<\/div>\n\t\t\t\t<\/div>\n\t\t\t\t\t<\/div>\n\t\t<\/div>\n\t\t\t\t\t<\/div>\n\t\t<\/section>\n\t\t\t\t<section class=\"elementor-section elementor-top-section elementor-element elementor-element-026f730 elementor-section-boxed elementor-section-height-default elementor-section-height-default\" data-id=\"026f730\" data-element_type=\"section\" data-e-type=\"section\">\n\t\t\t\t\t\t<div class=\"elementor-container elementor-column-gap-default\">\n\t\t\t\t\t<div class=\"elementor-column elementor-col-100 elementor-top-column elementor-element elementor-element-cf8bb27\" data-id=\"cf8bb27\" data-element_type=\"column\" data-e-type=\"column\">\n\t\t\t<div class=\"elementor-widget-wrap elementor-element-populated\">\n\t\t\t\t\t\t<div class=\"elementor-element elementor-element-9ae029f elementor-widget elementor-widget-shortcode\" data-id=\"9ae029f\" data-element_type=\"widget\" data-e-type=\"widget\" data-widget_type=\"shortcode.default\">\n\t\t\t\t<div class=\"elementor-widget-container\">\n\t\t\t\t\t\t\t<div class=\"elementor-shortcode\"><iframe src=\"https:\/\/kasafik.youcanbook.me\/?noframe=true&skipHeaderFooter=true\" id=\"ycbmiframekasafik\" style=\"width:100%;height:1000px;border:0px;background-color:transparent;\" frameborder=\"0\" allowtransparency=\"true\"><\/iframe><script>window.addEventListener && window.addEventListener(\"message\", function(event){if (event.origin === \"https:\/\/kasafik.youcanbook.me\"){document.getElementById(\"ycbmiframekasafik\").style.height = event.data + \"px\";}}, false);<\/script><\/div>\n\t\t\t\t\t\t<\/div>\n\t\t\t\t<\/div>\n\t\t\t\t\t<\/div>\n\t\t<\/div>\n\t\t\t\t\t<\/div>\n\t\t<\/section>\n\t\t\t\t<\/div>\n\t\t","protected":false},"excerpt":{"rendered":"<p>Rezervace online sch\u016fzky Rezervujte si online sch\u016fzku a prezentaci \u0159e\u0161en\u00ed pro Va\u0161i provozovnu. Expert V\u00e1s provede syst\u00e9mem a uk\u00e1\u017ee mo\u017enosti jak vyu\u017e\u00edt maxim\u00e1ln\u011b potenci\u00e1lu pokladn\u00edho a vyvol\u00e1vac\u00edho syst\u00e9mu.<\/p>\n","protected":false},"author":1,"featured_media":0,"parent":0,"menu_order":0,"comment_status":"closed","ping_status":"closed","template":"page-templates\/full-width.php","meta":{"footnotes":""},"class_list":["post-12782","page","type-page","status-publish","hentry"],"yoast_head":"<!-- This site is optimized with the Yoast SEO plugin v27.2 - https:\/\/yoast.com\/product\/yoast-seo-wordpress\/ -->\n<title>Online rezervace prezentace - KASA FIK<\/title>\n<meta name=\"robots\" content=\"index, follow, max-snippet:-1, max-image-preview:large, max-video-preview:-1\" \/>\n<link rel=\"canonical\" href=\"https:\/\/www.kasafik.cz\/web\/cs\/demo-rezervace\/\" \/>\n<meta property=\"og:locale\" content=\"cs_CZ\" \/>\n<meta property=\"og:type\" content=\"article\" \/>\n<meta property=\"og:title\" content=\"Online rezervace prezentace - KASA FIK\" \/>\n<meta property=\"og:description\" content=\"Rezervace online sch\u016fzky Rezervujte si online sch\u016fzku a prezentaci \u0159e\u0161en\u00ed pro Va\u0161i provozovnu. Expert V\u00e1s provede syst\u00e9mem a uk\u00e1\u017ee mo\u017enosti jak vyu\u017e\u00edt maxim\u00e1ln\u011b potenci\u00e1lu pokladn\u00edho a vyvol\u00e1vac\u00edho syst\u00e9mu.\" \/>\n<meta property=\"og:url\" content=\"https:\/\/www.kasafik.cz\/web\/cs\/demo-rezervace\/\" \/>\n<meta property=\"og:site_name\" content=\"KASA FIK\" \/>\n<meta property=\"article:modified_time\" content=\"2023-03-16T16:08:04+00:00\" \/>\n<meta name=\"twitter:card\" content=\"summary_large_image\" \/>\n<meta name=\"twitter:label1\" content=\"Odhadovan\u00e1 doba \u010dten\u00ed\" \/>\n\t<meta name=\"twitter:data1\" content=\"1 minuta\" \/>\n<script type=\"application\/ld+json\" class=\"yoast-schema-graph\">{\"@context\":\"https:\/\/schema.org\",\"@graph\":[{\"@type\":\"WebPage\",\"@id\":\"https:\/\/www.kasafik.cz\/web\/cs\/demo-rezervace\/\",\"url\":\"https:\/\/www.kasafik.cz\/web\/cs\/demo-rezervace\/\",\"name\":\"Online rezervace prezentace - KASA FIK\",\"isPartOf\":{\"@id\":\"https:\/\/www.kasafik.cz\/web\/#website\"},\"datePublished\":\"2023-03-16T15:39:11+00:00\",\"dateModified\":\"2023-03-16T16:08:04+00:00\",\"breadcrumb\":{\"@id\":\"https:\/\/www.kasafik.cz\/web\/cs\/demo-rezervace\/#breadcrumb\"},\"inLanguage\":\"cs\",\"potentialAction\":[{\"@type\":\"ReadAction\",\"target\":[\"https:\/\/www.kasafik.cz\/web\/cs\/demo-rezervace\/\"]}]},{\"@type\":\"BreadcrumbList\",\"@id\":\"https:\/\/www.kasafik.cz\/web\/cs\/demo-rezervace\/#breadcrumb\",\"itemListElement\":[{\"@type\":\"ListItem\",\"position\":1,\"name\":\"Home\",\"item\":\"https:\/\/origin.kasafik.cz\/web\/cs\/\"},{\"@type\":\"ListItem\",\"position\":2,\"name\":\"Online rezervace prezentace\"}]},{\"@type\":\"WebSite\",\"@id\":\"https:\/\/www.kasafik.cz\/web\/#website\",\"url\":\"https:\/\/www.kasafik.cz\/web\/\",\"name\":\"KASA FIK\",\"description\":\"\",\"potentialAction\":[{\"@type\":\"SearchAction\",\"target\":{\"@type\":\"EntryPoint\",\"urlTemplate\":\"https:\/\/www.kasafik.cz\/web\/?s={search_term_string}\"},\"query-input\":{\"@type\":\"PropertyValueSpecification\",\"valueRequired\":true,\"valueName\":\"search_term_string\"}}],\"inLanguage\":\"cs\"}]}<\/script>\n<!-- \/ Yoast SEO plugin. -->","yoast_head_json":{"title":"Online rezervace prezentace - KASA FIK","robots":{"index":"index","follow":"follow","max-snippet":"max-snippet:-1","max-image-preview":"max-image-preview:large","max-video-preview":"max-video-preview:-1"},"canonical":"https:\/\/www.kasafik.cz\/web\/cs\/demo-rezervace\/","og_locale":"cs_CZ","og_type":"article","og_title":"Online rezervace prezentace - KASA FIK","og_description":"Rezervace online sch\u016fzky Rezervujte si online sch\u016fzku a prezentaci \u0159e\u0161en\u00ed pro Va\u0161i provozovnu. Expert V\u00e1s provede syst\u00e9mem a uk\u00e1\u017ee mo\u017enosti jak vyu\u017e\u00edt maxim\u00e1ln\u011b potenci\u00e1lu pokladn\u00edho a vyvol\u00e1vac\u00edho syst\u00e9mu.","og_url":"https:\/\/www.kasafik.cz\/web\/cs\/demo-rezervace\/","og_site_name":"KASA FIK","article_modified_time":"2023-03-16T16:08:04+00:00","twitter_card":"summary_large_image","twitter_misc":{"Odhadovan\u00e1 doba \u010dten\u00ed":"1 minuta"},"schema":{"@context":"https:\/\/schema.org","@graph":[{"@type":"WebPage","@id":"https:\/\/www.kasafik.cz\/web\/cs\/demo-rezervace\/","url":"https:\/\/www.kasafik.cz\/web\/cs\/demo-rezervace\/","name":"Online rezervace prezentace - KASA FIK","isPartOf":{"@id":"https:\/\/www.kasafik.cz\/web\/#website"},"datePublished":"2023-03-16T15:39:11+00:00","dateModified":"2023-03-16T16:08:04+00:00","breadcrumb":{"@id":"https:\/\/www.kasafik.cz\/web\/cs\/demo-rezervace\/#breadcrumb"},"inLanguage":"cs","potentialAction":[{"@type":"ReadAction","target":["https:\/\/www.kasafik.cz\/web\/cs\/demo-rezervace\/"]}]},{"@type":"BreadcrumbList","@id":"https:\/\/www.kasafik.cz\/web\/cs\/demo-rezervace\/#breadcrumb","itemListElement":[{"@type":"ListItem","position":1,"name":"Home","item":"https:\/\/origin.kasafik.cz\/web\/cs\/"},{"@type":"ListItem","position":2,"name":"Online rezervace prezentace"}]},{"@type":"WebSite","@id":"https:\/\/www.kasafik.cz\/web\/#website","url":"https:\/\/www.kasafik.cz\/web\/","name":"KASA FIK","description":"","potentialAction":[{"@type":"SearchAction","target":{"@type":"EntryPoint","urlTemplate":"https:\/\/www.kasafik.cz\/web\/?s={search_term_string}"},"query-input":{"@type":"PropertyValueSpecification","valueRequired":true,"valueName":"search_term_string"}}],"inLanguage":"cs"}]}},"jetpack_sharing_enabled":true,"_links":{"self":[{"href":"https:\/\/www.kasafik.cz\/web\/wp-json\/wp\/v2\/pages\/12782","targetHints":{"allow":["GET"]}}],"collection":[{"href":"https:\/\/www.kasafik.cz\/web\/wp-json\/wp\/v2\/pages"}],"about":[{"href":"https:\/\/www.kasafik.cz\/web\/wp-json\/wp\/v2\/types\/page"}],"author":[{"embeddable":true,"href":"https:\/\/www.kasafik.cz\/web\/wp-json\/wp\/v2\/users\/1"}],"replies":[{"embeddable":true,"href":"https:\/\/www.kasafik.cz\/web\/wp-json\/wp\/v2\/comments?post=12782"}],"version-history":[{"count":15,"href":"https:\/\/www.kasafik.cz\/web\/wp-json\/wp\/v2\/pages\/12782\/revisions"}],"predecessor-version":[{"id":12816,"href":"https:\/\/www.kasafik.cz\/web\/wp-json\/wp\/v2\/pages\/12782\/revisions\/12816"}],"wp:attachment":[{"href":"https:\/\/www.kasafik.cz\/web\/wp-json\/wp\/v2\/media?parent=12782"}],"curies":[{"name":"wp","href":"https:\/\/api.w.org\/{rel}","templated":true}]}}