{"id":1247,"date":"2016-06-25T20:24:27","date_gmt":"2016-06-25T20:24:27","guid":{"rendered":"https:\/\/www.kasafik.cz\/web\/?page_id=1247"},"modified":"2020-02-21T14:16:10","modified_gmt":"2020-02-21T14:16:10","slug":"pokladni-system-funkce-1","status":"publish","type":"page","link":"https:\/\/www.kasafik.cz\/web\/cs\/pokladni-system-plus\/pokladni-system-funkce-1\/","title":{"rendered":"Pokladni system &#8211; Funkce (1)"},"content":{"rendered":"<style>\n   .funcs p{\n   clear: both;\n   font-size: 90%;\n   color: #626262;\n   line-height: 200%;\n   }\n   .funcs P.tip{\n   font-style: italic;\n   color: gray;\n   font-size: 90%;\n   border: 1px solid silver;\n   border-width: 1px 0;\n   padding: 20px;\n   margin: 8px;\n   }\n   .funcs p.tip span{\n   color: #00B259;\n   }\n   .funcs h3{\n   color: #8E9BA3;\n   font-weight: 400;\n   line-height: 140%;\n   }\n   .funcs h3 i.material-icons{\n   color: #31708F;\n   font-size: 30px;\n   float: left;\n   padding: 0px 20px 20px 5px;\n   }\n   .btn-group .btn{\n   transition: color .2s,background-color .2s,border-color .2s;\n   }\n   .btn-group .btn{\n   font-family: 'Roboto', sans-serif;\n   text-transform: uppercase;\n   font-weight: 500;\n   color: #5f7887;\n   }\n   .btn-group > .btn:active, .btn-group > .btn:hover, .btn-group > .btn:focus, .btn-group > .btn.active{\n   background-color: #5f7887;\n   color: white;\n   }\n   .fdiag h4{\n   text-transform: uppercase;\n   font-weight: 600;\n   }\n   .fdiag h4 i.material-icons{\n   color: gray;\n   margin-right: 10px;\n   font-size: 25px;\n   }\n   .fdiag div.content {\n   border: 1px solid transparent;\n   border-radius: 8px;\n   transition: color .3s,background-color .3s,border-color .3s;\npadding: 8px;\n   }\n   .fdiag div.content {\n   border: 1px solid #00B259;\n   background-color: white;\n   }\n   .lfeatures li{\n   }\n   .tab-content{\n   transition: opacity 0.2s ease-in;\n   }\n   i.material-icons.xxl{\n   font-size: 100px;\n   color: #31708F;\n   display: block;\n   text-align: center;\n   }\n<\/style>\n<div class=\"container-fluid\" style=\"background-color: #f5f5f5\">\n<div class=\"container funcs\">\n<h1 class=\"thin text-center\" style=\"margin-top: 4em; margin-bottom: 2em;\">Nejv\u00edce funkc\u00ed pro profesion\u00e1ln\u00ed provozy<\/h1>\n<h3 class=\"thin text-center\" style=\"color: #999;\">Syst\u00e9m, kter\u00fd pokryje v\u0161echny pot\u0159eby<\/h3>\n<div class=\"row\">\n<div class=\"col-md-4\">\n         <i class=\"material-icons xxl\">restaurant_menu<\/i><\/p>\n<h3 class=\"thin text-center\">Gastronomie a ubytov\u00e1n\u00ed<\/h3>\n<p class=\"text-center xinfo\">Extra funkce, mapa stol\u016f, rezervace, doch\u00e1zka, sklady a mnoho dal\u0161\u00edch vylep\u0161en\u00ed<\/p>\n<\/p><\/div>\n<div class=\"col-md-4\">\n         <i class=\"material-icons xxl\">store_mall_directory<\/i><\/p>\n<h3 class=\"thin text-center\">Obchody a slu\u017eby<\/h3>\n<p class=\"text-center xinfo\">Neomezen\u011b polo\u017eek, \u010dte\u010dka \u010d\u00e1rov\u00fdch k\u00f3d\u016f, pokladn\u00ed z\u00e1suvka, z\u00e1kaznick\u00fd syst\u00e9m a dal\u0161\u00ed nepostradateln\u00e9 funkce<\/p>\n<\/p><\/div>\n<div class=\"col-md-4\">\n         <i class=\"material-icons xxl\">directions_car<\/i><\/p>\n<h3 class=\"thin text-center\">Mobiln\u00ed prodej<\/h3>\n<p class=\"text-center xinfo\">Ter\u00e9nn\u00ed prodej nebyl nikdy jednodu\u0161\u0161\u00ed. Mobiln\u00ed tisk, centr\u00e1lni katalog a dohled nad obchodn\u00edky online.<\/p>\n<\/p><\/div>\n<\/p><\/div>\n<h1 class=\"thin text-center\" style=\"margin-top: 2em;\">Komplexn\u00ed dotykov\u00fd syst\u00e9m s katalogov\u00fdm prodejem<\/h1>\n<h3 class=\"thin text-center\" style=\"color: #999;\">Prod\u00e1vejte v\u00edce s na\u0161\u00edm pokladn\u00edm syst\u00e9mem PLUS<\/h3>\n<div class=\"row\">\n<div class=\"col-md-12\">\n         <img decoding=\"async\" src=\"\/web\/wp-content\/uploads\/2020\/02\/screenshot_1582294374.png\" alt=\"kasa-fik-screenshot\" class=\"aligncenter img-responsive size-full wp-image-1327\" style=\"    background-color: white;padding: 5px;border: 1px solid silver;\"  \/>\n      <\/div>\n<\/p><\/div>\n<p>   <!-- \/row --><\/p>\n<div class=\"row\" style=\"margin-top: 4em;\">\n<div class=\"col-md-6\">\n<h3><i class=\"material-icons\">supervisor_account<\/i>Syst\u00e9m pro evidenci z\u00e1kaznick\u00fdch \u00fa\u010dt\u016f<\/h3>\n<p>Poznejte l\u00e9pe sv\u00e9 z\u00e1kazn\u00edky a jejich chov\u00e1n\u00ed d\u00edky rozs\u00e1hl\u00e9mu <b>z\u00e1kaznick\u00e9mu syst\u00e9mu CRM integrovan\u00e9mu p\u0159\u00edmo s pokladnou<\/b>. Budete schopni p\u0159i\u0159adit \u00fa\u010dtenky k individu\u00e1ln\u00edm z\u00e1kaznick\u00fdm i firemn\u00edm \u00fa\u010dt\u016fm a pozd\u011bji z\u00edskat p\u0159ehled kdo, co a za kolik nakupuje. Vybudujete si tak t\u0159eba i syst\u00e9m karti\u010dek srovnateln\u00fd s velk\u00fdmi \u0159et\u011bzci.<\/p>\n<p class=\"tip\"><span><i class=\"material-icons\">thumb_up<\/i> N\u00e1\u0161 tip<\/span> &#8211; Pou\u017eijte syst\u00e9m z\u00e1kazn\u00edk\u016f k evidenci otev\u0159en\u00fdch \u00fa\u010dt\u016f, kredit\u016f a z\u016f\u010dtujte sv\u011b \u0161tamgasty t\u0159eba jednou m\u011bs\u00ed\u010dn\u011b.<\/p>\n<\/p><\/div>\n<div class=\"col-md-6\">\n<h3><i class=\"material-icons\">swap_horiz<\/i>Import\/export dat a propojen\u00ed s jin\u00fdmi syst\u00e9my<\/h3>\n<p>Provoz syst\u00e9mu s mnoha polo\u017ekami je jednoduch\u00fd. Vyu\u017eijte d\u00e1lkov\u00e9ho importu dat z CSV\/Excelu, funkc\u00ed hromadn\u00e9 zm\u011bny cen nebo dokonce jedn\u00edm klikem nastavte pokladnu pomoc\u00ed p\u0159ednastaven\u00fdch \u0161ablon v\u010detn\u011b obr\u00e1zk\u016f polo\u017eek. <b>Vy vlastn\u00edte program i svoje data, kter\u00e1 sd\u00edlite jen s t\u011bmi, kter\u00e9 zn\u00e1te<\/b>.<\/p>\n<p class=\"tip\"><span><i class=\"material-icons\">thumb_up<\/i> N\u00e1\u0161 tip<\/span> &#8211; P\u0159en\u00e1\u0161ejte data p\u0159\u00edmo do \u00fa\u010detn\u00edch program\u016f Money i Pohoda a zjednodu\u0161\u00edte tak pr\u00e1ci sob\u011b i \u00fa\u010detn\u00ed.<\/p>\n<\/p><\/div>\n<\/p><\/div>\n<p>   <!-- \/row --><\/p>\n<style>\n      .lfeatures h4{\n      font-weight: 500;\n      font-family: 'Roboto', sans-serif;\n      }\n      .lfeatures i.material-icons{\n      font-size: 20px;\n      color: #00B259;\n      padding-right: 5px;\n      padding-top: 3px;\n      vertical-align: text-bottom;\n      }\n      .lfeatures li:hover{\n      }\n      .lfeatures li:hover i.material-icons{\n      color: gray;\n      }\n   <\/style>\n<\/div>\n<div class=\"container\" id=\"featuresbox\" style=\"padding-top: 4em; padding-bottom: 4em;\">\n<h1 class=\"thin text-center\" style=\"margin-top: 2em;\">V\u00edce funkc\u00ed jinde nenajdete<\/h1>\n<div class=\"row hidden\" style=\"\">\n<h1 class=\"thin text-center\" style=\"margin-bottom: 1em;\">V\u0161e co pot\u0159ebujete pro provoz i v\u00edc<\/h1>\n<div class=\"btn-group btn-group-justified\" role=\"group\"> <a href=\"#\" onclick=\"return onTabSel(this, '#featuresbox', 0);\" class=\"btn btn-default btn-lg active\" role=\"button\">Prod\u00e1v\u00e1me<\/a> <a  href=\"#\" onclick=\"return onTabSel(this, '#featuresbox', 1);\" class=\"btn btn-default btn-lg\" role=\"button\">Spravujeme<\/a> <a  href=\"#\" onclick=\"return onTabSel(this, '#featuresbox', 2);\" class=\"btn btn-default btn-lg\" role=\"button\">Sledujeme<\/a> <a  href=\"#\" onclick=\"return onTabSel(this, '#featuresbox', 3);\" class=\"btn btn-default btn-lg\" role=\"button\">Rosteme<\/a> <\/div>\n<\/div>\n<div class=\"row fdiag lfeatures tab-content\" style=\"margin-top: 2em;\">\n<div class=\"col-md-4\">\n<div class=\"content\">\n<h4><i class=\"material-icons\">airplay<\/i>Pokladna<\/h4>\n<ul class=\"list-unstyled\">\n<li><i class=\"material-icons\">chevron_right<\/i>Elektronick\u00e9 evidence tr\u017eeb<\/li>\n<li><i class=\"material-icons\">chevron_right<\/i>Platby v CZK i ciz\u00edch m\u011bn\u00e1ch<\/li>\n<li><i class=\"material-icons\">chevron_right<\/i>Slevy p\u0159i prodeji na \u00fa\u010det i polo\u017eku<\/li>\n<li><i class=\"material-icons\">chevron_right<\/i>Pozn\u00e1mky k polo\u017ek\u00e1m<\/li>\n<li><i class=\"material-icons\">chevron_right<\/i>Da\u0148ov\u00e9 i zjednodu\u0161en\u00e9 doklady<\/li>\n<li><i class=\"material-icons\">chevron_right<\/i>Sm\u011bnn\u00fd provoz<\/li>\n<li><i class=\"material-icons\">chevron_right<\/i>Dohledateln\u00e9 storno \u00fa\u010dtenek<\/li>\n<li><i class=\"material-icons\">chevron_right<\/i>Pokladn\u00ed vklady a v\u00fddaje<\/li>\n<li><i class=\"material-icons\">chevron_right<\/i>Evidence prodeje hotovosti, kartou<\/li>\n<\/ul><\/div>\n<\/p><\/div>\n<div class=\"col-md-4\">\n<div class=\"content\">\n<h4><i class=\"material-icons\">assignment<\/i>Objedn\u00e1vky<\/h4>\n<ul class=\"list-unstyled\">\n<li><i class=\"material-icons\">chevron_right<\/i>Ulo\u017een\u00ed objedn\u00e1vek<\/li>\n<li><i class=\"material-icons\">chevron_right<\/i>Evidence storno objed\u00e1vek<\/li>\n<li><i class=\"material-icons\">restaurant<\/i>Tisk do kuchyn\u011b<\/li>\n<li><i class=\"material-icons\">restaurant<\/i>Textov\u00e9 vzkazy do kuchyn\u011b<\/li>\n<li><i class=\"material-icons\">restaurant<\/i>Grafick\u00e1 mapa stol\u016f a pokoj\u016f<\/li>\n<li class=\"hidden\"><i class=\"material-icons\">restaurant<\/i>Slu\u010dov\u00e1n\u00ed a d\u011blen\u00ed stol\u016f<\/li>\n<\/ul><\/div>\n<\/p><\/div>\n<div class=\"col-md-4\">\n<div class=\"content\">\n<h4><i class=\"material-icons\">directions_car<\/i>Mobiln\u00ed prodej<\/h4>\n<ul class=\"list-unstyled\">\n<li><i class=\"material-icons\">cloud_queue<\/i>GPS lokalita u ka\u017ed\u00e9 \u00fa\u010dtenky<\/li>\n<li><i class=\"material-icons\">cloud_queue<\/i>Vzd\u00e1len\u00e1 aktualizace polo\u017eek<\/li>\n<li class=\"hidden\"><i class=\"material-icons\">cloud_queue<\/i>Prodejnost podle mapy<\/li>\n<li class=\"hidden\"><i class=\"material-icons\">cloud_queue<\/i>Zji\u0161t\u011bn\u00ed aktu\u00e1ln\u00ed polohy pokladny<\/li>\n<li class=\"hidden\"><i class=\"material-icons\">cloud_queue<\/i>Informace z centr\u00e1ln\u00edho skladu<\/li>\n<li><i class=\"material-icons\">cloud_queue<\/i>Elektronick\u00e9 objedn\u00e1vky v ter\u00e9nu<\/li>\n<li class=\"hidden\"><i class=\"material-icons\">cloud_queue<\/i>Zas\u00edl\u00e1n\u00ed objed\u00e1vek do za\u0159\u00edzen\u00ed<\/li>\n<\/ul><\/div>\n<\/p><\/div>\n<\/p><\/div>\n<div class=\"row fdiag lfeatures tab-content\" style=\"margin-top: 2em;\">\n<div class=\"col-md-4\">\n<div class=\"content\">\n<h4><i class=\"material-icons\">cloud_queue<\/i>Vzd\u00e1len\u00e1 spr\u00e1va<\/h4>\n<ul class=\"list-unstyled\">\n<li><i class=\"material-icons\">cloud_queue<\/i>P\u0159ehled o tr\u017eb\u00e1ch na pokladn\u011b<\/li>\n<li><i class=\"material-icons\">cloud_queue<\/i>Online spr\u00e1va polo\u017eek, kategori\u00ed<\/li>\n<li><i class=\"material-icons\">cloud_queue<\/i>V\u0161echny pokladny na jednom m\u00edst\u011b<\/li>\n<li><i class=\"material-icons\">cloud_queue<\/i>Spr\u00e1va z\u00e1kazn\u00edk\u016f<\/li>\n<li><i class=\"material-icons\">cloud_queue<\/i>Hromadn\u00e9 zm\u011bny polo\u017eek<\/li>\n<li class=\"hidden\"><i class=\"material-icons\">cloud_queue<\/i>Vytvo\u0159en\u00ed objedn\u00e1vek<\/li>\n<li class=\"hidden\"><i class=\"material-icons\">cloud_queue<\/i>Z\u00e1lo\u017en\u00ed virtu\u00e1ln\u00ed poklada<\/li>\n<\/ul><\/div>\n<\/p><\/div>\n<div class=\"col-md-4\">\n<div class=\"content\">\n<h4><i class=\"material-icons\">view_module<\/i>Polo\u017eky<\/h4>\n<ul class=\"list-unstyled\">\n<li><i class=\"material-icons\">chevron_right<\/i>Zm\u011bny cen a nastaven\u00ed slev<\/li>\n<li><i class=\"material-icons\">chevron_right<\/i>Mo\u017enost zak\u00e1zat slevy nebo zm\u011bny<\/li>\n<li class=\"hidden\"><i class=\"material-icons\">chevron_right<\/i>V\u00fdb\u011br skladu pro ode\u010det<\/li>\n<li><i class=\"material-icons\">chevron_right<\/i>Recept\u016fry a varianty<\/li>\n<li><i class=\"material-icons\">chevron_right<\/i>Produktov\u00e9 obr\u00e1zky a barvy<\/li>\n<li><i class=\"material-icons\">chevron_right<\/i>P\u0159i\u0159azen\u00ed PLU, SKU a EAN<\/li>\n<li class=\"hidden\"><i class=\"material-icons\">chevron_right<\/i>Webov\u00fd odkaz pro v\u00edce informac\u00ed<\/li>\n<li><i class=\"material-icons\">cloud_queue<\/i>Import polo\u017eek z CSV\/Excelu<\/li>\n<\/ul><\/div>\n<\/p><\/div>\n<div class=\"col-md-4\">\n<div class=\"content\">\n<h4><i class=\"material-icons\">perm_identity<\/i>U\u017eivatel\u00e9<\/h4>\n<ul class=\"list-unstyled\">\n<li><i class=\"material-icons\">chevron_right<\/i>Nastaven\u00ed jm\u00e9na a kontakt\u016f<\/li>\n<li><i class=\"material-icons\">chevron_right<\/i>Zabezpe\u010den\u00ed PINem<\/li>\n<li><i class=\"material-icons\">chevron_right<\/i>P\u0159ihl\u00e1\u0161en\u00ed \u010dipem nebo kartou<\/li>\n<li><i class=\"material-icons\">chevron_right<\/i>Omezen\u00ed u\u017eivatelsk\u00fdch pr\u00e1v<\/li>\n<\/ul>\n<h4><i class=\"material-icons\">account_circle<\/i>Z\u00e1kazn\u00edci<\/h4>\n<ul class=\"list-unstyled\">\n<li><i class=\"material-icons\">chevron_right<\/i>Evidence kontakt\u016f<\/li>\n<li class=\"hidden\"><i class=\"material-icons\">chevron_right<\/i>Stavy z\u00e1kaznick\u00fdch kredit\u016f<\/li>\n<li><i class=\"material-icons\">chevron_right<\/i>P\u0159ehledy prodeje za vybran\u00e9 obdob\u00ed<\/li>\n<li><i class=\"material-icons\">chevron_right<\/i>Sumarizace konzumace u kreditn\u00edch z\u00e1kazn\u00edk\u016f<\/li>\n<\/ul><\/div>\n<\/p><\/div>\n<\/p><\/div>\n<div class=\"row fdiag lfeatures tab-content\" style=\"margin-top: 2em;\">\n<div class=\"col-md-4\">\n<div class=\"content\">\n<h4><i class=\"material-icons\">equalizer<\/i>P\u0159ehledy v aplikaci<\/h4>\n<ul class=\"list-unstyled\">\n<li><i class=\"material-icons\">chevron_right<\/i>Tr\u017eby podle DPH<\/li>\n<li><i class=\"material-icons\">chevron_right<\/i>Tr\u017eby podle kategor\u00ed\u00ed produkt\u016f<\/li>\n<li><i class=\"material-icons\">chevron_right<\/i>Pokladn\u00ed pohyby<\/li>\n<li><i class=\"material-icons\">chevron_right<\/i>Rozd\u011blen\u00ed podle zp\u016fsobu platby<\/li>\n<li><i class=\"material-icons\">chevron_right<\/i>Top prodejn\u00ed polo\u017eky<\/li>\n<li><i class=\"material-icons\">chevron_right<\/i>Historie \u00fa\u010dtenek<\/li>\n<li><i class=\"material-icons\">chevron_right<\/i>Storno p\u0159ehledy<\/li>\n<\/ul><\/div>\n<\/p><\/div>\n<div class=\"col-md-4\">\n<div class=\"content\">\n<h4><i class=\"material-icons\">personal_video<\/i>P\u0159ehledy online<\/h4>\n<ul class=\"list-unstyled\">\n<li><i class=\"material-icons\">cloud_queue<\/i>Detailn\u00ed analytick\u00e9 n\u00e1stroje<\/li>\n<li><i class=\"material-icons\">cloud_queue<\/i>P\u0159ehledy o sm\u011bn\u00e1ch<\/li>\n<li><i class=\"material-icons\">cloud_queue<\/i>P\u0159ehledy o produktivit\u011b zam\u011bstnanc\u016f<\/li>\n<li><i class=\"material-icons\">cloud_queue<\/i>Stavy pokladny<\/li>\n<li><i class=\"material-icons\">cloud_queue<\/i>Prodej polo\u017eek<\/li>\n<li class=\"hidden\"><i class=\"material-icons\">cloud_queue<\/i>Skladov\u00e9 stavy<\/li>\n<li><i class=\"material-icons\">cloud_queue<\/i>Storno p\u0159ehledy<\/li>\n<\/ul><\/div>\n<\/p><\/div>\n<div class=\"col-md-4\">\n<div class=\"content\">\n<h4><i class=\"material-icons\">sync<\/i>Propojen\u00ed<\/h4>\n<ul class=\"list-unstyled\">\n<li><i class=\"material-icons\">cloud_queue<\/i>Export do Money S3<\/li>\n<li><i class=\"material-icons\">cloud_queue<\/i>Export do Pohoda<\/li>\n<li><i class=\"material-icons\">cloud_queue<\/i>Export do Abra<\/li>\n<li><i class=\"material-icons\">cloud_queue<\/i>Export do CSV\/Excelu<\/li>\n<li><i class=\"material-icons\">cloud_queue<\/i>API rozhran\u00ed pro v\u00fdvoj\u00e1\u0159e<\/li>\n<\/ul>\n<h4><i class=\"material-icons\">cloud_upload<\/i>Sklady<\/h4>\n<ul class=\"list-unstyled\">\n<li><i class=\"material-icons\">chevron_right<\/i>Stavy a pohyby na skladu<\/li>\n<li class=\"hidden\"><i class=\"material-icons\">cloud_queue<\/i>Podpora v\u00edce sklad\u016f<\/li>\n<li class=\"hidden\"><i class=\"material-icons\">cloud_queue<\/i>Centr\u00e1ln\u00ed a podru\u017en\u00e9 sklady<\/li>\n<li><i class=\"material-icons\">cloud_queue<\/i>Inventarizace<\/li>\n<\/ul><\/div>\n<\/p><\/div>\n<\/p><\/div>\n<div class=\"row fdiag lfeatures tab-content\" style=\"margin-top: 2em;\">\n<div class=\"col-md-4\">\n<div class=\"content\">\n<h4><i class=\"material-icons\">lock_outline<\/i>Bezpe\u010dnost<\/h4>\n<ul class=\"list-unstyled\">\n<li><i class=\"material-icons\">chevron_right<\/i>Omezen\u00ed maxim\u00e1ln\u00ed hodnoty \u00fa\u010dtu<\/li>\n<li><i class=\"material-icons\">chevron_right<\/i>Zabezpe\u010den\u00ed funkc\u00ed pomoc\u00ed PINu<\/li>\n<li><i class=\"material-icons\">lock_outline<\/i>Pravideln\u00e1 z\u00e1loha na server<\/li>\n<li><i class=\"material-icons\">lock_outline<\/i>Online obnova dat ze serveru<\/li>\n<\/ul><\/div>\n<\/p><\/div>\n<div class=\"col-md-4\">\n<div class=\"content\">\n<h4><i class=\"material-icons\">trending_up<\/i>P\u0159ipraveno na v\u00edc<\/h4>\n<ul class=\"list-unstyled\">\n<li><i class=\"material-icons\">chevron_right<\/i>\u010cte\u010dka \u010d\u00e1rov\u00fdch \u1e31\u00f3d\u016f<\/li>\n<li><i class=\"material-icons\">chevron_right<\/i>\u010cte\u010dka bezkontatn\u00edch karet a \u010dip\u016f<\/li>\n<li><i class=\"material-icons\">chevron_right<\/i>Funkce mobiln\u00edho prodeje<\/li>\n<li><i class=\"material-icons\">chevron_right<\/i>Spr\u00e1va pobo\u010dek a v\u00edce pokladen<\/li>\n<li><i class=\"material-icons\">chevron_right<\/i>Jednoduch\u00e1 expanze do zahrani\u010d\u00ed<\/li>\n<li><i class=\"material-icons\">chevron_right<\/i>Napojen\u00ed na extern\u00ed dodavatele<\/li>\n<\/ul><\/div>\n<\/p><\/div>\n<div class=\"col-md-4\">\n<div class=\"content\">\n<h4><i class=\"material-icons\">query_builder<\/i>Pom\u00e1h\u00e1me<\/h4>\n<ul class=\"list-unstyled\">\n<li><i class=\"material-icons\">chevron_right<\/i>Lok\u00e1ln\u00ed servisn\u00ed partne\u0159i<\/li>\n<li><i class=\"material-icons\">cloud_queue<\/i>Instala\u010dn\u00ed podpora<\/li>\n<li><i class=\"material-icons\">cloud_queue<\/i>Vzd\u00e1len\u00e1 spr\u00e1va<\/li>\n<li><i class=\"material-icons\">cloud_queue<\/i>Pravideln\u00e9 aktualizace<\/li>\n<\/ul><\/div>\n<\/p><\/div>\n<\/p><\/div>\n<\/p><\/div>\n<\/div>\n","protected":false},"excerpt":{"rendered":"<p>Nejv\u00edce funkc\u00ed pro profesion\u00e1ln\u00ed provozy Syst\u00e9m, kter\u00fd pokryje v\u0161echny pot\u0159eby restaurant_menu Gastronomie a ubytov\u00e1n\u00ed Extra funkce, mapa stol\u016f, rezervace, doch\u00e1zka, sklady a mnoho dal\u0161\u00edch vylep\u0161en\u00ed store_mall_directory Obchody a slu\u017eby Neomezen\u011b polo\u017eek, \u010dte\u010dka \u010d\u00e1rov\u00fdch k\u00f3d\u016f, pokladn\u00ed z\u00e1suvka, z\u00e1kaznick\u00fd syst\u00e9m a dal\u0161\u00ed nepostradateln\u00e9 funkce directions_car Mobiln\u00ed prodej Ter\u00e9nn\u00ed prodej nebyl nikdy jednodu\u0161\u0161\u00ed. Mobiln\u00ed tisk, centr\u00e1lni katalog a [&hellip;]<\/p>\n","protected":false},"author":1,"featured_media":0,"parent":4401,"menu_order":1,"comment_status":"closed","ping_status":"closed","template":"page-templates\/full-width-notop-margin.php","meta":{"footnotes":""},"class_list":["post-1247","page","type-page","status-publish","hentry"],"yoast_head":"<!-- This site is optimized with the Yoast SEO plugin v27.4 - https:\/\/yoast.com\/product\/yoast-seo-wordpress\/ -->\n<title>Pokladni system - Funkce (1) - KASA FIK<\/title>\n<meta name=\"robots\" content=\"index, follow, max-snippet:-1, max-image-preview:large, max-video-preview:-1\" \/>\n<link rel=\"canonical\" href=\"https:\/\/www.kasafik.cz\/web\/cs\/pokladni-system-plus\/pokladni-system-funkce-1\/\" \/>\n<meta property=\"og:locale\" content=\"cs_CZ\" \/>\n<meta property=\"og:type\" content=\"article\" \/>\n<meta property=\"og:title\" content=\"Pokladni system - Funkce (1) - KASA FIK\" \/>\n<meta property=\"og:description\" content=\"Nejv\u00edce funkc\u00ed pro profesion\u00e1ln\u00ed provozy Syst\u00e9m, kter\u00fd pokryje v\u0161echny pot\u0159eby restaurant_menu Gastronomie a ubytov\u00e1n\u00ed Extra funkce, mapa stol\u016f, rezervace, doch\u00e1zka, sklady a mnoho dal\u0161\u00edch vylep\u0161en\u00ed store_mall_directory Obchody a slu\u017eby Neomezen\u011b polo\u017eek, \u010dte\u010dka \u010d\u00e1rov\u00fdch k\u00f3d\u016f, pokladn\u00ed z\u00e1suvka, z\u00e1kaznick\u00fd syst\u00e9m a dal\u0161\u00ed nepostradateln\u00e9 funkce directions_car Mobiln\u00ed prodej Ter\u00e9nn\u00ed prodej nebyl nikdy jednodu\u0161\u0161\u00ed. Mobiln\u00ed tisk, centr\u00e1lni katalog a [&hellip;]\" \/>\n<meta property=\"og:url\" content=\"https:\/\/www.kasafik.cz\/web\/cs\/pokladni-system-plus\/pokladni-system-funkce-1\/\" \/>\n<meta property=\"og:site_name\" content=\"KASA FIK\" \/>\n<meta property=\"article:modified_time\" content=\"2020-02-21T14:16:10+00:00\" \/>\n<meta name=\"twitter:card\" content=\"summary_large_image\" \/>\n<meta name=\"twitter:label1\" content=\"Odhadovan\u00e1 doba \u010dten\u00ed\" \/>\n\t<meta name=\"twitter:data1\" content=\"4 minuty\" \/>\n<script type=\"application\/ld+json\" class=\"yoast-schema-graph\">{\"@context\":\"https:\\\/\\\/schema.org\",\"@graph\":[{\"@type\":\"WebPage\",\"@id\":\"https:\\\/\\\/www.kasafik.cz\\\/web\\\/cs\\\/pokladni-system-plus\\\/pokladni-system-funkce-1\\\/\",\"url\":\"https:\\\/\\\/www.kasafik.cz\\\/web\\\/cs\\\/pokladni-system-plus\\\/pokladni-system-funkce-1\\\/\",\"name\":\"Pokladni system - Funkce (1) - KASA FIK\",\"isPartOf\":{\"@id\":\"https:\\\/\\\/www.kasafik.cz\\\/web\\\/#website\"},\"datePublished\":\"2016-06-25T20:24:27+00:00\",\"dateModified\":\"2020-02-21T14:16:10+00:00\",\"breadcrumb\":{\"@id\":\"https:\\\/\\\/www.kasafik.cz\\\/web\\\/cs\\\/pokladni-system-plus\\\/pokladni-system-funkce-1\\\/#breadcrumb\"},\"inLanguage\":\"cs\",\"potentialAction\":[{\"@type\":\"ReadAction\",\"target\":[\"https:\\\/\\\/www.kasafik.cz\\\/web\\\/cs\\\/pokladni-system-plus\\\/pokladni-system-funkce-1\\\/\"]}]},{\"@type\":\"BreadcrumbList\",\"@id\":\"https:\\\/\\\/www.kasafik.cz\\\/web\\\/cs\\\/pokladni-system-plus\\\/pokladni-system-funkce-1\\\/#breadcrumb\",\"itemListElement\":[{\"@type\":\"ListItem\",\"position\":1,\"name\":\"Home\",\"item\":\"https:\\\/\\\/origin.kasafik.cz\\\/web\\\/cs\\\/\"},{\"@type\":\"ListItem\",\"position\":2,\"name\":\"Pokladn\u00ed syst\u00e9m PLUS\",\"item\":\"https:\\\/\\\/www.kasafik.cz\\\/web\\\/cs\\\/pokladni-system-plus\\\/\"},{\"@type\":\"ListItem\",\"position\":3,\"name\":\"Pokladni system &#8211; Funkce (1)\"}]},{\"@type\":\"WebSite\",\"@id\":\"https:\\\/\\\/www.kasafik.cz\\\/web\\\/#website\",\"url\":\"https:\\\/\\\/www.kasafik.cz\\\/web\\\/\",\"name\":\"KASA FIK\",\"description\":\"\",\"potentialAction\":[{\"@type\":\"SearchAction\",\"target\":{\"@type\":\"EntryPoint\",\"urlTemplate\":\"https:\\\/\\\/www.kasafik.cz\\\/web\\\/?s={search_term_string}\"},\"query-input\":{\"@type\":\"PropertyValueSpecification\",\"valueRequired\":true,\"valueName\":\"search_term_string\"}}],\"inLanguage\":\"cs\"}]}<\/script>\n<!-- \/ Yoast SEO plugin. -->","yoast_head_json":{"title":"Pokladni system - Funkce (1) - KASA FIK","robots":{"index":"index","follow":"follow","max-snippet":"max-snippet:-1","max-image-preview":"max-image-preview:large","max-video-preview":"max-video-preview:-1"},"canonical":"https:\/\/www.kasafik.cz\/web\/cs\/pokladni-system-plus\/pokladni-system-funkce-1\/","og_locale":"cs_CZ","og_type":"article","og_title":"Pokladni system - Funkce (1) - KASA FIK","og_description":"Nejv\u00edce funkc\u00ed pro profesion\u00e1ln\u00ed provozy Syst\u00e9m, kter\u00fd pokryje v\u0161echny pot\u0159eby restaurant_menu Gastronomie a ubytov\u00e1n\u00ed Extra funkce, mapa stol\u016f, rezervace, doch\u00e1zka, sklady a mnoho dal\u0161\u00edch vylep\u0161en\u00ed store_mall_directory Obchody a slu\u017eby Neomezen\u011b polo\u017eek, \u010dte\u010dka \u010d\u00e1rov\u00fdch k\u00f3d\u016f, pokladn\u00ed z\u00e1suvka, z\u00e1kaznick\u00fd syst\u00e9m a dal\u0161\u00ed nepostradateln\u00e9 funkce directions_car Mobiln\u00ed prodej Ter\u00e9nn\u00ed prodej nebyl nikdy jednodu\u0161\u0161\u00ed. Mobiln\u00ed tisk, centr\u00e1lni katalog a [&hellip;]","og_url":"https:\/\/www.kasafik.cz\/web\/cs\/pokladni-system-plus\/pokladni-system-funkce-1\/","og_site_name":"KASA FIK","article_modified_time":"2020-02-21T14:16:10+00:00","twitter_card":"summary_large_image","twitter_misc":{"Odhadovan\u00e1 doba \u010dten\u00ed":"4 minuty"},"schema":{"@context":"https:\/\/schema.org","@graph":[{"@type":"WebPage","@id":"https:\/\/www.kasafik.cz\/web\/cs\/pokladni-system-plus\/pokladni-system-funkce-1\/","url":"https:\/\/www.kasafik.cz\/web\/cs\/pokladni-system-plus\/pokladni-system-funkce-1\/","name":"Pokladni system - Funkce (1) - KASA FIK","isPartOf":{"@id":"https:\/\/www.kasafik.cz\/web\/#website"},"datePublished":"2016-06-25T20:24:27+00:00","dateModified":"2020-02-21T14:16:10+00:00","breadcrumb":{"@id":"https:\/\/www.kasafik.cz\/web\/cs\/pokladni-system-plus\/pokladni-system-funkce-1\/#breadcrumb"},"inLanguage":"cs","potentialAction":[{"@type":"ReadAction","target":["https:\/\/www.kasafik.cz\/web\/cs\/pokladni-system-plus\/pokladni-system-funkce-1\/"]}]},{"@type":"BreadcrumbList","@id":"https:\/\/www.kasafik.cz\/web\/cs\/pokladni-system-plus\/pokladni-system-funkce-1\/#breadcrumb","itemListElement":[{"@type":"ListItem","position":1,"name":"Home","item":"https:\/\/origin.kasafik.cz\/web\/cs\/"},{"@type":"ListItem","position":2,"name":"Pokladn\u00ed syst\u00e9m PLUS","item":"https:\/\/www.kasafik.cz\/web\/cs\/pokladni-system-plus\/"},{"@type":"ListItem","position":3,"name":"Pokladni system &#8211; Funkce (1)"}]},{"@type":"WebSite","@id":"https:\/\/www.kasafik.cz\/web\/#website","url":"https:\/\/www.kasafik.cz\/web\/","name":"KASA FIK","description":"","potentialAction":[{"@type":"SearchAction","target":{"@type":"EntryPoint","urlTemplate":"https:\/\/www.kasafik.cz\/web\/?s={search_term_string}"},"query-input":{"@type":"PropertyValueSpecification","valueRequired":true,"valueName":"search_term_string"}}],"inLanguage":"cs"}]}},"jetpack_sharing_enabled":true,"_links":{"self":[{"href":"https:\/\/www.kasafik.cz\/web\/wp-json\/wp\/v2\/pages\/1247","targetHints":{"allow":["GET"]}}],"collection":[{"href":"https:\/\/www.kasafik.cz\/web\/wp-json\/wp\/v2\/pages"}],"about":[{"href":"https:\/\/www.kasafik.cz\/web\/wp-json\/wp\/v2\/types\/page"}],"author":[{"embeddable":true,"href":"https:\/\/www.kasafik.cz\/web\/wp-json\/wp\/v2\/users\/1"}],"replies":[{"embeddable":true,"href":"https:\/\/www.kasafik.cz\/web\/wp-json\/wp\/v2\/comments?post=1247"}],"version-history":[{"count":16,"href":"https:\/\/www.kasafik.cz\/web\/wp-json\/wp\/v2\/pages\/1247\/revisions"}],"predecessor-version":[{"id":10455,"href":"https:\/\/www.kasafik.cz\/web\/wp-json\/wp\/v2\/pages\/1247\/revisions\/10455"}],"up":[{"embeddable":true,"href":"https:\/\/www.kasafik.cz\/web\/wp-json\/wp\/v2\/pages\/4401"}],"wp:attachment":[{"href":"https:\/\/www.kasafik.cz\/web\/wp-json\/wp\/v2\/media?parent=1247"}],"curies":[{"name":"wp","href":"https:\/\/api.w.org\/{rel}","templated":true}]}}