{"id":12011,"date":"2021-12-16T15:08:25","date_gmt":"2021-12-16T15:08:25","guid":{"rendered":"https:\/\/origin.kasafik.cz\/web\/?page_id=12011"},"modified":"2025-06-30T10:21:23","modified_gmt":"2025-06-30T10:21:23","slug":"homepage-cs-platebni-terminaly","status":"publish","type":"page","link":"https:\/\/www.kasafik.cz\/web\/cs\/homepage-cs\/homepage-cs-platebni-terminaly\/","title":{"rendered":"homepage-cs-platebni-terminaly"},"content":{"rendered":"<section id=\"kasapay-section\" class=\"section container-fluid hp gray-bg\" style=\"border-top: 0\">\n<div class=\"container\">\n<div class=\"row\">\n<div class=\"col-md-12\">\n            <!-- Optimalizovan\u00fd nadpis a \u00favodn\u00ed text --><\/p>\n<h2>Platebn\u00ed \u0159e\u0161en\u00ed KASA PAY: P\u0159ij\u00edmejte karty snadno a v\u00fdhodn\u011b<\/h2>\n<p class=\"font-large\">Zrychlete markov\u00e1n\u00ed, zvy\u0161te tr\u017eby a nab\u00eddn\u011bte z\u00e1kazn\u00edk\u016fm pohodl\u00ed platby kartou (VISA, MASTERCARD). S integrovan\u00fdmi platebn\u00edmi termin\u00e1ly KASA FIK z\u00edsk\u00e1te nejen v\u00fdhodn\u00e9 sazby, ale i \u0159e\u0161en\u00ed \u0161it\u00e9 na m\u00edru va\u0161emu podnik\u00e1n\u00ed \u2013 od jednoduch\u00fdch termin\u00e1l\u016f po za\u0159\u00edzen\u00ed v\u0161e v jednom. Pom\u016f\u017eeme v\u00e1m vybrat to nejlep\u0161\u00ed.<\/p>\n<div class=\"row\">\n<p>               <!-- Box 1: KASA PAY s VIVA --><\/p>\n<div class=\"col-md-4 advbox\">\n<div class=\"content\">\n                     <img fetchpriority=\"high\" decoding=\"async\" width=\"523\" height=\"995\" src=\"\/web\/wp-content\/uploads\/2025\/04\/Telpo-M1.png\" alt=\"Platebn\u00ed termin\u00e1l KASA PAY s VIVA\" style=\"max-height: 250px; width: auto;\" class=\"aligncenter wp-image-17708\" srcset=\"https:\/\/www.kasafik.cz\/web\/wp-content\/uploads\/2025\/04\/Telpo-M1.png 523w, https:\/\/www.kasafik.cz\/web\/wp-content\/uploads\/2025\/04\/Telpo-M1-158x300.png 158w\" sizes=\"(max-width: 523px) 100vw, 523px\" \/><\/p>\n<h3 class=\"text-center\" style=\"border-top: 1px solid gray; padding-top: 8px;\"><small>Platebn\u00ed termin\u00e1l<\/small><br \/>KASA PAY s VIVA<\/h3>\n<p>                     <!-- Optimalizovan\u00fd popis --><\/p>\n<p class=\"text-center\"><strong>Nejrychlej\u0161\u00ed start pro p\u0159\u00edjem karet.<\/strong> Ide\u00e1ln\u00ed pro ty, kdo cht\u011bj\u00ed za\u010d\u00edt ihned a bez slo\u017eitost\u00ed. Pln\u011b integrovan\u00e9 s KASA FIK. Aktivace online, \u017e\u00e1dn\u00e9 z\u00e1vazky, transparentn\u00ed fixn\u00ed poplatek.<\/p>\n<p>                     <!-- Zd\u016frazn\u011bn\u00ed sazby --><\/p>\n<h3 class=\"text-center\"><small>Fixn\u00ed poplatek<\/small> <strong>1.49%<\/strong><\/h3>\n<p class=\"text-center\">bez minim\u00e1ln\u00edch m\u011bs\u00ed\u010dn\u00edch objem\u016f<\/p>\n<p>                     <!-- Cena a CTA --><\/p>\n<h3 style=\"margin-top: 14px\" class=\"thin price-new text-center\"><span class=\"discount\">akce<\/span><mark><strong>4 999<\/strong> K\u010d<\/mark><\/h3>\n<p>                     <a class=\"btn btn-primary square btn-lg btn-block\" href=\"\/web\/produkt\/kasa-pay-viva\/\">KOUPIT ONLINE<\/a><a class=\"btn btn-info line btn-block\" href=\"\/web\/cs\/platebni-terminal-sumup\/\">Zjistit v\u00edce<\/a>\n                  <\/div>\n<\/p><\/div>\n<p>               <!-- Box 2: KASA PAY termin\u00e1l --><\/p>\n<div class=\"col-md-4 advbox\">\n<div class=\"content\">\n                     <img decoding=\"async\" src=\"\/web\/wp-content\/uploads\/2020\/12\/ingenico.jpeg\" alt=\"Platebn\u00ed termin\u00e1l KASA PAY\" style=\"max-height: 250px;\" class=\"aligncenter size-full wp-image-10537 img-responsive\"><\/p>\n<h3 class=\"text-center\" style=\"border-top: 1px solid gray; padding-top: 8px;\"><small>Platebn\u00ed termin\u00e1l<\/small><br \/>KASA PAY termin\u00e1l<\/h3>\n<p>                     <!-- Optimalizovan\u00fd popis --><\/p>\n<p class=\"text-center\"><strong>Maxim\u00e1ln\u011b v\u00fdhodn\u00e9 sazby pro v\u00e1\u0161 r\u016fst.<\/strong> Chcete nejni\u017e\u0161\u00ed mo\u017en\u00e9 poplatky? Vyu\u017eijte na\u0161i exkluzivn\u00ed nab\u00eddku. Pro klienty s licenc\u00ed PREMIUM nab\u00edz\u00edme speci\u00e1ln\u00ed sazbu a mo\u017enost z\u00edskat termin\u00e1l zdarma.<\/p>\n<p>                     <!-- Zd\u016frazn\u011bn\u00ed sazby --><\/p>\n<p class=\"text-center\"><small>Exkluzivn\u00ed sazba pro klienty <strong>PREMIUM<\/strong><\/small><\/p>\n<h3 class=\"text-center\"><small>ji\u017e od<\/small> <strong>0.69%<\/strong><\/h3>\n<p class=\"text-center\">bez minim\u00e1ln\u00edch m\u011bs\u00ed\u010dn\u00edch objem\u016f<\/p>\n<p>                     <!-- Loga karet a CTA --><\/p>\n<div><img decoding=\"async\" width=\"429\" height=\"67\" src=\"\/web\/wp-content\/uploads\/2018\/11\/platebni-karty.png\" alt=\"Akceptace platebn\u00edch karet VISA a Mastercard\" class=\"size-full wp-image-7617 img-responsive\" srcset=\"https:\/\/www.kasafik.cz\/web\/wp-content\/uploads\/2018\/11\/platebni-karty.png 429w, https:\/\/www.kasafik.cz\/web\/wp-content\/uploads\/2018\/11\/platebni-karty-300x47.png 300w\" sizes=\"(max-width: 429px) 100vw, 429px\" \/><\/div>\n<p>                     <a class=\"btn btn-info line btn-block\" href=\"\/web\/cs\/platebni-terminal\/\">Zjistit v\u00edce<\/a>\n                  <\/div>\n<\/p><\/div>\n<p>               <!-- Box 3: KASA PAY All-In-One --><\/p>\n<div class=\"col-md-4 advbox\">\n<div class=\"content\">\n                     <img decoding=\"async\" width=\"120\" height=\"250\" src=\"\/web\/wp-content\/uploads\/2024\/07\/kasapay-dx8000-250px.png\" alt=\"Pokladna s platebn\u00edm termin\u00e1lem KASA PAY All-In-One\" style=\"max-height: 250px;\" class=\"aligncenter size-full wp-image-17102 img-responsive\" \/><\/p>\n<h3 class=\"text-center\" style=\"border-top: 1px solid gray; padding-top: 8px;\"><small>Pokladna s platebkou<\/small><br \/>KASA PAY All-In-One<\/h3>\n<p>                     <!-- Optimalizovan\u00fd popis --><\/p>\n<p class=\"text-center\"><strong>Pokladna a termin\u00e1l v jednom elegantn\u00edm za\u0159\u00edzen\u00ed.<\/strong> U\u0161et\u0159ete m\u00edsto i \u010das. Modern\u00ed \u0159e\u0161en\u00ed kombinuj\u00edc\u00ed plnohodnotnou pokladnu KASA FIK s integrovan\u00fdm termin\u00e1lem. Zrychlete obsluhu a vyu\u017eijte v\u00fdhodn\u00e9 sazby.<\/p>\n<p>                     <!-- Zd\u016frazn\u011bn\u00ed sazby --><\/p>\n<p class=\"text-center\"><small>Exkluzivn\u00ed sazba pro klienty <strong>PREMIUM<\/strong><\/small><\/p>\n<h3 class=\"text-center\"><small>ji\u017e od<\/small> <strong>0.69%<\/strong><\/h3>\n<p class=\"text-center\">bez minim\u00e1ln\u00edch m\u011bs\u00ed\u010dn\u00edch objem\u016f<\/p>\n<p>                     <!-- Loga karet a CTA --><\/p>\n<div><img decoding=\"async\" width=\"429\" height=\"67\" src=\"\/web\/wp-content\/uploads\/2018\/11\/platebni-karty.png\" alt=\"Akceptace platebn\u00edch karet VISA a Mastercard\" class=\"size-full wp-image-7617 img-responsive\" srcset=\"https:\/\/www.kasafik.cz\/web\/wp-content\/uploads\/2018\/11\/platebni-karty.png 429w, https:\/\/www.kasafik.cz\/web\/wp-content\/uploads\/2018\/11\/platebni-karty-300x47.png 300w\" sizes=\"(max-width: 429px) 100vw, 429px\" \/><\/div>\n<p>                     <a class=\"btn btn-info line btn-block\" href=\"\/web\/cs\/platebni-terminal\/\">Zjistit v\u00edce<\/a>\n                  <\/div>\n<\/p><\/div>\n<\/p><\/div>\n<\/p><\/div>\n<\/p><\/div>\n<\/p><\/div>\n<\/section>\n","protected":false},"excerpt":{"rendered":"<p>Platebn\u00ed \u0159e\u0161en\u00ed KASA PAY: P\u0159ij\u00edmejte karty snadno a v\u00fdhodn\u011b Zrychlete markov\u00e1n\u00ed, zvy\u0161te tr\u017eby a nab\u00eddn\u011bte z\u00e1kazn\u00edk\u016fm pohodl\u00ed platby kartou (VISA, MASTERCARD). S integrovan\u00fdmi platebn\u00edmi termin\u00e1ly KASA FIK z\u00edsk\u00e1te nejen v\u00fdhodn\u00e9 sazby, ale i \u0159e\u0161en\u00ed \u0161it\u00e9 na m\u00edru va\u0161emu podnik\u00e1n\u00ed \u2013 od jednoduch\u00fdch termin\u00e1l\u016f po za\u0159\u00edzen\u00ed v\u0161e v jednom. Pom\u016f\u017eeme v\u00e1m vybrat to nejlep\u0161\u00ed. Platebn\u00ed termin\u00e1lKASA [&hellip;]<\/p>\n","protected":false},"author":1,"featured_media":0,"parent":18,"menu_order":16,"comment_status":"closed","ping_status":"closed","template":"page-templates\/full-width.php","meta":{"footnotes":""},"class_list":["post-12011","page","type-page","status-publish","hentry"],"yoast_head":"<!-- This site is optimized with the Yoast SEO plugin v27.4 - https:\/\/yoast.com\/product\/yoast-seo-wordpress\/ -->\n<title>homepage-cs-platebni-terminaly - KASA FIK<\/title>\n<meta name=\"robots\" content=\"index, follow, max-snippet:-1, max-image-preview:large, max-video-preview:-1\" \/>\n<link rel=\"canonical\" href=\"https:\/\/www.kasafik.cz\/web\/cs\/homepage-cs\/homepage-cs-platebni-terminaly\/\" \/>\n<meta property=\"og:locale\" content=\"cs_CZ\" \/>\n<meta property=\"og:type\" content=\"article\" \/>\n<meta property=\"og:title\" content=\"homepage-cs-platebni-terminaly - KASA FIK\" \/>\n<meta property=\"og:description\" content=\"Platebn\u00ed \u0159e\u0161en\u00ed KASA PAY: P\u0159ij\u00edmejte karty snadno a v\u00fdhodn\u011b Zrychlete markov\u00e1n\u00ed, zvy\u0161te tr\u017eby a nab\u00eddn\u011bte z\u00e1kazn\u00edk\u016fm pohodl\u00ed platby kartou (VISA, MASTERCARD). S integrovan\u00fdmi platebn\u00edmi termin\u00e1ly KASA FIK z\u00edsk\u00e1te nejen v\u00fdhodn\u00e9 sazby, ale i \u0159e\u0161en\u00ed \u0161it\u00e9 na m\u00edru va\u0161emu podnik\u00e1n\u00ed \u2013 od jednoduch\u00fdch termin\u00e1l\u016f po za\u0159\u00edzen\u00ed v\u0161e v jednom. Pom\u016f\u017eeme v\u00e1m vybrat to nejlep\u0161\u00ed. Platebn\u00ed termin\u00e1lKASA [&hellip;]\" \/>\n<meta property=\"og:url\" content=\"https:\/\/www.kasafik.cz\/web\/cs\/homepage-cs\/homepage-cs-platebni-terminaly\/\" \/>\n<meta property=\"og:site_name\" content=\"KASA FIK\" \/>\n<meta property=\"article:modified_time\" content=\"2025-06-30T10:21:23+00:00\" \/>\n<meta name=\"twitter:card\" content=\"summary_large_image\" \/>\n<meta name=\"twitter:label1\" content=\"Odhadovan\u00e1 doba \u010dten\u00ed\" \/>\n\t<meta name=\"twitter:data1\" content=\"3 minuty\" \/>\n<script type=\"application\/ld+json\" class=\"yoast-schema-graph\">{\"@context\":\"https:\\\/\\\/schema.org\",\"@graph\":[{\"@type\":\"WebPage\",\"@id\":\"https:\\\/\\\/www.kasafik.cz\\\/web\\\/cs\\\/homepage-cs\\\/homepage-cs-platebni-terminaly\\\/\",\"url\":\"https:\\\/\\\/www.kasafik.cz\\\/web\\\/cs\\\/homepage-cs\\\/homepage-cs-platebni-terminaly\\\/\",\"name\":\"homepage-cs-platebni-terminaly - KASA FIK\",\"isPartOf\":{\"@id\":\"https:\\\/\\\/www.kasafik.cz\\\/web\\\/#website\"},\"datePublished\":\"2021-12-16T15:08:25+00:00\",\"dateModified\":\"2025-06-30T10:21:23+00:00\",\"breadcrumb\":{\"@id\":\"https:\\\/\\\/www.kasafik.cz\\\/web\\\/cs\\\/homepage-cs\\\/homepage-cs-platebni-terminaly\\\/#breadcrumb\"},\"inLanguage\":\"cs\",\"potentialAction\":[{\"@type\":\"ReadAction\",\"target\":[\"https:\\\/\\\/www.kasafik.cz\\\/web\\\/cs\\\/homepage-cs\\\/homepage-cs-platebni-terminaly\\\/\"]}]},{\"@type\":\"BreadcrumbList\",\"@id\":\"https:\\\/\\\/www.kasafik.cz\\\/web\\\/cs\\\/homepage-cs\\\/homepage-cs-platebni-terminaly\\\/#breadcrumb\",\"itemListElement\":[{\"@type\":\"ListItem\",\"position\":1,\"name\":\"Home\",\"item\":\"https:\\\/\\\/origin.kasafik.cz\\\/web\\\/cs\\\/\"},{\"@type\":\"ListItem\",\"position\":2,\"name\":\"Pokladn\u00ed syst\u00e9m a samoobslu\u017en\u00e9 platebn\u00ed kiosky\",\"item\":\"https:\\\/\\\/origin.kasafik.cz\\\/web\\\/cs\\\/\"},{\"@type\":\"ListItem\",\"position\":3,\"name\":\"homepage-cs-platebni-terminaly\"}]},{\"@type\":\"WebSite\",\"@id\":\"https:\\\/\\\/www.kasafik.cz\\\/web\\\/#website\",\"url\":\"https:\\\/\\\/www.kasafik.cz\\\/web\\\/\",\"name\":\"KASA FIK\",\"description\":\"\",\"potentialAction\":[{\"@type\":\"SearchAction\",\"target\":{\"@type\":\"EntryPoint\",\"urlTemplate\":\"https:\\\/\\\/www.kasafik.cz\\\/web\\\/?s={search_term_string}\"},\"query-input\":{\"@type\":\"PropertyValueSpecification\",\"valueRequired\":true,\"valueName\":\"search_term_string\"}}],\"inLanguage\":\"cs\"}]}<\/script>\n<!-- \/ Yoast SEO plugin. -->","yoast_head_json":{"title":"homepage-cs-platebni-terminaly - KASA FIK","robots":{"index":"index","follow":"follow","max-snippet":"max-snippet:-1","max-image-preview":"max-image-preview:large","max-video-preview":"max-video-preview:-1"},"canonical":"https:\/\/www.kasafik.cz\/web\/cs\/homepage-cs\/homepage-cs-platebni-terminaly\/","og_locale":"cs_CZ","og_type":"article","og_title":"homepage-cs-platebni-terminaly - KASA FIK","og_description":"Platebn\u00ed \u0159e\u0161en\u00ed KASA PAY: P\u0159ij\u00edmejte karty snadno a v\u00fdhodn\u011b Zrychlete markov\u00e1n\u00ed, zvy\u0161te tr\u017eby a nab\u00eddn\u011bte z\u00e1kazn\u00edk\u016fm pohodl\u00ed platby kartou (VISA, MASTERCARD). S integrovan\u00fdmi platebn\u00edmi termin\u00e1ly KASA FIK z\u00edsk\u00e1te nejen v\u00fdhodn\u00e9 sazby, ale i \u0159e\u0161en\u00ed \u0161it\u00e9 na m\u00edru va\u0161emu podnik\u00e1n\u00ed \u2013 od jednoduch\u00fdch termin\u00e1l\u016f po za\u0159\u00edzen\u00ed v\u0161e v jednom. Pom\u016f\u017eeme v\u00e1m vybrat to nejlep\u0161\u00ed. Platebn\u00ed termin\u00e1lKASA [&hellip;]","og_url":"https:\/\/www.kasafik.cz\/web\/cs\/homepage-cs\/homepage-cs-platebni-terminaly\/","og_site_name":"KASA FIK","article_modified_time":"2025-06-30T10:21:23+00:00","twitter_card":"summary_large_image","twitter_misc":{"Odhadovan\u00e1 doba \u010dten\u00ed":"3 minuty"},"schema":{"@context":"https:\/\/schema.org","@graph":[{"@type":"WebPage","@id":"https:\/\/www.kasafik.cz\/web\/cs\/homepage-cs\/homepage-cs-platebni-terminaly\/","url":"https:\/\/www.kasafik.cz\/web\/cs\/homepage-cs\/homepage-cs-platebni-terminaly\/","name":"homepage-cs-platebni-terminaly - KASA FIK","isPartOf":{"@id":"https:\/\/www.kasafik.cz\/web\/#website"},"datePublished":"2021-12-16T15:08:25+00:00","dateModified":"2025-06-30T10:21:23+00:00","breadcrumb":{"@id":"https:\/\/www.kasafik.cz\/web\/cs\/homepage-cs\/homepage-cs-platebni-terminaly\/#breadcrumb"},"inLanguage":"cs","potentialAction":[{"@type":"ReadAction","target":["https:\/\/www.kasafik.cz\/web\/cs\/homepage-cs\/homepage-cs-platebni-terminaly\/"]}]},{"@type":"BreadcrumbList","@id":"https:\/\/www.kasafik.cz\/web\/cs\/homepage-cs\/homepage-cs-platebni-terminaly\/#breadcrumb","itemListElement":[{"@type":"ListItem","position":1,"name":"Home","item":"https:\/\/origin.kasafik.cz\/web\/cs\/"},{"@type":"ListItem","position":2,"name":"Pokladn\u00ed syst\u00e9m a samoobslu\u017en\u00e9 platebn\u00ed kiosky","item":"https:\/\/origin.kasafik.cz\/web\/cs\/"},{"@type":"ListItem","position":3,"name":"homepage-cs-platebni-terminaly"}]},{"@type":"WebSite","@id":"https:\/\/www.kasafik.cz\/web\/#website","url":"https:\/\/www.kasafik.cz\/web\/","name":"KASA FIK","description":"","potentialAction":[{"@type":"SearchAction","target":{"@type":"EntryPoint","urlTemplate":"https:\/\/www.kasafik.cz\/web\/?s={search_term_string}"},"query-input":{"@type":"PropertyValueSpecification","valueRequired":true,"valueName":"search_term_string"}}],"inLanguage":"cs"}]}},"jetpack_sharing_enabled":true,"_links":{"self":[{"href":"https:\/\/www.kasafik.cz\/web\/wp-json\/wp\/v2\/pages\/12011","targetHints":{"allow":["GET"]}}],"collection":[{"href":"https:\/\/www.kasafik.cz\/web\/wp-json\/wp\/v2\/pages"}],"about":[{"href":"https:\/\/www.kasafik.cz\/web\/wp-json\/wp\/v2\/types\/page"}],"author":[{"embeddable":true,"href":"https:\/\/www.kasafik.cz\/web\/wp-json\/wp\/v2\/users\/1"}],"replies":[{"embeddable":true,"href":"https:\/\/www.kasafik.cz\/web\/wp-json\/wp\/v2\/comments?post=12011"}],"version-history":[{"count":14,"href":"https:\/\/www.kasafik.cz\/web\/wp-json\/wp\/v2\/pages\/12011\/revisions"}],"predecessor-version":[{"id":17818,"href":"https:\/\/www.kasafik.cz\/web\/wp-json\/wp\/v2\/pages\/12011\/revisions\/17818"}],"up":[{"embeddable":true,"href":"https:\/\/www.kasafik.cz\/web\/wp-json\/wp\/v2\/pages\/18"}],"wp:attachment":[{"href":"https:\/\/www.kasafik.cz\/web\/wp-json\/wp\/v2\/media?parent=12011"}],"curies":[{"name":"wp","href":"https:\/\/api.w.org\/{rel}","templated":true}]}}