{"id":11991,"date":"2021-12-16T14:54:56","date_gmt":"2021-12-16T14:54:56","guid":{"rendered":"https:\/\/origin.kasafik.cz\/web\/?page_id=11991"},"modified":"2022-12-27T11:35:50","modified_gmt":"2022-12-27T11:35:50","slug":"homepage-cs-reference","status":"publish","type":"page","link":"https:\/\/www.kasafik.cz\/web\/cs\/homepage-cs\/homepage-cs-reference\/","title":{"rendered":"Homepage &#8211; cs &#8211; reference"},"content":{"rendered":"<section id=\"refblock\" class=\"section container-fluid hp\">\n<section class=\"container\">\n<div class=\"row\">\n<div class=\"col-md-12\">\n<h1 class=\"headline\">Vybran\u00e9 reference spokojen\u00fdch z\u00e1kazn\u00edk\u016f<\/h1>\n<h3 class=\"headline\">P\u0159es 28 000 u\u017eivatel\u016f pou\u017e\u00edv\u00e1 aplikaci KASA FIK<\/h3>\n<\/p><\/div>\n<\/p><\/div>\n<div class=\"row\">\n<div class=\"col-md-3\">\n            <img decoding=\"async\" width=\"300\" height=\"106\" class=\"aligncenter size-medium wp-image-12092 img-responsive\" src=\"\/web\/wp-content\/uploads\/2022\/01\/regiojet-hotels-300x106.png\" alt=\"\" srcset=\"https:\/\/www.kasafik.cz\/web\/wp-content\/uploads\/2022\/01\/regiojet-hotels-300x106.png 300w, https:\/\/www.kasafik.cz\/web\/wp-content\/uploads\/2022\/01\/regiojet-hotels-600x213.png 600w, https:\/\/www.kasafik.cz\/web\/wp-content\/uploads\/2022\/01\/regiojet-hotels-768x272.png 768w, https:\/\/www.kasafik.cz\/web\/wp-content\/uploads\/2022\/01\/regiojet-hotels.png 864w\" sizes=\"(max-width: 300px) 100vw, 300px\" \/><\/p>\n<h3>RegioJet<\/h3>\n<p class=\"small\">Nejv\u011bt\u0161\u00ed soukrom\u00fd p\u0159epravce a provozovatel hotelov\u00e9 s\u00edt\u011b RegioJet, pat\u0159\u00edc\u00ed do skupiny Student Agency, si vybral objednac\u00ed kiosky KASA FIK. <a href=\"\/web\/cs\/samoobsluzne-objednaci-systemy-kiosky\/\">V\u00edce o Kiosk syst\u00e9mech zde<\/a>.<\/p>\n<p>            <img decoding=\"async\" class=\"aligncenter size-full wp-image-7506\" style=\"margin-top: 3em;\" src=\"\/web\/wp-content\/uploads\/2021\/09\/Snimka-obrazovky-z-2021-09-07-14-04-38-300x249.png\" class=\"aligncenter size-medium wp-image-11723\" alt=\"Riverside Coffee Brno\" width=\"300\" \/><\/p>\n<h3>Riverside Coffee<\/h3>\n<p class=\"small\"><em>&#8222;Cht\u011bli jsme pro na\u0161i nov\u011b otev\u0159enou kav\u00e1rnu modern\u00ed pokladnu. Zvolili jsme KASA FIK, proto\u017ee ani za p\u00e1r let nebudeme muset \u0159e\u0161it, \u017ee m\u00e1me zastaral\u00fd pokladn\u00ed syst\u00e9m. Velmi v\u00edt\u00e1me funkci doch\u00e1zka zam\u011bstnanc\u016f.<\/em><\/p>\n<p>            <img fetchpriority=\"high\" decoding=\"async\" width=\"300\" height=\"300\" class=\"aligncenter size-medium wp-image-9640 img-responsive\" style=\"max-width: 130px;\" src=\"\/web\/wp-content\/uploads\/2019\/10\/makro-300x300.jpeg\" alt=\"\" srcset=\"https:\/\/www.kasafik.cz\/web\/wp-content\/uploads\/2019\/10\/makro-300x300.jpeg 300w, https:\/\/www.kasafik.cz\/web\/wp-content\/uploads\/2019\/10\/makro-600x600.jpeg 600w, https:\/\/www.kasafik.cz\/web\/wp-content\/uploads\/2019\/10\/makro-100x100.jpeg 100w, https:\/\/www.kasafik.cz\/web\/wp-content\/uploads\/2019\/10\/makro-150x150.jpeg 150w, https:\/\/www.kasafik.cz\/web\/wp-content\/uploads\/2019\/10\/makro-768x768.jpeg 768w, https:\/\/www.kasafik.cz\/web\/wp-content\/uploads\/2019\/10\/makro.jpeg 900w\" sizes=\"(max-width: 300px) 100vw, 300px\" \/><\/p>\n<h3>Makro j\u00eddelny<\/h3>\n<p class=\"small\">Provozovatel j\u00eddelen v \u0159et\u011bzci Makro zvolil pokladn\u00ed syst\u00e9m pro evidenci vydan\u00fdch pokrm\u016f. Eviduje nejen voln\u00fd prodej, ale i prodej zam\u011bstnanc\u016f pomoc\u00ed \u010dipov\u00e9ho syst\u00e9mu.<\/p>\n<p>            <img decoding=\"async\" class=\"aligncenter size-full wp-image-7437\" style=\"margin-top: 2em;\" src=\"\/web\/wp-content\/uploads\/2018\/10\/reference-rebel.jpg\" alt=\"\" width=\"240\" height=\"182\" \/><\/p>\n<h3>M\u011b\u0161\u0165ansk\u00fd pivovar Havl\u00ed\u010dk\u016fv Brod<\/h3>\n<p class=\"small\">Na jednor\u00e1zov\u00e9 akce, kde se vystav\u00ed tis\u00edce \u00fa\u010dtenek si pivovar z Havl\u00ed\u010dkova Brodu vybral KASA FIK.<\/p>\n<p>            <img loading=\"lazy\" decoding=\"async\" width=\"300\" height=\"300\" class=\"aligncenter size-medium wp-image-9637 img-responsive\" style=\"max-width: 130px;\" src=\"\/web\/wp-content\/uploads\/2019\/10\/66-300x300.jpg\" alt=\"\" srcset=\"https:\/\/www.kasafik.cz\/web\/wp-content\/uploads\/2019\/10\/66-300x300.jpg 300w, https:\/\/www.kasafik.cz\/web\/wp-content\/uploads\/2019\/10\/66-600x600.jpg 600w, https:\/\/www.kasafik.cz\/web\/wp-content\/uploads\/2019\/10\/66-100x100.jpg 100w, https:\/\/www.kasafik.cz\/web\/wp-content\/uploads\/2019\/10\/66-150x150.jpg 150w, https:\/\/www.kasafik.cz\/web\/wp-content\/uploads\/2019\/10\/66.jpg 630w\" sizes=\"(max-width: 300px) 100vw, 300px\" \/><\/p>\n<p class=\"small\">Jeden z nejluxusn\u011bj\u0161\u00edch hotel\u016f zvolil pro svoji pot\u0159ebu pokladn\u00ed syst\u00e9m KASA FIK ORANGE. N\u011bkolik pokladen je nasazeno do ostr\u00e9ho provozu a obstoj\u00ed i v tak n\u00e1ro\u010dn\u00e9m provozu.<\/p>\n<\/p><\/div>\n<div class=\"col-md-3\">\n            <img loading=\"lazy\" decoding=\"async\" class=\"aligncenter size-full wp-image-7436\" src=\"\/web\/wp-content\/uploads\/2018\/10\/reference-bauman.jpg\" alt=\"\" width=\"240\" height=\"182\" \/><\/p>\n<h3>Vina\u0159stv\u00ed Bauman<\/h3>\n<p class=\"small\"><em>&#8222;D\u00edky mnoha ocen\u011bn\u00edm, kter\u00e9 jsme z\u00edskali, vzrostl obrovsky z\u00e1jem o na\u0161e v\u00edna. KASA FIK ORANGE jsme nasadili nejen na p\u0159\u00edm\u00fd prodej do sklepa, ale i do skladu a k evidenci vyskladn\u011bn\u00ed a pohybu zbo\u017e\u00ed. V\u0161echny pohyby automaticky importujeme do syst\u00e9mu Pohoda, abychom splnili n\u00e1le\u017eitosti Vina\u0159sk\u00e9ho z\u00e1kona. Nav\u00edc na akce pou\u017e\u00edv\u00e1me platebn\u00ed termin\u00e1l SumUp, kter\u00fd n\u00e1m pom\u00e1h\u00e1 k v\u00fdrazn\u011b vy\u0161\u0161\u00edm tr\u017eb\u00e1m. Bez n\u011bj bychom u\u017e nikam nejeli! D\u011bkujeme.&#8220;<\/em><\/p>\n<p>            <img decoding=\"async\" class=\"aligncenter size-full wp-image-7506\" style=\"margin-top: 3em;\" src=\"\/web\/wp-content\/uploads\/2018\/10\/webbanner4_1.jpg\" alt=\"\" width=\"240\" srcset=\"https:\/\/www.kasafik.cz\/web\/wp-content\/uploads\/2018\/10\/webbanner4_1.jpg 600w, https:\/\/www.kasafik.cz\/web\/wp-content\/uploads\/2018\/10\/webbanner4_1-300x116.jpg 300w\" sizes=\"(max-width: 600px) 100vw, 600px\" \/><\/p>\n<h3>EMOS \u010cR<\/h3>\n<p class=\"small\">Koncern EMOS si zvolil KASA FIK pro svou s\u00ed\u0165 obchodn\u00edch z\u00e1stupc\u016f k p\u0159\u00edm\u00e9mu prodej a sb\u011bru objedn\u00e1vek z ter\u00e9nu. V\u00edce jak 30 obchodn\u00edk\u016f zas\u00edl\u00e1 v realn\u00e9m \u010dase data do centr\u00e1ly a zvy\u0161uje rychlost expedice objedn\u00e1vek.<\/p>\n<p>            <a href=\"https:\/\/www.loprais.cz\/\" target=\"_blank\" rel=\"noopener noreferrer\"><img loading=\"lazy\" decoding=\"async\" class=\"aligncenter size-full wp-image-10193\" style=\"margin-top: 3em;\" src=\"\/web\/wp-content\/uploads\/2020\/01\/loprais.png\" alt=\"\" width=\"159\" height=\"48\" \/><\/a><\/p>\n<h3>Loprais 69 Energy Drink<\/h3>\n<p class=\"small\">Firma <a href=\"https:\/\/www.loprais.cz\/\" target=\"_blank\" rel=\"noopener noreferrer\">Loprais<\/a>, slavn\u00e9ho Dakarsk\u00e9ho z\u00e1vodn\u00edka, pou\u017e\u00edv\u00e1 pokladny KASA FIK na prodejn\u00e1ch i p\u0159i prodeji v ter\u00e9nu. Specializuje se na prodej energy drink\u016f zna\u010dky <a href=\"https:\/\/www.69drink.cz\/\">69 Energy Drinks<\/a>.<\/p>\n<p>            <img decoding=\"async\" class=\"aligncenter size-medium wp-image-10744\" src=\"\/web\/wp-content\/uploads\/2020\/08\/camp-bitov-300x176.jpg\" alt=\"\" width=\"240\" srcset=\"https:\/\/www.kasafik.cz\/web\/wp-content\/uploads\/2020\/08\/camp-bitov-300x176.jpg 300w, https:\/\/www.kasafik.cz\/web\/wp-content\/uploads\/2020\/08\/camp-bitov.jpg 576w\" sizes=\"(max-width: 300px) 100vw, 300px\" \/><\/p>\n<h3>Kemp B\u00edtov<\/h3>\n<p class=\"small\">Vyhl\u00e1\u0161en\u00fd kemp roku na Vranovsk\u00e9 p\u0159ehrad\u011b pou\u017e\u00edv\u00e1 ve sv\u00e9m are\u00e1lu KASA FIK. Zaji\u0161\u0165uje dohled nad brig\u00e1dn\u00edky, doch\u00e1zkou i prodejem na jednotliv\u00fdch st\u00e1nc\u00edch.<\/p>\n<p>            <img decoding=\"async\" class=\"aligncenter size-full wp-image-10579\" src=\"\/web\/wp-content\/uploads\/2020\/03\/herufkovi_01.png\" alt=\"\" width=\"170\" \/><\/p>\n<p class=\"small\">2. m\u00edsto v sout\u011b\u017ei \u017divnostn\u00edk roku 2013 GE Money Bank si vybrali KASA FIK pro prodej na trz\u00edch, v kav\u00e1rn\u011b, wellness i na prodejn\u011b. Jeden z nejprograsivn\u011bj\u0161\u00edch \u017eivnostn\u00edk\u016f v \u010cR m\u00e1 propojen\u00fd KASA FIK p\u0159\u00edmo s intern\u00edm skladov\u00fdm syst\u00e9mem d\u00edky jednoduch\u00e9mu exportu dat.<\/p>\n<\/p><\/div>\n<div class=\"col-md-3\">\n            <img loading=\"lazy\" decoding=\"async\" class=\"aligncenter size-full wp-image-7438\" src=\"\/web\/wp-content\/uploads\/2018\/10\/reference-medicom.jpg\" alt=\"\" width=\"240\" height=\"182\" \/><\/p>\n<h3>Medicom<\/h3>\n<p class=\"small\">Presti\u017en\u00ed klinika plastick\u00e9 chirurgine zvolila na v\u0161echny sv\u00e9 pobo\u010dky \u0159e\u0161en\u00ed KASA FIK ORANGE spole\u010dn\u011b s Pokladnou i eReceptem.<\/p>\n<p>            <img loading=\"lazy\" decoding=\"async\" class=\"aligncenter size-full wp-image-7434\" style=\"margin-top: 2em;\" src=\"\/web\/wp-content\/uploads\/2018\/10\/reference-melnik.jpg\" alt=\"\" width=\"240\" height=\"182\" \/><\/p>\n<h3>Restaurace Vinn\u00fd dv\u016fr<\/h3>\n<p class=\"small\">&#8222;<em>Zvolili jsme KASA FIK HIT a KASA FIK ORANGE jako \u0159e\u0161en\u00ed pro mobiln\u00edho \u010d\u00ed\u0161n\u00edka. Na\u0161e restaurace je o v\u00edkendech velmi vyt\u00ed\u017eena, provoz m\u00e1me na 2 patra a nav\u00edc zahr\u00e1dku. KASA FIK je v\u00fdborn\u00fdm pomocn\u00edkem.&#8220;<\/em><\/p>\n<p>            <img decoding=\"async\" class=\"aligncenter size-full wp-image-7510\" style=\"margin-top: 2em;\" src=\"\/web\/wp-content\/uploads\/2018\/10\/reference-machovo-jezero.jpeg\" alt=\"\" width=\"240\" srcset=\"https:\/\/www.kasafik.cz\/web\/wp-content\/uploads\/2018\/10\/reference-machovo-jezero.jpeg 600w, https:\/\/www.kasafik.cz\/web\/wp-content\/uploads\/2018\/10\/reference-machovo-jezero-300x200.jpeg 300w\" sizes=\"(max-width: 600px) 100vw, 600px\" \/><\/p>\n<h3>M\u00e1chovo jezero<\/h3>\n<p class=\"small\">Vystavov\u00e1n\u00ed j\u00edzdenek na lodn\u00ed dopravu je pro KASA FIK hra\u010dka. P\u0159\u00edmo na palub\u011b si m\u016f\u017eete zakoupit j\u00edzdenky na plavbu po M\u00e1chov\u011b jeze\u0159e vystaven\u00e9 na r\u016fzn\u00e9 destinace dle cen\u00edku. Obshluha i majitel tak m\u00e1 jednoduch\u00fd p\u0159ehled nad tr\u017ebami a obl\u00edben\u00fdmi trasami.<\/p>\n<p>            <img loading=\"lazy\" decoding=\"async\" width=\"181\" height=\"30\" class=\"aligncenter size-full wp-image-10064\" style=\"margin-top: 10px;\" src=\"\/web\/wp-content\/uploads\/2019\/12\/zanzibar.png\" alt=\"zanzibar\" \/><\/p>\n<p class=\"small\">Firma se v\u011bnuje distribuci v\u00fdrobk\u016f nezbytn\u00fdch pro vytvo\u0159en\u00ed dokonal\u00fdch cocktail\u016f, ochucen\u00fdch k\u00e1v a dal\u0161\u00edch lah\u016fdek. KASA FIK pou\u017e\u00edvaj\u00ed obchodn\u00ed z\u00e1stupci na prodej p\u0159\u00edmo v ter\u00e9nu.<\/p>\n<p>            <img decoding=\"async\" class=\"aligncenter size-full wp-image-7499\" style=\"margin-top: 3em;\" src=\"\/web\/wp-content\/uploads\/2018\/10\/reference-penerini-cafe.jpg\" alt=\"\" width=\"240\" srcset=\"https:\/\/www.kasafik.cz\/web\/wp-content\/uploads\/2018\/10\/reference-penerini-cafe.jpg 431w, https:\/\/www.kasafik.cz\/web\/wp-content\/uploads\/2018\/10\/reference-penerini-cafe-300x221.jpg 300w\" sizes=\"(max-width: 431px) 100vw, 431px\" \/><\/p>\n<h3>Penerini pra\u017e\u00edrna k\u00e1vy<\/h3>\n<p class=\"small\">Exkluzivn\u00ed pra\u017e\u00edrna k\u00e1vy v Brn\u011b vyu\u017e\u00edv\u00e1 syst\u00e9my KASA FIK nejen ve sv\u00e9 kav\u00e1rn\u011b, ale i na v\u00edkendov\u00e9 akce a trhy.<\/p>\n<\/p><\/div>\n<div class=\"col-md-3\">\n            <img loading=\"lazy\" decoding=\"async\" class=\"aligncenter size-full wp-image-7435\" src=\"\/web\/wp-content\/uploads\/2018\/10\/reference-siad.jpg\" alt=\"\" width=\"240\" height=\"182\" \/><\/p>\n<h3>SIAD Czech<\/h3>\n<p class=\"small\">SIAD, je p\u0159edn\u00ed italsk\u00e1 chemick\u00e1 spole\u010dnost se zam\u011b\u0159en\u00edm na pr\u016fmyslov\u00e9 plyny. Pro sv\u016fj t\u00fdm 20 obchodn\u00edch z\u00e1stupc\u016f vybrali \u0159e\u0161en\u00ed KASA FIK ORANGE. Nab\u00edz\u00edme exporty do jejich intern\u00edho syst\u00e9mu a p\u0159\u00edm\u00fd dohled nad prodejem v ter\u00e9nu.<\/p>\n<\/p><\/div>\n<div class=\"col-md-3\">\n            <img loading=\"lazy\" decoding=\"async\" class=\"aligncenter size-full wp-image-7433\" src=\"\/web\/wp-content\/uploads\/2018\/10\/reference-kadernik.jpg\" alt=\"\" width=\"240\" height=\"159\" \/><\/p>\n<h3>Kade\u0159nictv\u00ed Jan Huser<\/h3>\n<p class=\"small\">&#8222;<em>Jsem velmi r\u00e1d, \u017ee jsem zvolil KASA FIK. V na\u0161em kade\u0159nictv\u00ed pracuje n\u011bkolik koleg\u016f, sd\u00edl\u00edme jednu pokladnu, ka\u017ed\u00fd na sv\u00e9 I\u010c. Nav\u00edc jsem se rozhodl, \u017ee budeme akceptovat platebn\u00ed karty. Zvolili jsme SumUp termin\u00e1l, kter\u00fd se u\u017e mnohon\u00e1sobn\u011b vyplatil. Z\u00e1kaznice preferuj\u00ed platbu kartou a nav\u00edc prod\u00e1m v\u00edce dopl\u0148kov\u00e9ho sortimentu.<\/em>&#8222;<\/p>\n<p>            <img loading=\"lazy\" decoding=\"async\" width=\"200\" height=\"200\" class=\"aligncenter size-full wp-image-9352 img-responsive\" style=\"max-width: 130px;\" src=\"\/web\/wp-content\/uploads\/2019\/08\/17342959_1372045516188572_8185961218781641536_n.jpg\" alt=\"\" srcset=\"https:\/\/www.kasafik.cz\/web\/wp-content\/uploads\/2019\/08\/17342959_1372045516188572_8185961218781641536_n.jpg 200w, https:\/\/www.kasafik.cz\/web\/wp-content\/uploads\/2019\/08\/17342959_1372045516188572_8185961218781641536_n-100x100.jpg 100w, https:\/\/www.kasafik.cz\/web\/wp-content\/uploads\/2019\/08\/17342959_1372045516188572_8185961218781641536_n-150x150.jpg 150w\" sizes=\"(max-width: 200px) 100vw, 200px\" \/><\/p>\n<p class=\"small\">P\u0159edn\u00ed firma ve sv\u00e9m segmentu s v\u00edce jak 15 obchodn\u00edmi z\u00e1stupci po cel\u00e9 \u010cR vyu\u017e\u00edv\u00e1 mobiln\u00ed \u0159esen\u00ed KASA FIK pro evidenci prodeje p\u0159\u00edmo u z\u00e1kazn\u00edka. Obchodn\u00ed z\u00e1stupci mohou jednodu\u0161e vystavit hotovostn\u00ed doklady i faktury, kter\u00e9 se online propisuj\u00ed do Backoffice. P\u0159echod od Vodafone pokladna byl realizov\u00e1n b\u011bhem 1 dne, v\u010detn\u011b importu a zprovozn\u011bn\u00ed v\u0161ech za\u0159\u00edzen\u00ed a za\u0161kolen\u00ed.<\/p>\n<p>            <img loading=\"lazy\" decoding=\"async\" width=\"300\" height=\"216\" class=\"aligncenter size-medium wp-image-9755 img-responsive\" src=\"\/web\/wp-content\/uploads\/2019\/10\/arakain-300x216.jpg\" alt=\"\" srcset=\"https:\/\/www.kasafik.cz\/web\/wp-content\/uploads\/2019\/10\/arakain-300x216.jpg 300w, https:\/\/www.kasafik.cz\/web\/wp-content\/uploads\/2019\/10\/arakain.jpg 560w\" sizes=\"(max-width: 300px) 100vw, 300px\" \/><\/p>\n<p class=\"small\">\u010cesk\u00e1 metalov\u00e1 legenda vyu\u017e\u00edv\u00e1 KASA FIK pokladny p\u0159i sv\u00e9m koncert\u00edm turn\u00e9 k evidenci prodeje merchandisingu, hudebn\u00edch nosi\u010d\u016f ale i vstupn\u00e9m.<\/p>\n<\/p><\/div>\n<\/p><\/div>\n<div class=\"row hidden\" style=\"margin-top: 3em;\">\n<div class=\"col-md-3\">\n<h4 style=\"margin-bottom: 1em;\">Slu\u017eby<\/h4>\n<ul class=\"small list-unstyled\">\n<li>Kade\u0159nictv\u00ed CAPELLO, Znojmo<\/li>\n<li>Kade\u0159nictv\u00ed, Kr\u00e1sa a vlasy, Praha<\/li>\n<li>Kade\u0159nictv\u00ed Unho\u0161\u0165<\/li>\n<li>Kade\u0159nictv\u00ed Jan Huser, Brno<\/li>\n<li>X-STUDIO.cz &amp; BIKINI-FITNESS<\/li>\n<li>Fitness centrum L\u00edpa<\/li>\n<li>Fitness Atom, T\u0159eb\u00ed\u010d<\/li>\n<li>Arm\u00e1da sp\u00e1sy v \u010cesk\u00e9 republice, z.s.<\/li>\n<li>Technick\u00e9 slu\u017eby m\u011bsta Mostu a.s.<\/li>\n<\/ul>\n<h4 style=\"margin-bottom: 1em; margin-top: 1em;\">Pivovary<\/h4>\n<ul class=\"small list-unstyled\">\n<li>Pivovar Kozojedy<\/li>\n<li>Pivovar Sob\u011bslav<\/li>\n<li>Pardubick\u00fd pivovar<\/li>\n<li>Rebel &#8211; Havl\u00ed\u010dkobrodsk\u00e9 pivo<\/li>\n<li>Pivovarnictv\u00ed \u0160t\u011bp\u00e1n K\u0159\u00ed\u017e<\/li>\n<li>Pivovar Rezek s.r.o.<\/li>\n<li>Pivovar Millenium<\/li>\n<\/ul><\/div>\n<div class=\"col-md-3\">\n<h4 style=\"margin-bottom: 1em;\">Mobiln\u00ed prodej<\/h4>\n<ul class=\"small list-unstyled\">\n<li>Sokol\u00edc\u00ed.cz<\/li>\n<li>Loprais Energy Drink<\/li>\n<li>Opavsk\u00e1 lesn\u00ed a.s.<\/li>\n<li>Jind\u0159ichohradeck\u00e9 m\u00edstn\u00ed dr\u00e1hy, a.s.<\/li>\n<\/ul>\n<div>\n<h4 style=\"margin-bottom: 1em;\">Obchodn\u00ed firmy<\/h4>\n<ul class=\"small list-unstyled\">\n<li>\u010cokol\u00e1dovny Fikar s.r.o.<\/li>\n<li>Norsk\u00e1 M\u00f3da Pelh\u0159imov<\/li>\n<li>Umax Czech a.s.<\/li>\n<li>Stavimex Praha a.s.<\/li>\n<li>EMOS a.s.<\/li>\n<li>Nakladatelstv\u00ed Didaktis<\/li>\n<li>SIAD a.s.<\/li>\n<li>Agripodnik, a.s., Zl\u00edn<\/li>\n<li>Zanzibar s.r.o.<\/li>\n<\/ul><\/div>\n<\/p><\/div>\n<div class=\"col-md-3\">\n<h4 style=\"margin-bottom: 1em;\">Vina\u0159i<\/h4>\n<ul class=\"small list-unstyled\">\n<li>VINSELEKT MICHLOVSK\u00dd a.s.<\/li>\n<li>Vinn\u00e9 sklepy Podlu\u017e\u00ed<\/li>\n<li>Vina\u0159stv\u00ed Tomanovi, Moravsk\u00e1 Nov\u00e1 Ves<\/li>\n<li>Vinum Moravicum a.s.<\/li>\n<li>VINO NOSTRO s.r.o<\/li>\n<li>Vina\u0159stv\u00ed Velk\u00e9 B\u00edlovice s.r.o.<\/li>\n<li>Vina\u0159stv\u00ed Vesel\u00fd s.r.o.<\/li>\n<li>Vinarstvi U sv. Krize s. r. o.<\/li>\n<li>Vina\u0159stv\u00ed \u0160ev\u010d\u00edk s.r.o.<\/li>\n<li>Rodinn\u00e9 Vina\u0159stv\u00ed \u0160evela s.r.o.<\/li>\n<li>Vina\u0159stv\u00ed S\u00e1dek s.r.o.<\/li>\n<li>Vina\u0159stv\u00ed Aurora, s.r.o.<\/li>\n<li>Vina\u0159stv\u00ed Krist s.r.o.<\/li>\n<li>Vinot\u00e9ka Spr\u00e1vn\u00fd ro\u010dn\u00edk, Brno<\/li>\n<li>&#8230; a dal\u0161\u00edch 200+ vina\u0159stv\u00ed a vinot\u00e9k<\/li>\n<\/ul><\/div>\n<div class=\"col-md-3\">\n<h4 style=\"margin-bottom: 1em;\">Pohostinstv\u00ed<\/h4>\n<ul class=\"small list-unstyled\">\n<li>STEAK and SALAD, Kou\u0159im<\/li>\n<li>Orange moon, Praha<\/li>\n<li>Golf Club U Hr\u00e1de\u010dku<\/li>\n<li>Restaurace Austerliz, Slavkov u Brna<\/li>\n<li>Restaurace Novy Raj<\/li>\n<li>Street Club Da\u010dice<\/li>\n<li>GTH catering a.s.<\/li>\n<li>ORIENT KEBAB, B\u0159eclav<\/li>\n<li>Koupali\u0161t\u011b Sta\u0159e\u010d<\/li>\n<li>Pizzerie Italia, Velk\u00e9 B\u00edlovice<\/li>\n<li>Koupali\u0161t\u011b Kr\u00e1lovo pole<\/li>\n<li>Koupali\u0161t\u011b Slavkov u Brna<\/li>\n<li>Koupali\u0161t\u011b Moravsk\u00e9 M\u00e1lkovice<\/li>\n<li>Jacobs Douwe Egberts<\/li>\n<li>ELIS CAFFE &#8211; Praha 1<\/li>\n<li>&#8230; a dal\u0161\u00edch 1000+ restaurac\u00ed<\/li>\n<\/ul><\/div>\n<div><\/div>\n<\/p><\/div>\n<\/section>\n<\/section>\n","protected":false},"excerpt":{"rendered":"<p>Vybran\u00e9 reference spokojen\u00fdch z\u00e1kazn\u00edk\u016f P\u0159es 28 000 u\u017eivatel\u016f pou\u017e\u00edv\u00e1 aplikaci KASA FIK RegioJet Nejv\u011bt\u0161\u00ed soukrom\u00fd p\u0159epravce a provozovatel hotelov\u00e9 s\u00edt\u011b RegioJet, pat\u0159\u00edc\u00ed do skupiny Student Agency, si vybral objednac\u00ed kiosky KASA FIK. V\u00edce o Kiosk syst\u00e9mech zde. Riverside Coffee &#8222;Cht\u011bli jsme pro na\u0161i nov\u011b otev\u0159enou kav\u00e1rnu modern\u00ed pokladnu. Zvolili jsme KASA FIK, proto\u017ee ani za [&hellip;]<\/p>\n","protected":false},"author":1,"featured_media":0,"parent":18,"menu_order":25,"comment_status":"closed","ping_status":"closed","template":"page-templates\/full-width.php","meta":{"footnotes":""},"class_list":["post-11991","page","type-page","status-publish","hentry"],"yoast_head":"<!-- This site is optimized with the Yoast SEO plugin v27.4 - https:\/\/yoast.com\/product\/yoast-seo-wordpress\/ -->\n<title>Homepage - cs - reference - KASA FIK<\/title>\n<meta name=\"robots\" content=\"index, follow, max-snippet:-1, max-image-preview:large, max-video-preview:-1\" \/>\n<link rel=\"canonical\" href=\"https:\/\/www.kasafik.cz\/web\/cs\/homepage-cs\/homepage-cs-reference\/\" \/>\n<meta property=\"og:locale\" content=\"cs_CZ\" \/>\n<meta property=\"og:type\" content=\"article\" \/>\n<meta property=\"og:title\" content=\"Homepage - cs - reference - KASA FIK\" \/>\n<meta property=\"og:description\" content=\"Vybran\u00e9 reference spokojen\u00fdch z\u00e1kazn\u00edk\u016f P\u0159es 28 000 u\u017eivatel\u016f pou\u017e\u00edv\u00e1 aplikaci KASA FIK RegioJet Nejv\u011bt\u0161\u00ed soukrom\u00fd p\u0159epravce a provozovatel hotelov\u00e9 s\u00edt\u011b RegioJet, pat\u0159\u00edc\u00ed do skupiny Student Agency, si vybral objednac\u00ed kiosky KASA FIK. V\u00edce o Kiosk syst\u00e9mech zde. Riverside Coffee &#8222;Cht\u011bli jsme pro na\u0161i nov\u011b otev\u0159enou kav\u00e1rnu modern\u00ed pokladnu. Zvolili jsme KASA FIK, proto\u017ee ani za [&hellip;]\" \/>\n<meta property=\"og:url\" content=\"https:\/\/www.kasafik.cz\/web\/cs\/homepage-cs\/homepage-cs-reference\/\" \/>\n<meta property=\"og:site_name\" content=\"KASA FIK\" \/>\n<meta property=\"article:modified_time\" content=\"2022-12-27T11:35:50+00:00\" \/>\n<meta name=\"twitter:card\" content=\"summary_large_image\" \/>\n<meta name=\"twitter:label1\" content=\"Odhadovan\u00e1 doba \u010dten\u00ed\" \/>\n\t<meta name=\"twitter:data1\" content=\"9 minut\" \/>\n<script type=\"application\/ld+json\" class=\"yoast-schema-graph\">{\"@context\":\"https:\\\/\\\/schema.org\",\"@graph\":[{\"@type\":\"WebPage\",\"@id\":\"https:\\\/\\\/www.kasafik.cz\\\/web\\\/cs\\\/homepage-cs\\\/homepage-cs-reference\\\/\",\"url\":\"https:\\\/\\\/www.kasafik.cz\\\/web\\\/cs\\\/homepage-cs\\\/homepage-cs-reference\\\/\",\"name\":\"Homepage - cs - reference - KASA FIK\",\"isPartOf\":{\"@id\":\"https:\\\/\\\/www.kasafik.cz\\\/web\\\/#website\"},\"datePublished\":\"2021-12-16T14:54:56+00:00\",\"dateModified\":\"2022-12-27T11:35:50+00:00\",\"breadcrumb\":{\"@id\":\"https:\\\/\\\/www.kasafik.cz\\\/web\\\/cs\\\/homepage-cs\\\/homepage-cs-reference\\\/#breadcrumb\"},\"inLanguage\":\"cs\",\"potentialAction\":[{\"@type\":\"ReadAction\",\"target\":[\"https:\\\/\\\/www.kasafik.cz\\\/web\\\/cs\\\/homepage-cs\\\/homepage-cs-reference\\\/\"]}]},{\"@type\":\"BreadcrumbList\",\"@id\":\"https:\\\/\\\/www.kasafik.cz\\\/web\\\/cs\\\/homepage-cs\\\/homepage-cs-reference\\\/#breadcrumb\",\"itemListElement\":[{\"@type\":\"ListItem\",\"position\":1,\"name\":\"Home\",\"item\":\"https:\\\/\\\/origin.kasafik.cz\\\/web\\\/cs\\\/\"},{\"@type\":\"ListItem\",\"position\":2,\"name\":\"Pokladn\u00ed syst\u00e9m a samoobslu\u017en\u00e9 platebn\u00ed kiosky\",\"item\":\"https:\\\/\\\/origin.kasafik.cz\\\/web\\\/cs\\\/\"},{\"@type\":\"ListItem\",\"position\":3,\"name\":\"Homepage &#8211; cs &#8211; reference\"}]},{\"@type\":\"WebSite\",\"@id\":\"https:\\\/\\\/www.kasafik.cz\\\/web\\\/#website\",\"url\":\"https:\\\/\\\/www.kasafik.cz\\\/web\\\/\",\"name\":\"KASA FIK\",\"description\":\"\",\"potentialAction\":[{\"@type\":\"SearchAction\",\"target\":{\"@type\":\"EntryPoint\",\"urlTemplate\":\"https:\\\/\\\/www.kasafik.cz\\\/web\\\/?s={search_term_string}\"},\"query-input\":{\"@type\":\"PropertyValueSpecification\",\"valueRequired\":true,\"valueName\":\"search_term_string\"}}],\"inLanguage\":\"cs\"}]}<\/script>\n<!-- \/ Yoast SEO plugin. -->","yoast_head_json":{"title":"Homepage - cs - reference - KASA FIK","robots":{"index":"index","follow":"follow","max-snippet":"max-snippet:-1","max-image-preview":"max-image-preview:large","max-video-preview":"max-video-preview:-1"},"canonical":"https:\/\/www.kasafik.cz\/web\/cs\/homepage-cs\/homepage-cs-reference\/","og_locale":"cs_CZ","og_type":"article","og_title":"Homepage - cs - reference - KASA FIK","og_description":"Vybran\u00e9 reference spokojen\u00fdch z\u00e1kazn\u00edk\u016f P\u0159es 28 000 u\u017eivatel\u016f pou\u017e\u00edv\u00e1 aplikaci KASA FIK RegioJet Nejv\u011bt\u0161\u00ed soukrom\u00fd p\u0159epravce a provozovatel hotelov\u00e9 s\u00edt\u011b RegioJet, pat\u0159\u00edc\u00ed do skupiny Student Agency, si vybral objednac\u00ed kiosky KASA FIK. V\u00edce o Kiosk syst\u00e9mech zde. Riverside Coffee &#8222;Cht\u011bli jsme pro na\u0161i nov\u011b otev\u0159enou kav\u00e1rnu modern\u00ed pokladnu. Zvolili jsme KASA FIK, proto\u017ee ani za [&hellip;]","og_url":"https:\/\/www.kasafik.cz\/web\/cs\/homepage-cs\/homepage-cs-reference\/","og_site_name":"KASA FIK","article_modified_time":"2022-12-27T11:35:50+00:00","twitter_card":"summary_large_image","twitter_misc":{"Odhadovan\u00e1 doba \u010dten\u00ed":"9 minut"},"schema":{"@context":"https:\/\/schema.org","@graph":[{"@type":"WebPage","@id":"https:\/\/www.kasafik.cz\/web\/cs\/homepage-cs\/homepage-cs-reference\/","url":"https:\/\/www.kasafik.cz\/web\/cs\/homepage-cs\/homepage-cs-reference\/","name":"Homepage - cs - reference - KASA FIK","isPartOf":{"@id":"https:\/\/www.kasafik.cz\/web\/#website"},"datePublished":"2021-12-16T14:54:56+00:00","dateModified":"2022-12-27T11:35:50+00:00","breadcrumb":{"@id":"https:\/\/www.kasafik.cz\/web\/cs\/homepage-cs\/homepage-cs-reference\/#breadcrumb"},"inLanguage":"cs","potentialAction":[{"@type":"ReadAction","target":["https:\/\/www.kasafik.cz\/web\/cs\/homepage-cs\/homepage-cs-reference\/"]}]},{"@type":"BreadcrumbList","@id":"https:\/\/www.kasafik.cz\/web\/cs\/homepage-cs\/homepage-cs-reference\/#breadcrumb","itemListElement":[{"@type":"ListItem","position":1,"name":"Home","item":"https:\/\/origin.kasafik.cz\/web\/cs\/"},{"@type":"ListItem","position":2,"name":"Pokladn\u00ed syst\u00e9m a samoobslu\u017en\u00e9 platebn\u00ed kiosky","item":"https:\/\/origin.kasafik.cz\/web\/cs\/"},{"@type":"ListItem","position":3,"name":"Homepage &#8211; cs &#8211; reference"}]},{"@type":"WebSite","@id":"https:\/\/www.kasafik.cz\/web\/#website","url":"https:\/\/www.kasafik.cz\/web\/","name":"KASA FIK","description":"","potentialAction":[{"@type":"SearchAction","target":{"@type":"EntryPoint","urlTemplate":"https:\/\/www.kasafik.cz\/web\/?s={search_term_string}"},"query-input":{"@type":"PropertyValueSpecification","valueRequired":true,"valueName":"search_term_string"}}],"inLanguage":"cs"}]}},"jetpack_sharing_enabled":true,"_links":{"self":[{"href":"https:\/\/www.kasafik.cz\/web\/wp-json\/wp\/v2\/pages\/11991","targetHints":{"allow":["GET"]}}],"collection":[{"href":"https:\/\/www.kasafik.cz\/web\/wp-json\/wp\/v2\/pages"}],"about":[{"href":"https:\/\/www.kasafik.cz\/web\/wp-json\/wp\/v2\/types\/page"}],"author":[{"embeddable":true,"href":"https:\/\/www.kasafik.cz\/web\/wp-json\/wp\/v2\/users\/1"}],"replies":[{"embeddable":true,"href":"https:\/\/www.kasafik.cz\/web\/wp-json\/wp\/v2\/comments?post=11991"}],"version-history":[{"count":8,"href":"https:\/\/www.kasafik.cz\/web\/wp-json\/wp\/v2\/pages\/11991\/revisions"}],"predecessor-version":[{"id":12757,"href":"https:\/\/www.kasafik.cz\/web\/wp-json\/wp\/v2\/pages\/11991\/revisions\/12757"}],"up":[{"embeddable":true,"href":"https:\/\/www.kasafik.cz\/web\/wp-json\/wp\/v2\/pages\/18"}],"wp:attachment":[{"href":"https:\/\/www.kasafik.cz\/web\/wp-json\/wp\/v2\/media?parent=11991"}],"curies":[{"name":"wp","href":"https:\/\/api.w.org\/{rel}","templated":true}]}}