{"id":11352,"date":"2020-11-26T14:51:07","date_gmt":"2020-11-26T14:51:07","guid":{"rendered":"https:\/\/origin.kasafik.cz\/web\/?page_id=11352"},"modified":"2024-01-25T10:06:36","modified_gmt":"2024-01-25T10:06:36","slug":"softpos","status":"publish","type":"page","link":"https:\/\/www.kasafik.cz\/web\/cs\/softpos\/","title":{"rendered":"SoftPos"},"content":{"rendered":"\t\t<div data-elementor-type=\"wp-page\" data-elementor-id=\"11352\" class=\"elementor elementor-11352\" data-elementor-post-type=\"page\">\n\t\t\t\t\t\t<section class=\"elementor-section elementor-top-section elementor-element elementor-element-440f070 elementor-section-boxed elementor-section-height-default elementor-section-height-default\" data-id=\"440f070\" data-element_type=\"section\" data-e-type=\"section\">\n\t\t\t\t\t\t<div class=\"elementor-container elementor-column-gap-default\">\n\t\t\t\t\t<div class=\"elementor-column elementor-col-100 elementor-top-column elementor-element elementor-element-c3fb884\" data-id=\"c3fb884\" data-element_type=\"column\" data-e-type=\"column\">\n\t\t\t<div class=\"elementor-widget-wrap elementor-element-populated\">\n\t\t\t\t\t\t<div class=\"elementor-element elementor-element-e76b20c elementor-widget elementor-widget-heading\" data-id=\"e76b20c\" data-element_type=\"widget\" data-e-type=\"widget\" data-widget_type=\"heading.default\">\n\t\t\t\t<div class=\"elementor-widget-container\">\n\t\t\t\t\t<h2 class=\"elementor-heading-title elementor-size-default\">SoftPOS: V\u00e1\u0161 telefon, va\u0161e pokladna<\/h2>\t\t\t\t<\/div>\n\t\t\t\t<\/div>\n\t\t\t\t\t<\/div>\n\t\t<\/div>\n\t\t\t\t\t<\/div>\n\t\t<\/section>\n\t\t\t\t<section class=\"elementor-section elementor-top-section elementor-element elementor-element-6f9ba89 elementor-section-boxed elementor-section-height-default elementor-section-height-default\" data-id=\"6f9ba89\" data-element_type=\"section\" data-e-type=\"section\">\n\t\t\t\t\t\t<div class=\"elementor-container elementor-column-gap-default\">\n\t\t\t\t\t<div class=\"elementor-column elementor-col-100 elementor-top-column elementor-element elementor-element-9f114a2\" data-id=\"9f114a2\" data-element_type=\"column\" data-e-type=\"column\">\n\t\t\t<div class=\"elementor-widget-wrap elementor-element-populated\">\n\t\t\t\t\t\t<div class=\"elementor-element elementor-element-20408c8 elementor-widget elementor-widget-text-editor\" data-id=\"20408c8\" data-element_type=\"widget\" data-e-type=\"widget\" data-widget_type=\"text-editor.default\">\n\t\t\t\t<div class=\"elementor-widget-container\">\n\t\t\t\t\t\t\t\t\t<p><b>Jednoduch\u00e9 \u0159e\u0161en\u00ed pokladny p\u0159\u00edmo ve va\u0161em telefonu.&nbsp;<\/b><\/p>\n<p>Softpos je jednoduch\u00fd software, pomoc\u00ed kter\u00e9ho m\u016f\u017eete <b>p\u0159ij\u00edmat platby kartou p\u0159\u00edmo ve va\u0161em mobiln\u00edm telefonu<\/b>, kter\u00fd podporuje funkci NFC. Pokladn\u00ed aplikace je ur\u010den\u00e1 pro platformu Android.&nbsp;<\/p>\n<p><b>Akceptujte bezkontaktn\u00ed karty <\/b>nebo jin\u00e9 virut\u00e1ln\u00ed platebn\u00ed metody, jako nap\u0159\u00edklad <b>Google Pay, Apple Pay<\/b> \u010di <b>platebn\u00ed hodinky.<\/b><\/p>\n<p>Jedine\u010dn\u00e9 \u0159e\u0161en\u00ed, ke kter\u00e9mu <b>nepot\u0159ebujete \u017e\u00e1dn\u00e9 za\u0159\u00edzen\u00ed,<\/b> okrem va\u0161eho smartphonu. Vy\u017eaduje pouze p\u0159ipojen\u00ed k internetu.<\/p>\n<p>\u00da\u010dtenku ode\u0161lete na e-mail nebo SMS.<\/p>\t\t\t\t\t\t\t\t<\/div>\n\t\t\t\t<\/div>\n\t\t\t\t<section class=\"elementor-section elementor-inner-section elementor-element elementor-element-0c8476e elementor-section-boxed elementor-section-height-default elementor-section-height-default\" data-id=\"0c8476e\" data-element_type=\"section\" data-e-type=\"section\">\n\t\t\t\t\t\t<div class=\"elementor-container elementor-column-gap-default\">\n\t\t\t\t\t<div class=\"elementor-column elementor-col-50 elementor-inner-column elementor-element elementor-element-99ba2e8\" data-id=\"99ba2e8\" data-element_type=\"column\" data-e-type=\"column\">\n\t\t\t<div class=\"elementor-widget-wrap elementor-element-populated\">\n\t\t\t\t\t\t<div class=\"elementor-element elementor-element-eca6208 elementor-widget elementor-widget-image\" data-id=\"eca6208\" data-element_type=\"widget\" data-e-type=\"widget\" data-widget_type=\"image.default\">\n\t\t\t\t<div class=\"elementor-widget-container\">\n\t\t\t\t\t\t\t\t\t\t\t\t\t\t\t<img fetchpriority=\"high\" decoding=\"async\" width=\"768\" height=\"476\" src=\"https:\/\/www.kasafik.cz\/web\/wp-content\/uploads\/2020\/11\/1_NENTy-gyQBMgG_OUbb0iRA-768x476.png\" class=\"attachment-medium_large size-medium_large wp-image-11354\" alt=\"\" srcset=\"https:\/\/www.kasafik.cz\/web\/wp-content\/uploads\/2020\/11\/1_NENTy-gyQBMgG_OUbb0iRA-768x476.png 768w, https:\/\/www.kasafik.cz\/web\/wp-content\/uploads\/2020\/11\/1_NENTy-gyQBMgG_OUbb0iRA-600x371.png 600w, https:\/\/www.kasafik.cz\/web\/wp-content\/uploads\/2020\/11\/1_NENTy-gyQBMgG_OUbb0iRA-300x186.png 300w, https:\/\/www.kasafik.cz\/web\/wp-content\/uploads\/2020\/11\/1_NENTy-gyQBMgG_OUbb0iRA.png 1024w\" sizes=\"(max-width: 768px) 100vw, 768px\" \/>\t\t\t\t\t\t\t\t\t\t\t\t\t\t\t<\/div>\n\t\t\t\t<\/div>\n\t\t\t\t\t<\/div>\n\t\t<\/div>\n\t\t\t\t<div class=\"elementor-column elementor-col-50 elementor-inner-column elementor-element elementor-element-306a314\" data-id=\"306a314\" data-element_type=\"column\" data-e-type=\"column\">\n\t\t\t<div class=\"elementor-widget-wrap elementor-element-populated\">\n\t\t\t\t\t\t<div class=\"elementor-element elementor-element-5ac1503 elementor-widget elementor-widget-image\" data-id=\"5ac1503\" data-element_type=\"widget\" data-e-type=\"widget\" data-widget_type=\"image.default\">\n\t\t\t\t<div class=\"elementor-widget-container\">\n\t\t\t\t\t\t\t\t\t\t\t\t\t\t\t<img decoding=\"async\" width=\"752\" height=\"407\" src=\"https:\/\/www.kasafik.cz\/web\/wp-content\/uploads\/2020\/11\/SoftPOS-2.jpg\" class=\"attachment-medium_large size-medium_large wp-image-11355\" alt=\"\" srcset=\"https:\/\/www.kasafik.cz\/web\/wp-content\/uploads\/2020\/11\/SoftPOS-2.jpg 752w, https:\/\/www.kasafik.cz\/web\/wp-content\/uploads\/2020\/11\/SoftPOS-2-600x325.jpg 600w, https:\/\/www.kasafik.cz\/web\/wp-content\/uploads\/2020\/11\/SoftPOS-2-300x162.jpg 300w\" sizes=\"(max-width: 752px) 100vw, 752px\" \/>\t\t\t\t\t\t\t\t\t\t\t\t\t\t\t<\/div>\n\t\t\t\t<\/div>\n\t\t\t\t\t<\/div>\n\t\t<\/div>\n\t\t\t\t\t<\/div>\n\t\t<\/section>\n\t\t\t\t<div class=\"elementor-element elementor-element-7d853c3 elementor-widget elementor-widget-video\" data-id=\"7d853c3\" data-element_type=\"widget\" data-e-type=\"widget\" data-settings=\"{&quot;youtube_url&quot;:&quot;https:\\\/\\\/www.youtube.com\\\/watch?v=DeS3nwav5vY&amp;ab_channel=SoftPos&quot;,&quot;video_type&quot;:&quot;youtube&quot;,&quot;controls&quot;:&quot;yes&quot;}\" data-widget_type=\"video.default\">\n\t\t\t\t<div class=\"elementor-widget-container\">\n\t\t\t\t\t\t\t<div class=\"elementor-wrapper elementor-open-inline\">\n\t\t\t<div class=\"elementor-video\"><\/div>\t\t<\/div>\n\t\t\t\t\t\t<\/div>\n\t\t\t\t<\/div>\n\t\t\t\t\t<\/div>\n\t\t<\/div>\n\t\t\t\t\t<\/div>\n\t\t<\/section>\n\t\t\t\t<\/div>\n\t\t","protected":false},"excerpt":{"rendered":"<p>SoftPOS: V\u00e1\u0161 telefon, va\u0161e pokladna Jednoduch\u00e9 \u0159e\u0161en\u00ed pokladny p\u0159\u00edmo ve va\u0161em telefonu.&nbsp; Softpos je jednoduch\u00fd software, pomoc\u00ed kter\u00e9ho m\u016f\u017eete p\u0159ij\u00edmat platby kartou p\u0159\u00edmo ve va\u0161em mobiln\u00edm telefonu, kter\u00fd podporuje funkci NFC. Pokladn\u00ed aplikace je ur\u010den\u00e1 pro platformu Android.&nbsp; Akceptujte bezkontaktn\u00ed karty nebo jin\u00e9 virut\u00e1ln\u00ed platebn\u00ed metody, jako nap\u0159\u00edklad Google Pay, Apple Pay \u010di platebn\u00ed hodinky. [&hellip;]<\/p>\n","protected":false},"author":8,"featured_media":0,"parent":0,"menu_order":0,"comment_status":"closed","ping_status":"closed","template":"page-templates\/full-width-notop-margin.php","meta":{"footnotes":""},"class_list":["post-11352","page","type-page","status-publish","hentry"],"yoast_head":"<!-- This site is optimized with the Yoast SEO plugin v27.4 - https:\/\/yoast.com\/product\/yoast-seo-wordpress\/ -->\n<title>SoftPos - KASA FIK<\/title>\n<meta name=\"robots\" content=\"index, follow, max-snippet:-1, max-image-preview:large, max-video-preview:-1\" \/>\n<link rel=\"canonical\" href=\"https:\/\/www.kasafik.cz\/web\/cs\/softpos\/\" \/>\n<meta property=\"og:locale\" content=\"cs_CZ\" \/>\n<meta property=\"og:type\" content=\"article\" \/>\n<meta property=\"og:title\" content=\"SoftPos - KASA FIK\" \/>\n<meta property=\"og:description\" content=\"SoftPOS: V\u00e1\u0161 telefon, va\u0161e pokladna Jednoduch\u00e9 \u0159e\u0161en\u00ed pokladny p\u0159\u00edmo ve va\u0161em telefonu.&nbsp; Softpos je jednoduch\u00fd software, pomoc\u00ed kter\u00e9ho m\u016f\u017eete p\u0159ij\u00edmat platby kartou p\u0159\u00edmo ve va\u0161em mobiln\u00edm telefonu, kter\u00fd podporuje funkci NFC. Pokladn\u00ed aplikace je ur\u010den\u00e1 pro platformu Android.&nbsp; Akceptujte bezkontaktn\u00ed karty nebo jin\u00e9 virut\u00e1ln\u00ed platebn\u00ed metody, jako nap\u0159\u00edklad Google Pay, Apple Pay \u010di platebn\u00ed hodinky. [&hellip;]\" \/>\n<meta property=\"og:url\" content=\"https:\/\/www.kasafik.cz\/web\/cs\/softpos\/\" \/>\n<meta property=\"og:site_name\" content=\"KASA FIK\" \/>\n<meta property=\"article:modified_time\" content=\"2024-01-25T10:06:36+00:00\" \/>\n<meta name=\"twitter:card\" content=\"summary_large_image\" \/>\n<meta name=\"twitter:label1\" content=\"Odhadovan\u00e1 doba \u010dten\u00ed\" \/>\n\t<meta name=\"twitter:data1\" content=\"1 minuta\" \/>\n<script type=\"application\/ld+json\" class=\"yoast-schema-graph\">{\"@context\":\"https:\\\/\\\/schema.org\",\"@graph\":[{\"@type\":\"WebPage\",\"@id\":\"https:\\\/\\\/www.kasafik.cz\\\/web\\\/cs\\\/softpos\\\/\",\"url\":\"https:\\\/\\\/www.kasafik.cz\\\/web\\\/cs\\\/softpos\\\/\",\"name\":\"SoftPos - KASA FIK\",\"isPartOf\":{\"@id\":\"https:\\\/\\\/www.kasafik.cz\\\/web\\\/#website\"},\"datePublished\":\"2020-11-26T14:51:07+00:00\",\"dateModified\":\"2024-01-25T10:06:36+00:00\",\"breadcrumb\":{\"@id\":\"https:\\\/\\\/www.kasafik.cz\\\/web\\\/cs\\\/softpos\\\/#breadcrumb\"},\"inLanguage\":\"cs\",\"potentialAction\":[{\"@type\":\"ReadAction\",\"target\":[\"https:\\\/\\\/www.kasafik.cz\\\/web\\\/cs\\\/softpos\\\/\"]}]},{\"@type\":\"BreadcrumbList\",\"@id\":\"https:\\\/\\\/www.kasafik.cz\\\/web\\\/cs\\\/softpos\\\/#breadcrumb\",\"itemListElement\":[{\"@type\":\"ListItem\",\"position\":1,\"name\":\"Home\",\"item\":\"https:\\\/\\\/www.kasafik.cz\\\/web\\\/cs\\\/\"},{\"@type\":\"ListItem\",\"position\":2,\"name\":\"SoftPos\"}]},{\"@type\":\"WebSite\",\"@id\":\"https:\\\/\\\/www.kasafik.cz\\\/web\\\/#website\",\"url\":\"https:\\\/\\\/www.kasafik.cz\\\/web\\\/\",\"name\":\"KASA FIK\",\"description\":\"\",\"potentialAction\":[{\"@type\":\"SearchAction\",\"target\":{\"@type\":\"EntryPoint\",\"urlTemplate\":\"https:\\\/\\\/www.kasafik.cz\\\/web\\\/?s={search_term_string}\"},\"query-input\":{\"@type\":\"PropertyValueSpecification\",\"valueRequired\":true,\"valueName\":\"search_term_string\"}}],\"inLanguage\":\"cs\"}]}<\/script>\n<!-- \/ Yoast SEO plugin. -->","yoast_head_json":{"title":"SoftPos - KASA FIK","robots":{"index":"index","follow":"follow","max-snippet":"max-snippet:-1","max-image-preview":"max-image-preview:large","max-video-preview":"max-video-preview:-1"},"canonical":"https:\/\/www.kasafik.cz\/web\/cs\/softpos\/","og_locale":"cs_CZ","og_type":"article","og_title":"SoftPos - KASA FIK","og_description":"SoftPOS: V\u00e1\u0161 telefon, va\u0161e pokladna Jednoduch\u00e9 \u0159e\u0161en\u00ed pokladny p\u0159\u00edmo ve va\u0161em telefonu.&nbsp; Softpos je jednoduch\u00fd software, pomoc\u00ed kter\u00e9ho m\u016f\u017eete p\u0159ij\u00edmat platby kartou p\u0159\u00edmo ve va\u0161em mobiln\u00edm telefonu, kter\u00fd podporuje funkci NFC. Pokladn\u00ed aplikace je ur\u010den\u00e1 pro platformu Android.&nbsp; Akceptujte bezkontaktn\u00ed karty nebo jin\u00e9 virut\u00e1ln\u00ed platebn\u00ed metody, jako nap\u0159\u00edklad Google Pay, Apple Pay \u010di platebn\u00ed hodinky. [&hellip;]","og_url":"https:\/\/www.kasafik.cz\/web\/cs\/softpos\/","og_site_name":"KASA FIK","article_modified_time":"2024-01-25T10:06:36+00:00","twitter_card":"summary_large_image","twitter_misc":{"Odhadovan\u00e1 doba \u010dten\u00ed":"1 minuta"},"schema":{"@context":"https:\/\/schema.org","@graph":[{"@type":"WebPage","@id":"https:\/\/www.kasafik.cz\/web\/cs\/softpos\/","url":"https:\/\/www.kasafik.cz\/web\/cs\/softpos\/","name":"SoftPos - KASA FIK","isPartOf":{"@id":"https:\/\/www.kasafik.cz\/web\/#website"},"datePublished":"2020-11-26T14:51:07+00:00","dateModified":"2024-01-25T10:06:36+00:00","breadcrumb":{"@id":"https:\/\/www.kasafik.cz\/web\/cs\/softpos\/#breadcrumb"},"inLanguage":"cs","potentialAction":[{"@type":"ReadAction","target":["https:\/\/www.kasafik.cz\/web\/cs\/softpos\/"]}]},{"@type":"BreadcrumbList","@id":"https:\/\/www.kasafik.cz\/web\/cs\/softpos\/#breadcrumb","itemListElement":[{"@type":"ListItem","position":1,"name":"Home","item":"https:\/\/www.kasafik.cz\/web\/cs\/"},{"@type":"ListItem","position":2,"name":"SoftPos"}]},{"@type":"WebSite","@id":"https:\/\/www.kasafik.cz\/web\/#website","url":"https:\/\/www.kasafik.cz\/web\/","name":"KASA FIK","description":"","potentialAction":[{"@type":"SearchAction","target":{"@type":"EntryPoint","urlTemplate":"https:\/\/www.kasafik.cz\/web\/?s={search_term_string}"},"query-input":{"@type":"PropertyValueSpecification","valueRequired":true,"valueName":"search_term_string"}}],"inLanguage":"cs"}]}},"jetpack_sharing_enabled":true,"_links":{"self":[{"href":"https:\/\/www.kasafik.cz\/web\/wp-json\/wp\/v2\/pages\/11352","targetHints":{"allow":["GET"]}}],"collection":[{"href":"https:\/\/www.kasafik.cz\/web\/wp-json\/wp\/v2\/pages"}],"about":[{"href":"https:\/\/www.kasafik.cz\/web\/wp-json\/wp\/v2\/types\/page"}],"author":[{"embeddable":true,"href":"https:\/\/www.kasafik.cz\/web\/wp-json\/wp\/v2\/users\/8"}],"replies":[{"embeddable":true,"href":"https:\/\/www.kasafik.cz\/web\/wp-json\/wp\/v2\/comments?post=11352"}],"version-history":[{"count":5,"href":"https:\/\/www.kasafik.cz\/web\/wp-json\/wp\/v2\/pages\/11352\/revisions"}],"predecessor-version":[{"id":15607,"href":"https:\/\/www.kasafik.cz\/web\/wp-json\/wp\/v2\/pages\/11352\/revisions\/15607"}],"wp:attachment":[{"href":"https:\/\/www.kasafik.cz\/web\/wp-json\/wp\/v2\/media?parent=11352"}],"curies":[{"name":"wp","href":"https:\/\/api.w.org\/{rel}","templated":true}]}}