{"id":1055,"date":"2016-06-12T18:08:15","date_gmt":"2016-06-12T18:08:15","guid":{"rendered":"https:\/\/www.kasafik.cz\/web\/?page_id=1055"},"modified":"2024-01-25T10:06:18","modified_gmt":"2024-01-25T10:06:18","slug":"pokladni-system-funkce","status":"publish","type":"page","link":"https:\/\/www.kasafik.cz\/web\/cs\/pokladni-system-funkce\/","title":{"rendered":"Pokladn\u00ed syst\u00e9m &#8211; Funkce"},"content":{"rendered":"<div class=\"container-fluid\" style=\"background-image: url('\/web\/wp-content\/uploads\/2019\/05\/kasa-fik-sk-header.png'); background-size: cover;\">\n<div class=\"container\">\n<div class=\"row\">\n<h1 class=\"thin\" style=\"margin-top: 1em;\">Programy pokladen KASA FIK<\/h1>\n<h4 class=\"thin\" style=\"margin-top: 2em;\"><em>Pokladny KASA FIK jsou ide\u00e1ln\u00ed opravdu pro v\u0161echny. Provozovatele slu\u017eeb, obchody, vina\u0159e, \u0159emeseln\u00edky, restaurace i rychl\u00e9 ob\u010derstven\u00ed.<\/em> Vyberte si jednodu\u0161\u0161\u00ed program STANDARD nebo pln\u00fa verzi PREMIUM.<\/h4>\n<\/div>\n<div class=\"col-md-5\"><img \" \/><\/div>\n<\/p><\/div>\n<\/p><\/div>\n<\/div>\n<style>\n   .pricebox div.pricecontent{\n   font-family: 'Roboto', sans-serif;\n   background-color: white;\n   margin: 1em 0.0em 1em 0.0em;\n   text-align: center;\n   color: black;\n   box-shadow: 0 4px 10px rgba(0,0,0,.25);\n   -webkit-transition: all .2s ease-out;\n   -moz-transition: all .2s ease-out;\n   -o-transition: all .2s ease-out;\n   transition: all .2s ease-out;\n   }\n   .pricebox div.pricecontent:hover{\n   }\n   .pricebox div.pricecontent h3 small{\n   font-size: 50%\n   }\n   .pricebox div.pricecontent h3{\n   padding: 0 0 0 0;\n   font-size: 3.4em;\n   font-weight: 900;\n   margin: 0;\n   margin-bottom: 40px;\n   }\n   .pricebox div.pricecontent h3 small{\n   }\n   .pricebox div.pricecontent h2{\n   padding: 0.5em;\n   font-size: 1.0em;\n   line-height: 1.5em;\nmin-height: 90px;\n   margin: 1.5em 0 0.5em;\n   font-weight: 300;\n   }\n   .pricebox a.pop{\n   cursor: help;\n   border: 2px solid white;\n   display: block;\n   -webkit-transition: all .2s ease-out;\n   -moz-transition: all .2s ease-out;\n   -o-transition: all .2s ease-out;\n   transition: all .2s ease-out;\n   }\n   .pricebox a.pop:hover{\n   border: 2px solid #00B259;\n   background-color: silver;\n   }\n   .pricebox ul{\n   list-style-position: outside;\n   list-style-type: none;\n   margin: 0;\n   padding: 0;\n   min-height: 200px;\n   }\n   .pricebox ul li{\n   color: #444444;\n   line-height: 180%;\n   font-size: 120%;\n   }\n   .pricebox a.btn.full{\n   margin-top: 1em;\n   background-color: #00B259;\n   width: 100%;\n   border: 2px solid #00B259;\n   color: white;\n   font-size: 1.6em;\n   margin-bottom: 20px;\n   -webkit-transition: all .2s ease-out;\n   -moz-transition: all .2s ease-out;\n   -o-transition: all .2s ease-out;\n   transition: all .2s ease-out;\n   border-radius:0;\n   }\n   .pricebox a.btn.full:hover{\n   background-color: cadetblue;\n   border: 2px solid black;\n   }\n   .pricebox a.btn.price{\n   text-align: right;\n   }\n   .pricebox a.btn.price span{\n   font-weight: 900;\n   }\n   .pricebox .bottomprice{\n   min-height: 40px;\n   display: none;\n   }\n   .pricebox .pricecontent.ribbon{\n   position:relative;\n   }\n   .pricebox li span.infolink{\n   cursor: help;\n   }\n   .pricebox li span.infolink{\n   border-bottom: 1px dotted cadetblue;\n   }\n   .pricebox li span.infolink:hover{\n   color: cadetblue;\n   }\n   .pricebox .btn{\n   -webkit-transition: background-position 0.8s;\n   -moz-transition: background-position 0.8s;\n   transition: background-position 0.8s;\n   margin: 30px 0;\n   width: 100%;\n   }\n   .pricebox .btn:hover {\n   background-position: 0 -100%;\n   }\n   .pricebox .nomonthly{\n   border-bottom: 1px solid silver;\n   padding-bottom: 5px;\n   }\n   .fixedprice{\n   font-size: 180%\n   }\n<\/style>\n<div class=\"container-fluid pricebox\" style=\"background-color: #DDDDDD;\">\n<div class=\"container\" >\n<h2 class=\"thin text-center\" style=\"margin-top: 2em; margin-bottom: 1em;\">Vybrat si m\u016f\u017eete z n\u00e1sleduj\u00edc\u00edch variant program\u016f KASA FIK<\/h2>\n<div class=\"row\">\n<div class=\"col-md-6 hproduct\">\n<div class=\"pricecontent ribbon\">\n<h3><small>Program<\/small><br \/>STANDARD<\/h3>\n<p>               <img fetchpriority=\"high\" decoding=\"async\" src=\"\/web\/wp-content\/uploads\/2020\/02\/screenshot_1582293224-300x169.png \" alt=\"\" width=\"300\" height=\"200\"  class=\"aligncenter size-medium wp-image-3471\" style=\"max-height: 200px;max-width: 100%;\" \/><\/p>\n<h2>Popul\u00e1rn\u00ed a velice obl\u00edben\u00e1 pokladna s rychl\u00fdmi polo\u017ekami, kl\u00e1vesnic\u00ed a p\u0159\u00edm\u00fdm zad\u00e1n\u00edm ceny, slevami a polo\u017ekov\u00fdm seznamem.<\/p>\n<\/h2>\n<p>               <a class=\"btn btn-success btn-lg square\" href=\"..\/pokladni-system-klasik\/\">V\u00edce informac\u00ed<\/a>\n            <\/div>\n<\/p><\/div>\n<div class hidden=\"col-md-4 hproduct\">\n<div class=\"pricecontent ribbon\">\n<h3><small>Program<\/small><br \/>PLUS<\/h3>\n<p>               <img decoding=\"async\" src=\"\/web\/wp-content\/uploads\/2020\/02\/screenshot_1582294374-300x169.png\" alt=\"\" width=\"300\" height=\"200\" class=\"aligncenter size-medium wp-image-1186\"  style=\"max-height: 200px;max-width: 100%;\"\/><\/p>\n<h2>Polo\u017ekov\u00e1 pokladna s dla\u017edicemi, kategoriemi, tiskem objedn\u00e1vek a z\u00e1kaznick\u00fdm syst\u00e9mem. Odpisy ze sklad\u016f, odt\u011b\u017eov\u00e1n\u00ed a mnoho dal\u0161\u00edch funkc\u00ed.<\/h2>\n<p>               <a class=\"btn btn-success btn-lg square\" href=\"..\/pokladni-system-plus\/\">V\u00edce informac\u00ed<\/a>\n            <\/div>\n<\/p><\/div>\n<div class=\"col-md-6 hproduct\">\n<div class=\"pricecontent ribbon\">\n<h3><small>Program<\/small><br \/>PREMIUM<\/h3>\n<p><img decoding=\"async\" src=\"\/web\/wp-content\/uploads\/2020\/11\/backofficescreen.png\" alt=\"\" height=\"200\" width=\"300\" class=\"aligncenter size-medium wp-image-10527\" \/>   <\/p>\n<h2>Polo\u017ekov\u00e1 pokladna s dla\u017edicemi, kategoriemi, tiskem objedn\u00e1vek a z\u00e1kaznick\u00fdm syst\u00e9mem. Odpisy ze sklad\u016f, odt\u011b\u017eov\u00e1n\u00ed, vzd\u00e1len\u00e1 spr\u00e1va &#8211; v\u0161e za jednu n\u00edzkou m\u011bs\u00ed\u010dn\u00ed platbu bez investic. <\/h2>\n<p>               <a class=\"btn btn-success btn-lg square\" href=\"\/web\/cs\/kontakty\/\">Zavolat a zjistit v\u00edce informac\u00ed<\/a>\n            <\/div>\n<\/p><\/div>\n<p>         <!-- \/box -->\n      <\/div>\n<p>      <!-- \/row -->\n         <\/div>\n<p>   <!-- \/container -->\n<\/div>\n<p><!-- \/container-fluid --><\/p>\n","protected":false},"excerpt":{"rendered":"<p>Programy pokladen KASA FIK Pokladny KASA FIK jsou ide\u00e1ln\u00ed opravdu pro v\u0161echny. Provozovatele slu\u017eeb, obchody, vina\u0159e, \u0159emeseln\u00edky, restaurace i rychl\u00e9 ob\u010derstven\u00ed. Vyberte si jednodu\u0161\u0161\u00ed program STANDARD nebo pln\u00fa verzi PREMIUM.<\/p>\n","protected":false},"author":1,"featured_media":0,"parent":0,"menu_order":0,"comment_status":"closed","ping_status":"closed","template":"page-templates\/full-width-notop-margin.php","meta":{"footnotes":""},"class_list":["post-1055","page","type-page","status-publish","hentry"],"yoast_head":"<!-- This site is optimized with the Yoast SEO plugin v27.2 - https:\/\/yoast.com\/product\/yoast-seo-wordpress\/ -->\n<title>Pokladn\u00ed syst\u00e9m - Funkce - KASA FIK<\/title>\n<meta name=\"robots\" content=\"index, follow, max-snippet:-1, max-image-preview:large, max-video-preview:-1\" \/>\n<link rel=\"canonical\" href=\"https:\/\/www.kasafik.cz\/web\/cs\/pokladni-system-funkce\/\" \/>\n<meta property=\"og:locale\" content=\"cs_CZ\" \/>\n<meta property=\"og:type\" content=\"article\" \/>\n<meta property=\"og:title\" content=\"Pokladn\u00ed syst\u00e9m - Funkce - KASA FIK\" \/>\n<meta property=\"og:description\" content=\"Programy pokladen KASA FIK Pokladny KASA FIK jsou ide\u00e1ln\u00ed opravdu pro v\u0161echny. Provozovatele slu\u017eeb, obchody, vina\u0159e, \u0159emeseln\u00edky, restaurace i rychl\u00e9 ob\u010derstven\u00ed. Vyberte si jednodu\u0161\u0161\u00ed program STANDARD nebo pln\u00fa verzi PREMIUM.\" \/>\n<meta property=\"og:url\" content=\"https:\/\/www.kasafik.cz\/web\/cs\/pokladni-system-funkce\/\" \/>\n<meta property=\"og:site_name\" content=\"KASA FIK\" \/>\n<meta property=\"article:modified_time\" content=\"2024-01-25T10:06:18+00:00\" \/>\n<meta name=\"twitter:card\" content=\"summary_large_image\" \/>\n<script type=\"application\/ld+json\" class=\"yoast-schema-graph\">{\"@context\":\"https:\/\/schema.org\",\"@graph\":[{\"@type\":\"WebPage\",\"@id\":\"https:\/\/www.kasafik.cz\/web\/cs\/pokladni-system-funkce\/\",\"url\":\"https:\/\/www.kasafik.cz\/web\/cs\/pokladni-system-funkce\/\",\"name\":\"Pokladn\u00ed syst\u00e9m - Funkce - KASA FIK\",\"isPartOf\":{\"@id\":\"https:\/\/www.kasafik.cz\/web\/#website\"},\"datePublished\":\"2016-06-12T18:08:15+00:00\",\"dateModified\":\"2024-01-25T10:06:18+00:00\",\"breadcrumb\":{\"@id\":\"https:\/\/www.kasafik.cz\/web\/cs\/pokladni-system-funkce\/#breadcrumb\"},\"inLanguage\":\"cs\",\"potentialAction\":[{\"@type\":\"ReadAction\",\"target\":[\"https:\/\/www.kasafik.cz\/web\/cs\/pokladni-system-funkce\/\"]}]},{\"@type\":\"BreadcrumbList\",\"@id\":\"https:\/\/www.kasafik.cz\/web\/cs\/pokladni-system-funkce\/#breadcrumb\",\"itemListElement\":[{\"@type\":\"ListItem\",\"position\":1,\"name\":\"Home\",\"item\":\"https:\/\/origin.kasafik.cz\/web\/cs\/\"},{\"@type\":\"ListItem\",\"position\":2,\"name\":\"Pokladn\u00ed syst\u00e9m &#8211; Funkce\"}]},{\"@type\":\"WebSite\",\"@id\":\"https:\/\/www.kasafik.cz\/web\/#website\",\"url\":\"https:\/\/www.kasafik.cz\/web\/\",\"name\":\"KASA FIK\",\"description\":\"\",\"potentialAction\":[{\"@type\":\"SearchAction\",\"target\":{\"@type\":\"EntryPoint\",\"urlTemplate\":\"https:\/\/www.kasafik.cz\/web\/?s={search_term_string}\"},\"query-input\":{\"@type\":\"PropertyValueSpecification\",\"valueRequired\":true,\"valueName\":\"search_term_string\"}}],\"inLanguage\":\"cs\"}]}<\/script>\n<!-- \/ Yoast SEO plugin. -->","yoast_head_json":{"title":"Pokladn\u00ed syst\u00e9m - Funkce - KASA FIK","robots":{"index":"index","follow":"follow","max-snippet":"max-snippet:-1","max-image-preview":"max-image-preview:large","max-video-preview":"max-video-preview:-1"},"canonical":"https:\/\/www.kasafik.cz\/web\/cs\/pokladni-system-funkce\/","og_locale":"cs_CZ","og_type":"article","og_title":"Pokladn\u00ed syst\u00e9m - Funkce - KASA FIK","og_description":"Programy pokladen KASA FIK Pokladny KASA FIK jsou ide\u00e1ln\u00ed opravdu pro v\u0161echny. Provozovatele slu\u017eeb, obchody, vina\u0159e, \u0159emeseln\u00edky, restaurace i rychl\u00e9 ob\u010derstven\u00ed. Vyberte si jednodu\u0161\u0161\u00ed program STANDARD nebo pln\u00fa verzi PREMIUM.","og_url":"https:\/\/www.kasafik.cz\/web\/cs\/pokladni-system-funkce\/","og_site_name":"KASA FIK","article_modified_time":"2024-01-25T10:06:18+00:00","twitter_card":"summary_large_image","schema":{"@context":"https:\/\/schema.org","@graph":[{"@type":"WebPage","@id":"https:\/\/www.kasafik.cz\/web\/cs\/pokladni-system-funkce\/","url":"https:\/\/www.kasafik.cz\/web\/cs\/pokladni-system-funkce\/","name":"Pokladn\u00ed syst\u00e9m - Funkce - KASA FIK","isPartOf":{"@id":"https:\/\/www.kasafik.cz\/web\/#website"},"datePublished":"2016-06-12T18:08:15+00:00","dateModified":"2024-01-25T10:06:18+00:00","breadcrumb":{"@id":"https:\/\/www.kasafik.cz\/web\/cs\/pokladni-system-funkce\/#breadcrumb"},"inLanguage":"cs","potentialAction":[{"@type":"ReadAction","target":["https:\/\/www.kasafik.cz\/web\/cs\/pokladni-system-funkce\/"]}]},{"@type":"BreadcrumbList","@id":"https:\/\/www.kasafik.cz\/web\/cs\/pokladni-system-funkce\/#breadcrumb","itemListElement":[{"@type":"ListItem","position":1,"name":"Home","item":"https:\/\/origin.kasafik.cz\/web\/cs\/"},{"@type":"ListItem","position":2,"name":"Pokladn\u00ed syst\u00e9m &#8211; Funkce"}]},{"@type":"WebSite","@id":"https:\/\/www.kasafik.cz\/web\/#website","url":"https:\/\/www.kasafik.cz\/web\/","name":"KASA FIK","description":"","potentialAction":[{"@type":"SearchAction","target":{"@type":"EntryPoint","urlTemplate":"https:\/\/www.kasafik.cz\/web\/?s={search_term_string}"},"query-input":{"@type":"PropertyValueSpecification","valueRequired":true,"valueName":"search_term_string"}}],"inLanguage":"cs"}]}},"jetpack_sharing_enabled":true,"_links":{"self":[{"href":"https:\/\/www.kasafik.cz\/web\/wp-json\/wp\/v2\/pages\/1055","targetHints":{"allow":["GET"]}}],"collection":[{"href":"https:\/\/www.kasafik.cz\/web\/wp-json\/wp\/v2\/pages"}],"about":[{"href":"https:\/\/www.kasafik.cz\/web\/wp-json\/wp\/v2\/types\/page"}],"author":[{"embeddable":true,"href":"https:\/\/www.kasafik.cz\/web\/wp-json\/wp\/v2\/users\/1"}],"replies":[{"embeddable":true,"href":"https:\/\/www.kasafik.cz\/web\/wp-json\/wp\/v2\/comments?post=1055"}],"version-history":[{"count":17,"href":"https:\/\/www.kasafik.cz\/web\/wp-json\/wp\/v2\/pages\/1055\/revisions"}],"predecessor-version":[{"id":15605,"href":"https:\/\/www.kasafik.cz\/web\/wp-json\/wp\/v2\/pages\/1055\/revisions\/15605"}],"wp:attachment":[{"href":"https:\/\/www.kasafik.cz\/web\/wp-json\/wp\/v2\/media?parent=1055"}],"curies":[{"name":"wp","href":"https:\/\/api.w.org\/{rel}","templated":true}]}}