{"id":10256,"date":"2020-01-17T08:29:31","date_gmt":"2020-01-17T08:29:31","guid":{"rendered":"https:\/\/origin.kasafik.cz\/web\/?page_id=10256"},"modified":"2024-01-25T09:46:46","modified_gmt":"2024-01-25T09:46:46","slug":"vraceni-zbozi","status":"publish","type":"page","link":"https:\/\/www.kasafik.cz\/web\/cs\/vraceni-zbozi\/","title":{"rendered":"Vr\u00e1cen\u00ed zbo\u017e\u00ed"},"content":{"rendered":"\t\t<div data-elementor-type=\"wp-page\" data-elementor-id=\"10256\" class=\"elementor elementor-10256\" data-elementor-post-type=\"page\">\n\t\t\t\t<div class=\"elementor-element elementor-element-9fb7f5a e-flex e-con-boxed e-con e-parent\" data-id=\"9fb7f5a\" data-element_type=\"container\" data-e-type=\"container\">\n\t\t\t\t\t<div class=\"e-con-inner\">\n\t\t\t\t<div class=\"elementor-element elementor-element-00d155e elementor-widget elementor-widget-heading\" data-id=\"00d155e\" data-element_type=\"widget\" data-e-type=\"widget\" data-widget_type=\"heading.default\">\n\t\t\t\t<div class=\"elementor-widget-container\">\n\t\t\t\t\t<h1 class=\"elementor-heading-title elementor-size-default\">Zp\u011btn\u00e1 z\u00e1silka a jednoduch\u00e1 reklamace<\/h1>\t\t\t\t<\/div>\n\t\t\t\t<\/div>\n\t\t\t\t\t<\/div>\n\t\t\t\t<\/div>\n\t\t\t\t<section class=\"elementor-section elementor-top-section elementor-element elementor-element-6140e411 elementor-section-boxed elementor-section-height-default elementor-section-height-default\" data-id=\"6140e411\" data-element_type=\"section\" data-e-type=\"section\">\n\t\t\t\t\t\t<div class=\"elementor-container elementor-column-gap-default\">\n\t\t\t\t\t<div class=\"elementor-column elementor-col-100 elementor-top-column elementor-element elementor-element-6654960f\" data-id=\"6654960f\" data-element_type=\"column\" data-e-type=\"column\">\n\t\t\t<div class=\"elementor-widget-wrap elementor-element-populated\">\n\t\t\t\t\t\t<div class=\"elementor-element elementor-element-94740fc elementor-widget elementor-widget-text-editor\" data-id=\"94740fc\" data-element_type=\"widget\" data-e-type=\"widget\" data-widget_type=\"text-editor.default\">\n\t\t\t\t<div class=\"elementor-widget-container\">\n\t\t\t\t\t\t\t\t\t<p><span style=\"font-size: 16px; color: #202020;\">V KASA FAIK n\u00e1m z\u00e1le\u017e\u00ed na spokojenosti na\u0161ich z\u00e1kazn\u00edk\u016f. Proto pokladny a za\u0159\u00edzen\u00ed nab\u00edz\u00edme s nadstandarn\u00edmi slu\u017ebami a to v\u010detn\u011b zas\u00edl\u00e1ln\u00ed zdarma v p\u0159\u00edpad\u011b probl\u00e9m\u016f.<\/span><\/p>\n<p>Na v\u0161echny prod\u00e1van\u00e9 produktu standardn\u011b <b>nab\u00edz\u00edme 2 roky z\u00e1ruku, 14 dn\u00ed na vr\u00e1cen\u00ed pen\u011bz<\/b>. V z\u00e1ru\u010dn\u00ed dob\u011b&nbsp;\u0159e\u0161\u00edme servis okam\u017eitou v\u00fdm\u011bnou za nov\u00fd kus. S KASA FIK je vr\u00e1cen\u00ed zbo\u017e\u00ed a reklamace jednoduch\u00e1. M\u016f\u017eete vyu\u017e\u00edt n\u011bkter\u00e9ho z na\u0161ich prodejn\u00edch a servisn\u00edch partner\u016f v regionu nebo podat zbo\u017e\u00ed zdarma na nejbli\u017e\u0161\u00ed prodejn\u011b Z\u00e1silkovny.<\/p>\n<h3><br><\/h3>\n<h3>1. Zabalte z\u00e1silku<\/h3>\n<p>Vhodn\u011b zabalte z\u00e1silku, aby nedo\u0161lo k po\u0161kozen\u00ed. Pros\u00edm p\u0159ilo\u017ete kr\u00e1tk\u00fd popis s kontaktem do bal\u00edku, abychom v\u011bd\u011bli od koho p\u0159\u00edpadn\u011b bal\u00edk je a jak\u00fd probl\u00e9m je nutn\u00e9 \u0159e\u0161it.<\/p>\n<p><br><\/p>\n<p><\/p>\n<h3>2.&nbsp;<a href=\"https:\/\/www.zasilkovna.cz\/pobocky\">Vyhledejte nejbli\u017e\u0161\u00ed z\u00e1silkovnu<\/a><\/h3>\n<p>Je jich opravdu hodn\u011b. Najd\u011bte si nejbli\u017e\u0161\u00ed z\u00e1silkovnu na webu.<\/p>\n<h3>&nbsp;<\/h3>\n<h3>3. Na z\u00e1silkovn\u011b sd\u011blte n\u00e1\u0161 k\u00f3d<\/h3>\n<p>Unik\u00e1tn\u00ed k\u00f3d zp\u011btn\u00e9 z\u00e1silky je <b>94929170<\/b><\/p>\n<h3>&nbsp;<\/h3>\n<h3>4. Nic neplat\u00edte<\/h3>\n<p>Za pod\u00e1n\u00ed z\u00e1silky nic neplat\u00edte. Vesele odch\u00e1z\u00edte. Nic V\u00e1s to nestoj\u00ed.<\/p>\n<p><br><\/p>\n<p><img fetchpriority=\"high\" decoding=\"async\" src=\"https:\/\/origin.kasafik.cz\/web\/wp-content\/uploads\/2020\/01\/zasilkovna-1024x504.jpg\" sizes=\"(max-width: 900px) 100vw, 900px\" srcset=\"https:\/\/origin.kasafik.cz\/web\/wp-content\/uploads\/2020\/01\/zasilkovna-1024x504.jpg 1024w, https:\/\/origin.kasafik.cz\/web\/wp-content\/uploads\/2020\/01\/zasilkovna-300x148.jpg 300w, https:\/\/origin.kasafik.cz\/web\/wp-content\/uploads\/2020\/01\/zasilkovna-768x378.jpg 768w, https:\/\/origin.kasafik.cz\/web\/wp-content\/uploads\/2020\/01\/zasilkovna.jpg 1047w\" alt=\"\" width=\"900\" height=\"443\"><!-- Created with Elementor --><\/p>\t\t\t\t\t\t\t\t<\/div>\n\t\t\t\t<\/div>\n\t\t\t\t\t<\/div>\n\t\t<\/div>\n\t\t\t\t\t<\/div>\n\t\t<\/section>\n\t\t\t\t<\/div>\n\t\t","protected":false},"excerpt":{"rendered":"<p>Zp\u011btn\u00e1 z\u00e1silka a jednoduch\u00e1 reklamace V KASA FAIK n\u00e1m z\u00e1le\u017e\u00ed na spokojenosti na\u0161ich z\u00e1kazn\u00edk\u016f. Proto pokladny a za\u0159\u00edzen\u00ed nab\u00edz\u00edme s nadstandarn\u00edmi slu\u017ebami a to v\u010detn\u011b zas\u00edl\u00e1ln\u00ed zdarma v p\u0159\u00edpad\u011b probl\u00e9m\u016f. Na v\u0161echny prod\u00e1van\u00e9 produktu standardn\u011b nab\u00edz\u00edme 2 roky z\u00e1ruku, 14 dn\u00ed na vr\u00e1cen\u00ed pen\u011bz. V z\u00e1ru\u010dn\u00ed dob\u011b&nbsp;\u0159e\u0161\u00edme servis okam\u017eitou v\u00fdm\u011bnou za nov\u00fd kus. S KASA [&hellip;]<\/p>\n","protected":false},"author":1,"featured_media":0,"parent":0,"menu_order":0,"comment_status":"closed","ping_status":"closed","template":"page-templates\/full-width-notop-margin.php","meta":{"footnotes":""},"class_list":["post-10256","page","type-page","status-publish","hentry"],"yoast_head":"<!-- This site is optimized with the Yoast SEO plugin v27.2 - https:\/\/yoast.com\/product\/yoast-seo-wordpress\/ -->\n<title>Vr\u00e1cen\u00ed zbo\u017e\u00ed - KASA FIK<\/title>\n<meta name=\"robots\" content=\"index, follow, max-snippet:-1, max-image-preview:large, max-video-preview:-1\" \/>\n<link rel=\"canonical\" href=\"https:\/\/www.kasafik.cz\/web\/cs\/vraceni-zbozi\/\" \/>\n<meta property=\"og:locale\" content=\"cs_CZ\" \/>\n<meta property=\"og:type\" content=\"article\" \/>\n<meta property=\"og:title\" content=\"Vr\u00e1cen\u00ed zbo\u017e\u00ed - KASA FIK\" \/>\n<meta property=\"og:description\" content=\"Zp\u011btn\u00e1 z\u00e1silka a jednoduch\u00e1 reklamace V KASA FAIK n\u00e1m z\u00e1le\u017e\u00ed na spokojenosti na\u0161ich z\u00e1kazn\u00edk\u016f. Proto pokladny a za\u0159\u00edzen\u00ed nab\u00edz\u00edme s nadstandarn\u00edmi slu\u017ebami a to v\u010detn\u011b zas\u00edl\u00e1ln\u00ed zdarma v p\u0159\u00edpad\u011b probl\u00e9m\u016f. Na v\u0161echny prod\u00e1van\u00e9 produktu standardn\u011b nab\u00edz\u00edme 2 roky z\u00e1ruku, 14 dn\u00ed na vr\u00e1cen\u00ed pen\u011bz. V z\u00e1ru\u010dn\u00ed dob\u011b&nbsp;\u0159e\u0161\u00edme servis okam\u017eitou v\u00fdm\u011bnou za nov\u00fd kus. S KASA [&hellip;]\" \/>\n<meta property=\"og:url\" content=\"https:\/\/www.kasafik.cz\/web\/cs\/vraceni-zbozi\/\" \/>\n<meta property=\"og:site_name\" content=\"KASA FIK\" \/>\n<meta property=\"article:modified_time\" content=\"2024-01-25T09:46:46+00:00\" \/>\n<meta name=\"twitter:card\" content=\"summary_large_image\" \/>\n<meta name=\"twitter:label1\" content=\"Odhadovan\u00e1 doba \u010dten\u00ed\" \/>\n\t<meta name=\"twitter:data1\" content=\"2 minuty\" \/>\n<script type=\"application\/ld+json\" class=\"yoast-schema-graph\">{\"@context\":\"https:\/\/schema.org\",\"@graph\":[{\"@type\":\"WebPage\",\"@id\":\"https:\/\/www.kasafik.cz\/web\/cs\/vraceni-zbozi\/\",\"url\":\"https:\/\/www.kasafik.cz\/web\/cs\/vraceni-zbozi\/\",\"name\":\"Vr\u00e1cen\u00ed zbo\u017e\u00ed - KASA FIK\",\"isPartOf\":{\"@id\":\"https:\/\/www.kasafik.cz\/web\/#website\"},\"datePublished\":\"2020-01-17T08:29:31+00:00\",\"dateModified\":\"2024-01-25T09:46:46+00:00\",\"breadcrumb\":{\"@id\":\"https:\/\/www.kasafik.cz\/web\/cs\/vraceni-zbozi\/#breadcrumb\"},\"inLanguage\":\"cs\",\"potentialAction\":[{\"@type\":\"ReadAction\",\"target\":[\"https:\/\/www.kasafik.cz\/web\/cs\/vraceni-zbozi\/\"]}]},{\"@type\":\"BreadcrumbList\",\"@id\":\"https:\/\/www.kasafik.cz\/web\/cs\/vraceni-zbozi\/#breadcrumb\",\"itemListElement\":[{\"@type\":\"ListItem\",\"position\":1,\"name\":\"Home\",\"item\":\"https:\/\/origin.kasafik.cz\/web\/cs\/\"},{\"@type\":\"ListItem\",\"position\":2,\"name\":\"Vr\u00e1cen\u00ed zbo\u017e\u00ed\"}]},{\"@type\":\"WebSite\",\"@id\":\"https:\/\/www.kasafik.cz\/web\/#website\",\"url\":\"https:\/\/www.kasafik.cz\/web\/\",\"name\":\"KASA FIK\",\"description\":\"\",\"potentialAction\":[{\"@type\":\"SearchAction\",\"target\":{\"@type\":\"EntryPoint\",\"urlTemplate\":\"https:\/\/www.kasafik.cz\/web\/?s={search_term_string}\"},\"query-input\":{\"@type\":\"PropertyValueSpecification\",\"valueRequired\":true,\"valueName\":\"search_term_string\"}}],\"inLanguage\":\"cs\"}]}<\/script>\n<!-- \/ Yoast SEO plugin. -->","yoast_head_json":{"title":"Vr\u00e1cen\u00ed zbo\u017e\u00ed - KASA FIK","robots":{"index":"index","follow":"follow","max-snippet":"max-snippet:-1","max-image-preview":"max-image-preview:large","max-video-preview":"max-video-preview:-1"},"canonical":"https:\/\/www.kasafik.cz\/web\/cs\/vraceni-zbozi\/","og_locale":"cs_CZ","og_type":"article","og_title":"Vr\u00e1cen\u00ed zbo\u017e\u00ed - KASA FIK","og_description":"Zp\u011btn\u00e1 z\u00e1silka a jednoduch\u00e1 reklamace V KASA FAIK n\u00e1m z\u00e1le\u017e\u00ed na spokojenosti na\u0161ich z\u00e1kazn\u00edk\u016f. Proto pokladny a za\u0159\u00edzen\u00ed nab\u00edz\u00edme s nadstandarn\u00edmi slu\u017ebami a to v\u010detn\u011b zas\u00edl\u00e1ln\u00ed zdarma v p\u0159\u00edpad\u011b probl\u00e9m\u016f. Na v\u0161echny prod\u00e1van\u00e9 produktu standardn\u011b nab\u00edz\u00edme 2 roky z\u00e1ruku, 14 dn\u00ed na vr\u00e1cen\u00ed pen\u011bz. V z\u00e1ru\u010dn\u00ed dob\u011b&nbsp;\u0159e\u0161\u00edme servis okam\u017eitou v\u00fdm\u011bnou za nov\u00fd kus. S KASA [&hellip;]","og_url":"https:\/\/www.kasafik.cz\/web\/cs\/vraceni-zbozi\/","og_site_name":"KASA FIK","article_modified_time":"2024-01-25T09:46:46+00:00","twitter_card":"summary_large_image","twitter_misc":{"Odhadovan\u00e1 doba \u010dten\u00ed":"2 minuty"},"schema":{"@context":"https:\/\/schema.org","@graph":[{"@type":"WebPage","@id":"https:\/\/www.kasafik.cz\/web\/cs\/vraceni-zbozi\/","url":"https:\/\/www.kasafik.cz\/web\/cs\/vraceni-zbozi\/","name":"Vr\u00e1cen\u00ed zbo\u017e\u00ed - KASA FIK","isPartOf":{"@id":"https:\/\/www.kasafik.cz\/web\/#website"},"datePublished":"2020-01-17T08:29:31+00:00","dateModified":"2024-01-25T09:46:46+00:00","breadcrumb":{"@id":"https:\/\/www.kasafik.cz\/web\/cs\/vraceni-zbozi\/#breadcrumb"},"inLanguage":"cs","potentialAction":[{"@type":"ReadAction","target":["https:\/\/www.kasafik.cz\/web\/cs\/vraceni-zbozi\/"]}]},{"@type":"BreadcrumbList","@id":"https:\/\/www.kasafik.cz\/web\/cs\/vraceni-zbozi\/#breadcrumb","itemListElement":[{"@type":"ListItem","position":1,"name":"Home","item":"https:\/\/origin.kasafik.cz\/web\/cs\/"},{"@type":"ListItem","position":2,"name":"Vr\u00e1cen\u00ed zbo\u017e\u00ed"}]},{"@type":"WebSite","@id":"https:\/\/www.kasafik.cz\/web\/#website","url":"https:\/\/www.kasafik.cz\/web\/","name":"KASA FIK","description":"","potentialAction":[{"@type":"SearchAction","target":{"@type":"EntryPoint","urlTemplate":"https:\/\/www.kasafik.cz\/web\/?s={search_term_string}"},"query-input":{"@type":"PropertyValueSpecification","valueRequired":true,"valueName":"search_term_string"}}],"inLanguage":"cs"}]}},"jetpack_sharing_enabled":true,"_links":{"self":[{"href":"https:\/\/www.kasafik.cz\/web\/wp-json\/wp\/v2\/pages\/10256","targetHints":{"allow":["GET"]}}],"collection":[{"href":"https:\/\/www.kasafik.cz\/web\/wp-json\/wp\/v2\/pages"}],"about":[{"href":"https:\/\/www.kasafik.cz\/web\/wp-json\/wp\/v2\/types\/page"}],"author":[{"embeddable":true,"href":"https:\/\/www.kasafik.cz\/web\/wp-json\/wp\/v2\/users\/1"}],"replies":[{"embeddable":true,"href":"https:\/\/www.kasafik.cz\/web\/wp-json\/wp\/v2\/comments?post=10256"}],"version-history":[{"count":15,"href":"https:\/\/www.kasafik.cz\/web\/wp-json\/wp\/v2\/pages\/10256\/revisions"}],"predecessor-version":[{"id":15596,"href":"https:\/\/www.kasafik.cz\/web\/wp-json\/wp\/v2\/pages\/10256\/revisions\/15596"}],"wp:attachment":[{"href":"https:\/\/www.kasafik.cz\/web\/wp-json\/wp\/v2\/media?parent=10256"}],"curies":[{"name":"wp","href":"https:\/\/api.w.org\/{rel}","templated":true}]}}